{"id":35821,"date":"2025-06-14T13:44:07","date_gmt":"2025-06-14T09:44:07","guid":{"rendered":"https:\/\/airsystems.ge\/shop\/product\/bj-steam-generator\/"},"modified":"2025-06-14T13:48:55","modified_gmt":"2025-06-14T09:48:55","slug":"bj-steam-generator","status":"publish","type":"product","link":"https:\/\/geoclimate.ge\/az\/product\/bj-steam-generator\/","title":{"rendered":"BJ &#8211; Buxar generatoru"},"content":{"rendered":"<p>T\u0259tbiq Sah\u0259l\u0259ri<\/p>\n<p>Buxar generatorlar\u0131m\u0131z ehtiyaca uy\u011fun tutum variantlar\u0131 il\u0259 s\u0259naye ehtiyaclar\u0131 \u00fc\u00e7\u00fcn \u0259n uy\u011fun h\u0259lli t\u0259klif edir. Y\u00fcks\u0259k s\u0259m\u0259r\u0259liliyi, a\u015fa\u011f\u0131 yanacaq s\u0259rfiyyat\u0131 v\u0259 s\u00fcr\u0259tli buxar istehsal x\u00fcsusiyy\u0259tl\u0259ri il\u0259 TSE EN 12953-3 v\u0259 CE s\u0259n\u0259dl\u0259ri il\u0259 beyn\u0259lxalq keyfiyy\u0259t standartlar\u0131na uy\u011fun olaraq m\u00fc\u0259ssis\u0259l\u0259rin enerji s\u0259m\u0259r\u0259liliyini art\u0131r\u0131r. Bu, m\u00fc\u0259ssis\u0259l\u0259rin enerji x\u0259rcl\u0259rini azald\u0131r v\u0259 eyni zamanda ekoloji c\u0259h\u0259td\u0259n t\u0259miz bir h\u0259ll t\u0259klif edir. \u00dcst\u00fcn texnologiya v\u0259 keyfiyy\u0259tli istehsal il\u0259 t\u0259hl\u00fck\u0259siz, s\u0259m\u0259r\u0259li istifad\u0259ni t\u0259min edir.<\/p>\n<p>Bizim buxar generatorlar\u0131m\u0131z m\u00fcxt\u0259lif s\u0259naye sah\u0259l\u0259rin\u0259 m\u00fcraci\u0259t ed\u0259n h\u0259ll\u0259r t\u0259klif edir.<\/p>\n<p>\u2022 Qida v\u0259 i\u00e7ki istehsal\u0131<br \/>\n\u2022 Kimya v\u0259 \u018fcza\u00e7\u0131l\u0131q S\u0259nayesi<br \/>\n\u2022 Tekstil Sektoru<br \/>\n\u2022 Avtoklav v\u0259 Sterilizasiya<br \/>\n\u2022 Neft-kimya v\u0259 neft emal\u0131 zavodlar\u0131<br \/>\n\u2022 Cama\u015f\u0131rxana v\u0259 Quru T\u0259mizl\u0259m\u0259<br \/>\n\u2022 Turizm v\u0259 Otel\u00e7ilik<\/p>\n","protected":false},"excerpt":{"rendered":"<p>BJ Buxar Generatorlar\u0131 &#8211; Maye v\u0259 Qaz Yanacaq &#8211; 3 Ke\u00e7idli Horizontal Tip<\/p>\n<p>Mechanical Systems s\u0259naye sektoruna y\u00fcks\u0259k s\u0259m\u0259r\u0259lilik v\u0259 etibarl\u0131l\u0131q t\u0259min ed\u0259n buxar generatorlar\u0131 istehsal edir. Qabaqc\u0131l m\u00fch\u0259ndislik h\u0259ll\u0259rimiz v\u0259 keyfiyy\u0259tli istehsal yana\u015fmam\u0131zla m\u00fcxt\u0259lif \u00f6l\u00e7\u00fcl\u00fc m\u00fc\u0259ssis\u0259l\u0259r \u00fc\u00e7\u00fcn uy\u011fun uzunm\u00fcdd\u0259tli v\u0259 effektiv buxar h\u0259ll\u0259ri t\u0259klif edirik.<\/p>\n<p>T\u0259hl\u00fck\u0259sizlik v\u0259 S\u00fcr\u0259t \u00fc\u00e7\u00fcn Do\u011fru Se\u00e7im<br \/>\n250 kq\/saatdan 3000 kq\/saata q\u0259d\u0259r<br \/>\n3-12 bar i\u015fl\u0259m\u0259 t\u0259zyiqi<br \/>\nYa\u015f arxa dizayn<br \/>\n90%-\u0259 q\u0259d\u0259r istilik s\u0259m\u0259r\u0259liliyi (iqtisad\u00e7\u0131 t\u0259tbiql\u0259rind\u0259 95%-\u0259 q\u0259d\u0259r)<br \/>\n\u018ftraf m\u00fchit\u0259 uy\u011fun dizayn<br \/>\nErqonomik dizayn<br \/>\nUzunm\u00fcdd\u0259tli v\u0259 asan t\u0259mir<br \/>\nQabaqc\u0131l T\u0259hl\u00fck\u0259sizlik X\u00fcsusiyy\u0259tl\u0259ri<\/p>\n","protected":false},"featured_media":35810,"template":"","meta":[],"product_brand":[],"product_cat":[1756,1737],"product_tag":[],"class_list":{"0":"post-35821","1":"product","2":"type-product","3":"status-publish","4":"has-post-thumbnail","6":"product_cat-buxar-qazanlari-qazan","7":"product_cat-snaye-buxar-qazani-qazanlar","9":"first","10":"instock","11":"shipping-taxable","12":"product-type-simple"},"yoast_head":"<!-- This site is optimized with the Yoast SEO plugin v27.1.1 - https:\/\/yoast.com\/product\/yoast-seo-wordpress\/ -->\n<title>BJ - Buxar generatoru - GeoClimate.ge<\/title>\n<meta name=\"robots\" content=\"index, follow, max-snippet:-1, max-image-preview:large, max-video-preview:-1\" \/>\n<link rel=\"canonical\" href=\"https:\/\/geoclimate.ge\/az\/product\/bj-steam-generator\/\" \/>\n<meta property=\"og:locale\" content=\"az_AZ\" \/>\n<meta property=\"og:type\" content=\"article\" \/>\n<meta property=\"og:title\" content=\"BJ - Buxar generatoru - GeoClimate.ge\" \/>\n<meta property=\"og:description\" content=\"BJ Buxar Generatorlar\u0131 - Maye v\u0259 Qaz Yanacaq - 3 Ke\u00e7idli Horizontal Tip  Mechanical Systems s\u0259naye sektoruna y\u00fcks\u0259k s\u0259m\u0259r\u0259lilik v\u0259 etibarl\u0131l\u0131q t\u0259min ed\u0259n buxar generatorlar\u0131 istehsal edir. Qabaqc\u0131l m\u00fch\u0259ndislik h\u0259ll\u0259rimiz v\u0259 keyfiyy\u0259tli istehsal yana\u015fmam\u0131zla m\u00fcxt\u0259lif \u00f6l\u00e7\u00fcl\u00fc m\u00fc\u0259ssis\u0259l\u0259r \u00fc\u00e7\u00fcn uy\u011fun uzunm\u00fcdd\u0259tli v\u0259 effektiv buxar h\u0259ll\u0259ri t\u0259klif edirik.  T\u0259hl\u00fck\u0259sizlik v\u0259 S\u00fcr\u0259t \u00fc\u00e7\u00fcn Do\u011fru Se\u00e7im 250 kq\/saatdan 3000 kq\/saata q\u0259d\u0259r 3-12 bar i\u015fl\u0259m\u0259 t\u0259zyiqi Ya\u015f arxa dizayn 90%-\u0259 q\u0259d\u0259r istilik s\u0259m\u0259r\u0259liliyi (iqtisad\u00e7\u0131 t\u0259tbiql\u0259rind\u0259 95%-\u0259 q\u0259d\u0259r) \u018ftraf m\u00fchit\u0259 uy\u011fun dizayn Erqonomik dizayn Uzunm\u00fcdd\u0259tli v\u0259 asan t\u0259mir Qabaqc\u0131l T\u0259hl\u00fck\u0259sizlik X\u00fcsusiyy\u0259tl\u0259ri\" \/>\n<meta property=\"og:url\" content=\"https:\/\/geoclimate.ge\/az\/product\/bj-steam-generator\/\" \/>\n<meta property=\"og:site_name\" content=\"GeoClimate.ge\" \/>\n<meta property=\"article:modified_time\" content=\"2025-06-14T09:48:55+00:00\" \/>\n<meta property=\"og:image\" content=\"https:\/\/geoclimate.ge\/wp-content\/uploads\/2025\/06\/buhar-kazani442.png\" \/>\n\t<meta property=\"og:image:width\" content=\"800\" \/>\n\t<meta property=\"og:image:height\" content=\"800\" \/>\n\t<meta property=\"og:image:type\" content=\"image\/png\" \/>\n<meta name=\"twitter:card\" content=\"summary_large_image\" \/>\n<meta name=\"twitter:label1\" content=\"Est. reading time\" \/>\n\t<meta name=\"twitter:data1\" content=\"1 minute\" \/>\n<script type=\"application\/ld+json\" class=\"yoast-schema-graph\">{\"@context\":\"https:\/\/schema.org\",\"@graph\":[{\"@type\":\"WebPage\",\"@id\":\"https:\/\/geoclimate.ge\/az\/product\/bj-steam-generator\/\",\"url\":\"https:\/\/geoclimate.ge\/az\/product\/bj-steam-generator\/\",\"name\":\"BJ - Buxar generatoru - GeoClimate.ge\",\"isPartOf\":{\"@id\":\"https:\/\/geoclimate.ge\/#website\"},\"primaryImageOfPage\":{\"@id\":\"https:\/\/geoclimate.ge\/az\/product\/bj-steam-generator\/#primaryimage\"},\"image\":{\"@id\":\"https:\/\/geoclimate.ge\/az\/product\/bj-steam-generator\/#primaryimage\"},\"thumbnailUrl\":\"https:\/\/geoclimate.ge\/wp-content\/uploads\/2025\/06\/buhar-kazani442.png\",\"datePublished\":\"2025-06-14T09:44:07+00:00\",\"dateModified\":\"2025-06-14T09:48:55+00:00\",\"breadcrumb\":{\"@id\":\"https:\/\/geoclimate.ge\/az\/product\/bj-steam-generator\/#breadcrumb\"},\"inLanguage\":\"az\",\"potentialAction\":[{\"@type\":\"ReadAction\",\"target\":[\"https:\/\/geoclimate.ge\/az\/product\/bj-steam-generator\/\"]}]},{\"@type\":\"ImageObject\",\"inLanguage\":\"az\",\"@id\":\"https:\/\/geoclimate.ge\/az\/product\/bj-steam-generator\/#primaryimage\",\"url\":\"https:\/\/geoclimate.ge\/wp-content\/uploads\/2025\/06\/buhar-kazani442.png\",\"contentUrl\":\"https:\/\/geoclimate.ge\/wp-content\/uploads\/2025\/06\/buhar-kazani442.png\",\"width\":800,\"height\":800},{\"@type\":\"BreadcrumbList\",\"@id\":\"https:\/\/geoclimate.ge\/az\/product\/bj-steam-generator\/#breadcrumb\",\"itemListElement\":[{\"@type\":\"ListItem\",\"position\":1,\"name\":\"Home\",\"item\":\"https:\/\/geoclimate.ge\/az\/\"},{\"@type\":\"ListItem\",\"position\":2,\"name\":\"M\u0259hsullar\",\"item\":\"https:\/\/geoclimate.ge\/az\/products\/\"},{\"@type\":\"ListItem\",\"position\":3,\"name\":\"BJ &#8211; Buxar generatoru\"}]},{\"@type\":\"WebSite\",\"@id\":\"https:\/\/geoclimate.ge\/#website\",\"url\":\"https:\/\/geoclimate.ge\/\",\"name\":\"GeoClimate\",\"description\":\"\",\"publisher\":{\"@id\":\"https:\/\/geoclimate.ge\/#organization\"},\"potentialAction\":[{\"@type\":\"SearchAction\",\"target\":{\"@type\":\"EntryPoint\",\"urlTemplate\":\"https:\/\/geoclimate.ge\/?s={search_term_string}\"},\"query-input\":{\"@type\":\"PropertyValueSpecification\",\"valueRequired\":true,\"valueName\":\"search_term_string\"}}],\"inLanguage\":\"az\"},{\"@type\":\"Organization\",\"@id\":\"https:\/\/geoclimate.ge\/#organization\",\"name\":\"GeoClimate\",\"url\":\"https:\/\/geoclimate.ge\/\",\"logo\":{\"@type\":\"ImageObject\",\"inLanguage\":\"az\",\"@id\":\"https:\/\/geoclimate.ge\/#\/schema\/logo\/image\/\",\"url\":\"https:\/\/geoclimate.ge\/wp-content\/uploads\/2026\/03\/geoclimate-SEO.png\",\"contentUrl\":\"https:\/\/geoclimate.ge\/wp-content\/uploads\/2026\/03\/geoclimate-SEO.png\",\"width\":1536,\"height\":1024,\"caption\":\"GeoClimate\"},\"image\":{\"@id\":\"https:\/\/geoclimate.ge\/#\/schema\/logo\/image\/\"}}]}<\/script>\n<!-- \/ Yoast SEO plugin. -->","yoast_head_json":{"title":"BJ - Buxar generatoru - GeoClimate.ge","robots":{"index":"index","follow":"follow","max-snippet":"max-snippet:-1","max-image-preview":"max-image-preview:large","max-video-preview":"max-video-preview:-1"},"canonical":"https:\/\/geoclimate.ge\/az\/product\/bj-steam-generator\/","og_locale":"az_AZ","og_type":"article","og_title":"BJ - Buxar generatoru - GeoClimate.ge","og_description":"BJ Buxar Generatorlar\u0131 - Maye v\u0259 Qaz Yanacaq - 3 Ke\u00e7idli Horizontal Tip  Mechanical Systems s\u0259naye sektoruna y\u00fcks\u0259k s\u0259m\u0259r\u0259lilik v\u0259 etibarl\u0131l\u0131q t\u0259min ed\u0259n buxar generatorlar\u0131 istehsal edir. Qabaqc\u0131l m\u00fch\u0259ndislik h\u0259ll\u0259rimiz v\u0259 keyfiyy\u0259tli istehsal yana\u015fmam\u0131zla m\u00fcxt\u0259lif \u00f6l\u00e7\u00fcl\u00fc m\u00fc\u0259ssis\u0259l\u0259r \u00fc\u00e7\u00fcn uy\u011fun uzunm\u00fcdd\u0259tli v\u0259 effektiv buxar h\u0259ll\u0259ri t\u0259klif edirik.  T\u0259hl\u00fck\u0259sizlik v\u0259 S\u00fcr\u0259t \u00fc\u00e7\u00fcn Do\u011fru Se\u00e7im 250 kq\/saatdan 3000 kq\/saata q\u0259d\u0259r 3-12 bar i\u015fl\u0259m\u0259 t\u0259zyiqi Ya\u015f arxa dizayn 90%-\u0259 q\u0259d\u0259r istilik s\u0259m\u0259r\u0259liliyi (iqtisad\u00e7\u0131 t\u0259tbiql\u0259rind\u0259 95%-\u0259 q\u0259d\u0259r) \u018ftraf m\u00fchit\u0259 uy\u011fun dizayn Erqonomik dizayn Uzunm\u00fcdd\u0259tli v\u0259 asan t\u0259mir Qabaqc\u0131l T\u0259hl\u00fck\u0259sizlik X\u00fcsusiyy\u0259tl\u0259ri","og_url":"https:\/\/geoclimate.ge\/az\/product\/bj-steam-generator\/","og_site_name":"GeoClimate.ge","article_modified_time":"2025-06-14T09:48:55+00:00","og_image":[{"width":800,"height":800,"url":"https:\/\/geoclimate.ge\/wp-content\/uploads\/2025\/06\/buhar-kazani442.png","type":"image\/png"}],"twitter_card":"summary_large_image","twitter_misc":{"Est. reading time":"1 minute"},"schema":{"@context":"https:\/\/schema.org","@graph":[{"@type":"WebPage","@id":"https:\/\/geoclimate.ge\/az\/product\/bj-steam-generator\/","url":"https:\/\/geoclimate.ge\/az\/product\/bj-steam-generator\/","name":"BJ - Buxar generatoru - GeoClimate.ge","isPartOf":{"@id":"https:\/\/geoclimate.ge\/#website"},"primaryImageOfPage":{"@id":"https:\/\/geoclimate.ge\/az\/product\/bj-steam-generator\/#primaryimage"},"image":{"@id":"https:\/\/geoclimate.ge\/az\/product\/bj-steam-generator\/#primaryimage"},"thumbnailUrl":"https:\/\/geoclimate.ge\/wp-content\/uploads\/2025\/06\/buhar-kazani442.png","datePublished":"2025-06-14T09:44:07+00:00","dateModified":"2025-06-14T09:48:55+00:00","breadcrumb":{"@id":"https:\/\/geoclimate.ge\/az\/product\/bj-steam-generator\/#breadcrumb"},"inLanguage":"az","potentialAction":[{"@type":"ReadAction","target":["https:\/\/geoclimate.ge\/az\/product\/bj-steam-generator\/"]}]},{"@type":"ImageObject","inLanguage":"az","@id":"https:\/\/geoclimate.ge\/az\/product\/bj-steam-generator\/#primaryimage","url":"https:\/\/geoclimate.ge\/wp-content\/uploads\/2025\/06\/buhar-kazani442.png","contentUrl":"https:\/\/geoclimate.ge\/wp-content\/uploads\/2025\/06\/buhar-kazani442.png","width":800,"height":800},{"@type":"BreadcrumbList","@id":"https:\/\/geoclimate.ge\/az\/product\/bj-steam-generator\/#breadcrumb","itemListElement":[{"@type":"ListItem","position":1,"name":"Home","item":"https:\/\/geoclimate.ge\/az\/"},{"@type":"ListItem","position":2,"name":"M\u0259hsullar","item":"https:\/\/geoclimate.ge\/az\/products\/"},{"@type":"ListItem","position":3,"name":"BJ &#8211; Buxar generatoru"}]},{"@type":"WebSite","@id":"https:\/\/geoclimate.ge\/#website","url":"https:\/\/geoclimate.ge\/","name":"GeoClimate","description":"","publisher":{"@id":"https:\/\/geoclimate.ge\/#organization"},"potentialAction":[{"@type":"SearchAction","target":{"@type":"EntryPoint","urlTemplate":"https:\/\/geoclimate.ge\/?s={search_term_string}"},"query-input":{"@type":"PropertyValueSpecification","valueRequired":true,"valueName":"search_term_string"}}],"inLanguage":"az"},{"@type":"Organization","@id":"https:\/\/geoclimate.ge\/#organization","name":"GeoClimate","url":"https:\/\/geoclimate.ge\/","logo":{"@type":"ImageObject","inLanguage":"az","@id":"https:\/\/geoclimate.ge\/#\/schema\/logo\/image\/","url":"https:\/\/geoclimate.ge\/wp-content\/uploads\/2026\/03\/geoclimate-SEO.png","contentUrl":"https:\/\/geoclimate.ge\/wp-content\/uploads\/2026\/03\/geoclimate-SEO.png","width":1536,"height":1024,"caption":"GeoClimate"},"image":{"@id":"https:\/\/geoclimate.ge\/#\/schema\/logo\/image\/"}}]}},"_links":{"self":[{"href":"https:\/\/geoclimate.ge\/az\/wp-json\/wp\/v2\/product\/35821","targetHints":{"allow":["GET"]}}],"collection":[{"href":"https:\/\/geoclimate.ge\/az\/wp-json\/wp\/v2\/product"}],"about":[{"href":"https:\/\/geoclimate.ge\/az\/wp-json\/wp\/v2\/types\/product"}],"wp:featuredmedia":[{"embeddable":true,"href":"https:\/\/geoclimate.ge\/az\/wp-json\/wp\/v2\/media\/35810"}],"wp:attachment":[{"href":"https:\/\/geoclimate.ge\/az\/wp-json\/wp\/v2\/media?parent=35821"}],"wp:term":[{"taxonomy":"product_brand","embeddable":true,"href":"https:\/\/geoclimate.ge\/az\/wp-json\/wp\/v2\/product_brand?post=35821"},{"taxonomy":"product_cat","embeddable":true,"href":"https:\/\/geoclimate.ge\/az\/wp-json\/wp\/v2\/product_cat?post=35821"},{"taxonomy":"product_tag","embeddable":true,"href":"https:\/\/geoclimate.ge\/az\/wp-json\/wp\/v2\/product_tag?post=35821"}],"curies":[{"name":"wp","href":"https:\/\/api.w.org\/{rel}","templated":true}]}}