{"id":35892,"date":"2025-06-14T14:26:19","date_gmt":"2025-06-14T10:26:19","guid":{"rendered":"https:\/\/airsystems.ge\/shop\/product\/pbj-package-steam-generators-liquid-and-gas-fueled-3-pass\/"},"modified":"2025-06-14T14:29:30","modified_gmt":"2025-06-14T10:29:30","slug":"pbj-package-steam-generators-liquid-and-gas-fueled-3-pass","status":"publish","type":"product","link":"https:\/\/geoclimate.ge\/az\/product\/pbj-package-steam-generators-liquid-and-gas-fueled-3-pass\/","title":{"rendered":"PBJ \u2013 Paket Buxar Generatorlar\u0131 \u2013 Maye v\u0259 Qaz Yanacaql\u0131 \u2013 3 Ke\u00e7id"},"content":{"rendered":"<p>Paketli buxar generatorlar\u0131m\u0131z m\u00fc\u0259ssis\u0259l\u0259rin enerji x\u0259rcl\u0259rini azald\u0131r, eyni zamanda PLC il\u0259 idar\u0259 olunan komanda sistemi, su t\u0259mizl\u0259m\u0259 sistemi, kondensat \u00e7\u0259ni v\u0259 qura\u015fd\u0131r\u0131lm\u0131\u015f qida suyu nasosu il\u0259 \u00e7atd\u0131r\u0131laraq qura\u015fd\u0131rma v\u0259 istifad\u0259 asanl\u0131\u011f\u0131n\u0131 t\u0259min edir. TSE EN 12953-3 v\u0259 CE s\u0259n\u0259dl\u0259ri il\u0259 beyn\u0259lxalq keyfiyy\u0259t standartlar\u0131na uy\u011fundur.<\/p>\n<p>Qida v\u0259 i\u00e7ki istehsal\u0131<br \/>\nKimya v\u0259 \u0259cza\u00e7\u0131l\u0131q s\u0259nayesi<br \/>\nTekstil sektoru<br \/>\nAvtoklav v\u0259 Sterilizasiya<br \/>\nNeft-kimya v\u0259 neft emal\u0131 zavodlar\u0131<br \/>\nCama\u015f\u0131rxana v\u0259 Quru T\u0259mizl\u0259m\u0259<br \/>\nTurizm v\u0259 Otel\u00e7ilik<\/p>\n","protected":false},"excerpt":{"rendered":"<p>Mekanik Sisteml\u0259ri s\u0259naye sektoruna y\u00fcks\u0259k s\u0259m\u0259r\u0259lilik v\u0259 etibarl\u0131l\u0131q t\u0259min ed\u0259n paketli buxar generatorlar\u0131 istehsal edir. Qabaqc\u0131l m\u00fch\u0259ndislik h\u0259ll\u0259rimiz v\u0259 keyfiyy\u0259tli istehsal yana\u015fmam\u0131zla m\u00fcxt\u0259lif \u00f6l\u00e7\u00fcl\u00fc m\u00fc\u0259ssis\u0259l\u0259r \u00fc\u00e7\u00fcn uy\u011fun uzunm\u00fcdd\u0259tli v\u0259 effektiv buxar h\u0259ll\u0259ri t\u0259klif edirik.<\/p>\n<p>T\u0259hl\u00fck\u0259sizlik v\u0259 S\u00fcr\u0259t \u00fc\u00e7\u00fcn Do\u011fru Se\u00e7im<br \/>\n250 kq\/saatdan 3000 kq\/saata q\u0259d\u0259r<br \/>\n3-10 bar i\u015fl\u0259m\u0259 t\u0259zyiqi<br \/>\nYa\u015f arxa dizayn<br \/>\n90%-\u0259 q\u0259d\u0259r istilik s\u0259m\u0259r\u0259liliyi (iqtisad\u00e7\u0131 t\u0259tbiql\u0259rind\u0259 95%-\u0259 q\u0259d\u0259r)<br \/>\nEkoloji c\u0259h\u0259td\u0259n t\u0259miz dizayn,<br \/>\nErqonomik dizayn<br \/>\nUzunm\u00fcdd\u0259tli v\u0259 asan t\u0259mir<br \/>\nPaketli buxar generatorlar\u0131m\u0131z m\u00fc\u0259ssis\u0259l\u0259rin enerji x\u0259rcl\u0259rini azald\u0131r, eyni zamanda PLC il\u0259 idar\u0259 olunan idar\u0259etm\u0259 sistemi, su t\u0259mizl\u0259m\u0259 sistemi, kondensat \u00e7\u0259ni v\u0259 qura\u015fd\u0131r\u0131lm\u0131\u015f qida suyu nasosu il\u0259 g\u00f6nd\u0259ril\u0259r\u0259k qura\u015fd\u0131rma v\u0259 istifad\u0259 rahatl\u0131\u011f\u0131n\u0131 t\u0259min edir. TSE EN 12953-3 v\u0259 CE sertifikatlar\u0131 il\u0259 beyn\u0259lxalq keyfiyy\u0259t standartlar\u0131na uy\u011fundur.<\/p>\n","protected":false},"featured_media":35863,"template":"","meta":[],"product_brand":[],"product_cat":[1751,1737],"product_tag":[],"class_list":{"0":"post-35892","1":"product","2":"type-product","3":"status-publish","4":"has-post-thumbnail","6":"product_cat-paketli-buxar-sistemlri-qazan","7":"product_cat-snaye-buxar-qazani-qazanlar","9":"first","10":"instock","11":"shipping-taxable","12":"product-type-simple"},"yoast_head":"<!-- This site is optimized with the Yoast SEO plugin v27.1.1 - https:\/\/yoast.com\/product\/yoast-seo-wordpress\/ -->\n<title>PBJ \u2013 Paket Buxar Generatorlar\u0131 \u2013 Maye v\u0259 Qaz Yanacaql\u0131 \u2013 3 Ke\u00e7id - GeoClimate.ge<\/title>\n<meta name=\"robots\" content=\"index, follow, max-snippet:-1, max-image-preview:large, max-video-preview:-1\" \/>\n<link rel=\"canonical\" href=\"https:\/\/geoclimate.ge\/az\/product\/pbj-package-steam-generators-liquid-and-gas-fueled-3-pass\/\" \/>\n<meta property=\"og:locale\" content=\"az_AZ\" \/>\n<meta property=\"og:type\" content=\"article\" \/>\n<meta property=\"og:title\" content=\"PBJ \u2013 Paket Buxar Generatorlar\u0131 \u2013 Maye v\u0259 Qaz Yanacaql\u0131 \u2013 3 Ke\u00e7id - GeoClimate.ge\" \/>\n<meta property=\"og:description\" content=\"Mekanik Sisteml\u0259ri s\u0259naye sektoruna y\u00fcks\u0259k s\u0259m\u0259r\u0259lilik v\u0259 etibarl\u0131l\u0131q t\u0259min ed\u0259n paketli buxar generatorlar\u0131 istehsal edir. Qabaqc\u0131l m\u00fch\u0259ndislik h\u0259ll\u0259rimiz v\u0259 keyfiyy\u0259tli istehsal yana\u015fmam\u0131zla m\u00fcxt\u0259lif \u00f6l\u00e7\u00fcl\u00fc m\u00fc\u0259ssis\u0259l\u0259r \u00fc\u00e7\u00fcn uy\u011fun uzunm\u00fcdd\u0259tli v\u0259 effektiv buxar h\u0259ll\u0259ri t\u0259klif edirik.  T\u0259hl\u00fck\u0259sizlik v\u0259 S\u00fcr\u0259t \u00fc\u00e7\u00fcn Do\u011fru Se\u00e7im 250 kq\/saatdan 3000 kq\/saata q\u0259d\u0259r 3-10 bar i\u015fl\u0259m\u0259 t\u0259zyiqi Ya\u015f arxa dizayn 90%-\u0259 q\u0259d\u0259r istilik s\u0259m\u0259r\u0259liliyi (iqtisad\u00e7\u0131 t\u0259tbiql\u0259rind\u0259 95%-\u0259 q\u0259d\u0259r) Ekoloji c\u0259h\u0259td\u0259n t\u0259miz dizayn, Erqonomik dizayn Uzunm\u00fcdd\u0259tli v\u0259 asan t\u0259mir Paketli buxar generatorlar\u0131m\u0131z m\u00fc\u0259ssis\u0259l\u0259rin enerji x\u0259rcl\u0259rini azald\u0131r, eyni zamanda PLC il\u0259 idar\u0259 olunan idar\u0259etm\u0259 sistemi, su t\u0259mizl\u0259m\u0259 sistemi, kondensat \u00e7\u0259ni v\u0259 qura\u015fd\u0131r\u0131lm\u0131\u015f qida suyu nasosu il\u0259 g\u00f6nd\u0259ril\u0259r\u0259k qura\u015fd\u0131rma v\u0259 istifad\u0259 rahatl\u0131\u011f\u0131n\u0131 t\u0259min edir. TSE EN 12953-3 v\u0259 CE sertifikatlar\u0131 il\u0259 beyn\u0259lxalq keyfiyy\u0259t standartlar\u0131na uy\u011fundur.\" \/>\n<meta property=\"og:url\" content=\"https:\/\/geoclimate.ge\/az\/product\/pbj-package-steam-generators-liquid-and-gas-fueled-3-pass\/\" \/>\n<meta property=\"og:site_name\" content=\"GeoClimate.ge\" \/>\n<meta property=\"article:modified_time\" content=\"2025-06-14T10:29:30+00:00\" \/>\n<meta property=\"og:image\" content=\"https:\/\/geoclimate.ge\/wp-content\/uploads\/2025\/06\/pbj-paket-buhar-jenarator-202411201723412110.png\" \/>\n\t<meta property=\"og:image:width\" content=\"800\" \/>\n\t<meta property=\"og:image:height\" content=\"867\" \/>\n\t<meta property=\"og:image:type\" content=\"image\/png\" \/>\n<meta name=\"twitter:card\" content=\"summary_large_image\" \/>\n<meta name=\"twitter:label1\" content=\"Est. reading time\" \/>\n\t<meta name=\"twitter:data1\" content=\"1 minute\" \/>\n<script type=\"application\/ld+json\" class=\"yoast-schema-graph\">{\"@context\":\"https:\/\/schema.org\",\"@graph\":[{\"@type\":\"WebPage\",\"@id\":\"https:\/\/geoclimate.ge\/az\/product\/pbj-package-steam-generators-liquid-and-gas-fueled-3-pass\/\",\"url\":\"https:\/\/geoclimate.ge\/az\/product\/pbj-package-steam-generators-liquid-and-gas-fueled-3-pass\/\",\"name\":\"PBJ \u2013 Paket Buxar Generatorlar\u0131 \u2013 Maye v\u0259 Qaz Yanacaql\u0131 \u2013 3 Ke\u00e7id - GeoClimate.ge\",\"isPartOf\":{\"@id\":\"https:\/\/geoclimate.ge\/#website\"},\"primaryImageOfPage\":{\"@id\":\"https:\/\/geoclimate.ge\/az\/product\/pbj-package-steam-generators-liquid-and-gas-fueled-3-pass\/#primaryimage\"},\"image\":{\"@id\":\"https:\/\/geoclimate.ge\/az\/product\/pbj-package-steam-generators-liquid-and-gas-fueled-3-pass\/#primaryimage\"},\"thumbnailUrl\":\"https:\/\/geoclimate.ge\/wp-content\/uploads\/2025\/06\/pbj-paket-buhar-jenarator-202411201723412110.png\",\"datePublished\":\"2025-06-14T10:26:19+00:00\",\"dateModified\":\"2025-06-14T10:29:30+00:00\",\"breadcrumb\":{\"@id\":\"https:\/\/geoclimate.ge\/az\/product\/pbj-package-steam-generators-liquid-and-gas-fueled-3-pass\/#breadcrumb\"},\"inLanguage\":\"az\",\"potentialAction\":[{\"@type\":\"ReadAction\",\"target\":[\"https:\/\/geoclimate.ge\/az\/product\/pbj-package-steam-generators-liquid-and-gas-fueled-3-pass\/\"]}]},{\"@type\":\"ImageObject\",\"inLanguage\":\"az\",\"@id\":\"https:\/\/geoclimate.ge\/az\/product\/pbj-package-steam-generators-liquid-and-gas-fueled-3-pass\/#primaryimage\",\"url\":\"https:\/\/geoclimate.ge\/wp-content\/uploads\/2025\/06\/pbj-paket-buhar-jenarator-202411201723412110.png\",\"contentUrl\":\"https:\/\/geoclimate.ge\/wp-content\/uploads\/2025\/06\/pbj-paket-buhar-jenarator-202411201723412110.png\",\"width\":800,\"height\":867},{\"@type\":\"BreadcrumbList\",\"@id\":\"https:\/\/geoclimate.ge\/az\/product\/pbj-package-steam-generators-liquid-and-gas-fueled-3-pass\/#breadcrumb\",\"itemListElement\":[{\"@type\":\"ListItem\",\"position\":1,\"name\":\"Home\",\"item\":\"https:\/\/geoclimate.ge\/az\/\"},{\"@type\":\"ListItem\",\"position\":2,\"name\":\"M\u0259hsullar\",\"item\":\"https:\/\/geoclimate.ge\/az\/products\/\"},{\"@type\":\"ListItem\",\"position\":3,\"name\":\"PBJ \u2013 Paket Buxar Generatorlar\u0131 \u2013 Maye v\u0259 Qaz Yanacaql\u0131 \u2013 3 Ke\u00e7id\"}]},{\"@type\":\"WebSite\",\"@id\":\"https:\/\/geoclimate.ge\/#website\",\"url\":\"https:\/\/geoclimate.ge\/\",\"name\":\"GeoClimate\",\"description\":\"\",\"publisher\":{\"@id\":\"https:\/\/geoclimate.ge\/#organization\"},\"potentialAction\":[{\"@type\":\"SearchAction\",\"target\":{\"@type\":\"EntryPoint\",\"urlTemplate\":\"https:\/\/geoclimate.ge\/?s={search_term_string}\"},\"query-input\":{\"@type\":\"PropertyValueSpecification\",\"valueRequired\":true,\"valueName\":\"search_term_string\"}}],\"inLanguage\":\"az\"},{\"@type\":\"Organization\",\"@id\":\"https:\/\/geoclimate.ge\/#organization\",\"name\":\"GeoClimate\",\"url\":\"https:\/\/geoclimate.ge\/\",\"logo\":{\"@type\":\"ImageObject\",\"inLanguage\":\"az\",\"@id\":\"https:\/\/geoclimate.ge\/#\/schema\/logo\/image\/\",\"url\":\"https:\/\/geoclimate.ge\/wp-content\/uploads\/2026\/03\/geoclimate-SEO.png\",\"contentUrl\":\"https:\/\/geoclimate.ge\/wp-content\/uploads\/2026\/03\/geoclimate-SEO.png\",\"width\":1536,\"height\":1024,\"caption\":\"GeoClimate\"},\"image\":{\"@id\":\"https:\/\/geoclimate.ge\/#\/schema\/logo\/image\/\"}}]}<\/script>\n<!-- \/ Yoast SEO plugin. -->","yoast_head_json":{"title":"PBJ \u2013 Paket Buxar Generatorlar\u0131 \u2013 Maye v\u0259 Qaz Yanacaql\u0131 \u2013 3 Ke\u00e7id - GeoClimate.ge","robots":{"index":"index","follow":"follow","max-snippet":"max-snippet:-1","max-image-preview":"max-image-preview:large","max-video-preview":"max-video-preview:-1"},"canonical":"https:\/\/geoclimate.ge\/az\/product\/pbj-package-steam-generators-liquid-and-gas-fueled-3-pass\/","og_locale":"az_AZ","og_type":"article","og_title":"PBJ \u2013 Paket Buxar Generatorlar\u0131 \u2013 Maye v\u0259 Qaz Yanacaql\u0131 \u2013 3 Ke\u00e7id - GeoClimate.ge","og_description":"Mekanik Sisteml\u0259ri s\u0259naye sektoruna y\u00fcks\u0259k s\u0259m\u0259r\u0259lilik v\u0259 etibarl\u0131l\u0131q t\u0259min ed\u0259n paketli buxar generatorlar\u0131 istehsal edir. Qabaqc\u0131l m\u00fch\u0259ndislik h\u0259ll\u0259rimiz v\u0259 keyfiyy\u0259tli istehsal yana\u015fmam\u0131zla m\u00fcxt\u0259lif \u00f6l\u00e7\u00fcl\u00fc m\u00fc\u0259ssis\u0259l\u0259r \u00fc\u00e7\u00fcn uy\u011fun uzunm\u00fcdd\u0259tli v\u0259 effektiv buxar h\u0259ll\u0259ri t\u0259klif edirik.  T\u0259hl\u00fck\u0259sizlik v\u0259 S\u00fcr\u0259t \u00fc\u00e7\u00fcn Do\u011fru Se\u00e7im 250 kq\/saatdan 3000 kq\/saata q\u0259d\u0259r 3-10 bar i\u015fl\u0259m\u0259 t\u0259zyiqi Ya\u015f arxa dizayn 90%-\u0259 q\u0259d\u0259r istilik s\u0259m\u0259r\u0259liliyi (iqtisad\u00e7\u0131 t\u0259tbiql\u0259rind\u0259 95%-\u0259 q\u0259d\u0259r) Ekoloji c\u0259h\u0259td\u0259n t\u0259miz dizayn, Erqonomik dizayn Uzunm\u00fcdd\u0259tli v\u0259 asan t\u0259mir Paketli buxar generatorlar\u0131m\u0131z m\u00fc\u0259ssis\u0259l\u0259rin enerji x\u0259rcl\u0259rini azald\u0131r, eyni zamanda PLC il\u0259 idar\u0259 olunan idar\u0259etm\u0259 sistemi, su t\u0259mizl\u0259m\u0259 sistemi, kondensat \u00e7\u0259ni v\u0259 qura\u015fd\u0131r\u0131lm\u0131\u015f qida suyu nasosu il\u0259 g\u00f6nd\u0259ril\u0259r\u0259k qura\u015fd\u0131rma v\u0259 istifad\u0259 rahatl\u0131\u011f\u0131n\u0131 t\u0259min edir. TSE EN 12953-3 v\u0259 CE sertifikatlar\u0131 il\u0259 beyn\u0259lxalq keyfiyy\u0259t standartlar\u0131na uy\u011fundur.","og_url":"https:\/\/geoclimate.ge\/az\/product\/pbj-package-steam-generators-liquid-and-gas-fueled-3-pass\/","og_site_name":"GeoClimate.ge","article_modified_time":"2025-06-14T10:29:30+00:00","og_image":[{"width":800,"height":867,"url":"https:\/\/geoclimate.ge\/wp-content\/uploads\/2025\/06\/pbj-paket-buhar-jenarator-202411201723412110.png","type":"image\/png"}],"twitter_card":"summary_large_image","twitter_misc":{"Est. reading time":"1 minute"},"schema":{"@context":"https:\/\/schema.org","@graph":[{"@type":"WebPage","@id":"https:\/\/geoclimate.ge\/az\/product\/pbj-package-steam-generators-liquid-and-gas-fueled-3-pass\/","url":"https:\/\/geoclimate.ge\/az\/product\/pbj-package-steam-generators-liquid-and-gas-fueled-3-pass\/","name":"PBJ \u2013 Paket Buxar Generatorlar\u0131 \u2013 Maye v\u0259 Qaz Yanacaql\u0131 \u2013 3 Ke\u00e7id - GeoClimate.ge","isPartOf":{"@id":"https:\/\/geoclimate.ge\/#website"},"primaryImageOfPage":{"@id":"https:\/\/geoclimate.ge\/az\/product\/pbj-package-steam-generators-liquid-and-gas-fueled-3-pass\/#primaryimage"},"image":{"@id":"https:\/\/geoclimate.ge\/az\/product\/pbj-package-steam-generators-liquid-and-gas-fueled-3-pass\/#primaryimage"},"thumbnailUrl":"https:\/\/geoclimate.ge\/wp-content\/uploads\/2025\/06\/pbj-paket-buhar-jenarator-202411201723412110.png","datePublished":"2025-06-14T10:26:19+00:00","dateModified":"2025-06-14T10:29:30+00:00","breadcrumb":{"@id":"https:\/\/geoclimate.ge\/az\/product\/pbj-package-steam-generators-liquid-and-gas-fueled-3-pass\/#breadcrumb"},"inLanguage":"az","potentialAction":[{"@type":"ReadAction","target":["https:\/\/geoclimate.ge\/az\/product\/pbj-package-steam-generators-liquid-and-gas-fueled-3-pass\/"]}]},{"@type":"ImageObject","inLanguage":"az","@id":"https:\/\/geoclimate.ge\/az\/product\/pbj-package-steam-generators-liquid-and-gas-fueled-3-pass\/#primaryimage","url":"https:\/\/geoclimate.ge\/wp-content\/uploads\/2025\/06\/pbj-paket-buhar-jenarator-202411201723412110.png","contentUrl":"https:\/\/geoclimate.ge\/wp-content\/uploads\/2025\/06\/pbj-paket-buhar-jenarator-202411201723412110.png","width":800,"height":867},{"@type":"BreadcrumbList","@id":"https:\/\/geoclimate.ge\/az\/product\/pbj-package-steam-generators-liquid-and-gas-fueled-3-pass\/#breadcrumb","itemListElement":[{"@type":"ListItem","position":1,"name":"Home","item":"https:\/\/geoclimate.ge\/az\/"},{"@type":"ListItem","position":2,"name":"M\u0259hsullar","item":"https:\/\/geoclimate.ge\/az\/products\/"},{"@type":"ListItem","position":3,"name":"PBJ \u2013 Paket Buxar Generatorlar\u0131 \u2013 Maye v\u0259 Qaz Yanacaql\u0131 \u2013 3 Ke\u00e7id"}]},{"@type":"WebSite","@id":"https:\/\/geoclimate.ge\/#website","url":"https:\/\/geoclimate.ge\/","name":"GeoClimate","description":"","publisher":{"@id":"https:\/\/geoclimate.ge\/#organization"},"potentialAction":[{"@type":"SearchAction","target":{"@type":"EntryPoint","urlTemplate":"https:\/\/geoclimate.ge\/?s={search_term_string}"},"query-input":{"@type":"PropertyValueSpecification","valueRequired":true,"valueName":"search_term_string"}}],"inLanguage":"az"},{"@type":"Organization","@id":"https:\/\/geoclimate.ge\/#organization","name":"GeoClimate","url":"https:\/\/geoclimate.ge\/","logo":{"@type":"ImageObject","inLanguage":"az","@id":"https:\/\/geoclimate.ge\/#\/schema\/logo\/image\/","url":"https:\/\/geoclimate.ge\/wp-content\/uploads\/2026\/03\/geoclimate-SEO.png","contentUrl":"https:\/\/geoclimate.ge\/wp-content\/uploads\/2026\/03\/geoclimate-SEO.png","width":1536,"height":1024,"caption":"GeoClimate"},"image":{"@id":"https:\/\/geoclimate.ge\/#\/schema\/logo\/image\/"}}]}},"_links":{"self":[{"href":"https:\/\/geoclimate.ge\/az\/wp-json\/wp\/v2\/product\/35892","targetHints":{"allow":["GET"]}}],"collection":[{"href":"https:\/\/geoclimate.ge\/az\/wp-json\/wp\/v2\/product"}],"about":[{"href":"https:\/\/geoclimate.ge\/az\/wp-json\/wp\/v2\/types\/product"}],"wp:featuredmedia":[{"embeddable":true,"href":"https:\/\/geoclimate.ge\/az\/wp-json\/wp\/v2\/media\/35863"}],"wp:attachment":[{"href":"https:\/\/geoclimate.ge\/az\/wp-json\/wp\/v2\/media?parent=35892"}],"wp:term":[{"taxonomy":"product_brand","embeddable":true,"href":"https:\/\/geoclimate.ge\/az\/wp-json\/wp\/v2\/product_brand?post=35892"},{"taxonomy":"product_cat","embeddable":true,"href":"https:\/\/geoclimate.ge\/az\/wp-json\/wp\/v2\/product_cat?post=35892"},{"taxonomy":"product_tag","embeddable":true,"href":"https:\/\/geoclimate.ge\/az\/wp-json\/wp\/v2\/product_tag?post=35892"}],"curies":[{"name":"wp","href":"https:\/\/api.w.org\/{rel}","templated":true}]}}