{"id":35955,"date":"2025-06-14T14:49:33","date_gmt":"2025-06-14T10:49:33","guid":{"rendered":"https:\/\/airsystems.ge\/shop\/product\/essk-electric-hot-water-boiler\/"},"modified":"2025-06-14T14:52:53","modified_gmt":"2025-06-14T10:52:53","slug":"essk-electric-hot-water-boiler","status":"publish","type":"product","link":"https:\/\/geoclimate.ge\/az\/product\/essk-electric-hot-water-boiler\/","title":{"rendered":"ESSK &#8211; Elektrikli \u0130sti Su Qazan\u0131"},"content":{"rendered":"<p>Giri\u015f<br \/>\nElektrikli isti su qazanlar\u0131m\u0131z b\u00fct\u00fcn y\u00fckl\u0259rd\u0259 t\u0259xmin\u0259n 95%-99% s\u0259m\u0259r\u0259lilikl\u0259 i\u015fl\u0259yir v\u0259 d\u0259yi\u015f\u0259n y\u00fckl\u0259r qazan\u0131n s\u0259m\u0259r\u0259liliyin\u0259 t\u0259sir etmir. \u0130st\u0259nil\u0259n t\u0259zyiq v\u0259 temperatura \u00e7atmaq \u00fc\u00e7\u00fcn q\u0131zd\u0131r\u0131c\u0131 elementl\u0259r t\u0259dric\u0259n idar\u0259etm\u0259 sistemi il\u0259 i\u015f\u0259 sal\u0131n\u0131r v\u0259 s\u00f6nd\u00fcr\u00fcl\u00fcr. Qazandak\u0131 b\u00fct\u00fcn q\u0131zd\u0131r\u0131c\u0131 elementl\u0259r bir-birind\u0259n as\u0131l\u0131 olmayaraq, he\u00e7 bir qaynaq v\u0259 ya lehiml\u0259m\u0259 olmadan d\u0259yi\u015fdiril\u0259 bil\u0259r. Q\u0131zd\u0131r\u0131c\u0131 elementl\u0259rin uzun \u00f6m\u00fcrl\u00fc olmas\u0131 \u00fc\u00e7\u00fcn yer\u00fcst\u00fc istilik y\u00fckl\u0259ri minimuma endirilir.<\/p>\n<p>M\u00fck\u0259mm\u0259l qazan dizayn\u0131 su d\u00f6vran\u0131n\u0131n istilik elementl\u0259ri \u0259traf\u0131nda \u0259n uy\u011fun \u015f\u0259kild\u0259 ba\u015f verm\u0259si v\u0259 istilik \u00f6t\u00fcr\u00fclm\u0259sinin maksimum olmas\u0131 \u00fc\u00e7\u00fcn n\u0259z\u0259rd\u0259 tutulmu\u015fdur. Su s\u00fcr\u0259tl\u0259ri minimum t\u0259zyiq itkil\u0259rin\u0259 s\u0259b\u0259b olmaq \u00fc\u00e7\u00fcn se\u00e7ilir v\u0259 giri\u015f v\u0259 \u00e7\u0131x\u0131\u015f portlar\u0131 optimal ax\u0131n \u015f\u0259raitini t\u0259min ed\u0259c\u0259k diametrd\u0259 v\u0259 m\u00f6vqed\u0259 yerl\u0259\u015fdirilir. Y\u00fcks\u0259k tutumlu CPU v\u0259 7\u201d sensor ekran istifad\u0259si prosesin unikal monitorinqini v\u0259 istifad\u0259 rahatl\u0131\u011f\u0131n\u0131 t\u0259min edir.<br \/>\nDizaynda istifad\u0259 edil\u0259n 15 kVt m\u00fcqavim\u0259tl\u0259rl\u0259 qazan tutumu ist\u0259nil\u0259n g\u00fcc\u0259 uy\u011funla\u015fd\u0131r\u0131la bil\u0259r v\u0259 istifad\u0259si ist\u0259nil\u0259n g\u00fcc\u00fc t\u0259min ed\u0259 bil\u0259r.<\/p>\n<p>T\u0259tbiq Sah\u0259l\u0259ri<br \/>\nDaxili v\u0259 S\u0259naye sah\u0259l\u0259ri<br \/>\nAvtoklav<br \/>\nTekstil, Cama\u015f\u0131rxana, Quru t\u0259mizl\u0259m\u0259<br \/>\nOtel, X\u0259st\u0259xana \u0130ctimai yerl\u0259r.<br \/>\n\u0130stilik v\u0259 \u0130sti su<br \/>\nTurizm sektoru<br \/>\nMEKS\u0130S ESSK seriyal\u0131 qazanlarla GES v\u0259 RES kimi investisiyalar\u0131n\u0131z\u0131 qiym\u0259tl\u0259ndirin. Elektrik \u015f\u0259b\u0259k\u0259sind\u0259 b\u0259rpa olunan enerjinin pay\u0131 artd\u0131\u011f\u0131ndan, x\u00fcsusil\u0259 k\u00fcl\u0259k v\u0259 g\u00fcn\u0259\u015f enerjisind\u0259n \u0259ld\u0259 edil\u0259n elektrik bu \u015f\u0259kild\u0259 qiym\u0259tl\u0259ndiril\u0259 bil\u0259r. \u0130STEHSAL ETD\u0130Y\u0130N\u0130Z ARTIQ ELEKTR\u0130K ENERJ\u0130S\u0130ND\u018fN \u0130QT\u0130SAD\u0130 \u0130ST\u0130FAD\u018fD\u018fN FAYDA OLUN<\/p>\n","protected":false},"excerpt":{"rendered":"<p>Elektrikli isti su qazan\u0131<\/p>\n<p>43 ild\u0259n art\u0131q t\u0259cr\u00fcb\u0259y\u0259 malik, 60 kVt-dan 900 kVt-a q\u0259d\u0259r olan, x\u00fcsusi korpuslu v\u0259 x\u00fcsusi m\u00fcqavim\u0259t dizaynl\u0131, elektrik buxar qazanlar\u0131 istilik ehtiyaclar\u0131n\u0131z\u0131 \u00f6d\u0259yir. Modul, kaskad v\u0259 erqonomik dizayn\u0131 il\u0259 yer q\u0259na\u0259t ed\u0259rk\u0259n b\u00f6y\u00fck tutum ehtiyaclar\u0131n\u0131z\u0131 \u00f6d\u0259yir.<\/p>\n<p>Performansdan \u00f6d\u00fcn verm\u0259d\u0259n, yer\u0259 q\u0259na\u0259t.<br \/>\nT\u0259miz \u0259traf m\u00fchit, uzun \u00f6m\u00fcr.<br \/>\nYanma reaksiyalar\u0131 olmadan enerji \u0259ld\u0259 etm\u0259k \u00fc\u00e7\u00fcn obyektl\u0259rinizd\u0259 istifad\u0259 ed\u0259 bil\u0259c\u0259yiniz ekoloji c\u0259h\u0259td\u0259n t\u0259miz m\u0259hsul.<\/p>\n<p>T\u0259k korpusda 60-900 kVt istilik g\u00fcc\u00fc<br \/>\n3-6 bar i\u015fl\u0259m\u0259 t\u0259zyiqi<br \/>\nA\u015fa\u011f\u0131 \u0259m\u0259liyyat x\u0259rcl\u0259ri<br \/>\nQuru v\u0259 doymu\u015f buxar se\u00e7imi.<br \/>\n99% s\u0259m\u0259r\u0259lilik<br \/>\nT\u0259dric\u0259n aktivl\u0259\u015fdirm\u0259 x\u00fcsusiyy\u0259ti<\/p>\n","protected":false},"featured_media":35926,"template":"","meta":[],"product_brand":[],"product_cat":[1766,1737],"product_tag":[],"class_list":{"0":"post-35955","1":"product","2":"type-product","3":"status-publish","4":"has-post-thumbnail","6":"product_cat-elektrik-sistemlri","7":"product_cat-snaye-buxar-qazani-qazanlar","9":"first","10":"instock","11":"shipping-taxable","12":"product-type-simple"},"yoast_head":"<!-- This site is optimized with the Yoast SEO plugin v27.1.1 - https:\/\/yoast.com\/product\/yoast-seo-wordpress\/ -->\n<title>ESSK - Elektrikli \u0130sti Su Qazan\u0131 - GeoClimate.ge<\/title>\n<meta name=\"robots\" content=\"index, follow, max-snippet:-1, max-image-preview:large, max-video-preview:-1\" \/>\n<link rel=\"canonical\" href=\"https:\/\/geoclimate.ge\/az\/product\/essk-electric-hot-water-boiler\/\" \/>\n<meta property=\"og:locale\" content=\"az_AZ\" \/>\n<meta property=\"og:type\" content=\"article\" \/>\n<meta property=\"og:title\" content=\"ESSK - Elektrikli \u0130sti Su Qazan\u0131 - GeoClimate.ge\" \/>\n<meta property=\"og:description\" content=\"Elektrikli isti su qazan\u0131  43 ild\u0259n art\u0131q t\u0259cr\u00fcb\u0259y\u0259 malik, 60 kVt-dan 900 kVt-a q\u0259d\u0259r olan, x\u00fcsusi korpuslu v\u0259 x\u00fcsusi m\u00fcqavim\u0259t dizaynl\u0131, elektrik buxar qazanlar\u0131 istilik ehtiyaclar\u0131n\u0131z\u0131 \u00f6d\u0259yir. Modul, kaskad v\u0259 erqonomik dizayn\u0131 il\u0259 yer q\u0259na\u0259t ed\u0259rk\u0259n b\u00f6y\u00fck tutum ehtiyaclar\u0131n\u0131z\u0131 \u00f6d\u0259yir.  Performansdan \u00f6d\u00fcn verm\u0259d\u0259n, yer\u0259 q\u0259na\u0259t. T\u0259miz \u0259traf m\u00fchit, uzun \u00f6m\u00fcr. Yanma reaksiyalar\u0131 olmadan enerji \u0259ld\u0259 etm\u0259k \u00fc\u00e7\u00fcn obyektl\u0259rinizd\u0259 istifad\u0259 ed\u0259 bil\u0259c\u0259yiniz ekoloji c\u0259h\u0259td\u0259n t\u0259miz m\u0259hsul.  T\u0259k korpusda 60-900 kVt istilik g\u00fcc\u00fc 3-6 bar i\u015fl\u0259m\u0259 t\u0259zyiqi A\u015fa\u011f\u0131 \u0259m\u0259liyyat x\u0259rcl\u0259ri Quru v\u0259 doymu\u015f buxar se\u00e7imi. 99% s\u0259m\u0259r\u0259lilik T\u0259dric\u0259n aktivl\u0259\u015fdirm\u0259 x\u00fcsusiyy\u0259ti\" \/>\n<meta property=\"og:url\" content=\"https:\/\/geoclimate.ge\/az\/product\/essk-electric-hot-water-boiler\/\" \/>\n<meta property=\"og:site_name\" content=\"GeoClimate.ge\" \/>\n<meta property=\"article:modified_time\" content=\"2025-06-14T10:52:53+00:00\" \/>\n<meta property=\"og:image\" content=\"https:\/\/geoclimate.ge\/wp-content\/uploads\/2025\/06\/6rupx7ww7814.jpg\" \/>\n\t<meta property=\"og:image:width\" content=\"800\" \/>\n\t<meta property=\"og:image:height\" content=\"600\" \/>\n\t<meta property=\"og:image:type\" content=\"image\/jpeg\" \/>\n<meta name=\"twitter:card\" content=\"summary_large_image\" \/>\n<meta name=\"twitter:label1\" content=\"Est. reading time\" \/>\n\t<meta name=\"twitter:data1\" content=\"2 minutes\" \/>\n<script type=\"application\/ld+json\" class=\"yoast-schema-graph\">{\"@context\":\"https:\/\/schema.org\",\"@graph\":[{\"@type\":\"WebPage\",\"@id\":\"https:\/\/geoclimate.ge\/az\/product\/essk-electric-hot-water-boiler\/\",\"url\":\"https:\/\/geoclimate.ge\/az\/product\/essk-electric-hot-water-boiler\/\",\"name\":\"ESSK - Elektrikli \u0130sti Su Qazan\u0131 - GeoClimate.ge\",\"isPartOf\":{\"@id\":\"https:\/\/geoclimate.ge\/#website\"},\"primaryImageOfPage\":{\"@id\":\"https:\/\/geoclimate.ge\/az\/product\/essk-electric-hot-water-boiler\/#primaryimage\"},\"image\":{\"@id\":\"https:\/\/geoclimate.ge\/az\/product\/essk-electric-hot-water-boiler\/#primaryimage\"},\"thumbnailUrl\":\"https:\/\/geoclimate.ge\/wp-content\/uploads\/2025\/06\/6rupx7ww7814.jpg\",\"datePublished\":\"2025-06-14T10:49:33+00:00\",\"dateModified\":\"2025-06-14T10:52:53+00:00\",\"breadcrumb\":{\"@id\":\"https:\/\/geoclimate.ge\/az\/product\/essk-electric-hot-water-boiler\/#breadcrumb\"},\"inLanguage\":\"az\",\"potentialAction\":[{\"@type\":\"ReadAction\",\"target\":[\"https:\/\/geoclimate.ge\/az\/product\/essk-electric-hot-water-boiler\/\"]}]},{\"@type\":\"ImageObject\",\"inLanguage\":\"az\",\"@id\":\"https:\/\/geoclimate.ge\/az\/product\/essk-electric-hot-water-boiler\/#primaryimage\",\"url\":\"https:\/\/geoclimate.ge\/wp-content\/uploads\/2025\/06\/6rupx7ww7814.jpg\",\"contentUrl\":\"https:\/\/geoclimate.ge\/wp-content\/uploads\/2025\/06\/6rupx7ww7814.jpg\",\"width\":800,\"height\":600},{\"@type\":\"BreadcrumbList\",\"@id\":\"https:\/\/geoclimate.ge\/az\/product\/essk-electric-hot-water-boiler\/#breadcrumb\",\"itemListElement\":[{\"@type\":\"ListItem\",\"position\":1,\"name\":\"Home\",\"item\":\"https:\/\/geoclimate.ge\/az\/\"},{\"@type\":\"ListItem\",\"position\":2,\"name\":\"M\u0259hsullar\",\"item\":\"https:\/\/geoclimate.ge\/az\/products\/\"},{\"@type\":\"ListItem\",\"position\":3,\"name\":\"ESSK &#8211; Elektrikli \u0130sti Su Qazan\u0131\"}]},{\"@type\":\"WebSite\",\"@id\":\"https:\/\/geoclimate.ge\/#website\",\"url\":\"https:\/\/geoclimate.ge\/\",\"name\":\"GeoClimate\",\"description\":\"\",\"publisher\":{\"@id\":\"https:\/\/geoclimate.ge\/#organization\"},\"potentialAction\":[{\"@type\":\"SearchAction\",\"target\":{\"@type\":\"EntryPoint\",\"urlTemplate\":\"https:\/\/geoclimate.ge\/?s={search_term_string}\"},\"query-input\":{\"@type\":\"PropertyValueSpecification\",\"valueRequired\":true,\"valueName\":\"search_term_string\"}}],\"inLanguage\":\"az\"},{\"@type\":\"Organization\",\"@id\":\"https:\/\/geoclimate.ge\/#organization\",\"name\":\"GeoClimate\",\"url\":\"https:\/\/geoclimate.ge\/\",\"logo\":{\"@type\":\"ImageObject\",\"inLanguage\":\"az\",\"@id\":\"https:\/\/geoclimate.ge\/#\/schema\/logo\/image\/\",\"url\":\"https:\/\/geoclimate.ge\/wp-content\/uploads\/2026\/03\/geoclimate-SEO.png\",\"contentUrl\":\"https:\/\/geoclimate.ge\/wp-content\/uploads\/2026\/03\/geoclimate-SEO.png\",\"width\":1536,\"height\":1024,\"caption\":\"GeoClimate\"},\"image\":{\"@id\":\"https:\/\/geoclimate.ge\/#\/schema\/logo\/image\/\"}}]}<\/script>\n<!-- \/ Yoast SEO plugin. -->","yoast_head_json":{"title":"ESSK - Elektrikli \u0130sti Su Qazan\u0131 - GeoClimate.ge","robots":{"index":"index","follow":"follow","max-snippet":"max-snippet:-1","max-image-preview":"max-image-preview:large","max-video-preview":"max-video-preview:-1"},"canonical":"https:\/\/geoclimate.ge\/az\/product\/essk-electric-hot-water-boiler\/","og_locale":"az_AZ","og_type":"article","og_title":"ESSK - Elektrikli \u0130sti Su Qazan\u0131 - GeoClimate.ge","og_description":"Elektrikli isti su qazan\u0131  43 ild\u0259n art\u0131q t\u0259cr\u00fcb\u0259y\u0259 malik, 60 kVt-dan 900 kVt-a q\u0259d\u0259r olan, x\u00fcsusi korpuslu v\u0259 x\u00fcsusi m\u00fcqavim\u0259t dizaynl\u0131, elektrik buxar qazanlar\u0131 istilik ehtiyaclar\u0131n\u0131z\u0131 \u00f6d\u0259yir. Modul, kaskad v\u0259 erqonomik dizayn\u0131 il\u0259 yer q\u0259na\u0259t ed\u0259rk\u0259n b\u00f6y\u00fck tutum ehtiyaclar\u0131n\u0131z\u0131 \u00f6d\u0259yir.  Performansdan \u00f6d\u00fcn verm\u0259d\u0259n, yer\u0259 q\u0259na\u0259t. T\u0259miz \u0259traf m\u00fchit, uzun \u00f6m\u00fcr. Yanma reaksiyalar\u0131 olmadan enerji \u0259ld\u0259 etm\u0259k \u00fc\u00e7\u00fcn obyektl\u0259rinizd\u0259 istifad\u0259 ed\u0259 bil\u0259c\u0259yiniz ekoloji c\u0259h\u0259td\u0259n t\u0259miz m\u0259hsul.  T\u0259k korpusda 60-900 kVt istilik g\u00fcc\u00fc 3-6 bar i\u015fl\u0259m\u0259 t\u0259zyiqi A\u015fa\u011f\u0131 \u0259m\u0259liyyat x\u0259rcl\u0259ri Quru v\u0259 doymu\u015f buxar se\u00e7imi. 99% s\u0259m\u0259r\u0259lilik T\u0259dric\u0259n aktivl\u0259\u015fdirm\u0259 x\u00fcsusiyy\u0259ti","og_url":"https:\/\/geoclimate.ge\/az\/product\/essk-electric-hot-water-boiler\/","og_site_name":"GeoClimate.ge","article_modified_time":"2025-06-14T10:52:53+00:00","og_image":[{"width":800,"height":600,"url":"https:\/\/geoclimate.ge\/wp-content\/uploads\/2025\/06\/6rupx7ww7814.jpg","type":"image\/jpeg"}],"twitter_card":"summary_large_image","twitter_misc":{"Est. reading time":"2 minutes"},"schema":{"@context":"https:\/\/schema.org","@graph":[{"@type":"WebPage","@id":"https:\/\/geoclimate.ge\/az\/product\/essk-electric-hot-water-boiler\/","url":"https:\/\/geoclimate.ge\/az\/product\/essk-electric-hot-water-boiler\/","name":"ESSK - Elektrikli \u0130sti Su Qazan\u0131 - GeoClimate.ge","isPartOf":{"@id":"https:\/\/geoclimate.ge\/#website"},"primaryImageOfPage":{"@id":"https:\/\/geoclimate.ge\/az\/product\/essk-electric-hot-water-boiler\/#primaryimage"},"image":{"@id":"https:\/\/geoclimate.ge\/az\/product\/essk-electric-hot-water-boiler\/#primaryimage"},"thumbnailUrl":"https:\/\/geoclimate.ge\/wp-content\/uploads\/2025\/06\/6rupx7ww7814.jpg","datePublished":"2025-06-14T10:49:33+00:00","dateModified":"2025-06-14T10:52:53+00:00","breadcrumb":{"@id":"https:\/\/geoclimate.ge\/az\/product\/essk-electric-hot-water-boiler\/#breadcrumb"},"inLanguage":"az","potentialAction":[{"@type":"ReadAction","target":["https:\/\/geoclimate.ge\/az\/product\/essk-electric-hot-water-boiler\/"]}]},{"@type":"ImageObject","inLanguage":"az","@id":"https:\/\/geoclimate.ge\/az\/product\/essk-electric-hot-water-boiler\/#primaryimage","url":"https:\/\/geoclimate.ge\/wp-content\/uploads\/2025\/06\/6rupx7ww7814.jpg","contentUrl":"https:\/\/geoclimate.ge\/wp-content\/uploads\/2025\/06\/6rupx7ww7814.jpg","width":800,"height":600},{"@type":"BreadcrumbList","@id":"https:\/\/geoclimate.ge\/az\/product\/essk-electric-hot-water-boiler\/#breadcrumb","itemListElement":[{"@type":"ListItem","position":1,"name":"Home","item":"https:\/\/geoclimate.ge\/az\/"},{"@type":"ListItem","position":2,"name":"M\u0259hsullar","item":"https:\/\/geoclimate.ge\/az\/products\/"},{"@type":"ListItem","position":3,"name":"ESSK &#8211; Elektrikli \u0130sti Su Qazan\u0131"}]},{"@type":"WebSite","@id":"https:\/\/geoclimate.ge\/#website","url":"https:\/\/geoclimate.ge\/","name":"GeoClimate","description":"","publisher":{"@id":"https:\/\/geoclimate.ge\/#organization"},"potentialAction":[{"@type":"SearchAction","target":{"@type":"EntryPoint","urlTemplate":"https:\/\/geoclimate.ge\/?s={search_term_string}"},"query-input":{"@type":"PropertyValueSpecification","valueRequired":true,"valueName":"search_term_string"}}],"inLanguage":"az"},{"@type":"Organization","@id":"https:\/\/geoclimate.ge\/#organization","name":"GeoClimate","url":"https:\/\/geoclimate.ge\/","logo":{"@type":"ImageObject","inLanguage":"az","@id":"https:\/\/geoclimate.ge\/#\/schema\/logo\/image\/","url":"https:\/\/geoclimate.ge\/wp-content\/uploads\/2026\/03\/geoclimate-SEO.png","contentUrl":"https:\/\/geoclimate.ge\/wp-content\/uploads\/2026\/03\/geoclimate-SEO.png","width":1536,"height":1024,"caption":"GeoClimate"},"image":{"@id":"https:\/\/geoclimate.ge\/#\/schema\/logo\/image\/"}}]}},"_links":{"self":[{"href":"https:\/\/geoclimate.ge\/az\/wp-json\/wp\/v2\/product\/35955","targetHints":{"allow":["GET"]}}],"collection":[{"href":"https:\/\/geoclimate.ge\/az\/wp-json\/wp\/v2\/product"}],"about":[{"href":"https:\/\/geoclimate.ge\/az\/wp-json\/wp\/v2\/types\/product"}],"wp:featuredmedia":[{"embeddable":true,"href":"https:\/\/geoclimate.ge\/az\/wp-json\/wp\/v2\/media\/35926"}],"wp:attachment":[{"href":"https:\/\/geoclimate.ge\/az\/wp-json\/wp\/v2\/media?parent=35955"}],"wp:term":[{"taxonomy":"product_brand","embeddable":true,"href":"https:\/\/geoclimate.ge\/az\/wp-json\/wp\/v2\/product_brand?post=35955"},{"taxonomy":"product_cat","embeddable":true,"href":"https:\/\/geoclimate.ge\/az\/wp-json\/wp\/v2\/product_cat?post=35955"},{"taxonomy":"product_tag","embeddable":true,"href":"https:\/\/geoclimate.ge\/az\/wp-json\/wp\/v2\/product_tag?post=35955"}],"curies":[{"name":"wp","href":"https:\/\/api.w.org\/{rel}","templated":true}]}}