{"id":36072,"date":"2025-06-14T15:10:56","date_gmt":"2025-06-14T11:10:56","guid":{"rendered":"https:\/\/airsystems.ge\/shop\/product\/kmss-containerized-mobile-hot-water-plant\/"},"modified":"2025-06-14T15:14:03","modified_gmt":"2025-06-14T11:14:03","slug":"kmss-containerized-mobile-hot-water-plant","status":"publish","type":"product","link":"https:\/\/geoclimate.ge\/az\/product\/kmss-containerized-mobile-hot-water-plant\/","title":{"rendered":"KMSS &#8211; Konteynerli Mobil \u0130sti Su Zavodu"},"content":{"rendered":"<p>T\u0259tbiq Sah\u0259l\u0259ri<\/p>\n<p>Konteynerli S\u0259yyar \u0130sti Su Zavodumuzla siz layih\u0259l\u0259rinizi tez, s\u0259m\u0259r\u0259li v\u0259 standartlara uy\u011fun h\u0259yata ke\u00e7ir\u0259 bil\u0259rsiniz. \u00c7evik dizayn se\u00e7iml\u0259rimiz v\u0259 h\u0259rt\u0259r\u0259fli d\u0259st\u0259k xidm\u0259tl\u0259rimizl\u0259 sektorda \u0259n yax\u015f\u0131 h\u0259lli t\u0259klif edirik. \u018ftrafl\u0131 m\u0259lumat almaq v\u0259 layih\u0259l\u0259riniz \u00fc\u00e7\u00fcn \u0259n uy\u011fun h\u0259lli tapmaq \u00fc\u00e7\u00fcn biziml\u0259 \u0259laq\u0259 saxlaya bil\u0259rsiniz<\/p>\n<p>K\u0259nd t\u0259s\u0259rr\u00fcfat\u0131 v\u0259 istixana<br \/>\nTikinti Layih\u0259l\u0259ri v\u0259 Tikinti Sah\u0259l\u0259ri<br \/>\nOtel v\u0259 Turizm Obyektl\u0259ri<br \/>\nCama\u015f\u0131rxana v\u0259 Quru T\u0259mizl\u0259m\u0259 Xidm\u0259tl\u0259ri<br \/>\nS\u0259naye T\u0259mizl\u0259m\u0259 v\u0259 Sterilizasiya<br \/>\nAvtoklav v\u0259 Sterilizasiya T\u0259tbiql\u0259ri<br \/>\nYaln\u0131z M\u00f6vs\u00fcmi Ehtiyaclar \u00dc\u00e7\u00fcn<br \/>\nT\u0259cili \u0130stilik v\u0259 \u0130sti Su Ehtiyaclar\u0131<br \/>\nH\u0259rbi v\u0259 d\u00fc\u015f\u0259rg\u0259 \u0259razil\u0259ri<br \/>\nSosial Obyektl\u0259r v\u0259 T\u0259dbir Sah\u0259l\u0259ri<br \/>\nNeft-kimya v\u0259 neft emal\u0131 zavodlar\u0131<\/p>\n","protected":false},"excerpt":{"rendered":"<p>KMSS &#8211; Konteynerli Mobil \u0130sti Su Zavodu<\/p>\n<p>Mexanik Sisteml\u0259rimiz olaraq sektorda 43 illik t\u0259cr\u00fcb\u0259mizl\u0259 konteynerli mobil isti su qur\u011fusu sisteml\u0259rinin istehsal\u0131nda apar\u0131c\u0131 rol oynay\u0131r\u0131q. M\u00fc\u015ft\u0259ril\u0259rimiz\u0259 t\u0259klif etdiyimiz m\u0259hsullar aras\u0131nda isti su qazan\u0131, akkumulyator \u00e7\u0259ni v\u0259 qazanxanaya laz\u0131m olan b\u00fct\u00fcn avadanl\u0131qlar konteyner\u0259 inteqrasiya olunub.<\/p>\n<p>Tikinti Sah\u0259l\u0259rind\u0259 v\u0259 Beton Zavodlar\u0131nda M\u00fck\u0259mm\u0259l H\u0259ll<br \/>\n6m-12m konteyner yerl\u0259\u015fdirilm\u0259si<br \/>\nDa\u015f\u0131ma v\u0259 qura\u015fd\u0131rma asanl\u0131\u011f\u0131<br \/>\nF\u0259rqli ehtiyaclar \u00fc\u00e7\u00fcn t\u0259k bir h\u0259ll<br \/>\nLayih\u0259 \u0259sasl\u0131 dizayn \u00e7evikliyi<br \/>\n\u018ftraf m\u00fchit\u0259 uy\u011fun dizayn<br \/>\nQabaqc\u0131l T\u0259hl\u00fck\u0259sizlik X\u00fcsusiyy\u0259tl\u0259ri<\/p>\n","protected":false},"featured_media":35989,"template":"","meta":[],"product_brand":[],"product_cat":[1747,1737],"product_tag":[],"class_list":{"0":"post-36072","1":"product","2":"type-product","3":"status-publish","4":"has-post-thumbnail","6":"product_cat-mobil-sistemlr-qazanlar","7":"product_cat-snaye-buxar-qazani-qazanlar","9":"first","10":"instock","11":"shipping-taxable","12":"product-type-simple"},"yoast_head":"<!-- This site is optimized with the Yoast SEO plugin v27.1.1 - https:\/\/yoast.com\/product\/yoast-seo-wordpress\/ -->\n<title>KMSS - Konteynerli Mobil \u0130sti Su Zavodu - GeoClimate.ge<\/title>\n<meta name=\"robots\" content=\"index, follow, max-snippet:-1, max-image-preview:large, max-video-preview:-1\" \/>\n<link rel=\"canonical\" href=\"https:\/\/geoclimate.ge\/az\/product\/kmss-containerized-mobile-hot-water-plant\/\" \/>\n<meta property=\"og:locale\" content=\"az_AZ\" \/>\n<meta property=\"og:type\" content=\"article\" \/>\n<meta property=\"og:title\" content=\"KMSS - Konteynerli Mobil \u0130sti Su Zavodu - GeoClimate.ge\" \/>\n<meta property=\"og:description\" content=\"KMSS - Konteynerli Mobil \u0130sti Su Zavodu  Mexanik Sisteml\u0259rimiz olaraq sektorda 43 illik t\u0259cr\u00fcb\u0259mizl\u0259 konteynerli mobil isti su qur\u011fusu sisteml\u0259rinin istehsal\u0131nda apar\u0131c\u0131 rol oynay\u0131r\u0131q. M\u00fc\u015ft\u0259ril\u0259rimiz\u0259 t\u0259klif etdiyimiz m\u0259hsullar aras\u0131nda isti su qazan\u0131, akkumulyator \u00e7\u0259ni v\u0259 qazanxanaya laz\u0131m olan b\u00fct\u00fcn avadanl\u0131qlar konteyner\u0259 inteqrasiya olunub.  Tikinti Sah\u0259l\u0259rind\u0259 v\u0259 Beton Zavodlar\u0131nda M\u00fck\u0259mm\u0259l H\u0259ll 6m-12m konteyner yerl\u0259\u015fdirilm\u0259si Da\u015f\u0131ma v\u0259 qura\u015fd\u0131rma asanl\u0131\u011f\u0131 F\u0259rqli ehtiyaclar \u00fc\u00e7\u00fcn t\u0259k bir h\u0259ll Layih\u0259 \u0259sasl\u0131 dizayn \u00e7evikliyi \u018ftraf m\u00fchit\u0259 uy\u011fun dizayn Qabaqc\u0131l T\u0259hl\u00fck\u0259sizlik X\u00fcsusiyy\u0259tl\u0259ri\" \/>\n<meta property=\"og:url\" content=\"https:\/\/geoclimate.ge\/az\/product\/kmss-containerized-mobile-hot-water-plant\/\" \/>\n<meta property=\"og:site_name\" content=\"GeoClimate.ge\" \/>\n<meta property=\"article:modified_time\" content=\"2025-06-14T11:14:03+00:00\" \/>\n<meta property=\"og:image\" content=\"https:\/\/geoclimate.ge\/wp-content\/uploads\/2025\/06\/80525s0m7782.jpg\" \/>\n\t<meta property=\"og:image:width\" content=\"800\" \/>\n\t<meta property=\"og:image:height\" content=\"600\" \/>\n\t<meta property=\"og:image:type\" content=\"image\/jpeg\" \/>\n<meta name=\"twitter:card\" content=\"summary_large_image\" \/>\n<meta name=\"twitter:label1\" content=\"Est. reading time\" \/>\n\t<meta name=\"twitter:data1\" content=\"1 minute\" \/>\n<script type=\"application\/ld+json\" class=\"yoast-schema-graph\">{\"@context\":\"https:\/\/schema.org\",\"@graph\":[{\"@type\":\"WebPage\",\"@id\":\"https:\/\/geoclimate.ge\/az\/product\/kmss-containerized-mobile-hot-water-plant\/\",\"url\":\"https:\/\/geoclimate.ge\/az\/product\/kmss-containerized-mobile-hot-water-plant\/\",\"name\":\"KMSS - Konteynerli Mobil \u0130sti Su Zavodu - GeoClimate.ge\",\"isPartOf\":{\"@id\":\"https:\/\/geoclimate.ge\/#website\"},\"primaryImageOfPage\":{\"@id\":\"https:\/\/geoclimate.ge\/az\/product\/kmss-containerized-mobile-hot-water-plant\/#primaryimage\"},\"image\":{\"@id\":\"https:\/\/geoclimate.ge\/az\/product\/kmss-containerized-mobile-hot-water-plant\/#primaryimage\"},\"thumbnailUrl\":\"https:\/\/geoclimate.ge\/wp-content\/uploads\/2025\/06\/80525s0m7782.jpg\",\"datePublished\":\"2025-06-14T11:10:56+00:00\",\"dateModified\":\"2025-06-14T11:14:03+00:00\",\"breadcrumb\":{\"@id\":\"https:\/\/geoclimate.ge\/az\/product\/kmss-containerized-mobile-hot-water-plant\/#breadcrumb\"},\"inLanguage\":\"az\",\"potentialAction\":[{\"@type\":\"ReadAction\",\"target\":[\"https:\/\/geoclimate.ge\/az\/product\/kmss-containerized-mobile-hot-water-plant\/\"]}]},{\"@type\":\"ImageObject\",\"inLanguage\":\"az\",\"@id\":\"https:\/\/geoclimate.ge\/az\/product\/kmss-containerized-mobile-hot-water-plant\/#primaryimage\",\"url\":\"https:\/\/geoclimate.ge\/wp-content\/uploads\/2025\/06\/80525s0m7782.jpg\",\"contentUrl\":\"https:\/\/geoclimate.ge\/wp-content\/uploads\/2025\/06\/80525s0m7782.jpg\",\"width\":800,\"height\":600},{\"@type\":\"BreadcrumbList\",\"@id\":\"https:\/\/geoclimate.ge\/az\/product\/kmss-containerized-mobile-hot-water-plant\/#breadcrumb\",\"itemListElement\":[{\"@type\":\"ListItem\",\"position\":1,\"name\":\"Home\",\"item\":\"https:\/\/geoclimate.ge\/az\/\"},{\"@type\":\"ListItem\",\"position\":2,\"name\":\"M\u0259hsullar\",\"item\":\"https:\/\/geoclimate.ge\/az\/products\/\"},{\"@type\":\"ListItem\",\"position\":3,\"name\":\"KMSS &#8211; Konteynerli Mobil \u0130sti Su Zavodu\"}]},{\"@type\":\"WebSite\",\"@id\":\"https:\/\/geoclimate.ge\/#website\",\"url\":\"https:\/\/geoclimate.ge\/\",\"name\":\"GeoClimate\",\"description\":\"\",\"publisher\":{\"@id\":\"https:\/\/geoclimate.ge\/#organization\"},\"potentialAction\":[{\"@type\":\"SearchAction\",\"target\":{\"@type\":\"EntryPoint\",\"urlTemplate\":\"https:\/\/geoclimate.ge\/?s={search_term_string}\"},\"query-input\":{\"@type\":\"PropertyValueSpecification\",\"valueRequired\":true,\"valueName\":\"search_term_string\"}}],\"inLanguage\":\"az\"},{\"@type\":\"Organization\",\"@id\":\"https:\/\/geoclimate.ge\/#organization\",\"name\":\"GeoClimate\",\"url\":\"https:\/\/geoclimate.ge\/\",\"logo\":{\"@type\":\"ImageObject\",\"inLanguage\":\"az\",\"@id\":\"https:\/\/geoclimate.ge\/#\/schema\/logo\/image\/\",\"url\":\"https:\/\/geoclimate.ge\/wp-content\/uploads\/2026\/03\/geoclimate-SEO.png\",\"contentUrl\":\"https:\/\/geoclimate.ge\/wp-content\/uploads\/2026\/03\/geoclimate-SEO.png\",\"width\":1536,\"height\":1024,\"caption\":\"GeoClimate\"},\"image\":{\"@id\":\"https:\/\/geoclimate.ge\/#\/schema\/logo\/image\/\"}}]}<\/script>\n<!-- \/ Yoast SEO plugin. -->","yoast_head_json":{"title":"KMSS - Konteynerli Mobil \u0130sti Su Zavodu - GeoClimate.ge","robots":{"index":"index","follow":"follow","max-snippet":"max-snippet:-1","max-image-preview":"max-image-preview:large","max-video-preview":"max-video-preview:-1"},"canonical":"https:\/\/geoclimate.ge\/az\/product\/kmss-containerized-mobile-hot-water-plant\/","og_locale":"az_AZ","og_type":"article","og_title":"KMSS - Konteynerli Mobil \u0130sti Su Zavodu - GeoClimate.ge","og_description":"KMSS - Konteynerli Mobil \u0130sti Su Zavodu  Mexanik Sisteml\u0259rimiz olaraq sektorda 43 illik t\u0259cr\u00fcb\u0259mizl\u0259 konteynerli mobil isti su qur\u011fusu sisteml\u0259rinin istehsal\u0131nda apar\u0131c\u0131 rol oynay\u0131r\u0131q. M\u00fc\u015ft\u0259ril\u0259rimiz\u0259 t\u0259klif etdiyimiz m\u0259hsullar aras\u0131nda isti su qazan\u0131, akkumulyator \u00e7\u0259ni v\u0259 qazanxanaya laz\u0131m olan b\u00fct\u00fcn avadanl\u0131qlar konteyner\u0259 inteqrasiya olunub.  Tikinti Sah\u0259l\u0259rind\u0259 v\u0259 Beton Zavodlar\u0131nda M\u00fck\u0259mm\u0259l H\u0259ll 6m-12m konteyner yerl\u0259\u015fdirilm\u0259si Da\u015f\u0131ma v\u0259 qura\u015fd\u0131rma asanl\u0131\u011f\u0131 F\u0259rqli ehtiyaclar \u00fc\u00e7\u00fcn t\u0259k bir h\u0259ll Layih\u0259 \u0259sasl\u0131 dizayn \u00e7evikliyi \u018ftraf m\u00fchit\u0259 uy\u011fun dizayn Qabaqc\u0131l T\u0259hl\u00fck\u0259sizlik X\u00fcsusiyy\u0259tl\u0259ri","og_url":"https:\/\/geoclimate.ge\/az\/product\/kmss-containerized-mobile-hot-water-plant\/","og_site_name":"GeoClimate.ge","article_modified_time":"2025-06-14T11:14:03+00:00","og_image":[{"width":800,"height":600,"url":"https:\/\/geoclimate.ge\/wp-content\/uploads\/2025\/06\/80525s0m7782.jpg","type":"image\/jpeg"}],"twitter_card":"summary_large_image","twitter_misc":{"Est. reading time":"1 minute"},"schema":{"@context":"https:\/\/schema.org","@graph":[{"@type":"WebPage","@id":"https:\/\/geoclimate.ge\/az\/product\/kmss-containerized-mobile-hot-water-plant\/","url":"https:\/\/geoclimate.ge\/az\/product\/kmss-containerized-mobile-hot-water-plant\/","name":"KMSS - Konteynerli Mobil \u0130sti Su Zavodu - GeoClimate.ge","isPartOf":{"@id":"https:\/\/geoclimate.ge\/#website"},"primaryImageOfPage":{"@id":"https:\/\/geoclimate.ge\/az\/product\/kmss-containerized-mobile-hot-water-plant\/#primaryimage"},"image":{"@id":"https:\/\/geoclimate.ge\/az\/product\/kmss-containerized-mobile-hot-water-plant\/#primaryimage"},"thumbnailUrl":"https:\/\/geoclimate.ge\/wp-content\/uploads\/2025\/06\/80525s0m7782.jpg","datePublished":"2025-06-14T11:10:56+00:00","dateModified":"2025-06-14T11:14:03+00:00","breadcrumb":{"@id":"https:\/\/geoclimate.ge\/az\/product\/kmss-containerized-mobile-hot-water-plant\/#breadcrumb"},"inLanguage":"az","potentialAction":[{"@type":"ReadAction","target":["https:\/\/geoclimate.ge\/az\/product\/kmss-containerized-mobile-hot-water-plant\/"]}]},{"@type":"ImageObject","inLanguage":"az","@id":"https:\/\/geoclimate.ge\/az\/product\/kmss-containerized-mobile-hot-water-plant\/#primaryimage","url":"https:\/\/geoclimate.ge\/wp-content\/uploads\/2025\/06\/80525s0m7782.jpg","contentUrl":"https:\/\/geoclimate.ge\/wp-content\/uploads\/2025\/06\/80525s0m7782.jpg","width":800,"height":600},{"@type":"BreadcrumbList","@id":"https:\/\/geoclimate.ge\/az\/product\/kmss-containerized-mobile-hot-water-plant\/#breadcrumb","itemListElement":[{"@type":"ListItem","position":1,"name":"Home","item":"https:\/\/geoclimate.ge\/az\/"},{"@type":"ListItem","position":2,"name":"M\u0259hsullar","item":"https:\/\/geoclimate.ge\/az\/products\/"},{"@type":"ListItem","position":3,"name":"KMSS &#8211; Konteynerli Mobil \u0130sti Su Zavodu"}]},{"@type":"WebSite","@id":"https:\/\/geoclimate.ge\/#website","url":"https:\/\/geoclimate.ge\/","name":"GeoClimate","description":"","publisher":{"@id":"https:\/\/geoclimate.ge\/#organization"},"potentialAction":[{"@type":"SearchAction","target":{"@type":"EntryPoint","urlTemplate":"https:\/\/geoclimate.ge\/?s={search_term_string}"},"query-input":{"@type":"PropertyValueSpecification","valueRequired":true,"valueName":"search_term_string"}}],"inLanguage":"az"},{"@type":"Organization","@id":"https:\/\/geoclimate.ge\/#organization","name":"GeoClimate","url":"https:\/\/geoclimate.ge\/","logo":{"@type":"ImageObject","inLanguage":"az","@id":"https:\/\/geoclimate.ge\/#\/schema\/logo\/image\/","url":"https:\/\/geoclimate.ge\/wp-content\/uploads\/2026\/03\/geoclimate-SEO.png","contentUrl":"https:\/\/geoclimate.ge\/wp-content\/uploads\/2026\/03\/geoclimate-SEO.png","width":1536,"height":1024,"caption":"GeoClimate"},"image":{"@id":"https:\/\/geoclimate.ge\/#\/schema\/logo\/image\/"}}]}},"_links":{"self":[{"href":"https:\/\/geoclimate.ge\/az\/wp-json\/wp\/v2\/product\/36072","targetHints":{"allow":["GET"]}}],"collection":[{"href":"https:\/\/geoclimate.ge\/az\/wp-json\/wp\/v2\/product"}],"about":[{"href":"https:\/\/geoclimate.ge\/az\/wp-json\/wp\/v2\/types\/product"}],"wp:featuredmedia":[{"embeddable":true,"href":"https:\/\/geoclimate.ge\/az\/wp-json\/wp\/v2\/media\/35989"}],"wp:attachment":[{"href":"https:\/\/geoclimate.ge\/az\/wp-json\/wp\/v2\/media?parent=36072"}],"wp:term":[{"taxonomy":"product_brand","embeddable":true,"href":"https:\/\/geoclimate.ge\/az\/wp-json\/wp\/v2\/product_brand?post=36072"},{"taxonomy":"product_cat","embeddable":true,"href":"https:\/\/geoclimate.ge\/az\/wp-json\/wp\/v2\/product_cat?post=36072"},{"taxonomy":"product_tag","embeddable":true,"href":"https:\/\/geoclimate.ge\/az\/wp-json\/wp\/v2\/product_tag?post=36072"}],"curies":[{"name":"wp","href":"https:\/\/api.w.org\/{rel}","templated":true}]}}