{"id":36127,"date":"2025-06-14T15:19:02","date_gmt":"2025-06-14T11:19:02","guid":{"rendered":"https:\/\/airsystems.ge\/shop\/product\/kmbs-containerized-mobile-steam-plant\/"},"modified":"2025-06-14T15:23:17","modified_gmt":"2025-06-14T11:23:17","slug":"kmbs-containerized-mobile-steam-plant","status":"publish","type":"product","link":"https:\/\/geoclimate.ge\/az\/product\/kmbs-containerized-mobile-steam-plant\/","title":{"rendered":"KMBS &#8211; Konteynerli Mobil Buxar Zavodu"},"content":{"rendered":"<p>Giri\u015f<\/p>\n<p>Paket vahididir. \u0130\u015f\u0131q, yanacaq, su, t\u0259mizl\u0259yici v\u0259 b\u00fct\u00fcn qura\u015fd\u0131rma avadanl\u0131qlar\u0131 var. Siz\u0259 laz\u0131m olan t\u0259k \u015fey onu aktivl\u0259\u015fdirm\u0259k \u00fc\u00e7\u00fcn d\u00fcym\u0259ni s\u0131xmaqd\u0131r. S\u0259yyar aqreqatd\u0131r, x\u00fcsusi qablar\u0131 say\u0259sind\u0259 problemsiz ist\u0259nil\u0259n yerd\u0259 v\u0259 v\u0259ziyy\u0259td\u0259 asanl\u0131qla da\u015f\u0131n\u0131b istifad\u0259 oluna bil\u0259r. Qurulu\u015funda x\u00fcsusi haz\u0131rlanm\u0131\u015f Buxar generatoru v\u0259 Qazanlar say\u0259sind\u0259 y\u00fcks\u0259k m\u0259hsuldarl\u0131ql\u0131 buxar, isti su v\u0259 kommunal su ehtiyaclar\u0131n\u0131za \u00e7ox q\u0131sa m\u00fcdd\u0259td\u0259 cavab verir. Konteyner istilik izolyasiyal\u0131 oldu\u011fundan, b\u00fct\u00fcn hava \u015f\u0259raitind\u0259 u\u011furla i\u015fl\u0259yir. Yaln\u0131z buxar, isti su, kommunal su v\u0259 ya ham\u0131s\u0131n\u0131 istehsal etm\u0259k ehtiyac\u0131na uy\u011fun olaraq dizayn v\u0259 istehsal edil\u0259 bil\u0259r. M\u00fcxt\u0259lif ehtiyaclara uy\u011fun olaraq x\u00fcsusi olaraq haz\u0131rlanm\u0131\u015fd\u0131r. B\u00fct\u00fcn qura\u015fd\u0131rma \u0259laq\u0259l\u0259ri bir n\u00f6qt\u0259d\u0259n g\u0259ldiyi \u00fc\u00e7\u00fcn onlar\u0131n istifad\u0259si, y\u0131\u011f\u0131lmas\u0131 v\u0259 saxlanmas\u0131 \u00e7ox praktikdir.<\/p>\n<p>Konteynerl\u0259r istifad\u0259 olunan avadanl\u0131qlara g\u00f6r\u0259 x\u00fcsusi dizayn edildiyi \u00fc\u00e7\u00fcn \u00e7ox m\u00f6hk\u0259m, faydal\u0131 v\u0259 uzun\u00f6m\u00fcrl\u00fcd\u00fcr. Onlar\u0131n \u00f6l\u00e7\u00fcl\u0259ri ki\u00e7ikdir v\u0259 interyer operatorlar\u0131n asanl\u0131qla h\u0259r\u0259k\u0259t ed\u0259 bil\u0259c\u0259yi \u015f\u0259kild\u0259 t\u0259rtib edilmi\u015fdir. Konteynerl\u0259r el\u0259 qurulub ki, b\u00fct\u00fcn avadanl\u0131qlar asanl\u0131qla \u00e7\u0131xar\u0131l\u0131b i\u00e7\u0259ri g\u00f6t\u00fcr\u00fcl\u0259 bilsin. \u00d6n qapaq tamamil\u0259 a\u00e7\u0131la bil\u0259r, ona g\u00f6r\u0259 d\u0259 bax\u0131m v\u0259 t\u0259mir \u00e7ox asand\u0131r. H\u0259r yanaca\u011fa uy\u011fun istehsal oluna bil\u0259r (dizel, mazut, qaz, LPG v\u0259 s.).<\/p>\n<p>T\u0259tbiq Sah\u0259l\u0259ri<\/p>\n<p>Beton k\u00f6\u015fk istehsal\u0131 m\u00fc\u0259ssis\u0259l\u0259ri (k\u00fcrl\u0259m\u0259)<br \/>\nYol, tunel, b\u0259nd, k\u00f6rp\u00fc v\u0259 metro tikinti sah\u0259l\u0259ri (Buxar + m\u0259i\u015f\u0259t isti su + istilik suyu)<br \/>\nBeton istehsal\u0131 zavodlar\u0131 (aqreqatlar\u0131n buxarla q\u0131zd\u0131r\u0131lmas\u0131 v\u0259 qar\u0131\u015fd\u0131r\u0131c\u0131 a\u015fqar suyunun q\u0131zd\u0131r\u0131lmas\u0131)<br \/>\nPrefabrik beton istehsal\u0131 m\u00fc\u0259ssis\u0259l\u0259ri<br \/>\nSah\u0259 x\u0259st\u0259xanalar\u0131<br \/>\nH\u0259rbi d\u00fc\u015f\u0259rg\u0259l\u0259r v\u0259 idar\u0259etm\u0259 m\u0259rk\u0259zl\u0259ri.<\/p>\n","protected":false},"excerpt":{"rendered":"<p>KMBS &#8211; Konteynerli Mobil Buxar Zavodu<\/p>\n<p>Mobil Zavod, portativ konteynerd\u0259 istilik suyu, kommunal su v\u0259 ya buxar istehsal ed\u0259 bil\u0259n avadanl\u0131q v\u0259 cihazlar\u0131 ehtiva ed\u0259n tam istilik\/buxar qur\u011fusudur. Zavodda b\u00fct\u00fcn avadanl\u0131qlar oldu\u011fu \u00fc\u00e7\u00fcn onu yaln\u0131z bir d\u00fcym\u0259y\u0259 basmaqla idar\u0259 etm\u0259k olar v\u0259 ist\u0259nil\u0259n yer\u0259 asanl\u0131qla da\u015f\u0131na bilir.<\/p>\n<p>Qura\u015fd\u0131rma, Tikinti v\u0259 Yerl\u0259\u015fdirm\u0259 Probleml\u0259ri Yoxdur<br \/>\n\u00c7\u0259tin co\u011frafi v\u0259 iqlim \u015f\u0259raitind\u0259 buxar istehsal etm\u0259k bacar\u0131\u011f\u0131<br \/>\nTikinti sah\u0259l\u0259rinizi qurark\u0259n istilik, isti su t\u0259chizat\u0131, betonun b\u0259rkidilm\u0259si, betonun haz\u0131rlanmas\u0131 problem deyil.<\/p>\n<p>D\u00fcym\u0259ni bas\u0131n; Buxar\u0131n\u0131z, isti suyunuz v\u0259 istilik suyunuz xidm\u0259tinizd\u0259dir.<\/p>\n<p>250 kq\/saat \u2013 3000 kq\/saat<br \/>\nT\u0259k m\u0259hsuldan buxar + isti su t\u0259min etm\u0259k imkan\u0131<br \/>\nT\u0259k konteynerd\u0259 qazanxana<br \/>\n\u00c7evik t\u0259tbiq se\u00e7iml\u0259ri<br \/>\nSoyuq v\u0259 isti iqlim \u015f\u0259raitind\u0259 i\u015fl\u0259m\u0259k bacar\u0131\u011f\u0131<br \/>\nM\u00fcxt\u0259lif \u015f\u0259rtl\u0259rd\u0259, muxtar istilik m\u0259nb\u0259yi kimi, m\u00fc\u0259yy\u0259n bir yer\u0259 ba\u011fl\u0131 deyil.<br \/>\nPik y\u00fckl\u0259rd\u0259<br \/>\nSad\u0259 istifad\u0259 detallar\u0131<\/p>\n","protected":false},"featured_media":36080,"template":"","meta":[],"product_brand":[],"product_cat":[1747,1737],"product_tag":[],"class_list":{"0":"post-36127","1":"product","2":"type-product","3":"status-publish","4":"has-post-thumbnail","6":"product_cat-mobil-sistemlr-qazanlar","7":"product_cat-snaye-buxar-qazani-qazanlar","9":"first","10":"instock","11":"shipping-taxable","12":"product-type-simple"},"yoast_head":"<!-- This site is optimized with the Yoast SEO plugin v27.1.1 - https:\/\/yoast.com\/product\/yoast-seo-wordpress\/ -->\n<title>KMBS - Konteynerli Mobil Buxar Zavodu - GeoClimate.ge<\/title>\n<meta name=\"robots\" content=\"index, follow, max-snippet:-1, max-image-preview:large, max-video-preview:-1\" \/>\n<link rel=\"canonical\" href=\"https:\/\/geoclimate.ge\/az\/product\/kmbs-containerized-mobile-steam-plant\/\" \/>\n<meta property=\"og:locale\" content=\"az_AZ\" \/>\n<meta property=\"og:type\" content=\"article\" \/>\n<meta property=\"og:title\" content=\"KMBS - Konteynerli Mobil Buxar Zavodu - GeoClimate.ge\" \/>\n<meta property=\"og:description\" content=\"KMBS - Konteynerli Mobil Buxar Zavodu  Mobil Zavod, portativ konteynerd\u0259 istilik suyu, kommunal su v\u0259 ya buxar istehsal ed\u0259 bil\u0259n avadanl\u0131q v\u0259 cihazlar\u0131 ehtiva ed\u0259n tam istilik\/buxar qur\u011fusudur. Zavodda b\u00fct\u00fcn avadanl\u0131qlar oldu\u011fu \u00fc\u00e7\u00fcn onu yaln\u0131z bir d\u00fcym\u0259y\u0259 basmaqla idar\u0259 etm\u0259k olar v\u0259 ist\u0259nil\u0259n yer\u0259 asanl\u0131qla da\u015f\u0131na bilir.  Qura\u015fd\u0131rma, Tikinti v\u0259 Yerl\u0259\u015fdirm\u0259 Probleml\u0259ri Yoxdur \u00c7\u0259tin co\u011frafi v\u0259 iqlim \u015f\u0259raitind\u0259 buxar istehsal etm\u0259k bacar\u0131\u011f\u0131 Tikinti sah\u0259l\u0259rinizi qurark\u0259n istilik, isti su t\u0259chizat\u0131, betonun b\u0259rkidilm\u0259si, betonun haz\u0131rlanmas\u0131 problem deyil.  D\u00fcym\u0259ni bas\u0131n; Buxar\u0131n\u0131z, isti suyunuz v\u0259 istilik suyunuz xidm\u0259tinizd\u0259dir.  250 kq\/saat \u2013 3000 kq\/saat T\u0259k m\u0259hsuldan buxar + isti su t\u0259min etm\u0259k imkan\u0131 T\u0259k konteynerd\u0259 qazanxana \u00c7evik t\u0259tbiq se\u00e7iml\u0259ri Soyuq v\u0259 isti iqlim \u015f\u0259raitind\u0259 i\u015fl\u0259m\u0259k bacar\u0131\u011f\u0131 M\u00fcxt\u0259lif \u015f\u0259rtl\u0259rd\u0259, muxtar istilik m\u0259nb\u0259yi kimi, m\u00fc\u0259yy\u0259n bir yer\u0259 ba\u011fl\u0131 deyil. Pik y\u00fckl\u0259rd\u0259 Sad\u0259 istifad\u0259 detallar\u0131\" \/>\n<meta property=\"og:url\" content=\"https:\/\/geoclimate.ge\/az\/product\/kmbs-containerized-mobile-steam-plant\/\" \/>\n<meta property=\"og:site_name\" content=\"GeoClimate.ge\" \/>\n<meta property=\"article:modified_time\" content=\"2025-06-14T11:23:17+00:00\" \/>\n<meta property=\"og:image\" content=\"https:\/\/geoclimate.ge\/wp-content\/uploads\/2025\/06\/cb0yg8vj1657.jpg\" \/>\n\t<meta property=\"og:image:width\" content=\"800\" \/>\n\t<meta property=\"og:image:height\" content=\"600\" \/>\n\t<meta property=\"og:image:type\" content=\"image\/jpeg\" \/>\n<meta name=\"twitter:card\" content=\"summary_large_image\" \/>\n<meta name=\"twitter:label1\" content=\"Est. reading time\" \/>\n\t<meta name=\"twitter:data1\" content=\"2 minutes\" \/>\n<script type=\"application\/ld+json\" class=\"yoast-schema-graph\">{\"@context\":\"https:\/\/schema.org\",\"@graph\":[{\"@type\":\"WebPage\",\"@id\":\"https:\/\/geoclimate.ge\/az\/product\/kmbs-containerized-mobile-steam-plant\/\",\"url\":\"https:\/\/geoclimate.ge\/az\/product\/kmbs-containerized-mobile-steam-plant\/\",\"name\":\"KMBS - Konteynerli Mobil Buxar Zavodu - GeoClimate.ge\",\"isPartOf\":{\"@id\":\"https:\/\/geoclimate.ge\/#website\"},\"primaryImageOfPage\":{\"@id\":\"https:\/\/geoclimate.ge\/az\/product\/kmbs-containerized-mobile-steam-plant\/#primaryimage\"},\"image\":{\"@id\":\"https:\/\/geoclimate.ge\/az\/product\/kmbs-containerized-mobile-steam-plant\/#primaryimage\"},\"thumbnailUrl\":\"https:\/\/geoclimate.ge\/wp-content\/uploads\/2025\/06\/cb0yg8vj1657.jpg\",\"datePublished\":\"2025-06-14T11:19:02+00:00\",\"dateModified\":\"2025-06-14T11:23:17+00:00\",\"breadcrumb\":{\"@id\":\"https:\/\/geoclimate.ge\/az\/product\/kmbs-containerized-mobile-steam-plant\/#breadcrumb\"},\"inLanguage\":\"az\",\"potentialAction\":[{\"@type\":\"ReadAction\",\"target\":[\"https:\/\/geoclimate.ge\/az\/product\/kmbs-containerized-mobile-steam-plant\/\"]}]},{\"@type\":\"ImageObject\",\"inLanguage\":\"az\",\"@id\":\"https:\/\/geoclimate.ge\/az\/product\/kmbs-containerized-mobile-steam-plant\/#primaryimage\",\"url\":\"https:\/\/geoclimate.ge\/wp-content\/uploads\/2025\/06\/cb0yg8vj1657.jpg\",\"contentUrl\":\"https:\/\/geoclimate.ge\/wp-content\/uploads\/2025\/06\/cb0yg8vj1657.jpg\",\"width\":800,\"height\":600},{\"@type\":\"BreadcrumbList\",\"@id\":\"https:\/\/geoclimate.ge\/az\/product\/kmbs-containerized-mobile-steam-plant\/#breadcrumb\",\"itemListElement\":[{\"@type\":\"ListItem\",\"position\":1,\"name\":\"Home\",\"item\":\"https:\/\/geoclimate.ge\/az\/\"},{\"@type\":\"ListItem\",\"position\":2,\"name\":\"M\u0259hsullar\",\"item\":\"https:\/\/geoclimate.ge\/az\/products\/\"},{\"@type\":\"ListItem\",\"position\":3,\"name\":\"KMBS &#8211; Konteynerli Mobil Buxar Zavodu\"}]},{\"@type\":\"WebSite\",\"@id\":\"https:\/\/geoclimate.ge\/#website\",\"url\":\"https:\/\/geoclimate.ge\/\",\"name\":\"GeoClimate\",\"description\":\"\",\"publisher\":{\"@id\":\"https:\/\/geoclimate.ge\/#organization\"},\"potentialAction\":[{\"@type\":\"SearchAction\",\"target\":{\"@type\":\"EntryPoint\",\"urlTemplate\":\"https:\/\/geoclimate.ge\/?s={search_term_string}\"},\"query-input\":{\"@type\":\"PropertyValueSpecification\",\"valueRequired\":true,\"valueName\":\"search_term_string\"}}],\"inLanguage\":\"az\"},{\"@type\":\"Organization\",\"@id\":\"https:\/\/geoclimate.ge\/#organization\",\"name\":\"GeoClimate\",\"url\":\"https:\/\/geoclimate.ge\/\",\"logo\":{\"@type\":\"ImageObject\",\"inLanguage\":\"az\",\"@id\":\"https:\/\/geoclimate.ge\/#\/schema\/logo\/image\/\",\"url\":\"https:\/\/geoclimate.ge\/wp-content\/uploads\/2026\/03\/geoclimate-SEO.png\",\"contentUrl\":\"https:\/\/geoclimate.ge\/wp-content\/uploads\/2026\/03\/geoclimate-SEO.png\",\"width\":1536,\"height\":1024,\"caption\":\"GeoClimate\"},\"image\":{\"@id\":\"https:\/\/geoclimate.ge\/#\/schema\/logo\/image\/\"}}]}<\/script>\n<!-- \/ Yoast SEO plugin. -->","yoast_head_json":{"title":"KMBS - Konteynerli Mobil Buxar Zavodu - GeoClimate.ge","robots":{"index":"index","follow":"follow","max-snippet":"max-snippet:-1","max-image-preview":"max-image-preview:large","max-video-preview":"max-video-preview:-1"},"canonical":"https:\/\/geoclimate.ge\/az\/product\/kmbs-containerized-mobile-steam-plant\/","og_locale":"az_AZ","og_type":"article","og_title":"KMBS - Konteynerli Mobil Buxar Zavodu - GeoClimate.ge","og_description":"KMBS - Konteynerli Mobil Buxar Zavodu  Mobil Zavod, portativ konteynerd\u0259 istilik suyu, kommunal su v\u0259 ya buxar istehsal ed\u0259 bil\u0259n avadanl\u0131q v\u0259 cihazlar\u0131 ehtiva ed\u0259n tam istilik\/buxar qur\u011fusudur. Zavodda b\u00fct\u00fcn avadanl\u0131qlar oldu\u011fu \u00fc\u00e7\u00fcn onu yaln\u0131z bir d\u00fcym\u0259y\u0259 basmaqla idar\u0259 etm\u0259k olar v\u0259 ist\u0259nil\u0259n yer\u0259 asanl\u0131qla da\u015f\u0131na bilir.  Qura\u015fd\u0131rma, Tikinti v\u0259 Yerl\u0259\u015fdirm\u0259 Probleml\u0259ri Yoxdur \u00c7\u0259tin co\u011frafi v\u0259 iqlim \u015f\u0259raitind\u0259 buxar istehsal etm\u0259k bacar\u0131\u011f\u0131 Tikinti sah\u0259l\u0259rinizi qurark\u0259n istilik, isti su t\u0259chizat\u0131, betonun b\u0259rkidilm\u0259si, betonun haz\u0131rlanmas\u0131 problem deyil.  D\u00fcym\u0259ni bas\u0131n; Buxar\u0131n\u0131z, isti suyunuz v\u0259 istilik suyunuz xidm\u0259tinizd\u0259dir.  250 kq\/saat \u2013 3000 kq\/saat T\u0259k m\u0259hsuldan buxar + isti su t\u0259min etm\u0259k imkan\u0131 T\u0259k konteynerd\u0259 qazanxana \u00c7evik t\u0259tbiq se\u00e7iml\u0259ri Soyuq v\u0259 isti iqlim \u015f\u0259raitind\u0259 i\u015fl\u0259m\u0259k bacar\u0131\u011f\u0131 M\u00fcxt\u0259lif \u015f\u0259rtl\u0259rd\u0259, muxtar istilik m\u0259nb\u0259yi kimi, m\u00fc\u0259yy\u0259n bir yer\u0259 ba\u011fl\u0131 deyil. Pik y\u00fckl\u0259rd\u0259 Sad\u0259 istifad\u0259 detallar\u0131","og_url":"https:\/\/geoclimate.ge\/az\/product\/kmbs-containerized-mobile-steam-plant\/","og_site_name":"GeoClimate.ge","article_modified_time":"2025-06-14T11:23:17+00:00","og_image":[{"width":800,"height":600,"url":"https:\/\/geoclimate.ge\/wp-content\/uploads\/2025\/06\/cb0yg8vj1657.jpg","type":"image\/jpeg"}],"twitter_card":"summary_large_image","twitter_misc":{"Est. reading time":"2 minutes"},"schema":{"@context":"https:\/\/schema.org","@graph":[{"@type":"WebPage","@id":"https:\/\/geoclimate.ge\/az\/product\/kmbs-containerized-mobile-steam-plant\/","url":"https:\/\/geoclimate.ge\/az\/product\/kmbs-containerized-mobile-steam-plant\/","name":"KMBS - Konteynerli Mobil Buxar Zavodu - GeoClimate.ge","isPartOf":{"@id":"https:\/\/geoclimate.ge\/#website"},"primaryImageOfPage":{"@id":"https:\/\/geoclimate.ge\/az\/product\/kmbs-containerized-mobile-steam-plant\/#primaryimage"},"image":{"@id":"https:\/\/geoclimate.ge\/az\/product\/kmbs-containerized-mobile-steam-plant\/#primaryimage"},"thumbnailUrl":"https:\/\/geoclimate.ge\/wp-content\/uploads\/2025\/06\/cb0yg8vj1657.jpg","datePublished":"2025-06-14T11:19:02+00:00","dateModified":"2025-06-14T11:23:17+00:00","breadcrumb":{"@id":"https:\/\/geoclimate.ge\/az\/product\/kmbs-containerized-mobile-steam-plant\/#breadcrumb"},"inLanguage":"az","potentialAction":[{"@type":"ReadAction","target":["https:\/\/geoclimate.ge\/az\/product\/kmbs-containerized-mobile-steam-plant\/"]}]},{"@type":"ImageObject","inLanguage":"az","@id":"https:\/\/geoclimate.ge\/az\/product\/kmbs-containerized-mobile-steam-plant\/#primaryimage","url":"https:\/\/geoclimate.ge\/wp-content\/uploads\/2025\/06\/cb0yg8vj1657.jpg","contentUrl":"https:\/\/geoclimate.ge\/wp-content\/uploads\/2025\/06\/cb0yg8vj1657.jpg","width":800,"height":600},{"@type":"BreadcrumbList","@id":"https:\/\/geoclimate.ge\/az\/product\/kmbs-containerized-mobile-steam-plant\/#breadcrumb","itemListElement":[{"@type":"ListItem","position":1,"name":"Home","item":"https:\/\/geoclimate.ge\/az\/"},{"@type":"ListItem","position":2,"name":"M\u0259hsullar","item":"https:\/\/geoclimate.ge\/az\/products\/"},{"@type":"ListItem","position":3,"name":"KMBS &#8211; Konteynerli Mobil Buxar Zavodu"}]},{"@type":"WebSite","@id":"https:\/\/geoclimate.ge\/#website","url":"https:\/\/geoclimate.ge\/","name":"GeoClimate","description":"","publisher":{"@id":"https:\/\/geoclimate.ge\/#organization"},"potentialAction":[{"@type":"SearchAction","target":{"@type":"EntryPoint","urlTemplate":"https:\/\/geoclimate.ge\/?s={search_term_string}"},"query-input":{"@type":"PropertyValueSpecification","valueRequired":true,"valueName":"search_term_string"}}],"inLanguage":"az"},{"@type":"Organization","@id":"https:\/\/geoclimate.ge\/#organization","name":"GeoClimate","url":"https:\/\/geoclimate.ge\/","logo":{"@type":"ImageObject","inLanguage":"az","@id":"https:\/\/geoclimate.ge\/#\/schema\/logo\/image\/","url":"https:\/\/geoclimate.ge\/wp-content\/uploads\/2026\/03\/geoclimate-SEO.png","contentUrl":"https:\/\/geoclimate.ge\/wp-content\/uploads\/2026\/03\/geoclimate-SEO.png","width":1536,"height":1024,"caption":"GeoClimate"},"image":{"@id":"https:\/\/geoclimate.ge\/#\/schema\/logo\/image\/"}}]}},"_links":{"self":[{"href":"https:\/\/geoclimate.ge\/az\/wp-json\/wp\/v2\/product\/36127","targetHints":{"allow":["GET"]}}],"collection":[{"href":"https:\/\/geoclimate.ge\/az\/wp-json\/wp\/v2\/product"}],"about":[{"href":"https:\/\/geoclimate.ge\/az\/wp-json\/wp\/v2\/types\/product"}],"wp:featuredmedia":[{"embeddable":true,"href":"https:\/\/geoclimate.ge\/az\/wp-json\/wp\/v2\/media\/36080"}],"wp:attachment":[{"href":"https:\/\/geoclimate.ge\/az\/wp-json\/wp\/v2\/media?parent=36127"}],"wp:term":[{"taxonomy":"product_brand","embeddable":true,"href":"https:\/\/geoclimate.ge\/az\/wp-json\/wp\/v2\/product_brand?post=36127"},{"taxonomy":"product_cat","embeddable":true,"href":"https:\/\/geoclimate.ge\/az\/wp-json\/wp\/v2\/product_cat?post=36127"},{"taxonomy":"product_tag","embeddable":true,"href":"https:\/\/geoclimate.ge\/az\/wp-json\/wp\/v2\/product_tag?post=36127"}],"curies":[{"name":"wp","href":"https:\/\/api.w.org\/{rel}","templated":true}]}}