{"id":36215,"date":"2025-09-03T17:11:41","date_gmt":"2025-09-03T13:11:41","guid":{"rendered":"https:\/\/airsystems.ge\/shop\/product\/fds-3g_ks-rectangular-fire-dampers\/"},"modified":"2025-09-03T17:29:35","modified_gmt":"2025-09-03T13:29:35","slug":"fds-3g_ks-rectangular-fire-dampers","status":"publish","type":"product","link":"https:\/\/geoclimate.ge\/az\/product\/fds-3g_ks-rectangular-fire-dampers\/","title":{"rendered":"FDS-3G_KS D\u00fczbucaql\u0131 Yan\u011f\u0131n Damperl\u0259ri"},"content":{"rendered":"<div class=\"mb-400 gtm-product-section container-fluid\" data-gtm-name=\"Benefits\" data-gtm-label=\"Benefits (en)\" data-gtm-vis-first-on-screen53434917_103=\"10165\" data-gtm-vis-total-visible-time53434917_103=\"1500\" data-gtm-vis-has-fired53434917_103=\"1\">\n<div class=\"row\">\n<div class=\"content-element content-element-product-benefit col-12 sm:col-6 mb-400\">\n<div class=\"bg-card px-300 py-250 mobile-nav:px-200 mobile-nav:py-150 h-full flex overflow-hidden card-border\">\n<div class=\"min-w-0\">\n<p><strong>Yan\u011f\u0131na davaml\u0131 materiallar<\/strong><br \/>\nFDS-3G&#8230;KS asan qura\u015fd\u0131rma v\u0259 etibarl\u0131 yan\u011f\u0131ndan m\u00fchafiz\u0259 \u00fc\u00e7\u00fcn odadavaml\u0131, s\u0259rt, lakin y\u00fcng\u00fcl materiallardan haz\u0131rlanm\u0131\u015fd\u0131r.<\/p>\n<p>&nbsp;<\/p>\n<p><strong>Tez v\u0259 asan qura\u015fd\u0131rma<\/strong><br \/>\nH\u0259l\u0259 d\u0259 effektiv passiv yan\u011f\u0131ndan, t\u00fcst\u00fcd\u0259n v\u0259 qazdan qorunma t\u0259min edir<\/p>\n<p><strong>Yoxlama asanla\u015fd\u0131r\u0131ld\u0131<\/strong><br \/>\nStandart olaraq eni v\u0259 h\u00fcnd\u00fcrl\u00fcy\u00fc 200 mm-d\u0259n \u00e7ox olan \u00f6l\u00e7\u00fcl\u0259r \u00fc\u00e7\u00fcn iki yoxlama a\u00e7\u0131l\u0131\u015f\u0131<\/p>\n<p>Komplektl\u0259 t\u0259chiz edilmi\u015f FDS-3G&#8230;KS yan\u011f\u0131n damperl\u0259ri qura\u015fd\u0131rman\u0131n asan yolunu t\u0259msil edir. H\u0259l\u0259 passiv yan\u011f\u0131ndan m\u00fchafiz\u0259ni asanla\u015fd\u0131rmaq v\u0259 z\u0259h\u0259rli qazlar\u0131n, t\u00fcst\u00fcn\u00fcn v\u0259 yan\u011f\u0131n\u0131n yay\u0131lmas\u0131n\u0131n qar\u015f\u0131s\u0131n\u0131 almaqla b\u00f6lm\u0259l\u0259r\u0259 ay\u0131rma.<\/p>\n<p>Yan\u011f\u0131n damperl\u0259ri EN 15650-y\u0259 uy\u011fun olaraq Tikinti M\u0259hsullar\u0131 Qaydas\u0131na uy\u011fun olaraq CE sertifikat\u0131na malikdir. Damperl\u0259r EN 1366-2-y\u0259 uy\u011fun s\u0131naqdan ke\u00e7irilir v\u0259 EN 13501-3-\u0259 uy\u011fun olaraq t\u0259snif edilir. Yan\u011f\u0131n damperl\u0259ri onlar\u0131n T\u0259limat\u0131nda sadalanan v\u0259 t\u0259svir edil\u0259n qur\u011fular \u00fc\u00e7\u00fcn n\u0259z\u0259rd\u0259 tutulub.<\/p>\n<p>FDS-3G&#8230;KS yan\u011f\u0131n damperl\u0259ri standart olaraq ya t\u0259limat, ya da i\u015f\u0259salma mexanizmi il\u0259 t\u0259chiz edilir. \u018flav\u0259 t\u0259chizat v\u0259 rabit\u0259 b\u00f6lm\u0259si d\u0259 m\u00f6vcuddur.<\/p>\n<p>Damper b\u0131\u00e7a\u011f\u0131n\u0131n a\u00e7\u0131lmas\u0131 v\u0259 ba\u011flanmas\u0131 \u00f6t\u00fcrm\u0259 mexanizml\u0259ri \u00fc\u00e7\u00fcn uzaqdan aktivl\u0259\u015fdiril\u0259 bil\u0259r. Kanalda hava 72 \u00b0C v\u0259 ya 74 \u00b0C-d\u0259n \u00e7ox olduqda yan\u011f\u0131n ba\u015f verdikd\u0259, istilik qoruyucu h\u0259m \u00f6t\u00fcr\u00fcc\u00fc, h\u0259m d\u0259 mexaniki versiyalarda \u0259riyir. Termal qoruyucunun \u0259rim\u0259si damper b\u0131\u00e7a\u011f\u0131n\u0131n avtomatik ba\u011flanmas\u0131n\u0131 aktivl\u0259\u015fdirir. Sonra damper b\u0131\u00e7a\u011f\u0131 qapal\u0131 v\u0259ziyy\u0259td\u0259 mexaniki olaraq kilidl\u0259nir.<\/p>\n<p>Yan\u011f\u0131n damperl\u0259ri sinkl\u0259nmi\u015f sacdan haz\u0131rlanm\u0131\u015f qoruyuculara malikdir. B\u0131\u00e7aqlar asbest olmayan izolyatorlardan haz\u0131rlan\u0131r v\u0259 soyuq t\u00fcst\u00fc \u00fc\u00e7\u00fcn rezin m\u00f6h\u00fcr\u0259 v\u0259 \u015fi\u015fkin m\u00f6h\u00fcr\u0259 malikdir. Yan\u011f\u0131n v\u0259ziyy\u0259tind\u0259 \u015fi\u015fkin m\u00f6h\u00fcr geni\u015fl\u0259nir.<\/p>\n<p>S\u0259n\u0259dl\u0259\u015fdirm\u0259<\/p>\n<\/div>\n<\/div>\n<\/div>\n<\/div>\n<\/div>\n<div class=\"mb-400 mt-700 relative container-fluid\">\n<div class=\"gtm-product-section\" data-gtm-name=\"Documentation\" data-gtm-label=\"Documentation\" data-offset=\"0\" data-gtm-vis-first-on-screen53434917_103=\"126060\" data-gtm-vis-total-visible-time53434917_103=\"1500\" data-gtm-vis-has-fired53434917_103=\"1\">\n<div class=\"row gap-y-150 mb-200 desktop-nav:mb-0 md ProductPageISSections_product-info-header___9p5M\">\n<div class=\" col-12 md:col-6 md:text-right print:hidden flex items-center justify-end mobile-nav:flex-col gap-050 \">\n<div class=\"\"><button class=\"gtm-product-specsheet-link btn btn-secondary btn-small btn-icon-left xs-max:btn-block\">Download spec sheet<\/button><\/div>\n<\/div>\n<\/div>\n<\/div>\n<\/div>\n","protected":false},"excerpt":{"rendered":"<p>\u018fvv\u0259lc\u0259d\u0259n qura\u015fd\u0131r\u0131lm\u0131\u015f qura\u015fd\u0131rma d\u0259sti il\u0259 yan\u011f\u0131n damperi sad\u0259lik n\u0259z\u0259r\u0259 al\u0131nmaqla dizayn edilmi\u015fdir.<\/p>\n<p>S\u00fcr\u0259tli qura\u015fd\u0131rma d\u0259r\u0259c\u0259si EI60S, EI90S, EI120S<\/p>\n<p>Standart olaraq s\u0131zd\u0131rmazl\u0131q sinfi 3C<\/p>\n<p>\u0130stisna olaraq a\u015fa\u011f\u0131 t\u0259zyiq d\u00fc\u015fm\u0259si<\/p>\n<p>D\u0259yi\u015f\u0259n mexanizm<\/p>\n","protected":false},"featured_media":36210,"template":"","meta":[],"product_brand":[],"product_cat":[1792,1780,1774],"product_tag":[],"class_list":{"0":"post-36215","1":"product","2":"type-product","3":"status-publish","4":"has-post-thumbnail","6":"product_cat-duzbucaqli-yanginsondurnlr","7":"product_cat-yangin-damperlri","8":"product_cat-yangin-thluksizliyi","10":"first","11":"instock","12":"shipping-taxable","13":"product-type-simple"},"yoast_head":"<!-- This site is optimized with the Yoast SEO plugin v27.1.1 - https:\/\/yoast.com\/product\/yoast-seo-wordpress\/ -->\n<title>FDS-3G_KS D\u00fczbucaql\u0131 Yan\u011f\u0131n Damperl\u0259ri - GeoClimate.ge<\/title>\n<meta name=\"robots\" content=\"index, follow, max-snippet:-1, max-image-preview:large, max-video-preview:-1\" \/>\n<link rel=\"canonical\" href=\"https:\/\/geoclimate.ge\/az\/product\/fds-3g_ks-rectangular-fire-dampers\/\" \/>\n<meta property=\"og:locale\" content=\"az_AZ\" \/>\n<meta property=\"og:type\" content=\"article\" \/>\n<meta property=\"og:title\" content=\"FDS-3G_KS D\u00fczbucaql\u0131 Yan\u011f\u0131n Damperl\u0259ri - GeoClimate.ge\" \/>\n<meta property=\"og:description\" content=\"\u018fvv\u0259lc\u0259d\u0259n qura\u015fd\u0131r\u0131lm\u0131\u015f qura\u015fd\u0131rma d\u0259sti il\u0259 yan\u011f\u0131n damperi sad\u0259lik n\u0259z\u0259r\u0259 al\u0131nmaqla dizayn edilmi\u015fdir.  S\u00fcr\u0259tli qura\u015fd\u0131rma d\u0259r\u0259c\u0259si EI60S, EI90S, EI120S  Standart olaraq s\u0131zd\u0131rmazl\u0131q sinfi 3C  \u0130stisna olaraq a\u015fa\u011f\u0131 t\u0259zyiq d\u00fc\u015fm\u0259si  D\u0259yi\u015f\u0259n mexanizm\" \/>\n<meta property=\"og:url\" content=\"https:\/\/geoclimate.ge\/az\/product\/fds-3g_ks-rectangular-fire-dampers\/\" \/>\n<meta property=\"og:site_name\" content=\"GeoClimate.ge\" \/>\n<meta property=\"article:modified_time\" content=\"2025-09-03T13:29:35+00:00\" \/>\n<meta property=\"og:image\" content=\"https:\/\/geoclimate.ge\/wp-content\/uploads\/2025\/09\/converted_COLLAGE_FDS-3G-KS_HQ.png\" \/>\n\t<meta property=\"og:image:width\" content=\"640\" \/>\n\t<meta property=\"og:image:height\" content=\"480\" \/>\n\t<meta property=\"og:image:type\" content=\"image\/png\" \/>\n<meta name=\"twitter:card\" content=\"summary_large_image\" \/>\n<meta name=\"twitter:label1\" content=\"Est. reading time\" \/>\n\t<meta name=\"twitter:data1\" content=\"2 minutes\" \/>\n<script type=\"application\/ld+json\" class=\"yoast-schema-graph\">{\"@context\":\"https:\/\/schema.org\",\"@graph\":[{\"@type\":\"WebPage\",\"@id\":\"https:\/\/geoclimate.ge\/az\/product\/fds-3g_ks-rectangular-fire-dampers\/\",\"url\":\"https:\/\/geoclimate.ge\/az\/product\/fds-3g_ks-rectangular-fire-dampers\/\",\"name\":\"FDS-3G_KS D\u00fczbucaql\u0131 Yan\u011f\u0131n Damperl\u0259ri - GeoClimate.ge\",\"isPartOf\":{\"@id\":\"https:\/\/geoclimate.ge\/#website\"},\"primaryImageOfPage\":{\"@id\":\"https:\/\/geoclimate.ge\/az\/product\/fds-3g_ks-rectangular-fire-dampers\/#primaryimage\"},\"image\":{\"@id\":\"https:\/\/geoclimate.ge\/az\/product\/fds-3g_ks-rectangular-fire-dampers\/#primaryimage\"},\"thumbnailUrl\":\"https:\/\/geoclimate.ge\/wp-content\/uploads\/2025\/09\/converted_COLLAGE_FDS-3G-KS_HQ.png\",\"datePublished\":\"2025-09-03T13:11:41+00:00\",\"dateModified\":\"2025-09-03T13:29:35+00:00\",\"breadcrumb\":{\"@id\":\"https:\/\/geoclimate.ge\/az\/product\/fds-3g_ks-rectangular-fire-dampers\/#breadcrumb\"},\"inLanguage\":\"az\",\"potentialAction\":[{\"@type\":\"ReadAction\",\"target\":[\"https:\/\/geoclimate.ge\/az\/product\/fds-3g_ks-rectangular-fire-dampers\/\"]}]},{\"@type\":\"ImageObject\",\"inLanguage\":\"az\",\"@id\":\"https:\/\/geoclimate.ge\/az\/product\/fds-3g_ks-rectangular-fire-dampers\/#primaryimage\",\"url\":\"https:\/\/geoclimate.ge\/wp-content\/uploads\/2025\/09\/converted_COLLAGE_FDS-3G-KS_HQ.png\",\"contentUrl\":\"https:\/\/geoclimate.ge\/wp-content\/uploads\/2025\/09\/converted_COLLAGE_FDS-3G-KS_HQ.png\",\"width\":640,\"height\":480},{\"@type\":\"BreadcrumbList\",\"@id\":\"https:\/\/geoclimate.ge\/az\/product\/fds-3g_ks-rectangular-fire-dampers\/#breadcrumb\",\"itemListElement\":[{\"@type\":\"ListItem\",\"position\":1,\"name\":\"Home\",\"item\":\"https:\/\/geoclimate.ge\/az\/\"},{\"@type\":\"ListItem\",\"position\":2,\"name\":\"M\u0259hsullar\",\"item\":\"https:\/\/geoclimate.ge\/az\/products\/\"},{\"@type\":\"ListItem\",\"position\":3,\"name\":\"FDS-3G_KS D\u00fczbucaql\u0131 Yan\u011f\u0131n Damperl\u0259ri\"}]},{\"@type\":\"WebSite\",\"@id\":\"https:\/\/geoclimate.ge\/#website\",\"url\":\"https:\/\/geoclimate.ge\/\",\"name\":\"GeoClimate\",\"description\":\"\",\"publisher\":{\"@id\":\"https:\/\/geoclimate.ge\/#organization\"},\"potentialAction\":[{\"@type\":\"SearchAction\",\"target\":{\"@type\":\"EntryPoint\",\"urlTemplate\":\"https:\/\/geoclimate.ge\/?s={search_term_string}\"},\"query-input\":{\"@type\":\"PropertyValueSpecification\",\"valueRequired\":true,\"valueName\":\"search_term_string\"}}],\"inLanguage\":\"az\"},{\"@type\":\"Organization\",\"@id\":\"https:\/\/geoclimate.ge\/#organization\",\"name\":\"GeoClimate\",\"url\":\"https:\/\/geoclimate.ge\/\",\"logo\":{\"@type\":\"ImageObject\",\"inLanguage\":\"az\",\"@id\":\"https:\/\/geoclimate.ge\/#\/schema\/logo\/image\/\",\"url\":\"https:\/\/geoclimate.ge\/wp-content\/uploads\/2026\/03\/geoclimate-SEO.png\",\"contentUrl\":\"https:\/\/geoclimate.ge\/wp-content\/uploads\/2026\/03\/geoclimate-SEO.png\",\"width\":1536,\"height\":1024,\"caption\":\"GeoClimate\"},\"image\":{\"@id\":\"https:\/\/geoclimate.ge\/#\/schema\/logo\/image\/\"}}]}<\/script>\n<!-- \/ Yoast SEO plugin. -->","yoast_head_json":{"title":"FDS-3G_KS D\u00fczbucaql\u0131 Yan\u011f\u0131n Damperl\u0259ri - GeoClimate.ge","robots":{"index":"index","follow":"follow","max-snippet":"max-snippet:-1","max-image-preview":"max-image-preview:large","max-video-preview":"max-video-preview:-1"},"canonical":"https:\/\/geoclimate.ge\/az\/product\/fds-3g_ks-rectangular-fire-dampers\/","og_locale":"az_AZ","og_type":"article","og_title":"FDS-3G_KS D\u00fczbucaql\u0131 Yan\u011f\u0131n Damperl\u0259ri - GeoClimate.ge","og_description":"\u018fvv\u0259lc\u0259d\u0259n qura\u015fd\u0131r\u0131lm\u0131\u015f qura\u015fd\u0131rma d\u0259sti il\u0259 yan\u011f\u0131n damperi sad\u0259lik n\u0259z\u0259r\u0259 al\u0131nmaqla dizayn edilmi\u015fdir.  S\u00fcr\u0259tli qura\u015fd\u0131rma d\u0259r\u0259c\u0259si EI60S, EI90S, EI120S  Standart olaraq s\u0131zd\u0131rmazl\u0131q sinfi 3C  \u0130stisna olaraq a\u015fa\u011f\u0131 t\u0259zyiq d\u00fc\u015fm\u0259si  D\u0259yi\u015f\u0259n mexanizm","og_url":"https:\/\/geoclimate.ge\/az\/product\/fds-3g_ks-rectangular-fire-dampers\/","og_site_name":"GeoClimate.ge","article_modified_time":"2025-09-03T13:29:35+00:00","og_image":[{"width":640,"height":480,"url":"https:\/\/geoclimate.ge\/wp-content\/uploads\/2025\/09\/converted_COLLAGE_FDS-3G-KS_HQ.png","type":"image\/png"}],"twitter_card":"summary_large_image","twitter_misc":{"Est. reading time":"2 minutes"},"schema":{"@context":"https:\/\/schema.org","@graph":[{"@type":"WebPage","@id":"https:\/\/geoclimate.ge\/az\/product\/fds-3g_ks-rectangular-fire-dampers\/","url":"https:\/\/geoclimate.ge\/az\/product\/fds-3g_ks-rectangular-fire-dampers\/","name":"FDS-3G_KS D\u00fczbucaql\u0131 Yan\u011f\u0131n Damperl\u0259ri - GeoClimate.ge","isPartOf":{"@id":"https:\/\/geoclimate.ge\/#website"},"primaryImageOfPage":{"@id":"https:\/\/geoclimate.ge\/az\/product\/fds-3g_ks-rectangular-fire-dampers\/#primaryimage"},"image":{"@id":"https:\/\/geoclimate.ge\/az\/product\/fds-3g_ks-rectangular-fire-dampers\/#primaryimage"},"thumbnailUrl":"https:\/\/geoclimate.ge\/wp-content\/uploads\/2025\/09\/converted_COLLAGE_FDS-3G-KS_HQ.png","datePublished":"2025-09-03T13:11:41+00:00","dateModified":"2025-09-03T13:29:35+00:00","breadcrumb":{"@id":"https:\/\/geoclimate.ge\/az\/product\/fds-3g_ks-rectangular-fire-dampers\/#breadcrumb"},"inLanguage":"az","potentialAction":[{"@type":"ReadAction","target":["https:\/\/geoclimate.ge\/az\/product\/fds-3g_ks-rectangular-fire-dampers\/"]}]},{"@type":"ImageObject","inLanguage":"az","@id":"https:\/\/geoclimate.ge\/az\/product\/fds-3g_ks-rectangular-fire-dampers\/#primaryimage","url":"https:\/\/geoclimate.ge\/wp-content\/uploads\/2025\/09\/converted_COLLAGE_FDS-3G-KS_HQ.png","contentUrl":"https:\/\/geoclimate.ge\/wp-content\/uploads\/2025\/09\/converted_COLLAGE_FDS-3G-KS_HQ.png","width":640,"height":480},{"@type":"BreadcrumbList","@id":"https:\/\/geoclimate.ge\/az\/product\/fds-3g_ks-rectangular-fire-dampers\/#breadcrumb","itemListElement":[{"@type":"ListItem","position":1,"name":"Home","item":"https:\/\/geoclimate.ge\/az\/"},{"@type":"ListItem","position":2,"name":"M\u0259hsullar","item":"https:\/\/geoclimate.ge\/az\/products\/"},{"@type":"ListItem","position":3,"name":"FDS-3G_KS D\u00fczbucaql\u0131 Yan\u011f\u0131n Damperl\u0259ri"}]},{"@type":"WebSite","@id":"https:\/\/geoclimate.ge\/#website","url":"https:\/\/geoclimate.ge\/","name":"GeoClimate","description":"","publisher":{"@id":"https:\/\/geoclimate.ge\/#organization"},"potentialAction":[{"@type":"SearchAction","target":{"@type":"EntryPoint","urlTemplate":"https:\/\/geoclimate.ge\/?s={search_term_string}"},"query-input":{"@type":"PropertyValueSpecification","valueRequired":true,"valueName":"search_term_string"}}],"inLanguage":"az"},{"@type":"Organization","@id":"https:\/\/geoclimate.ge\/#organization","name":"GeoClimate","url":"https:\/\/geoclimate.ge\/","logo":{"@type":"ImageObject","inLanguage":"az","@id":"https:\/\/geoclimate.ge\/#\/schema\/logo\/image\/","url":"https:\/\/geoclimate.ge\/wp-content\/uploads\/2026\/03\/geoclimate-SEO.png","contentUrl":"https:\/\/geoclimate.ge\/wp-content\/uploads\/2026\/03\/geoclimate-SEO.png","width":1536,"height":1024,"caption":"GeoClimate"},"image":{"@id":"https:\/\/geoclimate.ge\/#\/schema\/logo\/image\/"}}]}},"_links":{"self":[{"href":"https:\/\/geoclimate.ge\/az\/wp-json\/wp\/v2\/product\/36215","targetHints":{"allow":["GET"]}}],"collection":[{"href":"https:\/\/geoclimate.ge\/az\/wp-json\/wp\/v2\/product"}],"about":[{"href":"https:\/\/geoclimate.ge\/az\/wp-json\/wp\/v2\/types\/product"}],"wp:featuredmedia":[{"embeddable":true,"href":"https:\/\/geoclimate.ge\/az\/wp-json\/wp\/v2\/media\/36210"}],"wp:attachment":[{"href":"https:\/\/geoclimate.ge\/az\/wp-json\/wp\/v2\/media?parent=36215"}],"wp:term":[{"taxonomy":"product_brand","embeddable":true,"href":"https:\/\/geoclimate.ge\/az\/wp-json\/wp\/v2\/product_brand?post=36215"},{"taxonomy":"product_cat","embeddable":true,"href":"https:\/\/geoclimate.ge\/az\/wp-json\/wp\/v2\/product_cat?post=36215"},{"taxonomy":"product_tag","embeddable":true,"href":"https:\/\/geoclimate.ge\/az\/wp-json\/wp\/v2\/product_tag?post=36215"}],"curies":[{"name":"wp","href":"https:\/\/api.w.org\/{rel}","templated":true}]}}