{"id":36485,"date":"2025-09-04T14:50:50","date_gmt":"2025-09-04T10:50:50","guid":{"rendered":"https:\/\/airsystems.ge\/shop\/product\/s-bm2-rectangular-smoke-control-dampers\/"},"modified":"2025-09-04T15:06:24","modified_gmt":"2025-09-04T11:06:24","slug":"s-bm2-rectangular-smoke-control-dampers","status":"publish","type":"product","link":"https:\/\/geoclimate.ge\/az\/product\/s-bm2-rectangular-smoke-control-dampers\/","title":{"rendered":"S-BM2 D\u00fczbucaql\u0131 T\u00fcst\u00fc N\u0259zar\u0259t Damperl\u0259ri"},"content":{"rendered":"<div class=\"mb-400 gtm-product-section container-fluid\" data-gtm-name=\"Benefits\" data-gtm-label=\"Benefits (en)\" data-gtm-vis-first-on-screen53434917_103=\"1855\" data-gtm-vis-total-visible-time53434917_103=\"1500\" data-gtm-vis-has-fired53434917_103=\"1\">\n<div class=\"row\">\n<div class=\"content-element content-element-product-benefit col-12 sm:col-6 mb-400\">\n<div class=\"bg-card px-300 py-250 mobile-nav:px-200 mobile-nav:py-150 h-full flex overflow-hidden card-border\">\n<div class=\"min-w-0\">\n<div class=\"mb-400 gtm-product-section container-fluid\" data-gtm-name=\"Benefits\" data-gtm-label=\"Benefits (en)\" data-gtm-vis-first-on-screen53434917_103=\"1855\" data-gtm-vis-total-visible-time53434917_103=\"1500\" data-gtm-vis-has-fired53434917_103=\"1\">\n<div class=\"row\">\n<div class=\"content-element content-element-product-benefit col-12 sm:col-6 mb-400\">\n<div class=\"bg-card px-300 py-250 mobile-nav:px-200 mobile-nav:py-150 h-full flex overflow-hidden card-border\">\n<div class=\"min-w-0\">\n<p><strong>4 damperin bir olaraq qura\u015fd\u0131r\u0131lmas\u0131<\/strong><br \/>\nBir batareya qur\u011fusunda 4 damper\u0259 q\u0259d\u0259r divara qura\u015fd\u0131rma<\/p>\n<p><strong>Qura\u015fd\u0131rmaq asand\u0131r<\/strong><br \/>\nS-BM2-nin \u00f6n l\u00f6vh\u0259 s\u0259thl\u0259ri barmaql\u0131qlar v\u0259 ya sac metal kanal flan\u015flar\u0131n\u0131 yerl\u0259\u015fdirm\u0259yi asanla\u015fd\u0131ran yivli \u0259lav\u0259l\u0259rl\u0259 t\u0259chiz edilmi\u015fdir. Bundan \u0259lav\u0259, mexanizm v\u0259 \u00f6t\u00fcr\u00fcc\u00fc amortizator korpusu v\u0259 h\u0259r t\u0259r\u0259fd\u0259n iki qapaq il\u0259 \u0259hat\u0259 olunmu\u015fdur.<\/p>\n<p><strong>Tam m\u00fcqavim\u0259t<\/strong><br \/>\n\u018fl m\u00fcdaxil\u0259si &#8220;MA&#8221; kateqoriyas\u0131na aid olan t\u00fcst\u00fc n\u0259zar\u0259t damperi kimi S-BM2 h\u0259tta yan\u011f\u0131na tam qapal\u0131 v\u0259ziyy\u0259td\u0259 d\u0259 i\u015fl\u0259y\u0259 bil\u0259r. \u0130lk 25 d\u0259qiq\u0259y\u0259 q\u0259d\u0259r siz h\u0259l\u0259 d\u0259 SHEVS qura\u015fd\u0131rmas\u0131n\u0131 d\u0259yi\u015f\u0259 bil\u0259rsiniz. Bu &#8220;MA&#8221; t\u0259snifatl\u0131 damperd\u0259n &#8220;AA&#8221; t\u0259snifatl\u0131 t\u00fcst\u00fc n\u0259zar\u0259t damperi kimi istifad\u0259 oluna bil\u0259r.<\/p>\n<p><strong>Performans \u00fc\u00e7\u00fcn qurulmu\u015fdur<\/strong><br \/>\nS-BM2 t\u00fcst\u00fcy\u0259 n\u0259zar\u0259t amortizatorlar\u0131 m\u00f6hk\u0259m sinkl\u0259nmi\u015f sacdan, kalsium silikat l\u00f6vh\u0259d\u0259n v\u0259 odadavaml\u0131 karbon fiberglasdan &#8211; t\u00fcst\u00fc v\u0259 yan\u011f\u0131n\u0131n yay\u0131lmas\u0131n\u0131n qar\u015f\u0131s\u0131n\u0131 alma\u011fa k\u00f6m\u0259k etm\u0259k \u00fc\u00e7\u00fcn b\u00fct\u00fcn t\u0259hl\u00fck\u0259li olmayan madd\u0259l\u0259rd\u0259n haz\u0131rlan\u0131r.<\/p>\n<p>S-BM2 T\u00fcst\u00fcy\u0259 n\u0259zar\u0259t damperl\u0259ri EN 12101-8-\u0259 uy\u011fun olaraq Tikinti M\u0259hsullar\u0131 Qaydas\u0131na uy\u011fun olaraq CE sertifikat\u0131na malikdir. EN 1366-10, EN 1366-2 uy\u011fun olaraq s\u0131naqdan ke\u00e7irilmi\u015f v\u0259 EN 13501-4 uy\u011fun olaraq t\u0259snif edilmi\u015fdir.<\/p>\n<p>S-BM2-nin g\u00f6vd\u0259 uzunlu\u011fu c\u0259mi 240 mm-dir v\u0259 b\u0131\u00e7a\u011f\u0131n k\u0259nar\u0131 yoxdur. T\u0259zyiq s\u0259viyy\u0259si 2-dir, bel\u0259likl\u0259, 1000 Pa a\u015fa\u011f\u0131 t\u0259zyiq h\u0259ddi v\u0259 300 Pa h\u0259ddind\u0259n art\u0131q t\u0259zyiq g\u00f6st\u0259rir.<\/p>\n<p>T\u00fcst\u00fc t\u0259nziml\u0259yici damper onun qura\u015fd\u0131r\u0131lmas\u0131 il\u0259 birlikd\u0259 yan\u011f\u0131na davaml\u0131l\u0131q d\u0259r\u0259c\u0259sinin ayr\u0131lmaz bir hiss\u0259sini t\u0259\u015fkil edir.<\/p>\n<p><iframe class=\"absolute inset-0 w-full h-full object-center object-contain\" title=\"Youtube Video\" src=\"https:\/\/www.youtube.com\/embed\/83xZPnJBe50\" frameborder=\"0\" allowfullscreen=\"allowfullscreen\" data-mce-fragment=\"1\"><\/iframe><\/p>\n<\/div>\n<\/div>\n<\/div>\n<\/div>\n<\/div>\n<\/div>\n<\/div>\n<\/div>\n<\/div>\n<\/div>\n<div class=\"mb-400 mt-700 relative container-fluid\">\n<div class=\"gtm-product-section\" data-gtm-name=\"Tech specs\" data-gtm-label=\"Tech specs\" data-offset=\"0\" data-gtm-vis-first-on-screen53434917_103=\"324209\" data-gtm-vis-total-visible-time53434917_103=\"1500\" data-gtm-vis-recent-on-screen53434917_103=\"327493\" data-gtm-vis-has-fired53434917_103=\"1\">\n<div class=\"row gap-y-150 mb-200 desktop-nav:mb-0 md ProductPageISSections_product-info-header___9p5M\">\n<div class=\"col-12 md:col-6 flex flex-row gap-100\">\n<h2 class=\"m-0\">Texniki x\u00fcsusiyy\u0259tl\u0259r<\/h2>\n<\/div>\n<div class=\" col-12 md:col-6 md:text-right print:hidden flex items-center justify-end mobile-nav:flex-col gap-050 \">\n<div class=\"whitespace-nowrap mobile-nav:w-full\"><button class=\"gtm-product-specsheet-link btn btn-secondary btn-small btn-icon-left xs-max:btn-block\">Download spec sheet<\/button><\/div>\n<\/div>\n<\/div>\n<\/div>\n<\/div>\n","protected":false},"excerpt":{"rendered":"<p>Z\u0259h\u0259rli qazlar\u0131, t\u00fcst\u00fcl\u0259ri v\u0259 yan\u011f\u0131n\u0131 tez bir zamanda t\u0259mizl\u0259yir v\u0259 ya yan\u011f\u0131n b\u00f6lm\u0259l\u0259rin\u0259 t\u0259z\u0259 hava \u00e7atd\u0131r\u0131r<\/p>\n<p>4 damper\u0259 q\u0259d\u0259r batareyan\u0131n qura\u015fd\u0131r\u0131lmas\u0131<\/p>\n<p>Divarlara, tavanlara v\u0259 ya kanallara qura\u015fd\u0131r\u0131la bil\u0259r.<\/p>\n<p>MA \u2013 t\u0259snif edil\u0259n \u0259l m\u00fcdaxil\u0259si<\/p>\n<p>\u201c\u00c7oxlu\u201d v\u0259 \u201cT\u0259k\u201d kimi t\u0259snif edil\u0259n b\u00f6lm\u0259l\u0259rd\u0259 \u00e7oxlu istifad\u0259<\/p>\n<p>Yan\u011f\u0131nda 30 d\u0259qiq\u0259 velosiped s\u00fcrd\u00fc? Problem yoxdur: HOT 400\/30 xo\u015f g\u0259lmisiniz<\/p>\n<p>Standart olaraq s\u0131zma sinfi 3C<\/p>\n","protected":false},"featured_media":36479,"template":"","meta":[],"product_brand":[],"product_cat":[1809,1799,1774],"product_tag":[],"class_list":{"0":"post-36485","1":"product","2":"type-product","3":"status-publish","4":"has-post-thumbnail","6":"product_cat-dordbucaqli-tustu-nzart-damperlri","7":"product_cat-tustuy-nzart-damperlri","8":"product_cat-yangin-thluksizliyi","10":"first","11":"instock","12":"shipping-taxable","13":"product-type-simple"},"yoast_head":"<!-- This site is optimized with the Yoast SEO plugin v27.1.1 - https:\/\/yoast.com\/product\/yoast-seo-wordpress\/ -->\n<title>S-BM2 D\u00fczbucaql\u0131 T\u00fcst\u00fc N\u0259zar\u0259t Damperl\u0259ri - GeoClimate.ge<\/title>\n<meta name=\"robots\" content=\"index, follow, max-snippet:-1, max-image-preview:large, max-video-preview:-1\" \/>\n<link rel=\"canonical\" href=\"https:\/\/geoclimate.ge\/az\/product\/s-bm2-rectangular-smoke-control-dampers\/\" \/>\n<meta property=\"og:locale\" content=\"az_AZ\" \/>\n<meta property=\"og:type\" content=\"article\" \/>\n<meta property=\"og:title\" content=\"S-BM2 D\u00fczbucaql\u0131 T\u00fcst\u00fc N\u0259zar\u0259t Damperl\u0259ri - GeoClimate.ge\" \/>\n<meta property=\"og:description\" content=\"Z\u0259h\u0259rli qazlar\u0131, t\u00fcst\u00fcl\u0259ri v\u0259 yan\u011f\u0131n\u0131 tez bir zamanda t\u0259mizl\u0259yir v\u0259 ya yan\u011f\u0131n b\u00f6lm\u0259l\u0259rin\u0259 t\u0259z\u0259 hava \u00e7atd\u0131r\u0131r  4 damper\u0259 q\u0259d\u0259r batareyan\u0131n qura\u015fd\u0131r\u0131lmas\u0131  Divarlara, tavanlara v\u0259 ya kanallara qura\u015fd\u0131r\u0131la bil\u0259r.  MA \u2013 t\u0259snif edil\u0259n \u0259l m\u00fcdaxil\u0259si  \u201c\u00c7oxlu\u201d v\u0259 \u201cT\u0259k\u201d kimi t\u0259snif edil\u0259n b\u00f6lm\u0259l\u0259rd\u0259 \u00e7oxlu istifad\u0259  Yan\u011f\u0131nda 30 d\u0259qiq\u0259 velosiped s\u00fcrd\u00fc? Problem yoxdur: HOT 400\/30 xo\u015f g\u0259lmisiniz  Standart olaraq s\u0131zma sinfi 3C\" \/>\n<meta property=\"og:url\" content=\"https:\/\/geoclimate.ge\/az\/product\/s-bm2-rectangular-smoke-control-dampers\/\" \/>\n<meta property=\"og:site_name\" content=\"GeoClimate.ge\" \/>\n<meta property=\"article:modified_time\" content=\"2025-09-04T11:06:24+00:00\" \/>\n<meta property=\"og:image\" content=\"https:\/\/geoclimate.ge\/wp-content\/uploads\/2025\/09\/COLLAGE_S-BM2_HQ-1.jpg\" \/>\n\t<meta property=\"og:image:width\" content=\"384\" \/>\n\t<meta property=\"og:image:height\" content=\"288\" \/>\n\t<meta property=\"og:image:type\" content=\"image\/jpeg\" \/>\n<meta name=\"twitter:card\" content=\"summary_large_image\" \/>\n<meta name=\"twitter:label1\" content=\"Est. reading time\" \/>\n\t<meta name=\"twitter:data1\" content=\"2 minutes\" \/>\n<script type=\"application\/ld+json\" class=\"yoast-schema-graph\">{\"@context\":\"https:\/\/schema.org\",\"@graph\":[{\"@type\":\"WebPage\",\"@id\":\"https:\/\/geoclimate.ge\/az\/product\/s-bm2-rectangular-smoke-control-dampers\/\",\"url\":\"https:\/\/geoclimate.ge\/az\/product\/s-bm2-rectangular-smoke-control-dampers\/\",\"name\":\"S-BM2 D\u00fczbucaql\u0131 T\u00fcst\u00fc N\u0259zar\u0259t Damperl\u0259ri - GeoClimate.ge\",\"isPartOf\":{\"@id\":\"https:\/\/geoclimate.ge\/#website\"},\"primaryImageOfPage\":{\"@id\":\"https:\/\/geoclimate.ge\/az\/product\/s-bm2-rectangular-smoke-control-dampers\/#primaryimage\"},\"image\":{\"@id\":\"https:\/\/geoclimate.ge\/az\/product\/s-bm2-rectangular-smoke-control-dampers\/#primaryimage\"},\"thumbnailUrl\":\"https:\/\/geoclimate.ge\/wp-content\/uploads\/2025\/09\/COLLAGE_S-BM2_HQ-1.jpg\",\"datePublished\":\"2025-09-04T10:50:50+00:00\",\"dateModified\":\"2025-09-04T11:06:24+00:00\",\"breadcrumb\":{\"@id\":\"https:\/\/geoclimate.ge\/az\/product\/s-bm2-rectangular-smoke-control-dampers\/#breadcrumb\"},\"inLanguage\":\"az\",\"potentialAction\":[{\"@type\":\"ReadAction\",\"target\":[\"https:\/\/geoclimate.ge\/az\/product\/s-bm2-rectangular-smoke-control-dampers\/\"]}]},{\"@type\":\"ImageObject\",\"inLanguage\":\"az\",\"@id\":\"https:\/\/geoclimate.ge\/az\/product\/s-bm2-rectangular-smoke-control-dampers\/#primaryimage\",\"url\":\"https:\/\/geoclimate.ge\/wp-content\/uploads\/2025\/09\/COLLAGE_S-BM2_HQ-1.jpg\",\"contentUrl\":\"https:\/\/geoclimate.ge\/wp-content\/uploads\/2025\/09\/COLLAGE_S-BM2_HQ-1.jpg\",\"width\":384,\"height\":288},{\"@type\":\"BreadcrumbList\",\"@id\":\"https:\/\/geoclimate.ge\/az\/product\/s-bm2-rectangular-smoke-control-dampers\/#breadcrumb\",\"itemListElement\":[{\"@type\":\"ListItem\",\"position\":1,\"name\":\"Home\",\"item\":\"https:\/\/geoclimate.ge\/az\/\"},{\"@type\":\"ListItem\",\"position\":2,\"name\":\"M\u0259hsullar\",\"item\":\"https:\/\/geoclimate.ge\/az\/products\/\"},{\"@type\":\"ListItem\",\"position\":3,\"name\":\"S-BM2 D\u00fczbucaql\u0131 T\u00fcst\u00fc N\u0259zar\u0259t Damperl\u0259ri\"}]},{\"@type\":\"WebSite\",\"@id\":\"https:\/\/geoclimate.ge\/#website\",\"url\":\"https:\/\/geoclimate.ge\/\",\"name\":\"GeoClimate\",\"description\":\"\",\"publisher\":{\"@id\":\"https:\/\/geoclimate.ge\/#organization\"},\"potentialAction\":[{\"@type\":\"SearchAction\",\"target\":{\"@type\":\"EntryPoint\",\"urlTemplate\":\"https:\/\/geoclimate.ge\/?s={search_term_string}\"},\"query-input\":{\"@type\":\"PropertyValueSpecification\",\"valueRequired\":true,\"valueName\":\"search_term_string\"}}],\"inLanguage\":\"az\"},{\"@type\":\"Organization\",\"@id\":\"https:\/\/geoclimate.ge\/#organization\",\"name\":\"GeoClimate\",\"url\":\"https:\/\/geoclimate.ge\/\",\"logo\":{\"@type\":\"ImageObject\",\"inLanguage\":\"az\",\"@id\":\"https:\/\/geoclimate.ge\/#\/schema\/logo\/image\/\",\"url\":\"https:\/\/geoclimate.ge\/wp-content\/uploads\/2026\/03\/geoclimate-SEO.png\",\"contentUrl\":\"https:\/\/geoclimate.ge\/wp-content\/uploads\/2026\/03\/geoclimate-SEO.png\",\"width\":1536,\"height\":1024,\"caption\":\"GeoClimate\"},\"image\":{\"@id\":\"https:\/\/geoclimate.ge\/#\/schema\/logo\/image\/\"}}]}<\/script>\n<!-- \/ Yoast SEO plugin. -->","yoast_head_json":{"title":"S-BM2 D\u00fczbucaql\u0131 T\u00fcst\u00fc N\u0259zar\u0259t Damperl\u0259ri - GeoClimate.ge","robots":{"index":"index","follow":"follow","max-snippet":"max-snippet:-1","max-image-preview":"max-image-preview:large","max-video-preview":"max-video-preview:-1"},"canonical":"https:\/\/geoclimate.ge\/az\/product\/s-bm2-rectangular-smoke-control-dampers\/","og_locale":"az_AZ","og_type":"article","og_title":"S-BM2 D\u00fczbucaql\u0131 T\u00fcst\u00fc N\u0259zar\u0259t Damperl\u0259ri - GeoClimate.ge","og_description":"Z\u0259h\u0259rli qazlar\u0131, t\u00fcst\u00fcl\u0259ri v\u0259 yan\u011f\u0131n\u0131 tez bir zamanda t\u0259mizl\u0259yir v\u0259 ya yan\u011f\u0131n b\u00f6lm\u0259l\u0259rin\u0259 t\u0259z\u0259 hava \u00e7atd\u0131r\u0131r  4 damper\u0259 q\u0259d\u0259r batareyan\u0131n qura\u015fd\u0131r\u0131lmas\u0131  Divarlara, tavanlara v\u0259 ya kanallara qura\u015fd\u0131r\u0131la bil\u0259r.  MA \u2013 t\u0259snif edil\u0259n \u0259l m\u00fcdaxil\u0259si  \u201c\u00c7oxlu\u201d v\u0259 \u201cT\u0259k\u201d kimi t\u0259snif edil\u0259n b\u00f6lm\u0259l\u0259rd\u0259 \u00e7oxlu istifad\u0259  Yan\u011f\u0131nda 30 d\u0259qiq\u0259 velosiped s\u00fcrd\u00fc? Problem yoxdur: HOT 400\/30 xo\u015f g\u0259lmisiniz  Standart olaraq s\u0131zma sinfi 3C","og_url":"https:\/\/geoclimate.ge\/az\/product\/s-bm2-rectangular-smoke-control-dampers\/","og_site_name":"GeoClimate.ge","article_modified_time":"2025-09-04T11:06:24+00:00","og_image":[{"width":384,"height":288,"url":"https:\/\/geoclimate.ge\/wp-content\/uploads\/2025\/09\/COLLAGE_S-BM2_HQ-1.jpg","type":"image\/jpeg"}],"twitter_card":"summary_large_image","twitter_misc":{"Est. reading time":"2 minutes"},"schema":{"@context":"https:\/\/schema.org","@graph":[{"@type":"WebPage","@id":"https:\/\/geoclimate.ge\/az\/product\/s-bm2-rectangular-smoke-control-dampers\/","url":"https:\/\/geoclimate.ge\/az\/product\/s-bm2-rectangular-smoke-control-dampers\/","name":"S-BM2 D\u00fczbucaql\u0131 T\u00fcst\u00fc N\u0259zar\u0259t Damperl\u0259ri - GeoClimate.ge","isPartOf":{"@id":"https:\/\/geoclimate.ge\/#website"},"primaryImageOfPage":{"@id":"https:\/\/geoclimate.ge\/az\/product\/s-bm2-rectangular-smoke-control-dampers\/#primaryimage"},"image":{"@id":"https:\/\/geoclimate.ge\/az\/product\/s-bm2-rectangular-smoke-control-dampers\/#primaryimage"},"thumbnailUrl":"https:\/\/geoclimate.ge\/wp-content\/uploads\/2025\/09\/COLLAGE_S-BM2_HQ-1.jpg","datePublished":"2025-09-04T10:50:50+00:00","dateModified":"2025-09-04T11:06:24+00:00","breadcrumb":{"@id":"https:\/\/geoclimate.ge\/az\/product\/s-bm2-rectangular-smoke-control-dampers\/#breadcrumb"},"inLanguage":"az","potentialAction":[{"@type":"ReadAction","target":["https:\/\/geoclimate.ge\/az\/product\/s-bm2-rectangular-smoke-control-dampers\/"]}]},{"@type":"ImageObject","inLanguage":"az","@id":"https:\/\/geoclimate.ge\/az\/product\/s-bm2-rectangular-smoke-control-dampers\/#primaryimage","url":"https:\/\/geoclimate.ge\/wp-content\/uploads\/2025\/09\/COLLAGE_S-BM2_HQ-1.jpg","contentUrl":"https:\/\/geoclimate.ge\/wp-content\/uploads\/2025\/09\/COLLAGE_S-BM2_HQ-1.jpg","width":384,"height":288},{"@type":"BreadcrumbList","@id":"https:\/\/geoclimate.ge\/az\/product\/s-bm2-rectangular-smoke-control-dampers\/#breadcrumb","itemListElement":[{"@type":"ListItem","position":1,"name":"Home","item":"https:\/\/geoclimate.ge\/az\/"},{"@type":"ListItem","position":2,"name":"M\u0259hsullar","item":"https:\/\/geoclimate.ge\/az\/products\/"},{"@type":"ListItem","position":3,"name":"S-BM2 D\u00fczbucaql\u0131 T\u00fcst\u00fc N\u0259zar\u0259t Damperl\u0259ri"}]},{"@type":"WebSite","@id":"https:\/\/geoclimate.ge\/#website","url":"https:\/\/geoclimate.ge\/","name":"GeoClimate","description":"","publisher":{"@id":"https:\/\/geoclimate.ge\/#organization"},"potentialAction":[{"@type":"SearchAction","target":{"@type":"EntryPoint","urlTemplate":"https:\/\/geoclimate.ge\/?s={search_term_string}"},"query-input":{"@type":"PropertyValueSpecification","valueRequired":true,"valueName":"search_term_string"}}],"inLanguage":"az"},{"@type":"Organization","@id":"https:\/\/geoclimate.ge\/#organization","name":"GeoClimate","url":"https:\/\/geoclimate.ge\/","logo":{"@type":"ImageObject","inLanguage":"az","@id":"https:\/\/geoclimate.ge\/#\/schema\/logo\/image\/","url":"https:\/\/geoclimate.ge\/wp-content\/uploads\/2026\/03\/geoclimate-SEO.png","contentUrl":"https:\/\/geoclimate.ge\/wp-content\/uploads\/2026\/03\/geoclimate-SEO.png","width":1536,"height":1024,"caption":"GeoClimate"},"image":{"@id":"https:\/\/geoclimate.ge\/#\/schema\/logo\/image\/"}}]}},"_links":{"self":[{"href":"https:\/\/geoclimate.ge\/az\/wp-json\/wp\/v2\/product\/36485","targetHints":{"allow":["GET"]}}],"collection":[{"href":"https:\/\/geoclimate.ge\/az\/wp-json\/wp\/v2\/product"}],"about":[{"href":"https:\/\/geoclimate.ge\/az\/wp-json\/wp\/v2\/types\/product"}],"wp:featuredmedia":[{"embeddable":true,"href":"https:\/\/geoclimate.ge\/az\/wp-json\/wp\/v2\/media\/36479"}],"wp:attachment":[{"href":"https:\/\/geoclimate.ge\/az\/wp-json\/wp\/v2\/media?parent=36485"}],"wp:term":[{"taxonomy":"product_brand","embeddable":true,"href":"https:\/\/geoclimate.ge\/az\/wp-json\/wp\/v2\/product_brand?post=36485"},{"taxonomy":"product_cat","embeddable":true,"href":"https:\/\/geoclimate.ge\/az\/wp-json\/wp\/v2\/product_cat?post=36485"},{"taxonomy":"product_tag","embeddable":true,"href":"https:\/\/geoclimate.ge\/az\/wp-json\/wp\/v2\/product_tag?post=36485"}],"curies":[{"name":"wp","href":"https:\/\/api.w.org\/{rel}","templated":true}]}}