{"id":36498,"date":"2025-09-04T15:09:26","date_gmt":"2025-09-04T11:09:26","guid":{"rendered":"https:\/\/airsystems.ge\/shop\/product\/s-ba2-rectangular-smoke-control-dampers\/"},"modified":"2025-09-04T15:10:38","modified_gmt":"2025-09-04T11:10:38","slug":"s-ba2-rectangular-smoke-control-dampers","status":"publish","type":"product","link":"https:\/\/geoclimate.ge\/az\/product\/s-ba2-rectangular-smoke-control-dampers\/","title":{"rendered":"S-BA2 D\u00f6rdbucaql\u0131 T\u00fcst\u00fc N\u0259zar\u0259t Damperl\u0259ri"},"content":{"rendered":"<div class=\"mb-400 gtm-product-section container-fluid\" data-gtm-name=\"Benefits\" data-gtm-label=\"Benefits (en)\" data-gtm-vis-first-on-screen53434917_103=\"106974\" data-gtm-vis-total-visible-time53434917_103=\"1500\" data-gtm-vis-has-fired53434917_103=\"1\">\n<div class=\"row\">\n<div class=\"content-element content-element-product-benefit col-12 sm:col-6 mb-400\">\n<div class=\"bg-card px-300 py-250 mobile-nav:px-200 mobile-nav:py-150 h-full flex overflow-hidden card-border\">\n<div class=\"min-w-0\">\n<p><strong>\u00c7ox y\u00f6nl\u00fc \u0259m\u0259liyyat<\/strong><br \/>\nS-BA2 t\u00fcst\u00fc n\u0259zar\u0259t damperl\u0259ri mexaniki v\u0259 ya t\u0259bii t\u00fcst\u00fc v\u0259 istilik \u00e7\u0131xarma sisteml\u0259ri il\u0259 i\u015fl\u0259yir.<\/p>\n<p><strong>Aktuatorun i\u015fl\u0259m\u0259si<\/strong><br \/>\nS-BA2 amortizatorlar\u0131 a\u00e7\u0131q v\u0259 qapal\u0131 t\u0259hl\u00fck\u0259sizlik m\u00f6vqel\u0259ri olan yays\u0131z \u00f6t\u00fcr\u00fcc\u00fcy\u0259 malikdir. T\u00fcst\u00fc n\u0259zar\u0259t damperl\u0259ri \u00fc\u00e7\u00fcn g\u00fcc laz\u0131md\u0131r.<\/p>\n<p>&nbsp;<\/p>\n<p><strong>Sinkl\u0259nmi\u015f Sac<\/strong><br \/>\nS-BA2-nin korpusu sinkl\u0259nmi\u015f sacdan haz\u0131rlanm\u0131\u015fd\u0131r. B\u0131\u00e7aqlar v\u0259 mexanizm\u0259 giri\u015f qap\u0131lar\u0131 kalsium silikat l\u00f6vh\u0259l\u0259rd\u0259n haz\u0131rlan\u0131r.<\/p>\n<p>&nbsp;<\/p>\n<p>S-BA2 t\u00fcst\u00fc n\u0259zar\u0259t damperl\u0259ri mexaniki v\u0259 ya t\u0259bii t\u00fcst\u00fc v\u0259 istilik \u00e7\u0131xarma sisteml\u0259ri il\u0259 i\u015fl\u0259m\u0259k \u00fc\u00e7\u00fcn n\u0259z\u0259rd\u0259 tutulmu\u015fdur. Onlar z\u0259h\u0259rli qazlar\u0131n, t\u00fcst\u00fcn\u00fcn v\u0259 yan\u011f\u0131n\u0131n aradan qald\u0131r\u0131lmas\u0131 \u00fc\u00e7\u00fcn effektiv vasit\u0259dir. Onlar h\u0259m\u00e7inin yan\u011f\u0131n b\u00f6lm\u0259l\u0259rini t\u0259miz hava il\u0259 t\u0259min ed\u0259 bil\u0259rl\u0259r. S-BA2 amortizatorlar\u0131 yays\u0131z \u00f6t\u00fcr\u00fcc\u00fc vasit\u0259sil\u0259 i\u015fl\u0259yir. Bu o dem\u0259kdir ki, onlar h\u0259m a\u00e7\u0131q, h\u0259m d\u0259 qapal\u0131 t\u0259hl\u00fck\u0259sizlik m\u00f6vqeyin\u0259 malikdirl\u0259r. T\u00fcst\u00fcy\u0259 n\u0259zar\u0259t damperl\u0259ri enerji t\u0259chizat\u0131 t\u0259l\u0259b edir.<\/p>\n<p>T\u00fcst\u00fc t\u0259nziml\u0259yici amortizatorlar\u0131n g\u00f6vd\u0259 uzunlu\u011fu 145 mm-dir v\u0259 b\u0131\u00e7aq \u00e7\u0131x\u0131nt\u0131lar\u0131 yoxdur. T\u00fcst\u00fcy\u0259 n\u0259zar\u0259t damperl\u0259ri divarlara v\u0259 ya kanallara qura\u015fd\u0131r\u0131la bil\u0259r. S-BA2 korpusu sinkl\u0259nmi\u015f sacdan haz\u0131rlanm\u0131\u015fd\u0131r. B\u0131\u00e7aqlar v\u0259 mexanizm\u0259 giri\u015f qap\u0131lar\u0131 kalsium silikat l\u00f6vh\u0259l\u0259rd\u0259n haz\u0131rlan\u0131r. \u015ei\u015fir\u0259n s\u0131zd\u0131rmazl\u0131\u011f\u0131 olan k\u00f6p\u00fck m\u00f6h\u00fcr\u00fc istilik v\u0259 ya t\u00fcst\u00fc s\u0131zmas\u0131n\u0131n qar\u015f\u0131s\u0131n\u0131 al\u0131r. Damperin korpusu v\u0259 iki t\u0259r\u0259fd\u0259n iki qapaq S-BA2-nin mexanizmini v\u0259 \u00f6t\u00fcr\u00fcc\u00fcn\u00fc qoruyur. Onlar h\u0259m\u00e7inin asan \u0259laq\u0259 \u00fc\u00e7\u00fcn giri\u015f t\u0259min edirl\u0259r.<\/p>\n<\/div>\n<\/div>\n<\/div>\n<\/div>\n<\/div>\n<div class=\"content-container content-container-page gtm-product-section\" data-gtm-name=\"Content\" data-gtm-label=\"Content (en)\" data-gtm-vis-recent-on-screen53434917_103=\"116665\" data-gtm-vis-first-on-screen53434917_103=\"116665\" data-gtm-vis-total-visible-time53434917_103=\"1500\" data-gtm-vis-has-fired53434917_103=\"1\">\n<div class=\"content-element content-element-divider gtm-component-divider container-fluid\">\n<div class=\"row\">\n<div class=\"md:col-7 md:offset-1\">\n<div class=\"py-500 my-100\">\n<hr class=\"m-0 border-none\" \/>\n<\/div>\n<\/div>\n<\/div>\n<\/div>\n<div id=\"scroll-98635edd\" class=\"content-element content-element-video gtm-component-video container-fluid\">\n<div class=\"row\">\n<div class=\"md:col-10 md:offset-1\">\n<div class=\"relative\">\n<div class=\"block w-full\"><\/div>\n<p><iframe class=\"absolute inset-0 w-full h-full object-center object-contain\" title=\"Youtube Video\" src=\"https:\/\/www.youtube.com\/embed\/IPs9v-bgeFU\" frameborder=\"0\" allowfullscreen=\"allowfullscreen\" data-mce-fragment=\"1\"><\/iframe><\/p>\n<\/div>\n<\/div>\n<\/div>\n<\/div>\n<\/div>\n<div class=\"mb-400 mt-700 relative container-fluid\">\n<div class=\"gtm-product-section\" data-gtm-name=\"Documentation\" data-gtm-label=\"Documentation\" data-offset=\"0\" data-gtm-vis-recent-on-screen53434917_103=\"117100\" data-gtm-vis-first-on-screen53434917_103=\"117100\" data-gtm-vis-total-visible-time53434917_103=\"1500\" data-gtm-vis-has-fired53434917_103=\"1\">\n<div class=\"row gap-y-150 mb-200 desktop-nav:mb-0 md ProductPageISSections_product-info-header___9p5M\">\n<div class=\"col-12 md:col-6 flex flex-row gap-100\">\n<h2 class=\"m-0\">S\u0259n\u0259dl\u0259\u015fdirm\u0259<\/h2>\n<\/div>\n<div class=\" col-12 md:col-6 md:text-right print:hidden flex items-center justify-end mobile-nav:flex-col gap-050 \">\n<div class=\"\"><button class=\"gtm-product-specsheet-link btn btn-secondary btn-small btn-icon-left xs-max:btn-block\">Download spec sheet<\/button><\/div>\n<\/div>\n<\/div>\n<\/div>\n<\/div>\n","protected":false},"excerpt":{"rendered":"<p>Mexanik v\u0259 ya t\u0259bii t\u00fcst\u00fc v\u0259 istilik \u00e7\u0131xarma sisteml\u0259ri \u00fc\u00e7\u00fcn T\u00fcst\u00fc N\u0259zar\u0259t Damperi<\/p>\n<p>Divar v\u0259 ya kanal qura\u015fd\u0131r\u0131lmas\u0131<\/p>\n<p>\u00c7ox y\u00f6nl\u00fc \u0259m\u0259liyyat<\/p>\n<p>Sinkl\u0259nmi\u015f Sac<\/p>\n<p>Asan Ba\u011flant\u0131<\/p>\n","protected":false},"featured_media":36493,"template":"","meta":[],"product_brand":[],"product_cat":[1809,1799,1774],"product_tag":[],"class_list":{"0":"post-36498","1":"product","2":"type-product","3":"status-publish","4":"has-post-thumbnail","6":"product_cat-dordbucaqli-tustu-nzart-damperlri","7":"product_cat-tustuy-nzart-damperlri","8":"product_cat-yangin-thluksizliyi","10":"first","11":"instock","12":"shipping-taxable","13":"product-type-simple"},"yoast_head":"<!-- This site is optimized with the Yoast SEO plugin v27.1.1 - https:\/\/yoast.com\/product\/yoast-seo-wordpress\/ -->\n<title>S-BA2 D\u00f6rdbucaql\u0131 T\u00fcst\u00fc N\u0259zar\u0259t Damperl\u0259ri - GeoClimate.ge<\/title>\n<meta name=\"robots\" content=\"index, follow, max-snippet:-1, max-image-preview:large, max-video-preview:-1\" \/>\n<link rel=\"canonical\" href=\"https:\/\/geoclimate.ge\/az\/product\/s-ba2-rectangular-smoke-control-dampers\/\" \/>\n<meta property=\"og:locale\" content=\"az_AZ\" \/>\n<meta property=\"og:type\" content=\"article\" \/>\n<meta property=\"og:title\" content=\"S-BA2 D\u00f6rdbucaql\u0131 T\u00fcst\u00fc N\u0259zar\u0259t Damperl\u0259ri - GeoClimate.ge\" \/>\n<meta property=\"og:description\" content=\"Mexanik v\u0259 ya t\u0259bii t\u00fcst\u00fc v\u0259 istilik \u00e7\u0131xarma sisteml\u0259ri \u00fc\u00e7\u00fcn T\u00fcst\u00fc N\u0259zar\u0259t Damperi  Divar v\u0259 ya kanal qura\u015fd\u0131r\u0131lmas\u0131  \u00c7ox y\u00f6nl\u00fc \u0259m\u0259liyyat  Sinkl\u0259nmi\u015f Sac  Asan Ba\u011flant\u0131\" \/>\n<meta property=\"og:url\" content=\"https:\/\/geoclimate.ge\/az\/product\/s-ba2-rectangular-smoke-control-dampers\/\" \/>\n<meta property=\"og:site_name\" content=\"GeoClimate.ge\" \/>\n<meta property=\"article:modified_time\" content=\"2025-09-04T11:10:38+00:00\" \/>\n<meta property=\"og:image\" content=\"https:\/\/geoclimate.ge\/wp-content\/uploads\/2025\/09\/COLLAGE_S-BM2_HQ-1-1.jpg\" \/>\n\t<meta property=\"og:image:width\" content=\"384\" \/>\n\t<meta property=\"og:image:height\" content=\"288\" \/>\n\t<meta property=\"og:image:type\" content=\"image\/jpeg\" \/>\n<meta name=\"twitter:card\" content=\"summary_large_image\" \/>\n<meta name=\"twitter:label1\" content=\"Est. reading time\" \/>\n\t<meta name=\"twitter:data1\" content=\"2 minutes\" \/>\n<script type=\"application\/ld+json\" class=\"yoast-schema-graph\">{\"@context\":\"https:\/\/schema.org\",\"@graph\":[{\"@type\":\"WebPage\",\"@id\":\"https:\/\/geoclimate.ge\/az\/product\/s-ba2-rectangular-smoke-control-dampers\/\",\"url\":\"https:\/\/geoclimate.ge\/az\/product\/s-ba2-rectangular-smoke-control-dampers\/\",\"name\":\"S-BA2 D\u00f6rdbucaql\u0131 T\u00fcst\u00fc N\u0259zar\u0259t Damperl\u0259ri - GeoClimate.ge\",\"isPartOf\":{\"@id\":\"https:\/\/geoclimate.ge\/#website\"},\"primaryImageOfPage\":{\"@id\":\"https:\/\/geoclimate.ge\/az\/product\/s-ba2-rectangular-smoke-control-dampers\/#primaryimage\"},\"image\":{\"@id\":\"https:\/\/geoclimate.ge\/az\/product\/s-ba2-rectangular-smoke-control-dampers\/#primaryimage\"},\"thumbnailUrl\":\"https:\/\/geoclimate.ge\/wp-content\/uploads\/2025\/09\/COLLAGE_S-BM2_HQ-1-1.jpg\",\"datePublished\":\"2025-09-04T11:09:26+00:00\",\"dateModified\":\"2025-09-04T11:10:38+00:00\",\"breadcrumb\":{\"@id\":\"https:\/\/geoclimate.ge\/az\/product\/s-ba2-rectangular-smoke-control-dampers\/#breadcrumb\"},\"inLanguage\":\"az\",\"potentialAction\":[{\"@type\":\"ReadAction\",\"target\":[\"https:\/\/geoclimate.ge\/az\/product\/s-ba2-rectangular-smoke-control-dampers\/\"]}]},{\"@type\":\"ImageObject\",\"inLanguage\":\"az\",\"@id\":\"https:\/\/geoclimate.ge\/az\/product\/s-ba2-rectangular-smoke-control-dampers\/#primaryimage\",\"url\":\"https:\/\/geoclimate.ge\/wp-content\/uploads\/2025\/09\/COLLAGE_S-BM2_HQ-1-1.jpg\",\"contentUrl\":\"https:\/\/geoclimate.ge\/wp-content\/uploads\/2025\/09\/COLLAGE_S-BM2_HQ-1-1.jpg\",\"width\":384,\"height\":288},{\"@type\":\"BreadcrumbList\",\"@id\":\"https:\/\/geoclimate.ge\/az\/product\/s-ba2-rectangular-smoke-control-dampers\/#breadcrumb\",\"itemListElement\":[{\"@type\":\"ListItem\",\"position\":1,\"name\":\"Home\",\"item\":\"https:\/\/geoclimate.ge\/az\/\"},{\"@type\":\"ListItem\",\"position\":2,\"name\":\"M\u0259hsullar\",\"item\":\"https:\/\/geoclimate.ge\/az\/products\/\"},{\"@type\":\"ListItem\",\"position\":3,\"name\":\"S-BA2 D\u00f6rdbucaql\u0131 T\u00fcst\u00fc N\u0259zar\u0259t Damperl\u0259ri\"}]},{\"@type\":\"WebSite\",\"@id\":\"https:\/\/geoclimate.ge\/#website\",\"url\":\"https:\/\/geoclimate.ge\/\",\"name\":\"GeoClimate\",\"description\":\"\",\"publisher\":{\"@id\":\"https:\/\/geoclimate.ge\/#organization\"},\"potentialAction\":[{\"@type\":\"SearchAction\",\"target\":{\"@type\":\"EntryPoint\",\"urlTemplate\":\"https:\/\/geoclimate.ge\/?s={search_term_string}\"},\"query-input\":{\"@type\":\"PropertyValueSpecification\",\"valueRequired\":true,\"valueName\":\"search_term_string\"}}],\"inLanguage\":\"az\"},{\"@type\":\"Organization\",\"@id\":\"https:\/\/geoclimate.ge\/#organization\",\"name\":\"GeoClimate\",\"url\":\"https:\/\/geoclimate.ge\/\",\"logo\":{\"@type\":\"ImageObject\",\"inLanguage\":\"az\",\"@id\":\"https:\/\/geoclimate.ge\/#\/schema\/logo\/image\/\",\"url\":\"https:\/\/geoclimate.ge\/wp-content\/uploads\/2026\/03\/geoclimate-SEO.png\",\"contentUrl\":\"https:\/\/geoclimate.ge\/wp-content\/uploads\/2026\/03\/geoclimate-SEO.png\",\"width\":1536,\"height\":1024,\"caption\":\"GeoClimate\"},\"image\":{\"@id\":\"https:\/\/geoclimate.ge\/#\/schema\/logo\/image\/\"}}]}<\/script>\n<!-- \/ Yoast SEO plugin. -->","yoast_head_json":{"title":"S-BA2 D\u00f6rdbucaql\u0131 T\u00fcst\u00fc N\u0259zar\u0259t Damperl\u0259ri - GeoClimate.ge","robots":{"index":"index","follow":"follow","max-snippet":"max-snippet:-1","max-image-preview":"max-image-preview:large","max-video-preview":"max-video-preview:-1"},"canonical":"https:\/\/geoclimate.ge\/az\/product\/s-ba2-rectangular-smoke-control-dampers\/","og_locale":"az_AZ","og_type":"article","og_title":"S-BA2 D\u00f6rdbucaql\u0131 T\u00fcst\u00fc N\u0259zar\u0259t Damperl\u0259ri - GeoClimate.ge","og_description":"Mexanik v\u0259 ya t\u0259bii t\u00fcst\u00fc v\u0259 istilik \u00e7\u0131xarma sisteml\u0259ri \u00fc\u00e7\u00fcn T\u00fcst\u00fc N\u0259zar\u0259t Damperi  Divar v\u0259 ya kanal qura\u015fd\u0131r\u0131lmas\u0131  \u00c7ox y\u00f6nl\u00fc \u0259m\u0259liyyat  Sinkl\u0259nmi\u015f Sac  Asan Ba\u011flant\u0131","og_url":"https:\/\/geoclimate.ge\/az\/product\/s-ba2-rectangular-smoke-control-dampers\/","og_site_name":"GeoClimate.ge","article_modified_time":"2025-09-04T11:10:38+00:00","og_image":[{"width":384,"height":288,"url":"https:\/\/geoclimate.ge\/wp-content\/uploads\/2025\/09\/COLLAGE_S-BM2_HQ-1-1.jpg","type":"image\/jpeg"}],"twitter_card":"summary_large_image","twitter_misc":{"Est. reading time":"2 minutes"},"schema":{"@context":"https:\/\/schema.org","@graph":[{"@type":"WebPage","@id":"https:\/\/geoclimate.ge\/az\/product\/s-ba2-rectangular-smoke-control-dampers\/","url":"https:\/\/geoclimate.ge\/az\/product\/s-ba2-rectangular-smoke-control-dampers\/","name":"S-BA2 D\u00f6rdbucaql\u0131 T\u00fcst\u00fc N\u0259zar\u0259t Damperl\u0259ri - GeoClimate.ge","isPartOf":{"@id":"https:\/\/geoclimate.ge\/#website"},"primaryImageOfPage":{"@id":"https:\/\/geoclimate.ge\/az\/product\/s-ba2-rectangular-smoke-control-dampers\/#primaryimage"},"image":{"@id":"https:\/\/geoclimate.ge\/az\/product\/s-ba2-rectangular-smoke-control-dampers\/#primaryimage"},"thumbnailUrl":"https:\/\/geoclimate.ge\/wp-content\/uploads\/2025\/09\/COLLAGE_S-BM2_HQ-1-1.jpg","datePublished":"2025-09-04T11:09:26+00:00","dateModified":"2025-09-04T11:10:38+00:00","breadcrumb":{"@id":"https:\/\/geoclimate.ge\/az\/product\/s-ba2-rectangular-smoke-control-dampers\/#breadcrumb"},"inLanguage":"az","potentialAction":[{"@type":"ReadAction","target":["https:\/\/geoclimate.ge\/az\/product\/s-ba2-rectangular-smoke-control-dampers\/"]}]},{"@type":"ImageObject","inLanguage":"az","@id":"https:\/\/geoclimate.ge\/az\/product\/s-ba2-rectangular-smoke-control-dampers\/#primaryimage","url":"https:\/\/geoclimate.ge\/wp-content\/uploads\/2025\/09\/COLLAGE_S-BM2_HQ-1-1.jpg","contentUrl":"https:\/\/geoclimate.ge\/wp-content\/uploads\/2025\/09\/COLLAGE_S-BM2_HQ-1-1.jpg","width":384,"height":288},{"@type":"BreadcrumbList","@id":"https:\/\/geoclimate.ge\/az\/product\/s-ba2-rectangular-smoke-control-dampers\/#breadcrumb","itemListElement":[{"@type":"ListItem","position":1,"name":"Home","item":"https:\/\/geoclimate.ge\/az\/"},{"@type":"ListItem","position":2,"name":"M\u0259hsullar","item":"https:\/\/geoclimate.ge\/az\/products\/"},{"@type":"ListItem","position":3,"name":"S-BA2 D\u00f6rdbucaql\u0131 T\u00fcst\u00fc N\u0259zar\u0259t Damperl\u0259ri"}]},{"@type":"WebSite","@id":"https:\/\/geoclimate.ge\/#website","url":"https:\/\/geoclimate.ge\/","name":"GeoClimate","description":"","publisher":{"@id":"https:\/\/geoclimate.ge\/#organization"},"potentialAction":[{"@type":"SearchAction","target":{"@type":"EntryPoint","urlTemplate":"https:\/\/geoclimate.ge\/?s={search_term_string}"},"query-input":{"@type":"PropertyValueSpecification","valueRequired":true,"valueName":"search_term_string"}}],"inLanguage":"az"},{"@type":"Organization","@id":"https:\/\/geoclimate.ge\/#organization","name":"GeoClimate","url":"https:\/\/geoclimate.ge\/","logo":{"@type":"ImageObject","inLanguage":"az","@id":"https:\/\/geoclimate.ge\/#\/schema\/logo\/image\/","url":"https:\/\/geoclimate.ge\/wp-content\/uploads\/2026\/03\/geoclimate-SEO.png","contentUrl":"https:\/\/geoclimate.ge\/wp-content\/uploads\/2026\/03\/geoclimate-SEO.png","width":1536,"height":1024,"caption":"GeoClimate"},"image":{"@id":"https:\/\/geoclimate.ge\/#\/schema\/logo\/image\/"}}]}},"_links":{"self":[{"href":"https:\/\/geoclimate.ge\/az\/wp-json\/wp\/v2\/product\/36498","targetHints":{"allow":["GET"]}}],"collection":[{"href":"https:\/\/geoclimate.ge\/az\/wp-json\/wp\/v2\/product"}],"about":[{"href":"https:\/\/geoclimate.ge\/az\/wp-json\/wp\/v2\/types\/product"}],"wp:featuredmedia":[{"embeddable":true,"href":"https:\/\/geoclimate.ge\/az\/wp-json\/wp\/v2\/media\/36493"}],"wp:attachment":[{"href":"https:\/\/geoclimate.ge\/az\/wp-json\/wp\/v2\/media?parent=36498"}],"wp:term":[{"taxonomy":"product_brand","embeddable":true,"href":"https:\/\/geoclimate.ge\/az\/wp-json\/wp\/v2\/product_brand?post=36498"},{"taxonomy":"product_cat","embeddable":true,"href":"https:\/\/geoclimate.ge\/az\/wp-json\/wp\/v2\/product_cat?post=36498"},{"taxonomy":"product_tag","embeddable":true,"href":"https:\/\/geoclimate.ge\/az\/wp-json\/wp\/v2\/product_tag?post=36498"}],"curies":[{"name":"wp","href":"https:\/\/api.w.org\/{rel}","templated":true}]}}