{"id":36511,"date":"2025-09-04T15:19:39","date_gmt":"2025-09-04T11:19:39","guid":{"rendered":"https:\/\/airsystems.ge\/shop\/product\/s-sa2l-rectangular-smoke-control-dampers\/"},"modified":"2025-09-04T15:24:15","modified_gmt":"2025-09-04T11:24:15","slug":"s-sa2l-rectangular-smoke-control-dampers","status":"publish","type":"product","link":"https:\/\/geoclimate.ge\/az\/product\/s-sa2l-rectangular-smoke-control-dampers\/","title":{"rendered":"S-SA2L D\u00f6rdbucaql\u0131 T\u00fcst\u00fc N\u0259zar\u0259t Damperl\u0259ri"},"content":{"rendered":"<div class=\"mb-400 gtm-product-section container-fluid\" data-gtm-name=\"Benefits\" data-gtm-label=\"Benefits (en)\" data-gtm-vis-recent-on-screen53434917_103=\"1619\" data-gtm-vis-first-on-screen53434917_103=\"1619\" data-gtm-vis-total-visible-time53434917_103=\"1500\" data-gtm-vis-has-fired53434917_103=\"1\">\n<div class=\"row\">\n<div class=\"content-element content-element-product-benefit col-12 sm:col-6 mb-400\">\n<div class=\"bg-card px-300 py-250 mobile-nav:px-200 mobile-nav:py-150 h-full flex overflow-hidden card-border\">\n<div class=\"min-w-0\">\n<p><strong>Ciddi \u015f\u0259kild\u0259 s\u0131naqdan ke\u00e7irilmi\u015fdir<\/strong><br \/>\nBir \u00e7ox istiqam\u0259tl\u0259rd\u0259 kanallar\u0131n qura\u015fd\u0131r\u0131lmas\u0131 m\u00fcmk\u00fcnd\u00fcr. Layih\u0259niz &#8220;\u00e7ox&#8221; zonalarda \u0259n yax\u015f\u0131 dostunuz.<\/p>\n<p><strong>T\u0259zyiq s\u0259viyy\u0259si<\/strong><br \/>\n\u018fld\u0259 edilmi\u015f \u0259n y\u00fcks\u0259k t\u0259zyiq s\u0259viyy\u0259sind\u0259n istifad\u0259 ed\u0259r\u0259k layih\u0259 dizayn\u0131n\u0131zla s\u0259m\u0259r\u0259li olun.<\/p>\n<p><strong>M\u00fcxt\u0259lif \u0259laq\u0259l\u0259r \u00fc\u00e7\u00fcn haz\u0131rlanm\u0131\u015fd\u0131r<\/strong><br \/>\nStandart metal v\u0259 kalsium silikat kanallar\u0131n\u0131n qo\u015fulma imkanlar\u0131.<\/p>\n<p>S-SA2L z\u0259h\u0259rli qazlar, t\u00fcst\u00fc v\u0259 yan\u011f\u0131n \u00e7\u0131xar\u0131n v\u0259 ya yan\u011f\u0131n b\u00f6lm\u0259l\u0259rin\u0259 t\u0259miz hava t\u0259dar\u00fck\u00fcn\u00fc t\u0259min edin. T\u00fcst\u00fcd\u0259n qoruyan amortizatorlar yays\u0131z \u00f6t\u00fcr\u00fcc\u00fc il\u0259 t\u0259chiz olunub v\u0259 h\u0259tta yan\u011f\u0131n zaman\u0131 g\u00fcc t\u0259l\u0259b edir.<\/p>\n<p>S-SA2L sinkl\u0259nmi\u015f sacdan haz\u0131rlanm\u0131\u015f korpusa v\u0259 barmaql\u0131\u011fa malikdir. Damper b\u0131\u00e7a\u011f\u0131 kalsium silikat l\u00f6vh\u0259l\u0259rd\u0259n haz\u0131rlan\u0131r. Qapal\u0131 amortizator t\u00fcst\u00fc v\u0259 istiliyin t\u0259hl\u00fck\u0259li yay\u0131lmas\u0131n\u0131n qar\u015f\u0131s\u0131n\u0131 almaq \u00fc\u00e7\u00fcn aktiv \u015fi\u015fm\u0259 s\u0131zd\u0131rmazl\u0131\u011f\u0131 il\u0259 ba\u011flan\u0131r.<\/p>\n<p><strong>S\u0259n\u0259dl\u0259\u015fdirm\u0259<\/strong><\/p>\n<\/div>\n<\/div>\n<\/div>\n<\/div>\n<\/div>\n<div class=\"mb-400 mt-700 relative container-fluid\">\n<div class=\"gtm-product-section\" data-gtm-name=\"Documentation\" data-gtm-label=\"Documentation\" data-offset=\"0\" data-gtm-vis-recent-on-screen53434917_103=\"102492\" data-gtm-vis-first-on-screen53434917_103=\"102492\" data-gtm-vis-total-visible-time53434917_103=\"1500\" data-gtm-vis-has-fired53434917_103=\"1\">\n<div class=\"row gap-y-150 mb-200 desktop-nav:mb-0 md ProductPageISSections_product-info-header___9p5M\">\n<div class=\" col-12 md:col-6 md:text-right print:hidden flex items-center justify-end mobile-nav:flex-col gap-050 \">\n<div class=\"\"><button class=\"gtm-product-specsheet-link btn btn-secondary btn-small btn-icon-left xs-max:btn-block\">Download spec sheet<\/button><\/div>\n<\/div>\n<\/div>\n<\/div>\n<\/div>\n","protected":false},"excerpt":{"rendered":"<p>T\u00fcst\u00fc v\u0259 istilik \u00e7\u0131xarma sisteml\u0259rind\u0259 effektiv t\u00fcst\u00fc n\u0259zar\u0259ti<\/p>\n<p>Kanal qura\u015fd\u0131rmalar\u0131n\u0131n geni\u015f \u00e7e\u015fidi<\/p>\n<p>AA &#8211; avtomatik aktivl\u0259\u015fdirm\u0259<\/p>\n<p>\u201c\u00c7oxlu\u201d v\u0259 \u201cT\u0259k\u201d kimi t\u0259snif edil\u0259n b\u00f6lm\u0259l\u0259rd\u0259 \u00e7oxlu istifad\u0259<\/p>\n<p>T\u0259zyiq s\u0259viyy\u0259si 3 (-1500 Pa \u2026 500 Pa)<\/p>\n<p>Standart olaraq s\u0131zma sinfi 3C<\/p>\n","protected":false},"featured_media":36506,"template":"","meta":[],"product_brand":[],"product_cat":[1809,1799,1774],"product_tag":[],"class_list":{"0":"post-36511","1":"product","2":"type-product","3":"status-publish","4":"has-post-thumbnail","6":"product_cat-dordbucaqli-tustu-nzart-damperlri","7":"product_cat-tustuy-nzart-damperlri","8":"product_cat-yangin-thluksizliyi","10":"first","11":"instock","12":"shipping-taxable","13":"product-type-simple"},"yoast_head":"<!-- This site is optimized with the Yoast SEO plugin v27.1.1 - https:\/\/yoast.com\/product\/yoast-seo-wordpress\/ -->\n<title>S-SA2L D\u00f6rdbucaql\u0131 T\u00fcst\u00fc N\u0259zar\u0259t Damperl\u0259ri - GeoClimate.ge<\/title>\n<meta name=\"robots\" content=\"index, follow, max-snippet:-1, max-image-preview:large, max-video-preview:-1\" \/>\n<link rel=\"canonical\" href=\"https:\/\/geoclimate.ge\/az\/product\/s-sa2l-rectangular-smoke-control-dampers\/\" \/>\n<meta property=\"og:locale\" content=\"az_AZ\" \/>\n<meta property=\"og:type\" content=\"article\" \/>\n<meta property=\"og:title\" content=\"S-SA2L D\u00f6rdbucaql\u0131 T\u00fcst\u00fc N\u0259zar\u0259t Damperl\u0259ri - GeoClimate.ge\" \/>\n<meta property=\"og:description\" content=\"T\u00fcst\u00fc v\u0259 istilik \u00e7\u0131xarma sisteml\u0259rind\u0259 effektiv t\u00fcst\u00fc n\u0259zar\u0259ti  Kanal qura\u015fd\u0131rmalar\u0131n\u0131n geni\u015f \u00e7e\u015fidi  AA - avtomatik aktivl\u0259\u015fdirm\u0259  \u201c\u00c7oxlu\u201d v\u0259 \u201cT\u0259k\u201d kimi t\u0259snif edil\u0259n b\u00f6lm\u0259l\u0259rd\u0259 \u00e7oxlu istifad\u0259  T\u0259zyiq s\u0259viyy\u0259si 3 (-1500 Pa \u2026 500 Pa)  Standart olaraq s\u0131zma sinfi 3C\" \/>\n<meta property=\"og:url\" content=\"https:\/\/geoclimate.ge\/az\/product\/s-sa2l-rectangular-smoke-control-dampers\/\" \/>\n<meta property=\"og:site_name\" content=\"GeoClimate.ge\" \/>\n<meta property=\"article:modified_time\" content=\"2025-09-04T11:24:15+00:00\" \/>\n<meta property=\"og:image\" content=\"https:\/\/geoclimate.ge\/wp-content\/uploads\/2025\/09\/PRODUCT-MAIN-IMAGE_S_SA2L.jpg\" \/>\n\t<meta property=\"og:image:width\" content=\"384\" \/>\n\t<meta property=\"og:image:height\" content=\"288\" \/>\n\t<meta property=\"og:image:type\" content=\"image\/jpeg\" \/>\n<meta name=\"twitter:card\" content=\"summary_large_image\" \/>\n<meta name=\"twitter:label1\" content=\"Est. reading time\" \/>\n\t<meta name=\"twitter:data1\" content=\"1 minute\" \/>\n<script type=\"application\/ld+json\" class=\"yoast-schema-graph\">{\"@context\":\"https:\/\/schema.org\",\"@graph\":[{\"@type\":\"WebPage\",\"@id\":\"https:\/\/geoclimate.ge\/az\/product\/s-sa2l-rectangular-smoke-control-dampers\/\",\"url\":\"https:\/\/geoclimate.ge\/az\/product\/s-sa2l-rectangular-smoke-control-dampers\/\",\"name\":\"S-SA2L D\u00f6rdbucaql\u0131 T\u00fcst\u00fc N\u0259zar\u0259t Damperl\u0259ri - GeoClimate.ge\",\"isPartOf\":{\"@id\":\"https:\/\/geoclimate.ge\/#website\"},\"primaryImageOfPage\":{\"@id\":\"https:\/\/geoclimate.ge\/az\/product\/s-sa2l-rectangular-smoke-control-dampers\/#primaryimage\"},\"image\":{\"@id\":\"https:\/\/geoclimate.ge\/az\/product\/s-sa2l-rectangular-smoke-control-dampers\/#primaryimage\"},\"thumbnailUrl\":\"https:\/\/geoclimate.ge\/wp-content\/uploads\/2025\/09\/PRODUCT-MAIN-IMAGE_S_SA2L.jpg\",\"datePublished\":\"2025-09-04T11:19:39+00:00\",\"dateModified\":\"2025-09-04T11:24:15+00:00\",\"breadcrumb\":{\"@id\":\"https:\/\/geoclimate.ge\/az\/product\/s-sa2l-rectangular-smoke-control-dampers\/#breadcrumb\"},\"inLanguage\":\"az\",\"potentialAction\":[{\"@type\":\"ReadAction\",\"target\":[\"https:\/\/geoclimate.ge\/az\/product\/s-sa2l-rectangular-smoke-control-dampers\/\"]}]},{\"@type\":\"ImageObject\",\"inLanguage\":\"az\",\"@id\":\"https:\/\/geoclimate.ge\/az\/product\/s-sa2l-rectangular-smoke-control-dampers\/#primaryimage\",\"url\":\"https:\/\/geoclimate.ge\/wp-content\/uploads\/2025\/09\/PRODUCT-MAIN-IMAGE_S_SA2L.jpg\",\"contentUrl\":\"https:\/\/geoclimate.ge\/wp-content\/uploads\/2025\/09\/PRODUCT-MAIN-IMAGE_S_SA2L.jpg\",\"width\":384,\"height\":288},{\"@type\":\"BreadcrumbList\",\"@id\":\"https:\/\/geoclimate.ge\/az\/product\/s-sa2l-rectangular-smoke-control-dampers\/#breadcrumb\",\"itemListElement\":[{\"@type\":\"ListItem\",\"position\":1,\"name\":\"Home\",\"item\":\"https:\/\/geoclimate.ge\/az\/\"},{\"@type\":\"ListItem\",\"position\":2,\"name\":\"M\u0259hsullar\",\"item\":\"https:\/\/geoclimate.ge\/az\/products\/\"},{\"@type\":\"ListItem\",\"position\":3,\"name\":\"S-SA2L D\u00f6rdbucaql\u0131 T\u00fcst\u00fc N\u0259zar\u0259t Damperl\u0259ri\"}]},{\"@type\":\"WebSite\",\"@id\":\"https:\/\/geoclimate.ge\/#website\",\"url\":\"https:\/\/geoclimate.ge\/\",\"name\":\"GeoClimate\",\"description\":\"\",\"publisher\":{\"@id\":\"https:\/\/geoclimate.ge\/#organization\"},\"potentialAction\":[{\"@type\":\"SearchAction\",\"target\":{\"@type\":\"EntryPoint\",\"urlTemplate\":\"https:\/\/geoclimate.ge\/?s={search_term_string}\"},\"query-input\":{\"@type\":\"PropertyValueSpecification\",\"valueRequired\":true,\"valueName\":\"search_term_string\"}}],\"inLanguage\":\"az\"},{\"@type\":\"Organization\",\"@id\":\"https:\/\/geoclimate.ge\/#organization\",\"name\":\"GeoClimate\",\"url\":\"https:\/\/geoclimate.ge\/\",\"logo\":{\"@type\":\"ImageObject\",\"inLanguage\":\"az\",\"@id\":\"https:\/\/geoclimate.ge\/#\/schema\/logo\/image\/\",\"url\":\"https:\/\/geoclimate.ge\/wp-content\/uploads\/2026\/03\/geoclimate-SEO.png\",\"contentUrl\":\"https:\/\/geoclimate.ge\/wp-content\/uploads\/2026\/03\/geoclimate-SEO.png\",\"width\":1536,\"height\":1024,\"caption\":\"GeoClimate\"},\"image\":{\"@id\":\"https:\/\/geoclimate.ge\/#\/schema\/logo\/image\/\"}}]}<\/script>\n<!-- \/ Yoast SEO plugin. -->","yoast_head_json":{"title":"S-SA2L D\u00f6rdbucaql\u0131 T\u00fcst\u00fc N\u0259zar\u0259t Damperl\u0259ri - GeoClimate.ge","robots":{"index":"index","follow":"follow","max-snippet":"max-snippet:-1","max-image-preview":"max-image-preview:large","max-video-preview":"max-video-preview:-1"},"canonical":"https:\/\/geoclimate.ge\/az\/product\/s-sa2l-rectangular-smoke-control-dampers\/","og_locale":"az_AZ","og_type":"article","og_title":"S-SA2L D\u00f6rdbucaql\u0131 T\u00fcst\u00fc N\u0259zar\u0259t Damperl\u0259ri - GeoClimate.ge","og_description":"T\u00fcst\u00fc v\u0259 istilik \u00e7\u0131xarma sisteml\u0259rind\u0259 effektiv t\u00fcst\u00fc n\u0259zar\u0259ti  Kanal qura\u015fd\u0131rmalar\u0131n\u0131n geni\u015f \u00e7e\u015fidi  AA - avtomatik aktivl\u0259\u015fdirm\u0259  \u201c\u00c7oxlu\u201d v\u0259 \u201cT\u0259k\u201d kimi t\u0259snif edil\u0259n b\u00f6lm\u0259l\u0259rd\u0259 \u00e7oxlu istifad\u0259  T\u0259zyiq s\u0259viyy\u0259si 3 (-1500 Pa \u2026 500 Pa)  Standart olaraq s\u0131zma sinfi 3C","og_url":"https:\/\/geoclimate.ge\/az\/product\/s-sa2l-rectangular-smoke-control-dampers\/","og_site_name":"GeoClimate.ge","article_modified_time":"2025-09-04T11:24:15+00:00","og_image":[{"width":384,"height":288,"url":"https:\/\/geoclimate.ge\/wp-content\/uploads\/2025\/09\/PRODUCT-MAIN-IMAGE_S_SA2L.jpg","type":"image\/jpeg"}],"twitter_card":"summary_large_image","twitter_misc":{"Est. reading time":"1 minute"},"schema":{"@context":"https:\/\/schema.org","@graph":[{"@type":"WebPage","@id":"https:\/\/geoclimate.ge\/az\/product\/s-sa2l-rectangular-smoke-control-dampers\/","url":"https:\/\/geoclimate.ge\/az\/product\/s-sa2l-rectangular-smoke-control-dampers\/","name":"S-SA2L D\u00f6rdbucaql\u0131 T\u00fcst\u00fc N\u0259zar\u0259t Damperl\u0259ri - GeoClimate.ge","isPartOf":{"@id":"https:\/\/geoclimate.ge\/#website"},"primaryImageOfPage":{"@id":"https:\/\/geoclimate.ge\/az\/product\/s-sa2l-rectangular-smoke-control-dampers\/#primaryimage"},"image":{"@id":"https:\/\/geoclimate.ge\/az\/product\/s-sa2l-rectangular-smoke-control-dampers\/#primaryimage"},"thumbnailUrl":"https:\/\/geoclimate.ge\/wp-content\/uploads\/2025\/09\/PRODUCT-MAIN-IMAGE_S_SA2L.jpg","datePublished":"2025-09-04T11:19:39+00:00","dateModified":"2025-09-04T11:24:15+00:00","breadcrumb":{"@id":"https:\/\/geoclimate.ge\/az\/product\/s-sa2l-rectangular-smoke-control-dampers\/#breadcrumb"},"inLanguage":"az","potentialAction":[{"@type":"ReadAction","target":["https:\/\/geoclimate.ge\/az\/product\/s-sa2l-rectangular-smoke-control-dampers\/"]}]},{"@type":"ImageObject","inLanguage":"az","@id":"https:\/\/geoclimate.ge\/az\/product\/s-sa2l-rectangular-smoke-control-dampers\/#primaryimage","url":"https:\/\/geoclimate.ge\/wp-content\/uploads\/2025\/09\/PRODUCT-MAIN-IMAGE_S_SA2L.jpg","contentUrl":"https:\/\/geoclimate.ge\/wp-content\/uploads\/2025\/09\/PRODUCT-MAIN-IMAGE_S_SA2L.jpg","width":384,"height":288},{"@type":"BreadcrumbList","@id":"https:\/\/geoclimate.ge\/az\/product\/s-sa2l-rectangular-smoke-control-dampers\/#breadcrumb","itemListElement":[{"@type":"ListItem","position":1,"name":"Home","item":"https:\/\/geoclimate.ge\/az\/"},{"@type":"ListItem","position":2,"name":"M\u0259hsullar","item":"https:\/\/geoclimate.ge\/az\/products\/"},{"@type":"ListItem","position":3,"name":"S-SA2L D\u00f6rdbucaql\u0131 T\u00fcst\u00fc N\u0259zar\u0259t Damperl\u0259ri"}]},{"@type":"WebSite","@id":"https:\/\/geoclimate.ge\/#website","url":"https:\/\/geoclimate.ge\/","name":"GeoClimate","description":"","publisher":{"@id":"https:\/\/geoclimate.ge\/#organization"},"potentialAction":[{"@type":"SearchAction","target":{"@type":"EntryPoint","urlTemplate":"https:\/\/geoclimate.ge\/?s={search_term_string}"},"query-input":{"@type":"PropertyValueSpecification","valueRequired":true,"valueName":"search_term_string"}}],"inLanguage":"az"},{"@type":"Organization","@id":"https:\/\/geoclimate.ge\/#organization","name":"GeoClimate","url":"https:\/\/geoclimate.ge\/","logo":{"@type":"ImageObject","inLanguage":"az","@id":"https:\/\/geoclimate.ge\/#\/schema\/logo\/image\/","url":"https:\/\/geoclimate.ge\/wp-content\/uploads\/2026\/03\/geoclimate-SEO.png","contentUrl":"https:\/\/geoclimate.ge\/wp-content\/uploads\/2026\/03\/geoclimate-SEO.png","width":1536,"height":1024,"caption":"GeoClimate"},"image":{"@id":"https:\/\/geoclimate.ge\/#\/schema\/logo\/image\/"}}]}},"_links":{"self":[{"href":"https:\/\/geoclimate.ge\/az\/wp-json\/wp\/v2\/product\/36511","targetHints":{"allow":["GET"]}}],"collection":[{"href":"https:\/\/geoclimate.ge\/az\/wp-json\/wp\/v2\/product"}],"about":[{"href":"https:\/\/geoclimate.ge\/az\/wp-json\/wp\/v2\/types\/product"}],"wp:featuredmedia":[{"embeddable":true,"href":"https:\/\/geoclimate.ge\/az\/wp-json\/wp\/v2\/media\/36506"}],"wp:attachment":[{"href":"https:\/\/geoclimate.ge\/az\/wp-json\/wp\/v2\/media?parent=36511"}],"wp:term":[{"taxonomy":"product_brand","embeddable":true,"href":"https:\/\/geoclimate.ge\/az\/wp-json\/wp\/v2\/product_brand?post=36511"},{"taxonomy":"product_cat","embeddable":true,"href":"https:\/\/geoclimate.ge\/az\/wp-json\/wp\/v2\/product_cat?post=36511"},{"taxonomy":"product_tag","embeddable":true,"href":"https:\/\/geoclimate.ge\/az\/wp-json\/wp\/v2\/product_tag?post=36511"}],"curies":[{"name":"wp","href":"https:\/\/api.w.org\/{rel}","templated":true}]}}