{"id":36526,"date":"2025-09-04T15:32:51","date_gmt":"2025-09-04T11:32:51","guid":{"rendered":"https:\/\/airsystems.ge\/shop\/product\/s-sa2-rectangular-smoke-control-dampers\/"},"modified":"2025-09-04T15:33:42","modified_gmt":"2025-09-04T11:33:42","slug":"s-sa2-rectangular-smoke-control-dampers","status":"publish","type":"product","link":"https:\/\/geoclimate.ge\/az\/product\/s-sa2-rectangular-smoke-control-dampers\/","title":{"rendered":"S-SA2 D\u00f6rdbucaql\u0131 T\u00fcst\u00fc N\u0259zar\u0259t Damperl\u0259ri"},"content":{"rendered":"<div class=\"mb-400 gtm-product-section container-fluid\" data-gtm-name=\"Benefits\" data-gtm-label=\"Benefits (en)\" data-gtm-vis-recent-on-screen53434917_103=\"1951\" data-gtm-vis-first-on-screen53434917_103=\"1951\" data-gtm-vis-total-visible-time53434917_103=\"1500\" data-gtm-vis-has-fired53434917_103=\"1\">\n<div class=\"row\">\n<div class=\"content-element content-element-product-benefit col-12 sm:col-6 mb-400\">\n<div class=\"bg-card px-300 py-250 mobile-nav:px-200 mobile-nav:py-150 h-full flex overflow-hidden card-border\">\n<div class=\"min-w-0\">\n<p><strong>\u00c7ox \u0130stifad\u0259<\/strong><br \/>\nS-SA2 t\u00fcst\u00fcy\u0259 n\u0259zar\u0259t amortizatoru t\u0259k v\u0259 \u00e7ox kateqoriyal\u0131 b\u00f6lm\u0259l\u0259rd\u0259 istifad\u0259 edil\u0259 bil\u0259r.<\/p>\n<p>&nbsp;<\/p>\n<p><strong>Uy\u011funla\u015fa bil\u0259n istifad\u0259<\/strong><br \/>\nS-SA2 t\u00fcst\u00fc damperl\u0259ri mexaniki v\u0259 ya t\u0259bii t\u00fcst\u00fc v\u0259 istilik \u00e7\u0131xarma sisteml\u0259ri \u00fc\u00e7\u00fcn n\u0259z\u0259rd\u0259 tutulmu\u015fdur.<\/p>\n<p><strong>K\u00f6m\u0259k ed\u0259n dizayn<\/strong><br \/>\nQura\u015fd\u0131rman\u0131 asanla\u015fd\u0131rmaq \u00fc\u00e7\u00fcn S-SA2 g\u00f6vd\u0259si t\u0259k v\u0259 ya \u00e7oxlu \u0259yil\u0259 bil\u0259n m\u00f6t\u0259riz\u0259l\u0259rl\u0259 t\u0259chiz edilmi\u015fdir. Onlar korpusun \u00f6l\u00e7\u00fcs\u00fcnd\u0259n v\u0259 \u00e7\u0259kisind\u0259n as\u0131l\u0131 olaraq yerl\u0259\u015fdirilir ki, bu da qura\u015fd\u0131rma prosesini asanla\u015fd\u0131r\u0131r v\u0259 laz\u0131m olan vaxt v\u0259 insanlar\u0131n say\u0131n\u0131 azald\u0131r.<\/p>\n<p>S-SA2 h\u0259m mexaniki, h\u0259m d\u0259 t\u0259bii istilik \u00e7\u0131xarma sisteml\u0259rind\u0259 istifad\u0259 edildikd\u0259 t\u00fcst\u00fcd\u0259n, yan\u011f\u0131ndan v\u0259 z\u0259h\u0259rli qazlardan effektiv qorunma t\u0259min edir.<\/p>\n<p>T\u0259hl\u00fck\u0259sizliyi art\u0131rmaq \u00fc\u00e7\u00fcn o, h\u0259m\u00e7inin yan\u011f\u0131n b\u00f6lm\u0259l\u0259rini t\u0259miz hava il\u0259 t\u0259min ed\u0259 bilir. S-SA2 t\u00fcst\u00fc damperl\u0259ri yays\u0131z \u00f6t\u00fcr\u00fcc\u00fc il\u0259 t\u0259chiz edilmi\u015fdir. Bu o dem\u0259kdir ki, onlar h\u0259m a\u00e7\u0131q, h\u0259m d\u0259 qapal\u0131 t\u0259hl\u00fck\u0259sizlik m\u00f6vqeyin\u0259 malikdirl\u0259r v\u0259 yan\u011f\u0131n zaman\u0131 bel\u0259 g\u00fcc t\u0259l\u0259b edirl\u0259r.<\/p>\n<p>S-SA2 korpusu sinkl\u0259nmi\u015f poladdan haz\u0131rlanm\u0131\u015fd\u0131r. Damper b\u0131\u00e7a\u011f\u0131 kalsium silikat l\u00f6vh\u0259l\u0259rd\u0259n haz\u0131rlan\u0131r. Damperin xarici \u00e7\u0259r\u00e7iv\u0259si t\u0259hl\u00fck\u0259li t\u00fcst\u00fc v\u0259 istiliyin yay\u0131lmas\u0131n\u0131n qar\u015f\u0131s\u0131n\u0131 almaq \u00fc\u00e7\u00fcn aktiv \u015fi\u015fm\u0259 m\u00f6h\u00fcr\u00fcn\u0259 malikdir. Damperin qoruyucu flan\u015flar\u0131 damperin fasil\u0259siz kanala qo\u015fulmas\u0131 \u00fc\u00e7\u00fcn tikilir.<\/p>\n<p>&nbsp;<\/p>\n<p><strong>Texniki x\u00fcsusiyy\u0259tl\u0259r<\/strong><\/p>\n<\/div>\n<\/div>\n<\/div>\n<\/div>\n<\/div>\n<div class=\"mb-400 mt-700 relative container-fluid\">\n<div class=\"gtm-product-section\" data-gtm-name=\"Tech specs\" data-gtm-label=\"Tech specs\" data-offset=\"0\" data-gtm-vis-first-on-screen53434917_103=\"78505\" data-gtm-vis-total-visible-time53434917_103=\"1500\" data-gtm-vis-has-fired53434917_103=\"1\">\n<div class=\"row gap-y-150 mb-200 desktop-nav:mb-0 md ProductPageISSections_product-info-header___9p5M\">\n<div class=\" col-12 md:col-6 md:text-right print:hidden flex items-center justify-end mobile-nav:flex-col gap-050 \">\n<div class=\"whitespace-nowrap mobile-nav:w-full\"><button class=\"gtm-product-specsheet-link btn btn-secondary btn-small btn-icon-left xs-max:btn-block\">Download spec sheet<\/button><\/div>\n<\/div>\n<\/div>\n<\/div>\n<\/div>\n","protected":false},"excerpt":{"rendered":"<p>\u0130stilik \u00e7\u0131xarma sisteml\u0259rind\u0259 istifad\u0259 \u00fc\u00e7\u00fcn t\u00fcst\u00fc n\u0259zar\u0259t damperl\u0259ri<\/p>\n<p>Divar v\u0259 tavan qura\u015fd\u0131r\u0131lmas\u0131<\/p>\n<p>AA &#8211; avtomatik aktivl\u0259\u015fdirm\u0259<\/p>\n<p>\u201c\u00c7oxlu\u201d v\u0259 \u201cT\u0259k\u201d kimi t\u0259snif edil\u0259n b\u00f6lm\u0259l\u0259rd\u0259 \u00e7oxlu istifad\u0259<\/p>\n<p>T\u0259zyiq s\u0259viyy\u0259si 3 (-1500 Pa \u2026 500 Pa)<\/p>\n<p>Standart olaraq s\u0131zma sinfi 3C<\/p>\n","protected":false},"featured_media":36521,"template":"","meta":[],"product_brand":[],"product_cat":[1809,1799,1774],"product_tag":[],"class_list":{"0":"post-36526","1":"product","2":"type-product","3":"status-publish","4":"has-post-thumbnail","6":"product_cat-dordbucaqli-tustu-nzart-damperlri","7":"product_cat-tustuy-nzart-damperlri","8":"product_cat-yangin-thluksizliyi","10":"first","11":"instock","12":"shipping-taxable","13":"product-type-simple"},"yoast_head":"<!-- This site is optimized with the Yoast SEO plugin v27.1.1 - https:\/\/yoast.com\/product\/yoast-seo-wordpress\/ -->\n<title>S-SA2 D\u00f6rdbucaql\u0131 T\u00fcst\u00fc N\u0259zar\u0259t Damperl\u0259ri - GeoClimate.ge<\/title>\n<meta name=\"robots\" content=\"index, follow, max-snippet:-1, max-image-preview:large, max-video-preview:-1\" \/>\n<link rel=\"canonical\" href=\"https:\/\/geoclimate.ge\/az\/product\/s-sa2-rectangular-smoke-control-dampers\/\" \/>\n<meta property=\"og:locale\" content=\"az_AZ\" \/>\n<meta property=\"og:type\" content=\"article\" \/>\n<meta property=\"og:title\" content=\"S-SA2 D\u00f6rdbucaql\u0131 T\u00fcst\u00fc N\u0259zar\u0259t Damperl\u0259ri - GeoClimate.ge\" \/>\n<meta property=\"og:description\" content=\"\u0130stilik \u00e7\u0131xarma sisteml\u0259rind\u0259 istifad\u0259 \u00fc\u00e7\u00fcn t\u00fcst\u00fc n\u0259zar\u0259t damperl\u0259ri  Divar v\u0259 tavan qura\u015fd\u0131r\u0131lmas\u0131  AA - avtomatik aktivl\u0259\u015fdirm\u0259  \u201c\u00c7oxlu\u201d v\u0259 \u201cT\u0259k\u201d kimi t\u0259snif edil\u0259n b\u00f6lm\u0259l\u0259rd\u0259 \u00e7oxlu istifad\u0259  T\u0259zyiq s\u0259viyy\u0259si 3 (-1500 Pa \u2026 500 Pa)  Standart olaraq s\u0131zma sinfi 3C\" \/>\n<meta property=\"og:url\" content=\"https:\/\/geoclimate.ge\/az\/product\/s-sa2-rectangular-smoke-control-dampers\/\" \/>\n<meta property=\"og:site_name\" content=\"GeoClimate.ge\" \/>\n<meta property=\"article:modified_time\" content=\"2025-09-04T11:33:42+00:00\" \/>\n<meta property=\"og:image\" content=\"https:\/\/geoclimate.ge\/wp-content\/uploads\/2025\/09\/PRODUCT-MAIN-IMAGE_S_SA2.jpg\" \/>\n\t<meta property=\"og:image:width\" content=\"384\" \/>\n\t<meta property=\"og:image:height\" content=\"288\" \/>\n\t<meta property=\"og:image:type\" content=\"image\/jpeg\" \/>\n<meta name=\"twitter:card\" content=\"summary_large_image\" \/>\n<meta name=\"twitter:label1\" content=\"Est. reading time\" \/>\n\t<meta name=\"twitter:data1\" content=\"2 minutes\" \/>\n<script type=\"application\/ld+json\" class=\"yoast-schema-graph\">{\"@context\":\"https:\/\/schema.org\",\"@graph\":[{\"@type\":\"WebPage\",\"@id\":\"https:\/\/geoclimate.ge\/az\/product\/s-sa2-rectangular-smoke-control-dampers\/\",\"url\":\"https:\/\/geoclimate.ge\/az\/product\/s-sa2-rectangular-smoke-control-dampers\/\",\"name\":\"S-SA2 D\u00f6rdbucaql\u0131 T\u00fcst\u00fc N\u0259zar\u0259t Damperl\u0259ri - GeoClimate.ge\",\"isPartOf\":{\"@id\":\"https:\/\/geoclimate.ge\/#website\"},\"primaryImageOfPage\":{\"@id\":\"https:\/\/geoclimate.ge\/az\/product\/s-sa2-rectangular-smoke-control-dampers\/#primaryimage\"},\"image\":{\"@id\":\"https:\/\/geoclimate.ge\/az\/product\/s-sa2-rectangular-smoke-control-dampers\/#primaryimage\"},\"thumbnailUrl\":\"https:\/\/geoclimate.ge\/wp-content\/uploads\/2025\/09\/PRODUCT-MAIN-IMAGE_S_SA2.jpg\",\"datePublished\":\"2025-09-04T11:32:51+00:00\",\"dateModified\":\"2025-09-04T11:33:42+00:00\",\"breadcrumb\":{\"@id\":\"https:\/\/geoclimate.ge\/az\/product\/s-sa2-rectangular-smoke-control-dampers\/#breadcrumb\"},\"inLanguage\":\"az\",\"potentialAction\":[{\"@type\":\"ReadAction\",\"target\":[\"https:\/\/geoclimate.ge\/az\/product\/s-sa2-rectangular-smoke-control-dampers\/\"]}]},{\"@type\":\"ImageObject\",\"inLanguage\":\"az\",\"@id\":\"https:\/\/geoclimate.ge\/az\/product\/s-sa2-rectangular-smoke-control-dampers\/#primaryimage\",\"url\":\"https:\/\/geoclimate.ge\/wp-content\/uploads\/2025\/09\/PRODUCT-MAIN-IMAGE_S_SA2.jpg\",\"contentUrl\":\"https:\/\/geoclimate.ge\/wp-content\/uploads\/2025\/09\/PRODUCT-MAIN-IMAGE_S_SA2.jpg\",\"width\":384,\"height\":288},{\"@type\":\"BreadcrumbList\",\"@id\":\"https:\/\/geoclimate.ge\/az\/product\/s-sa2-rectangular-smoke-control-dampers\/#breadcrumb\",\"itemListElement\":[{\"@type\":\"ListItem\",\"position\":1,\"name\":\"Home\",\"item\":\"https:\/\/geoclimate.ge\/az\/\"},{\"@type\":\"ListItem\",\"position\":2,\"name\":\"M\u0259hsullar\",\"item\":\"https:\/\/geoclimate.ge\/az\/products\/\"},{\"@type\":\"ListItem\",\"position\":3,\"name\":\"S-SA2 D\u00f6rdbucaql\u0131 T\u00fcst\u00fc N\u0259zar\u0259t Damperl\u0259ri\"}]},{\"@type\":\"WebSite\",\"@id\":\"https:\/\/geoclimate.ge\/#website\",\"url\":\"https:\/\/geoclimate.ge\/\",\"name\":\"GeoClimate\",\"description\":\"\",\"publisher\":{\"@id\":\"https:\/\/geoclimate.ge\/#organization\"},\"potentialAction\":[{\"@type\":\"SearchAction\",\"target\":{\"@type\":\"EntryPoint\",\"urlTemplate\":\"https:\/\/geoclimate.ge\/?s={search_term_string}\"},\"query-input\":{\"@type\":\"PropertyValueSpecification\",\"valueRequired\":true,\"valueName\":\"search_term_string\"}}],\"inLanguage\":\"az\"},{\"@type\":\"Organization\",\"@id\":\"https:\/\/geoclimate.ge\/#organization\",\"name\":\"GeoClimate\",\"url\":\"https:\/\/geoclimate.ge\/\",\"logo\":{\"@type\":\"ImageObject\",\"inLanguage\":\"az\",\"@id\":\"https:\/\/geoclimate.ge\/#\/schema\/logo\/image\/\",\"url\":\"https:\/\/geoclimate.ge\/wp-content\/uploads\/2026\/03\/geoclimate-SEO.png\",\"contentUrl\":\"https:\/\/geoclimate.ge\/wp-content\/uploads\/2026\/03\/geoclimate-SEO.png\",\"width\":1536,\"height\":1024,\"caption\":\"GeoClimate\"},\"image\":{\"@id\":\"https:\/\/geoclimate.ge\/#\/schema\/logo\/image\/\"}}]}<\/script>\n<!-- \/ Yoast SEO plugin. -->","yoast_head_json":{"title":"S-SA2 D\u00f6rdbucaql\u0131 T\u00fcst\u00fc N\u0259zar\u0259t Damperl\u0259ri - GeoClimate.ge","robots":{"index":"index","follow":"follow","max-snippet":"max-snippet:-1","max-image-preview":"max-image-preview:large","max-video-preview":"max-video-preview:-1"},"canonical":"https:\/\/geoclimate.ge\/az\/product\/s-sa2-rectangular-smoke-control-dampers\/","og_locale":"az_AZ","og_type":"article","og_title":"S-SA2 D\u00f6rdbucaql\u0131 T\u00fcst\u00fc N\u0259zar\u0259t Damperl\u0259ri - GeoClimate.ge","og_description":"\u0130stilik \u00e7\u0131xarma sisteml\u0259rind\u0259 istifad\u0259 \u00fc\u00e7\u00fcn t\u00fcst\u00fc n\u0259zar\u0259t damperl\u0259ri  Divar v\u0259 tavan qura\u015fd\u0131r\u0131lmas\u0131  AA - avtomatik aktivl\u0259\u015fdirm\u0259  \u201c\u00c7oxlu\u201d v\u0259 \u201cT\u0259k\u201d kimi t\u0259snif edil\u0259n b\u00f6lm\u0259l\u0259rd\u0259 \u00e7oxlu istifad\u0259  T\u0259zyiq s\u0259viyy\u0259si 3 (-1500 Pa \u2026 500 Pa)  Standart olaraq s\u0131zma sinfi 3C","og_url":"https:\/\/geoclimate.ge\/az\/product\/s-sa2-rectangular-smoke-control-dampers\/","og_site_name":"GeoClimate.ge","article_modified_time":"2025-09-04T11:33:42+00:00","og_image":[{"width":384,"height":288,"url":"https:\/\/geoclimate.ge\/wp-content\/uploads\/2025\/09\/PRODUCT-MAIN-IMAGE_S_SA2.jpg","type":"image\/jpeg"}],"twitter_card":"summary_large_image","twitter_misc":{"Est. reading time":"2 minutes"},"schema":{"@context":"https:\/\/schema.org","@graph":[{"@type":"WebPage","@id":"https:\/\/geoclimate.ge\/az\/product\/s-sa2-rectangular-smoke-control-dampers\/","url":"https:\/\/geoclimate.ge\/az\/product\/s-sa2-rectangular-smoke-control-dampers\/","name":"S-SA2 D\u00f6rdbucaql\u0131 T\u00fcst\u00fc N\u0259zar\u0259t Damperl\u0259ri - GeoClimate.ge","isPartOf":{"@id":"https:\/\/geoclimate.ge\/#website"},"primaryImageOfPage":{"@id":"https:\/\/geoclimate.ge\/az\/product\/s-sa2-rectangular-smoke-control-dampers\/#primaryimage"},"image":{"@id":"https:\/\/geoclimate.ge\/az\/product\/s-sa2-rectangular-smoke-control-dampers\/#primaryimage"},"thumbnailUrl":"https:\/\/geoclimate.ge\/wp-content\/uploads\/2025\/09\/PRODUCT-MAIN-IMAGE_S_SA2.jpg","datePublished":"2025-09-04T11:32:51+00:00","dateModified":"2025-09-04T11:33:42+00:00","breadcrumb":{"@id":"https:\/\/geoclimate.ge\/az\/product\/s-sa2-rectangular-smoke-control-dampers\/#breadcrumb"},"inLanguage":"az","potentialAction":[{"@type":"ReadAction","target":["https:\/\/geoclimate.ge\/az\/product\/s-sa2-rectangular-smoke-control-dampers\/"]}]},{"@type":"ImageObject","inLanguage":"az","@id":"https:\/\/geoclimate.ge\/az\/product\/s-sa2-rectangular-smoke-control-dampers\/#primaryimage","url":"https:\/\/geoclimate.ge\/wp-content\/uploads\/2025\/09\/PRODUCT-MAIN-IMAGE_S_SA2.jpg","contentUrl":"https:\/\/geoclimate.ge\/wp-content\/uploads\/2025\/09\/PRODUCT-MAIN-IMAGE_S_SA2.jpg","width":384,"height":288},{"@type":"BreadcrumbList","@id":"https:\/\/geoclimate.ge\/az\/product\/s-sa2-rectangular-smoke-control-dampers\/#breadcrumb","itemListElement":[{"@type":"ListItem","position":1,"name":"Home","item":"https:\/\/geoclimate.ge\/az\/"},{"@type":"ListItem","position":2,"name":"M\u0259hsullar","item":"https:\/\/geoclimate.ge\/az\/products\/"},{"@type":"ListItem","position":3,"name":"S-SA2 D\u00f6rdbucaql\u0131 T\u00fcst\u00fc N\u0259zar\u0259t Damperl\u0259ri"}]},{"@type":"WebSite","@id":"https:\/\/geoclimate.ge\/#website","url":"https:\/\/geoclimate.ge\/","name":"GeoClimate","description":"","publisher":{"@id":"https:\/\/geoclimate.ge\/#organization"},"potentialAction":[{"@type":"SearchAction","target":{"@type":"EntryPoint","urlTemplate":"https:\/\/geoclimate.ge\/?s={search_term_string}"},"query-input":{"@type":"PropertyValueSpecification","valueRequired":true,"valueName":"search_term_string"}}],"inLanguage":"az"},{"@type":"Organization","@id":"https:\/\/geoclimate.ge\/#organization","name":"GeoClimate","url":"https:\/\/geoclimate.ge\/","logo":{"@type":"ImageObject","inLanguage":"az","@id":"https:\/\/geoclimate.ge\/#\/schema\/logo\/image\/","url":"https:\/\/geoclimate.ge\/wp-content\/uploads\/2026\/03\/geoclimate-SEO.png","contentUrl":"https:\/\/geoclimate.ge\/wp-content\/uploads\/2026\/03\/geoclimate-SEO.png","width":1536,"height":1024,"caption":"GeoClimate"},"image":{"@id":"https:\/\/geoclimate.ge\/#\/schema\/logo\/image\/"}}]}},"_links":{"self":[{"href":"https:\/\/geoclimate.ge\/az\/wp-json\/wp\/v2\/product\/36526","targetHints":{"allow":["GET"]}}],"collection":[{"href":"https:\/\/geoclimate.ge\/az\/wp-json\/wp\/v2\/product"}],"about":[{"href":"https:\/\/geoclimate.ge\/az\/wp-json\/wp\/v2\/types\/product"}],"wp:featuredmedia":[{"embeddable":true,"href":"https:\/\/geoclimate.ge\/az\/wp-json\/wp\/v2\/media\/36521"}],"wp:attachment":[{"href":"https:\/\/geoclimate.ge\/az\/wp-json\/wp\/v2\/media?parent=36526"}],"wp:term":[{"taxonomy":"product_brand","embeddable":true,"href":"https:\/\/geoclimate.ge\/az\/wp-json\/wp\/v2\/product_brand?post=36526"},{"taxonomy":"product_cat","embeddable":true,"href":"https:\/\/geoclimate.ge\/az\/wp-json\/wp\/v2\/product_cat?post=36526"},{"taxonomy":"product_tag","embeddable":true,"href":"https:\/\/geoclimate.ge\/az\/wp-json\/wp\/v2\/product_tag?post=36526"}],"curies":[{"name":"wp","href":"https:\/\/api.w.org\/{rel}","templated":true}]}}