{"id":36554,"date":"2025-09-04T16:26:20","date_gmt":"2025-09-04T12:26:20","guid":{"rendered":"https:\/\/airsystems.ge\/shop\/product\/dkis1-rectangular-smoke-control-dampers\/"},"modified":"2025-09-04T16:27:42","modified_gmt":"2025-09-04T12:27:42","slug":"dkis1-rectangular-smoke-control-dampers","status":"publish","type":"product","link":"https:\/\/geoclimate.ge\/az\/product\/dkis1-rectangular-smoke-control-dampers\/","title":{"rendered":"DKIS1 D\u00fczbucaql\u0131 T\u00fcst\u00fc N\u0259zar\u0259t Damperl\u0259ri"},"content":{"rendered":"<div class=\"mb-400 gtm-product-section container-fluid\" data-gtm-name=\"Benefits\" data-gtm-label=\"Benefits (en)\" data-gtm-vis-recent-on-screen53434917_103=\"1468\" data-gtm-vis-first-on-screen53434917_103=\"1468\" data-gtm-vis-total-visible-time53434917_103=\"1500\" data-gtm-vis-has-fired53434917_103=\"1\">\n<div class=\"row\">\n<div class=\"content-element content-element-product-benefit col-12 sm:col-6 mb-400\">\n<div class=\"bg-card px-300 py-250 mobile-nav:px-200 mobile-nav:py-150 h-full flex overflow-hidden card-border\">\n<div class=\"min-w-0\">\n<p><strong>T\u0259k yan\u011f\u0131n b\u00f6lm\u0259si<\/strong><br \/>\nDKIS1 t\u0259k yan\u011f\u0131n b\u00f6lm\u0259sind\u0259 istifad\u0259 \u00fc\u00e7\u00fcn d\u00fczbucaql\u0131 t\u00fcst\u00fc n\u0259zar\u0259t damperidir.<\/p>\n<p>&nbsp;<\/p>\n<p><strong>\u0130ki t\u0259hl\u00fck\u0259sizlik m\u00f6vqeyi<\/strong><br \/>\nDKIS1 t\u00fcst\u00fc v\u0259 istilik \u00e7\u0131xar\u0131\u015fl\u0131 ventilyasiya sisteml\u0259rinin t\u0259rkib hiss\u0259sidir v\u0259 iki t\u0259hl\u00fck\u0259sizlik m\u00f6vqeyin\u0259 malikdir.<\/p>\n<p>&nbsp;<\/p>\n<p><strong>S\u0131xl\u0131q<\/strong><br \/>\nDKIS1 t\u0259k b\u00f6lm\u0259li t\u00fcst\u00fc t\u0259nziml\u0259yici amortizatorlar EN 1751-\u0259 uy\u011fun olaraq 2\/B b\u0131\u00e7aq\/korpus sinifinin s\u0131xl\u0131\u011f\u0131na malikdir.<\/p>\n<p>&nbsp;<\/p>\n<p>DKIS1 t\u0259k yan\u011f\u0131n b\u00f6lm\u0259sind\u0259 istifad\u0259 \u00fc\u00e7\u00fcn d\u00fczbucaql\u0131 t\u00fcst\u00fc n\u0259zar\u0259t damperidir. O, T\u00fcst\u00fcd\u0259n v\u0259 \u0130stid\u0259n \u00c7\u0131xar\u0131lan Havaland\u0131rma Sistemind\u0259 (SHEVS) \u0259sas t\u0259hl\u00fck\u0259sizlik komponentidir v\u0259 havadan qorunan yerl\u0259rd\u0259 SHEV kanallar\u0131nda qura\u015fd\u0131r\u0131lmaq \u00fc\u00e7\u00fcn n\u0259z\u0259rd\u0259 tutulmu\u015fdur. Yan\u011f\u0131n zaman\u0131 damper a\u00e7\u0131l\u0131r v\u0259 yan\u011f\u0131ndan t\u0259sirl\u0259n\u0259n b\u00f6lm\u0259d\u0259n x\u00fcsusi fan vasit\u0259sil\u0259 istilik v\u0259 t\u00fcst\u00fc \u00e7\u0131xar\u0131r. Alternativ olaraq, yan\u011f\u0131ndan t\u0259sirl\u0259nm\u0259y\u0259n yan\u011f\u0131n b\u00f6lm\u0259sind\u0259 t\u00fcst\u00fc v\u0259 istiliyin yay\u0131lmas\u0131n\u0131n qar\u015f\u0131s\u0131n\u0131 almaq \u00fc\u00e7\u00fcn ba\u011flan\u0131r. B\u00fct\u00fcn t\u00fcst\u00fc damperl\u0259rind\u0259 standart olaraq elektrik \u00f6t\u00fcr\u00fcc\u00fc var.<\/p>\n<p>Systemair t\u00fcst\u00fc damperl\u0259ri a\u015fa\u011f\u0131 s\u0259s-k\u00fcy\u0259 malikdir. Yaln\u0131z yoxlama v\u0259 ya yan\u011f\u0131n zaman\u0131 damperin ba\u011flanmas\u0131 v\u0259 ya a\u00e7\u0131lmas\u0131 zaman\u0131 s\u0259s-k\u00fcy art\u0131r. Varsay\u0131lan olaraq, b\u00fct\u00fcn DKIS1 t\u00fcst\u00fc n\u0259zar\u0259t amortizatorlar\u0131 mikro a\u00e7arlar\u0131 olan \u00f6t\u00fcr\u00fcc\u00fc il\u0259 t\u0259chiz edilir. T\u00fcst\u00fc n\u0259zar\u0259t damperi bina idar\u0259etm\u0259 sistemi v\u0259 ya qo\u015fulmu\u015f t\u00fcst\u00fc detektoru t\u0259r\u0259find\u0259n siqnal verildikd\u0259 damperi a\u00e7\u0131r v\u0259 ya ba\u011flay\u0131r. \u00d6t\u00fcr\u00fcc\u00fc 60 saniy\u0259 \u0259rzind\u0259 ba\u011flan\u0131r v\u0259 yan\u011f\u0131na davaml\u0131 \u00f6rt\u00fcy\u0259 ehtiyac yoxdur. Bu diapazonda dig\u0259r \u00f6l\u00e7\u00fcl\u0259r m\u00f6vcuddur.<\/p>\n<p>&nbsp;<\/p>\n<p><strong>Texniki x\u00fcsusiyy\u0259tl\u0259r<\/strong><\/p>\n<\/div>\n<\/div>\n<\/div>\n<\/div>\n<\/div>\n<div class=\"mb-400 mt-700 relative container-fluid\">\n<div class=\"gtm-product-section\" data-gtm-name=\"Tech specs\" data-gtm-label=\"Tech specs\" data-offset=\"0\" data-gtm-vis-recent-on-screen53434917_103=\"86684\" data-gtm-vis-first-on-screen53434917_103=\"86684\" data-gtm-vis-total-visible-time53434917_103=\"1500\" data-gtm-vis-has-fired53434917_103=\"1\">\n<div class=\"row gap-y-150 mb-200 desktop-nav:mb-0 md ProductPageISSections_product-info-header___9p5M\">\n<div class=\" col-12 md:col-6 md:text-right print:hidden flex items-center justify-end mobile-nav:flex-col gap-050 \">\n<div class=\"whitespace-nowrap mobile-nav:w-full\"><button class=\"gtm-product-specsheet-link btn btn-secondary btn-small btn-icon-left xs-max:btn-block\">Download spec sheet<\/button><\/div>\n<\/div>\n<\/div>\n<\/div>\n<\/div>\n","protected":false},"excerpt":{"rendered":"<p>T\u00fcst\u00fc v\u0259 istilik egzoz ventilyasiya sisteml\u0259ri \u00fc\u00e7\u00fcn uy\u011fun avtomatik aktivl\u0259\u015fdiril\u0259n t\u0259k b\u00f6lm\u0259li t\u00fcst\u00fc n\u0259zar\u0259t damperi<\/p>\n<p>Avtomatik Aktivl\u0259\u015fdirm\u0259<\/p>\n<p>Aktuator i\u015fl\u0259dilib<\/p>\n<p>M\u00f6hk\u0259m \u0130n\u015faat<\/p>\n<p>\u00d6l\u00e7\u00fc optimalla\u015fd\u0131r\u0131lm\u0131\u015f dizayn<\/p>\n","protected":false},"featured_media":36549,"template":"","meta":[],"product_brand":[],"product_cat":[1809,1799,1774],"product_tag":[],"class_list":{"0":"post-36554","1":"product","2":"type-product","3":"status-publish","4":"has-post-thumbnail","6":"product_cat-dordbucaqli-tustu-nzart-damperlri","7":"product_cat-tustuy-nzart-damperlri","8":"product_cat-yangin-thluksizliyi","10":"first","11":"instock","12":"shipping-taxable","13":"product-type-simple"},"yoast_head":"<!-- This site is optimized with the Yoast SEO plugin v27.1.1 - https:\/\/yoast.com\/product\/yoast-seo-wordpress\/ -->\n<title>DKIS1 D\u00fczbucaql\u0131 T\u00fcst\u00fc N\u0259zar\u0259t Damperl\u0259ri - GeoClimate.ge<\/title>\n<meta name=\"robots\" content=\"index, follow, max-snippet:-1, max-image-preview:large, max-video-preview:-1\" \/>\n<link rel=\"canonical\" href=\"https:\/\/geoclimate.ge\/az\/product\/dkis1-rectangular-smoke-control-dampers\/\" \/>\n<meta property=\"og:locale\" content=\"az_AZ\" \/>\n<meta property=\"og:type\" content=\"article\" \/>\n<meta property=\"og:title\" content=\"DKIS1 D\u00fczbucaql\u0131 T\u00fcst\u00fc N\u0259zar\u0259t Damperl\u0259ri - GeoClimate.ge\" \/>\n<meta property=\"og:description\" content=\"T\u00fcst\u00fc v\u0259 istilik egzoz ventilyasiya sisteml\u0259ri \u00fc\u00e7\u00fcn uy\u011fun avtomatik aktivl\u0259\u015fdiril\u0259n t\u0259k b\u00f6lm\u0259li t\u00fcst\u00fc n\u0259zar\u0259t damperi  Avtomatik Aktivl\u0259\u015fdirm\u0259  Aktuator i\u015fl\u0259dilib  M\u00f6hk\u0259m \u0130n\u015faat  \u00d6l\u00e7\u00fc optimalla\u015fd\u0131r\u0131lm\u0131\u015f dizayn\" \/>\n<meta property=\"og:url\" content=\"https:\/\/geoclimate.ge\/az\/product\/dkis1-rectangular-smoke-control-dampers\/\" \/>\n<meta property=\"og:site_name\" content=\"GeoClimate.ge\" \/>\n<meta property=\"article:modified_time\" content=\"2025-09-04T12:27:42+00:00\" \/>\n<meta property=\"og:image\" content=\"https:\/\/geoclimate.ge\/wp-content\/uploads\/2025\/09\/PRODUCT-MAIN-IMAGE_DKIS1.jpg\" \/>\n\t<meta property=\"og:image:width\" content=\"384\" \/>\n\t<meta property=\"og:image:height\" content=\"288\" \/>\n\t<meta property=\"og:image:type\" content=\"image\/jpeg\" \/>\n<meta name=\"twitter:card\" content=\"summary_large_image\" \/>\n<meta name=\"twitter:label1\" content=\"Est. reading time\" \/>\n\t<meta name=\"twitter:data1\" content=\"2 minutes\" \/>\n<script type=\"application\/ld+json\" class=\"yoast-schema-graph\">{\"@context\":\"https:\/\/schema.org\",\"@graph\":[{\"@type\":\"WebPage\",\"@id\":\"https:\/\/geoclimate.ge\/az\/product\/dkis1-rectangular-smoke-control-dampers\/\",\"url\":\"https:\/\/geoclimate.ge\/az\/product\/dkis1-rectangular-smoke-control-dampers\/\",\"name\":\"DKIS1 D\u00fczbucaql\u0131 T\u00fcst\u00fc N\u0259zar\u0259t Damperl\u0259ri - GeoClimate.ge\",\"isPartOf\":{\"@id\":\"https:\/\/geoclimate.ge\/#website\"},\"primaryImageOfPage\":{\"@id\":\"https:\/\/geoclimate.ge\/az\/product\/dkis1-rectangular-smoke-control-dampers\/#primaryimage\"},\"image\":{\"@id\":\"https:\/\/geoclimate.ge\/az\/product\/dkis1-rectangular-smoke-control-dampers\/#primaryimage\"},\"thumbnailUrl\":\"https:\/\/geoclimate.ge\/wp-content\/uploads\/2025\/09\/PRODUCT-MAIN-IMAGE_DKIS1.jpg\",\"datePublished\":\"2025-09-04T12:26:20+00:00\",\"dateModified\":\"2025-09-04T12:27:42+00:00\",\"breadcrumb\":{\"@id\":\"https:\/\/geoclimate.ge\/az\/product\/dkis1-rectangular-smoke-control-dampers\/#breadcrumb\"},\"inLanguage\":\"az\",\"potentialAction\":[{\"@type\":\"ReadAction\",\"target\":[\"https:\/\/geoclimate.ge\/az\/product\/dkis1-rectangular-smoke-control-dampers\/\"]}]},{\"@type\":\"ImageObject\",\"inLanguage\":\"az\",\"@id\":\"https:\/\/geoclimate.ge\/az\/product\/dkis1-rectangular-smoke-control-dampers\/#primaryimage\",\"url\":\"https:\/\/geoclimate.ge\/wp-content\/uploads\/2025\/09\/PRODUCT-MAIN-IMAGE_DKIS1.jpg\",\"contentUrl\":\"https:\/\/geoclimate.ge\/wp-content\/uploads\/2025\/09\/PRODUCT-MAIN-IMAGE_DKIS1.jpg\",\"width\":384,\"height\":288},{\"@type\":\"BreadcrumbList\",\"@id\":\"https:\/\/geoclimate.ge\/az\/product\/dkis1-rectangular-smoke-control-dampers\/#breadcrumb\",\"itemListElement\":[{\"@type\":\"ListItem\",\"position\":1,\"name\":\"Home\",\"item\":\"https:\/\/geoclimate.ge\/az\/\"},{\"@type\":\"ListItem\",\"position\":2,\"name\":\"M\u0259hsullar\",\"item\":\"https:\/\/geoclimate.ge\/az\/products\/\"},{\"@type\":\"ListItem\",\"position\":3,\"name\":\"DKIS1 D\u00fczbucaql\u0131 T\u00fcst\u00fc N\u0259zar\u0259t Damperl\u0259ri\"}]},{\"@type\":\"WebSite\",\"@id\":\"https:\/\/geoclimate.ge\/#website\",\"url\":\"https:\/\/geoclimate.ge\/\",\"name\":\"GeoClimate\",\"description\":\"\",\"publisher\":{\"@id\":\"https:\/\/geoclimate.ge\/#organization\"},\"potentialAction\":[{\"@type\":\"SearchAction\",\"target\":{\"@type\":\"EntryPoint\",\"urlTemplate\":\"https:\/\/geoclimate.ge\/?s={search_term_string}\"},\"query-input\":{\"@type\":\"PropertyValueSpecification\",\"valueRequired\":true,\"valueName\":\"search_term_string\"}}],\"inLanguage\":\"az\"},{\"@type\":\"Organization\",\"@id\":\"https:\/\/geoclimate.ge\/#organization\",\"name\":\"GeoClimate\",\"url\":\"https:\/\/geoclimate.ge\/\",\"logo\":{\"@type\":\"ImageObject\",\"inLanguage\":\"az\",\"@id\":\"https:\/\/geoclimate.ge\/#\/schema\/logo\/image\/\",\"url\":\"https:\/\/geoclimate.ge\/wp-content\/uploads\/2026\/03\/geoclimate-SEO.png\",\"contentUrl\":\"https:\/\/geoclimate.ge\/wp-content\/uploads\/2026\/03\/geoclimate-SEO.png\",\"width\":1536,\"height\":1024,\"caption\":\"GeoClimate\"},\"image\":{\"@id\":\"https:\/\/geoclimate.ge\/#\/schema\/logo\/image\/\"}}]}<\/script>\n<!-- \/ Yoast SEO plugin. -->","yoast_head_json":{"title":"DKIS1 D\u00fczbucaql\u0131 T\u00fcst\u00fc N\u0259zar\u0259t Damperl\u0259ri - GeoClimate.ge","robots":{"index":"index","follow":"follow","max-snippet":"max-snippet:-1","max-image-preview":"max-image-preview:large","max-video-preview":"max-video-preview:-1"},"canonical":"https:\/\/geoclimate.ge\/az\/product\/dkis1-rectangular-smoke-control-dampers\/","og_locale":"az_AZ","og_type":"article","og_title":"DKIS1 D\u00fczbucaql\u0131 T\u00fcst\u00fc N\u0259zar\u0259t Damperl\u0259ri - GeoClimate.ge","og_description":"T\u00fcst\u00fc v\u0259 istilik egzoz ventilyasiya sisteml\u0259ri \u00fc\u00e7\u00fcn uy\u011fun avtomatik aktivl\u0259\u015fdiril\u0259n t\u0259k b\u00f6lm\u0259li t\u00fcst\u00fc n\u0259zar\u0259t damperi  Avtomatik Aktivl\u0259\u015fdirm\u0259  Aktuator i\u015fl\u0259dilib  M\u00f6hk\u0259m \u0130n\u015faat  \u00d6l\u00e7\u00fc optimalla\u015fd\u0131r\u0131lm\u0131\u015f dizayn","og_url":"https:\/\/geoclimate.ge\/az\/product\/dkis1-rectangular-smoke-control-dampers\/","og_site_name":"GeoClimate.ge","article_modified_time":"2025-09-04T12:27:42+00:00","og_image":[{"width":384,"height":288,"url":"https:\/\/geoclimate.ge\/wp-content\/uploads\/2025\/09\/PRODUCT-MAIN-IMAGE_DKIS1.jpg","type":"image\/jpeg"}],"twitter_card":"summary_large_image","twitter_misc":{"Est. reading time":"2 minutes"},"schema":{"@context":"https:\/\/schema.org","@graph":[{"@type":"WebPage","@id":"https:\/\/geoclimate.ge\/az\/product\/dkis1-rectangular-smoke-control-dampers\/","url":"https:\/\/geoclimate.ge\/az\/product\/dkis1-rectangular-smoke-control-dampers\/","name":"DKIS1 D\u00fczbucaql\u0131 T\u00fcst\u00fc N\u0259zar\u0259t Damperl\u0259ri - GeoClimate.ge","isPartOf":{"@id":"https:\/\/geoclimate.ge\/#website"},"primaryImageOfPage":{"@id":"https:\/\/geoclimate.ge\/az\/product\/dkis1-rectangular-smoke-control-dampers\/#primaryimage"},"image":{"@id":"https:\/\/geoclimate.ge\/az\/product\/dkis1-rectangular-smoke-control-dampers\/#primaryimage"},"thumbnailUrl":"https:\/\/geoclimate.ge\/wp-content\/uploads\/2025\/09\/PRODUCT-MAIN-IMAGE_DKIS1.jpg","datePublished":"2025-09-04T12:26:20+00:00","dateModified":"2025-09-04T12:27:42+00:00","breadcrumb":{"@id":"https:\/\/geoclimate.ge\/az\/product\/dkis1-rectangular-smoke-control-dampers\/#breadcrumb"},"inLanguage":"az","potentialAction":[{"@type":"ReadAction","target":["https:\/\/geoclimate.ge\/az\/product\/dkis1-rectangular-smoke-control-dampers\/"]}]},{"@type":"ImageObject","inLanguage":"az","@id":"https:\/\/geoclimate.ge\/az\/product\/dkis1-rectangular-smoke-control-dampers\/#primaryimage","url":"https:\/\/geoclimate.ge\/wp-content\/uploads\/2025\/09\/PRODUCT-MAIN-IMAGE_DKIS1.jpg","contentUrl":"https:\/\/geoclimate.ge\/wp-content\/uploads\/2025\/09\/PRODUCT-MAIN-IMAGE_DKIS1.jpg","width":384,"height":288},{"@type":"BreadcrumbList","@id":"https:\/\/geoclimate.ge\/az\/product\/dkis1-rectangular-smoke-control-dampers\/#breadcrumb","itemListElement":[{"@type":"ListItem","position":1,"name":"Home","item":"https:\/\/geoclimate.ge\/az\/"},{"@type":"ListItem","position":2,"name":"M\u0259hsullar","item":"https:\/\/geoclimate.ge\/az\/products\/"},{"@type":"ListItem","position":3,"name":"DKIS1 D\u00fczbucaql\u0131 T\u00fcst\u00fc N\u0259zar\u0259t Damperl\u0259ri"}]},{"@type":"WebSite","@id":"https:\/\/geoclimate.ge\/#website","url":"https:\/\/geoclimate.ge\/","name":"GeoClimate","description":"","publisher":{"@id":"https:\/\/geoclimate.ge\/#organization"},"potentialAction":[{"@type":"SearchAction","target":{"@type":"EntryPoint","urlTemplate":"https:\/\/geoclimate.ge\/?s={search_term_string}"},"query-input":{"@type":"PropertyValueSpecification","valueRequired":true,"valueName":"search_term_string"}}],"inLanguage":"az"},{"@type":"Organization","@id":"https:\/\/geoclimate.ge\/#organization","name":"GeoClimate","url":"https:\/\/geoclimate.ge\/","logo":{"@type":"ImageObject","inLanguage":"az","@id":"https:\/\/geoclimate.ge\/#\/schema\/logo\/image\/","url":"https:\/\/geoclimate.ge\/wp-content\/uploads\/2026\/03\/geoclimate-SEO.png","contentUrl":"https:\/\/geoclimate.ge\/wp-content\/uploads\/2026\/03\/geoclimate-SEO.png","width":1536,"height":1024,"caption":"GeoClimate"},"image":{"@id":"https:\/\/geoclimate.ge\/#\/schema\/logo\/image\/"}}]}},"_links":{"self":[{"href":"https:\/\/geoclimate.ge\/az\/wp-json\/wp\/v2\/product\/36554","targetHints":{"allow":["GET"]}}],"collection":[{"href":"https:\/\/geoclimate.ge\/az\/wp-json\/wp\/v2\/product"}],"about":[{"href":"https:\/\/geoclimate.ge\/az\/wp-json\/wp\/v2\/types\/product"}],"wp:featuredmedia":[{"embeddable":true,"href":"https:\/\/geoclimate.ge\/az\/wp-json\/wp\/v2\/media\/36549"}],"wp:attachment":[{"href":"https:\/\/geoclimate.ge\/az\/wp-json\/wp\/v2\/media?parent=36554"}],"wp:term":[{"taxonomy":"product_brand","embeddable":true,"href":"https:\/\/geoclimate.ge\/az\/wp-json\/wp\/v2\/product_brand?post=36554"},{"taxonomy":"product_cat","embeddable":true,"href":"https:\/\/geoclimate.ge\/az\/wp-json\/wp\/v2\/product_cat?post=36554"},{"taxonomy":"product_tag","embeddable":true,"href":"https:\/\/geoclimate.ge\/az\/wp-json\/wp\/v2\/product_tag?post=36554"}],"curies":[{"name":"wp","href":"https:\/\/api.w.org\/{rel}","templated":true}]}}