{"id":36955,"date":"2025-09-07T13:01:53","date_gmt":"2025-09-07T09:01:53","guid":{"rendered":"https:\/\/airsystems.ge\/shop\/product\/36935\/"},"modified":"2025-09-07T13:10:10","modified_gmt":"2025-09-07T09:10:10","slug":"36935","status":"publish","type":"product","link":"https:\/\/geoclimate.ge\/az\/product\/36935\/","title":{"rendered":"NOVA-H Barmaql\u0131qlar Delikli panel barmaql\u0131\u011f\u0131 s\u0259naye v\u0259 ticar\u0259t \u00fc\u00e7\u00fcn ideald\u0131r"},"content":{"rendered":"<p><strong>Al\u00fcminium v\u0259 Polad<\/strong><br \/>\nNOVA-H diffuziya barmaql\u0131\u011f\u0131 anodla\u015fd\u0131r\u0131lm\u0131\u015f al\u00fcminium profill\u0259rd\u0259n tikilib, onu g\u00fccl\u00fc, lakin y\u00fcng\u00fcl edir. Perforasiya edilmi\u015f panel t\u0259b\u0259q\u0259 poladdan haz\u0131rlanm\u0131\u015fd\u0131r.<\/p>\n<p>&nbsp;<\/p>\n<p><strong>Havan\u0131n \u00e7\u0131xar\u0131lmas\u0131 v\u0259 t\u0259chizat\u0131<\/strong><br \/>\nNOVA-H perforasiya edilmi\u015f panel barmaql\u0131\u011f\u0131 qura\u015fd\u0131r\u0131ld\u0131qda \u0259sas\u0259n havan\u0131n \u00e7\u0131xar\u0131lmas\u0131 \u00fc\u00e7\u00fcn n\u0259z\u0259rd\u0259 tutulub, lakin hava t\u0259chizat\u0131 \u00fc\u00e7\u00fcn d\u0259 istifad\u0259 oluna bil\u0259r.<\/p>\n<p>&nbsp;<\/p>\n<p><strong>S\u0259naye v\u0259 kommersiya istifad\u0259si<\/strong><br \/>\nNOVA-H diffuziya barmaql\u0131\u011f\u0131 ilk n\u00f6vb\u0259d\u0259 h\u0259m s\u0259naye, h\u0259m d\u0259 ticar\u0259t \u015f\u0259raitind\u0259 havan\u0131n \u00e7\u0131xar\u0131lmas\u0131n\u0131 t\u0259min etm\u0259k \u00fc\u00e7\u00fcn n\u0259z\u0259rd\u0259 tutulmu\u015fdur.<\/p>\n<p>&nbsp;<\/p>\n<p>NOVA-H diffuziya barmaql\u0131\u011f\u0131 h\u0259m s\u0259naye, h\u0259m d\u0259 kommersiya \u015f\u0259raitl\u0259rind\u0259 qura\u015fd\u0131rmaq \u00fc\u00e7\u00fcn uy\u011fun olan perforasiya paneli il\u0259 a\u011f\u0131ll\u0131 dizayn edilmi\u015f barmaql\u0131qd\u0131r. Anodla\u015fd\u0131r\u0131lm\u0131\u015f al\u00fcminium konstruksiyas\u0131 il\u0259 h\u0259m g\u00fccl\u00fc, h\u0259m d\u0259 y\u00fcng\u00fcld\u00fcr, asan qura\u015fd\u0131rmaya k\u00f6m\u0259k edir v\u0259 davaml\u0131l\u0131\u011f\u0131 art\u0131r\u0131r. Al\u00fcminium g\u00fccl\u00fc korroziyaya qar\u015f\u0131 x\u00fcsusiyy\u0259tl\u0259r\u0259 malikdir v\u0259 onu geni\u015f \u00e7e\u015fidli parametrl\u0259r \u00fc\u00e7\u00fcn uy\u011funla\u015fd\u0131r\u0131r. Delikli panel sinkl\u0259nmi\u015f polad t\u0259b\u0259q\u0259d\u0259n haz\u0131rlan\u0131r.<\/p>\n<p>M\u00fcxt\u0259lif \u00f6l\u00e7\u00fcl\u0259rd\u0259 m\u00f6vcud olan qur\u011fu \u0259sas\u0259n d\u00fczbucaql\u0131 kanallara v\u0259 ya divarlara qura\u015fd\u0131r\u0131ld\u0131qda havan\u0131n \u00e7\u0131xar\u0131lmas\u0131 \u00fc\u00e7\u00fcn n\u0259z\u0259rd\u0259 tutulub, lakin hava t\u0259chizat\u0131 \u00fc\u00e7\u00fcn d\u0259 istifad\u0259 oluna bil\u0259r. Balansla\u015fd\u0131r\u0131lm\u0131\u015f paylama \u00fc\u00e7\u00fcn R1-NOVA damperind\u0259n v\u0259 ya plenum qutusundan istifad\u0259 etm\u0259k t\u00f6vsiy\u0259 olunur. Damperl\u0259 yana\u015f\u0131, UR-NOVA montaj \u00e7\u0259r\u00e7iv\u0259si d\u0259 m\u00f6vcuddur. M\u0259hsul standart olaraq RAL9003 (siqnal a\u011f) il\u0259 boyanm\u0131\u015f tozdur. \u0130st\u0259y\u0259 g\u00f6r\u0259 dig\u0259r RAL r\u0259ngl\u0259ri m\u00f6vcuddur.<\/p>\n<p>&nbsp;<\/p>\n<p><strong>Sifari\u015finiz, t\u0259rziniz!<\/strong><br \/>\nM\u0259hsulumuz sizin se\u00e7iml\u0259riniz\u0259 uy\u011funla\u015fd\u0131r\u0131la bil\u0259r v\u0259 estetik bax\u0131\u015f\u0131n\u0131za m\u00fck\u0259mm\u0259l uy\u011funla\u015fmaq \u00fc\u00e7\u00fcn onu ist\u0259nil\u0259n RAL kodu s\u0259thi il\u0259 sifari\u015f etm\u0259y\u0259 imkan verir.<\/p>\n","protected":false},"excerpt":{"rendered":"<p>Delikli panel barmaql\u0131\u011f\u0131 s\u0259naye v\u0259 ticar\u0259t \u00fc\u00e7\u00fcn ideald\u0131r<\/p>\n<p>Y\u00fcng\u00fcl<\/p>\n<p>Divar v\u0259 ya kanal qura\u015fd\u0131r\u0131lmas\u0131<\/p>\n<p>S\u0259naye v\u0259 ya kommersiya<\/p>\n<p>Al\u00fcminium v\u0259 Polad<\/p>\n","protected":false},"featured_media":36938,"template":"","meta":[],"product_brand":[],"product_cat":[1843,1847,1855],"product_tag":[],"class_list":{"0":"post-36955","1":"product","2":"type-product","3":"status-publish","4":"has-post-thumbnail","6":"product_cat-hava-paylayici-mhsullar","7":"product_cat-havalandirma-barmaqliqlari","8":"product_cat-nova-barmaqliqlari","10":"first","11":"instock","12":"shipping-taxable","13":"product-type-simple"},"yoast_head":"<!-- This site is optimized with the Yoast SEO plugin v27.1.1 - https:\/\/yoast.com\/product\/yoast-seo-wordpress\/ -->\n<title>NOVA-H Barmaql\u0131qlar Delikli panel barmaql\u0131\u011f\u0131 s\u0259naye v\u0259 ticar\u0259t \u00fc\u00e7\u00fcn ideald\u0131r - GeoClimate.ge<\/title>\n<meta name=\"robots\" content=\"index, follow, max-snippet:-1, max-image-preview:large, max-video-preview:-1\" \/>\n<link rel=\"canonical\" href=\"https:\/\/geoclimate.ge\/az\/product\/36935\/\" \/>\n<meta property=\"og:locale\" content=\"az_AZ\" \/>\n<meta property=\"og:type\" content=\"article\" \/>\n<meta property=\"og:title\" content=\"NOVA-H Barmaql\u0131qlar Delikli panel barmaql\u0131\u011f\u0131 s\u0259naye v\u0259 ticar\u0259t \u00fc\u00e7\u00fcn ideald\u0131r - GeoClimate.ge\" \/>\n<meta property=\"og:description\" content=\"Delikli panel barmaql\u0131\u011f\u0131 s\u0259naye v\u0259 ticar\u0259t \u00fc\u00e7\u00fcn ideald\u0131r  Y\u00fcng\u00fcl  Divar v\u0259 ya kanal qura\u015fd\u0131r\u0131lmas\u0131  S\u0259naye v\u0259 ya kommersiya  Al\u00fcminium v\u0259 Polad\" \/>\n<meta property=\"og:url\" content=\"https:\/\/geoclimate.ge\/az\/product\/36935\/\" \/>\n<meta property=\"og:site_name\" content=\"GeoClimate.ge\" \/>\n<meta property=\"article:modified_time\" content=\"2025-09-07T09:10:10+00:00\" \/>\n<meta property=\"og:image\" content=\"https:\/\/geoclimate.ge\/wp-content\/uploads\/2025\/09\/filters_quality80-10.webp\" \/>\n\t<meta property=\"og:image:width\" content=\"384\" \/>\n\t<meta property=\"og:image:height\" content=\"321\" \/>\n\t<meta property=\"og:image:type\" content=\"image\/webp\" \/>\n<meta name=\"twitter:card\" content=\"summary_large_image\" \/>\n<meta name=\"twitter:label1\" content=\"Est. reading time\" \/>\n\t<meta name=\"twitter:data1\" content=\"2 minutes\" \/>\n<script type=\"application\/ld+json\" class=\"yoast-schema-graph\">{\"@context\":\"https:\/\/schema.org\",\"@graph\":[{\"@type\":\"WebPage\",\"@id\":\"https:\/\/geoclimate.ge\/az\/product\/36935\/\",\"url\":\"https:\/\/geoclimate.ge\/az\/product\/36935\/\",\"name\":\"NOVA-H Barmaql\u0131qlar Delikli panel barmaql\u0131\u011f\u0131 s\u0259naye v\u0259 ticar\u0259t \u00fc\u00e7\u00fcn ideald\u0131r - GeoClimate.ge\",\"isPartOf\":{\"@id\":\"https:\/\/geoclimate.ge\/#website\"},\"primaryImageOfPage\":{\"@id\":\"https:\/\/geoclimate.ge\/az\/product\/36935\/#primaryimage\"},\"image\":{\"@id\":\"https:\/\/geoclimate.ge\/az\/product\/36935\/#primaryimage\"},\"thumbnailUrl\":\"https:\/\/geoclimate.ge\/wp-content\/uploads\/2025\/09\/filters_quality80-10.webp\",\"datePublished\":\"2025-09-07T09:01:53+00:00\",\"dateModified\":\"2025-09-07T09:10:10+00:00\",\"breadcrumb\":{\"@id\":\"https:\/\/geoclimate.ge\/az\/product\/36935\/#breadcrumb\"},\"inLanguage\":\"az\",\"potentialAction\":[{\"@type\":\"ReadAction\",\"target\":[\"https:\/\/geoclimate.ge\/az\/product\/36935\/\"]}]},{\"@type\":\"ImageObject\",\"inLanguage\":\"az\",\"@id\":\"https:\/\/geoclimate.ge\/az\/product\/36935\/#primaryimage\",\"url\":\"https:\/\/geoclimate.ge\/wp-content\/uploads\/2025\/09\/filters_quality80-10.webp\",\"contentUrl\":\"https:\/\/geoclimate.ge\/wp-content\/uploads\/2025\/09\/filters_quality80-10.webp\",\"width\":384,\"height\":321},{\"@type\":\"BreadcrumbList\",\"@id\":\"https:\/\/geoclimate.ge\/az\/product\/36935\/#breadcrumb\",\"itemListElement\":[{\"@type\":\"ListItem\",\"position\":1,\"name\":\"Home\",\"item\":\"https:\/\/geoclimate.ge\/az\/\"},{\"@type\":\"ListItem\",\"position\":2,\"name\":\"M\u0259hsullar\",\"item\":\"https:\/\/geoclimate.ge\/az\/products\/\"},{\"@type\":\"ListItem\",\"position\":3,\"name\":\"NOVA-H Barmaql\u0131qlar Delikli panel barmaql\u0131\u011f\u0131 s\u0259naye v\u0259 ticar\u0259t \u00fc\u00e7\u00fcn ideald\u0131r\"}]},{\"@type\":\"WebSite\",\"@id\":\"https:\/\/geoclimate.ge\/#website\",\"url\":\"https:\/\/geoclimate.ge\/\",\"name\":\"GeoClimate\",\"description\":\"\",\"publisher\":{\"@id\":\"https:\/\/geoclimate.ge\/#organization\"},\"potentialAction\":[{\"@type\":\"SearchAction\",\"target\":{\"@type\":\"EntryPoint\",\"urlTemplate\":\"https:\/\/geoclimate.ge\/?s={search_term_string}\"},\"query-input\":{\"@type\":\"PropertyValueSpecification\",\"valueRequired\":true,\"valueName\":\"search_term_string\"}}],\"inLanguage\":\"az\"},{\"@type\":\"Organization\",\"@id\":\"https:\/\/geoclimate.ge\/#organization\",\"name\":\"GeoClimate\",\"url\":\"https:\/\/geoclimate.ge\/\",\"logo\":{\"@type\":\"ImageObject\",\"inLanguage\":\"az\",\"@id\":\"https:\/\/geoclimate.ge\/#\/schema\/logo\/image\/\",\"url\":\"https:\/\/geoclimate.ge\/wp-content\/uploads\/2026\/03\/geoclimate-SEO.png\",\"contentUrl\":\"https:\/\/geoclimate.ge\/wp-content\/uploads\/2026\/03\/geoclimate-SEO.png\",\"width\":1536,\"height\":1024,\"caption\":\"GeoClimate\"},\"image\":{\"@id\":\"https:\/\/geoclimate.ge\/#\/schema\/logo\/image\/\"}}]}<\/script>\n<!-- \/ Yoast SEO plugin. -->","yoast_head_json":{"title":"NOVA-H Barmaql\u0131qlar Delikli panel barmaql\u0131\u011f\u0131 s\u0259naye v\u0259 ticar\u0259t \u00fc\u00e7\u00fcn ideald\u0131r - GeoClimate.ge","robots":{"index":"index","follow":"follow","max-snippet":"max-snippet:-1","max-image-preview":"max-image-preview:large","max-video-preview":"max-video-preview:-1"},"canonical":"https:\/\/geoclimate.ge\/az\/product\/36935\/","og_locale":"az_AZ","og_type":"article","og_title":"NOVA-H Barmaql\u0131qlar Delikli panel barmaql\u0131\u011f\u0131 s\u0259naye v\u0259 ticar\u0259t \u00fc\u00e7\u00fcn ideald\u0131r - GeoClimate.ge","og_description":"Delikli panel barmaql\u0131\u011f\u0131 s\u0259naye v\u0259 ticar\u0259t \u00fc\u00e7\u00fcn ideald\u0131r  Y\u00fcng\u00fcl  Divar v\u0259 ya kanal qura\u015fd\u0131r\u0131lmas\u0131  S\u0259naye v\u0259 ya kommersiya  Al\u00fcminium v\u0259 Polad","og_url":"https:\/\/geoclimate.ge\/az\/product\/36935\/","og_site_name":"GeoClimate.ge","article_modified_time":"2025-09-07T09:10:10+00:00","og_image":[{"width":384,"height":321,"url":"https:\/\/geoclimate.ge\/wp-content\/uploads\/2025\/09\/filters_quality80-10.webp","type":"image\/webp"}],"twitter_card":"summary_large_image","twitter_misc":{"Est. reading time":"2 minutes"},"schema":{"@context":"https:\/\/schema.org","@graph":[{"@type":"WebPage","@id":"https:\/\/geoclimate.ge\/az\/product\/36935\/","url":"https:\/\/geoclimate.ge\/az\/product\/36935\/","name":"NOVA-H Barmaql\u0131qlar Delikli panel barmaql\u0131\u011f\u0131 s\u0259naye v\u0259 ticar\u0259t \u00fc\u00e7\u00fcn ideald\u0131r - GeoClimate.ge","isPartOf":{"@id":"https:\/\/geoclimate.ge\/#website"},"primaryImageOfPage":{"@id":"https:\/\/geoclimate.ge\/az\/product\/36935\/#primaryimage"},"image":{"@id":"https:\/\/geoclimate.ge\/az\/product\/36935\/#primaryimage"},"thumbnailUrl":"https:\/\/geoclimate.ge\/wp-content\/uploads\/2025\/09\/filters_quality80-10.webp","datePublished":"2025-09-07T09:01:53+00:00","dateModified":"2025-09-07T09:10:10+00:00","breadcrumb":{"@id":"https:\/\/geoclimate.ge\/az\/product\/36935\/#breadcrumb"},"inLanguage":"az","potentialAction":[{"@type":"ReadAction","target":["https:\/\/geoclimate.ge\/az\/product\/36935\/"]}]},{"@type":"ImageObject","inLanguage":"az","@id":"https:\/\/geoclimate.ge\/az\/product\/36935\/#primaryimage","url":"https:\/\/geoclimate.ge\/wp-content\/uploads\/2025\/09\/filters_quality80-10.webp","contentUrl":"https:\/\/geoclimate.ge\/wp-content\/uploads\/2025\/09\/filters_quality80-10.webp","width":384,"height":321},{"@type":"BreadcrumbList","@id":"https:\/\/geoclimate.ge\/az\/product\/36935\/#breadcrumb","itemListElement":[{"@type":"ListItem","position":1,"name":"Home","item":"https:\/\/geoclimate.ge\/az\/"},{"@type":"ListItem","position":2,"name":"M\u0259hsullar","item":"https:\/\/geoclimate.ge\/az\/products\/"},{"@type":"ListItem","position":3,"name":"NOVA-H Barmaql\u0131qlar Delikli panel barmaql\u0131\u011f\u0131 s\u0259naye v\u0259 ticar\u0259t \u00fc\u00e7\u00fcn ideald\u0131r"}]},{"@type":"WebSite","@id":"https:\/\/geoclimate.ge\/#website","url":"https:\/\/geoclimate.ge\/","name":"GeoClimate","description":"","publisher":{"@id":"https:\/\/geoclimate.ge\/#organization"},"potentialAction":[{"@type":"SearchAction","target":{"@type":"EntryPoint","urlTemplate":"https:\/\/geoclimate.ge\/?s={search_term_string}"},"query-input":{"@type":"PropertyValueSpecification","valueRequired":true,"valueName":"search_term_string"}}],"inLanguage":"az"},{"@type":"Organization","@id":"https:\/\/geoclimate.ge\/#organization","name":"GeoClimate","url":"https:\/\/geoclimate.ge\/","logo":{"@type":"ImageObject","inLanguage":"az","@id":"https:\/\/geoclimate.ge\/#\/schema\/logo\/image\/","url":"https:\/\/geoclimate.ge\/wp-content\/uploads\/2026\/03\/geoclimate-SEO.png","contentUrl":"https:\/\/geoclimate.ge\/wp-content\/uploads\/2026\/03\/geoclimate-SEO.png","width":1536,"height":1024,"caption":"GeoClimate"},"image":{"@id":"https:\/\/geoclimate.ge\/#\/schema\/logo\/image\/"}}]}},"_links":{"self":[{"href":"https:\/\/geoclimate.ge\/az\/wp-json\/wp\/v2\/product\/36955","targetHints":{"allow":["GET"]}}],"collection":[{"href":"https:\/\/geoclimate.ge\/az\/wp-json\/wp\/v2\/product"}],"about":[{"href":"https:\/\/geoclimate.ge\/az\/wp-json\/wp\/v2\/types\/product"}],"wp:featuredmedia":[{"embeddable":true,"href":"https:\/\/geoclimate.ge\/az\/wp-json\/wp\/v2\/media\/36938"}],"wp:attachment":[{"href":"https:\/\/geoclimate.ge\/az\/wp-json\/wp\/v2\/media?parent=36955"}],"wp:term":[{"taxonomy":"product_brand","embeddable":true,"href":"https:\/\/geoclimate.ge\/az\/wp-json\/wp\/v2\/product_brand?post=36955"},{"taxonomy":"product_cat","embeddable":true,"href":"https:\/\/geoclimate.ge\/az\/wp-json\/wp\/v2\/product_cat?post=36955"},{"taxonomy":"product_tag","embeddable":true,"href":"https:\/\/geoclimate.ge\/az\/wp-json\/wp\/v2\/product_tag?post=36955"}],"curies":[{"name":"wp","href":"https:\/\/api.w.org\/{rel}","templated":true}]}}