{"id":36970,"date":"2025-09-07T13:26:12","date_gmt":"2025-09-07T09:26:12","guid":{"rendered":"https:\/\/airsystems.ge\/shop\/product\/nova-r-grilles-rectangular-non-transparent-aluminium-grille-suitable-for-hotels-offices-and-restaurants\/"},"modified":"2025-09-07T13:31:36","modified_gmt":"2025-09-07T09:31:36","slug":"nova-r-grilles-rectangular-non-transparent-aluminium-grille-suitable-for-hotels-offices-and-restaurants","status":"publish","type":"product","link":"https:\/\/geoclimate.ge\/az\/product\/nova-r-grilles-rectangular-non-transparent-aluminium-grille-suitable-for-hotels-offices-and-restaurants\/","title":{"rendered":"NOVA-R Barmaql\u0131qlar Otell\u0259r, ofisl\u0259r v\u0259 restoranlar \u00fc\u00e7\u00fcn uy\u011fun d\u00fczbucaql\u0131 qeyri-\u015f\u0259ffaf al\u00fcminium barmaql\u0131q"},"content":{"rendered":"<div class=\"mb-400 gtm-product-section container-fluid\" data-gtm-name=\"Benefits\" data-gtm-label=\"Benefits (en)\" data-gtm-vis-first-on-screen53434917_103=\"12404\" data-gtm-vis-total-visible-time53434917_103=\"1500\" data-gtm-vis-has-fired53434917_103=\"1\">\n<div class=\"row\">\n<div class=\"content-element content-element-product-benefit col-12 sm:col-6 mb-400\">\n<div class=\"bg-card px-300 py-250 mobile-nav:px-200 mobile-nav:py-150 h-full flex overflow-hidden card-border\">\n<div class=\"min-w-0\">\n<p><strong>Havan\u0131n \u00e7\u0131xar\u0131lmas\u0131<\/strong><\/p>\n<p>NOVA-R diffuziya barmaql\u0131\u011f\u0131 d\u00fczbucaql\u0131 kanallara v\u0259 ya divarlara qura\u015fd\u0131r\u0131ld\u0131qda havan\u0131n \u00e7\u0131xar\u0131lmas\u0131 \u00fc\u00e7\u00fcn n\u0259z\u0259rd\u0259 tutulub.<\/p>\n<p>&nbsp;<\/p>\n<p><strong>Estetik g\u00f6r\u00fcn\u00fc\u015f<\/strong><\/p>\n<p>NOVA-R-nin dizayn\u0131 onu ofisl\u0259r, otell\u0259r v\u0259 restoranlar kimi \u00fcmumi g\u00f6r\u00fcn\u00fc\u015f\u00fcn n\u0259z\u0259r\u0259 al\u0131nd\u0131\u011f\u0131 m\u0259kanlarda istifad\u0259y\u0259 uy\u011fun edir.<\/p>\n<p>&nbsp;<\/p>\n<p><strong>Kanal\u0131n qura\u015fd\u0131r\u0131lmas\u0131<\/strong><\/p>\n<p>NOVA-R barmaql\u0131\u011f\u0131 hav\u015fal\u0131 vintl\u0259rd\u0259n istifad\u0259 etm\u0259kl\u0259 birba\u015fa d\u00fczbucaql\u0131 kanala v\u0259 ya montaj \u00e7\u0259r\u00e7iv\u0259si v\u0259 yay klipl\u0259ri il\u0259 birba\u015fa divara qura\u015fd\u0131r\u0131la bil\u0259r.<\/p>\n<p>&nbsp;<\/p>\n<p>NOVA-R, sabit b\u0131\u00e7aqlar\u0131 olan d\u00fczbucaql\u0131, \u015f\u0259ffaf olmayan al\u00fcminium barmaql\u0131qd\u0131r. M\u00fcxt\u0259lif \u00f6l\u00e7\u00fcl\u0259rd\u0259 m\u00f6vcuddur, qur\u011fu d\u00fczbucaql\u0131 kanala v\u0259 ya montaj \u00e7\u0259r\u00e7iv\u0259si v\u0259 yay klipl\u0259rind\u0259n istifad\u0259 ed\u0259r\u0259k divara qura\u015fd\u0131r\u0131ld\u0131qda havan\u0131n \u00e7\u0131xar\u0131lmas\u0131 \u00fc\u00e7\u00fcn n\u0259z\u0259rd\u0259 tutulmu\u015fdur. NOVA-R barmaql\u0131\u011f\u0131 qoruyucu \u015f\u0259b\u0259k\u0259 il\u0259 t\u0259chiz olunarsa, onu hava t\u0259chizat\u0131 \u00fc\u00e7\u00fcn barmaql\u0131q kimi binan\u0131n xarici divar\u0131na qura\u015fd\u0131rmaq olar. B\u00fct\u00fcn barmaql\u0131qda havan\u0131n balansla\u015fd\u0131r\u0131lm\u0131\u015f paylanmas\u0131 \u00fc\u00e7\u00fcn h\u0259r ikisi aksesuar kimi m\u00f6vcud olan damper v\u0259 ya plenum qutusundan istifad\u0259 etm\u0259k t\u00f6vsiy\u0259 olunur.<\/p>\n<p>NOVA-R barmaql\u0131\u011f\u0131 yerli \u00f6rt\u00fckl\u00fc al\u00fcminium profill\u0259rd\u0259n v\u0259 ya RAL 9003 siqnal a\u011f r\u0259ngind\u0259 toz lakl\u0131 s\u0259thl\u0259 haz\u0131rlanm\u0131\u015fd\u0131r. Dig\u0259r RAL n\u00f6vl\u0259ri sifari\u015f \u0259sas\u0131nda m\u00f6vcuddur. Opsiyonel mesh ekran 10 x 10 mm ilg\u0259kl\u0259ri olan sinkl\u0259nmi\u015f m\u0259ftild\u0259n haz\u0131rlan\u0131r. \u0130st\u0259y\u0259 g\u00f6r\u0259, paslanmayan poladdan haz\u0131rlana bil\u0259r. Barmaql\u0131\u011f\u0131n i\u015fl\u0259m\u0259 temperaturu -20 il\u0259 100\u00b0C aras\u0131ndad\u0131r. Barmaql\u0131\u011f\u0131n b\u0131\u00e7aqlar\u0131 45\u00b0 bucaq alt\u0131nda a\u015fa\u011f\u0131ya \u0259yilmi\u015f 20 mm eksenel add\u0131mla sabitl\u0259nmi\u015fdir.<\/p>\n<p>&nbsp;<\/p>\n<p><strong>Sifari\u015finiz, t\u0259rziniz!<\/strong><\/p>\n<p>M\u0259hsulumuz sizin se\u00e7iml\u0259riniz\u0259 uy\u011funla\u015fd\u0131r\u0131la bil\u0259r v\u0259 estetik bax\u0131\u015f\u0131n\u0131za m\u00fck\u0259mm\u0259l uy\u011funla\u015fmaq \u00fc\u00e7\u00fcn onu ist\u0259nil\u0259n RAL kodu s\u0259thi il\u0259 sifari\u015f etm\u0259y\u0259 imkan verir.<\/p>\n<\/div>\n<\/div>\n<\/div>\n<\/div>\n<\/div>\n","protected":false},"excerpt":{"rendered":"<div>\n<p>Otell\u0259r, ofisl\u0259r v\u0259 restoranlar \u00fc\u00e7\u00fcn uy\u011fun d\u00fczbucaql\u0131 qeyri-\u015f\u0259ffaf al\u00fcminium barmaql\u0131q<\/p>\n<p>Y\u00fcng\u00fcl<\/p>\n<p>Estetik dizayn<\/p>\n<p>Al\u00fcminium konstruksiya<\/p>\n<p>Havan\u0131n \u00e7\u0131xar\u0131lmas\u0131<\/p>\n<\/div>\n<div class=\"flex flex-col gap-200\">\n<div class=\"flex flex-col flex-wrap gap-100 md:flex-row md:items-center gtm-purchase-option\" data-gtm-name=\"length\" data-gtm-label=\"Length\">\n<p><label class=\"flex gap-050 md:w-700 leading-none hyphens-auto print:w-full print:max-w-2\/5 text-label-small\">Length<\/label><\/p>\n<div class=\"flex flex-1 flex-wrap gap-050\"><button class=\"select-btn select-btn-small select-btn-selected gtm-purchase-option-value\" type=\"button\" data-gtm-name=\"200\" data-gtm-label=\"200\">200<\/button><button class=\"select-btn select-btn-small select-btn-default gtm-purchase-option-value\" type=\"button\" data-gtm-name=\"300\" data-gtm-label=\"300\">300<\/button><button class=\"select-btn select-btn-small select-btn-default gtm-purchase-option-value\" type=\"button\" data-gtm-name=\"400\" data-gtm-label=\"400\">400<\/button><button class=\"select-btn select-btn-small select-btn-default gtm-purchase-option-value\" type=\"button\" data-gtm-name=\"500\" data-gtm-label=\"500\">500<\/button><button class=\"select-btn select-btn-small select-btn-default gtm-purchase-option-value\" type=\"button\" data-gtm-name=\"600\" data-gtm-label=\"600\">600<\/button><button class=\"select-btn select-btn-small select-btn-default gtm-purchase-option-value\" type=\"button\" data-gtm-name=\"800\" data-gtm-label=\"800\">800<\/button><button class=\"select-btn select-btn-small select-btn-default gtm-purchase-option-value\" type=\"button\" data-gtm-name=\"1000\" data-gtm-label=\"1000\">1000<\/button><button class=\"select-btn select-btn-small select-btn-default gtm-purchase-option-value\" type=\"button\" data-gtm-name=\"1200\" data-gtm-label=\"1200\">1200<\/button><button class=\"select-btn select-btn-small select-btn-default gtm-purchase-option-value\" type=\"button\" data-gtm-name=\"225\" data-gtm-label=\"225\">225<\/button><button class=\"select-btn select-btn-small select-btn-default gtm-purchase-option-value\" type=\"button\" data-gtm-name=\"325\" data-gtm-label=\"325\">325<\/button><button class=\"select-btn select-btn-small select-btn-default gtm-purchase-option-value\" type=\"button\" data-gtm-name=\"425\" data-gtm-label=\"425\">425<\/button><button class=\"select-btn select-btn-small select-btn-default gtm-purchase-option-value\" type=\"button\" data-gtm-name=\"525\" data-gtm-label=\"525\">525<\/button><button class=\"select-btn select-btn-small select-btn-default gtm-purchase-option-value\" type=\"button\" data-gtm-name=\"625\" data-gtm-label=\"625\">625<\/button><button class=\"select-btn select-btn-small select-btn-default gtm-purchase-option-value\" type=\"button\" data-gtm-name=\"825\" data-gtm-label=\"825\">825<\/button><button class=\"select-btn select-btn-small select-btn-default gtm-purchase-option-value\" type=\"button\" data-gtm-name=\"1025\" data-gtm-label=\"1025\">1025<\/button><button class=\"select-btn select-btn-small select-btn-default gtm-purchase-option-value\" type=\"button\" data-gtm-name=\"1225\" data-gtm-label=\"1225\">1225<\/button><\/div>\n<\/div>\n<div class=\"flex flex-col flex-wrap gap-100 md:flex-row md:items-center gtm-purchase-option\" data-gtm-name=\"height\" data-gtm-label=\"Height\">\n<p><label class=\"flex gap-050 md:w-700 leading-none hyphens-auto print:w-full print:max-w-2\/5 text-label-small\">Height<\/label><\/p>\n<div class=\"flex flex-1 flex-wrap gap-050\"><button class=\"select-btn select-btn-small select-btn-default gtm-purchase-option-value\" type=\"button\" data-gtm-name=\"100\" data-gtm-label=\"100\">100<\/button><button class=\"select-btn select-btn-small select-btn-default gtm-purchase-option-value\" type=\"button\" data-gtm-name=\"150\" data-gtm-label=\"150\">150<\/button><button class=\"select-btn select-btn-small select-btn-selected gtm-purchase-option-value\" type=\"button\" data-gtm-name=\"200\" data-gtm-label=\"200\">200<\/button><button class=\"select-btn select-btn-small select-btn-default select-btn-disabled gtm-purchase-option-value\" type=\"button\" data-gtm-name=\"300\" data-gtm-label=\"300\">300<\/button><button class=\"select-btn select-btn-small select-btn-default select-btn-disabled gtm-purchase-option-value\" type=\"button\" data-gtm-name=\"400\" data-gtm-label=\"400\">400<\/button><button class=\"select-btn select-btn-small select-btn-default select-btn-disabled gtm-purchase-option-value\" type=\"button\" data-gtm-name=\"500\" data-gtm-label=\"500\">500<\/button><button class=\"select-btn select-btn-small select-btn-default select-btn-disabled gtm-purchase-option-value\" type=\"button\" data-gtm-name=\"125\" data-gtm-label=\"125\">125<\/button><button class=\"select-btn select-btn-small select-btn-default select-btn-disabled gtm-purchase-option-value\" type=\"button\" data-gtm-name=\"225\" data-gtm-label=\"225\">225<\/button><button class=\"select-btn select-btn-small select-btn-default select-btn-disabled gtm-purchase-option-value\" type=\"button\" data-gtm-name=\"325\" data-gtm-label=\"325\">325<\/button><button class=\"select-btn select-btn-small select-btn-default select-btn-disabled gtm-purchase-option-value\" type=\"button\" data-gtm-name=\"425\" data-gtm-label=\"425\">425<\/button><button class=\"select-btn select-btn-small select-btn-default select-btn-disabled gtm-purchase-option-value\" type=\"button\" data-gtm-name=\"525\" data-gtm-label=\"525\">525<\/button><\/div>\n<\/div>\n<div class=\"flex flex-col flex-wrap gap-100 md:flex-row md:items-center gtm-purchase-option\" data-gtm-name=\"mounting\" data-gtm-label=\"Mounting\">\n<p><label class=\"flex gap-050 md:w-700 leading-none hyphens-auto print:w-full print:max-w-2\/5 text-label-small\">Mounting<\/label><\/p>\n<div class=\"flex flex-1 flex-wrap gap-050\"><button class=\"select-btn select-btn-small select-btn-selected gtm-purchase-option-value\" type=\"button\" data-gtm-name=\"Screws\" data-gtm-label=\"Screws\">Screws<\/button><button class=\"select-btn select-btn-small select-btn-default gtm-purchase-option-value\" type=\"button\" data-gtm-name=\"Spring clips\" data-gtm-label=\"Spring clips\">Spring clips<\/button><\/div>\n<\/div>\n<div class=\"flex flex-col flex-wrap gap-100 md:flex-row md:items-center gtm-purchase-option\" data-gtm-name=\"surface_finish\" data-gtm-label=\"Surface finish\">\n<p><label class=\"flex gap-050 md:w-700 leading-none hyphens-auto print:w-full print:max-w-2\/5 text-label-small\">Surface finish<\/label><\/p>\n<div class=\"flex flex-1 flex-wrap gap-050\"><button class=\"select-btn select-btn-small select-btn-selected gtm-purchase-option-value\" type=\"button\" data-gtm-name=\"Anodized aluminium finish\" data-gtm-label=\"Anodized aluminium finish\">Anodized aluminium finish<\/button><button class=\"select-btn select-btn-small select-btn-default gtm-purchase-option-value\" type=\"button\" data-gtm-name=\"Signal white (RAL9003)\" data-gtm-label=\"Signal white (RAL9003)\">Signal white (RAL9003)<\/button><\/div>\n<\/div>\n<\/div>\n<div class=\"gtm-sku-info flex flex-col gap-y-050 text-label-tiny text-neutral-600\">\n<div class=\"flex flex-wrap items-baseline gap-x-100 gap-y-025\"><span class=\"gtm-article-name\">NOVA-R-1-200&#215;200-AN<\/span><span class=\"whitespace-nowrap gtm-article-number text-base font-bold\">#380507<\/span><\/div>\n<\/div>\n","protected":false},"featured_media":38306,"template":"","meta":[],"product_brand":[],"product_cat":[1843,1847,1855],"product_tag":[],"class_list":{"0":"post-36970","1":"product","2":"type-product","3":"status-publish","4":"has-post-thumbnail","6":"product_cat-hava-paylayici-mhsullar","7":"product_cat-havalandirma-barmaqliqlari","8":"product_cat-nova-barmaqliqlari","10":"first","11":"instock","12":"shipping-taxable","13":"product-type-simple"},"yoast_head":"<!-- This site is optimized with the Yoast SEO plugin v27.1.1 - https:\/\/yoast.com\/product\/yoast-seo-wordpress\/ -->\n<title>NOVA-R Barmaql\u0131qlar Otell\u0259r, ofisl\u0259r v\u0259 restoranlar \u00fc\u00e7\u00fcn uy\u011fun d\u00fczbucaql\u0131 qeyri-\u015f\u0259ffaf al\u00fcminium barmaql\u0131q - GeoClimate.ge<\/title>\n<meta name=\"robots\" content=\"index, follow, max-snippet:-1, max-image-preview:large, max-video-preview:-1\" \/>\n<link rel=\"canonical\" href=\"https:\/\/geoclimate.ge\/az\/product\/nova-r-grilles-rectangular-non-transparent-aluminium-grille-suitable-for-hotels-offices-and-restaurants\/\" \/>\n<meta property=\"og:locale\" content=\"az_AZ\" \/>\n<meta property=\"og:type\" content=\"article\" \/>\n<meta property=\"og:title\" content=\"NOVA-R Barmaql\u0131qlar Otell\u0259r, ofisl\u0259r v\u0259 restoranlar \u00fc\u00e7\u00fcn uy\u011fun d\u00fczbucaql\u0131 qeyri-\u015f\u0259ffaf al\u00fcminium barmaql\u0131q - GeoClimate.ge\" \/>\n<meta property=\"og:description\" content=\"Otell\u0259r, ofisl\u0259r v\u0259 restoranlar \u00fc\u00e7\u00fcn uy\u011fun d\u00fczbucaql\u0131 qeyri-\u015f\u0259ffaf al\u00fcminium barmaql\u0131q  Y\u00fcng\u00fcl  Estetik dizayn  Al\u00fcminium konstruksiya  Havan\u0131n \u00e7\u0131xar\u0131lmas\u0131      Length 2003004005006008001000120022532542552562582510251225    Height 100150200300400500125225325425525    Mounting ScrewsSpring clips    Surface finish Anodized aluminium finishSignal white (RAL9003)    NOVA-R-1-200x200-AN#380507\" \/>\n<meta property=\"og:url\" content=\"https:\/\/geoclimate.ge\/az\/product\/nova-r-grilles-rectangular-non-transparent-aluminium-grille-suitable-for-hotels-offices-and-restaurants\/\" \/>\n<meta property=\"og:site_name\" content=\"GeoClimate.ge\" \/>\n<meta property=\"article:modified_time\" content=\"2025-09-07T09:31:36+00:00\" \/>\n<meta property=\"og:image\" content=\"https:\/\/geoclimate.ge\/wp-content\/uploads\/2025\/09\/PRODUCT-MAIN-IMAGE_NOVA_R.jpg\" \/>\n\t<meta property=\"og:image:width\" content=\"384\" \/>\n\t<meta property=\"og:image:height\" content=\"288\" \/>\n\t<meta property=\"og:image:type\" content=\"image\/jpeg\" \/>\n<meta name=\"twitter:card\" content=\"summary_large_image\" \/>\n<meta name=\"twitter:label1\" content=\"Est. reading time\" \/>\n\t<meta name=\"twitter:data1\" content=\"2 minutes\" \/>\n<script type=\"application\/ld+json\" class=\"yoast-schema-graph\">{\"@context\":\"https:\/\/schema.org\",\"@graph\":[{\"@type\":\"WebPage\",\"@id\":\"https:\/\/geoclimate.ge\/az\/product\/nova-r-grilles-rectangular-non-transparent-aluminium-grille-suitable-for-hotels-offices-and-restaurants\/\",\"url\":\"https:\/\/geoclimate.ge\/az\/product\/nova-r-grilles-rectangular-non-transparent-aluminium-grille-suitable-for-hotels-offices-and-restaurants\/\",\"name\":\"NOVA-R Barmaql\u0131qlar Otell\u0259r, ofisl\u0259r v\u0259 restoranlar \u00fc\u00e7\u00fcn uy\u011fun d\u00fczbucaql\u0131 qeyri-\u015f\u0259ffaf al\u00fcminium barmaql\u0131q - GeoClimate.ge\",\"isPartOf\":{\"@id\":\"https:\/\/geoclimate.ge\/#website\"},\"primaryImageOfPage\":{\"@id\":\"https:\/\/geoclimate.ge\/az\/product\/nova-r-grilles-rectangular-non-transparent-aluminium-grille-suitable-for-hotels-offices-and-restaurants\/#primaryimage\"},\"image\":{\"@id\":\"https:\/\/geoclimate.ge\/az\/product\/nova-r-grilles-rectangular-non-transparent-aluminium-grille-suitable-for-hotels-offices-and-restaurants\/#primaryimage\"},\"thumbnailUrl\":\"https:\/\/geoclimate.ge\/wp-content\/uploads\/2025\/09\/PRODUCT-MAIN-IMAGE_NOVA_R.jpg\",\"datePublished\":\"2025-09-07T09:26:12+00:00\",\"dateModified\":\"2025-09-07T09:31:36+00:00\",\"breadcrumb\":{\"@id\":\"https:\/\/geoclimate.ge\/az\/product\/nova-r-grilles-rectangular-non-transparent-aluminium-grille-suitable-for-hotels-offices-and-restaurants\/#breadcrumb\"},\"inLanguage\":\"az\",\"potentialAction\":[{\"@type\":\"ReadAction\",\"target\":[\"https:\/\/geoclimate.ge\/az\/product\/nova-r-grilles-rectangular-non-transparent-aluminium-grille-suitable-for-hotels-offices-and-restaurants\/\"]}]},{\"@type\":\"ImageObject\",\"inLanguage\":\"az\",\"@id\":\"https:\/\/geoclimate.ge\/az\/product\/nova-r-grilles-rectangular-non-transparent-aluminium-grille-suitable-for-hotels-offices-and-restaurants\/#primaryimage\",\"url\":\"https:\/\/geoclimate.ge\/wp-content\/uploads\/2025\/09\/PRODUCT-MAIN-IMAGE_NOVA_R.jpg\",\"contentUrl\":\"https:\/\/geoclimate.ge\/wp-content\/uploads\/2025\/09\/PRODUCT-MAIN-IMAGE_NOVA_R.jpg\",\"width\":384,\"height\":288},{\"@type\":\"BreadcrumbList\",\"@id\":\"https:\/\/geoclimate.ge\/az\/product\/nova-r-grilles-rectangular-non-transparent-aluminium-grille-suitable-for-hotels-offices-and-restaurants\/#breadcrumb\",\"itemListElement\":[{\"@type\":\"ListItem\",\"position\":1,\"name\":\"Home\",\"item\":\"https:\/\/geoclimate.ge\/az\/\"},{\"@type\":\"ListItem\",\"position\":2,\"name\":\"M\u0259hsullar\",\"item\":\"https:\/\/geoclimate.ge\/az\/products\/\"},{\"@type\":\"ListItem\",\"position\":3,\"name\":\"NOVA-R Barmaql\u0131qlar Otell\u0259r, ofisl\u0259r v\u0259 restoranlar \u00fc\u00e7\u00fcn uy\u011fun d\u00fczbucaql\u0131 qeyri-\u015f\u0259ffaf al\u00fcminium barmaql\u0131q\"}]},{\"@type\":\"WebSite\",\"@id\":\"https:\/\/geoclimate.ge\/#website\",\"url\":\"https:\/\/geoclimate.ge\/\",\"name\":\"GeoClimate\",\"description\":\"\",\"publisher\":{\"@id\":\"https:\/\/geoclimate.ge\/#organization\"},\"potentialAction\":[{\"@type\":\"SearchAction\",\"target\":{\"@type\":\"EntryPoint\",\"urlTemplate\":\"https:\/\/geoclimate.ge\/?s={search_term_string}\"},\"query-input\":{\"@type\":\"PropertyValueSpecification\",\"valueRequired\":true,\"valueName\":\"search_term_string\"}}],\"inLanguage\":\"az\"},{\"@type\":\"Organization\",\"@id\":\"https:\/\/geoclimate.ge\/#organization\",\"name\":\"GeoClimate\",\"url\":\"https:\/\/geoclimate.ge\/\",\"logo\":{\"@type\":\"ImageObject\",\"inLanguage\":\"az\",\"@id\":\"https:\/\/geoclimate.ge\/#\/schema\/logo\/image\/\",\"url\":\"https:\/\/geoclimate.ge\/wp-content\/uploads\/2026\/03\/geoclimate-SEO.png\",\"contentUrl\":\"https:\/\/geoclimate.ge\/wp-content\/uploads\/2026\/03\/geoclimate-SEO.png\",\"width\":1536,\"height\":1024,\"caption\":\"GeoClimate\"},\"image\":{\"@id\":\"https:\/\/geoclimate.ge\/#\/schema\/logo\/image\/\"}}]}<\/script>\n<!-- \/ Yoast SEO plugin. -->","yoast_head_json":{"title":"NOVA-R Barmaql\u0131qlar Otell\u0259r, ofisl\u0259r v\u0259 restoranlar \u00fc\u00e7\u00fcn uy\u011fun d\u00fczbucaql\u0131 qeyri-\u015f\u0259ffaf al\u00fcminium barmaql\u0131q - GeoClimate.ge","robots":{"index":"index","follow":"follow","max-snippet":"max-snippet:-1","max-image-preview":"max-image-preview:large","max-video-preview":"max-video-preview:-1"},"canonical":"https:\/\/geoclimate.ge\/az\/product\/nova-r-grilles-rectangular-non-transparent-aluminium-grille-suitable-for-hotels-offices-and-restaurants\/","og_locale":"az_AZ","og_type":"article","og_title":"NOVA-R Barmaql\u0131qlar Otell\u0259r, ofisl\u0259r v\u0259 restoranlar \u00fc\u00e7\u00fcn uy\u011fun d\u00fczbucaql\u0131 qeyri-\u015f\u0259ffaf al\u00fcminium barmaql\u0131q - GeoClimate.ge","og_description":"Otell\u0259r, ofisl\u0259r v\u0259 restoranlar \u00fc\u00e7\u00fcn uy\u011fun d\u00fczbucaql\u0131 qeyri-\u015f\u0259ffaf al\u00fcminium barmaql\u0131q  Y\u00fcng\u00fcl  Estetik dizayn  Al\u00fcminium konstruksiya  Havan\u0131n \u00e7\u0131xar\u0131lmas\u0131      Length 2003004005006008001000120022532542552562582510251225    Height 100150200300400500125225325425525    Mounting ScrewsSpring clips    Surface finish Anodized aluminium finishSignal white (RAL9003)    NOVA-R-1-200x200-AN#380507","og_url":"https:\/\/geoclimate.ge\/az\/product\/nova-r-grilles-rectangular-non-transparent-aluminium-grille-suitable-for-hotels-offices-and-restaurants\/","og_site_name":"GeoClimate.ge","article_modified_time":"2025-09-07T09:31:36+00:00","og_image":[{"width":384,"height":288,"url":"https:\/\/geoclimate.ge\/wp-content\/uploads\/2025\/09\/PRODUCT-MAIN-IMAGE_NOVA_R.jpg","type":"image\/jpeg"}],"twitter_card":"summary_large_image","twitter_misc":{"Est. reading time":"2 minutes"},"schema":{"@context":"https:\/\/schema.org","@graph":[{"@type":"WebPage","@id":"https:\/\/geoclimate.ge\/az\/product\/nova-r-grilles-rectangular-non-transparent-aluminium-grille-suitable-for-hotels-offices-and-restaurants\/","url":"https:\/\/geoclimate.ge\/az\/product\/nova-r-grilles-rectangular-non-transparent-aluminium-grille-suitable-for-hotels-offices-and-restaurants\/","name":"NOVA-R Barmaql\u0131qlar Otell\u0259r, ofisl\u0259r v\u0259 restoranlar \u00fc\u00e7\u00fcn uy\u011fun d\u00fczbucaql\u0131 qeyri-\u015f\u0259ffaf al\u00fcminium barmaql\u0131q - GeoClimate.ge","isPartOf":{"@id":"https:\/\/geoclimate.ge\/#website"},"primaryImageOfPage":{"@id":"https:\/\/geoclimate.ge\/az\/product\/nova-r-grilles-rectangular-non-transparent-aluminium-grille-suitable-for-hotels-offices-and-restaurants\/#primaryimage"},"image":{"@id":"https:\/\/geoclimate.ge\/az\/product\/nova-r-grilles-rectangular-non-transparent-aluminium-grille-suitable-for-hotels-offices-and-restaurants\/#primaryimage"},"thumbnailUrl":"https:\/\/geoclimate.ge\/wp-content\/uploads\/2025\/09\/PRODUCT-MAIN-IMAGE_NOVA_R.jpg","datePublished":"2025-09-07T09:26:12+00:00","dateModified":"2025-09-07T09:31:36+00:00","breadcrumb":{"@id":"https:\/\/geoclimate.ge\/az\/product\/nova-r-grilles-rectangular-non-transparent-aluminium-grille-suitable-for-hotels-offices-and-restaurants\/#breadcrumb"},"inLanguage":"az","potentialAction":[{"@type":"ReadAction","target":["https:\/\/geoclimate.ge\/az\/product\/nova-r-grilles-rectangular-non-transparent-aluminium-grille-suitable-for-hotels-offices-and-restaurants\/"]}]},{"@type":"ImageObject","inLanguage":"az","@id":"https:\/\/geoclimate.ge\/az\/product\/nova-r-grilles-rectangular-non-transparent-aluminium-grille-suitable-for-hotels-offices-and-restaurants\/#primaryimage","url":"https:\/\/geoclimate.ge\/wp-content\/uploads\/2025\/09\/PRODUCT-MAIN-IMAGE_NOVA_R.jpg","contentUrl":"https:\/\/geoclimate.ge\/wp-content\/uploads\/2025\/09\/PRODUCT-MAIN-IMAGE_NOVA_R.jpg","width":384,"height":288},{"@type":"BreadcrumbList","@id":"https:\/\/geoclimate.ge\/az\/product\/nova-r-grilles-rectangular-non-transparent-aluminium-grille-suitable-for-hotels-offices-and-restaurants\/#breadcrumb","itemListElement":[{"@type":"ListItem","position":1,"name":"Home","item":"https:\/\/geoclimate.ge\/az\/"},{"@type":"ListItem","position":2,"name":"M\u0259hsullar","item":"https:\/\/geoclimate.ge\/az\/products\/"},{"@type":"ListItem","position":3,"name":"NOVA-R Barmaql\u0131qlar Otell\u0259r, ofisl\u0259r v\u0259 restoranlar \u00fc\u00e7\u00fcn uy\u011fun d\u00fczbucaql\u0131 qeyri-\u015f\u0259ffaf al\u00fcminium barmaql\u0131q"}]},{"@type":"WebSite","@id":"https:\/\/geoclimate.ge\/#website","url":"https:\/\/geoclimate.ge\/","name":"GeoClimate","description":"","publisher":{"@id":"https:\/\/geoclimate.ge\/#organization"},"potentialAction":[{"@type":"SearchAction","target":{"@type":"EntryPoint","urlTemplate":"https:\/\/geoclimate.ge\/?s={search_term_string}"},"query-input":{"@type":"PropertyValueSpecification","valueRequired":true,"valueName":"search_term_string"}}],"inLanguage":"az"},{"@type":"Organization","@id":"https:\/\/geoclimate.ge\/#organization","name":"GeoClimate","url":"https:\/\/geoclimate.ge\/","logo":{"@type":"ImageObject","inLanguage":"az","@id":"https:\/\/geoclimate.ge\/#\/schema\/logo\/image\/","url":"https:\/\/geoclimate.ge\/wp-content\/uploads\/2026\/03\/geoclimate-SEO.png","contentUrl":"https:\/\/geoclimate.ge\/wp-content\/uploads\/2026\/03\/geoclimate-SEO.png","width":1536,"height":1024,"caption":"GeoClimate"},"image":{"@id":"https:\/\/geoclimate.ge\/#\/schema\/logo\/image\/"}}]}},"_links":{"self":[{"href":"https:\/\/geoclimate.ge\/az\/wp-json\/wp\/v2\/product\/36970","targetHints":{"allow":["GET"]}}],"collection":[{"href":"https:\/\/geoclimate.ge\/az\/wp-json\/wp\/v2\/product"}],"about":[{"href":"https:\/\/geoclimate.ge\/az\/wp-json\/wp\/v2\/types\/product"}],"wp:featuredmedia":[{"embeddable":true,"href":"https:\/\/geoclimate.ge\/az\/wp-json\/wp\/v2\/media\/38306"}],"wp:attachment":[{"href":"https:\/\/geoclimate.ge\/az\/wp-json\/wp\/v2\/media?parent=36970"}],"wp:term":[{"taxonomy":"product_brand","embeddable":true,"href":"https:\/\/geoclimate.ge\/az\/wp-json\/wp\/v2\/product_brand?post=36970"},{"taxonomy":"product_cat","embeddable":true,"href":"https:\/\/geoclimate.ge\/az\/wp-json\/wp\/v2\/product_cat?post=36970"},{"taxonomy":"product_tag","embeddable":true,"href":"https:\/\/geoclimate.ge\/az\/wp-json\/wp\/v2\/product_tag?post=36970"}],"curies":[{"name":"wp","href":"https:\/\/api.w.org\/{rel}","templated":true}]}}