{"id":36995,"date":"2025-09-07T13:37:09","date_gmt":"2025-09-07T09:37:09","guid":{"rendered":"https:\/\/airsystems.ge\/shop\/product\/nova-rf-grilles-ventilation-grille-with-filter-ideal-for-air-extraction-in-re-circulation-systems-with-fan-coils\/"},"modified":"2025-09-07T13:42:43","modified_gmt":"2025-09-07T09:42:43","slug":"nova-rf-grilles-ventilation-grille-with-filter-ideal-for-air-extraction-in-re-circulation-systems-with-fan-coils","status":"publish","type":"product","link":"https:\/\/geoclimate.ge\/az\/product\/nova-rf-grilles-ventilation-grille-with-filter-ideal-for-air-extraction-in-re-circulation-systems-with-fan-coils\/","title":{"rendered":"NOVA-R Barmaql\u0131qlar Otell\u0259r, ofisl\u0259r v\u0259 restoranlar \u00fc\u00e7\u00fcn uy\u011fun d\u00fczbucaql\u0131 qeyri-\u015f\u0259ffaf al\u00fcminium barmaql\u0131q"},"content":{"rendered":"<div class=\"mb-400 gtm-product-section container-fluid\" data-gtm-name=\"Benefits\" data-gtm-label=\"Benefits (en)\" data-gtm-vis-recent-on-screen53434917_103=\"50012\" data-gtm-vis-first-on-screen53434917_103=\"50012\" data-gtm-vis-total-visible-time53434917_103=\"1500\" data-gtm-vis-has-fired53434917_103=\"1\">\n<div class=\"row\">\n<div class=\"content-element content-element-product-benefit col-12 sm:col-6 mb-400\">\n<div class=\"bg-card px-300 py-250 mobile-nav:px-200 mobile-nav:py-150 h-full flex overflow-hidden card-border\">\n<div class=\"min-w-0\">\n<p><strong>Divar v\u0259 ya tavan qura\u015fd\u0131r\u0131lmas\u0131<\/strong><\/p>\n<p>NOVA-RF, ofisl\u0259rd\u0259, ya\u015fay\u0131\u015f binalar\u0131nda v\u0259 ya otell\u0259rd\u0259 divar v\u0259 ya tavan qura\u015fd\u0131r\u0131lmas\u0131 \u00fc\u00e7\u00fcn filtri olan havaland\u0131rma barmaql\u0131\u011f\u0131d\u0131r.<\/p>\n<p>&nbsp;<\/p>\n<p><strong>Estetik dizayn<\/strong><\/p>\n<p>NOVA-RF filtr barmaql\u0131\u011f\u0131 estetik v\u0259 d\u0259qiq dizayna malikdir v\u0259 onu g\u00f6r\u00fcn\u00fc\u015f\u00fcn amil oldu\u011fu parametrl\u0259r \u00fc\u00e7\u00fcn uy\u011fun edir.<\/p>\n<p>&nbsp;<\/p>\n<p><strong>Y\u00fcks\u0259k sabitlik<\/strong><br \/>\nNOVA-RF y\u00fcks\u0259k dayan\u0131ql\u0131\u011fa v\u0259 t\u0259hl\u00fck\u0259sizliy\u0259 malikdir v\u0259 divarlarda v\u0259 tavanlarda asan qura\u015fd\u0131rma v\u0259 istismar imkan\u0131 verir.<\/p>\n<p>&nbsp;<\/p>\n<p>Filtrli NOVA-RF ventilyasiya barmaql\u0131\u011f\u0131 ventilyatorlu resirkulyasiya sisteml\u0259rind\u0259 effektiv havan\u0131n \u00e7\u0131xar\u0131lmas\u0131n\u0131 t\u0259min edir. Divarlarda v\u0259 tavanlarda qura\u015fd\u0131rmaq \u00fc\u00e7\u00fcn y\u00fcks\u0259k sabitliy\u0259 v\u0259 t\u0259hl\u00fck\u0259sizliy\u0259 malikdir v\u0259 m\u00fcxt\u0259lif \u00f6l\u00e7\u00fcl\u0259rd\u0259 m\u00f6vcuddur. Barmaql\u0131\u011f\u0131n d\u0259qiq biti\u015fi v\u0259 g\u00f6z\u0259l estetik dizayn\u0131 var ki, onu g\u00f6r\u00fcn\u00fc\u015f\u00fcn \u0259sas amil oldu\u011fu \u015f\u0259raitl\u0259rd\u0259 qura\u015fd\u0131rmaq \u00fc\u00e7\u00fcn \u0259lveri\u015fli edir. T\u0259mizl\u0259m\u0259 v\u0259 qulluq \u00fc\u00e7\u00fcn filtr inlay\u0131na tez v\u0259 asan daxil olmaq \u00fc\u00e7\u00fcn he\u00e7 bir al\u0259t t\u0259l\u0259b olunmur.<\/p>\n<p>NOVA RF iki \u0259sas hiss\u0259d\u0259n ibar\u0259tdir. Divara v\u0259 ya tavana montaj \u00e7\u0259r\u00e7iv\u0259si sinkl\u0259nmi\u015f poladdan s\u00fczg\u0259cl\u0259 \u00f6rt\u00fclm\u00fc\u015f v\u0259 s\u00f6k\u00fcl\u0259 bil\u0259n mesh ekranla haz\u0131rlanm\u0131\u015fd\u0131r. Filtr \u201ckobud 65%\u201d sinfind\u0259dir v\u0259 al\u0259tl\u0259r\u0259 ehtiyac olmadan \u0259l\u00e7atand\u0131r. Filtrey\u0259 daxil olmaq \u00fc\u00e7\u00fcn yay klipl\u0259ri il\u0259 \u00e7\u0259r\u00e7iv\u0259d\u0259 saxlan\u0131lan \u00f6n barmaql\u0131q asanl\u0131qla a\u00e7\u0131la v\u0259 ya \u00e7\u0131xar\u0131la bil\u0259r.<\/p>\n<p>&nbsp;<\/p>\n<p><strong>Sifari\u015finiz, t\u0259rziniz!<\/strong><\/p>\n<p>M\u0259hsulumuz sizin se\u00e7iml\u0259riniz\u0259 uy\u011funla\u015fd\u0131r\u0131la bil\u0259r v\u0259 estetik bax\u0131\u015f\u0131n\u0131za m\u00fck\u0259mm\u0259l uy\u011funla\u015fmaq \u00fc\u00e7\u00fcn onu ist\u0259nil\u0259n RAL kodu s\u0259thi il\u0259 sifari\u015f etm\u0259y\u0259 imkan verir.<\/p>\n<\/div>\n<\/div>\n<\/div>\n<\/div>\n<\/div>\n","protected":false},"excerpt":{"rendered":"<div>\n<p>Otell\u0259r, ofisl\u0259r v\u0259 restoranlar \u00fc\u00e7\u00fcn uy\u011fun d\u00fczbucaql\u0131 qeyri-\u015f\u0259ffaf al\u00fcminium barmaql\u0131q<\/p>\n<p>Y\u00fcng\u00fcl<\/p>\n<p>Estetik dizayn<\/p>\n<p>Al\u00fcminium konstruksiya<\/p>\n<p>Havan\u0131n \u00e7\u0131xar\u0131lmas\u0131<\/p>\n<\/div>\n<div><\/div>\n<div class=\"gtm-sku-info flex flex-col gap-y-050 text-label-tiny text-neutral-600\">\n<div class=\"flex flex-wrap items-baseline gap-x-100 gap-y-025\"><span class=\"gtm-article-name\">NOVA-RF<\/span><span class=\"whitespace-nowrap gtm-article-number text-base font-bold\">#AN-RF<\/span><\/div>\n<\/div>\n","protected":false},"featured_media":38312,"template":"","meta":[],"product_brand":[],"product_cat":[1843,1847,1855],"product_tag":[],"class_list":{"0":"post-36995","1":"product","2":"type-product","3":"status-publish","4":"has-post-thumbnail","6":"product_cat-hava-paylayici-mhsullar","7":"product_cat-havalandirma-barmaqliqlari","8":"product_cat-nova-barmaqliqlari","10":"first","11":"instock","12":"shipping-taxable","13":"product-type-simple"},"yoast_head":"<!-- This site is optimized with the Yoast SEO plugin v27.1.1 - https:\/\/yoast.com\/product\/yoast-seo-wordpress\/ -->\n<title>NOVA-R Barmaql\u0131qlar Otell\u0259r, ofisl\u0259r v\u0259 restoranlar \u00fc\u00e7\u00fcn uy\u011fun d\u00fczbucaql\u0131 qeyri-\u015f\u0259ffaf al\u00fcminium barmaql\u0131q - GeoClimate.ge<\/title>\n<meta name=\"robots\" content=\"index, follow, max-snippet:-1, max-image-preview:large, max-video-preview:-1\" \/>\n<link rel=\"canonical\" href=\"https:\/\/geoclimate.ge\/az\/product\/nova-rf-grilles-ventilation-grille-with-filter-ideal-for-air-extraction-in-re-circulation-systems-with-fan-coils\/\" \/>\n<meta property=\"og:locale\" content=\"az_AZ\" \/>\n<meta property=\"og:type\" content=\"article\" \/>\n<meta property=\"og:title\" content=\"NOVA-R Barmaql\u0131qlar Otell\u0259r, ofisl\u0259r v\u0259 restoranlar \u00fc\u00e7\u00fcn uy\u011fun d\u00fczbucaql\u0131 qeyri-\u015f\u0259ffaf al\u00fcminium barmaql\u0131q - GeoClimate.ge\" \/>\n<meta property=\"og:description\" content=\"Otell\u0259r, ofisl\u0259r v\u0259 restoranlar \u00fc\u00e7\u00fcn uy\u011fun d\u00fczbucaql\u0131 qeyri-\u015f\u0259ffaf al\u00fcminium barmaql\u0131q  Y\u00fcng\u00fcl  Estetik dizayn  Al\u00fcminium konstruksiya  Havan\u0131n \u00e7\u0131xar\u0131lmas\u0131     NOVA-RF#AN-RF\" \/>\n<meta property=\"og:url\" content=\"https:\/\/geoclimate.ge\/az\/product\/nova-rf-grilles-ventilation-grille-with-filter-ideal-for-air-extraction-in-re-circulation-systems-with-fan-coils\/\" \/>\n<meta property=\"og:site_name\" content=\"GeoClimate.ge\" \/>\n<meta property=\"article:modified_time\" content=\"2025-09-07T09:42:43+00:00\" \/>\n<meta property=\"og:image\" content=\"https:\/\/geoclimate.ge\/wp-content\/uploads\/2025\/09\/PRODUCT-MAIN-IMAGE_NOVA_RF.jpg\" \/>\n\t<meta property=\"og:image:width\" content=\"384\" \/>\n\t<meta property=\"og:image:height\" content=\"288\" \/>\n\t<meta property=\"og:image:type\" content=\"image\/jpeg\" \/>\n<meta name=\"twitter:card\" content=\"summary_large_image\" \/>\n<meta name=\"twitter:label1\" content=\"Est. reading time\" \/>\n\t<meta name=\"twitter:data1\" content=\"2 minutes\" \/>\n<script type=\"application\/ld+json\" class=\"yoast-schema-graph\">{\"@context\":\"https:\/\/schema.org\",\"@graph\":[{\"@type\":\"WebPage\",\"@id\":\"https:\/\/geoclimate.ge\/az\/product\/nova-rf-grilles-ventilation-grille-with-filter-ideal-for-air-extraction-in-re-circulation-systems-with-fan-coils\/\",\"url\":\"https:\/\/geoclimate.ge\/az\/product\/nova-rf-grilles-ventilation-grille-with-filter-ideal-for-air-extraction-in-re-circulation-systems-with-fan-coils\/\",\"name\":\"NOVA-R Barmaql\u0131qlar Otell\u0259r, ofisl\u0259r v\u0259 restoranlar \u00fc\u00e7\u00fcn uy\u011fun d\u00fczbucaql\u0131 qeyri-\u015f\u0259ffaf al\u00fcminium barmaql\u0131q - GeoClimate.ge\",\"isPartOf\":{\"@id\":\"https:\/\/geoclimate.ge\/#website\"},\"primaryImageOfPage\":{\"@id\":\"https:\/\/geoclimate.ge\/az\/product\/nova-rf-grilles-ventilation-grille-with-filter-ideal-for-air-extraction-in-re-circulation-systems-with-fan-coils\/#primaryimage\"},\"image\":{\"@id\":\"https:\/\/geoclimate.ge\/az\/product\/nova-rf-grilles-ventilation-grille-with-filter-ideal-for-air-extraction-in-re-circulation-systems-with-fan-coils\/#primaryimage\"},\"thumbnailUrl\":\"https:\/\/geoclimate.ge\/wp-content\/uploads\/2025\/09\/PRODUCT-MAIN-IMAGE_NOVA_RF.jpg\",\"datePublished\":\"2025-09-07T09:37:09+00:00\",\"dateModified\":\"2025-09-07T09:42:43+00:00\",\"breadcrumb\":{\"@id\":\"https:\/\/geoclimate.ge\/az\/product\/nova-rf-grilles-ventilation-grille-with-filter-ideal-for-air-extraction-in-re-circulation-systems-with-fan-coils\/#breadcrumb\"},\"inLanguage\":\"az\",\"potentialAction\":[{\"@type\":\"ReadAction\",\"target\":[\"https:\/\/geoclimate.ge\/az\/product\/nova-rf-grilles-ventilation-grille-with-filter-ideal-for-air-extraction-in-re-circulation-systems-with-fan-coils\/\"]}]},{\"@type\":\"ImageObject\",\"inLanguage\":\"az\",\"@id\":\"https:\/\/geoclimate.ge\/az\/product\/nova-rf-grilles-ventilation-grille-with-filter-ideal-for-air-extraction-in-re-circulation-systems-with-fan-coils\/#primaryimage\",\"url\":\"https:\/\/geoclimate.ge\/wp-content\/uploads\/2025\/09\/PRODUCT-MAIN-IMAGE_NOVA_RF.jpg\",\"contentUrl\":\"https:\/\/geoclimate.ge\/wp-content\/uploads\/2025\/09\/PRODUCT-MAIN-IMAGE_NOVA_RF.jpg\",\"width\":384,\"height\":288},{\"@type\":\"BreadcrumbList\",\"@id\":\"https:\/\/geoclimate.ge\/az\/product\/nova-rf-grilles-ventilation-grille-with-filter-ideal-for-air-extraction-in-re-circulation-systems-with-fan-coils\/#breadcrumb\",\"itemListElement\":[{\"@type\":\"ListItem\",\"position\":1,\"name\":\"Home\",\"item\":\"https:\/\/geoclimate.ge\/az\/\"},{\"@type\":\"ListItem\",\"position\":2,\"name\":\"M\u0259hsullar\",\"item\":\"https:\/\/geoclimate.ge\/az\/products\/\"},{\"@type\":\"ListItem\",\"position\":3,\"name\":\"NOVA-R Barmaql\u0131qlar Otell\u0259r, ofisl\u0259r v\u0259 restoranlar \u00fc\u00e7\u00fcn uy\u011fun d\u00fczbucaql\u0131 qeyri-\u015f\u0259ffaf al\u00fcminium barmaql\u0131q\"}]},{\"@type\":\"WebSite\",\"@id\":\"https:\/\/geoclimate.ge\/#website\",\"url\":\"https:\/\/geoclimate.ge\/\",\"name\":\"GeoClimate\",\"description\":\"\",\"publisher\":{\"@id\":\"https:\/\/geoclimate.ge\/#organization\"},\"potentialAction\":[{\"@type\":\"SearchAction\",\"target\":{\"@type\":\"EntryPoint\",\"urlTemplate\":\"https:\/\/geoclimate.ge\/?s={search_term_string}\"},\"query-input\":{\"@type\":\"PropertyValueSpecification\",\"valueRequired\":true,\"valueName\":\"search_term_string\"}}],\"inLanguage\":\"az\"},{\"@type\":\"Organization\",\"@id\":\"https:\/\/geoclimate.ge\/#organization\",\"name\":\"GeoClimate\",\"url\":\"https:\/\/geoclimate.ge\/\",\"logo\":{\"@type\":\"ImageObject\",\"inLanguage\":\"az\",\"@id\":\"https:\/\/geoclimate.ge\/#\/schema\/logo\/image\/\",\"url\":\"https:\/\/geoclimate.ge\/wp-content\/uploads\/2026\/03\/geoclimate-SEO.png\",\"contentUrl\":\"https:\/\/geoclimate.ge\/wp-content\/uploads\/2026\/03\/geoclimate-SEO.png\",\"width\":1536,\"height\":1024,\"caption\":\"GeoClimate\"},\"image\":{\"@id\":\"https:\/\/geoclimate.ge\/#\/schema\/logo\/image\/\"}}]}<\/script>\n<!-- \/ Yoast SEO plugin. -->","yoast_head_json":{"title":"NOVA-R Barmaql\u0131qlar Otell\u0259r, ofisl\u0259r v\u0259 restoranlar \u00fc\u00e7\u00fcn uy\u011fun d\u00fczbucaql\u0131 qeyri-\u015f\u0259ffaf al\u00fcminium barmaql\u0131q - GeoClimate.ge","robots":{"index":"index","follow":"follow","max-snippet":"max-snippet:-1","max-image-preview":"max-image-preview:large","max-video-preview":"max-video-preview:-1"},"canonical":"https:\/\/geoclimate.ge\/az\/product\/nova-rf-grilles-ventilation-grille-with-filter-ideal-for-air-extraction-in-re-circulation-systems-with-fan-coils\/","og_locale":"az_AZ","og_type":"article","og_title":"NOVA-R Barmaql\u0131qlar Otell\u0259r, ofisl\u0259r v\u0259 restoranlar \u00fc\u00e7\u00fcn uy\u011fun d\u00fczbucaql\u0131 qeyri-\u015f\u0259ffaf al\u00fcminium barmaql\u0131q - GeoClimate.ge","og_description":"Otell\u0259r, ofisl\u0259r v\u0259 restoranlar \u00fc\u00e7\u00fcn uy\u011fun d\u00fczbucaql\u0131 qeyri-\u015f\u0259ffaf al\u00fcminium barmaql\u0131q  Y\u00fcng\u00fcl  Estetik dizayn  Al\u00fcminium konstruksiya  Havan\u0131n \u00e7\u0131xar\u0131lmas\u0131     NOVA-RF#AN-RF","og_url":"https:\/\/geoclimate.ge\/az\/product\/nova-rf-grilles-ventilation-grille-with-filter-ideal-for-air-extraction-in-re-circulation-systems-with-fan-coils\/","og_site_name":"GeoClimate.ge","article_modified_time":"2025-09-07T09:42:43+00:00","og_image":[{"width":384,"height":288,"url":"https:\/\/geoclimate.ge\/wp-content\/uploads\/2025\/09\/PRODUCT-MAIN-IMAGE_NOVA_RF.jpg","type":"image\/jpeg"}],"twitter_card":"summary_large_image","twitter_misc":{"Est. reading time":"2 minutes"},"schema":{"@context":"https:\/\/schema.org","@graph":[{"@type":"WebPage","@id":"https:\/\/geoclimate.ge\/az\/product\/nova-rf-grilles-ventilation-grille-with-filter-ideal-for-air-extraction-in-re-circulation-systems-with-fan-coils\/","url":"https:\/\/geoclimate.ge\/az\/product\/nova-rf-grilles-ventilation-grille-with-filter-ideal-for-air-extraction-in-re-circulation-systems-with-fan-coils\/","name":"NOVA-R Barmaql\u0131qlar Otell\u0259r, ofisl\u0259r v\u0259 restoranlar \u00fc\u00e7\u00fcn uy\u011fun d\u00fczbucaql\u0131 qeyri-\u015f\u0259ffaf al\u00fcminium barmaql\u0131q - GeoClimate.ge","isPartOf":{"@id":"https:\/\/geoclimate.ge\/#website"},"primaryImageOfPage":{"@id":"https:\/\/geoclimate.ge\/az\/product\/nova-rf-grilles-ventilation-grille-with-filter-ideal-for-air-extraction-in-re-circulation-systems-with-fan-coils\/#primaryimage"},"image":{"@id":"https:\/\/geoclimate.ge\/az\/product\/nova-rf-grilles-ventilation-grille-with-filter-ideal-for-air-extraction-in-re-circulation-systems-with-fan-coils\/#primaryimage"},"thumbnailUrl":"https:\/\/geoclimate.ge\/wp-content\/uploads\/2025\/09\/PRODUCT-MAIN-IMAGE_NOVA_RF.jpg","datePublished":"2025-09-07T09:37:09+00:00","dateModified":"2025-09-07T09:42:43+00:00","breadcrumb":{"@id":"https:\/\/geoclimate.ge\/az\/product\/nova-rf-grilles-ventilation-grille-with-filter-ideal-for-air-extraction-in-re-circulation-systems-with-fan-coils\/#breadcrumb"},"inLanguage":"az","potentialAction":[{"@type":"ReadAction","target":["https:\/\/geoclimate.ge\/az\/product\/nova-rf-grilles-ventilation-grille-with-filter-ideal-for-air-extraction-in-re-circulation-systems-with-fan-coils\/"]}]},{"@type":"ImageObject","inLanguage":"az","@id":"https:\/\/geoclimate.ge\/az\/product\/nova-rf-grilles-ventilation-grille-with-filter-ideal-for-air-extraction-in-re-circulation-systems-with-fan-coils\/#primaryimage","url":"https:\/\/geoclimate.ge\/wp-content\/uploads\/2025\/09\/PRODUCT-MAIN-IMAGE_NOVA_RF.jpg","contentUrl":"https:\/\/geoclimate.ge\/wp-content\/uploads\/2025\/09\/PRODUCT-MAIN-IMAGE_NOVA_RF.jpg","width":384,"height":288},{"@type":"BreadcrumbList","@id":"https:\/\/geoclimate.ge\/az\/product\/nova-rf-grilles-ventilation-grille-with-filter-ideal-for-air-extraction-in-re-circulation-systems-with-fan-coils\/#breadcrumb","itemListElement":[{"@type":"ListItem","position":1,"name":"Home","item":"https:\/\/geoclimate.ge\/az\/"},{"@type":"ListItem","position":2,"name":"M\u0259hsullar","item":"https:\/\/geoclimate.ge\/az\/products\/"},{"@type":"ListItem","position":3,"name":"NOVA-R Barmaql\u0131qlar Otell\u0259r, ofisl\u0259r v\u0259 restoranlar \u00fc\u00e7\u00fcn uy\u011fun d\u00fczbucaql\u0131 qeyri-\u015f\u0259ffaf al\u00fcminium barmaql\u0131q"}]},{"@type":"WebSite","@id":"https:\/\/geoclimate.ge\/#website","url":"https:\/\/geoclimate.ge\/","name":"GeoClimate","description":"","publisher":{"@id":"https:\/\/geoclimate.ge\/#organization"},"potentialAction":[{"@type":"SearchAction","target":{"@type":"EntryPoint","urlTemplate":"https:\/\/geoclimate.ge\/?s={search_term_string}"},"query-input":{"@type":"PropertyValueSpecification","valueRequired":true,"valueName":"search_term_string"}}],"inLanguage":"az"},{"@type":"Organization","@id":"https:\/\/geoclimate.ge\/#organization","name":"GeoClimate","url":"https:\/\/geoclimate.ge\/","logo":{"@type":"ImageObject","inLanguage":"az","@id":"https:\/\/geoclimate.ge\/#\/schema\/logo\/image\/","url":"https:\/\/geoclimate.ge\/wp-content\/uploads\/2026\/03\/geoclimate-SEO.png","contentUrl":"https:\/\/geoclimate.ge\/wp-content\/uploads\/2026\/03\/geoclimate-SEO.png","width":1536,"height":1024,"caption":"GeoClimate"},"image":{"@id":"https:\/\/geoclimate.ge\/#\/schema\/logo\/image\/"}}]}},"_links":{"self":[{"href":"https:\/\/geoclimate.ge\/az\/wp-json\/wp\/v2\/product\/36995","targetHints":{"allow":["GET"]}}],"collection":[{"href":"https:\/\/geoclimate.ge\/az\/wp-json\/wp\/v2\/product"}],"about":[{"href":"https:\/\/geoclimate.ge\/az\/wp-json\/wp\/v2\/types\/product"}],"wp:featuredmedia":[{"embeddable":true,"href":"https:\/\/geoclimate.ge\/az\/wp-json\/wp\/v2\/media\/38312"}],"wp:attachment":[{"href":"https:\/\/geoclimate.ge\/az\/wp-json\/wp\/v2\/media?parent=36995"}],"wp:term":[{"taxonomy":"product_brand","embeddable":true,"href":"https:\/\/geoclimate.ge\/az\/wp-json\/wp\/v2\/product_brand?post=36995"},{"taxonomy":"product_cat","embeddable":true,"href":"https:\/\/geoclimate.ge\/az\/wp-json\/wp\/v2\/product_cat?post=36995"},{"taxonomy":"product_tag","embeddable":true,"href":"https:\/\/geoclimate.ge\/az\/wp-json\/wp\/v2\/product_tag?post=36995"}],"curies":[{"name":"wp","href":"https:\/\/api.w.org\/{rel}","templated":true}]}}