{"id":37062,"date":"2025-09-07T14:05:54","date_gmt":"2025-09-07T10:05:54","guid":{"rendered":"https:\/\/airsystems.ge\/shop\/product\/37042\/"},"modified":"2025-09-07T14:10:55","modified_gmt":"2025-09-07T10:10:55","slug":"37042","status":"publish","type":"product","link":"https:\/\/geoclimate.ge\/az\/product\/37042\/","title":{"rendered":"NOVA-EF Barmaql\u0131qlar Divar v\u0259 ya tavan qura\u015fd\u0131r\u0131lmas\u0131 \u00fc\u00e7\u00fcn uy\u011fun filtrli al\u00fcminium hava \u00e7\u0131xaran barmaql\u0131q"},"content":{"rendered":"<div class=\"mb-400 gtm-product-section container-fluid\" data-gtm-name=\"Benefits\" data-gtm-label=\"Benefits (en)\" data-gtm-vis-first-on-screen53434917_103=\"47566\" data-gtm-vis-total-visible-time53434917_103=\"1500\" data-gtm-vis-has-fired53434917_103=\"1\">\n<div class=\"row\">\n<div class=\"content-element content-element-product-benefit col-12 sm:col-6 mb-400\">\n<div class=\"bg-card px-300 py-250 mobile-nav:px-200 mobile-nav:py-150 h-full flex overflow-hidden card-border\">\n<div class=\"min-w-0\">\n<p><strong>Uy\u011funla\u015fa bil\u0259n istifad\u0259<\/strong><br \/>\nNOVA-EF m\u00fcxt\u0259lif parametrl\u0259rd\u0259 divar v\u0259 ya tavana qura\u015fd\u0131rmaq \u00fc\u00e7\u00fcn filtrli havaland\u0131rma barmaql\u0131\u011f\u0131d\u0131r. \u018fsas\u0259n fan coill\u0259ri olan t\u0259krar d\u00f6vriyy\u0259 sisteml\u0259rind\u0259 havan\u0131n \u00e7\u0131xar\u0131lmas\u0131 \u00fc\u00e7\u00fcn istifad\u0259 olunur.<\/p>\n<p>&nbsp;<\/p>\n<p><strong>Y\u00fcks\u0259k sabitlik<\/strong><br \/>\nNOVA-EF b\u00fct\u00fcn m\u00f6vcud \u00f6l\u00e7\u00fcl\u0259rd\u0259 divar v\u0259 tavanlarda y\u00fcks\u0259k dayan\u0131ql\u0131\u011fa, t\u0259hl\u00fck\u0259sizliy\u0259 v\u0259 istismara malikdir.<\/p>\n<p>&nbsp;<\/p>\n<p><strong>Asan t\u0259mir<\/strong><br \/>\nT\u0259mizl\u0259m\u0259 v\u0259 qulluq \u00fc\u00e7\u00fcn filtr inlay\u0131na tez v\u0259 asan daxil olmaq \u00fc\u00e7\u00fcn he\u00e7 bir al\u0259t t\u0259l\u0259b olunmur.<\/p>\n<p>&nbsp;<\/p>\n<p>NOVA-EF s\u0259rt, davaml\u0131, lakin y\u00fcng\u00fcl, filtrli havaland\u0131rma barmaql\u0131\u011f\u0131d\u0131r. M\u00fcxt\u0259lif \u00f6l\u00e7\u00fcl\u0259rd\u0259 m\u00f6vcud olan qur\u011fu ofisl\u0259r, ya\u015fay\u0131\u015f binalar\u0131 v\u0259 ya otell\u0259r kimi m\u00fcxt\u0259lif \u015f\u0259raitl\u0259rd\u0259 divarlarda v\u0259 ya tavanlarda tez v\u0259 asan qura\u015fd\u0131rma \u00fc\u00e7\u00fcn n\u0259z\u0259rd\u0259 tutulmu\u015fdur. \u018fsas\u0259n fan coill\u0259ri olan t\u0259krar d\u00f6vriyy\u0259 sisteml\u0259rind\u0259 hava \u00e7\u0131xarmaq \u00fc\u00e7\u00fcn n\u0259z\u0259rd\u0259 tutulub. M\u00fcxt\u0259lif parametrl\u0259rd\u0259 effektiv havaland\u0131rma t\u0259min edir.<\/p>\n<p>NOVA-EF iki \u0259sas hiss\u0259d\u0259n ibar\u0259tdir. Divara v\u0259 ya tavana montaj \u00e7\u0259r\u00e7iv\u0259si sinkl\u0259nmi\u015f poladdan haz\u0131rlan\u0131r v\u0259 s\u00f6k\u00fcl\u0259 bil\u0259n mesh ekrana v\u0259 filtr inlay\u0131na malikdir. Barmaql\u0131\u011f\u0131n a\u015fa\u011f\u0131 m\u00fcqavim\u0259ti v\u0259 y\u00fcks\u0259k hava ke\u00e7irm\u0259 qabiliyy\u0259ti var. Qura\u015fd\u0131r\u0131lmas\u0131 sad\u0259dir, y\u00fcks\u0259k sabitliy\u0259 malikdir v\u0259 t\u0259mizlik v\u0259 texniki xidm\u0259t \u00fc\u00e7\u00fcn filtr inlay\u0131na tez v\u0259 asan daxil olmaq \u00fc\u00e7\u00fcn he\u00e7 bir al\u0259t t\u0259l\u0259b olunmur. \u00d6n barmaql\u0131q yay klipl\u0259ri il\u0259 yerind\u0259 saxlan\u0131l\u0131r ki, bu da onun asanl\u0131qla a\u00e7\u0131lmas\u0131na v\u0259 filtrin \u00e7\u0131xar\u0131lmas\u0131na imkan verir. Filtr \u00f6z\u00fc qaba 65% sinifind\u0259dir.<\/p>\n<p>&nbsp;<\/p>\n<p><strong>Sifari\u015finiz, t\u0259rziniz!<\/strong><br \/>\nM\u0259hsulumuz sizin se\u00e7iml\u0259riniz\u0259 uy\u011funla\u015fd\u0131r\u0131la bil\u0259r v\u0259 estetik bax\u0131\u015f\u0131n\u0131za m\u00fck\u0259mm\u0259l uy\u011funla\u015fmaq \u00fc\u00e7\u00fcn onu ist\u0259nil\u0259n RAL kodu s\u0259thi il\u0259 sifari\u015f etm\u0259y\u0259 imkan verir.<\/p>\n<\/div>\n<\/div>\n<\/div>\n<\/div>\n<\/div>\n","protected":false},"excerpt":{"rendered":"<p>Divar v\u0259 ya tavan qura\u015fd\u0131r\u0131lmas\u0131 \u00fc\u00e7\u00fcn uy\u011fun filtrli al\u00fcminium hava \u00e7\u0131xaran barmaql\u0131q<\/p>\n<p>A\u015fa\u011f\u0131 m\u00fcqavim\u0259t<\/p>\n<p>Uy\u011funla\u015fa bil\u0259n<\/p>\n<p>Y\u00fcks\u0259k sabitlik<\/p>\n<p>Asan qura\u015fd\u0131rma<\/p>\n","protected":false},"featured_media":37045,"template":"","meta":[],"product_brand":[],"product_cat":[1843,1847,1855],"product_tag":[],"class_list":{"0":"post-37062","1":"product","2":"type-product","3":"status-publish","4":"has-post-thumbnail","6":"product_cat-hava-paylayici-mhsullar","7":"product_cat-havalandirma-barmaqliqlari","8":"product_cat-nova-barmaqliqlari","10":"first","11":"instock","12":"shipping-taxable","13":"product-type-simple"},"yoast_head":"<!-- This site is optimized with the Yoast SEO plugin v27.1.1 - https:\/\/yoast.com\/product\/yoast-seo-wordpress\/ -->\n<title>NOVA-EF Barmaql\u0131qlar Divar v\u0259 ya tavan qura\u015fd\u0131r\u0131lmas\u0131 \u00fc\u00e7\u00fcn uy\u011fun filtrli al\u00fcminium hava \u00e7\u0131xaran barmaql\u0131q - GeoClimate.ge<\/title>\n<meta name=\"robots\" content=\"index, follow, max-snippet:-1, max-image-preview:large, max-video-preview:-1\" \/>\n<link rel=\"canonical\" href=\"https:\/\/geoclimate.ge\/az\/product\/37042\/\" \/>\n<meta property=\"og:locale\" content=\"az_AZ\" \/>\n<meta property=\"og:type\" content=\"article\" \/>\n<meta property=\"og:title\" content=\"NOVA-EF Barmaql\u0131qlar Divar v\u0259 ya tavan qura\u015fd\u0131r\u0131lmas\u0131 \u00fc\u00e7\u00fcn uy\u011fun filtrli al\u00fcminium hava \u00e7\u0131xaran barmaql\u0131q - GeoClimate.ge\" \/>\n<meta property=\"og:description\" content=\"Divar v\u0259 ya tavan qura\u015fd\u0131r\u0131lmas\u0131 \u00fc\u00e7\u00fcn uy\u011fun filtrli al\u00fcminium hava \u00e7\u0131xaran barmaql\u0131q  A\u015fa\u011f\u0131 m\u00fcqavim\u0259t  Uy\u011funla\u015fa bil\u0259n  Y\u00fcks\u0259k sabitlik  Asan qura\u015fd\u0131rma\" \/>\n<meta property=\"og:url\" content=\"https:\/\/geoclimate.ge\/az\/product\/37042\/\" \/>\n<meta property=\"og:site_name\" content=\"GeoClimate.ge\" \/>\n<meta property=\"article:modified_time\" content=\"2025-09-07T10:10:55+00:00\" \/>\n<meta property=\"og:image\" content=\"https:\/\/geoclimate.ge\/wp-content\/uploads\/2025\/09\/filters_quality80-1-5.webp\" \/>\n\t<meta property=\"og:image:width\" content=\"384\" \/>\n\t<meta property=\"og:image:height\" content=\"281\" \/>\n\t<meta property=\"og:image:type\" content=\"image\/webp\" \/>\n<meta name=\"twitter:card\" content=\"summary_large_image\" \/>\n<meta name=\"twitter:label1\" content=\"Est. reading time\" \/>\n\t<meta name=\"twitter:data1\" content=\"2 minutes\" \/>\n<script type=\"application\/ld+json\" class=\"yoast-schema-graph\">{\"@context\":\"https:\/\/schema.org\",\"@graph\":[{\"@type\":\"WebPage\",\"@id\":\"https:\/\/geoclimate.ge\/az\/product\/37042\/\",\"url\":\"https:\/\/geoclimate.ge\/az\/product\/37042\/\",\"name\":\"NOVA-EF Barmaql\u0131qlar Divar v\u0259 ya tavan qura\u015fd\u0131r\u0131lmas\u0131 \u00fc\u00e7\u00fcn uy\u011fun filtrli al\u00fcminium hava \u00e7\u0131xaran barmaql\u0131q - GeoClimate.ge\",\"isPartOf\":{\"@id\":\"https:\/\/geoclimate.ge\/#website\"},\"primaryImageOfPage\":{\"@id\":\"https:\/\/geoclimate.ge\/az\/product\/37042\/#primaryimage\"},\"image\":{\"@id\":\"https:\/\/geoclimate.ge\/az\/product\/37042\/#primaryimage\"},\"thumbnailUrl\":\"https:\/\/geoclimate.ge\/wp-content\/uploads\/2025\/09\/filters_quality80-1-5.webp\",\"datePublished\":\"2025-09-07T10:05:54+00:00\",\"dateModified\":\"2025-09-07T10:10:55+00:00\",\"breadcrumb\":{\"@id\":\"https:\/\/geoclimate.ge\/az\/product\/37042\/#breadcrumb\"},\"inLanguage\":\"az\",\"potentialAction\":[{\"@type\":\"ReadAction\",\"target\":[\"https:\/\/geoclimate.ge\/az\/product\/37042\/\"]}]},{\"@type\":\"ImageObject\",\"inLanguage\":\"az\",\"@id\":\"https:\/\/geoclimate.ge\/az\/product\/37042\/#primaryimage\",\"url\":\"https:\/\/geoclimate.ge\/wp-content\/uploads\/2025\/09\/filters_quality80-1-5.webp\",\"contentUrl\":\"https:\/\/geoclimate.ge\/wp-content\/uploads\/2025\/09\/filters_quality80-1-5.webp\",\"width\":384,\"height\":281},{\"@type\":\"BreadcrumbList\",\"@id\":\"https:\/\/geoclimate.ge\/az\/product\/37042\/#breadcrumb\",\"itemListElement\":[{\"@type\":\"ListItem\",\"position\":1,\"name\":\"Home\",\"item\":\"https:\/\/geoclimate.ge\/az\/\"},{\"@type\":\"ListItem\",\"position\":2,\"name\":\"M\u0259hsullar\",\"item\":\"https:\/\/geoclimate.ge\/az\/products\/\"},{\"@type\":\"ListItem\",\"position\":3,\"name\":\"NOVA-EF Barmaql\u0131qlar Divar v\u0259 ya tavan qura\u015fd\u0131r\u0131lmas\u0131 \u00fc\u00e7\u00fcn uy\u011fun filtrli al\u00fcminium hava \u00e7\u0131xaran barmaql\u0131q\"}]},{\"@type\":\"WebSite\",\"@id\":\"https:\/\/geoclimate.ge\/#website\",\"url\":\"https:\/\/geoclimate.ge\/\",\"name\":\"GeoClimate\",\"description\":\"\",\"publisher\":{\"@id\":\"https:\/\/geoclimate.ge\/#organization\"},\"potentialAction\":[{\"@type\":\"SearchAction\",\"target\":{\"@type\":\"EntryPoint\",\"urlTemplate\":\"https:\/\/geoclimate.ge\/?s={search_term_string}\"},\"query-input\":{\"@type\":\"PropertyValueSpecification\",\"valueRequired\":true,\"valueName\":\"search_term_string\"}}],\"inLanguage\":\"az\"},{\"@type\":\"Organization\",\"@id\":\"https:\/\/geoclimate.ge\/#organization\",\"name\":\"GeoClimate\",\"url\":\"https:\/\/geoclimate.ge\/\",\"logo\":{\"@type\":\"ImageObject\",\"inLanguage\":\"az\",\"@id\":\"https:\/\/geoclimate.ge\/#\/schema\/logo\/image\/\",\"url\":\"https:\/\/geoclimate.ge\/wp-content\/uploads\/2026\/03\/geoclimate-SEO.png\",\"contentUrl\":\"https:\/\/geoclimate.ge\/wp-content\/uploads\/2026\/03\/geoclimate-SEO.png\",\"width\":1536,\"height\":1024,\"caption\":\"GeoClimate\"},\"image\":{\"@id\":\"https:\/\/geoclimate.ge\/#\/schema\/logo\/image\/\"}}]}<\/script>\n<!-- \/ Yoast SEO plugin. -->","yoast_head_json":{"title":"NOVA-EF Barmaql\u0131qlar Divar v\u0259 ya tavan qura\u015fd\u0131r\u0131lmas\u0131 \u00fc\u00e7\u00fcn uy\u011fun filtrli al\u00fcminium hava \u00e7\u0131xaran barmaql\u0131q - GeoClimate.ge","robots":{"index":"index","follow":"follow","max-snippet":"max-snippet:-1","max-image-preview":"max-image-preview:large","max-video-preview":"max-video-preview:-1"},"canonical":"https:\/\/geoclimate.ge\/az\/product\/37042\/","og_locale":"az_AZ","og_type":"article","og_title":"NOVA-EF Barmaql\u0131qlar Divar v\u0259 ya tavan qura\u015fd\u0131r\u0131lmas\u0131 \u00fc\u00e7\u00fcn uy\u011fun filtrli al\u00fcminium hava \u00e7\u0131xaran barmaql\u0131q - GeoClimate.ge","og_description":"Divar v\u0259 ya tavan qura\u015fd\u0131r\u0131lmas\u0131 \u00fc\u00e7\u00fcn uy\u011fun filtrli al\u00fcminium hava \u00e7\u0131xaran barmaql\u0131q  A\u015fa\u011f\u0131 m\u00fcqavim\u0259t  Uy\u011funla\u015fa bil\u0259n  Y\u00fcks\u0259k sabitlik  Asan qura\u015fd\u0131rma","og_url":"https:\/\/geoclimate.ge\/az\/product\/37042\/","og_site_name":"GeoClimate.ge","article_modified_time":"2025-09-07T10:10:55+00:00","og_image":[{"width":384,"height":281,"url":"https:\/\/geoclimate.ge\/wp-content\/uploads\/2025\/09\/filters_quality80-1-5.webp","type":"image\/webp"}],"twitter_card":"summary_large_image","twitter_misc":{"Est. reading time":"2 minutes"},"schema":{"@context":"https:\/\/schema.org","@graph":[{"@type":"WebPage","@id":"https:\/\/geoclimate.ge\/az\/product\/37042\/","url":"https:\/\/geoclimate.ge\/az\/product\/37042\/","name":"NOVA-EF Barmaql\u0131qlar Divar v\u0259 ya tavan qura\u015fd\u0131r\u0131lmas\u0131 \u00fc\u00e7\u00fcn uy\u011fun filtrli al\u00fcminium hava \u00e7\u0131xaran barmaql\u0131q - GeoClimate.ge","isPartOf":{"@id":"https:\/\/geoclimate.ge\/#website"},"primaryImageOfPage":{"@id":"https:\/\/geoclimate.ge\/az\/product\/37042\/#primaryimage"},"image":{"@id":"https:\/\/geoclimate.ge\/az\/product\/37042\/#primaryimage"},"thumbnailUrl":"https:\/\/geoclimate.ge\/wp-content\/uploads\/2025\/09\/filters_quality80-1-5.webp","datePublished":"2025-09-07T10:05:54+00:00","dateModified":"2025-09-07T10:10:55+00:00","breadcrumb":{"@id":"https:\/\/geoclimate.ge\/az\/product\/37042\/#breadcrumb"},"inLanguage":"az","potentialAction":[{"@type":"ReadAction","target":["https:\/\/geoclimate.ge\/az\/product\/37042\/"]}]},{"@type":"ImageObject","inLanguage":"az","@id":"https:\/\/geoclimate.ge\/az\/product\/37042\/#primaryimage","url":"https:\/\/geoclimate.ge\/wp-content\/uploads\/2025\/09\/filters_quality80-1-5.webp","contentUrl":"https:\/\/geoclimate.ge\/wp-content\/uploads\/2025\/09\/filters_quality80-1-5.webp","width":384,"height":281},{"@type":"BreadcrumbList","@id":"https:\/\/geoclimate.ge\/az\/product\/37042\/#breadcrumb","itemListElement":[{"@type":"ListItem","position":1,"name":"Home","item":"https:\/\/geoclimate.ge\/az\/"},{"@type":"ListItem","position":2,"name":"M\u0259hsullar","item":"https:\/\/geoclimate.ge\/az\/products\/"},{"@type":"ListItem","position":3,"name":"NOVA-EF Barmaql\u0131qlar Divar v\u0259 ya tavan qura\u015fd\u0131r\u0131lmas\u0131 \u00fc\u00e7\u00fcn uy\u011fun filtrli al\u00fcminium hava \u00e7\u0131xaran barmaql\u0131q"}]},{"@type":"WebSite","@id":"https:\/\/geoclimate.ge\/#website","url":"https:\/\/geoclimate.ge\/","name":"GeoClimate","description":"","publisher":{"@id":"https:\/\/geoclimate.ge\/#organization"},"potentialAction":[{"@type":"SearchAction","target":{"@type":"EntryPoint","urlTemplate":"https:\/\/geoclimate.ge\/?s={search_term_string}"},"query-input":{"@type":"PropertyValueSpecification","valueRequired":true,"valueName":"search_term_string"}}],"inLanguage":"az"},{"@type":"Organization","@id":"https:\/\/geoclimate.ge\/#organization","name":"GeoClimate","url":"https:\/\/geoclimate.ge\/","logo":{"@type":"ImageObject","inLanguage":"az","@id":"https:\/\/geoclimate.ge\/#\/schema\/logo\/image\/","url":"https:\/\/geoclimate.ge\/wp-content\/uploads\/2026\/03\/geoclimate-SEO.png","contentUrl":"https:\/\/geoclimate.ge\/wp-content\/uploads\/2026\/03\/geoclimate-SEO.png","width":1536,"height":1024,"caption":"GeoClimate"},"image":{"@id":"https:\/\/geoclimate.ge\/#\/schema\/logo\/image\/"}}]}},"_links":{"self":[{"href":"https:\/\/geoclimate.ge\/az\/wp-json\/wp\/v2\/product\/37062","targetHints":{"allow":["GET"]}}],"collection":[{"href":"https:\/\/geoclimate.ge\/az\/wp-json\/wp\/v2\/product"}],"about":[{"href":"https:\/\/geoclimate.ge\/az\/wp-json\/wp\/v2\/types\/product"}],"wp:featuredmedia":[{"embeddable":true,"href":"https:\/\/geoclimate.ge\/az\/wp-json\/wp\/v2\/media\/37045"}],"wp:attachment":[{"href":"https:\/\/geoclimate.ge\/az\/wp-json\/wp\/v2\/media?parent=37062"}],"wp:term":[{"taxonomy":"product_brand","embeddable":true,"href":"https:\/\/geoclimate.ge\/az\/wp-json\/wp\/v2\/product_brand?post=37062"},{"taxonomy":"product_cat","embeddable":true,"href":"https:\/\/geoclimate.ge\/az\/wp-json\/wp\/v2\/product_cat?post=37062"},{"taxonomy":"product_tag","embeddable":true,"href":"https:\/\/geoclimate.ge\/az\/wp-json\/wp\/v2\/product_tag?post=37062"}],"curies":[{"name":"wp","href":"https:\/\/api.w.org\/{rel}","templated":true}]}}