{"id":37081,"date":"2025-09-07T14:16:34","date_gmt":"2025-09-07T10:16:34","guid":{"rendered":"https:\/\/airsystems.ge\/shop\/product\/nova-e-grilles-rectangular-aluminium-air-extract-grille-ideal-for-large-air-volume-extraction\/"},"modified":"2025-09-07T14:21:23","modified_gmt":"2025-09-07T10:21:23","slug":"nova-e-grilles-rectangular-aluminium-air-extract-grille-ideal-for-large-air-volume-extraction","status":"publish","type":"product","link":"https:\/\/geoclimate.ge\/az\/product\/nova-e-grilles-rectangular-aluminium-air-extract-grille-ideal-for-large-air-volume-extraction\/","title":{"rendered":"NOVA-E Barmaql\u0131qlar D\u00f6rdbucaql\u0131 al\u00fcminium hava \u00e7\u0131xaran barmaql\u0131q b\u00f6y\u00fck hava h\u0259cminin \u00e7\u0131xar\u0131lmas\u0131 \u00fc\u00e7\u00fcn ideald\u0131r"},"content":{"rendered":"<div class=\"mb-400 gtm-product-section container-fluid\" data-gtm-name=\"Benefits\" data-gtm-label=\"Benefits (en)\" data-gtm-vis-first-on-screen53434917_103=\"83743\" data-gtm-vis-total-visible-time53434917_103=\"1500\" data-gtm-vis-has-fired53434917_103=\"1\">\n<div class=\"row\">\n<div class=\"content-element content-element-product-benefit col-12 sm:col-6 mb-400\">\n<div class=\"bg-card px-300 py-250 mobile-nav:px-200 mobile-nav:py-150 h-full flex overflow-hidden card-border\">\n<div class=\"min-w-0\">\n<p><strong>Estetik dizayn<\/strong><br \/>\nNOVA-E d\u00fczbucaql\u0131 barmaql\u0131\u011f\u0131n\u0131n dizayn\u0131 geni\u015f bo\u015f sah\u0259y\u0259 malik al\u00fcminiumdur. G\u00f6r\u00fcn\u00fc\u015f\u00fcn\u0259 daha \u00e7ox diqq\u0259t t\u0259l\u0259b ed\u0259n binalar \u00fc\u00e7\u00fcn n\u0259z\u0259rd\u0259 tutulmu\u015fdur.<\/p>\n<p>&nbsp;<\/p>\n<p><strong>B\u00f6y\u00fck hava h\u0259cmi ekstraktlar\u0131<\/strong><br \/>\nNOVA-E, T-bar tavan\u0131na daxil edil\u0259 bil\u0259n b\u00f6y\u00fck hava h\u0259cmi ekstraktlar\u0131 \u00fc\u00e7\u00fcn ideald\u0131r.<\/p>\n<p>&nbsp;<\/p>\n<p><strong>Al\u00fcminium konstruksiya<\/strong><br \/>\nNOVA-E ekstrakt barmaql\u0131\u011f\u0131 anodlanm\u0131\u015f s\u0259th\u0259 malik v\u0259 ya tozla boyanm\u0131\u015f (RAL 9003 &#8211; siqnal a\u011f) s\u0259thi bitirm\u0259 il\u0259 al\u00fcminium profill\u0259rd\u0259n haz\u0131rlan\u0131r.<\/p>\n<p>&nbsp;<\/p>\n<p>NOVA-E 90%-\u0259 q\u0259d\u0259r b\u00f6y\u00fck bo\u015f sah\u0259y\u0259 malik d\u00fczbucaql\u0131 al\u00fcminium barmaql\u0131qd\u0131r. M\u00fcxt\u0259lif \u00f6l\u00e7\u00fcl\u0259rd\u0259 m\u00f6vcud olan qur\u011fu xarici g\u00f6r\u00fcn\u00fc\u015f\u00fcn faktor oldu\u011fu ticar\u0259t v\u0259 s\u0259naye \u015f\u0259raitind\u0259 \u0259sas\u0259n havan\u0131n \u00e7\u0131xar\u0131lmas\u0131 \u00fc\u00e7\u00fcn n\u0259z\u0259rd\u0259 tutulub. Barmaql\u0131q anodlanm\u0131\u015f s\u0259thi v\u0259 ya tozla boyanm\u0131\u015f (RAL 9003 &#8211; siqnal a\u011f) s\u0259thi bitirm\u0259 il\u0259 al\u00fcminium profill\u0259rd\u0259n haz\u0131rlan\u0131r. Qura\u015fd\u0131rman\u0131n estetik t\u0259l\u0259bl\u0259rin\u0259 uy\u011fun olaraq dig\u0259r RAL n\u00f6vl\u0259ri sifari\u015f \u0259sas\u0131nda m\u00f6vcuddur.<\/p>\n<p>NOVA-E b\u00f6y\u00fck h\u0259cmd\u0259 havan\u0131n \u00e7\u0131xar\u0131lmas\u0131 \u00fc\u00e7\u00fcn ideald\u0131r v\u0259 T-bar tavan\u0131na daxil edilm\u0259 variant\u0131na malikdir. B\u00fct\u00fcn barmaql\u0131qda havan\u0131n balansla\u015fd\u0131r\u0131lm\u0131\u015f paylanmas\u0131 \u00fc\u00e7\u00fcn R-1 NOVA Damper v\u0259 ya plenum qutusunun qura\u015fd\u0131r\u0131lmas\u0131 t\u00f6vsiy\u0259 olunur. Montaj \u00e7\u0259r\u00e7iv\u0259si (UR-NOVA) m\u00f6vcuddur. Al\u00fcminium konstruksiyas\u0131 il\u0259 barmaql\u0131q h\u0259m m\u00f6hk\u0259m, h\u0259m d\u0259 y\u00fcng\u00fcld\u00fcr, qura\u015fd\u0131r\u0131lmas\u0131 asan olmaqla yana\u015f\u0131, davaml\u0131d\u0131r.<\/p>\n<p>&nbsp;<\/p>\n<p><strong>Sifari\u015finiz, t\u0259rziniz!<\/strong><br \/>\nM\u0259hsulumuz sizin se\u00e7iml\u0259riniz\u0259 uy\u011funla\u015fd\u0131r\u0131la bil\u0259r v\u0259 estetik bax\u0131\u015f\u0131n\u0131za m\u00fck\u0259mm\u0259l uy\u011funla\u015fmaq \u00fc\u00e7\u00fcn onu ist\u0259nil\u0259n RAL kodu s\u0259thi il\u0259 sifari\u015f etm\u0259y\u0259 imkan verir.<\/p>\n<\/div>\n<\/div>\n<\/div>\n<\/div>\n<\/div>\n","protected":false},"excerpt":{"rendered":"<p>D\u00f6rdbucaql\u0131 al\u00fcminium hava \u00e7\u0131xaran barmaql\u0131q b\u00f6y\u00fck hava h\u0259cminin \u00e7\u0131xar\u0131lmas\u0131 \u00fc\u00e7\u00fcn ideald\u0131r<\/p>\n<p>Hava t\u0259chizat\u0131 v\u0259 \u00e7\u0131xar\u0131lmas\u0131<\/p>\n<p>Al\u00fcminium konstruksiya<\/p>\n<p>Estetik dizayn<\/p>\n<p>Y\u00fcng\u00fcl<\/p>\n","protected":false},"featured_media":38363,"template":"","meta":[],"product_brand":[],"product_cat":[1843,1847,1855],"product_tag":[],"class_list":{"0":"post-37081","1":"product","2":"type-product","3":"status-publish","4":"has-post-thumbnail","6":"product_cat-hava-paylayici-mhsullar","7":"product_cat-havalandirma-barmaqliqlari","8":"product_cat-nova-barmaqliqlari","10":"first","11":"instock","12":"shipping-taxable","13":"product-type-simple"},"yoast_head":"<!-- This site is optimized with the Yoast SEO plugin v27.1.1 - https:\/\/yoast.com\/product\/yoast-seo-wordpress\/ -->\n<title>NOVA-E Barmaql\u0131qlar D\u00f6rdbucaql\u0131 al\u00fcminium hava \u00e7\u0131xaran barmaql\u0131q b\u00f6y\u00fck hava h\u0259cminin \u00e7\u0131xar\u0131lmas\u0131 \u00fc\u00e7\u00fcn ideald\u0131r - GeoClimate.ge<\/title>\n<meta name=\"robots\" content=\"index, follow, max-snippet:-1, max-image-preview:large, max-video-preview:-1\" \/>\n<link rel=\"canonical\" href=\"https:\/\/geoclimate.ge\/az\/product\/nova-e-grilles-rectangular-aluminium-air-extract-grille-ideal-for-large-air-volume-extraction\/\" \/>\n<meta property=\"og:locale\" content=\"az_AZ\" \/>\n<meta property=\"og:type\" content=\"article\" \/>\n<meta property=\"og:title\" content=\"NOVA-E Barmaql\u0131qlar D\u00f6rdbucaql\u0131 al\u00fcminium hava \u00e7\u0131xaran barmaql\u0131q b\u00f6y\u00fck hava h\u0259cminin \u00e7\u0131xar\u0131lmas\u0131 \u00fc\u00e7\u00fcn ideald\u0131r - GeoClimate.ge\" \/>\n<meta property=\"og:description\" content=\"D\u00f6rdbucaql\u0131 al\u00fcminium hava \u00e7\u0131xaran barmaql\u0131q b\u00f6y\u00fck hava h\u0259cminin \u00e7\u0131xar\u0131lmas\u0131 \u00fc\u00e7\u00fcn ideald\u0131r  Hava t\u0259chizat\u0131 v\u0259 \u00e7\u0131xar\u0131lmas\u0131  Al\u00fcminium konstruksiya  Estetik dizayn  Y\u00fcng\u00fcl\" \/>\n<meta property=\"og:url\" content=\"https:\/\/geoclimate.ge\/az\/product\/nova-e-grilles-rectangular-aluminium-air-extract-grille-ideal-for-large-air-volume-extraction\/\" \/>\n<meta property=\"og:site_name\" content=\"GeoClimate.ge\" \/>\n<meta property=\"article:modified_time\" content=\"2025-09-07T10:21:23+00:00\" \/>\n<meta property=\"og:image\" content=\"https:\/\/geoclimate.ge\/wp-content\/uploads\/2025\/09\/PRODUCT-MAIN-IMAGE_NOVA_E.jpg\" \/>\n\t<meta property=\"og:image:width\" content=\"384\" \/>\n\t<meta property=\"og:image:height\" content=\"288\" \/>\n\t<meta property=\"og:image:type\" content=\"image\/jpeg\" \/>\n<meta name=\"twitter:card\" content=\"summary_large_image\" \/>\n<meta name=\"twitter:label1\" content=\"Est. reading time\" \/>\n\t<meta name=\"twitter:data1\" content=\"2 minutes\" \/>\n<script type=\"application\/ld+json\" class=\"yoast-schema-graph\">{\"@context\":\"https:\/\/schema.org\",\"@graph\":[{\"@type\":\"WebPage\",\"@id\":\"https:\/\/geoclimate.ge\/az\/product\/nova-e-grilles-rectangular-aluminium-air-extract-grille-ideal-for-large-air-volume-extraction\/\",\"url\":\"https:\/\/geoclimate.ge\/az\/product\/nova-e-grilles-rectangular-aluminium-air-extract-grille-ideal-for-large-air-volume-extraction\/\",\"name\":\"NOVA-E Barmaql\u0131qlar D\u00f6rdbucaql\u0131 al\u00fcminium hava \u00e7\u0131xaran barmaql\u0131q b\u00f6y\u00fck hava h\u0259cminin \u00e7\u0131xar\u0131lmas\u0131 \u00fc\u00e7\u00fcn ideald\u0131r - GeoClimate.ge\",\"isPartOf\":{\"@id\":\"https:\/\/geoclimate.ge\/#website\"},\"primaryImageOfPage\":{\"@id\":\"https:\/\/geoclimate.ge\/az\/product\/nova-e-grilles-rectangular-aluminium-air-extract-grille-ideal-for-large-air-volume-extraction\/#primaryimage\"},\"image\":{\"@id\":\"https:\/\/geoclimate.ge\/az\/product\/nova-e-grilles-rectangular-aluminium-air-extract-grille-ideal-for-large-air-volume-extraction\/#primaryimage\"},\"thumbnailUrl\":\"https:\/\/geoclimate.ge\/wp-content\/uploads\/2025\/09\/PRODUCT-MAIN-IMAGE_NOVA_E.jpg\",\"datePublished\":\"2025-09-07T10:16:34+00:00\",\"dateModified\":\"2025-09-07T10:21:23+00:00\",\"breadcrumb\":{\"@id\":\"https:\/\/geoclimate.ge\/az\/product\/nova-e-grilles-rectangular-aluminium-air-extract-grille-ideal-for-large-air-volume-extraction\/#breadcrumb\"},\"inLanguage\":\"az\",\"potentialAction\":[{\"@type\":\"ReadAction\",\"target\":[\"https:\/\/geoclimate.ge\/az\/product\/nova-e-grilles-rectangular-aluminium-air-extract-grille-ideal-for-large-air-volume-extraction\/\"]}]},{\"@type\":\"ImageObject\",\"inLanguage\":\"az\",\"@id\":\"https:\/\/geoclimate.ge\/az\/product\/nova-e-grilles-rectangular-aluminium-air-extract-grille-ideal-for-large-air-volume-extraction\/#primaryimage\",\"url\":\"https:\/\/geoclimate.ge\/wp-content\/uploads\/2025\/09\/PRODUCT-MAIN-IMAGE_NOVA_E.jpg\",\"contentUrl\":\"https:\/\/geoclimate.ge\/wp-content\/uploads\/2025\/09\/PRODUCT-MAIN-IMAGE_NOVA_E.jpg\",\"width\":384,\"height\":288},{\"@type\":\"BreadcrumbList\",\"@id\":\"https:\/\/geoclimate.ge\/az\/product\/nova-e-grilles-rectangular-aluminium-air-extract-grille-ideal-for-large-air-volume-extraction\/#breadcrumb\",\"itemListElement\":[{\"@type\":\"ListItem\",\"position\":1,\"name\":\"Home\",\"item\":\"https:\/\/geoclimate.ge\/az\/\"},{\"@type\":\"ListItem\",\"position\":2,\"name\":\"M\u0259hsullar\",\"item\":\"https:\/\/geoclimate.ge\/az\/products\/\"},{\"@type\":\"ListItem\",\"position\":3,\"name\":\"NOVA-E Barmaql\u0131qlar D\u00f6rdbucaql\u0131 al\u00fcminium hava \u00e7\u0131xaran barmaql\u0131q b\u00f6y\u00fck hava h\u0259cminin \u00e7\u0131xar\u0131lmas\u0131 \u00fc\u00e7\u00fcn ideald\u0131r\"}]},{\"@type\":\"WebSite\",\"@id\":\"https:\/\/geoclimate.ge\/#website\",\"url\":\"https:\/\/geoclimate.ge\/\",\"name\":\"GeoClimate\",\"description\":\"\",\"publisher\":{\"@id\":\"https:\/\/geoclimate.ge\/#organization\"},\"potentialAction\":[{\"@type\":\"SearchAction\",\"target\":{\"@type\":\"EntryPoint\",\"urlTemplate\":\"https:\/\/geoclimate.ge\/?s={search_term_string}\"},\"query-input\":{\"@type\":\"PropertyValueSpecification\",\"valueRequired\":true,\"valueName\":\"search_term_string\"}}],\"inLanguage\":\"az\"},{\"@type\":\"Organization\",\"@id\":\"https:\/\/geoclimate.ge\/#organization\",\"name\":\"GeoClimate\",\"url\":\"https:\/\/geoclimate.ge\/\",\"logo\":{\"@type\":\"ImageObject\",\"inLanguage\":\"az\",\"@id\":\"https:\/\/geoclimate.ge\/#\/schema\/logo\/image\/\",\"url\":\"https:\/\/geoclimate.ge\/wp-content\/uploads\/2026\/03\/geoclimate-SEO.png\",\"contentUrl\":\"https:\/\/geoclimate.ge\/wp-content\/uploads\/2026\/03\/geoclimate-SEO.png\",\"width\":1536,\"height\":1024,\"caption\":\"GeoClimate\"},\"image\":{\"@id\":\"https:\/\/geoclimate.ge\/#\/schema\/logo\/image\/\"}}]}<\/script>\n<!-- \/ Yoast SEO plugin. -->","yoast_head_json":{"title":"NOVA-E Barmaql\u0131qlar D\u00f6rdbucaql\u0131 al\u00fcminium hava \u00e7\u0131xaran barmaql\u0131q b\u00f6y\u00fck hava h\u0259cminin \u00e7\u0131xar\u0131lmas\u0131 \u00fc\u00e7\u00fcn ideald\u0131r - GeoClimate.ge","robots":{"index":"index","follow":"follow","max-snippet":"max-snippet:-1","max-image-preview":"max-image-preview:large","max-video-preview":"max-video-preview:-1"},"canonical":"https:\/\/geoclimate.ge\/az\/product\/nova-e-grilles-rectangular-aluminium-air-extract-grille-ideal-for-large-air-volume-extraction\/","og_locale":"az_AZ","og_type":"article","og_title":"NOVA-E Barmaql\u0131qlar D\u00f6rdbucaql\u0131 al\u00fcminium hava \u00e7\u0131xaran barmaql\u0131q b\u00f6y\u00fck hava h\u0259cminin \u00e7\u0131xar\u0131lmas\u0131 \u00fc\u00e7\u00fcn ideald\u0131r - GeoClimate.ge","og_description":"D\u00f6rdbucaql\u0131 al\u00fcminium hava \u00e7\u0131xaran barmaql\u0131q b\u00f6y\u00fck hava h\u0259cminin \u00e7\u0131xar\u0131lmas\u0131 \u00fc\u00e7\u00fcn ideald\u0131r  Hava t\u0259chizat\u0131 v\u0259 \u00e7\u0131xar\u0131lmas\u0131  Al\u00fcminium konstruksiya  Estetik dizayn  Y\u00fcng\u00fcl","og_url":"https:\/\/geoclimate.ge\/az\/product\/nova-e-grilles-rectangular-aluminium-air-extract-grille-ideal-for-large-air-volume-extraction\/","og_site_name":"GeoClimate.ge","article_modified_time":"2025-09-07T10:21:23+00:00","og_image":[{"width":384,"height":288,"url":"https:\/\/geoclimate.ge\/wp-content\/uploads\/2025\/09\/PRODUCT-MAIN-IMAGE_NOVA_E.jpg","type":"image\/jpeg"}],"twitter_card":"summary_large_image","twitter_misc":{"Est. reading time":"2 minutes"},"schema":{"@context":"https:\/\/schema.org","@graph":[{"@type":"WebPage","@id":"https:\/\/geoclimate.ge\/az\/product\/nova-e-grilles-rectangular-aluminium-air-extract-grille-ideal-for-large-air-volume-extraction\/","url":"https:\/\/geoclimate.ge\/az\/product\/nova-e-grilles-rectangular-aluminium-air-extract-grille-ideal-for-large-air-volume-extraction\/","name":"NOVA-E Barmaql\u0131qlar D\u00f6rdbucaql\u0131 al\u00fcminium hava \u00e7\u0131xaran barmaql\u0131q b\u00f6y\u00fck hava h\u0259cminin \u00e7\u0131xar\u0131lmas\u0131 \u00fc\u00e7\u00fcn ideald\u0131r - GeoClimate.ge","isPartOf":{"@id":"https:\/\/geoclimate.ge\/#website"},"primaryImageOfPage":{"@id":"https:\/\/geoclimate.ge\/az\/product\/nova-e-grilles-rectangular-aluminium-air-extract-grille-ideal-for-large-air-volume-extraction\/#primaryimage"},"image":{"@id":"https:\/\/geoclimate.ge\/az\/product\/nova-e-grilles-rectangular-aluminium-air-extract-grille-ideal-for-large-air-volume-extraction\/#primaryimage"},"thumbnailUrl":"https:\/\/geoclimate.ge\/wp-content\/uploads\/2025\/09\/PRODUCT-MAIN-IMAGE_NOVA_E.jpg","datePublished":"2025-09-07T10:16:34+00:00","dateModified":"2025-09-07T10:21:23+00:00","breadcrumb":{"@id":"https:\/\/geoclimate.ge\/az\/product\/nova-e-grilles-rectangular-aluminium-air-extract-grille-ideal-for-large-air-volume-extraction\/#breadcrumb"},"inLanguage":"az","potentialAction":[{"@type":"ReadAction","target":["https:\/\/geoclimate.ge\/az\/product\/nova-e-grilles-rectangular-aluminium-air-extract-grille-ideal-for-large-air-volume-extraction\/"]}]},{"@type":"ImageObject","inLanguage":"az","@id":"https:\/\/geoclimate.ge\/az\/product\/nova-e-grilles-rectangular-aluminium-air-extract-grille-ideal-for-large-air-volume-extraction\/#primaryimage","url":"https:\/\/geoclimate.ge\/wp-content\/uploads\/2025\/09\/PRODUCT-MAIN-IMAGE_NOVA_E.jpg","contentUrl":"https:\/\/geoclimate.ge\/wp-content\/uploads\/2025\/09\/PRODUCT-MAIN-IMAGE_NOVA_E.jpg","width":384,"height":288},{"@type":"BreadcrumbList","@id":"https:\/\/geoclimate.ge\/az\/product\/nova-e-grilles-rectangular-aluminium-air-extract-grille-ideal-for-large-air-volume-extraction\/#breadcrumb","itemListElement":[{"@type":"ListItem","position":1,"name":"Home","item":"https:\/\/geoclimate.ge\/az\/"},{"@type":"ListItem","position":2,"name":"M\u0259hsullar","item":"https:\/\/geoclimate.ge\/az\/products\/"},{"@type":"ListItem","position":3,"name":"NOVA-E Barmaql\u0131qlar D\u00f6rdbucaql\u0131 al\u00fcminium hava \u00e7\u0131xaran barmaql\u0131q b\u00f6y\u00fck hava h\u0259cminin \u00e7\u0131xar\u0131lmas\u0131 \u00fc\u00e7\u00fcn ideald\u0131r"}]},{"@type":"WebSite","@id":"https:\/\/geoclimate.ge\/#website","url":"https:\/\/geoclimate.ge\/","name":"GeoClimate","description":"","publisher":{"@id":"https:\/\/geoclimate.ge\/#organization"},"potentialAction":[{"@type":"SearchAction","target":{"@type":"EntryPoint","urlTemplate":"https:\/\/geoclimate.ge\/?s={search_term_string}"},"query-input":{"@type":"PropertyValueSpecification","valueRequired":true,"valueName":"search_term_string"}}],"inLanguage":"az"},{"@type":"Organization","@id":"https:\/\/geoclimate.ge\/#organization","name":"GeoClimate","url":"https:\/\/geoclimate.ge\/","logo":{"@type":"ImageObject","inLanguage":"az","@id":"https:\/\/geoclimate.ge\/#\/schema\/logo\/image\/","url":"https:\/\/geoclimate.ge\/wp-content\/uploads\/2026\/03\/geoclimate-SEO.png","contentUrl":"https:\/\/geoclimate.ge\/wp-content\/uploads\/2026\/03\/geoclimate-SEO.png","width":1536,"height":1024,"caption":"GeoClimate"},"image":{"@id":"https:\/\/geoclimate.ge\/#\/schema\/logo\/image\/"}}]}},"_links":{"self":[{"href":"https:\/\/geoclimate.ge\/az\/wp-json\/wp\/v2\/product\/37081","targetHints":{"allow":["GET"]}}],"collection":[{"href":"https:\/\/geoclimate.ge\/az\/wp-json\/wp\/v2\/product"}],"about":[{"href":"https:\/\/geoclimate.ge\/az\/wp-json\/wp\/v2\/types\/product"}],"wp:featuredmedia":[{"embeddable":true,"href":"https:\/\/geoclimate.ge\/az\/wp-json\/wp\/v2\/media\/38363"}],"wp:attachment":[{"href":"https:\/\/geoclimate.ge\/az\/wp-json\/wp\/v2\/media?parent=37081"}],"wp:term":[{"taxonomy":"product_brand","embeddable":true,"href":"https:\/\/geoclimate.ge\/az\/wp-json\/wp\/v2\/product_brand?post=37081"},{"taxonomy":"product_cat","embeddable":true,"href":"https:\/\/geoclimate.ge\/az\/wp-json\/wp\/v2\/product_cat?post=37081"},{"taxonomy":"product_tag","embeddable":true,"href":"https:\/\/geoclimate.ge\/az\/wp-json\/wp\/v2\/product_tag?post=37081"}],"curies":[{"name":"wp","href":"https:\/\/api.w.org\/{rel}","templated":true}]}}