{"id":37118,"date":"2025-09-07T14:30:15","date_gmt":"2025-09-07T10:30:15","guid":{"rendered":"https:\/\/airsystems.ge\/shop\/product\/nova-b-grilles-adjustable-air-diffusion-grille-for-supply-or-extract-air-ideal-for-commercial-and-industrial-premises\/"},"modified":"2025-09-07T14:39:54","modified_gmt":"2025-09-07T10:39:54","slug":"nova-b-grilles-adjustable-air-diffusion-grille-for-supply-or-extract-air-ideal-for-commercial-and-industrial-premises","status":"publish","type":"product","link":"https:\/\/geoclimate.ge\/az\/product\/nova-b-grilles-adjustable-air-diffusion-grille-for-supply-or-extract-air-ideal-for-commercial-and-industrial-premises\/","title":{"rendered":"NOVA-B Barmaql\u0131qlar T\u0259chizat v\u0259 ya hava \u00e7\u0131xarmaq \u00fc\u00e7\u00fcn t\u0259nziml\u0259n\u0259n hava diffuziya barmaql\u0131\u011f\u0131. Ticar\u0259t v\u0259 s\u0259naye binalar\u0131 \u00fc\u00e7\u00fcn ideald\u0131r."},"content":{"rendered":"<div class=\"mb-400 gtm-product-section container-fluid\" data-gtm-name=\"Benefits\" data-gtm-label=\"Benefits (en)\" data-gtm-vis-first-on-screen53434917_103=\"212066\" data-gtm-vis-total-visible-time53434917_103=\"1500\" data-gtm-vis-has-fired53434917_103=\"1\">\n<div class=\"row\">\n<div class=\"content-element content-element-product-benefit col-12 sm:col-6 mb-400\">\n<div class=\"bg-card px-300 py-250 mobile-nav:px-200 mobile-nav:py-150 h-full flex overflow-hidden card-border\">\n<div class=\"min-w-0\">\n<p><strong>Sinkl\u0259nmi\u015f polad<\/strong><br \/>\nNOVA-B hava diffuziya barmaql\u0131\u011f\u0131 t\u0259nziml\u0259n\u0259n deflektorlarla daha y\u00fcks\u0259k hava h\u0259cminin m\u00fcbadil\u0259sin\u0259 imkan ver\u0259n ticar\u0259t v\u0259 s\u0259naye binalar\u0131nda qura\u015fd\u0131rmaq \u00fc\u00e7\u00fcn n\u0259z\u0259rd\u0259 tutulmu\u015fdur.<\/p>\n<p><strong>T\u0259nziml\u0259n\u0259n hava diffuziyas\u0131<\/strong><br \/>\nNOVA-B sinkl\u0259nmi\u015f rulonla formal\u0131 polad \u00e7\u0259r\u00e7iv\u0259d\u0259n v\u0259 deflektorlardan haz\u0131rlan\u0131r. Bu, hava ax\u0131n\u0131n\u0131n t\u0259nziml\u0259nm\u0259si \u00fc\u00e7\u00fcn hamar bir h\u0259r\u0259k\u0259ti t\u0259min etm\u0259k \u00fc\u00e7\u00fcn pod\u015fipnikl\u0259rd\u0259 qura\u015fd\u0131r\u0131lm\u0131\u015f t\u0259nziml\u0259n\u0259n hava deflektorlar\u0131 vasit\u0259sil\u0259 m\u00f6hk\u0259m konstruksiya il\u0259 n\u0259tic\u0259l\u0259nir v\u0259 \u00e7evikdir.<\/p>\n<p>&nbsp;<\/p>\n<p><strong>Estetik dizayn<\/strong><br \/>\nNOVA-B diffuziya barmaql\u0131\u011f\u0131n\u0131n dizayn\u0131 onu g\u00f6r\u00fcn\u00fc\u015f\u00fcn n\u0259z\u0259r\u0259 al\u0131nd\u0131\u011f\u0131 yerl\u0259rd\u0259 istifad\u0259 \u00fc\u00e7\u00fcn \u0259lveri\u015fli edir.<\/p>\n<p>&nbsp;<\/p>\n<p>NOVA-B t\u0259nziml\u0259n\u0259n hava diffuziya barmaql\u0131\u011f\u0131 ticar\u0259t v\u0259 s\u0259naye binalar\u0131nda havan\u0131n verilm\u0259si v\u0259 ya \u00e7\u0131xar\u0131lmas\u0131 \u00fc\u00e7\u00fcn n\u0259z\u0259rd\u0259 tutulmu\u015fdur. M\u00fcxt\u0259lif \u00f6l\u00e7\u00fcl\u0259rd\u0259 m\u00f6vcud olan t\u0259chizat v\u0259 ya qaytarma barmaql\u0131\u011f\u0131 ad\u0259t\u0259n d\u00fczbucaql\u0131 kanallara qura\u015fd\u0131r\u0131l\u0131r, h\u0259m d\u0259 birba\u015fa divarlara qura\u015fd\u0131r\u0131la bil\u0259r. Standart olaraq, sinkl\u0259nmi\u015f polad t\u0259b\u0259q\u0259y\u0259 malikdir (g\u00f6r\u00fcn\u00fc\u015f\u00fc RAL9006-a yax\u0131nd\u0131r), lakin t\u0259l\u0259b \u0259sas\u0131nda RAL r\u0259ngl\u0259rin\u0259 boyanm\u0131\u015f bitirm\u0259 m\u00fcmk\u00fcnd\u00fcr.<\/p>\n<p>NOVA-B standart olaraq t\u0259k v\u0259 ya ikiqat \u0259yilm\u0259dir. \u0130kiqat \u0259yilm\u0259 barmaql\u0131qlar\u0131nda perpendikulyar t\u0259yinatl\u0131 deflektorlar var.<\/p>\n<p>Deflektor m\u00f6vqeyinin parametri hava ax\u0131n\u0131n\u0131n bo\u015fald\u0131lmas\u0131 modelini m\u00fc\u0259yy\u0259n edir. Barmaql\u0131q \u00fcf\u00fcqi, el\u0259c\u0259 d\u0259 \u015faquli oriyentasiyada t\u0259nziml\u0259n\u0259n b\u0131\u00e7aqlardan istifad\u0259 ed\u0259r\u0259k havan\u0131n istiqam\u0259tl\u0259ndirilm\u0259sin\u0259 imkan verir.<\/p>\n<p>B\u00fct\u00fcn barmaql\u0131qda havan\u0131n balansla\u015fd\u0131r\u0131lm\u0131\u015f paylanmas\u0131 \u00fc\u00e7\u00fcn R1-NOVA damperind\u0259n v\u0259 ya plenum qutusundan istifad\u0259 etm\u0259k t\u00f6vsiy\u0259 olunur.<\/p>\n<p>R1-NOVA damperi v\u0259 UR-NOVA: Montaj \u00c7\u0259r\u00e7iv\u0259si d\u0259 daxil olmaqla bir s\u0131ra aksesuarlar m\u00f6vcuddur.<\/p>\n<p>NOVA-B barmaql\u0131qlar\u0131 tozla boyanm\u0131\u015f (RAL 9003 &#8211; siqnal a\u011f) s\u0259thl\u0259 t\u0259min oluna bil\u0259r v\u0259 dig\u0259r RAL n\u00f6vl\u0259ri ist\u0259k \u0259sas\u0131nda m\u00f6vcuddur.<\/p>\n<p>M\u0259hsulun paslanmayan poladdan haz\u0131rlanm\u0131\u015f versiyas\u0131 ist\u0259y\u0259 uy\u011fun olaraq m\u00f6vcuddur.<\/p>\n<p>&nbsp;<\/p>\n<p><strong>Sifari\u015finiz, t\u0259rziniz!<\/strong><br \/>\nM\u0259hsulumuz sizin se\u00e7iml\u0259riniz\u0259 uy\u011funla\u015fd\u0131r\u0131la bil\u0259r v\u0259 estetik bax\u0131\u015f\u0131n\u0131za m\u00fck\u0259mm\u0259l uy\u011funla\u015fmaq \u00fc\u00e7\u00fcn onu ist\u0259nil\u0259n RAL kodu s\u0259thi il\u0259 sifari\u015f etm\u0259y\u0259 imkan verir.<\/p>\n<\/div>\n<\/div>\n<\/div>\n<\/div>\n<\/div>\n","protected":false},"excerpt":{"rendered":"<p>T\u0259chizat v\u0259 ya hava \u00e7\u0131xarmaq \u00fc\u00e7\u00fcn t\u0259nziml\u0259n\u0259n hava diffuziya barmaql\u0131\u011f\u0131. Ticar\u0259t v\u0259 s\u0259naye binalar\u0131 \u00fc\u00e7\u00fcn ideald\u0131r.<\/p>\n<p>T\u0259nziml\u0259n\u0259n<\/p>\n<p>B\u00f6y\u00fck pulsuz sah\u0259<\/p>\n<p>A\u015fa\u011f\u0131 t\u0259zyiq itkisi v\u0259 s\u0259s<\/p>\n<p>M\u00f6hk\u0259m<\/p>\n<p>Kommersiya v\u0259 s\u0259naye istifad\u0259si<\/p>\n<p>Roll formal\u0131 polad t\u0259b\u0259q\u0259<\/p>\n","protected":false},"featured_media":37089,"template":"","meta":[],"product_brand":[],"product_cat":[1843,1847,1855],"product_tag":[],"class_list":{"0":"post-37118","1":"product","2":"type-product","3":"status-publish","4":"has-post-thumbnail","6":"product_cat-hava-paylayici-mhsullar","7":"product_cat-havalandirma-barmaqliqlari","8":"product_cat-nova-barmaqliqlari","10":"first","11":"instock","12":"shipping-taxable","13":"product-type-simple"},"yoast_head":"<!-- This site is optimized with the Yoast SEO plugin v27.1.1 - https:\/\/yoast.com\/product\/yoast-seo-wordpress\/ -->\n<title>NOVA-B Barmaql\u0131qlar T\u0259chizat v\u0259 ya hava \u00e7\u0131xarmaq \u00fc\u00e7\u00fcn t\u0259nziml\u0259n\u0259n hava diffuziya barmaql\u0131\u011f\u0131. Ticar\u0259t v\u0259 s\u0259naye binalar\u0131 \u00fc\u00e7\u00fcn ideald\u0131r. - GeoClimate.ge<\/title>\n<meta name=\"robots\" content=\"index, follow, max-snippet:-1, max-image-preview:large, max-video-preview:-1\" \/>\n<link rel=\"canonical\" href=\"https:\/\/geoclimate.ge\/az\/product\/nova-b-grilles-adjustable-air-diffusion-grille-for-supply-or-extract-air-ideal-for-commercial-and-industrial-premises\/\" \/>\n<meta property=\"og:locale\" content=\"az_AZ\" \/>\n<meta property=\"og:type\" content=\"article\" \/>\n<meta property=\"og:title\" content=\"NOVA-B Barmaql\u0131qlar T\u0259chizat v\u0259 ya hava \u00e7\u0131xarmaq \u00fc\u00e7\u00fcn t\u0259nziml\u0259n\u0259n hava diffuziya barmaql\u0131\u011f\u0131. Ticar\u0259t v\u0259 s\u0259naye binalar\u0131 \u00fc\u00e7\u00fcn ideald\u0131r. - GeoClimate.ge\" \/>\n<meta property=\"og:description\" content=\"T\u0259chizat v\u0259 ya hava \u00e7\u0131xarmaq \u00fc\u00e7\u00fcn t\u0259nziml\u0259n\u0259n hava diffuziya barmaql\u0131\u011f\u0131. Ticar\u0259t v\u0259 s\u0259naye binalar\u0131 \u00fc\u00e7\u00fcn ideald\u0131r.  T\u0259nziml\u0259n\u0259n  B\u00f6y\u00fck pulsuz sah\u0259  A\u015fa\u011f\u0131 t\u0259zyiq itkisi v\u0259 s\u0259s  M\u00f6hk\u0259m  Kommersiya v\u0259 s\u0259naye istifad\u0259si  Roll formal\u0131 polad t\u0259b\u0259q\u0259\" \/>\n<meta property=\"og:url\" content=\"https:\/\/geoclimate.ge\/az\/product\/nova-b-grilles-adjustable-air-diffusion-grille-for-supply-or-extract-air-ideal-for-commercial-and-industrial-premises\/\" \/>\n<meta property=\"og:site_name\" content=\"GeoClimate.ge\" \/>\n<meta property=\"article:modified_time\" content=\"2025-09-07T10:39:54+00:00\" \/>\n<meta property=\"og:image\" content=\"https:\/\/geoclimate.ge\/wp-content\/uploads\/2025\/09\/filters_quality80-1-6.webp\" \/>\n\t<meta property=\"og:image:width\" content=\"384\" \/>\n\t<meta property=\"og:image:height\" content=\"271\" \/>\n\t<meta property=\"og:image:type\" content=\"image\/webp\" \/>\n<meta name=\"twitter:card\" content=\"summary_large_image\" \/>\n<meta name=\"twitter:label1\" content=\"Est. reading time\" \/>\n\t<meta name=\"twitter:data1\" content=\"2 minutes\" \/>\n<script type=\"application\/ld+json\" class=\"yoast-schema-graph\">{\"@context\":\"https:\/\/schema.org\",\"@graph\":[{\"@type\":\"WebPage\",\"@id\":\"https:\/\/geoclimate.ge\/az\/product\/nova-b-grilles-adjustable-air-diffusion-grille-for-supply-or-extract-air-ideal-for-commercial-and-industrial-premises\/\",\"url\":\"https:\/\/geoclimate.ge\/az\/product\/nova-b-grilles-adjustable-air-diffusion-grille-for-supply-or-extract-air-ideal-for-commercial-and-industrial-premises\/\",\"name\":\"NOVA-B Barmaql\u0131qlar T\u0259chizat v\u0259 ya hava \u00e7\u0131xarmaq \u00fc\u00e7\u00fcn t\u0259nziml\u0259n\u0259n hava diffuziya barmaql\u0131\u011f\u0131. Ticar\u0259t v\u0259 s\u0259naye binalar\u0131 \u00fc\u00e7\u00fcn ideald\u0131r. - GeoClimate.ge\",\"isPartOf\":{\"@id\":\"https:\/\/geoclimate.ge\/#website\"},\"primaryImageOfPage\":{\"@id\":\"https:\/\/geoclimate.ge\/az\/product\/nova-b-grilles-adjustable-air-diffusion-grille-for-supply-or-extract-air-ideal-for-commercial-and-industrial-premises\/#primaryimage\"},\"image\":{\"@id\":\"https:\/\/geoclimate.ge\/az\/product\/nova-b-grilles-adjustable-air-diffusion-grille-for-supply-or-extract-air-ideal-for-commercial-and-industrial-premises\/#primaryimage\"},\"thumbnailUrl\":\"https:\/\/geoclimate.ge\/wp-content\/uploads\/2025\/09\/filters_quality80-1-6.webp\",\"datePublished\":\"2025-09-07T10:30:15+00:00\",\"dateModified\":\"2025-09-07T10:39:54+00:00\",\"breadcrumb\":{\"@id\":\"https:\/\/geoclimate.ge\/az\/product\/nova-b-grilles-adjustable-air-diffusion-grille-for-supply-or-extract-air-ideal-for-commercial-and-industrial-premises\/#breadcrumb\"},\"inLanguage\":\"az\",\"potentialAction\":[{\"@type\":\"ReadAction\",\"target\":[\"https:\/\/geoclimate.ge\/az\/product\/nova-b-grilles-adjustable-air-diffusion-grille-for-supply-or-extract-air-ideal-for-commercial-and-industrial-premises\/\"]}]},{\"@type\":\"ImageObject\",\"inLanguage\":\"az\",\"@id\":\"https:\/\/geoclimate.ge\/az\/product\/nova-b-grilles-adjustable-air-diffusion-grille-for-supply-or-extract-air-ideal-for-commercial-and-industrial-premises\/#primaryimage\",\"url\":\"https:\/\/geoclimate.ge\/wp-content\/uploads\/2025\/09\/filters_quality80-1-6.webp\",\"contentUrl\":\"https:\/\/geoclimate.ge\/wp-content\/uploads\/2025\/09\/filters_quality80-1-6.webp\",\"width\":384,\"height\":271},{\"@type\":\"BreadcrumbList\",\"@id\":\"https:\/\/geoclimate.ge\/az\/product\/nova-b-grilles-adjustable-air-diffusion-grille-for-supply-or-extract-air-ideal-for-commercial-and-industrial-premises\/#breadcrumb\",\"itemListElement\":[{\"@type\":\"ListItem\",\"position\":1,\"name\":\"Home\",\"item\":\"https:\/\/geoclimate.ge\/az\/\"},{\"@type\":\"ListItem\",\"position\":2,\"name\":\"M\u0259hsullar\",\"item\":\"https:\/\/geoclimate.ge\/az\/products\/\"},{\"@type\":\"ListItem\",\"position\":3,\"name\":\"NOVA-B Barmaql\u0131qlar T\u0259chizat v\u0259 ya hava \u00e7\u0131xarmaq \u00fc\u00e7\u00fcn t\u0259nziml\u0259n\u0259n hava diffuziya barmaql\u0131\u011f\u0131. Ticar\u0259t v\u0259 s\u0259naye binalar\u0131 \u00fc\u00e7\u00fcn ideald\u0131r.\"}]},{\"@type\":\"WebSite\",\"@id\":\"https:\/\/geoclimate.ge\/#website\",\"url\":\"https:\/\/geoclimate.ge\/\",\"name\":\"GeoClimate\",\"description\":\"\",\"publisher\":{\"@id\":\"https:\/\/geoclimate.ge\/#organization\"},\"potentialAction\":[{\"@type\":\"SearchAction\",\"target\":{\"@type\":\"EntryPoint\",\"urlTemplate\":\"https:\/\/geoclimate.ge\/?s={search_term_string}\"},\"query-input\":{\"@type\":\"PropertyValueSpecification\",\"valueRequired\":true,\"valueName\":\"search_term_string\"}}],\"inLanguage\":\"az\"},{\"@type\":\"Organization\",\"@id\":\"https:\/\/geoclimate.ge\/#organization\",\"name\":\"GeoClimate\",\"url\":\"https:\/\/geoclimate.ge\/\",\"logo\":{\"@type\":\"ImageObject\",\"inLanguage\":\"az\",\"@id\":\"https:\/\/geoclimate.ge\/#\/schema\/logo\/image\/\",\"url\":\"https:\/\/geoclimate.ge\/wp-content\/uploads\/2026\/03\/geoclimate-SEO.png\",\"contentUrl\":\"https:\/\/geoclimate.ge\/wp-content\/uploads\/2026\/03\/geoclimate-SEO.png\",\"width\":1536,\"height\":1024,\"caption\":\"GeoClimate\"},\"image\":{\"@id\":\"https:\/\/geoclimate.ge\/#\/schema\/logo\/image\/\"}}]}<\/script>\n<!-- \/ Yoast SEO plugin. -->","yoast_head_json":{"title":"NOVA-B Barmaql\u0131qlar T\u0259chizat v\u0259 ya hava \u00e7\u0131xarmaq \u00fc\u00e7\u00fcn t\u0259nziml\u0259n\u0259n hava diffuziya barmaql\u0131\u011f\u0131. Ticar\u0259t v\u0259 s\u0259naye binalar\u0131 \u00fc\u00e7\u00fcn ideald\u0131r. - GeoClimate.ge","robots":{"index":"index","follow":"follow","max-snippet":"max-snippet:-1","max-image-preview":"max-image-preview:large","max-video-preview":"max-video-preview:-1"},"canonical":"https:\/\/geoclimate.ge\/az\/product\/nova-b-grilles-adjustable-air-diffusion-grille-for-supply-or-extract-air-ideal-for-commercial-and-industrial-premises\/","og_locale":"az_AZ","og_type":"article","og_title":"NOVA-B Barmaql\u0131qlar T\u0259chizat v\u0259 ya hava \u00e7\u0131xarmaq \u00fc\u00e7\u00fcn t\u0259nziml\u0259n\u0259n hava diffuziya barmaql\u0131\u011f\u0131. Ticar\u0259t v\u0259 s\u0259naye binalar\u0131 \u00fc\u00e7\u00fcn ideald\u0131r. - GeoClimate.ge","og_description":"T\u0259chizat v\u0259 ya hava \u00e7\u0131xarmaq \u00fc\u00e7\u00fcn t\u0259nziml\u0259n\u0259n hava diffuziya barmaql\u0131\u011f\u0131. Ticar\u0259t v\u0259 s\u0259naye binalar\u0131 \u00fc\u00e7\u00fcn ideald\u0131r.  T\u0259nziml\u0259n\u0259n  B\u00f6y\u00fck pulsuz sah\u0259  A\u015fa\u011f\u0131 t\u0259zyiq itkisi v\u0259 s\u0259s  M\u00f6hk\u0259m  Kommersiya v\u0259 s\u0259naye istifad\u0259si  Roll formal\u0131 polad t\u0259b\u0259q\u0259","og_url":"https:\/\/geoclimate.ge\/az\/product\/nova-b-grilles-adjustable-air-diffusion-grille-for-supply-or-extract-air-ideal-for-commercial-and-industrial-premises\/","og_site_name":"GeoClimate.ge","article_modified_time":"2025-09-07T10:39:54+00:00","og_image":[{"width":384,"height":271,"url":"https:\/\/geoclimate.ge\/wp-content\/uploads\/2025\/09\/filters_quality80-1-6.webp","type":"image\/webp"}],"twitter_card":"summary_large_image","twitter_misc":{"Est. reading time":"2 minutes"},"schema":{"@context":"https:\/\/schema.org","@graph":[{"@type":"WebPage","@id":"https:\/\/geoclimate.ge\/az\/product\/nova-b-grilles-adjustable-air-diffusion-grille-for-supply-or-extract-air-ideal-for-commercial-and-industrial-premises\/","url":"https:\/\/geoclimate.ge\/az\/product\/nova-b-grilles-adjustable-air-diffusion-grille-for-supply-or-extract-air-ideal-for-commercial-and-industrial-premises\/","name":"NOVA-B Barmaql\u0131qlar T\u0259chizat v\u0259 ya hava \u00e7\u0131xarmaq \u00fc\u00e7\u00fcn t\u0259nziml\u0259n\u0259n hava diffuziya barmaql\u0131\u011f\u0131. Ticar\u0259t v\u0259 s\u0259naye binalar\u0131 \u00fc\u00e7\u00fcn ideald\u0131r. - GeoClimate.ge","isPartOf":{"@id":"https:\/\/geoclimate.ge\/#website"},"primaryImageOfPage":{"@id":"https:\/\/geoclimate.ge\/az\/product\/nova-b-grilles-adjustable-air-diffusion-grille-for-supply-or-extract-air-ideal-for-commercial-and-industrial-premises\/#primaryimage"},"image":{"@id":"https:\/\/geoclimate.ge\/az\/product\/nova-b-grilles-adjustable-air-diffusion-grille-for-supply-or-extract-air-ideal-for-commercial-and-industrial-premises\/#primaryimage"},"thumbnailUrl":"https:\/\/geoclimate.ge\/wp-content\/uploads\/2025\/09\/filters_quality80-1-6.webp","datePublished":"2025-09-07T10:30:15+00:00","dateModified":"2025-09-07T10:39:54+00:00","breadcrumb":{"@id":"https:\/\/geoclimate.ge\/az\/product\/nova-b-grilles-adjustable-air-diffusion-grille-for-supply-or-extract-air-ideal-for-commercial-and-industrial-premises\/#breadcrumb"},"inLanguage":"az","potentialAction":[{"@type":"ReadAction","target":["https:\/\/geoclimate.ge\/az\/product\/nova-b-grilles-adjustable-air-diffusion-grille-for-supply-or-extract-air-ideal-for-commercial-and-industrial-premises\/"]}]},{"@type":"ImageObject","inLanguage":"az","@id":"https:\/\/geoclimate.ge\/az\/product\/nova-b-grilles-adjustable-air-diffusion-grille-for-supply-or-extract-air-ideal-for-commercial-and-industrial-premises\/#primaryimage","url":"https:\/\/geoclimate.ge\/wp-content\/uploads\/2025\/09\/filters_quality80-1-6.webp","contentUrl":"https:\/\/geoclimate.ge\/wp-content\/uploads\/2025\/09\/filters_quality80-1-6.webp","width":384,"height":271},{"@type":"BreadcrumbList","@id":"https:\/\/geoclimate.ge\/az\/product\/nova-b-grilles-adjustable-air-diffusion-grille-for-supply-or-extract-air-ideal-for-commercial-and-industrial-premises\/#breadcrumb","itemListElement":[{"@type":"ListItem","position":1,"name":"Home","item":"https:\/\/geoclimate.ge\/az\/"},{"@type":"ListItem","position":2,"name":"M\u0259hsullar","item":"https:\/\/geoclimate.ge\/az\/products\/"},{"@type":"ListItem","position":3,"name":"NOVA-B Barmaql\u0131qlar T\u0259chizat v\u0259 ya hava \u00e7\u0131xarmaq \u00fc\u00e7\u00fcn t\u0259nziml\u0259n\u0259n hava diffuziya barmaql\u0131\u011f\u0131. Ticar\u0259t v\u0259 s\u0259naye binalar\u0131 \u00fc\u00e7\u00fcn ideald\u0131r."}]},{"@type":"WebSite","@id":"https:\/\/geoclimate.ge\/#website","url":"https:\/\/geoclimate.ge\/","name":"GeoClimate","description":"","publisher":{"@id":"https:\/\/geoclimate.ge\/#organization"},"potentialAction":[{"@type":"SearchAction","target":{"@type":"EntryPoint","urlTemplate":"https:\/\/geoclimate.ge\/?s={search_term_string}"},"query-input":{"@type":"PropertyValueSpecification","valueRequired":true,"valueName":"search_term_string"}}],"inLanguage":"az"},{"@type":"Organization","@id":"https:\/\/geoclimate.ge\/#organization","name":"GeoClimate","url":"https:\/\/geoclimate.ge\/","logo":{"@type":"ImageObject","inLanguage":"az","@id":"https:\/\/geoclimate.ge\/#\/schema\/logo\/image\/","url":"https:\/\/geoclimate.ge\/wp-content\/uploads\/2026\/03\/geoclimate-SEO.png","contentUrl":"https:\/\/geoclimate.ge\/wp-content\/uploads\/2026\/03\/geoclimate-SEO.png","width":1536,"height":1024,"caption":"GeoClimate"},"image":{"@id":"https:\/\/geoclimate.ge\/#\/schema\/logo\/image\/"}}]}},"_links":{"self":[{"href":"https:\/\/geoclimate.ge\/az\/wp-json\/wp\/v2\/product\/37118","targetHints":{"allow":["GET"]}}],"collection":[{"href":"https:\/\/geoclimate.ge\/az\/wp-json\/wp\/v2\/product"}],"about":[{"href":"https:\/\/geoclimate.ge\/az\/wp-json\/wp\/v2\/types\/product"}],"wp:featuredmedia":[{"embeddable":true,"href":"https:\/\/geoclimate.ge\/az\/wp-json\/wp\/v2\/media\/37089"}],"wp:attachment":[{"href":"https:\/\/geoclimate.ge\/az\/wp-json\/wp\/v2\/media?parent=37118"}],"wp:term":[{"taxonomy":"product_brand","embeddable":true,"href":"https:\/\/geoclimate.ge\/az\/wp-json\/wp\/v2\/product_brand?post=37118"},{"taxonomy":"product_cat","embeddable":true,"href":"https:\/\/geoclimate.ge\/az\/wp-json\/wp\/v2\/product_cat?post=37118"},{"taxonomy":"product_tag","embeddable":true,"href":"https:\/\/geoclimate.ge\/az\/wp-json\/wp\/v2\/product_tag?post=37118"}],"curies":[{"name":"wp","href":"https:\/\/api.w.org\/{rel}","templated":true}]}}