{"id":37206,"date":"2025-09-07T15:47:14","date_gmt":"2025-09-07T11:47:14","guid":{"rendered":"https:\/\/airsystems.ge\/shop\/product\/oden-f-plenum-box-with-advanced-air-adjustment\/"},"modified":"2025-09-07T15:58:08","modified_gmt":"2025-09-07T11:58:08","slug":"oden-f-plenum-box-with-advanced-air-adjustment","status":"publish","type":"product","link":"https:\/\/geoclimate.ge\/az\/product\/oden-f-plenum-box-with-advanced-air-adjustment\/","title":{"rendered":"ODEN-F Qabaqc\u0131l Hava T\u0259nziml\u0259m\u0259li Plenum Qutusu Plenum Box"},"content":{"rendered":"<div class=\"mb-400 gtm-product-section container-fluid\" data-gtm-name=\"Benefits\" data-gtm-label=\"Benefits (en)\" data-gtm-vis-first-on-screen53434917_103=\"1992\" data-gtm-vis-total-visible-time53434917_103=\"1500\" data-gtm-vis-has-fired53434917_103=\"1\">\n<div class=\"row\">\n<div class=\"content-element content-element-product-benefit col-12 sm:col-6 mb-400\">\n<div class=\"bg-card px-300 py-250 mobile-nav:px-200 mobile-nav:py-150 h-full flex overflow-hidden card-border\">\n<div class=\"min-w-0\">\n<p><strong>NOVA Barmaql\u0131q Uy\u011funlu\u011fu<\/strong><br \/>\nODEN-F h\u0259m hava t\u0259chizat\u0131, h\u0259m d\u0259 hava \u00e7\u0131xarmaq \u00fc\u00e7\u00fcn n\u0259z\u0259rd\u0259 tutulmu\u015f plenum qutusudur. NOVA-A, NOVA-B v\u0259 NOVA-L barmaql\u0131qlar\u0131 il\u0259 birlikd\u0259 istifad\u0259 edil\u0259 bil\u0259r.<\/p>\n<p>&nbsp;<\/p>\n<p><strong>M\u00f6hk\u0259m tikinti<\/strong><br \/>\nODEN-F plenum qutusu rezin conta il\u0259 arxa v\u0259 ya daha sonra yan t\u0259r\u0259f\u0259 qura\u015fd\u0131r\u0131lm\u0131\u015f dair\u0259vi kanal ba\u011flant\u0131s\u0131 olan sinkl\u0259nmi\u015f polad t\u0259b\u0259q\u0259d\u0259n haz\u0131rlan\u0131r.<\/p>\n<p>&nbsp;<\/p>\n<p><strong>Sad\u0259 T\u0259nziml\u0259m\u0259<\/strong><br \/>\nDamperi qutudan k\u0259nardan \u00e7\u0259km\u0259 kabel mexanizmi il\u0259 t\u0259nziml\u0259m\u0259k olar. \u00d6l\u00e7m\u0259 v\u0259 t\u0259nziml\u0259m\u0259 \u0259lav\u0259 montaj al\u0259tl\u0259ri t\u0259l\u0259b etmir.<\/p>\n<p>&nbsp;<\/p>\n<p>ODEN-F h\u0259m hava t\u0259chizat\u0131, h\u0259m d\u0259 havan\u0131n \u00e7\u0131xar\u0131lmas\u0131 \u00fc\u00e7\u00fcn n\u0259z\u0259rd\u0259 tutulmu\u015f plenum qutusudur. O, NOVA-A, NOVA-B, NOVA-E v\u0259 NOVA-L barmaql\u0131qlar\u0131 il\u0259 birlikd\u0259 istifad\u0259 \u00fc\u00e7\u00fcn n\u0259z\u0259rd\u0259 tutulmu\u015fdur. O, t\u0259dar\u00fck hava ax\u0131n\u0131n\u0131n s\u00fcr\u0259tinin azald\u0131lmas\u0131n\u0131 v\u0259 hava ax\u0131n\u0131n\u0131n barmaql\u0131q vasit\u0259sil\u0259 optimal paylanmas\u0131n\u0131 asanla\u015fd\u0131r\u0131r. O, h\u0259m\u00e7inin hava ax\u0131n\u0131n\u0131n h\u0259cmini t\u0259nziml\u0259m\u0259k v\u0259 \u00f6l\u00e7m\u0259k imkan\u0131na malikdir.<\/p>\n<p>ODEN-F plenum qutusu rezin conta il\u0259 arxa v\u0259 ya yan t\u0259r\u0259f\u0259 qura\u015fd\u0131r\u0131lm\u0131\u015f dair\u0259vi kanal ba\u011flant\u0131s\u0131 olan sinkl\u0259nmi\u015f polad t\u0259b\u0259q\u0259d\u0259n haz\u0131rlan\u0131r. O, birl\u0259\u015fdirm\u0259 t\u0131xac\u0131nda silindr\u015f\u0259killi perforasiya edilmi\u015f t\u0259nziml\u0259yici amortizatorla t\u0259chiz edilmi\u015fdir. Damperd\u0259ki \u00f6l\u00e7m\u0259 zondu, t\u0259zyiq impuls borular\u0131 il\u0259 qutudan k\u0259narda oxuna bil\u0259n hava ax\u0131n\u0131 \u00f6l\u00e7m\u0259l\u0259rini t\u0259min etm\u0259y\u0259 v\u0259 ya \u00e7\u0131xarma\u011fa imkan verir.<\/p>\n<\/div>\n<\/div>\n<\/div>\n<\/div>\n<\/div>\n","protected":false},"excerpt":{"rendered":"<p>Qabaqc\u0131l Hava T\u0259nziml\u0259m\u0259li Plenum Qutusu<\/p>\n<p>Hava t\u0259chizat\u0131 v\u0259 \u00e7\u0131xar\u0131\u015f<\/p>\n<p>Sinkl\u0259nmi\u015f polad t\u0259b\u0259q\u0259<\/p>\n<p>T\u0259nziml\u0259m\u0259 damperi<\/p>\n<p>M\u00f6hk\u0259m<\/p>\n","protected":false},"featured_media":38338,"template":"","meta":[],"product_brand":[],"product_cat":[1861,1843,1847],"product_tag":[],"class_list":{"0":"post-37206","1":"product","2":"type-product","3":"status-publish","4":"has-post-thumbnail","6":"product_cat-aksesuarlar-ventilyasiya-barmaqliqlari","7":"product_cat-hava-paylayici-mhsullar","8":"product_cat-havalandirma-barmaqliqlari","10":"first","11":"instock","12":"shipping-taxable","13":"product-type-simple"},"yoast_head":"<!-- This site is optimized with the Yoast SEO plugin v27.1.1 - https:\/\/yoast.com\/product\/yoast-seo-wordpress\/ -->\n<title>ODEN-F Qabaqc\u0131l Hava T\u0259nziml\u0259m\u0259li Plenum Qutusu Plenum Box - GeoClimate.ge<\/title>\n<meta name=\"robots\" content=\"index, follow, max-snippet:-1, max-image-preview:large, max-video-preview:-1\" \/>\n<link rel=\"canonical\" href=\"https:\/\/geoclimate.ge\/az\/product\/oden-f-plenum-box-with-advanced-air-adjustment\/\" \/>\n<meta property=\"og:locale\" content=\"az_AZ\" \/>\n<meta property=\"og:type\" content=\"article\" \/>\n<meta property=\"og:title\" content=\"ODEN-F Qabaqc\u0131l Hava T\u0259nziml\u0259m\u0259li Plenum Qutusu Plenum Box - GeoClimate.ge\" \/>\n<meta property=\"og:description\" content=\"Qabaqc\u0131l Hava T\u0259nziml\u0259m\u0259li Plenum Qutusu  Hava t\u0259chizat\u0131 v\u0259 \u00e7\u0131xar\u0131\u015f  Sinkl\u0259nmi\u015f polad t\u0259b\u0259q\u0259  T\u0259nziml\u0259m\u0259 damperi  M\u00f6hk\u0259m\" \/>\n<meta property=\"og:url\" content=\"https:\/\/geoclimate.ge\/az\/product\/oden-f-plenum-box-with-advanced-air-adjustment\/\" \/>\n<meta property=\"og:site_name\" content=\"GeoClimate.ge\" \/>\n<meta property=\"article:modified_time\" content=\"2025-09-07T11:58:08+00:00\" \/>\n<meta property=\"og:image\" content=\"https:\/\/geoclimate.ge\/wp-content\/uploads\/2025\/09\/STORYBLOK_ODEN-F_HQ.jpg\" \/>\n\t<meta property=\"og:image:width\" content=\"384\" \/>\n\t<meta property=\"og:image:height\" content=\"288\" \/>\n\t<meta property=\"og:image:type\" content=\"image\/jpeg\" \/>\n<meta name=\"twitter:card\" content=\"summary_large_image\" \/>\n<meta name=\"twitter:label1\" content=\"Est. reading time\" \/>\n\t<meta name=\"twitter:data1\" content=\"1 minute\" \/>\n<script type=\"application\/ld+json\" class=\"yoast-schema-graph\">{\"@context\":\"https:\/\/schema.org\",\"@graph\":[{\"@type\":\"WebPage\",\"@id\":\"https:\/\/geoclimate.ge\/az\/product\/oden-f-plenum-box-with-advanced-air-adjustment\/\",\"url\":\"https:\/\/geoclimate.ge\/az\/product\/oden-f-plenum-box-with-advanced-air-adjustment\/\",\"name\":\"ODEN-F Qabaqc\u0131l Hava T\u0259nziml\u0259m\u0259li Plenum Qutusu Plenum Box - GeoClimate.ge\",\"isPartOf\":{\"@id\":\"https:\/\/geoclimate.ge\/#website\"},\"primaryImageOfPage\":{\"@id\":\"https:\/\/geoclimate.ge\/az\/product\/oden-f-plenum-box-with-advanced-air-adjustment\/#primaryimage\"},\"image\":{\"@id\":\"https:\/\/geoclimate.ge\/az\/product\/oden-f-plenum-box-with-advanced-air-adjustment\/#primaryimage\"},\"thumbnailUrl\":\"https:\/\/geoclimate.ge\/wp-content\/uploads\/2025\/09\/STORYBLOK_ODEN-F_HQ.jpg\",\"datePublished\":\"2025-09-07T11:47:14+00:00\",\"dateModified\":\"2025-09-07T11:58:08+00:00\",\"breadcrumb\":{\"@id\":\"https:\/\/geoclimate.ge\/az\/product\/oden-f-plenum-box-with-advanced-air-adjustment\/#breadcrumb\"},\"inLanguage\":\"az\",\"potentialAction\":[{\"@type\":\"ReadAction\",\"target\":[\"https:\/\/geoclimate.ge\/az\/product\/oden-f-plenum-box-with-advanced-air-adjustment\/\"]}]},{\"@type\":\"ImageObject\",\"inLanguage\":\"az\",\"@id\":\"https:\/\/geoclimate.ge\/az\/product\/oden-f-plenum-box-with-advanced-air-adjustment\/#primaryimage\",\"url\":\"https:\/\/geoclimate.ge\/wp-content\/uploads\/2025\/09\/STORYBLOK_ODEN-F_HQ.jpg\",\"contentUrl\":\"https:\/\/geoclimate.ge\/wp-content\/uploads\/2025\/09\/STORYBLOK_ODEN-F_HQ.jpg\",\"width\":384,\"height\":288},{\"@type\":\"BreadcrumbList\",\"@id\":\"https:\/\/geoclimate.ge\/az\/product\/oden-f-plenum-box-with-advanced-air-adjustment\/#breadcrumb\",\"itemListElement\":[{\"@type\":\"ListItem\",\"position\":1,\"name\":\"Home\",\"item\":\"https:\/\/geoclimate.ge\/az\/\"},{\"@type\":\"ListItem\",\"position\":2,\"name\":\"M\u0259hsullar\",\"item\":\"https:\/\/geoclimate.ge\/az\/products\/\"},{\"@type\":\"ListItem\",\"position\":3,\"name\":\"ODEN-F Qabaqc\u0131l Hava T\u0259nziml\u0259m\u0259li Plenum Qutusu Plenum Box\"}]},{\"@type\":\"WebSite\",\"@id\":\"https:\/\/geoclimate.ge\/#website\",\"url\":\"https:\/\/geoclimate.ge\/\",\"name\":\"GeoClimate\",\"description\":\"\",\"publisher\":{\"@id\":\"https:\/\/geoclimate.ge\/#organization\"},\"potentialAction\":[{\"@type\":\"SearchAction\",\"target\":{\"@type\":\"EntryPoint\",\"urlTemplate\":\"https:\/\/geoclimate.ge\/?s={search_term_string}\"},\"query-input\":{\"@type\":\"PropertyValueSpecification\",\"valueRequired\":true,\"valueName\":\"search_term_string\"}}],\"inLanguage\":\"az\"},{\"@type\":\"Organization\",\"@id\":\"https:\/\/geoclimate.ge\/#organization\",\"name\":\"GeoClimate\",\"url\":\"https:\/\/geoclimate.ge\/\",\"logo\":{\"@type\":\"ImageObject\",\"inLanguage\":\"az\",\"@id\":\"https:\/\/geoclimate.ge\/#\/schema\/logo\/image\/\",\"url\":\"https:\/\/geoclimate.ge\/wp-content\/uploads\/2026\/03\/geoclimate-SEO.png\",\"contentUrl\":\"https:\/\/geoclimate.ge\/wp-content\/uploads\/2026\/03\/geoclimate-SEO.png\",\"width\":1536,\"height\":1024,\"caption\":\"GeoClimate\"},\"image\":{\"@id\":\"https:\/\/geoclimate.ge\/#\/schema\/logo\/image\/\"}}]}<\/script>\n<!-- \/ Yoast SEO plugin. -->","yoast_head_json":{"title":"ODEN-F Qabaqc\u0131l Hava T\u0259nziml\u0259m\u0259li Plenum Qutusu Plenum Box - GeoClimate.ge","robots":{"index":"index","follow":"follow","max-snippet":"max-snippet:-1","max-image-preview":"max-image-preview:large","max-video-preview":"max-video-preview:-1"},"canonical":"https:\/\/geoclimate.ge\/az\/product\/oden-f-plenum-box-with-advanced-air-adjustment\/","og_locale":"az_AZ","og_type":"article","og_title":"ODEN-F Qabaqc\u0131l Hava T\u0259nziml\u0259m\u0259li Plenum Qutusu Plenum Box - GeoClimate.ge","og_description":"Qabaqc\u0131l Hava T\u0259nziml\u0259m\u0259li Plenum Qutusu  Hava t\u0259chizat\u0131 v\u0259 \u00e7\u0131xar\u0131\u015f  Sinkl\u0259nmi\u015f polad t\u0259b\u0259q\u0259  T\u0259nziml\u0259m\u0259 damperi  M\u00f6hk\u0259m","og_url":"https:\/\/geoclimate.ge\/az\/product\/oden-f-plenum-box-with-advanced-air-adjustment\/","og_site_name":"GeoClimate.ge","article_modified_time":"2025-09-07T11:58:08+00:00","og_image":[{"width":384,"height":288,"url":"https:\/\/geoclimate.ge\/wp-content\/uploads\/2025\/09\/STORYBLOK_ODEN-F_HQ.jpg","type":"image\/jpeg"}],"twitter_card":"summary_large_image","twitter_misc":{"Est. reading time":"1 minute"},"schema":{"@context":"https:\/\/schema.org","@graph":[{"@type":"WebPage","@id":"https:\/\/geoclimate.ge\/az\/product\/oden-f-plenum-box-with-advanced-air-adjustment\/","url":"https:\/\/geoclimate.ge\/az\/product\/oden-f-plenum-box-with-advanced-air-adjustment\/","name":"ODEN-F Qabaqc\u0131l Hava T\u0259nziml\u0259m\u0259li Plenum Qutusu Plenum Box - GeoClimate.ge","isPartOf":{"@id":"https:\/\/geoclimate.ge\/#website"},"primaryImageOfPage":{"@id":"https:\/\/geoclimate.ge\/az\/product\/oden-f-plenum-box-with-advanced-air-adjustment\/#primaryimage"},"image":{"@id":"https:\/\/geoclimate.ge\/az\/product\/oden-f-plenum-box-with-advanced-air-adjustment\/#primaryimage"},"thumbnailUrl":"https:\/\/geoclimate.ge\/wp-content\/uploads\/2025\/09\/STORYBLOK_ODEN-F_HQ.jpg","datePublished":"2025-09-07T11:47:14+00:00","dateModified":"2025-09-07T11:58:08+00:00","breadcrumb":{"@id":"https:\/\/geoclimate.ge\/az\/product\/oden-f-plenum-box-with-advanced-air-adjustment\/#breadcrumb"},"inLanguage":"az","potentialAction":[{"@type":"ReadAction","target":["https:\/\/geoclimate.ge\/az\/product\/oden-f-plenum-box-with-advanced-air-adjustment\/"]}]},{"@type":"ImageObject","inLanguage":"az","@id":"https:\/\/geoclimate.ge\/az\/product\/oden-f-plenum-box-with-advanced-air-adjustment\/#primaryimage","url":"https:\/\/geoclimate.ge\/wp-content\/uploads\/2025\/09\/STORYBLOK_ODEN-F_HQ.jpg","contentUrl":"https:\/\/geoclimate.ge\/wp-content\/uploads\/2025\/09\/STORYBLOK_ODEN-F_HQ.jpg","width":384,"height":288},{"@type":"BreadcrumbList","@id":"https:\/\/geoclimate.ge\/az\/product\/oden-f-plenum-box-with-advanced-air-adjustment\/#breadcrumb","itemListElement":[{"@type":"ListItem","position":1,"name":"Home","item":"https:\/\/geoclimate.ge\/az\/"},{"@type":"ListItem","position":2,"name":"M\u0259hsullar","item":"https:\/\/geoclimate.ge\/az\/products\/"},{"@type":"ListItem","position":3,"name":"ODEN-F Qabaqc\u0131l Hava T\u0259nziml\u0259m\u0259li Plenum Qutusu Plenum Box"}]},{"@type":"WebSite","@id":"https:\/\/geoclimate.ge\/#website","url":"https:\/\/geoclimate.ge\/","name":"GeoClimate","description":"","publisher":{"@id":"https:\/\/geoclimate.ge\/#organization"},"potentialAction":[{"@type":"SearchAction","target":{"@type":"EntryPoint","urlTemplate":"https:\/\/geoclimate.ge\/?s={search_term_string}"},"query-input":{"@type":"PropertyValueSpecification","valueRequired":true,"valueName":"search_term_string"}}],"inLanguage":"az"},{"@type":"Organization","@id":"https:\/\/geoclimate.ge\/#organization","name":"GeoClimate","url":"https:\/\/geoclimate.ge\/","logo":{"@type":"ImageObject","inLanguage":"az","@id":"https:\/\/geoclimate.ge\/#\/schema\/logo\/image\/","url":"https:\/\/geoclimate.ge\/wp-content\/uploads\/2026\/03\/geoclimate-SEO.png","contentUrl":"https:\/\/geoclimate.ge\/wp-content\/uploads\/2026\/03\/geoclimate-SEO.png","width":1536,"height":1024,"caption":"GeoClimate"},"image":{"@id":"https:\/\/geoclimate.ge\/#\/schema\/logo\/image\/"}}]}},"_links":{"self":[{"href":"https:\/\/geoclimate.ge\/az\/wp-json\/wp\/v2\/product\/37206","targetHints":{"allow":["GET"]}}],"collection":[{"href":"https:\/\/geoclimate.ge\/az\/wp-json\/wp\/v2\/product"}],"about":[{"href":"https:\/\/geoclimate.ge\/az\/wp-json\/wp\/v2\/types\/product"}],"wp:featuredmedia":[{"embeddable":true,"href":"https:\/\/geoclimate.ge\/az\/wp-json\/wp\/v2\/media\/38338"}],"wp:attachment":[{"href":"https:\/\/geoclimate.ge\/az\/wp-json\/wp\/v2\/media?parent=37206"}],"wp:term":[{"taxonomy":"product_brand","embeddable":true,"href":"https:\/\/geoclimate.ge\/az\/wp-json\/wp\/v2\/product_brand?post=37206"},{"taxonomy":"product_cat","embeddable":true,"href":"https:\/\/geoclimate.ge\/az\/wp-json\/wp\/v2\/product_cat?post=37206"},{"taxonomy":"product_tag","embeddable":true,"href":"https:\/\/geoclimate.ge\/az\/wp-json\/wp\/v2\/product_tag?post=37206"}],"curies":[{"name":"wp","href":"https:\/\/api.w.org\/{rel}","templated":true}]}}