{"id":37277,"date":"2025-09-07T21:53:21","date_gmt":"2025-09-07T17:53:21","guid":{"rendered":"https:\/\/airsystems.ge\/shop\/product\/spm-dampers-iris-damper-with-enhanced-choking-ability-for-measuring-and-adjusting-airflow\/"},"modified":"2025-09-07T21:58:00","modified_gmt":"2025-09-07T17:58:00","slug":"spm-dampers-iris-damper-with-enhanced-choking-ability-for-measuring-and-adjusting-airflow","status":"publish","type":"product","link":"https:\/\/geoclimate.ge\/az\/product\/spm-dampers-iris-damper-with-enhanced-choking-ability-for-measuring-and-adjusting-airflow\/","title":{"rendered":"SPM Damperl\u0259r Hava ax\u0131n\u0131n\u0131n \u00f6l\u00e7\u00fclm\u0259si v\u0259 t\u0259nziml\u0259nm\u0259si \u00fc\u00e7\u00fcn g\u00fccl\u0259ndirilmi\u015f bo\u011fulma qabiliyy\u0259tin\u0259 malik iris damperi"},"content":{"rendered":"<div class=\"mb-400 gtm-product-section container-fluid\" data-gtm-name=\"Benefits\" data-gtm-label=\"Benefits (en)\" data-gtm-vis-first-on-screen53434917_103=\"14743\" data-gtm-vis-total-visible-time53434917_103=\"1500\" data-gtm-vis-has-fired53434917_103=\"1\">\n<div class=\"row\">\n<div class=\"content-element content-element-product-benefit col-12 sm:col-6 mb-400\">\n<div class=\"bg-card px-300 py-250 mobile-nav:px-200 mobile-nav:py-150 h-full flex overflow-hidden card-border\">\n<div class=\"min-w-0\">\n<p><strong>T\u0259kmill\u0259\u015fdirilmi\u015f Bo\u011fulma qabiliyy\u0259ti<\/strong><br \/>\nSPM g\u00fccl\u0259ndirilmi\u015f bo\u011fulma qabiliyy\u0259ti il\u0259 hava ax\u0131n\u0131n\u0131n \u00f6l\u00e7\u00fclm\u0259si v\u0259 t\u0259nziml\u0259nm\u0259si \u00fc\u00e7\u00fcn iris damperidir.<\/p>\n<p>&nbsp;<\/p>\n<p><strong>Polad istehsal\u0131<\/strong><br \/>\nSPM iris damperi sinkl\u0259nmi\u015f t\u0259b\u0259q\u0259 poladdan haz\u0131rlan\u0131r v\u0259 hava ke\u00e7irm\u0259y\u0259n rezin conta il\u0259 t\u0259chiz edilmi\u015fdir.<\/p>\n<p>&nbsp;<\/p>\n<p><strong>Sabit Test N\u00f6qt\u0259l\u0259ri<\/strong><br \/>\nD\u0259qiq \u00f6l\u00e7m\u0259l\u0259ri asanla\u015fd\u0131rmaq \u00fc\u00e7\u00fcn SPM iris damperind\u0259 sabit s\u0131naq n\u00f6qt\u0259l\u0259ri t\u0259min edilmi\u015fdir.<\/p>\n<p>&nbsp;<\/p>\n<p>M\u00fcxt\u0259lif \u00f6l\u00e7\u00fcl\u0259rd\u0259 m\u00f6vcud olan SPM hava ax\u0131n\u0131n\u0131n \u00f6l\u00e7\u00fclm\u0259si v\u0259 t\u0259nziml\u0259nm\u0259si \u00fc\u00e7\u00fcn effektiv v\u0259 m\u00f6hk\u0259m iris damperidir. \u0130nki\u015faf etmi\u015f bo\u011fulma qabiliyy\u0259tini t\u0259min edir. SPM bir s\u0131ra spesifikasiyalara malikdir, o c\u00fcml\u0259d\u0259n a\u015fa\u011f\u0131 s\u0259s s\u0259viyy\u0259si, el\u0259c\u0259 d\u0259 m\u0259rk\u0259zl\u0259\u015fdirilmi\u015f \u015f\u0259kild\u0259 formala\u015fm\u0131\u015f hava ax\u0131n\u0131 v\u0259 d\u0259qiq \u00f6l\u00e7m\u0259l\u0259r \u00fc\u00e7\u00fcn sabit s\u0131naq n\u00f6qt\u0259l\u0259ri, Cihaz h\u0259m t\u0259chizat, h\u0259m d\u0259 havan\u0131n \u00e7\u0131xar\u0131lmas\u0131 \u00fc\u00e7\u00fcn istifad\u0259 edil\u0259 bil\u0259r.<\/p>\n<p>Damper sinkl\u0259nmi\u015f t\u0259b\u0259q\u0259 poladdan haz\u0131rlanm\u0131\u015fd\u0131r v\u0259 EN 1751-\u0259 uy\u011fun olaraq C sinifind\u0259 korpusun hava ke\u00e7irm\u0259m\u0259si \u00fc\u00e7\u00fcn s\u0131naqdan ke\u00e7irilmi\u015f rezin conta il\u0259 t\u0259chiz edilmi\u015fdir. O, m\u0259rk\u0259zd\u0259 yerl\u0259\u015fdirilmi\u015f s\u0131zd\u0131rmazl\u0131q rezin topla birlikd\u0259 b\u00fct\u00fcn en k\u0259siyi ba\u011flaya bil\u0259n t\u0259nziml\u0259n\u0259n diyaframa malikdir. SPM iris damperi \u00f8 160-400, 300 v\u0259 315 \u00f6l\u00e7\u00fcl\u0259rind\u0259 m\u00f6vcuddur. Damper hava ax\u0131n\u0131n\u0131n k\u0259narla\u015fmas\u0131n\u0131 minimuma endirm\u0259k \u00fc\u00e7\u00fcn t\u0259l\u0259b olunan m\u0259saf\u0259l\u0259r\u0259 uy\u011fun qura\u015fd\u0131r\u0131lmal\u0131d\u0131r.<\/p>\n<\/div>\n<\/div>\n<\/div>\n<\/div>\n<\/div>\n","protected":false},"excerpt":{"rendered":"<div>\n<p>SPM Damperl\u0259r<br \/>\nHava ax\u0131n\u0131n\u0131n \u00f6l\u00e7\u00fclm\u0259si v\u0259 t\u0259nziml\u0259nm\u0259si \u00fc\u00e7\u00fcn g\u00fccl\u0259ndirilmi\u015f bo\u011fulma qabiliyy\u0259tin\u0259 malik iris damperi<\/p>\n<p>T\u0259kmill\u0259\u015fdirilmi\u015f Bo\u011fulma qabiliyy\u0259ti<\/p>\n<p>A\u015fa\u011f\u0131 S\u0259s S\u0259viyy\u0259si<\/p>\n<p>Sinkl\u0259nmi\u015f Polad Konstruksiya<\/p>\n<p>Hava T\u0259chizat\u0131 v\u0259 \u00c7\u0131xar\u0131\u015f\u0131<\/p>\n<\/div>\n<div class=\"flex flex-col gap-200\">\n<div class=\"flex flex-col flex-wrap gap-100 md:flex-row md:items-center gtm-purchase-option\" data-gtm-name=\"size\" data-gtm-label=\"Size\">\n<p><label class=\"flex gap-050 md:w-700 leading-none hyphens-auto print:w-full print:max-w-2\/5 text-label-small\">Size<\/label><\/p>\n<div class=\"flex flex-1 flex-wrap gap-050\"><button class=\"select-btn select-btn-small select-btn-selected gtm-purchase-option-value\" type=\"button\" data-gtm-name=\"160\" data-gtm-label=\"160\">160<\/button><button class=\"select-btn select-btn-small select-btn-default gtm-purchase-option-value\" type=\"button\" data-gtm-name=\"200\" data-gtm-label=\"200\">200<\/button><button class=\"select-btn select-btn-small select-btn-default gtm-purchase-option-value\" type=\"button\" data-gtm-name=\"250\" data-gtm-label=\"250\">250<\/button><button class=\"select-btn select-btn-small select-btn-default gtm-purchase-option-value\" type=\"button\" data-gtm-name=\"300\" data-gtm-label=\"300\">300<\/button><button class=\"select-btn select-btn-small select-btn-default gtm-purchase-option-value\" type=\"button\" data-gtm-name=\"315\" data-gtm-label=\"315\">315<\/button><button class=\"select-btn select-btn-small select-btn-default gtm-purchase-option-value\" type=\"button\" data-gtm-name=\"400\" data-gtm-label=\"400\">400<\/button><\/div>\n<\/div>\n<\/div>\n<div class=\"gtm-sku-info flex flex-col gap-y-050 text-label-tiny text-neutral-600\">\n<div class=\"flex flex-wrap items-baseline gap-x-100 gap-y-025\"><span class=\"gtm-article-name\">SPM-160 Iris damper with bulb<\/span><span class=\"whitespace-nowrap gtm-article-number text-base font-bold\">#6257<\/span><\/div>\n<\/div>\n","protected":false},"featured_media":37272,"template":"","meta":[],"product_brand":[],"product_cat":[1982,1843],"product_tag":[],"class_list":{"0":"post-37277","1":"product","2":"type-product","3":"status-publish","4":"has-post-thumbnail","6":"product_cat-dampers-az","7":"product_cat-hava-paylayici-mhsullar","9":"first","10":"instock","11":"shipping-taxable","12":"product-type-simple"},"yoast_head":"<!-- This site is optimized with the Yoast SEO plugin v27.1.1 - https:\/\/yoast.com\/product\/yoast-seo-wordpress\/ -->\n<title>SPM Damperl\u0259r Hava ax\u0131n\u0131n\u0131n \u00f6l\u00e7\u00fclm\u0259si v\u0259 t\u0259nziml\u0259nm\u0259si \u00fc\u00e7\u00fcn g\u00fccl\u0259ndirilmi\u015f bo\u011fulma qabiliyy\u0259tin\u0259 malik iris damperi - GeoClimate.ge<\/title>\n<meta name=\"robots\" content=\"index, follow, max-snippet:-1, max-image-preview:large, max-video-preview:-1\" \/>\n<link rel=\"canonical\" href=\"https:\/\/geoclimate.ge\/az\/product\/spm-dampers-iris-damper-with-enhanced-choking-ability-for-measuring-and-adjusting-airflow\/\" \/>\n<meta property=\"og:locale\" content=\"az_AZ\" \/>\n<meta property=\"og:type\" content=\"article\" \/>\n<meta property=\"og:title\" content=\"SPM Damperl\u0259r Hava ax\u0131n\u0131n\u0131n \u00f6l\u00e7\u00fclm\u0259si v\u0259 t\u0259nziml\u0259nm\u0259si \u00fc\u00e7\u00fcn g\u00fccl\u0259ndirilmi\u015f bo\u011fulma qabiliyy\u0259tin\u0259 malik iris damperi - GeoClimate.ge\" \/>\n<meta property=\"og:description\" content=\"SPM Damperl\u0259r Hava ax\u0131n\u0131n\u0131n \u00f6l\u00e7\u00fclm\u0259si v\u0259 t\u0259nziml\u0259nm\u0259si \u00fc\u00e7\u00fcn g\u00fccl\u0259ndirilmi\u015f bo\u011fulma qabiliyy\u0259tin\u0259 malik iris damperi  T\u0259kmill\u0259\u015fdirilmi\u015f Bo\u011fulma qabiliyy\u0259ti  A\u015fa\u011f\u0131 S\u0259s S\u0259viyy\u0259si  Sinkl\u0259nmi\u015f Polad Konstruksiya  Hava T\u0259chizat\u0131 v\u0259 \u00c7\u0131xar\u0131\u015f\u0131      Size 160200250300315400    SPM-160 Iris damper with bulb#6257\" \/>\n<meta property=\"og:url\" content=\"https:\/\/geoclimate.ge\/az\/product\/spm-dampers-iris-damper-with-enhanced-choking-ability-for-measuring-and-adjusting-airflow\/\" \/>\n<meta property=\"og:site_name\" content=\"GeoClimate.ge\" \/>\n<meta property=\"article:modified_time\" content=\"2025-09-07T17:58:00+00:00\" \/>\n<meta property=\"og:image\" content=\"https:\/\/geoclimate.ge\/wp-content\/uploads\/2025\/09\/PRODUCT-MAIN-IMAGE_SPM.jpg\" \/>\n\t<meta property=\"og:image:width\" content=\"384\" \/>\n\t<meta property=\"og:image:height\" content=\"288\" \/>\n\t<meta property=\"og:image:type\" content=\"image\/jpeg\" \/>\n<meta name=\"twitter:card\" content=\"summary_large_image\" \/>\n<meta name=\"twitter:label1\" content=\"Est. reading time\" \/>\n\t<meta name=\"twitter:data1\" content=\"2 minutes\" \/>\n<script type=\"application\/ld+json\" class=\"yoast-schema-graph\">{\"@context\":\"https:\/\/schema.org\",\"@graph\":[{\"@type\":\"WebPage\",\"@id\":\"https:\/\/geoclimate.ge\/az\/product\/spm-dampers-iris-damper-with-enhanced-choking-ability-for-measuring-and-adjusting-airflow\/\",\"url\":\"https:\/\/geoclimate.ge\/az\/product\/spm-dampers-iris-damper-with-enhanced-choking-ability-for-measuring-and-adjusting-airflow\/\",\"name\":\"SPM Damperl\u0259r Hava ax\u0131n\u0131n\u0131n \u00f6l\u00e7\u00fclm\u0259si v\u0259 t\u0259nziml\u0259nm\u0259si \u00fc\u00e7\u00fcn g\u00fccl\u0259ndirilmi\u015f bo\u011fulma qabiliyy\u0259tin\u0259 malik iris damperi - GeoClimate.ge\",\"isPartOf\":{\"@id\":\"https:\/\/geoclimate.ge\/#website\"},\"primaryImageOfPage\":{\"@id\":\"https:\/\/geoclimate.ge\/az\/product\/spm-dampers-iris-damper-with-enhanced-choking-ability-for-measuring-and-adjusting-airflow\/#primaryimage\"},\"image\":{\"@id\":\"https:\/\/geoclimate.ge\/az\/product\/spm-dampers-iris-damper-with-enhanced-choking-ability-for-measuring-and-adjusting-airflow\/#primaryimage\"},\"thumbnailUrl\":\"https:\/\/geoclimate.ge\/wp-content\/uploads\/2025\/09\/PRODUCT-MAIN-IMAGE_SPM.jpg\",\"datePublished\":\"2025-09-07T17:53:21+00:00\",\"dateModified\":\"2025-09-07T17:58:00+00:00\",\"breadcrumb\":{\"@id\":\"https:\/\/geoclimate.ge\/az\/product\/spm-dampers-iris-damper-with-enhanced-choking-ability-for-measuring-and-adjusting-airflow\/#breadcrumb\"},\"inLanguage\":\"az\",\"potentialAction\":[{\"@type\":\"ReadAction\",\"target\":[\"https:\/\/geoclimate.ge\/az\/product\/spm-dampers-iris-damper-with-enhanced-choking-ability-for-measuring-and-adjusting-airflow\/\"]}]},{\"@type\":\"ImageObject\",\"inLanguage\":\"az\",\"@id\":\"https:\/\/geoclimate.ge\/az\/product\/spm-dampers-iris-damper-with-enhanced-choking-ability-for-measuring-and-adjusting-airflow\/#primaryimage\",\"url\":\"https:\/\/geoclimate.ge\/wp-content\/uploads\/2025\/09\/PRODUCT-MAIN-IMAGE_SPM.jpg\",\"contentUrl\":\"https:\/\/geoclimate.ge\/wp-content\/uploads\/2025\/09\/PRODUCT-MAIN-IMAGE_SPM.jpg\",\"width\":384,\"height\":288},{\"@type\":\"BreadcrumbList\",\"@id\":\"https:\/\/geoclimate.ge\/az\/product\/spm-dampers-iris-damper-with-enhanced-choking-ability-for-measuring-and-adjusting-airflow\/#breadcrumb\",\"itemListElement\":[{\"@type\":\"ListItem\",\"position\":1,\"name\":\"Home\",\"item\":\"https:\/\/geoclimate.ge\/az\/\"},{\"@type\":\"ListItem\",\"position\":2,\"name\":\"M\u0259hsullar\",\"item\":\"https:\/\/geoclimate.ge\/az\/products\/\"},{\"@type\":\"ListItem\",\"position\":3,\"name\":\"SPM Damperl\u0259r Hava ax\u0131n\u0131n\u0131n \u00f6l\u00e7\u00fclm\u0259si v\u0259 t\u0259nziml\u0259nm\u0259si \u00fc\u00e7\u00fcn g\u00fccl\u0259ndirilmi\u015f bo\u011fulma qabiliyy\u0259tin\u0259 malik iris damperi\"}]},{\"@type\":\"WebSite\",\"@id\":\"https:\/\/geoclimate.ge\/#website\",\"url\":\"https:\/\/geoclimate.ge\/\",\"name\":\"GeoClimate\",\"description\":\"\",\"publisher\":{\"@id\":\"https:\/\/geoclimate.ge\/#organization\"},\"potentialAction\":[{\"@type\":\"SearchAction\",\"target\":{\"@type\":\"EntryPoint\",\"urlTemplate\":\"https:\/\/geoclimate.ge\/?s={search_term_string}\"},\"query-input\":{\"@type\":\"PropertyValueSpecification\",\"valueRequired\":true,\"valueName\":\"search_term_string\"}}],\"inLanguage\":\"az\"},{\"@type\":\"Organization\",\"@id\":\"https:\/\/geoclimate.ge\/#organization\",\"name\":\"GeoClimate\",\"url\":\"https:\/\/geoclimate.ge\/\",\"logo\":{\"@type\":\"ImageObject\",\"inLanguage\":\"az\",\"@id\":\"https:\/\/geoclimate.ge\/#\/schema\/logo\/image\/\",\"url\":\"https:\/\/geoclimate.ge\/wp-content\/uploads\/2026\/03\/geoclimate-SEO.png\",\"contentUrl\":\"https:\/\/geoclimate.ge\/wp-content\/uploads\/2026\/03\/geoclimate-SEO.png\",\"width\":1536,\"height\":1024,\"caption\":\"GeoClimate\"},\"image\":{\"@id\":\"https:\/\/geoclimate.ge\/#\/schema\/logo\/image\/\"}}]}<\/script>\n<!-- \/ Yoast SEO plugin. -->","yoast_head_json":{"title":"SPM Damperl\u0259r Hava ax\u0131n\u0131n\u0131n \u00f6l\u00e7\u00fclm\u0259si v\u0259 t\u0259nziml\u0259nm\u0259si \u00fc\u00e7\u00fcn g\u00fccl\u0259ndirilmi\u015f bo\u011fulma qabiliyy\u0259tin\u0259 malik iris damperi - GeoClimate.ge","robots":{"index":"index","follow":"follow","max-snippet":"max-snippet:-1","max-image-preview":"max-image-preview:large","max-video-preview":"max-video-preview:-1"},"canonical":"https:\/\/geoclimate.ge\/az\/product\/spm-dampers-iris-damper-with-enhanced-choking-ability-for-measuring-and-adjusting-airflow\/","og_locale":"az_AZ","og_type":"article","og_title":"SPM Damperl\u0259r Hava ax\u0131n\u0131n\u0131n \u00f6l\u00e7\u00fclm\u0259si v\u0259 t\u0259nziml\u0259nm\u0259si \u00fc\u00e7\u00fcn g\u00fccl\u0259ndirilmi\u015f bo\u011fulma qabiliyy\u0259tin\u0259 malik iris damperi - GeoClimate.ge","og_description":"SPM Damperl\u0259r Hava ax\u0131n\u0131n\u0131n \u00f6l\u00e7\u00fclm\u0259si v\u0259 t\u0259nziml\u0259nm\u0259si \u00fc\u00e7\u00fcn g\u00fccl\u0259ndirilmi\u015f bo\u011fulma qabiliyy\u0259tin\u0259 malik iris damperi  T\u0259kmill\u0259\u015fdirilmi\u015f Bo\u011fulma qabiliyy\u0259ti  A\u015fa\u011f\u0131 S\u0259s S\u0259viyy\u0259si  Sinkl\u0259nmi\u015f Polad Konstruksiya  Hava T\u0259chizat\u0131 v\u0259 \u00c7\u0131xar\u0131\u015f\u0131      Size 160200250300315400    SPM-160 Iris damper with bulb#6257","og_url":"https:\/\/geoclimate.ge\/az\/product\/spm-dampers-iris-damper-with-enhanced-choking-ability-for-measuring-and-adjusting-airflow\/","og_site_name":"GeoClimate.ge","article_modified_time":"2025-09-07T17:58:00+00:00","og_image":[{"width":384,"height":288,"url":"https:\/\/geoclimate.ge\/wp-content\/uploads\/2025\/09\/PRODUCT-MAIN-IMAGE_SPM.jpg","type":"image\/jpeg"}],"twitter_card":"summary_large_image","twitter_misc":{"Est. reading time":"2 minutes"},"schema":{"@context":"https:\/\/schema.org","@graph":[{"@type":"WebPage","@id":"https:\/\/geoclimate.ge\/az\/product\/spm-dampers-iris-damper-with-enhanced-choking-ability-for-measuring-and-adjusting-airflow\/","url":"https:\/\/geoclimate.ge\/az\/product\/spm-dampers-iris-damper-with-enhanced-choking-ability-for-measuring-and-adjusting-airflow\/","name":"SPM Damperl\u0259r Hava ax\u0131n\u0131n\u0131n \u00f6l\u00e7\u00fclm\u0259si v\u0259 t\u0259nziml\u0259nm\u0259si \u00fc\u00e7\u00fcn g\u00fccl\u0259ndirilmi\u015f bo\u011fulma qabiliyy\u0259tin\u0259 malik iris damperi - GeoClimate.ge","isPartOf":{"@id":"https:\/\/geoclimate.ge\/#website"},"primaryImageOfPage":{"@id":"https:\/\/geoclimate.ge\/az\/product\/spm-dampers-iris-damper-with-enhanced-choking-ability-for-measuring-and-adjusting-airflow\/#primaryimage"},"image":{"@id":"https:\/\/geoclimate.ge\/az\/product\/spm-dampers-iris-damper-with-enhanced-choking-ability-for-measuring-and-adjusting-airflow\/#primaryimage"},"thumbnailUrl":"https:\/\/geoclimate.ge\/wp-content\/uploads\/2025\/09\/PRODUCT-MAIN-IMAGE_SPM.jpg","datePublished":"2025-09-07T17:53:21+00:00","dateModified":"2025-09-07T17:58:00+00:00","breadcrumb":{"@id":"https:\/\/geoclimate.ge\/az\/product\/spm-dampers-iris-damper-with-enhanced-choking-ability-for-measuring-and-adjusting-airflow\/#breadcrumb"},"inLanguage":"az","potentialAction":[{"@type":"ReadAction","target":["https:\/\/geoclimate.ge\/az\/product\/spm-dampers-iris-damper-with-enhanced-choking-ability-for-measuring-and-adjusting-airflow\/"]}]},{"@type":"ImageObject","inLanguage":"az","@id":"https:\/\/geoclimate.ge\/az\/product\/spm-dampers-iris-damper-with-enhanced-choking-ability-for-measuring-and-adjusting-airflow\/#primaryimage","url":"https:\/\/geoclimate.ge\/wp-content\/uploads\/2025\/09\/PRODUCT-MAIN-IMAGE_SPM.jpg","contentUrl":"https:\/\/geoclimate.ge\/wp-content\/uploads\/2025\/09\/PRODUCT-MAIN-IMAGE_SPM.jpg","width":384,"height":288},{"@type":"BreadcrumbList","@id":"https:\/\/geoclimate.ge\/az\/product\/spm-dampers-iris-damper-with-enhanced-choking-ability-for-measuring-and-adjusting-airflow\/#breadcrumb","itemListElement":[{"@type":"ListItem","position":1,"name":"Home","item":"https:\/\/geoclimate.ge\/az\/"},{"@type":"ListItem","position":2,"name":"M\u0259hsullar","item":"https:\/\/geoclimate.ge\/az\/products\/"},{"@type":"ListItem","position":3,"name":"SPM Damperl\u0259r Hava ax\u0131n\u0131n\u0131n \u00f6l\u00e7\u00fclm\u0259si v\u0259 t\u0259nziml\u0259nm\u0259si \u00fc\u00e7\u00fcn g\u00fccl\u0259ndirilmi\u015f bo\u011fulma qabiliyy\u0259tin\u0259 malik iris damperi"}]},{"@type":"WebSite","@id":"https:\/\/geoclimate.ge\/#website","url":"https:\/\/geoclimate.ge\/","name":"GeoClimate","description":"","publisher":{"@id":"https:\/\/geoclimate.ge\/#organization"},"potentialAction":[{"@type":"SearchAction","target":{"@type":"EntryPoint","urlTemplate":"https:\/\/geoclimate.ge\/?s={search_term_string}"},"query-input":{"@type":"PropertyValueSpecification","valueRequired":true,"valueName":"search_term_string"}}],"inLanguage":"az"},{"@type":"Organization","@id":"https:\/\/geoclimate.ge\/#organization","name":"GeoClimate","url":"https:\/\/geoclimate.ge\/","logo":{"@type":"ImageObject","inLanguage":"az","@id":"https:\/\/geoclimate.ge\/#\/schema\/logo\/image\/","url":"https:\/\/geoclimate.ge\/wp-content\/uploads\/2026\/03\/geoclimate-SEO.png","contentUrl":"https:\/\/geoclimate.ge\/wp-content\/uploads\/2026\/03\/geoclimate-SEO.png","width":1536,"height":1024,"caption":"GeoClimate"},"image":{"@id":"https:\/\/geoclimate.ge\/#\/schema\/logo\/image\/"}}]}},"_links":{"self":[{"href":"https:\/\/geoclimate.ge\/az\/wp-json\/wp\/v2\/product\/37277","targetHints":{"allow":["GET"]}}],"collection":[{"href":"https:\/\/geoclimate.ge\/az\/wp-json\/wp\/v2\/product"}],"about":[{"href":"https:\/\/geoclimate.ge\/az\/wp-json\/wp\/v2\/types\/product"}],"wp:featuredmedia":[{"embeddable":true,"href":"https:\/\/geoclimate.ge\/az\/wp-json\/wp\/v2\/media\/37272"}],"wp:attachment":[{"href":"https:\/\/geoclimate.ge\/az\/wp-json\/wp\/v2\/media?parent=37277"}],"wp:term":[{"taxonomy":"product_brand","embeddable":true,"href":"https:\/\/geoclimate.ge\/az\/wp-json\/wp\/v2\/product_brand?post=37277"},{"taxonomy":"product_cat","embeddable":true,"href":"https:\/\/geoclimate.ge\/az\/wp-json\/wp\/v2\/product_cat?post=37277"},{"taxonomy":"product_tag","embeddable":true,"href":"https:\/\/geoclimate.ge\/az\/wp-json\/wp\/v2\/product_tag?post=37277"}],"curies":[{"name":"wp","href":"https:\/\/api.w.org\/{rel}","templated":true}]}}