{"id":37289,"date":"2025-09-07T22:02:11","date_gmt":"2025-09-07T18:02:11","guid":{"rendered":"https:\/\/airsystems.ge\/shop\/product\/spi-dampers-standard-volume-control-damper-for-measurement-and-adjustment-of-the-airflow\/"},"modified":"2025-09-07T22:06:54","modified_gmt":"2025-09-07T18:06:54","slug":"spi-dampers-standard-volume-control-damper-for-measurement-and-adjustment-of-the-airflow","status":"publish","type":"product","link":"https:\/\/geoclimate.ge\/az\/product\/spi-dampers-standard-volume-control-damper-for-measurement-and-adjustment-of-the-airflow\/","title":{"rendered":"SPI Damperl\u0259ri Hava ax\u0131n\u0131n\u0131n \u00f6l\u00e7\u00fclm\u0259si v\u0259 t\u0259nziml\u0259nm\u0259si \u00fc\u00e7\u00fcn standart h\u0259cm n\u0259zar\u0259t damperi"},"content":{"rendered":"<div class=\"mb-400 gtm-product-section container-fluid\" data-gtm-name=\"Benefits\" data-gtm-label=\"Benefits (en)\" data-gtm-vis-recent-on-screen53434917_103=\"53799\" data-gtm-vis-first-on-screen53434917_103=\"53799\" data-gtm-vis-total-visible-time53434917_103=\"1500\" data-gtm-vis-has-fired53434917_103=\"1\">\n<div class=\"row\">\n<div class=\"content-element content-element-product-benefit col-12 sm:col-6 mb-400\">\n<div class=\"bg-card px-300 py-250 mobile-nav:px-200 mobile-nav:py-150 h-full flex overflow-hidden card-border\">\n<div class=\"min-w-0\">\n<p><strong>\u00d6l\u00e7m\u0259 v\u0259 T\u0259nziml\u0259m\u0259<br \/>\n<\/strong>SPI hava ax\u0131n\u0131n\u0131n \u00f6l\u00e7\u00fclm\u0259si v\u0259 t\u0259nziml\u0259nm\u0259si \u00fc\u00e7\u00fcn iris damperidir.<\/p>\n<p><strong>M\u00f6hk\u0259m Dizayn<\/strong><br \/>\nDamperin korpusu sinkl\u0259nmi\u015f t\u0259b\u0259q\u0259 poladdan haz\u0131rlanm\u0131\u015fd\u0131r v\u0259 hava ke\u00e7irm\u0259m\u0259si \u00fc\u00e7\u00fcn s\u0131naqdan ke\u00e7irilmi\u015f rezin conta il\u0259 t\u0259chiz edilmi\u015fdir.<\/p>\n<p><strong>Aperturan\u0131n t\u0259nziml\u0259nm\u0259si<\/strong><br \/>\nSPI laz\u0131mi t\u0259mizl\u0259m\u0259 \u00fc\u00e7\u00fcn giri\u015f qap\u0131s\u0131na ehtiyac\u0131 aradan qald\u0131raraq b\u00fct\u00fcn en k\u0259siyi a\u00e7a bil\u0259n t\u0259nziml\u0259m\u0259 diyaframa malikdir.<\/p>\n<p>M\u00fcxt\u0259lif \u00f6l\u00e7\u00fcl\u0259rd\u0259 m\u00f6vcud olan SPI hava ax\u0131n\u0131n\u0131n \u00f6l\u00e7\u00fclm\u0259si v\u0259 t\u0259nziml\u0259nm\u0259si \u00fc\u00e7\u00fcn n\u0259z\u0259rd\u0259 tutulmu\u015f iris damperidir. SPI a\u015fa\u011f\u0131 s\u0259s s\u0259viyy\u0259sin\u0259, m\u0259rk\u0259zl\u0259\u015fdirilmi\u015f \u015f\u0259kild\u0259 formala\u015fm\u0131\u015f hava ax\u0131n\u0131na v\u0259 d\u0259qiq \u00f6l\u00e7m\u0259l\u0259r \u00fc\u00e7\u00fcn sabit s\u0131naq n\u00f6qt\u0259l\u0259rin\u0259 malikdir. Cihaz h\u0259m hava t\u0259dar\u00fck\u00fc, h\u0259m d\u0259 \u00e7\u0131xar\u0131lmas\u0131 \u00fc\u00e7\u00fcn istifad\u0259 edil\u0259 bil\u0259r.<\/p>\n<p>Damper sinkl\u0259nmi\u015f poladdan haz\u0131rlanm\u0131\u015fd\u0131r v\u0259 rezin conta il\u0259 t\u0259chiz edilmi\u015fdir. Conta EN 1751-\u0259 uy\u011fun olaraq C sinifind\u0259 hava ke\u00e7irm\u0259 qabiliyy\u0259tin\u0259 g\u00f6r\u0259 s\u0131naqdan ke\u00e7irilmi\u015fdir. T\u0259nziml\u0259m\u0259 aperturas\u0131 b\u00fct\u00fcn en k\u0259siyi a\u00e7ma\u011fa imkan verir, buna g\u00f6r\u0259 d\u0259 laz\u0131mi t\u0259mizl\u0259m\u0259 \u00fc\u00e7\u00fcn giri\u015f qap\u0131s\u0131 t\u0259l\u0259b olunmur.<\/p>\n<p>SPI t\u0259nziml\u0259m\u0259 damperi hava ax\u0131n\u0131n\u0131n sapmas\u0131n\u0131 minimuma endirm\u0259k \u00fc\u00e7\u00fcn t\u0259l\u0259b olunan m\u0259saf\u0259l\u0259r\u0259 uy\u011fun olaraq qura\u015fd\u0131r\u0131lmal\u0131d\u0131r. Kanal\u0131 n\u00f6vb\u0259ti kanal \u00f6l\u00e7\u00fcs\u00fcn\u0259 q\u0259d\u0259r azaltmaq v\u0259 ya b\u00f6y\u00fctm\u0259k, sapman\u0131 minimuma endirm\u0259k \u00fc\u00e7\u00fcn he\u00e7 bir m\u00fc\u0259yy\u0259n m\u0259saf\u0259 t\u0259l\u0259b etmir. SPI b\u00fct\u00fcn n\u00f6qt\u0259l\u0259rd\u0259, o c\u00fcml\u0259d\u0259n T qov\u015faqlar\u0131na v\u0259 d\u00f6ng\u0259l\u0259rin\u0259 yax\u0131n n\u00f6qt\u0259l\u0259r v\u0259 hava kanallar\u0131 v\u0259 ya terminal cihazlar\u0131n qar\u015f\u0131s\u0131ndak\u0131 n\u00f6qt\u0259l\u0259r d\u0259 daxil olmaqla, hava ax\u0131n\u0131n\u0131n d\u0259qiq \u00f6l\u00e7\u00fclm\u0259sin\u0259 imkan verir.<\/p>\n<\/div>\n<\/div>\n<\/div>\n<\/div>\n<\/div>\n","protected":false},"excerpt":{"rendered":"<div>\n<div class=\"n4sEPd\">\n<div class=\"QFw9Te BLojaf\"><\/div>\n<\/div>\n<div class=\"QcsUad BDJ8fb BLojaf sMVRZe hCXDsb wneUed\">\n<div class=\"usGWQd\">\n<div class=\"KkbLmb\">\n<div class=\"lRu31\" dir=\"ltr\">\n<p>SPI Damperl\u0259ri<br \/>\nHava ax\u0131n\u0131n\u0131n \u00f6l\u00e7\u00fclm\u0259si v\u0259 t\u0259nziml\u0259nm\u0259si \u00fc\u00e7\u00fcn standart h\u0259cm n\u0259zar\u0259t damperi<\/p>\n<p>A\u015fa\u011f\u0131 S\u0259s S\u0259viyy\u0259si<\/p>\n<p>M\u0259rk\u0259zl\u0259\u015fdirilmi\u015f Hava ax\u0131n\u0131<\/p>\n<p>Sabit Test N\u00f6qt\u0259si<\/p>\n<p>Hava T\u0259chizat\u0131 v\u0259 \u00c7\u0131xar\u0131\u015f\u0131<\/p>\n<\/div>\n<\/div>\n<\/div>\n<\/div>\n<\/div>\n<div class=\"flex flex-col gap-200\">\n<div class=\"flex flex-col flex-wrap gap-100 md:flex-row md:items-center gtm-purchase-option\" data-gtm-name=\"size\" data-gtm-label=\"Size\">\n<p><label class=\"flex gap-050 md:w-700 leading-none hyphens-auto print:w-full print:max-w-2\/5 text-label-small\">Size<\/label><\/p>\n<div class=\"flex flex-1 flex-wrap gap-050\"><button class=\"select-btn select-btn-small select-btn-selected gtm-purchase-option-value\" type=\"button\" data-gtm-name=\"80\" data-gtm-label=\"80\">80<\/button><button class=\"select-btn select-btn-small select-btn-default gtm-purchase-option-value\" type=\"button\" data-gtm-name=\"100\" data-gtm-label=\"100\">100<\/button><button class=\"select-btn select-btn-small select-btn-default gtm-purchase-option-value\" type=\"button\" data-gtm-name=\"125\" data-gtm-label=\"125\">125<\/button><button class=\"select-btn select-btn-small select-btn-default gtm-purchase-option-value\" type=\"button\" data-gtm-name=\"150\" data-gtm-label=\"150\">150<\/button><button class=\"select-btn select-btn-small select-btn-default gtm-purchase-option-value\" type=\"button\" data-gtm-name=\"160\" data-gtm-label=\"160\">160<\/button><button class=\"select-btn select-btn-small select-btn-default gtm-purchase-option-value\" type=\"button\" data-gtm-name=\"200\" data-gtm-label=\"200\">200<\/button><button class=\"select-btn select-btn-small select-btn-default gtm-purchase-option-value\" type=\"button\" data-gtm-name=\"250\" data-gtm-label=\"250\">250<\/button><button class=\"select-btn select-btn-small select-btn-default gtm-purchase-option-value\" type=\"button\" data-gtm-name=\"300\" data-gtm-label=\"300\">300<\/button><button class=\"select-btn select-btn-small select-btn-default gtm-purchase-option-value\" type=\"button\" data-gtm-name=\"315\" data-gtm-label=\"315\">315<\/button><button class=\"select-btn select-btn-small select-btn-default gtm-purchase-option-value\" type=\"button\" data-gtm-name=\"400\" data-gtm-label=\"400\">400<\/button><button class=\"select-btn select-btn-small select-btn-default gtm-purchase-option-value\" type=\"button\" data-gtm-name=\"500\" data-gtm-label=\"500\">500<\/button><button class=\"select-btn select-btn-small select-btn-default gtm-purchase-option-value\" type=\"button\" data-gtm-name=\"630\" data-gtm-label=\"630\">630<\/button><button class=\"select-btn select-btn-small select-btn-default gtm-purchase-option-value\" type=\"button\" data-gtm-name=\"800\" data-gtm-label=\"800\">800<\/button><\/div>\n<\/div>\n<\/div>\n<div class=\"gtm-sku-info flex flex-col gap-y-050 text-label-tiny text-neutral-600\">\n<div class=\"flex flex-wrap items-baseline gap-x-100 gap-y-025\"><span class=\"gtm-article-name\">SPI-080 C Iris damper<\/span><span class=\"whitespace-nowrap gtm-article-number text-base font-bold\">#7621<\/span><\/div>\n<\/div>\n","protected":false},"featured_media":37284,"template":"","meta":[],"product_brand":[],"product_cat":[1982,1867,1843],"product_tag":[],"class_list":{"0":"post-37289","1":"product","2":"type-product","3":"status-publish","4":"has-post-thumbnail","6":"product_cat-dampers-az","7":"product_cat-hava-hcmin-nzart","8":"product_cat-hava-paylayici-mhsullar","10":"first","11":"instock","12":"shipping-taxable","13":"product-type-simple"},"yoast_head":"<!-- This site is optimized with the Yoast SEO plugin v27.1.1 - https:\/\/yoast.com\/product\/yoast-seo-wordpress\/ -->\n<title>SPI Damperl\u0259ri Hava ax\u0131n\u0131n\u0131n \u00f6l\u00e7\u00fclm\u0259si v\u0259 t\u0259nziml\u0259nm\u0259si \u00fc\u00e7\u00fcn standart h\u0259cm n\u0259zar\u0259t damperi - GeoClimate.ge<\/title>\n<meta name=\"robots\" content=\"index, follow, max-snippet:-1, max-image-preview:large, max-video-preview:-1\" \/>\n<link rel=\"canonical\" href=\"https:\/\/geoclimate.ge\/az\/product\/spi-dampers-standard-volume-control-damper-for-measurement-and-adjustment-of-the-airflow\/\" \/>\n<meta property=\"og:locale\" content=\"az_AZ\" \/>\n<meta property=\"og:type\" content=\"article\" \/>\n<meta property=\"og:title\" content=\"SPI Damperl\u0259ri Hava ax\u0131n\u0131n\u0131n \u00f6l\u00e7\u00fclm\u0259si v\u0259 t\u0259nziml\u0259nm\u0259si \u00fc\u00e7\u00fcn standart h\u0259cm n\u0259zar\u0259t damperi - GeoClimate.ge\" \/>\n<meta property=\"og:description\" content=\"SPI Damperl\u0259ri Hava ax\u0131n\u0131n\u0131n \u00f6l\u00e7\u00fclm\u0259si v\u0259 t\u0259nziml\u0259nm\u0259si \u00fc\u00e7\u00fcn standart h\u0259cm n\u0259zar\u0259t damperi  A\u015fa\u011f\u0131 S\u0259s S\u0259viyy\u0259si  M\u0259rk\u0259zl\u0259\u015fdirilmi\u015f Hava ax\u0131n\u0131  Sabit Test N\u00f6qt\u0259si  Hava T\u0259chizat\u0131 v\u0259 \u00c7\u0131xar\u0131\u015f\u0131          Size 80100125150160200250300315400500630800    SPI-080 C Iris damper#7621\" \/>\n<meta property=\"og:url\" content=\"https:\/\/geoclimate.ge\/az\/product\/spi-dampers-standard-volume-control-damper-for-measurement-and-adjustment-of-the-airflow\/\" \/>\n<meta property=\"og:site_name\" content=\"GeoClimate.ge\" \/>\n<meta property=\"article:modified_time\" content=\"2025-09-07T18:06:54+00:00\" \/>\n<meta property=\"og:image\" content=\"https:\/\/geoclimate.ge\/wp-content\/uploads\/2025\/09\/PRODUCT-MAIN-IMAGE_SPI.jpg\" \/>\n\t<meta property=\"og:image:width\" content=\"384\" \/>\n\t<meta property=\"og:image:height\" content=\"210\" \/>\n\t<meta property=\"og:image:type\" content=\"image\/jpeg\" \/>\n<meta name=\"twitter:card\" content=\"summary_large_image\" \/>\n<meta name=\"twitter:label1\" content=\"Est. reading time\" \/>\n\t<meta name=\"twitter:data1\" content=\"2 minutes\" \/>\n<script type=\"application\/ld+json\" class=\"yoast-schema-graph\">{\"@context\":\"https:\/\/schema.org\",\"@graph\":[{\"@type\":\"WebPage\",\"@id\":\"https:\/\/geoclimate.ge\/az\/product\/spi-dampers-standard-volume-control-damper-for-measurement-and-adjustment-of-the-airflow\/\",\"url\":\"https:\/\/geoclimate.ge\/az\/product\/spi-dampers-standard-volume-control-damper-for-measurement-and-adjustment-of-the-airflow\/\",\"name\":\"SPI Damperl\u0259ri Hava ax\u0131n\u0131n\u0131n \u00f6l\u00e7\u00fclm\u0259si v\u0259 t\u0259nziml\u0259nm\u0259si \u00fc\u00e7\u00fcn standart h\u0259cm n\u0259zar\u0259t damperi - GeoClimate.ge\",\"isPartOf\":{\"@id\":\"https:\/\/geoclimate.ge\/#website\"},\"primaryImageOfPage\":{\"@id\":\"https:\/\/geoclimate.ge\/az\/product\/spi-dampers-standard-volume-control-damper-for-measurement-and-adjustment-of-the-airflow\/#primaryimage\"},\"image\":{\"@id\":\"https:\/\/geoclimate.ge\/az\/product\/spi-dampers-standard-volume-control-damper-for-measurement-and-adjustment-of-the-airflow\/#primaryimage\"},\"thumbnailUrl\":\"https:\/\/geoclimate.ge\/wp-content\/uploads\/2025\/09\/PRODUCT-MAIN-IMAGE_SPI.jpg\",\"datePublished\":\"2025-09-07T18:02:11+00:00\",\"dateModified\":\"2025-09-07T18:06:54+00:00\",\"breadcrumb\":{\"@id\":\"https:\/\/geoclimate.ge\/az\/product\/spi-dampers-standard-volume-control-damper-for-measurement-and-adjustment-of-the-airflow\/#breadcrumb\"},\"inLanguage\":\"az\",\"potentialAction\":[{\"@type\":\"ReadAction\",\"target\":[\"https:\/\/geoclimate.ge\/az\/product\/spi-dampers-standard-volume-control-damper-for-measurement-and-adjustment-of-the-airflow\/\"]}]},{\"@type\":\"ImageObject\",\"inLanguage\":\"az\",\"@id\":\"https:\/\/geoclimate.ge\/az\/product\/spi-dampers-standard-volume-control-damper-for-measurement-and-adjustment-of-the-airflow\/#primaryimage\",\"url\":\"https:\/\/geoclimate.ge\/wp-content\/uploads\/2025\/09\/PRODUCT-MAIN-IMAGE_SPI.jpg\",\"contentUrl\":\"https:\/\/geoclimate.ge\/wp-content\/uploads\/2025\/09\/PRODUCT-MAIN-IMAGE_SPI.jpg\",\"width\":384,\"height\":210},{\"@type\":\"BreadcrumbList\",\"@id\":\"https:\/\/geoclimate.ge\/az\/product\/spi-dampers-standard-volume-control-damper-for-measurement-and-adjustment-of-the-airflow\/#breadcrumb\",\"itemListElement\":[{\"@type\":\"ListItem\",\"position\":1,\"name\":\"Home\",\"item\":\"https:\/\/geoclimate.ge\/az\/\"},{\"@type\":\"ListItem\",\"position\":2,\"name\":\"M\u0259hsullar\",\"item\":\"https:\/\/geoclimate.ge\/az\/products\/\"},{\"@type\":\"ListItem\",\"position\":3,\"name\":\"SPI Damperl\u0259ri Hava ax\u0131n\u0131n\u0131n \u00f6l\u00e7\u00fclm\u0259si v\u0259 t\u0259nziml\u0259nm\u0259si \u00fc\u00e7\u00fcn standart h\u0259cm n\u0259zar\u0259t damperi\"}]},{\"@type\":\"WebSite\",\"@id\":\"https:\/\/geoclimate.ge\/#website\",\"url\":\"https:\/\/geoclimate.ge\/\",\"name\":\"GeoClimate\",\"description\":\"\",\"publisher\":{\"@id\":\"https:\/\/geoclimate.ge\/#organization\"},\"potentialAction\":[{\"@type\":\"SearchAction\",\"target\":{\"@type\":\"EntryPoint\",\"urlTemplate\":\"https:\/\/geoclimate.ge\/?s={search_term_string}\"},\"query-input\":{\"@type\":\"PropertyValueSpecification\",\"valueRequired\":true,\"valueName\":\"search_term_string\"}}],\"inLanguage\":\"az\"},{\"@type\":\"Organization\",\"@id\":\"https:\/\/geoclimate.ge\/#organization\",\"name\":\"GeoClimate\",\"url\":\"https:\/\/geoclimate.ge\/\",\"logo\":{\"@type\":\"ImageObject\",\"inLanguage\":\"az\",\"@id\":\"https:\/\/geoclimate.ge\/#\/schema\/logo\/image\/\",\"url\":\"https:\/\/geoclimate.ge\/wp-content\/uploads\/2026\/03\/geoclimate-SEO.png\",\"contentUrl\":\"https:\/\/geoclimate.ge\/wp-content\/uploads\/2026\/03\/geoclimate-SEO.png\",\"width\":1536,\"height\":1024,\"caption\":\"GeoClimate\"},\"image\":{\"@id\":\"https:\/\/geoclimate.ge\/#\/schema\/logo\/image\/\"}}]}<\/script>\n<!-- \/ Yoast SEO plugin. -->","yoast_head_json":{"title":"SPI Damperl\u0259ri Hava ax\u0131n\u0131n\u0131n \u00f6l\u00e7\u00fclm\u0259si v\u0259 t\u0259nziml\u0259nm\u0259si \u00fc\u00e7\u00fcn standart h\u0259cm n\u0259zar\u0259t damperi - GeoClimate.ge","robots":{"index":"index","follow":"follow","max-snippet":"max-snippet:-1","max-image-preview":"max-image-preview:large","max-video-preview":"max-video-preview:-1"},"canonical":"https:\/\/geoclimate.ge\/az\/product\/spi-dampers-standard-volume-control-damper-for-measurement-and-adjustment-of-the-airflow\/","og_locale":"az_AZ","og_type":"article","og_title":"SPI Damperl\u0259ri Hava ax\u0131n\u0131n\u0131n \u00f6l\u00e7\u00fclm\u0259si v\u0259 t\u0259nziml\u0259nm\u0259si \u00fc\u00e7\u00fcn standart h\u0259cm n\u0259zar\u0259t damperi - GeoClimate.ge","og_description":"SPI Damperl\u0259ri Hava ax\u0131n\u0131n\u0131n \u00f6l\u00e7\u00fclm\u0259si v\u0259 t\u0259nziml\u0259nm\u0259si \u00fc\u00e7\u00fcn standart h\u0259cm n\u0259zar\u0259t damperi  A\u015fa\u011f\u0131 S\u0259s S\u0259viyy\u0259si  M\u0259rk\u0259zl\u0259\u015fdirilmi\u015f Hava ax\u0131n\u0131  Sabit Test N\u00f6qt\u0259si  Hava T\u0259chizat\u0131 v\u0259 \u00c7\u0131xar\u0131\u015f\u0131          Size 80100125150160200250300315400500630800    SPI-080 C Iris damper#7621","og_url":"https:\/\/geoclimate.ge\/az\/product\/spi-dampers-standard-volume-control-damper-for-measurement-and-adjustment-of-the-airflow\/","og_site_name":"GeoClimate.ge","article_modified_time":"2025-09-07T18:06:54+00:00","og_image":[{"width":384,"height":210,"url":"https:\/\/geoclimate.ge\/wp-content\/uploads\/2025\/09\/PRODUCT-MAIN-IMAGE_SPI.jpg","type":"image\/jpeg"}],"twitter_card":"summary_large_image","twitter_misc":{"Est. reading time":"2 minutes"},"schema":{"@context":"https:\/\/schema.org","@graph":[{"@type":"WebPage","@id":"https:\/\/geoclimate.ge\/az\/product\/spi-dampers-standard-volume-control-damper-for-measurement-and-adjustment-of-the-airflow\/","url":"https:\/\/geoclimate.ge\/az\/product\/spi-dampers-standard-volume-control-damper-for-measurement-and-adjustment-of-the-airflow\/","name":"SPI Damperl\u0259ri Hava ax\u0131n\u0131n\u0131n \u00f6l\u00e7\u00fclm\u0259si v\u0259 t\u0259nziml\u0259nm\u0259si \u00fc\u00e7\u00fcn standart h\u0259cm n\u0259zar\u0259t damperi - GeoClimate.ge","isPartOf":{"@id":"https:\/\/geoclimate.ge\/#website"},"primaryImageOfPage":{"@id":"https:\/\/geoclimate.ge\/az\/product\/spi-dampers-standard-volume-control-damper-for-measurement-and-adjustment-of-the-airflow\/#primaryimage"},"image":{"@id":"https:\/\/geoclimate.ge\/az\/product\/spi-dampers-standard-volume-control-damper-for-measurement-and-adjustment-of-the-airflow\/#primaryimage"},"thumbnailUrl":"https:\/\/geoclimate.ge\/wp-content\/uploads\/2025\/09\/PRODUCT-MAIN-IMAGE_SPI.jpg","datePublished":"2025-09-07T18:02:11+00:00","dateModified":"2025-09-07T18:06:54+00:00","breadcrumb":{"@id":"https:\/\/geoclimate.ge\/az\/product\/spi-dampers-standard-volume-control-damper-for-measurement-and-adjustment-of-the-airflow\/#breadcrumb"},"inLanguage":"az","potentialAction":[{"@type":"ReadAction","target":["https:\/\/geoclimate.ge\/az\/product\/spi-dampers-standard-volume-control-damper-for-measurement-and-adjustment-of-the-airflow\/"]}]},{"@type":"ImageObject","inLanguage":"az","@id":"https:\/\/geoclimate.ge\/az\/product\/spi-dampers-standard-volume-control-damper-for-measurement-and-adjustment-of-the-airflow\/#primaryimage","url":"https:\/\/geoclimate.ge\/wp-content\/uploads\/2025\/09\/PRODUCT-MAIN-IMAGE_SPI.jpg","contentUrl":"https:\/\/geoclimate.ge\/wp-content\/uploads\/2025\/09\/PRODUCT-MAIN-IMAGE_SPI.jpg","width":384,"height":210},{"@type":"BreadcrumbList","@id":"https:\/\/geoclimate.ge\/az\/product\/spi-dampers-standard-volume-control-damper-for-measurement-and-adjustment-of-the-airflow\/#breadcrumb","itemListElement":[{"@type":"ListItem","position":1,"name":"Home","item":"https:\/\/geoclimate.ge\/az\/"},{"@type":"ListItem","position":2,"name":"M\u0259hsullar","item":"https:\/\/geoclimate.ge\/az\/products\/"},{"@type":"ListItem","position":3,"name":"SPI Damperl\u0259ri Hava ax\u0131n\u0131n\u0131n \u00f6l\u00e7\u00fclm\u0259si v\u0259 t\u0259nziml\u0259nm\u0259si \u00fc\u00e7\u00fcn standart h\u0259cm n\u0259zar\u0259t damperi"}]},{"@type":"WebSite","@id":"https:\/\/geoclimate.ge\/#website","url":"https:\/\/geoclimate.ge\/","name":"GeoClimate","description":"","publisher":{"@id":"https:\/\/geoclimate.ge\/#organization"},"potentialAction":[{"@type":"SearchAction","target":{"@type":"EntryPoint","urlTemplate":"https:\/\/geoclimate.ge\/?s={search_term_string}"},"query-input":{"@type":"PropertyValueSpecification","valueRequired":true,"valueName":"search_term_string"}}],"inLanguage":"az"},{"@type":"Organization","@id":"https:\/\/geoclimate.ge\/#organization","name":"GeoClimate","url":"https:\/\/geoclimate.ge\/","logo":{"@type":"ImageObject","inLanguage":"az","@id":"https:\/\/geoclimate.ge\/#\/schema\/logo\/image\/","url":"https:\/\/geoclimate.ge\/wp-content\/uploads\/2026\/03\/geoclimate-SEO.png","contentUrl":"https:\/\/geoclimate.ge\/wp-content\/uploads\/2026\/03\/geoclimate-SEO.png","width":1536,"height":1024,"caption":"GeoClimate"},"image":{"@id":"https:\/\/geoclimate.ge\/#\/schema\/logo\/image\/"}}]}},"_links":{"self":[{"href":"https:\/\/geoclimate.ge\/az\/wp-json\/wp\/v2\/product\/37289","targetHints":{"allow":["GET"]}}],"collection":[{"href":"https:\/\/geoclimate.ge\/az\/wp-json\/wp\/v2\/product"}],"about":[{"href":"https:\/\/geoclimate.ge\/az\/wp-json\/wp\/v2\/types\/product"}],"wp:featuredmedia":[{"embeddable":true,"href":"https:\/\/geoclimate.ge\/az\/wp-json\/wp\/v2\/media\/37284"}],"wp:attachment":[{"href":"https:\/\/geoclimate.ge\/az\/wp-json\/wp\/v2\/media?parent=37289"}],"wp:term":[{"taxonomy":"product_brand","embeddable":true,"href":"https:\/\/geoclimate.ge\/az\/wp-json\/wp\/v2\/product_brand?post=37289"},{"taxonomy":"product_cat","embeddable":true,"href":"https:\/\/geoclimate.ge\/az\/wp-json\/wp\/v2\/product_cat?post=37289"},{"taxonomy":"product_tag","embeddable":true,"href":"https:\/\/geoclimate.ge\/az\/wp-json\/wp\/v2\/product_tag?post=37289"}],"curies":[{"name":"wp","href":"https:\/\/api.w.org\/{rel}","templated":true}]}}