{"id":37315,"date":"2025-09-07T22:11:13","date_gmt":"2025-09-07T18:11:13","guid":{"rendered":"https:\/\/airsystems.ge\/shop\/product\/rk-rkt-dampers-control-dampers-to-manage-effective-airflow-adjustments-for-rectangular-ducts\/"},"modified":"2025-09-07T22:15:18","modified_gmt":"2025-09-07T18:15:18","slug":"rk-rkt-dampers-control-dampers-to-manage-effective-airflow-adjustments-for-rectangular-ducts","status":"publish","type":"product","link":"https:\/\/geoclimate.ge\/az\/product\/rk-rkt-dampers-control-dampers-to-manage-effective-airflow-adjustments-for-rectangular-ducts\/","title":{"rendered":"RK &#038; RKT Damperl\u0259r D\u00fczbucaql\u0131 kanallar \u00fc\u00e7\u00fcn effektiv hava ax\u0131n\u0131 t\u0259nziml\u0259m\u0259l\u0259rini idar\u0259 etm\u0259k \u00fc\u00e7\u00fcn damperl\u0259r\u0259 n\u0259zar\u0259t edin"},"content":{"rendered":"<div class=\"mb-400 gtm-product-section container-fluid\" data-gtm-name=\"Benefits\" data-gtm-label=\"Benefits (en)\" data-gtm-vis-first-on-screen53434917_103=\"38832\" data-gtm-vis-total-visible-time53434917_103=\"1500\" data-gtm-vis-has-fired53434917_103=\"1\">\n<div class=\"row\">\n<div class=\"content-element content-element-product-benefit col-12 sm:col-6 mb-400\">\n<div class=\"bg-card px-300 py-250 mobile-nav:px-200 mobile-nav:py-150 h-full flex overflow-hidden card-border\">\n<div class=\"min-w-0\">\n<p><strong>D\u00fczbucaql\u0131 kanallar<\/strong><br \/>\nRK v\u0259 RKT idar\u0259etm\u0259 amortizatorlar\u0131 x\u00fcsusi olaraq d\u00fczbucaql\u0131 kanallar \u00fc\u00e7\u00fcn n\u0259z\u0259rd\u0259 tutulmu\u015fdur.<\/p>\n<p>&nbsp;<\/p>\n<p><strong>Manual v\u0259 ya Aktuator Versiya<\/strong><br \/>\nAmortizatorlar mexaniki versiyada t\u0259nziml\u0259m\u0259 tutaca\u011f\u0131 il\u0259 v\u0259 ya \u00f6t\u00fcr\u00fcc\u00fcn\u00fcn b\u0259rkidilm\u0259si \u00fc\u00e7\u00fcn haz\u0131rl\u0131qla t\u0259chiz oluna bil\u0259r.<\/p>\n<p>&nbsp;<\/p>\n<p><strong>B\u0131\u00e7aq S\u0131xl\u0131\u011f\u0131<\/strong><br \/>\nRK-nin b\u0131\u00e7aq s\u0131zd\u0131rmazl\u0131\u011f\u0131 sinfi 1, RKT-nin is\u0259 2-ci b\u0131\u00e7aq s\u0131zd\u0131rmazl\u0131\u011f\u0131 sinifi var. Onlar EN 1751-\u0259 uy\u011fun olaraq s\u0131naqdan ke\u00e7irilib.<\/p>\n<p>&nbsp;<\/p>\n<p>RK v\u0259 RKT d\u00fczbucaql\u0131 kanallarla istifad\u0259 \u00fc\u00e7\u00fcn n\u0259z\u0259rd\u0259 tutulmu\u015f idar\u0259etm\u0259 amortizatorlar\u0131d\u0131r. RK-nin b\u0131\u00e7aq s\u0131zd\u0131rmazl\u0131\u011f\u0131 sinfi 1, RKT-nin is\u0259 b\u0131\u00e7aq s\u0131zd\u0131rmazl\u0131\u011f\u0131 sinfi 2-dir. Onlar EN 1751-\u0259 uy\u011fun olaraq s\u0131naqdan ke\u00e7irilmi\u015fdir. B\u00f6lm\u0259l\u0259r hava ax\u0131n\u0131n\u0131n t\u0259nziml\u0259nm\u0259si \u00fc\u00e7\u00fcn n\u0259zar\u0259t amortizatorlar\u0131 kimi istifad\u0259 edil\u0259 bil\u0259r. RKT daha a\u015fa\u011f\u0131 s\u0131zd\u0131rmazl\u0131q t\u0259l\u0259bl\u0259ri zaman\u0131 ba\u011flama damperi kimi \u00e7\u0131x\u0131\u015f edir. \u018fm\u0259liyyat \u00fc\u00e7\u00fcn t\u00f6vsiy\u0259 olunan maksimum kanal t\u0259zyiqi 1000 Pa-d\u0131r.<\/p>\n<p>RK v\u0259 RKT qur\u011fular\u0131 al\u00fcminium profil \u00e7\u0259r\u00e7iv\u0259si v\u0259 \u00e7oxsayl\u0131 al\u00fcminium profil b\u0131\u00e7aqlar\u0131 il\u0259 haz\u0131rlan\u0131r. Amortizatorlar manuel versiyada, m\u00f6vqe tutma boltu il\u0259 t\u0259nziml\u0259n\u0259n tutacaqla t\u0259chiz edil\u0259 bil\u0259r. \u00d6t\u00fcr\u00fcc\u00fc haz\u0131rl\u0131\u011f\u0131 12 mm x 12 mm \u015fafta malikdir. RK v\u0259 RKT standart flan\u015fla kanal sistemin\u0259 qura\u015fd\u0131r\u0131lm\u0131\u015fd\u0131r. Qura\u015fd\u0131r\u0131c\u0131 b\u00fct\u00fcn m\u00fcvafiq fiksasiya boltlar, qoz-f\u0131nd\u0131q, klipl\u0259r v\u0259 contalar ver\u0259c\u0259kdir.<\/p>\n<p>Damper dig\u0259r strukturlardan h\u0259r hans\u0131 mexaniki y\u00fck da\u015f\u0131yark\u0259n qura\u015fd\u0131r\u0131la bilm\u0259z. RKT amortizatorlar\u0131nda b\u0131\u00e7aqlar qapal\u0131 v\u0259ziyy\u0259td\u0259 s\u0131zman\u0131 azaldan rezin contalarla t\u0259chiz edilmi\u015fdir. B\u0131\u00e7aq baltas\u0131, b\u0131\u00e7aqlar\u0131n \u0259ks yerl\u0259\u015fdirilm\u0259si \u00fc\u00e7\u00fcn di\u015fli di\u015fli (ki\u00e7ik \u00f6l\u00e7\u00fcl\u0259r \u00fc\u00e7\u00fcn) v\u0259 ya \u00e7ubuq di\u015flisi (b\u00f6y\u00fck \u00f6l\u00e7\u00fcl\u0259r \u00fc\u00e7\u00fcn) il\u0259 birl\u0259\u015fdiril\u0259n \u00f6z\u00fcn\u00fc ya\u011flayan pod\u015fipnikl\u0259rd\u0259 oturur. Bu seriyada dig\u0259r \u00f6l\u00e7\u00fcl\u0259r m\u00f6vcuddur.<\/p>\n<\/div>\n<\/div>\n<\/div>\n<\/div>\n<\/div>\n","protected":false},"excerpt":{"rendered":"<div class=\"row\">\n<div class=\"col-12 text-style-body-small\">\n<div class=\"richtext-wrap reset-margin-last\">\n<p>&nbsp;<\/p>\n<p>RK &amp; RKT Damperl\u0259r<br \/>\nD\u00fczbucaql\u0131 kanallar \u00fc\u00e7\u00fcn effektiv hava ax\u0131n\u0131 t\u0259nziml\u0259m\u0259l\u0259rini idar\u0259 etm\u0259k \u00fc\u00e7\u00fcn damperl\u0259r\u0259 n\u0259zar\u0259t edin<\/p>\n<p>Asan Qura\u015fd\u0131rma<\/p>\n<p>Effektiv hava ax\u0131n\u0131n\u0131n t\u0259nziml\u0259nm\u0259si<\/p>\n<p>Al\u00fcminium profil \u00e7\u0259r\u00e7iv\u0259si<\/p>\n<p>M\u00f6hk\u0259m Dizayn<\/p>\n<p>Robust Design<\/p>\n<p>&nbsp;<\/p>\n<\/div>\n<\/div>\n<\/div>\n<div class=\"flex flex-col gap-200\">\n<div class=\"flex flex-col flex-wrap gap-100 md:flex-row md:items-center gtm-purchase-option\" data-gtm-name=\"type\" data-gtm-label=\"Type\">\n<p><label class=\"flex gap-050 md:w-700 leading-none hyphens-auto print:w-full print:max-w-2\/5 text-label-small\">Type<\/label><\/p>\n<div class=\"flex flex-1 flex-wrap gap-050\">\n<div class=\"dropdown-wrapper dropdown-wrapper-small w-full gtm-purchase-option-value gtm-purchase-option-value-dropdown\"><select class=\"form-dropdown form-input form-dropdown-small\"><option value=\"0\" data-gtm-name=\"Non-Tight Regulating Damper\" data-gtm-label=\"Non-Tight Regulating Damper\">Non-Tight Regulating Damper<\/option><option value=\"1\" data-gtm-name=\"Tight Regulating Damper\" data-gtm-label=\"Tight Regulating Damper\">Tight Regulating Damper<\/option><\/select><\/div>\n<\/div>\n<\/div>\n<div class=\"flex flex-col flex-wrap gap-100 md:flex-row md:items-center gtm-purchase-option\" data-gtm-name=\"width\" data-gtm-label=\"Width\">\n<p><label class=\"flex gap-050 md:w-700 leading-none hyphens-auto print:w-full print:max-w-2\/5 text-label-small\">Width<\/label><\/p>\n<div class=\"flex flex-1 flex-wrap gap-050\">\n<div class=\"dropdown-wrapper dropdown-wrapper-small w-full gtm-purchase-option-value gtm-purchase-option-value-dropdown\"><select class=\"form-dropdown form-input form-dropdown-small\"><option value=\"200\" data-gtm-name=\"200\" data-gtm-label=\"200\">200<\/option><option value=\"225\" data-gtm-name=\"225\" data-gtm-label=\"225\">225<\/option><option value=\"250\" data-gtm-name=\"250\" data-gtm-label=\"250\">250<\/option><option value=\"280\" data-gtm-name=\"280\" data-gtm-label=\"280\">280<\/option><option value=\"315\" data-gtm-name=\"315\" data-gtm-label=\"315\">315<\/option><option value=\"355\" data-gtm-name=\"355\" data-gtm-label=\"355\">355<\/option><option value=\"400\" data-gtm-name=\"400\" data-gtm-label=\"400\">400<\/option><option value=\"450\" data-gtm-name=\"450\" data-gtm-label=\"450\">450<\/option><option value=\"500\" data-gtm-name=\"500\" data-gtm-label=\"500\">500<\/option><option value=\"560\" data-gtm-name=\"560\" data-gtm-label=\"560\">560<\/option><option value=\"630\" data-gtm-name=\"630\" data-gtm-label=\"630\">630<\/option><option value=\"710\" data-gtm-name=\"710\" data-gtm-label=\"710\">710<\/option><option value=\"800\" data-gtm-name=\"800\" data-gtm-label=\"800\">800<\/option><option value=\"900\" data-gtm-name=\"900\" data-gtm-label=\"900\">900<\/option><option value=\"1000\" data-gtm-name=\"1000\" data-gtm-label=\"1000\">1000<\/option><option value=\"1120\" data-gtm-name=\"1120\" data-gtm-label=\"1120\">1120<\/option><option value=\"1250\" data-gtm-name=\"1250\" data-gtm-label=\"1250\">1250<\/option><option value=\"1400\" data-gtm-name=\"1400\" data-gtm-label=\"1400\">1400<\/option><option value=\"1600\" data-gtm-name=\"1600\" data-gtm-label=\"1600\">1600<\/option><option value=\"1800\" data-gtm-name=\"1800\" data-gtm-label=\"1800\">1800<\/option><option value=\"2000\" data-gtm-name=\"2000\" data-gtm-label=\"2000\">2000<\/option><\/select><\/div>\n<\/div>\n<\/div>\n<div class=\"flex flex-col flex-wrap gap-100 md:flex-row md:items-center gtm-purchase-option\" data-gtm-name=\"height\" data-gtm-label=\"Height\">\n<p><label class=\"flex gap-050 md:w-700 leading-none hyphens-auto print:w-full print:max-w-2\/5 text-label-small\">Height<\/label><\/p>\n<div class=\"flex flex-1 flex-wrap gap-050\">\n<div class=\"dropdown-wrapper dropdown-wrapper-small w-full gtm-purchase-option-value gtm-purchase-option-value-dropdown\"><select class=\"form-dropdown form-input form-dropdown-small\"><option value=\"200\" data-gtm-name=\"200\" data-gtm-label=\"200\">200<\/option><option value=\"225\" data-gtm-name=\"225\" data-gtm-label=\"225\">225<\/option><option value=\"250\" data-gtm-name=\"250\" data-gtm-label=\"250\">250<\/option><option value=\"280\" data-gtm-name=\"280\" data-gtm-label=\"280\">280<\/option><option value=\"315\" data-gtm-name=\"315\" data-gtm-label=\"315\">315<\/option><option value=\"355\" data-gtm-name=\"355\" data-gtm-label=\"355\">355<\/option><option value=\"400\" data-gtm-name=\"400\" data-gtm-label=\"400\">400<\/option><option value=\"450\" data-gtm-name=\"450\" data-gtm-label=\"450\">450<\/option><option value=\"500\" data-gtm-name=\"500\" data-gtm-label=\"500\">500<\/option><option value=\"560\" data-gtm-name=\"560\" data-gtm-label=\"560\">560<\/option><option value=\"630\" data-gtm-name=\"630\" data-gtm-label=\"630\">630<\/option><option value=\"710\" data-gtm-name=\"710\" data-gtm-label=\"710\">710<\/option><option value=\"800\" data-gtm-name=\"800\" data-gtm-label=\"800\">800<\/option><option value=\"900\" data-gtm-name=\"900\" data-gtm-label=\"900\">900<\/option><option value=\"1000\" data-gtm-name=\"1000\" data-gtm-label=\"1000\">1000<\/option><option value=\"1120\" data-gtm-name=\"1120\" data-gtm-label=\"1120\">1120<\/option><option value=\"1250\" data-gtm-name=\"1250\" data-gtm-label=\"1250\">1250<\/option><option value=\"1400\" data-gtm-name=\"1400\" data-gtm-label=\"1400\">1400<\/option><option value=\"1600\" data-gtm-name=\"1600\" data-gtm-label=\"1600\">1600<\/option><option value=\"1800\" data-gtm-name=\"1800\" data-gtm-label=\"1800\">1800<\/option><option value=\"2000\" data-gtm-name=\"2000\" data-gtm-label=\"2000\">2000<\/option><\/select><\/div>\n<\/div>\n<\/div>\n<div class=\"flex flex-col flex-wrap gap-100 md:flex-row md:items-center gtm-purchase-option\" data-gtm-name=\"type_of_operation\" data-gtm-label=\"Type of actualtion\">\n<p><label class=\"flex gap-050 md:w-700 leading-none hyphens-auto print:w-full print:max-w-2\/5 text-label-small\">Type of actualtion<\/label><\/p>\n<div class=\"flex flex-1 flex-wrap gap-050\"><button class=\"select-btn select-btn-small select-btn-selected gtm-purchase-option-value\" type=\"button\" data-gtm-name=\"Manual\" data-gtm-label=\"Manual\">Manual<\/button><button class=\"select-btn select-btn-small select-btn-default gtm-purchase-option-value\" type=\"button\" data-gtm-name=\"Preparation for actuator\" data-gtm-label=\"Preparation for actuator\">Preparation for actuator<\/button><\/div>\n<\/div>\n<\/div>\n<div class=\"gtm-sku-info flex flex-col gap-y-050 text-label-tiny text-neutral-600\">\n<div class=\"flex flex-wrap items-baseline gap-x-100 gap-y-025\"><span class=\"gtm-article-name\">RK-200&#215;200-R<\/span><span class=\"whitespace-nowrap gtm-article-number text-base font-bold\">#41604<\/span><\/div>\n<\/div>\n","protected":false},"featured_media":37298,"template":"","meta":[],"product_brand":[],"product_cat":[1982,1867,1843],"product_tag":[],"class_list":{"0":"post-37315","1":"product","2":"type-product","3":"status-publish","4":"has-post-thumbnail","6":"product_cat-dampers-az","7":"product_cat-hava-hcmin-nzart","8":"product_cat-hava-paylayici-mhsullar","10":"first","11":"instock","12":"shipping-taxable","13":"product-type-simple"},"yoast_head":"<!-- This site is optimized with the Yoast SEO plugin v27.1.1 - https:\/\/yoast.com\/product\/yoast-seo-wordpress\/ -->\n<title>RK &amp; RKT Damperl\u0259r D\u00fczbucaql\u0131 kanallar \u00fc\u00e7\u00fcn effektiv hava ax\u0131n\u0131 t\u0259nziml\u0259m\u0259l\u0259rini idar\u0259 etm\u0259k \u00fc\u00e7\u00fcn damperl\u0259r\u0259 n\u0259zar\u0259t edin - GeoClimate.ge<\/title>\n<meta name=\"robots\" content=\"index, follow, max-snippet:-1, max-image-preview:large, max-video-preview:-1\" \/>\n<link rel=\"canonical\" href=\"https:\/\/geoclimate.ge\/az\/product\/rk-rkt-dampers-control-dampers-to-manage-effective-airflow-adjustments-for-rectangular-ducts\/\" \/>\n<meta property=\"og:locale\" content=\"az_AZ\" \/>\n<meta property=\"og:type\" content=\"article\" \/>\n<meta property=\"og:title\" content=\"RK &amp; RKT Damperl\u0259r D\u00fczbucaql\u0131 kanallar \u00fc\u00e7\u00fcn effektiv hava ax\u0131n\u0131 t\u0259nziml\u0259m\u0259l\u0259rini idar\u0259 etm\u0259k \u00fc\u00e7\u00fcn damperl\u0259r\u0259 n\u0259zar\u0259t edin - GeoClimate.ge\" \/>\n<meta property=\"og:description\" content=\"&nbsp;  RK &amp; RKT Damperl\u0259r D\u00fczbucaql\u0131 kanallar \u00fc\u00e7\u00fcn effektiv hava ax\u0131n\u0131 t\u0259nziml\u0259m\u0259l\u0259rini idar\u0259 etm\u0259k \u00fc\u00e7\u00fcn damperl\u0259r\u0259 n\u0259zar\u0259t edin  Asan Qura\u015fd\u0131rma  Effektiv hava ax\u0131n\u0131n\u0131n t\u0259nziml\u0259nm\u0259si  Al\u00fcminium profil \u00e7\u0259r\u00e7iv\u0259si  M\u00f6hk\u0259m Dizayn  Robust Design  &nbsp;        Type   Non-Tight Regulating Damper Tight Regulating Damper      Width   200 225 250 280 315 355 400 450 500 560 630 710 800 900 1000 1120 1250 1400 1600 1800 2000      Height   200 225 250 280 315 355 400 450 500 560 630 710 800 900 1000 1120 1250 1400 1600 1800 2000      Type of actualtion ManualPreparation for actuator    RK-200x200-R#41604\" \/>\n<meta property=\"og:url\" content=\"https:\/\/geoclimate.ge\/az\/product\/rk-rkt-dampers-control-dampers-to-manage-effective-airflow-adjustments-for-rectangular-ducts\/\" \/>\n<meta property=\"og:site_name\" content=\"GeoClimate.ge\" \/>\n<meta property=\"article:modified_time\" content=\"2025-09-07T18:15:18+00:00\" \/>\n<meta property=\"og:image\" content=\"https:\/\/geoclimate.ge\/wp-content\/uploads\/2025\/09\/PRODUCT-MAIN-IMAGE_RK.jpg\" \/>\n\t<meta property=\"og:image:width\" content=\"384\" \/>\n\t<meta property=\"og:image:height\" content=\"288\" \/>\n\t<meta property=\"og:image:type\" content=\"image\/jpeg\" \/>\n<meta name=\"twitter:card\" content=\"summary_large_image\" \/>\n<meta name=\"twitter:label1\" content=\"Est. reading time\" \/>\n\t<meta name=\"twitter:data1\" content=\"2 minutes\" \/>\n<script type=\"application\/ld+json\" class=\"yoast-schema-graph\">{\"@context\":\"https:\/\/schema.org\",\"@graph\":[{\"@type\":\"WebPage\",\"@id\":\"https:\/\/geoclimate.ge\/az\/product\/rk-rkt-dampers-control-dampers-to-manage-effective-airflow-adjustments-for-rectangular-ducts\/\",\"url\":\"https:\/\/geoclimate.ge\/az\/product\/rk-rkt-dampers-control-dampers-to-manage-effective-airflow-adjustments-for-rectangular-ducts\/\",\"name\":\"RK & RKT Damperl\u0259r D\u00fczbucaql\u0131 kanallar \u00fc\u00e7\u00fcn effektiv hava ax\u0131n\u0131 t\u0259nziml\u0259m\u0259l\u0259rini idar\u0259 etm\u0259k \u00fc\u00e7\u00fcn damperl\u0259r\u0259 n\u0259zar\u0259t edin - GeoClimate.ge\",\"isPartOf\":{\"@id\":\"https:\/\/geoclimate.ge\/#website\"},\"primaryImageOfPage\":{\"@id\":\"https:\/\/geoclimate.ge\/az\/product\/rk-rkt-dampers-control-dampers-to-manage-effective-airflow-adjustments-for-rectangular-ducts\/#primaryimage\"},\"image\":{\"@id\":\"https:\/\/geoclimate.ge\/az\/product\/rk-rkt-dampers-control-dampers-to-manage-effective-airflow-adjustments-for-rectangular-ducts\/#primaryimage\"},\"thumbnailUrl\":\"https:\/\/geoclimate.ge\/wp-content\/uploads\/2025\/09\/PRODUCT-MAIN-IMAGE_RK.jpg\",\"datePublished\":\"2025-09-07T18:11:13+00:00\",\"dateModified\":\"2025-09-07T18:15:18+00:00\",\"breadcrumb\":{\"@id\":\"https:\/\/geoclimate.ge\/az\/product\/rk-rkt-dampers-control-dampers-to-manage-effective-airflow-adjustments-for-rectangular-ducts\/#breadcrumb\"},\"inLanguage\":\"az\",\"potentialAction\":[{\"@type\":\"ReadAction\",\"target\":[\"https:\/\/geoclimate.ge\/az\/product\/rk-rkt-dampers-control-dampers-to-manage-effective-airflow-adjustments-for-rectangular-ducts\/\"]}]},{\"@type\":\"ImageObject\",\"inLanguage\":\"az\",\"@id\":\"https:\/\/geoclimate.ge\/az\/product\/rk-rkt-dampers-control-dampers-to-manage-effective-airflow-adjustments-for-rectangular-ducts\/#primaryimage\",\"url\":\"https:\/\/geoclimate.ge\/wp-content\/uploads\/2025\/09\/PRODUCT-MAIN-IMAGE_RK.jpg\",\"contentUrl\":\"https:\/\/geoclimate.ge\/wp-content\/uploads\/2025\/09\/PRODUCT-MAIN-IMAGE_RK.jpg\",\"width\":384,\"height\":288},{\"@type\":\"BreadcrumbList\",\"@id\":\"https:\/\/geoclimate.ge\/az\/product\/rk-rkt-dampers-control-dampers-to-manage-effective-airflow-adjustments-for-rectangular-ducts\/#breadcrumb\",\"itemListElement\":[{\"@type\":\"ListItem\",\"position\":1,\"name\":\"Home\",\"item\":\"https:\/\/geoclimate.ge\/az\/\"},{\"@type\":\"ListItem\",\"position\":2,\"name\":\"M\u0259hsullar\",\"item\":\"https:\/\/geoclimate.ge\/az\/products\/\"},{\"@type\":\"ListItem\",\"position\":3,\"name\":\"RK &#038; RKT Damperl\u0259r D\u00fczbucaql\u0131 kanallar \u00fc\u00e7\u00fcn effektiv hava ax\u0131n\u0131 t\u0259nziml\u0259m\u0259l\u0259rini idar\u0259 etm\u0259k \u00fc\u00e7\u00fcn damperl\u0259r\u0259 n\u0259zar\u0259t edin\"}]},{\"@type\":\"WebSite\",\"@id\":\"https:\/\/geoclimate.ge\/#website\",\"url\":\"https:\/\/geoclimate.ge\/\",\"name\":\"GeoClimate\",\"description\":\"\",\"publisher\":{\"@id\":\"https:\/\/geoclimate.ge\/#organization\"},\"potentialAction\":[{\"@type\":\"SearchAction\",\"target\":{\"@type\":\"EntryPoint\",\"urlTemplate\":\"https:\/\/geoclimate.ge\/?s={search_term_string}\"},\"query-input\":{\"@type\":\"PropertyValueSpecification\",\"valueRequired\":true,\"valueName\":\"search_term_string\"}}],\"inLanguage\":\"az\"},{\"@type\":\"Organization\",\"@id\":\"https:\/\/geoclimate.ge\/#organization\",\"name\":\"GeoClimate\",\"url\":\"https:\/\/geoclimate.ge\/\",\"logo\":{\"@type\":\"ImageObject\",\"inLanguage\":\"az\",\"@id\":\"https:\/\/geoclimate.ge\/#\/schema\/logo\/image\/\",\"url\":\"https:\/\/geoclimate.ge\/wp-content\/uploads\/2026\/03\/geoclimate-SEO.png\",\"contentUrl\":\"https:\/\/geoclimate.ge\/wp-content\/uploads\/2026\/03\/geoclimate-SEO.png\",\"width\":1536,\"height\":1024,\"caption\":\"GeoClimate\"},\"image\":{\"@id\":\"https:\/\/geoclimate.ge\/#\/schema\/logo\/image\/\"}}]}<\/script>\n<!-- \/ Yoast SEO plugin. -->","yoast_head_json":{"title":"RK & RKT Damperl\u0259r D\u00fczbucaql\u0131 kanallar \u00fc\u00e7\u00fcn effektiv hava ax\u0131n\u0131 t\u0259nziml\u0259m\u0259l\u0259rini idar\u0259 etm\u0259k \u00fc\u00e7\u00fcn damperl\u0259r\u0259 n\u0259zar\u0259t edin - GeoClimate.ge","robots":{"index":"index","follow":"follow","max-snippet":"max-snippet:-1","max-image-preview":"max-image-preview:large","max-video-preview":"max-video-preview:-1"},"canonical":"https:\/\/geoclimate.ge\/az\/product\/rk-rkt-dampers-control-dampers-to-manage-effective-airflow-adjustments-for-rectangular-ducts\/","og_locale":"az_AZ","og_type":"article","og_title":"RK & RKT Damperl\u0259r D\u00fczbucaql\u0131 kanallar \u00fc\u00e7\u00fcn effektiv hava ax\u0131n\u0131 t\u0259nziml\u0259m\u0259l\u0259rini idar\u0259 etm\u0259k \u00fc\u00e7\u00fcn damperl\u0259r\u0259 n\u0259zar\u0259t edin - GeoClimate.ge","og_description":"&nbsp;  RK &amp; RKT Damperl\u0259r D\u00fczbucaql\u0131 kanallar \u00fc\u00e7\u00fcn effektiv hava ax\u0131n\u0131 t\u0259nziml\u0259m\u0259l\u0259rini idar\u0259 etm\u0259k \u00fc\u00e7\u00fcn damperl\u0259r\u0259 n\u0259zar\u0259t edin  Asan Qura\u015fd\u0131rma  Effektiv hava ax\u0131n\u0131n\u0131n t\u0259nziml\u0259nm\u0259si  Al\u00fcminium profil \u00e7\u0259r\u00e7iv\u0259si  M\u00f6hk\u0259m Dizayn  Robust Design  &nbsp;        Type   Non-Tight Regulating Damper Tight Regulating Damper      Width   200 225 250 280 315 355 400 450 500 560 630 710 800 900 1000 1120 1250 1400 1600 1800 2000      Height   200 225 250 280 315 355 400 450 500 560 630 710 800 900 1000 1120 1250 1400 1600 1800 2000      Type of actualtion ManualPreparation for actuator    RK-200x200-R#41604","og_url":"https:\/\/geoclimate.ge\/az\/product\/rk-rkt-dampers-control-dampers-to-manage-effective-airflow-adjustments-for-rectangular-ducts\/","og_site_name":"GeoClimate.ge","article_modified_time":"2025-09-07T18:15:18+00:00","og_image":[{"width":384,"height":288,"url":"https:\/\/geoclimate.ge\/wp-content\/uploads\/2025\/09\/PRODUCT-MAIN-IMAGE_RK.jpg","type":"image\/jpeg"}],"twitter_card":"summary_large_image","twitter_misc":{"Est. reading time":"2 minutes"},"schema":{"@context":"https:\/\/schema.org","@graph":[{"@type":"WebPage","@id":"https:\/\/geoclimate.ge\/az\/product\/rk-rkt-dampers-control-dampers-to-manage-effective-airflow-adjustments-for-rectangular-ducts\/","url":"https:\/\/geoclimate.ge\/az\/product\/rk-rkt-dampers-control-dampers-to-manage-effective-airflow-adjustments-for-rectangular-ducts\/","name":"RK & RKT Damperl\u0259r D\u00fczbucaql\u0131 kanallar \u00fc\u00e7\u00fcn effektiv hava ax\u0131n\u0131 t\u0259nziml\u0259m\u0259l\u0259rini idar\u0259 etm\u0259k \u00fc\u00e7\u00fcn damperl\u0259r\u0259 n\u0259zar\u0259t edin - GeoClimate.ge","isPartOf":{"@id":"https:\/\/geoclimate.ge\/#website"},"primaryImageOfPage":{"@id":"https:\/\/geoclimate.ge\/az\/product\/rk-rkt-dampers-control-dampers-to-manage-effective-airflow-adjustments-for-rectangular-ducts\/#primaryimage"},"image":{"@id":"https:\/\/geoclimate.ge\/az\/product\/rk-rkt-dampers-control-dampers-to-manage-effective-airflow-adjustments-for-rectangular-ducts\/#primaryimage"},"thumbnailUrl":"https:\/\/geoclimate.ge\/wp-content\/uploads\/2025\/09\/PRODUCT-MAIN-IMAGE_RK.jpg","datePublished":"2025-09-07T18:11:13+00:00","dateModified":"2025-09-07T18:15:18+00:00","breadcrumb":{"@id":"https:\/\/geoclimate.ge\/az\/product\/rk-rkt-dampers-control-dampers-to-manage-effective-airflow-adjustments-for-rectangular-ducts\/#breadcrumb"},"inLanguage":"az","potentialAction":[{"@type":"ReadAction","target":["https:\/\/geoclimate.ge\/az\/product\/rk-rkt-dampers-control-dampers-to-manage-effective-airflow-adjustments-for-rectangular-ducts\/"]}]},{"@type":"ImageObject","inLanguage":"az","@id":"https:\/\/geoclimate.ge\/az\/product\/rk-rkt-dampers-control-dampers-to-manage-effective-airflow-adjustments-for-rectangular-ducts\/#primaryimage","url":"https:\/\/geoclimate.ge\/wp-content\/uploads\/2025\/09\/PRODUCT-MAIN-IMAGE_RK.jpg","contentUrl":"https:\/\/geoclimate.ge\/wp-content\/uploads\/2025\/09\/PRODUCT-MAIN-IMAGE_RK.jpg","width":384,"height":288},{"@type":"BreadcrumbList","@id":"https:\/\/geoclimate.ge\/az\/product\/rk-rkt-dampers-control-dampers-to-manage-effective-airflow-adjustments-for-rectangular-ducts\/#breadcrumb","itemListElement":[{"@type":"ListItem","position":1,"name":"Home","item":"https:\/\/geoclimate.ge\/az\/"},{"@type":"ListItem","position":2,"name":"M\u0259hsullar","item":"https:\/\/geoclimate.ge\/az\/products\/"},{"@type":"ListItem","position":3,"name":"RK &#038; RKT Damperl\u0259r D\u00fczbucaql\u0131 kanallar \u00fc\u00e7\u00fcn effektiv hava ax\u0131n\u0131 t\u0259nziml\u0259m\u0259l\u0259rini idar\u0259 etm\u0259k \u00fc\u00e7\u00fcn damperl\u0259r\u0259 n\u0259zar\u0259t edin"}]},{"@type":"WebSite","@id":"https:\/\/geoclimate.ge\/#website","url":"https:\/\/geoclimate.ge\/","name":"GeoClimate","description":"","publisher":{"@id":"https:\/\/geoclimate.ge\/#organization"},"potentialAction":[{"@type":"SearchAction","target":{"@type":"EntryPoint","urlTemplate":"https:\/\/geoclimate.ge\/?s={search_term_string}"},"query-input":{"@type":"PropertyValueSpecification","valueRequired":true,"valueName":"search_term_string"}}],"inLanguage":"az"},{"@type":"Organization","@id":"https:\/\/geoclimate.ge\/#organization","name":"GeoClimate","url":"https:\/\/geoclimate.ge\/","logo":{"@type":"ImageObject","inLanguage":"az","@id":"https:\/\/geoclimate.ge\/#\/schema\/logo\/image\/","url":"https:\/\/geoclimate.ge\/wp-content\/uploads\/2026\/03\/geoclimate-SEO.png","contentUrl":"https:\/\/geoclimate.ge\/wp-content\/uploads\/2026\/03\/geoclimate-SEO.png","width":1536,"height":1024,"caption":"GeoClimate"},"image":{"@id":"https:\/\/geoclimate.ge\/#\/schema\/logo\/image\/"}}]}},"_links":{"self":[{"href":"https:\/\/geoclimate.ge\/az\/wp-json\/wp\/v2\/product\/37315","targetHints":{"allow":["GET"]}}],"collection":[{"href":"https:\/\/geoclimate.ge\/az\/wp-json\/wp\/v2\/product"}],"about":[{"href":"https:\/\/geoclimate.ge\/az\/wp-json\/wp\/v2\/types\/product"}],"wp:featuredmedia":[{"embeddable":true,"href":"https:\/\/geoclimate.ge\/az\/wp-json\/wp\/v2\/media\/37298"}],"wp:attachment":[{"href":"https:\/\/geoclimate.ge\/az\/wp-json\/wp\/v2\/media?parent=37315"}],"wp:term":[{"taxonomy":"product_brand","embeddable":true,"href":"https:\/\/geoclimate.ge\/az\/wp-json\/wp\/v2\/product_brand?post=37315"},{"taxonomy":"product_cat","embeddable":true,"href":"https:\/\/geoclimate.ge\/az\/wp-json\/wp\/v2\/product_cat?post=37315"},{"taxonomy":"product_tag","embeddable":true,"href":"https:\/\/geoclimate.ge\/az\/wp-json\/wp\/v2\/product_tag?post=37315"}],"curies":[{"name":"wp","href":"https:\/\/api.w.org\/{rel}","templated":true}]}}