{"id":37345,"date":"2025-09-07T22:27:56","date_gmt":"2025-09-07T18:27:56","guid":{"rendered":"https:\/\/airsystems.ge\/shop\/product\/37337\/"},"modified":"2025-09-07T22:31:48","modified_gmt":"2025-09-07T18:31:48","slug":"37337","status":"publish","type":"product","link":"https:\/\/geoclimate.ge\/az\/product\/37337\/","title":{"rendered":"TUNE-S-AHU Damperl\u0259r Kondisioner qur\u011fular\u0131 v\u0259 fan sisteml\u0259ri \u00fc\u00e7\u00fcn uy\u011fun olan d\u00fczbucaql\u0131 \u00e7ox qanadl\u0131 amortizatorlar"},"content":{"rendered":"<div class=\"mb-400 gtm-product-section container-fluid\" data-gtm-name=\"Benefits\" data-gtm-label=\"Benefits (en)\" data-gtm-vis-recent-on-screen53434917_103=\"23189\" data-gtm-vis-first-on-screen53434917_103=\"23190\" data-gtm-vis-total-visible-time53434917_103=\"1500\" data-gtm-vis-has-fired53434917_103=\"1\">\n<div class=\"row\">\n<div class=\"content-element content-element-product-benefit col-12 sm:col-6 mb-400\">\n<div class=\"bg-card px-300 py-250 mobile-nav:px-200 mobile-nav:py-150 h-full flex overflow-hidden card-border\">\n<div class=\"min-w-0\">\n<p><strong>Aktuator v\u0259 ya \u0259l il\u0259 i\u015fl\u0259m\u0259<\/strong><br \/>\nTUNE-S-AHU elektrik k\u0259silm\u0259si zaman\u0131 ba\u011flanan yayla geri d\u00f6n\u0259n elektrik \u00f6t\u00fcr\u00fcc\u00fc il\u0259 t\u0259chiz edilmi\u015fdir. \u018fll\u0259 \u0259m\u0259liyyat da m\u00fcmk\u00fcnd\u00fcr.<\/p>\n<p>&nbsp;<\/p>\n<p><strong>Sinkl\u0259nmi\u015f polad konstruksiya<\/strong><br \/>\nTUNE-AHU-SE-nin korpusu v\u0259 flan\u015f\u0131 sinkl\u0259nmi\u015f poladdan haz\u0131rlanm\u0131\u015fd\u0131r.<\/p>\n<p>&nbsp;<\/p>\n<p><strong>Geni\u015f \u0259m\u0259liyyat temperaturu diapazonu<\/strong><br \/>\nTUNE-S-AHU kanalda qura\u015fd\u0131r\u0131ld\u0131qda -20\u00b0C-d\u0259n 100\u00b0C-d\u0259k v\u0259 ya \u00f6t\u00fcr\u00fcc\u00fcy\u0259 qura\u015fd\u0131r\u0131ld\u0131qda 50\u00b0C-\u0259 q\u0259d\u0259r i\u015fl\u0259m\u0259 temperaturu diapazonuna malikdir.<\/p>\n<p>TUNE-S-AHU d\u00fczbucaql\u0131, \u00e7ox qanadl\u0131 amortizatorlard\u0131r ki, onlar havan\u0131n idar\u0259edici qur\u011fular\u0131nda v\u0259 ventilyator sisteml\u0259rind\u0259 effektiv hava ax\u0131n\u0131n\u0131n t\u0259nziml\u0259nm\u0259si v\u0259 ba\u011flanma funksiyas\u0131n\u0131 t\u0259min edir. M\u00fcxt\u0259lif \u00f6l\u00e7\u00fcl\u0259rd\u0259 m\u00f6vcud olan amortizatorlar ventilyatorun g\u00f6vd\u0259sin\u0259 qura\u015fd\u0131r\u0131ld\u0131qda v\u0259 ya d\u00fczbucaql\u0131 kanal b\u00f6lm\u0259sind\u0259 daxili v\u0259 \u015f\u0259rti olaraq a\u00e7\u0131q hava \u015f\u0259raitind\u0259 istifad\u0259 \u00fc\u00e7\u00fcn n\u0259z\u0259rd\u0259 tutulmu\u015fdur. B\u00f6lm\u0259 elektrik k\u0259silm\u0259si v\u0259 ya k\u0259sildikd\u0259 ba\u011flanan yayla geri d\u00f6n\u0259n elektrik \u00f6t\u00fcr\u00fcc\u00fc il\u0259 t\u0259chiz edilmi\u015fdir. \u018fll\u0259 i\u015fl\u0259m\u0259 v\u0259 t\u0259nziml\u0259m\u0259 d\u0259 m\u00fcmk\u00fcnd\u00fcr.<\/p>\n<p>B\u00f6lm\u0259l\u0259r h\u0259r iki hava ax\u0131n\u0131 istiqam\u0259tind\u0259 i\u015fl\u0259y\u0259 bil\u0259r. Damperin hava ke\u00e7irm\u0259 qabiliyy\u0259ti EN 1751 standart\u0131na uy\u011fun olaraq 1000 Pa-a q\u0259d\u0259r t\u0259zyiq diapazonuna uy\u011fun olaraq C4 kimi t\u0259snif edilir. Bu, bu m\u0259hsul \u00fc\u00e7\u00fcn t\u00f6vsiy\u0259 olunan maksimum kanal t\u0259zyiqidir. Kanalda -20\u00b0C il\u0259 100\u00b0C aras\u0131nda, \u00f6t\u00fcr\u00fcc\u00fcd\u0259 is\u0259 maksimum 50\u00b0C-\u0259 q\u0259d\u0259r i\u015fl\u0259m\u0259 temperaturu var. TUNE-S-AHU flan\u015f\u0131 v\u0259 korpusu sinkl\u0259nmi\u015f poladdan haz\u0131rlan\u0131r. Qar\u015f\u0131l\u0131ql\u0131 h\u0259r\u0259k\u0259t b\u0131\u00e7aqlar\u0131 ekstr\u00fcde al\u00fcminium profill\u0259rdir v\u0259 qapal\u0131 v\u0259ziyy\u0259td\u0259 olduqda hava s\u0131zmas\u0131n\u0131 aradan qald\u0131ran rezin conta il\u0259 t\u0259chiz edilmi\u015fdir.<\/p>\n<\/div>\n<\/div>\n<\/div>\n<\/div>\n<\/div>\n","protected":false},"excerpt":{"rendered":"<div>\n<p>TUNE-S-AHU Damperl\u0259r<br \/>\nKondisioner qur\u011fular\u0131 v\u0259 fan sisteml\u0259ri \u00fc\u00e7\u00fcn uy\u011fun olan d\u00fczbucaql\u0131 \u00e7ox qanadl\u0131 amortizatorlar<\/p>\n<p>Manual v\u0259 ya aktuatorla idar\u0259 olunur<\/p>\n<p>Polad konstruksiya<\/p>\n<p>Bax\u0131m pulsuz<\/p>\n<p>Daxili v\u0259 ya \u015f\u0259rti a\u00e7\u0131q istifad\u0259<\/p>\n<p>&nbsp;<\/p>\n<\/div>\n<div>\n<div class=\"dropdown-wrapper\"><select class=\"form-dropdown form-input\"><option value=\"79894\">TUNE-AHU-SE001-500&#215;250-TF24<\/option><option value=\"79895\">TUNE-AHU-SE002-500&#215;300-TF24<\/option><option value=\"79896\">TUNE-AHU-SE003-600&#215;300-TF24<\/option><option value=\"79897\">TUNE-AHU-SE004-600&#215;400-TF24<\/option><option value=\"79898\">TUNE-AHU-SE005-600&#215;500-LF24<\/option><option value=\"79899\">TUNE-AHU-SE006-700&#215;300-TF24<\/option><option value=\"79937\">TUNE-AHU-SE007-700&#215;400-LF24<\/option><option value=\"79938\">TUNE-AHU-SE008-800&#215;350-LF24<\/option><option value=\"79939\">TUNE-AHU-SE009-800&#215;400-LF24<\/option><option value=\"79940\">TUNE-AHU-SE010-1000&#215;350-LF24<\/option><option value=\"79941\">TUNE-AHU-SE011-400&#215;200-TF24<\/option><option value=\"234980\">TUNE-AHU-SE014-500&#215;400-TF24<\/option><option value=\"251030\">TUNE-AHU-SE015-900&#215;300-LF24<\/option><option value=\"251031\">TUNE-AHU-SE016-1000&#215;500-LF24<\/option><option value=\"251032\">TUNE-AHU-SE017-1100&#215;300-LF24<\/option><option value=\"251033\">TUNE-AHU-SE018-1200&#215;500-NF24<\/option><option value=\"466506\">TUNE-AHU-SE021-300&#215;150-TF24<\/option><option value=\"474179\">TUNE-AHU-SE022-300&#215;250-TF24<\/option><option value=\"474180\">TUNE-AHU-SE023-400&#215;350-TF24<\/option><option value=\"474181\">TUNE-AHU-SE024-700&#215;500-LF24<\/option><\/select><\/div>\n<\/div>\n<div class=\"gtm-sku-info flex flex-col gap-y-050 text-label-tiny text-neutral-600\">\n<div class=\"flex flex-wrap items-baseline gap-x-100 gap-y-025\"><span class=\"gtm-article-name\">TUNE-AHU-SE001-500&#215;250-TF24<\/span><span class=\"whitespace-nowrap gtm-article-number text-base font-bold\">#79894<\/span><\/div>\n<div class=\"flex flex-wrap items-baseline gap-x-100 gap-y-025\"><span class=\"hyphens-auto\">Frequency:<\/span>\u00a050 Hz<\/div>\n<\/div>\n","protected":false},"featured_media":37340,"template":"","meta":[],"product_brand":[],"product_cat":[1982,1867,1843],"product_tag":[],"class_list":{"0":"post-37345","1":"product","2":"type-product","3":"status-publish","4":"has-post-thumbnail","6":"product_cat-dampers-az","7":"product_cat-hava-hcmin-nzart","8":"product_cat-hava-paylayici-mhsullar","10":"first","11":"instock","12":"shipping-taxable","13":"product-type-simple"},"yoast_head":"<!-- This site is optimized with the Yoast SEO plugin v27.1.1 - https:\/\/yoast.com\/product\/yoast-seo-wordpress\/ -->\n<title>TUNE-S-AHU Damperl\u0259r Kondisioner qur\u011fular\u0131 v\u0259 fan sisteml\u0259ri \u00fc\u00e7\u00fcn uy\u011fun olan d\u00fczbucaql\u0131 \u00e7ox qanadl\u0131 amortizatorlar - GeoClimate.ge<\/title>\n<meta name=\"robots\" content=\"index, follow, max-snippet:-1, max-image-preview:large, max-video-preview:-1\" \/>\n<link rel=\"canonical\" href=\"https:\/\/geoclimate.ge\/az\/product\/37337\/\" \/>\n<meta property=\"og:locale\" content=\"az_AZ\" \/>\n<meta property=\"og:type\" content=\"article\" \/>\n<meta property=\"og:title\" content=\"TUNE-S-AHU Damperl\u0259r Kondisioner qur\u011fular\u0131 v\u0259 fan sisteml\u0259ri \u00fc\u00e7\u00fcn uy\u011fun olan d\u00fczbucaql\u0131 \u00e7ox qanadl\u0131 amortizatorlar - GeoClimate.ge\" \/>\n<meta property=\"og:description\" content=\"TUNE-S-AHU Damperl\u0259r Kondisioner qur\u011fular\u0131 v\u0259 fan sisteml\u0259ri \u00fc\u00e7\u00fcn uy\u011fun olan d\u00fczbucaql\u0131 \u00e7ox qanadl\u0131 amortizatorlar  Manual v\u0259 ya aktuatorla idar\u0259 olunur  Polad konstruksiya  Bax\u0131m pulsuz  Daxili v\u0259 ya \u015f\u0259rti a\u00e7\u0131q istifad\u0259  &nbsp;     TUNE-AHU-SE001-500x250-TF24 TUNE-AHU-SE002-500x300-TF24 TUNE-AHU-SE003-600x300-TF24 TUNE-AHU-SE004-600x400-TF24 TUNE-AHU-SE005-600x500-LF24 TUNE-AHU-SE006-700x300-TF24 TUNE-AHU-SE007-700x400-LF24 TUNE-AHU-SE008-800x350-LF24 TUNE-AHU-SE009-800x400-LF24 TUNE-AHU-SE010-1000x350-LF24 TUNE-AHU-SE011-400x200-TF24 TUNE-AHU-SE014-500x400-TF24 TUNE-AHU-SE015-900x300-LF24 TUNE-AHU-SE016-1000x500-LF24 TUNE-AHU-SE017-1100x300-LF24 TUNE-AHU-SE018-1200x500-NF24 TUNE-AHU-SE021-300x150-TF24 TUNE-AHU-SE022-300x250-TF24 TUNE-AHU-SE023-400x350-TF24 TUNE-AHU-SE024-700x500-LF24    TUNE-AHU-SE001-500x250-TF24#79894 Frequency:\u00a050 Hz\" \/>\n<meta property=\"og:url\" content=\"https:\/\/geoclimate.ge\/az\/product\/37337\/\" \/>\n<meta property=\"og:site_name\" content=\"GeoClimate.ge\" \/>\n<meta property=\"article:modified_time\" content=\"2025-09-07T18:31:48+00:00\" \/>\n<meta property=\"og:image\" content=\"https:\/\/geoclimate.ge\/wp-content\/uploads\/2025\/09\/PRODUCT-MAIN-IMAGE_TUNE_S_AHU.jpg\" \/>\n\t<meta property=\"og:image:width\" content=\"384\" \/>\n\t<meta property=\"og:image:height\" content=\"288\" \/>\n\t<meta property=\"og:image:type\" content=\"image\/jpeg\" \/>\n<meta name=\"twitter:card\" content=\"summary_large_image\" \/>\n<meta name=\"twitter:label1\" content=\"Est. reading time\" \/>\n\t<meta name=\"twitter:data1\" content=\"2 minutes\" \/>\n<script type=\"application\/ld+json\" class=\"yoast-schema-graph\">{\"@context\":\"https:\/\/schema.org\",\"@graph\":[{\"@type\":\"WebPage\",\"@id\":\"https:\/\/geoclimate.ge\/az\/product\/37337\/\",\"url\":\"https:\/\/geoclimate.ge\/az\/product\/37337\/\",\"name\":\"TUNE-S-AHU Damperl\u0259r Kondisioner qur\u011fular\u0131 v\u0259 fan sisteml\u0259ri \u00fc\u00e7\u00fcn uy\u011fun olan d\u00fczbucaql\u0131 \u00e7ox qanadl\u0131 amortizatorlar - GeoClimate.ge\",\"isPartOf\":{\"@id\":\"https:\/\/geoclimate.ge\/#website\"},\"primaryImageOfPage\":{\"@id\":\"https:\/\/geoclimate.ge\/az\/product\/37337\/#primaryimage\"},\"image\":{\"@id\":\"https:\/\/geoclimate.ge\/az\/product\/37337\/#primaryimage\"},\"thumbnailUrl\":\"https:\/\/geoclimate.ge\/wp-content\/uploads\/2025\/09\/PRODUCT-MAIN-IMAGE_TUNE_S_AHU.jpg\",\"datePublished\":\"2025-09-07T18:27:56+00:00\",\"dateModified\":\"2025-09-07T18:31:48+00:00\",\"breadcrumb\":{\"@id\":\"https:\/\/geoclimate.ge\/az\/product\/37337\/#breadcrumb\"},\"inLanguage\":\"az\",\"potentialAction\":[{\"@type\":\"ReadAction\",\"target\":[\"https:\/\/geoclimate.ge\/az\/product\/37337\/\"]}]},{\"@type\":\"ImageObject\",\"inLanguage\":\"az\",\"@id\":\"https:\/\/geoclimate.ge\/az\/product\/37337\/#primaryimage\",\"url\":\"https:\/\/geoclimate.ge\/wp-content\/uploads\/2025\/09\/PRODUCT-MAIN-IMAGE_TUNE_S_AHU.jpg\",\"contentUrl\":\"https:\/\/geoclimate.ge\/wp-content\/uploads\/2025\/09\/PRODUCT-MAIN-IMAGE_TUNE_S_AHU.jpg\",\"width\":384,\"height\":288},{\"@type\":\"BreadcrumbList\",\"@id\":\"https:\/\/geoclimate.ge\/az\/product\/37337\/#breadcrumb\",\"itemListElement\":[{\"@type\":\"ListItem\",\"position\":1,\"name\":\"Home\",\"item\":\"https:\/\/geoclimate.ge\/az\/\"},{\"@type\":\"ListItem\",\"position\":2,\"name\":\"M\u0259hsullar\",\"item\":\"https:\/\/geoclimate.ge\/az\/products\/\"},{\"@type\":\"ListItem\",\"position\":3,\"name\":\"TUNE-S-AHU Damperl\u0259r Kondisioner qur\u011fular\u0131 v\u0259 fan sisteml\u0259ri \u00fc\u00e7\u00fcn uy\u011fun olan d\u00fczbucaql\u0131 \u00e7ox qanadl\u0131 amortizatorlar\"}]},{\"@type\":\"WebSite\",\"@id\":\"https:\/\/geoclimate.ge\/#website\",\"url\":\"https:\/\/geoclimate.ge\/\",\"name\":\"GeoClimate\",\"description\":\"\",\"publisher\":{\"@id\":\"https:\/\/geoclimate.ge\/#organization\"},\"potentialAction\":[{\"@type\":\"SearchAction\",\"target\":{\"@type\":\"EntryPoint\",\"urlTemplate\":\"https:\/\/geoclimate.ge\/?s={search_term_string}\"},\"query-input\":{\"@type\":\"PropertyValueSpecification\",\"valueRequired\":true,\"valueName\":\"search_term_string\"}}],\"inLanguage\":\"az\"},{\"@type\":\"Organization\",\"@id\":\"https:\/\/geoclimate.ge\/#organization\",\"name\":\"GeoClimate\",\"url\":\"https:\/\/geoclimate.ge\/\",\"logo\":{\"@type\":\"ImageObject\",\"inLanguage\":\"az\",\"@id\":\"https:\/\/geoclimate.ge\/#\/schema\/logo\/image\/\",\"url\":\"https:\/\/geoclimate.ge\/wp-content\/uploads\/2026\/03\/geoclimate-SEO.png\",\"contentUrl\":\"https:\/\/geoclimate.ge\/wp-content\/uploads\/2026\/03\/geoclimate-SEO.png\",\"width\":1536,\"height\":1024,\"caption\":\"GeoClimate\"},\"image\":{\"@id\":\"https:\/\/geoclimate.ge\/#\/schema\/logo\/image\/\"}}]}<\/script>\n<!-- \/ Yoast SEO plugin. -->","yoast_head_json":{"title":"TUNE-S-AHU Damperl\u0259r Kondisioner qur\u011fular\u0131 v\u0259 fan sisteml\u0259ri \u00fc\u00e7\u00fcn uy\u011fun olan d\u00fczbucaql\u0131 \u00e7ox qanadl\u0131 amortizatorlar - GeoClimate.ge","robots":{"index":"index","follow":"follow","max-snippet":"max-snippet:-1","max-image-preview":"max-image-preview:large","max-video-preview":"max-video-preview:-1"},"canonical":"https:\/\/geoclimate.ge\/az\/product\/37337\/","og_locale":"az_AZ","og_type":"article","og_title":"TUNE-S-AHU Damperl\u0259r Kondisioner qur\u011fular\u0131 v\u0259 fan sisteml\u0259ri \u00fc\u00e7\u00fcn uy\u011fun olan d\u00fczbucaql\u0131 \u00e7ox qanadl\u0131 amortizatorlar - GeoClimate.ge","og_description":"TUNE-S-AHU Damperl\u0259r Kondisioner qur\u011fular\u0131 v\u0259 fan sisteml\u0259ri \u00fc\u00e7\u00fcn uy\u011fun olan d\u00fczbucaql\u0131 \u00e7ox qanadl\u0131 amortizatorlar  Manual v\u0259 ya aktuatorla idar\u0259 olunur  Polad konstruksiya  Bax\u0131m pulsuz  Daxili v\u0259 ya \u015f\u0259rti a\u00e7\u0131q istifad\u0259  &nbsp;     TUNE-AHU-SE001-500x250-TF24 TUNE-AHU-SE002-500x300-TF24 TUNE-AHU-SE003-600x300-TF24 TUNE-AHU-SE004-600x400-TF24 TUNE-AHU-SE005-600x500-LF24 TUNE-AHU-SE006-700x300-TF24 TUNE-AHU-SE007-700x400-LF24 TUNE-AHU-SE008-800x350-LF24 TUNE-AHU-SE009-800x400-LF24 TUNE-AHU-SE010-1000x350-LF24 TUNE-AHU-SE011-400x200-TF24 TUNE-AHU-SE014-500x400-TF24 TUNE-AHU-SE015-900x300-LF24 TUNE-AHU-SE016-1000x500-LF24 TUNE-AHU-SE017-1100x300-LF24 TUNE-AHU-SE018-1200x500-NF24 TUNE-AHU-SE021-300x150-TF24 TUNE-AHU-SE022-300x250-TF24 TUNE-AHU-SE023-400x350-TF24 TUNE-AHU-SE024-700x500-LF24    TUNE-AHU-SE001-500x250-TF24#79894 Frequency:\u00a050 Hz","og_url":"https:\/\/geoclimate.ge\/az\/product\/37337\/","og_site_name":"GeoClimate.ge","article_modified_time":"2025-09-07T18:31:48+00:00","og_image":[{"width":384,"height":288,"url":"https:\/\/geoclimate.ge\/wp-content\/uploads\/2025\/09\/PRODUCT-MAIN-IMAGE_TUNE_S_AHU.jpg","type":"image\/jpeg"}],"twitter_card":"summary_large_image","twitter_misc":{"Est. reading time":"2 minutes"},"schema":{"@context":"https:\/\/schema.org","@graph":[{"@type":"WebPage","@id":"https:\/\/geoclimate.ge\/az\/product\/37337\/","url":"https:\/\/geoclimate.ge\/az\/product\/37337\/","name":"TUNE-S-AHU Damperl\u0259r Kondisioner qur\u011fular\u0131 v\u0259 fan sisteml\u0259ri \u00fc\u00e7\u00fcn uy\u011fun olan d\u00fczbucaql\u0131 \u00e7ox qanadl\u0131 amortizatorlar - GeoClimate.ge","isPartOf":{"@id":"https:\/\/geoclimate.ge\/#website"},"primaryImageOfPage":{"@id":"https:\/\/geoclimate.ge\/az\/product\/37337\/#primaryimage"},"image":{"@id":"https:\/\/geoclimate.ge\/az\/product\/37337\/#primaryimage"},"thumbnailUrl":"https:\/\/geoclimate.ge\/wp-content\/uploads\/2025\/09\/PRODUCT-MAIN-IMAGE_TUNE_S_AHU.jpg","datePublished":"2025-09-07T18:27:56+00:00","dateModified":"2025-09-07T18:31:48+00:00","breadcrumb":{"@id":"https:\/\/geoclimate.ge\/az\/product\/37337\/#breadcrumb"},"inLanguage":"az","potentialAction":[{"@type":"ReadAction","target":["https:\/\/geoclimate.ge\/az\/product\/37337\/"]}]},{"@type":"ImageObject","inLanguage":"az","@id":"https:\/\/geoclimate.ge\/az\/product\/37337\/#primaryimage","url":"https:\/\/geoclimate.ge\/wp-content\/uploads\/2025\/09\/PRODUCT-MAIN-IMAGE_TUNE_S_AHU.jpg","contentUrl":"https:\/\/geoclimate.ge\/wp-content\/uploads\/2025\/09\/PRODUCT-MAIN-IMAGE_TUNE_S_AHU.jpg","width":384,"height":288},{"@type":"BreadcrumbList","@id":"https:\/\/geoclimate.ge\/az\/product\/37337\/#breadcrumb","itemListElement":[{"@type":"ListItem","position":1,"name":"Home","item":"https:\/\/geoclimate.ge\/az\/"},{"@type":"ListItem","position":2,"name":"M\u0259hsullar","item":"https:\/\/geoclimate.ge\/az\/products\/"},{"@type":"ListItem","position":3,"name":"TUNE-S-AHU Damperl\u0259r Kondisioner qur\u011fular\u0131 v\u0259 fan sisteml\u0259ri \u00fc\u00e7\u00fcn uy\u011fun olan d\u00fczbucaql\u0131 \u00e7ox qanadl\u0131 amortizatorlar"}]},{"@type":"WebSite","@id":"https:\/\/geoclimate.ge\/#website","url":"https:\/\/geoclimate.ge\/","name":"GeoClimate","description":"","publisher":{"@id":"https:\/\/geoclimate.ge\/#organization"},"potentialAction":[{"@type":"SearchAction","target":{"@type":"EntryPoint","urlTemplate":"https:\/\/geoclimate.ge\/?s={search_term_string}"},"query-input":{"@type":"PropertyValueSpecification","valueRequired":true,"valueName":"search_term_string"}}],"inLanguage":"az"},{"@type":"Organization","@id":"https:\/\/geoclimate.ge\/#organization","name":"GeoClimate","url":"https:\/\/geoclimate.ge\/","logo":{"@type":"ImageObject","inLanguage":"az","@id":"https:\/\/geoclimate.ge\/#\/schema\/logo\/image\/","url":"https:\/\/geoclimate.ge\/wp-content\/uploads\/2026\/03\/geoclimate-SEO.png","contentUrl":"https:\/\/geoclimate.ge\/wp-content\/uploads\/2026\/03\/geoclimate-SEO.png","width":1536,"height":1024,"caption":"GeoClimate"},"image":{"@id":"https:\/\/geoclimate.ge\/#\/schema\/logo\/image\/"}}]}},"_links":{"self":[{"href":"https:\/\/geoclimate.ge\/az\/wp-json\/wp\/v2\/product\/37345","targetHints":{"allow":["GET"]}}],"collection":[{"href":"https:\/\/geoclimate.ge\/az\/wp-json\/wp\/v2\/product"}],"about":[{"href":"https:\/\/geoclimate.ge\/az\/wp-json\/wp\/v2\/types\/product"}],"wp:featuredmedia":[{"embeddable":true,"href":"https:\/\/geoclimate.ge\/az\/wp-json\/wp\/v2\/media\/37340"}],"wp:attachment":[{"href":"https:\/\/geoclimate.ge\/az\/wp-json\/wp\/v2\/media?parent=37345"}],"wp:term":[{"taxonomy":"product_brand","embeddable":true,"href":"https:\/\/geoclimate.ge\/az\/wp-json\/wp\/v2\/product_brand?post=37345"},{"taxonomy":"product_cat","embeddable":true,"href":"https:\/\/geoclimate.ge\/az\/wp-json\/wp\/v2\/product_cat?post=37345"},{"taxonomy":"product_tag","embeddable":true,"href":"https:\/\/geoclimate.ge\/az\/wp-json\/wp\/v2\/product_tag?post=37345"}],"curies":[{"name":"wp","href":"https:\/\/api.w.org\/{rel}","templated":true}]}}