{"id":37360,"date":"2025-09-07T22:35:22","date_gmt":"2025-09-07T18:35:22","guid":{"rendered":"https:\/\/airsystems.ge\/shop\/product\/tune-s-dampers-control-and-shut-off-damper-suitable-for-rectangular-ducts\/"},"modified":"2025-09-07T22:38:54","modified_gmt":"2025-09-07T18:38:54","slug":"tune-s-dampers-control-and-shut-off-damper-suitable-for-rectangular-ducts","status":"publish","type":"product","link":"https:\/\/geoclimate.ge\/az\/product\/tune-s-dampers-control-and-shut-off-damper-suitable-for-rectangular-ducts\/","title":{"rendered":"TUNE-S Damperl\u0259r D\u00fczbucaql\u0131 kanallar \u00fc\u00e7\u00fcn uy\u011fun olan idar\u0259etm\u0259 v\u0259 ba\u011flama damperi"},"content":{"rendered":"<div class=\"mb-400 gtm-product-section container-fluid\" data-gtm-name=\"Benefits\" data-gtm-label=\"Benefits (en)\" data-gtm-vis-recent-on-screen53434917_103=\"37351\" data-gtm-vis-first-on-screen53434917_103=\"37351\" data-gtm-vis-total-visible-time53434917_103=\"1500\" data-gtm-vis-has-fired53434917_103=\"1\">\n<div class=\"row\">\n<div class=\"content-element content-element-product-benefit col-12 sm:col-6 mb-400\">\n<div class=\"bg-card px-300 py-250 mobile-nav:px-200 mobile-nav:py-150 h-full flex overflow-hidden card-border\">\n<div class=\"min-w-0\">\n<p><strong>D\u00fczbucaql\u0131 kanallar<\/strong><br \/>\nTUNE-S, d\u00fczbucaql\u0131 kanallar\u0131n x\u00fcsusi t\u0259l\u0259bl\u0259ri \u00fc\u00e7\u00fcn n\u0259z\u0259rd\u0259 tutulmu\u015f effektiv idar\u0259etm\u0259 v\u0259 ba\u011flama damperidir.<\/p>\n<p>&nbsp;<\/p>\n<p><strong>Manual v\u0259 ya motorlu<\/strong><br \/>\nAmortizator kondisioner qur\u011fular\u0131nda xarici ba\u011flama damperi kimi v\u0259 ya idar\u0259etm\u0259 amortizatoru kimi modulyasiya \u00f6t\u00fcr\u00fcc\u00fc il\u0259 istifad\u0259 oluna bil\u0259r.<\/p>\n<p>&nbsp;<\/p>\n<p><strong>Polad v\u0259 al\u00fcminium<\/strong><br \/>\nTUNE-S qur\u011fusunun \u00e7\u0259r\u00e7iv\u0259l\u0259ri sinkl\u0259nmi\u015f sac poladdan haz\u0131rlan\u0131r. Profil b\u0131\u00e7aqlar\u0131 al\u00fcminiumdan haz\u0131rlanm\u0131\u015fd\u0131r ki, onlar\u0131 y\u00fcng\u00fcl, lakin s\u0259rt edir. \u00c7\u0259r\u00e7iv\u0259nin eni 20 mm olan flan\u015flar var.<\/p>\n<p>&nbsp;<\/p>\n<p>TUNE-S d\u00fczbucaql\u0131 kanallar \u00fc\u00e7\u00fcn n\u0259z\u0259rd\u0259 tutulmu\u015f idar\u0259etm\u0259 v\u0259 ba\u011flama damperidir. O, t\u0259b\u0259q\u0259 poladdan v\u0259 al\u00fcminium profil b\u0131\u00e7aqlar\u0131ndan haz\u0131rlanm\u0131\u015f bir \u00e7\u0259r\u00e7iv\u0259d\u0259n ibar\u0259tdir. \u00c7\u0259r\u00e7iv\u0259nin eni 20 mm olan flan\u015flar var. O, EN 1751-\u0259 uy\u011fun olaraq s\u0131naqdan ke\u00e7irilmi\u015f b\u0131\u00e7aq s\u0131zd\u0131rmazl\u0131\u011f\u0131 sinfi C4 il\u0259 m\u00f6vcuddur. Sistemin m\u00fcxt\u0259lif hiss\u0259l\u0259rinin hava ke\u00e7irm\u0259m\u0259si v\u0259 bir-birind\u0259n ayr\u0131lmas\u0131 laz\u0131m oldu\u011fu yerl\u0259rd\u0259 idar\u0259etm\u0259 v\u0259 ba\u011flama damperi kimi istifad\u0259 \u00fc\u00e7\u00fcn ideald\u0131r.<\/p>\n<p>M\u00fcxt\u0259lif \u00f6l\u00e7\u00fcl\u0259rd\u0259 m\u00f6vcuddur, amortizator h\u0259m mexaniki, h\u0259m d\u0259 motorlu versiyalarda t\u0259qdim edil\u0259 bil\u0259r. O, kondisioner qur\u011fular\u0131nda xarici ba\u011flama damperi kimi v\u0259 ya idar\u0259etm\u0259 damperi kimi modulyasiya ed\u0259n \u00f6t\u00fcr\u00fcc\u00fc il\u0259 istifad\u0259 oluna bil\u0259r. Maksimum t\u00f6vsiy\u0259 olunan kanal t\u0259zyiqi 1000 Pa-d\u0131r. Qapal\u0131 v\u0259ziyy\u0259td\u0259 olan zaman s\u0131z\u0131nt\u0131lar\u0131 minimuma endir\u0259n aerofolyo b\u0131\u00e7aqlar\u0131 rezin contalarla t\u0259chiz edilmi\u015fdir. B\u0131\u00e7aq baltas\u0131 di\u015fli \u00e7ubuq birl\u0259\u015fm\u0259si il\u0259 birl\u0259\u015fdiril\u0259 bil\u0259n \u00f6z\u00fcn\u00fc ya\u011flayan pod\u015fipnikl\u0259rd\u0259 oturur. Bu, hamar nisb\u0259ti v\u0259 b\u0131\u00e7aqdan b\u0131\u00e7a\u011fa ke\u00e7idi t\u0259min edir.<\/p>\n<\/div>\n<\/div>\n<\/div>\n<\/div>\n<\/div>\n","protected":false},"excerpt":{"rendered":"<div>\n<p>TUNE-S Damperl\u0259r<br \/>\nD\u00fczbucaql\u0131 kanallar \u00fc\u00e7\u00fcn uy\u011fun olan idar\u0259etm\u0259 v\u0259 ba\u011flama damperi<\/p>\n<p>D\u00fczbucaql\u0131 kanallar<\/p>\n<p>Manual v\u0259 ya motorlu<\/p>\n<p>Polad konstruksiya<\/p>\n<p>Hava ke\u00e7irm\u0259z<\/p>\n<\/div>\n<div class=\"flex flex-col gap-200\">\n<div class=\"flex flex-col flex-wrap gap-100 md:flex-row md:items-center gtm-purchase-option\" data-gtm-name=\"w\" data-gtm-label=\"W\">\n<p><label class=\"flex gap-050 md:w-700 leading-none hyphens-auto print:w-full print:max-w-2\/5 text-label-small\">W<\/label><\/p>\n<div class=\"flex flex-1 flex-wrap gap-050\">\n<div class=\"dropdown-wrapper dropdown-wrapper-small w-full gtm-purchase-option-value gtm-purchase-option-value-dropdown\"><select class=\"form-dropdown form-input form-dropdown-small\"><option value=\"200\" data-gtm-name=\"200\" data-gtm-label=\"200\">200<\/option><option value=\"250\" data-gtm-name=\"250\" data-gtm-label=\"250\">250<\/option><option value=\"300\" data-gtm-name=\"300\" data-gtm-label=\"300\">300<\/option><option value=\"350\" data-gtm-name=\"350\" data-gtm-label=\"350\">350<\/option><option value=\"400\" data-gtm-name=\"400\" data-gtm-label=\"400\">400<\/option><option value=\"450\" data-gtm-name=\"450\" data-gtm-label=\"450\">450<\/option><option value=\"500\" data-gtm-name=\"500\" data-gtm-label=\"500\">500<\/option><option value=\"550\" data-gtm-name=\"550\" data-gtm-label=\"550\">550<\/option><option value=\"600\" data-gtm-name=\"600\" data-gtm-label=\"600\">600<\/option><option value=\"650\" data-gtm-name=\"650\" data-gtm-label=\"650\">650<\/option><option value=\"700\" data-gtm-name=\"700\" data-gtm-label=\"700\">700<\/option><option value=\"750\" data-gtm-name=\"750\" data-gtm-label=\"750\">750<\/option><option value=\"800\" data-gtm-name=\"800\" data-gtm-label=\"800\">800<\/option><option value=\"850\" data-gtm-name=\"850\" data-gtm-label=\"850\">850<\/option><option value=\"900\" data-gtm-name=\"900\" data-gtm-label=\"900\">900<\/option><option value=\"950\" data-gtm-name=\"950\" data-gtm-label=\"950\">950<\/option><option value=\"1000\" data-gtm-name=\"1000\" data-gtm-label=\"1000\">1000<\/option><option value=\"1050\" data-gtm-name=\"1050\" data-gtm-label=\"1050\">1050<\/option><option value=\"1100\" data-gtm-name=\"1100\" data-gtm-label=\"1100\">1100<\/option><option value=\"1150\" data-gtm-name=\"1150\" data-gtm-label=\"1150\">1150<\/option><option value=\"1200\" data-gtm-name=\"1200\" data-gtm-label=\"1200\">1200<\/option><\/select><\/div>\n<\/div>\n<\/div>\n<div class=\"flex flex-col flex-wrap gap-100 md:flex-row md:items-center gtm-purchase-option\" data-gtm-name=\"h\" data-gtm-label=\"H\">\n<p><label class=\"flex gap-050 md:w-700 leading-none hyphens-auto print:w-full print:max-w-2\/5 text-label-small\">H<\/label><\/p>\n<div class=\"flex flex-1 flex-wrap gap-050\"><button class=\"select-btn select-btn-small select-btn-selected gtm-purchase-option-value\" type=\"button\" data-gtm-name=\"100\" data-gtm-label=\"100\">100<\/button><button class=\"select-btn select-btn-small select-btn-default gtm-purchase-option-value\" type=\"button\" data-gtm-name=\"150\" data-gtm-label=\"150\">150<\/button><button class=\"select-btn select-btn-small select-btn-default gtm-purchase-option-value\" type=\"button\" data-gtm-name=\"200\" data-gtm-label=\"200\">200<\/button><button class=\"select-btn select-btn-small select-btn-default select-btn-disabled gtm-purchase-option-value\" type=\"button\" data-gtm-name=\"250\" data-gtm-label=\"250\">250<\/button><button class=\"select-btn select-btn-small select-btn-default select-btn-disabled gtm-purchase-option-value\" type=\"button\" data-gtm-name=\"300\" data-gtm-label=\"300\">300<\/button><button class=\"select-btn select-btn-small select-btn-default select-btn-disabled gtm-purchase-option-value\" type=\"button\" data-gtm-name=\"350\" data-gtm-label=\"350\">350<\/button><button class=\"select-btn select-btn-small select-btn-default select-btn-disabled gtm-purchase-option-value\" type=\"button\" data-gtm-name=\"400\" data-gtm-label=\"400\">400<\/button><button class=\"select-btn select-btn-small select-btn-default select-btn-disabled gtm-purchase-option-value\" type=\"button\" data-gtm-name=\"450\" data-gtm-label=\"450\">450<\/button><button class=\"select-btn select-btn-small select-btn-default select-btn-disabled gtm-purchase-option-value\" type=\"button\" data-gtm-name=\"500\" data-gtm-label=\"500\">500<\/button><button class=\"select-btn select-btn-small select-btn-default select-btn-disabled gtm-purchase-option-value\" type=\"button\" data-gtm-name=\"550\" data-gtm-label=\"550\">550<\/button><button class=\"select-btn select-btn-small select-btn-default select-btn-disabled gtm-purchase-option-value\" type=\"button\" data-gtm-name=\"600\" data-gtm-label=\"600\">600<\/button><button class=\"select-btn select-btn-small select-btn-default select-btn-disabled gtm-purchase-option-value\" type=\"button\" data-gtm-name=\"650\" data-gtm-label=\"650\">650<\/button><button class=\"select-btn select-btn-small select-btn-default select-btn-disabled gtm-purchase-option-value\" type=\"button\" data-gtm-name=\"700\" data-gtm-label=\"700\">700<\/button><button class=\"select-btn select-btn-small select-btn-default select-btn-disabled gtm-purchase-option-value\" type=\"button\" data-gtm-name=\"750\" data-gtm-label=\"750\">750<\/button><button class=\"select-btn select-btn-small select-btn-default select-btn-disabled gtm-purchase-option-value\" type=\"button\" data-gtm-name=\"800\" data-gtm-label=\"800\">800<\/button><button class=\"select-btn select-btn-small select-btn-default select-btn-disabled gtm-purchase-option-value\" type=\"button\" data-gtm-name=\"850\" data-gtm-label=\"850\">850<\/button><button class=\"select-btn select-btn-small select-btn-default select-btn-disabled gtm-purchase-option-value\" type=\"button\" data-gtm-name=\"900\" data-gtm-label=\"900\">900<\/button><button class=\"select-btn select-btn-small select-btn-default select-btn-disabled gtm-purchase-option-value\" type=\"button\" data-gtm-name=\"950\" data-gtm-label=\"950\">950<\/button><button class=\"select-btn select-btn-small select-btn-default select-btn-disabled gtm-purchase-option-value\" type=\"button\" data-gtm-name=\"1000\" data-gtm-label=\"1000\">1000<\/button><\/div>\n<\/div>\n<div class=\"flex flex-col flex-wrap gap-100 md:flex-row md:items-center gtm-purchase-option\" data-gtm-name=\"type_of_actualtion\" data-gtm-label=\"Type of actuation\">\n<p><label class=\"flex gap-050 md:w-700 leading-none hyphens-auto print:w-full print:max-w-2\/5 text-label-small\">Type of actuation<\/label><\/p>\n<div class=\"flex flex-1 flex-wrap gap-050\">\n<div class=\"dropdown-wrapper dropdown-wrapper-small w-full gtm-purchase-option-value gtm-purchase-option-value-dropdown\"><select class=\"form-dropdown form-input form-dropdown-small\"><option value=\"0\" data-gtm-name=\"Handle (-H)\" data-gtm-label=\"Handle (-H)\">Handle (-H)<\/option><option value=\"1\" data-gtm-name=\"Preparation for actuator (-M0)\" data-gtm-label=\"Preparation for actuator (-M0)\">Preparation for actuator (-M0)<\/option><option value=\"2\" data-gtm-name=\"230V actuator (-M1)\" data-gtm-label=\"230V actuator (-M1)\">230V actuator (-M1)<\/option><option value=\"3\" data-gtm-name=\"24V actuator (-M2)\" data-gtm-label=\"24V actuator (-M2)\">24V actuator (-M2)<\/option><option value=\"4\" data-gtm-name=\"24V, 0-10V stepless actuator (-M3)\" data-gtm-label=\"24V, 0-10V stepless actuator (-M3)\">24V, 0-10V stepless actuator (-M3)<\/option><option value=\"5\" data-gtm-name=\"230V spring actuator (-M4)\" data-gtm-label=\"230V spring actuator (-M4)\">230V spring actuator (-M4)<\/option><option value=\"6\" data-gtm-name=\"24V spring actuator (-M5)\" data-gtm-label=\"24V spring actuator (-M5)\">24V spring actuator (-M5)<\/option><option value=\"7\" data-gtm-name=\"24V, 0-10V stepless spring actuator (-M6)\" data-gtm-label=\"24V, 0-10V stepless spring actuator (-M6)\">24V, 0-10V stepless spring actuator (-M6)<\/option><\/select><\/div>\n<\/div>\n<\/div>\n<\/div>\n<div class=\"gtm-sku-info flex flex-col gap-y-050 text-label-tiny text-neutral-600\">\n<div class=\"flex flex-wrap items-baseline gap-x-100 gap-y-025\"><span class=\"gtm-article-name\">TUNE-S-200&#215;100-H<\/span><span class=\"whitespace-nowrap gtm-article-number text-base font-bold\">#420514<\/span><\/div>\n<\/div>\n","protected":false},"featured_media":37355,"template":"","meta":[],"product_brand":[],"product_cat":[1982,1867,1843],"product_tag":[],"class_list":{"0":"post-37360","1":"product","2":"type-product","3":"status-publish","4":"has-post-thumbnail","6":"product_cat-dampers-az","7":"product_cat-hava-hcmin-nzart","8":"product_cat-hava-paylayici-mhsullar","10":"first","11":"instock","12":"shipping-taxable","13":"product-type-simple"},"yoast_head":"<!-- This site is optimized with the Yoast SEO plugin v27.1.1 - https:\/\/yoast.com\/product\/yoast-seo-wordpress\/ -->\n<title>TUNE-S Damperl\u0259r D\u00fczbucaql\u0131 kanallar \u00fc\u00e7\u00fcn uy\u011fun olan idar\u0259etm\u0259 v\u0259 ba\u011flama damperi - GeoClimate.ge<\/title>\n<meta name=\"robots\" content=\"index, follow, max-snippet:-1, max-image-preview:large, max-video-preview:-1\" \/>\n<link rel=\"canonical\" href=\"https:\/\/geoclimate.ge\/az\/product\/tune-s-dampers-control-and-shut-off-damper-suitable-for-rectangular-ducts\/\" \/>\n<meta property=\"og:locale\" content=\"az_AZ\" \/>\n<meta property=\"og:type\" content=\"article\" \/>\n<meta property=\"og:title\" content=\"TUNE-S Damperl\u0259r D\u00fczbucaql\u0131 kanallar \u00fc\u00e7\u00fcn uy\u011fun olan idar\u0259etm\u0259 v\u0259 ba\u011flama damperi - GeoClimate.ge\" \/>\n<meta property=\"og:description\" content=\"TUNE-S Damperl\u0259r D\u00fczbucaql\u0131 kanallar \u00fc\u00e7\u00fcn uy\u011fun olan idar\u0259etm\u0259 v\u0259 ba\u011flama damperi  D\u00fczbucaql\u0131 kanallar  Manual v\u0259 ya motorlu  Polad konstruksiya  Hava ke\u00e7irm\u0259z      W   200 250 300 350 400 450 500 550 600 650 700 750 800 850 900 950 1000 1050 1100 1150 1200      H 1001502002503003504004505005506006507007508008509009501000    Type of actuation   Handle (-H) Preparation for actuator (-M0) 230V actuator (-M1) 24V actuator (-M2) 24V, 0-10V stepless actuator (-M3) 230V spring actuator (-M4) 24V spring actuator (-M5) 24V, 0-10V stepless spring actuator (-M6)      TUNE-S-200x100-H#420514\" \/>\n<meta property=\"og:url\" content=\"https:\/\/geoclimate.ge\/az\/product\/tune-s-dampers-control-and-shut-off-damper-suitable-for-rectangular-ducts\/\" \/>\n<meta property=\"og:site_name\" content=\"GeoClimate.ge\" \/>\n<meta property=\"article:modified_time\" content=\"2025-09-07T18:38:54+00:00\" \/>\n<meta property=\"og:image\" content=\"https:\/\/geoclimate.ge\/wp-content\/uploads\/2025\/09\/PRODUCT-MAIN-IMAGE_TUNE_S.jpg\" \/>\n\t<meta property=\"og:image:width\" content=\"384\" \/>\n\t<meta property=\"og:image:height\" content=\"288\" \/>\n\t<meta property=\"og:image:type\" content=\"image\/jpeg\" \/>\n<meta name=\"twitter:card\" content=\"summary_large_image\" \/>\n<meta name=\"twitter:label1\" content=\"Est. reading time\" \/>\n\t<meta name=\"twitter:data1\" content=\"2 minutes\" \/>\n<script type=\"application\/ld+json\" class=\"yoast-schema-graph\">{\"@context\":\"https:\/\/schema.org\",\"@graph\":[{\"@type\":\"WebPage\",\"@id\":\"https:\/\/geoclimate.ge\/az\/product\/tune-s-dampers-control-and-shut-off-damper-suitable-for-rectangular-ducts\/\",\"url\":\"https:\/\/geoclimate.ge\/az\/product\/tune-s-dampers-control-and-shut-off-damper-suitable-for-rectangular-ducts\/\",\"name\":\"TUNE-S Damperl\u0259r D\u00fczbucaql\u0131 kanallar \u00fc\u00e7\u00fcn uy\u011fun olan idar\u0259etm\u0259 v\u0259 ba\u011flama damperi - GeoClimate.ge\",\"isPartOf\":{\"@id\":\"https:\/\/geoclimate.ge\/#website\"},\"primaryImageOfPage\":{\"@id\":\"https:\/\/geoclimate.ge\/az\/product\/tune-s-dampers-control-and-shut-off-damper-suitable-for-rectangular-ducts\/#primaryimage\"},\"image\":{\"@id\":\"https:\/\/geoclimate.ge\/az\/product\/tune-s-dampers-control-and-shut-off-damper-suitable-for-rectangular-ducts\/#primaryimage\"},\"thumbnailUrl\":\"https:\/\/geoclimate.ge\/wp-content\/uploads\/2025\/09\/PRODUCT-MAIN-IMAGE_TUNE_S.jpg\",\"datePublished\":\"2025-09-07T18:35:22+00:00\",\"dateModified\":\"2025-09-07T18:38:54+00:00\",\"breadcrumb\":{\"@id\":\"https:\/\/geoclimate.ge\/az\/product\/tune-s-dampers-control-and-shut-off-damper-suitable-for-rectangular-ducts\/#breadcrumb\"},\"inLanguage\":\"az\",\"potentialAction\":[{\"@type\":\"ReadAction\",\"target\":[\"https:\/\/geoclimate.ge\/az\/product\/tune-s-dampers-control-and-shut-off-damper-suitable-for-rectangular-ducts\/\"]}]},{\"@type\":\"ImageObject\",\"inLanguage\":\"az\",\"@id\":\"https:\/\/geoclimate.ge\/az\/product\/tune-s-dampers-control-and-shut-off-damper-suitable-for-rectangular-ducts\/#primaryimage\",\"url\":\"https:\/\/geoclimate.ge\/wp-content\/uploads\/2025\/09\/PRODUCT-MAIN-IMAGE_TUNE_S.jpg\",\"contentUrl\":\"https:\/\/geoclimate.ge\/wp-content\/uploads\/2025\/09\/PRODUCT-MAIN-IMAGE_TUNE_S.jpg\",\"width\":384,\"height\":288},{\"@type\":\"BreadcrumbList\",\"@id\":\"https:\/\/geoclimate.ge\/az\/product\/tune-s-dampers-control-and-shut-off-damper-suitable-for-rectangular-ducts\/#breadcrumb\",\"itemListElement\":[{\"@type\":\"ListItem\",\"position\":1,\"name\":\"Home\",\"item\":\"https:\/\/geoclimate.ge\/az\/\"},{\"@type\":\"ListItem\",\"position\":2,\"name\":\"M\u0259hsullar\",\"item\":\"https:\/\/geoclimate.ge\/az\/products\/\"},{\"@type\":\"ListItem\",\"position\":3,\"name\":\"TUNE-S Damperl\u0259r D\u00fczbucaql\u0131 kanallar \u00fc\u00e7\u00fcn uy\u011fun olan idar\u0259etm\u0259 v\u0259 ba\u011flama damperi\"}]},{\"@type\":\"WebSite\",\"@id\":\"https:\/\/geoclimate.ge\/#website\",\"url\":\"https:\/\/geoclimate.ge\/\",\"name\":\"GeoClimate\",\"description\":\"\",\"publisher\":{\"@id\":\"https:\/\/geoclimate.ge\/#organization\"},\"potentialAction\":[{\"@type\":\"SearchAction\",\"target\":{\"@type\":\"EntryPoint\",\"urlTemplate\":\"https:\/\/geoclimate.ge\/?s={search_term_string}\"},\"query-input\":{\"@type\":\"PropertyValueSpecification\",\"valueRequired\":true,\"valueName\":\"search_term_string\"}}],\"inLanguage\":\"az\"},{\"@type\":\"Organization\",\"@id\":\"https:\/\/geoclimate.ge\/#organization\",\"name\":\"GeoClimate\",\"url\":\"https:\/\/geoclimate.ge\/\",\"logo\":{\"@type\":\"ImageObject\",\"inLanguage\":\"az\",\"@id\":\"https:\/\/geoclimate.ge\/#\/schema\/logo\/image\/\",\"url\":\"https:\/\/geoclimate.ge\/wp-content\/uploads\/2026\/03\/geoclimate-SEO.png\",\"contentUrl\":\"https:\/\/geoclimate.ge\/wp-content\/uploads\/2026\/03\/geoclimate-SEO.png\",\"width\":1536,\"height\":1024,\"caption\":\"GeoClimate\"},\"image\":{\"@id\":\"https:\/\/geoclimate.ge\/#\/schema\/logo\/image\/\"}}]}<\/script>\n<!-- \/ Yoast SEO plugin. -->","yoast_head_json":{"title":"TUNE-S Damperl\u0259r D\u00fczbucaql\u0131 kanallar \u00fc\u00e7\u00fcn uy\u011fun olan idar\u0259etm\u0259 v\u0259 ba\u011flama damperi - GeoClimate.ge","robots":{"index":"index","follow":"follow","max-snippet":"max-snippet:-1","max-image-preview":"max-image-preview:large","max-video-preview":"max-video-preview:-1"},"canonical":"https:\/\/geoclimate.ge\/az\/product\/tune-s-dampers-control-and-shut-off-damper-suitable-for-rectangular-ducts\/","og_locale":"az_AZ","og_type":"article","og_title":"TUNE-S Damperl\u0259r D\u00fczbucaql\u0131 kanallar \u00fc\u00e7\u00fcn uy\u011fun olan idar\u0259etm\u0259 v\u0259 ba\u011flama damperi - GeoClimate.ge","og_description":"TUNE-S Damperl\u0259r D\u00fczbucaql\u0131 kanallar \u00fc\u00e7\u00fcn uy\u011fun olan idar\u0259etm\u0259 v\u0259 ba\u011flama damperi  D\u00fczbucaql\u0131 kanallar  Manual v\u0259 ya motorlu  Polad konstruksiya  Hava ke\u00e7irm\u0259z      W   200 250 300 350 400 450 500 550 600 650 700 750 800 850 900 950 1000 1050 1100 1150 1200      H 1001502002503003504004505005506006507007508008509009501000    Type of actuation   Handle (-H) Preparation for actuator (-M0) 230V actuator (-M1) 24V actuator (-M2) 24V, 0-10V stepless actuator (-M3) 230V spring actuator (-M4) 24V spring actuator (-M5) 24V, 0-10V stepless spring actuator (-M6)      TUNE-S-200x100-H#420514","og_url":"https:\/\/geoclimate.ge\/az\/product\/tune-s-dampers-control-and-shut-off-damper-suitable-for-rectangular-ducts\/","og_site_name":"GeoClimate.ge","article_modified_time":"2025-09-07T18:38:54+00:00","og_image":[{"width":384,"height":288,"url":"https:\/\/geoclimate.ge\/wp-content\/uploads\/2025\/09\/PRODUCT-MAIN-IMAGE_TUNE_S.jpg","type":"image\/jpeg"}],"twitter_card":"summary_large_image","twitter_misc":{"Est. reading time":"2 minutes"},"schema":{"@context":"https:\/\/schema.org","@graph":[{"@type":"WebPage","@id":"https:\/\/geoclimate.ge\/az\/product\/tune-s-dampers-control-and-shut-off-damper-suitable-for-rectangular-ducts\/","url":"https:\/\/geoclimate.ge\/az\/product\/tune-s-dampers-control-and-shut-off-damper-suitable-for-rectangular-ducts\/","name":"TUNE-S Damperl\u0259r D\u00fczbucaql\u0131 kanallar \u00fc\u00e7\u00fcn uy\u011fun olan idar\u0259etm\u0259 v\u0259 ba\u011flama damperi - GeoClimate.ge","isPartOf":{"@id":"https:\/\/geoclimate.ge\/#website"},"primaryImageOfPage":{"@id":"https:\/\/geoclimate.ge\/az\/product\/tune-s-dampers-control-and-shut-off-damper-suitable-for-rectangular-ducts\/#primaryimage"},"image":{"@id":"https:\/\/geoclimate.ge\/az\/product\/tune-s-dampers-control-and-shut-off-damper-suitable-for-rectangular-ducts\/#primaryimage"},"thumbnailUrl":"https:\/\/geoclimate.ge\/wp-content\/uploads\/2025\/09\/PRODUCT-MAIN-IMAGE_TUNE_S.jpg","datePublished":"2025-09-07T18:35:22+00:00","dateModified":"2025-09-07T18:38:54+00:00","breadcrumb":{"@id":"https:\/\/geoclimate.ge\/az\/product\/tune-s-dampers-control-and-shut-off-damper-suitable-for-rectangular-ducts\/#breadcrumb"},"inLanguage":"az","potentialAction":[{"@type":"ReadAction","target":["https:\/\/geoclimate.ge\/az\/product\/tune-s-dampers-control-and-shut-off-damper-suitable-for-rectangular-ducts\/"]}]},{"@type":"ImageObject","inLanguage":"az","@id":"https:\/\/geoclimate.ge\/az\/product\/tune-s-dampers-control-and-shut-off-damper-suitable-for-rectangular-ducts\/#primaryimage","url":"https:\/\/geoclimate.ge\/wp-content\/uploads\/2025\/09\/PRODUCT-MAIN-IMAGE_TUNE_S.jpg","contentUrl":"https:\/\/geoclimate.ge\/wp-content\/uploads\/2025\/09\/PRODUCT-MAIN-IMAGE_TUNE_S.jpg","width":384,"height":288},{"@type":"BreadcrumbList","@id":"https:\/\/geoclimate.ge\/az\/product\/tune-s-dampers-control-and-shut-off-damper-suitable-for-rectangular-ducts\/#breadcrumb","itemListElement":[{"@type":"ListItem","position":1,"name":"Home","item":"https:\/\/geoclimate.ge\/az\/"},{"@type":"ListItem","position":2,"name":"M\u0259hsullar","item":"https:\/\/geoclimate.ge\/az\/products\/"},{"@type":"ListItem","position":3,"name":"TUNE-S Damperl\u0259r D\u00fczbucaql\u0131 kanallar \u00fc\u00e7\u00fcn uy\u011fun olan idar\u0259etm\u0259 v\u0259 ba\u011flama damperi"}]},{"@type":"WebSite","@id":"https:\/\/geoclimate.ge\/#website","url":"https:\/\/geoclimate.ge\/","name":"GeoClimate","description":"","publisher":{"@id":"https:\/\/geoclimate.ge\/#organization"},"potentialAction":[{"@type":"SearchAction","target":{"@type":"EntryPoint","urlTemplate":"https:\/\/geoclimate.ge\/?s={search_term_string}"},"query-input":{"@type":"PropertyValueSpecification","valueRequired":true,"valueName":"search_term_string"}}],"inLanguage":"az"},{"@type":"Organization","@id":"https:\/\/geoclimate.ge\/#organization","name":"GeoClimate","url":"https:\/\/geoclimate.ge\/","logo":{"@type":"ImageObject","inLanguage":"az","@id":"https:\/\/geoclimate.ge\/#\/schema\/logo\/image\/","url":"https:\/\/geoclimate.ge\/wp-content\/uploads\/2026\/03\/geoclimate-SEO.png","contentUrl":"https:\/\/geoclimate.ge\/wp-content\/uploads\/2026\/03\/geoclimate-SEO.png","width":1536,"height":1024,"caption":"GeoClimate"},"image":{"@id":"https:\/\/geoclimate.ge\/#\/schema\/logo\/image\/"}}]}},"_links":{"self":[{"href":"https:\/\/geoclimate.ge\/az\/wp-json\/wp\/v2\/product\/37360","targetHints":{"allow":["GET"]}}],"collection":[{"href":"https:\/\/geoclimate.ge\/az\/wp-json\/wp\/v2\/product"}],"about":[{"href":"https:\/\/geoclimate.ge\/az\/wp-json\/wp\/v2\/types\/product"}],"wp:featuredmedia":[{"embeddable":true,"href":"https:\/\/geoclimate.ge\/az\/wp-json\/wp\/v2\/media\/37355"}],"wp:attachment":[{"href":"https:\/\/geoclimate.ge\/az\/wp-json\/wp\/v2\/media?parent=37360"}],"wp:term":[{"taxonomy":"product_brand","embeddable":true,"href":"https:\/\/geoclimate.ge\/az\/wp-json\/wp\/v2\/product_brand?post=37360"},{"taxonomy":"product_cat","embeddable":true,"href":"https:\/\/geoclimate.ge\/az\/wp-json\/wp\/v2\/product_cat?post=37360"},{"taxonomy":"product_tag","embeddable":true,"href":"https:\/\/geoclimate.ge\/az\/wp-json\/wp\/v2\/product_tag?post=37360"}],"curies":[{"name":"wp","href":"https:\/\/api.w.org\/{rel}","templated":true}]}}