{"id":37378,"date":"2025-09-07T22:42:11","date_gmt":"2025-09-07T18:42:11","guid":{"rendered":"https:\/\/airsystems.ge\/shop\/product\/tune-r-ahu-dampers-circular-air-flow-adjustment-and-shut-off-damper-suitable-for-indoor-and-outdoor-settings\/"},"modified":"2025-09-07T22:46:53","modified_gmt":"2025-09-07T18:46:53","slug":"tune-r-ahu-dampers-circular-air-flow-adjustment-and-shut-off-damper-suitable-for-indoor-and-outdoor-settings","status":"publish","type":"product","link":"https:\/\/geoclimate.ge\/az\/product\/tune-r-ahu-dampers-circular-air-flow-adjustment-and-shut-off-damper-suitable-for-indoor-and-outdoor-settings\/","title":{"rendered":"TUNE-R-AHU Damperl\u0259r Dair\u0259vi hava ax\u0131n\u0131n\u0131n t\u0259nziml\u0259nm\u0259si v\u0259 s\u00f6nd\u00fcrm\u0259 damperi daxili v\u0259 a\u00e7\u0131q m\u0259kanlar \u00fc\u00e7\u00fcn uy\u011fundur"},"content":{"rendered":"<div class=\"mb-400 gtm-product-section container-fluid\" data-gtm-name=\"Benefits\" data-gtm-label=\"Benefits (en)\" data-gtm-vis-first-on-screen53434917_103=\"46433\" data-gtm-vis-total-visible-time53434917_103=\"1500\" data-gtm-vis-has-fired53434917_103=\"1\">\n<div class=\"row\">\n<div class=\"content-element content-element-product-benefit col-12 sm:col-6 mb-400\">\n<div class=\"bg-card px-300 py-250 mobile-nav:px-200 mobile-nav:py-150 h-full flex overflow-hidden card-border\">\n<div class=\"min-w-0\">\n<p><strong>Hava ax\u0131n\u0131n\u0131n t\u0259nziml\u0259nm\u0259si v\u0259 ba\u011flanma damperi<\/strong><br \/>\nAHU cihazlar\u0131 \u00fc\u00e7\u00fcn TUNE-R dair\u0259vi kanallara qura\u015fd\u0131r\u0131ld\u0131qda h\u0259m hava ax\u0131n\u0131 t\u0259nziml\u0259yicisi, h\u0259m d\u0259 ba\u011flama damperi kimi \u00e7\u0131x\u0131\u015f edir.<\/p>\n<p>&nbsp;<\/p>\n<p><strong>Sinkl\u0259nmi\u015f polad<\/strong><br \/>\nTune-R amortizatorlar\u0131 sinkl\u0259nmi\u015f polad t\u0259b\u0259q\u0259d\u0259n haz\u0131rlan\u0131r. B\u0131\u00e7aq ba\u011fland\u0131qda s\u0131z\u0131nt\u0131lar\u0131 aradan qald\u0131ran rezin conta il\u0259 t\u0259chiz edilmi\u015fdir.<\/p>\n<p>&nbsp;<\/p>\n<p><strong>Daxili \/ Xarici istifad\u0259<\/strong><br \/>\nDamperl\u0259r qapal\u0131 v\u0259 \u015f\u0259rti olaraq a\u00e7\u0131q \u015f\u0259raitd\u0259 s\u0259m\u0259r\u0259li istifad\u0259 edil\u0259 bil\u0259r.<\/p>\n<p>&nbsp;<\/p>\n<p>AHU cihazlar\u0131 \u00fc\u00e7\u00fcn TUNE-R \u0259sas\u0259n hava ax\u0131n\u0131n\u0131n t\u0259nziml\u0259nm\u0259si v\u0259 hermetik ba\u011flanma funksiyalar\u0131n\u0131 \u0259hat\u0259 etm\u0259k \u00fc\u00e7\u00fcn kondisioner qur\u011fular\u0131n\u0131n v\u0259 fan sisteml\u0259rinin bir hiss\u0259si kimi istifad\u0259 olunmaq \u00fc\u00e7\u00fcn n\u0259z\u0259rd\u0259 tutulmu\u015fdur. Damperl\u0259r daxili v\u0259 \u015f\u0259rti olaraq a\u00e7\u0131q hava \u015f\u0259raitind\u0259 istifad\u0259 edil\u0259 bil\u0259r. Onlar elektrik k\u0259silm\u0259si hal\u0131nda yay\u0131 qapal\u0131 v\u0259ziyy\u0259t\u0259 qaytaran elektrik \u00f6t\u00fcr\u00fcc\u00fc il\u0259 t\u0259chiz edilmi\u015fdir. \u018fll\u0259 i\u015fl\u0259m\u0259 v\u0259 t\u0259nziml\u0259m\u0259 d\u0259 m\u00fcmk\u00fcnd\u00fcr.<\/p>\n<p>M\u00fcxt\u0259lif \u00f6l\u00e7\u00fcl\u0259rd\u0259 m\u00f6vcud olan amortizatorlar hava ax\u0131n\u0131n\u0131n h\u0259r iki istiqam\u0259tind\u0259 i\u015fl\u0259y\u0259 bil\u0259r. Damperl\u0259rin hava s\u0131zd\u0131rmazl\u0131\u011f\u0131 EN1751 standart\u0131na uy\u011fun olaraq maksimum 1000 Pa t\u0259zyiq diapazonunda C4 kimi t\u0259snif edilir. M\u0259hsul kanalda qura\u015fd\u0131r\u0131ld\u0131qda -20\u00b0C-d\u0259n 100\u00b0C-d\u0259k v\u0259 ya \u00f6t\u00fcr\u00fcc\u00fcd\u0259 50\u00b0C-\u0259 q\u0259d\u0259r i\u015fl\u0259m\u0259 temperaturu diapazonuna malikdir. TUNE-R amortizatorlar\u0131 sinkl\u0259nmi\u015f polad t\u0259b\u0259q\u0259 konstruksiyas\u0131na malikdir. B\u0131\u00e7aq qapal\u0131 v\u0259ziyy\u0259td\u0259 olduqda s\u0131z\u0131nt\u0131lar\u0131 aradan qald\u0131ran rezin conta il\u0259 t\u0259chiz edilmi\u015fdir. B\u0131\u00e7aq mili \u00f6z\u00fcn\u00fc ya\u011flayan polimer rulmanlarda oturur.<\/p>\n<\/div>\n<\/div>\n<\/div>\n<\/div>\n<\/div>\n","protected":false},"excerpt":{"rendered":"<div>\n<p>TUNE-R-AHU Damperl\u0259r<br \/>\nDair\u0259vi hava ax\u0131n\u0131n\u0131n t\u0259nziml\u0259nm\u0259si v\u0259 s\u00f6nd\u00fcrm\u0259 damperi daxili v\u0259 a\u00e7\u0131q m\u0259kanlar \u00fc\u00e7\u00fcn uy\u011fundur<\/p>\n<p>Daxili \/ Xarici istifad\u0259<\/p>\n<p>Polad konstruksiya<\/p>\n<p>Manual v\u0259 ya aktuatorla idar\u0259 olunur<\/p>\n<p>Bax\u0131m pulsuz<\/p>\n<p>&nbsp;<\/p>\n<\/div>\n<div class=\"flex flex-col gap-200\">\n<div class=\"flex flex-col flex-wrap gap-100 md:flex-row md:items-center gtm-purchase-option\" data-gtm-name=\"size\" data-gtm-label=\"Size\">\n<p><label class=\"flex gap-050 md:w-700 leading-none hyphens-auto print:w-full print:max-w-2\/5 text-label-small\">Size<\/label><\/p>\n<div class=\"flex flex-1 flex-wrap gap-050\"><button class=\"select-btn select-btn-small select-btn-selected gtm-purchase-option-value\" type=\"button\" data-gtm-name=\"200\" data-gtm-label=\"200\">200<\/button><button class=\"select-btn select-btn-small select-btn-default gtm-purchase-option-value\" type=\"button\" data-gtm-name=\"250\" data-gtm-label=\"250\">250<\/button><button class=\"select-btn select-btn-small select-btn-default gtm-purchase-option-value\" type=\"button\" data-gtm-name=\"315\" data-gtm-label=\"315\">315<\/button><button class=\"select-btn select-btn-small select-btn-default gtm-purchase-option-value\" type=\"button\" data-gtm-name=\"400\" data-gtm-label=\"400\">400<\/button><button class=\"select-btn select-btn-small select-btn-default gtm-purchase-option-value\" type=\"button\" data-gtm-name=\"500\" data-gtm-label=\"500\">500<\/button><button class=\"select-btn select-btn-small select-btn-default gtm-purchase-option-value\" type=\"button\" data-gtm-name=\"630\" data-gtm-label=\"630\">630<\/button><\/div>\n<\/div>\n<\/div>\n<div class=\"gtm-sku-info flex flex-col gap-y-050 text-label-tiny text-neutral-600\">\n<div class=\"flex flex-wrap items-baseline gap-x-100 gap-y-025\"><span class=\"gtm-article-name\">TUNE-R-200-3-LF24<\/span><span class=\"whitespace-nowrap gtm-article-number text-base font-bold\">#87582<\/span><\/div>\n<div class=\"flex flex-wrap items-baseline gap-x-100 gap-y-025\"><span class=\"hyphens-auto\">Frequency:<\/span>\u00a050 Hz<\/div>\n<\/div>\n","protected":false},"featured_media":37367,"template":"","meta":[],"product_brand":[],"product_cat":[1982,1867,1843],"product_tag":[],"class_list":{"0":"post-37378","1":"product","2":"type-product","3":"status-publish","4":"has-post-thumbnail","6":"product_cat-dampers-az","7":"product_cat-hava-hcmin-nzart","8":"product_cat-hava-paylayici-mhsullar","10":"first","11":"instock","12":"shipping-taxable","13":"product-type-simple"},"yoast_head":"<!-- This site is optimized with the Yoast SEO plugin v27.1.1 - https:\/\/yoast.com\/product\/yoast-seo-wordpress\/ -->\n<title>TUNE-R-AHU Damperl\u0259r Dair\u0259vi hava ax\u0131n\u0131n\u0131n t\u0259nziml\u0259nm\u0259si v\u0259 s\u00f6nd\u00fcrm\u0259 damperi daxili v\u0259 a\u00e7\u0131q m\u0259kanlar \u00fc\u00e7\u00fcn uy\u011fundur - GeoClimate.ge<\/title>\n<meta name=\"robots\" content=\"index, follow, max-snippet:-1, max-image-preview:large, max-video-preview:-1\" \/>\n<link rel=\"canonical\" href=\"https:\/\/geoclimate.ge\/az\/product\/tune-r-ahu-dampers-circular-air-flow-adjustment-and-shut-off-damper-suitable-for-indoor-and-outdoor-settings\/\" \/>\n<meta property=\"og:locale\" content=\"az_AZ\" \/>\n<meta property=\"og:type\" content=\"article\" \/>\n<meta property=\"og:title\" content=\"TUNE-R-AHU Damperl\u0259r Dair\u0259vi hava ax\u0131n\u0131n\u0131n t\u0259nziml\u0259nm\u0259si v\u0259 s\u00f6nd\u00fcrm\u0259 damperi daxili v\u0259 a\u00e7\u0131q m\u0259kanlar \u00fc\u00e7\u00fcn uy\u011fundur - GeoClimate.ge\" \/>\n<meta property=\"og:description\" content=\"TUNE-R-AHU Damperl\u0259r Dair\u0259vi hava ax\u0131n\u0131n\u0131n t\u0259nziml\u0259nm\u0259si v\u0259 s\u00f6nd\u00fcrm\u0259 damperi daxili v\u0259 a\u00e7\u0131q m\u0259kanlar \u00fc\u00e7\u00fcn uy\u011fundur  Daxili \/ Xarici istifad\u0259  Polad konstruksiya  Manual v\u0259 ya aktuatorla idar\u0259 olunur  Bax\u0131m pulsuz  &nbsp;      Size 200250315400500630    TUNE-R-200-3-LF24#87582 Frequency:\u00a050 Hz\" \/>\n<meta property=\"og:url\" content=\"https:\/\/geoclimate.ge\/az\/product\/tune-r-ahu-dampers-circular-air-flow-adjustment-and-shut-off-damper-suitable-for-indoor-and-outdoor-settings\/\" \/>\n<meta property=\"og:site_name\" content=\"GeoClimate.ge\" \/>\n<meta property=\"article:modified_time\" content=\"2025-09-07T18:46:53+00:00\" \/>\n<meta property=\"og:image\" content=\"https:\/\/geoclimate.ge\/wp-content\/uploads\/2025\/09\/PRODUCT-MAIN-IMAGE_TUNE_R_AHU.jpg\" \/>\n\t<meta property=\"og:image:width\" content=\"384\" \/>\n\t<meta property=\"og:image:height\" content=\"288\" \/>\n\t<meta property=\"og:image:type\" content=\"image\/jpeg\" \/>\n<meta name=\"twitter:card\" content=\"summary_large_image\" \/>\n<meta name=\"twitter:label1\" content=\"Est. reading time\" \/>\n\t<meta name=\"twitter:data1\" content=\"2 minutes\" \/>\n<script type=\"application\/ld+json\" class=\"yoast-schema-graph\">{\"@context\":\"https:\/\/schema.org\",\"@graph\":[{\"@type\":\"WebPage\",\"@id\":\"https:\/\/geoclimate.ge\/az\/product\/tune-r-ahu-dampers-circular-air-flow-adjustment-and-shut-off-damper-suitable-for-indoor-and-outdoor-settings\/\",\"url\":\"https:\/\/geoclimate.ge\/az\/product\/tune-r-ahu-dampers-circular-air-flow-adjustment-and-shut-off-damper-suitable-for-indoor-and-outdoor-settings\/\",\"name\":\"TUNE-R-AHU Damperl\u0259r Dair\u0259vi hava ax\u0131n\u0131n\u0131n t\u0259nziml\u0259nm\u0259si v\u0259 s\u00f6nd\u00fcrm\u0259 damperi daxili v\u0259 a\u00e7\u0131q m\u0259kanlar \u00fc\u00e7\u00fcn uy\u011fundur - GeoClimate.ge\",\"isPartOf\":{\"@id\":\"https:\/\/geoclimate.ge\/#website\"},\"primaryImageOfPage\":{\"@id\":\"https:\/\/geoclimate.ge\/az\/product\/tune-r-ahu-dampers-circular-air-flow-adjustment-and-shut-off-damper-suitable-for-indoor-and-outdoor-settings\/#primaryimage\"},\"image\":{\"@id\":\"https:\/\/geoclimate.ge\/az\/product\/tune-r-ahu-dampers-circular-air-flow-adjustment-and-shut-off-damper-suitable-for-indoor-and-outdoor-settings\/#primaryimage\"},\"thumbnailUrl\":\"https:\/\/geoclimate.ge\/wp-content\/uploads\/2025\/09\/PRODUCT-MAIN-IMAGE_TUNE_R_AHU.jpg\",\"datePublished\":\"2025-09-07T18:42:11+00:00\",\"dateModified\":\"2025-09-07T18:46:53+00:00\",\"breadcrumb\":{\"@id\":\"https:\/\/geoclimate.ge\/az\/product\/tune-r-ahu-dampers-circular-air-flow-adjustment-and-shut-off-damper-suitable-for-indoor-and-outdoor-settings\/#breadcrumb\"},\"inLanguage\":\"az\",\"potentialAction\":[{\"@type\":\"ReadAction\",\"target\":[\"https:\/\/geoclimate.ge\/az\/product\/tune-r-ahu-dampers-circular-air-flow-adjustment-and-shut-off-damper-suitable-for-indoor-and-outdoor-settings\/\"]}]},{\"@type\":\"ImageObject\",\"inLanguage\":\"az\",\"@id\":\"https:\/\/geoclimate.ge\/az\/product\/tune-r-ahu-dampers-circular-air-flow-adjustment-and-shut-off-damper-suitable-for-indoor-and-outdoor-settings\/#primaryimage\",\"url\":\"https:\/\/geoclimate.ge\/wp-content\/uploads\/2025\/09\/PRODUCT-MAIN-IMAGE_TUNE_R_AHU.jpg\",\"contentUrl\":\"https:\/\/geoclimate.ge\/wp-content\/uploads\/2025\/09\/PRODUCT-MAIN-IMAGE_TUNE_R_AHU.jpg\",\"width\":384,\"height\":288},{\"@type\":\"BreadcrumbList\",\"@id\":\"https:\/\/geoclimate.ge\/az\/product\/tune-r-ahu-dampers-circular-air-flow-adjustment-and-shut-off-damper-suitable-for-indoor-and-outdoor-settings\/#breadcrumb\",\"itemListElement\":[{\"@type\":\"ListItem\",\"position\":1,\"name\":\"Home\",\"item\":\"https:\/\/geoclimate.ge\/az\/\"},{\"@type\":\"ListItem\",\"position\":2,\"name\":\"M\u0259hsullar\",\"item\":\"https:\/\/geoclimate.ge\/az\/products\/\"},{\"@type\":\"ListItem\",\"position\":3,\"name\":\"TUNE-R-AHU Damperl\u0259r Dair\u0259vi hava ax\u0131n\u0131n\u0131n t\u0259nziml\u0259nm\u0259si v\u0259 s\u00f6nd\u00fcrm\u0259 damperi daxili v\u0259 a\u00e7\u0131q m\u0259kanlar \u00fc\u00e7\u00fcn uy\u011fundur\"}]},{\"@type\":\"WebSite\",\"@id\":\"https:\/\/geoclimate.ge\/#website\",\"url\":\"https:\/\/geoclimate.ge\/\",\"name\":\"GeoClimate\",\"description\":\"\",\"publisher\":{\"@id\":\"https:\/\/geoclimate.ge\/#organization\"},\"potentialAction\":[{\"@type\":\"SearchAction\",\"target\":{\"@type\":\"EntryPoint\",\"urlTemplate\":\"https:\/\/geoclimate.ge\/?s={search_term_string}\"},\"query-input\":{\"@type\":\"PropertyValueSpecification\",\"valueRequired\":true,\"valueName\":\"search_term_string\"}}],\"inLanguage\":\"az\"},{\"@type\":\"Organization\",\"@id\":\"https:\/\/geoclimate.ge\/#organization\",\"name\":\"GeoClimate\",\"url\":\"https:\/\/geoclimate.ge\/\",\"logo\":{\"@type\":\"ImageObject\",\"inLanguage\":\"az\",\"@id\":\"https:\/\/geoclimate.ge\/#\/schema\/logo\/image\/\",\"url\":\"https:\/\/geoclimate.ge\/wp-content\/uploads\/2026\/03\/geoclimate-SEO.png\",\"contentUrl\":\"https:\/\/geoclimate.ge\/wp-content\/uploads\/2026\/03\/geoclimate-SEO.png\",\"width\":1536,\"height\":1024,\"caption\":\"GeoClimate\"},\"image\":{\"@id\":\"https:\/\/geoclimate.ge\/#\/schema\/logo\/image\/\"}}]}<\/script>\n<!-- \/ Yoast SEO plugin. -->","yoast_head_json":{"title":"TUNE-R-AHU Damperl\u0259r Dair\u0259vi hava ax\u0131n\u0131n\u0131n t\u0259nziml\u0259nm\u0259si v\u0259 s\u00f6nd\u00fcrm\u0259 damperi daxili v\u0259 a\u00e7\u0131q m\u0259kanlar \u00fc\u00e7\u00fcn uy\u011fundur - GeoClimate.ge","robots":{"index":"index","follow":"follow","max-snippet":"max-snippet:-1","max-image-preview":"max-image-preview:large","max-video-preview":"max-video-preview:-1"},"canonical":"https:\/\/geoclimate.ge\/az\/product\/tune-r-ahu-dampers-circular-air-flow-adjustment-and-shut-off-damper-suitable-for-indoor-and-outdoor-settings\/","og_locale":"az_AZ","og_type":"article","og_title":"TUNE-R-AHU Damperl\u0259r Dair\u0259vi hava ax\u0131n\u0131n\u0131n t\u0259nziml\u0259nm\u0259si v\u0259 s\u00f6nd\u00fcrm\u0259 damperi daxili v\u0259 a\u00e7\u0131q m\u0259kanlar \u00fc\u00e7\u00fcn uy\u011fundur - GeoClimate.ge","og_description":"TUNE-R-AHU Damperl\u0259r Dair\u0259vi hava ax\u0131n\u0131n\u0131n t\u0259nziml\u0259nm\u0259si v\u0259 s\u00f6nd\u00fcrm\u0259 damperi daxili v\u0259 a\u00e7\u0131q m\u0259kanlar \u00fc\u00e7\u00fcn uy\u011fundur  Daxili \/ Xarici istifad\u0259  Polad konstruksiya  Manual v\u0259 ya aktuatorla idar\u0259 olunur  Bax\u0131m pulsuz  &nbsp;      Size 200250315400500630    TUNE-R-200-3-LF24#87582 Frequency:\u00a050 Hz","og_url":"https:\/\/geoclimate.ge\/az\/product\/tune-r-ahu-dampers-circular-air-flow-adjustment-and-shut-off-damper-suitable-for-indoor-and-outdoor-settings\/","og_site_name":"GeoClimate.ge","article_modified_time":"2025-09-07T18:46:53+00:00","og_image":[{"width":384,"height":288,"url":"https:\/\/geoclimate.ge\/wp-content\/uploads\/2025\/09\/PRODUCT-MAIN-IMAGE_TUNE_R_AHU.jpg","type":"image\/jpeg"}],"twitter_card":"summary_large_image","twitter_misc":{"Est. reading time":"2 minutes"},"schema":{"@context":"https:\/\/schema.org","@graph":[{"@type":"WebPage","@id":"https:\/\/geoclimate.ge\/az\/product\/tune-r-ahu-dampers-circular-air-flow-adjustment-and-shut-off-damper-suitable-for-indoor-and-outdoor-settings\/","url":"https:\/\/geoclimate.ge\/az\/product\/tune-r-ahu-dampers-circular-air-flow-adjustment-and-shut-off-damper-suitable-for-indoor-and-outdoor-settings\/","name":"TUNE-R-AHU Damperl\u0259r Dair\u0259vi hava ax\u0131n\u0131n\u0131n t\u0259nziml\u0259nm\u0259si v\u0259 s\u00f6nd\u00fcrm\u0259 damperi daxili v\u0259 a\u00e7\u0131q m\u0259kanlar \u00fc\u00e7\u00fcn uy\u011fundur - GeoClimate.ge","isPartOf":{"@id":"https:\/\/geoclimate.ge\/#website"},"primaryImageOfPage":{"@id":"https:\/\/geoclimate.ge\/az\/product\/tune-r-ahu-dampers-circular-air-flow-adjustment-and-shut-off-damper-suitable-for-indoor-and-outdoor-settings\/#primaryimage"},"image":{"@id":"https:\/\/geoclimate.ge\/az\/product\/tune-r-ahu-dampers-circular-air-flow-adjustment-and-shut-off-damper-suitable-for-indoor-and-outdoor-settings\/#primaryimage"},"thumbnailUrl":"https:\/\/geoclimate.ge\/wp-content\/uploads\/2025\/09\/PRODUCT-MAIN-IMAGE_TUNE_R_AHU.jpg","datePublished":"2025-09-07T18:42:11+00:00","dateModified":"2025-09-07T18:46:53+00:00","breadcrumb":{"@id":"https:\/\/geoclimate.ge\/az\/product\/tune-r-ahu-dampers-circular-air-flow-adjustment-and-shut-off-damper-suitable-for-indoor-and-outdoor-settings\/#breadcrumb"},"inLanguage":"az","potentialAction":[{"@type":"ReadAction","target":["https:\/\/geoclimate.ge\/az\/product\/tune-r-ahu-dampers-circular-air-flow-adjustment-and-shut-off-damper-suitable-for-indoor-and-outdoor-settings\/"]}]},{"@type":"ImageObject","inLanguage":"az","@id":"https:\/\/geoclimate.ge\/az\/product\/tune-r-ahu-dampers-circular-air-flow-adjustment-and-shut-off-damper-suitable-for-indoor-and-outdoor-settings\/#primaryimage","url":"https:\/\/geoclimate.ge\/wp-content\/uploads\/2025\/09\/PRODUCT-MAIN-IMAGE_TUNE_R_AHU.jpg","contentUrl":"https:\/\/geoclimate.ge\/wp-content\/uploads\/2025\/09\/PRODUCT-MAIN-IMAGE_TUNE_R_AHU.jpg","width":384,"height":288},{"@type":"BreadcrumbList","@id":"https:\/\/geoclimate.ge\/az\/product\/tune-r-ahu-dampers-circular-air-flow-adjustment-and-shut-off-damper-suitable-for-indoor-and-outdoor-settings\/#breadcrumb","itemListElement":[{"@type":"ListItem","position":1,"name":"Home","item":"https:\/\/geoclimate.ge\/az\/"},{"@type":"ListItem","position":2,"name":"M\u0259hsullar","item":"https:\/\/geoclimate.ge\/az\/products\/"},{"@type":"ListItem","position":3,"name":"TUNE-R-AHU Damperl\u0259r Dair\u0259vi hava ax\u0131n\u0131n\u0131n t\u0259nziml\u0259nm\u0259si v\u0259 s\u00f6nd\u00fcrm\u0259 damperi daxili v\u0259 a\u00e7\u0131q m\u0259kanlar \u00fc\u00e7\u00fcn uy\u011fundur"}]},{"@type":"WebSite","@id":"https:\/\/geoclimate.ge\/#website","url":"https:\/\/geoclimate.ge\/","name":"GeoClimate","description":"","publisher":{"@id":"https:\/\/geoclimate.ge\/#organization"},"potentialAction":[{"@type":"SearchAction","target":{"@type":"EntryPoint","urlTemplate":"https:\/\/geoclimate.ge\/?s={search_term_string}"},"query-input":{"@type":"PropertyValueSpecification","valueRequired":true,"valueName":"search_term_string"}}],"inLanguage":"az"},{"@type":"Organization","@id":"https:\/\/geoclimate.ge\/#organization","name":"GeoClimate","url":"https:\/\/geoclimate.ge\/","logo":{"@type":"ImageObject","inLanguage":"az","@id":"https:\/\/geoclimate.ge\/#\/schema\/logo\/image\/","url":"https:\/\/geoclimate.ge\/wp-content\/uploads\/2026\/03\/geoclimate-SEO.png","contentUrl":"https:\/\/geoclimate.ge\/wp-content\/uploads\/2026\/03\/geoclimate-SEO.png","width":1536,"height":1024,"caption":"GeoClimate"},"image":{"@id":"https:\/\/geoclimate.ge\/#\/schema\/logo\/image\/"}}]}},"_links":{"self":[{"href":"https:\/\/geoclimate.ge\/az\/wp-json\/wp\/v2\/product\/37378","targetHints":{"allow":["GET"]}}],"collection":[{"href":"https:\/\/geoclimate.ge\/az\/wp-json\/wp\/v2\/product"}],"about":[{"href":"https:\/\/geoclimate.ge\/az\/wp-json\/wp\/v2\/types\/product"}],"wp:featuredmedia":[{"embeddable":true,"href":"https:\/\/geoclimate.ge\/az\/wp-json\/wp\/v2\/media\/37367"}],"wp:attachment":[{"href":"https:\/\/geoclimate.ge\/az\/wp-json\/wp\/v2\/media?parent=37378"}],"wp:term":[{"taxonomy":"product_brand","embeddable":true,"href":"https:\/\/geoclimate.ge\/az\/wp-json\/wp\/v2\/product_brand?post=37378"},{"taxonomy":"product_cat","embeddable":true,"href":"https:\/\/geoclimate.ge\/az\/wp-json\/wp\/v2\/product_cat?post=37378"},{"taxonomy":"product_tag","embeddable":true,"href":"https:\/\/geoclimate.ge\/az\/wp-json\/wp\/v2\/product_tag?post=37378"}],"curies":[{"name":"wp","href":"https:\/\/api.w.org\/{rel}","templated":true}]}}