{"id":37396,"date":"2025-09-07T22:50:34","date_gmt":"2025-09-07T18:50:34","guid":{"rendered":"https:\/\/airsystems.ge\/shop\/product\/tune-r-ex-dampers-control-shut-off-damper-suitable-for-explosive-atmospheres\/"},"modified":"2025-09-07T23:00:06","modified_gmt":"2025-09-07T19:00:06","slug":"tune-r-ex-dampers-control-shut-off-damper-suitable-for-explosive-atmospheres","status":"publish","type":"product","link":"https:\/\/geoclimate.ge\/az\/product\/tune-r-ex-dampers-control-shut-off-damper-suitable-for-explosive-atmospheres\/","title":{"rendered":"TUNE-R-EX amortizatorlar\u0131 Partlay\u0131c\u0131 m\u00fchitl\u0259r \u00fc\u00e7\u00fcn uy\u011fun N\u0259zar\u0259t v\u0259 Ba\u011flama Damperi"},"content":{"rendered":"<div class=\"mb-400 gtm-product-section container-fluid\" data-gtm-name=\"Benefits\" data-gtm-label=\"Benefits (en)\" data-gtm-vis-first-on-screen53434917_103=\"118852\" data-gtm-vis-total-visible-time53434917_103=\"1500\" data-gtm-vis-has-fired53434917_103=\"1\">\n<div class=\"row\">\n<div class=\"content-element content-element-product-benefit col-12 sm:col-6 mb-400\">\n<div class=\"bg-card px-300 py-250 mobile-nav:px-200 mobile-nav:py-150 h-full flex overflow-hidden card-border\">\n<div class=\"min-w-0\">\n<p><strong>Partlay\u0131c\u0131 m\u00fchitl\u0259rd\u0259 istifad\u0259 edin<\/strong><br \/>\nTUNE-R-EX partlay\u0131c\u0131 v\u0259 t\u0259hl\u00fck\u0259li atmosferl\u0259rd\u0259 t\u0259hl\u00fck\u0259siz v\u0259 effektiv ventilyasiya t\u0259min etm\u0259k \u00fc\u00e7\u00fcn n\u0259z\u0259rd\u0259 tutulmu\u015f idar\u0259etm\u0259 v\u0259 s\u00f6nd\u00fcrm\u0259 damperidir.<\/p>\n<p>&nbsp;<\/p>\n<p><strong>Aktuator v\u0259 \u0259l versiyalar\u0131<\/strong><br \/>\nTUNE-R-EX amortizatoru h\u0259m \u00f6t\u00fcr\u00fcc\u00fc il\u0259 idar\u0259 olunan, h\u0259m d\u0259 mexaniki versiyalarda m\u00f6vcuddur.<\/p>\n<p>&nbsp;<\/p>\n<p><strong>Polad konstruksiya<\/strong><br \/>\nTUNE-R-EX-in korpusu, amortizator b\u0131\u00e7a\u011f\u0131 v\u0259 \u00f6t\u00fcrm\u0259 platformas\u0131 ham\u0131s\u0131 sinkl\u0259nmi\u015f poladdan haz\u0131rlanm\u0131\u015fd\u0131r.<\/p>\n<p>&nbsp;<\/p>\n<p>TUNE-R-EX partlay\u0131c\u0131 v\u0259 potensial t\u0259hl\u00fck\u0259li atmosferl\u0259rd\u0259 t\u0259hl\u00fck\u0259siz v\u0259 effektiv ventilyasiya t\u0259min etm\u0259k \u00fc\u00e7\u00fcn n\u0259z\u0259rd\u0259 tutulmu\u015f idar\u0259etm\u0259 v\u0259 s\u00f6nd\u00fcrm\u0259 damperidir. M\u00fcxt\u0259lif \u00f6l\u00e7\u00fcl\u0259rd\u0259 m\u00f6vcuddur, m\u00fcnt\u0259z\u0259m olaraq s\u0259naye v\u0259 istehsalat t\u0259tbiql\u0259rind\u0259 istifad\u0259 olunur. Damper qur\u011fusu \u00f6t\u00fcr\u00fcc\u00fcl\u00fc v\u0259 \u00f6t\u00fcr\u00fcc\u00fcn\u00fcn qura\u015fd\u0131r\u0131lmas\u0131 \u00fc\u00e7\u00fcn haz\u0131rlanm\u0131\u015f v\u0259 \u0259l il\u0259 t\u0259nziml\u0259m\u0259 qolu olan versiyalarda m\u00f6vcuddur. Damper 1000 Pa-a q\u0259d\u0259r kanal statik t\u0259zyiqi \u00fc\u00e7\u00fcn EN1751-\u0259 uy\u011fun olaraq C4 s\u0131zd\u0131rmazl\u0131q sinfin\u0259 malikdir.<\/p>\n<p>TUNE-R-EX-in korpusu, amortizator b\u0131\u00e7a\u011f\u0131 v\u0259 \u00f6t\u00fcrm\u0259 platformas\u0131 ham\u0131s\u0131 sinkl\u0259nmi\u015f poladdan haz\u0131rlanm\u0131\u015fd\u0131r. A316 paslanmayan poladdan haz\u0131rlanm\u0131\u015f h\u0259m korpus, h\u0259m d\u0259 b\u0131\u00e7aq olan versiya da m\u00f6vcuddur. Damperin metal hiss\u0259l\u0259ri elektrik ekvipotensial qar\u015f\u0131l\u0131ql\u0131 \u0259laq\u0259sin\u0259 malikdir. Korpusda ekvipotensial v\u0259 ya torpaqlama sistemi \u00fc\u00e7\u00fcn birl\u0259\u015fdirici m\u00f6vcuddur. Kanal birl\u0259\u015fm\u0259l\u0259ri v\u0259 damper b\u0131\u00e7a\u011f\u0131 artan elektrik ke\u00e7iriciliyi il\u0259 EPDM-d\u0259n haz\u0131rlanm\u0131\u015f contalara malikdir. Bu, elektrostatik y\u00fckd\u0259n effektiv qorunma t\u0259min edir.<\/p>\n<\/div>\n<\/div>\n<\/div>\n<\/div>\n<\/div>\n","protected":false},"excerpt":{"rendered":"<div>\n<p>TUNE-R-EX amortizatorlar\u0131<br \/>\nPartlay\u0131c\u0131 m\u00fchitl\u0259r \u00fc\u00e7\u00fcn uy\u011fun N\u0259zar\u0259t v\u0259 Ba\u011flama Damperi<\/p>\n<p>N\u0259zar\u0259t v\u0259 Kapatma<\/p>\n<p>Partlay\u0131c\u0131 atmosferl\u0259r<\/p>\n<p>Aktuator v\u0259 Manual versiyalar\u0131<\/p>\n<p>Polad korpus<\/p>\n<\/div>\n<div class=\"flex flex-col gap-200\">\n<div class=\"flex flex-col flex-wrap gap-100 md:flex-row md:items-center gtm-purchase-option\" data-gtm-name=\"size\" data-gtm-label=\"Dimension (Nominal Diameter)\">\n<p><label class=\"flex gap-050 md:w-700 leading-none hyphens-auto print:w-full print:max-w-2\/5 text-label-small\">Dimension (Nominal Diameter)<\/label><\/p>\n<div class=\"flex flex-1 flex-wrap gap-050\"><button class=\"select-btn select-btn-small select-btn-selected gtm-purchase-option-value\" type=\"button\" data-gtm-name=\"100\" data-gtm-label=\"100\">100<\/button><button class=\"select-btn select-btn-small select-btn-default gtm-purchase-option-value\" type=\"button\" data-gtm-name=\"125\" data-gtm-label=\"125\">125<\/button><button class=\"select-btn select-btn-small select-btn-default gtm-purchase-option-value\" type=\"button\" data-gtm-name=\"140\" data-gtm-label=\"140\">140<\/button><button class=\"select-btn select-btn-small select-btn-default gtm-purchase-option-value\" type=\"button\" data-gtm-name=\"160\" data-gtm-label=\"160\">160<\/button><button class=\"select-btn select-btn-small select-btn-default gtm-purchase-option-value\" type=\"button\" data-gtm-name=\"180\" data-gtm-label=\"180\">180<\/button><button class=\"select-btn select-btn-small select-btn-default gtm-purchase-option-value\" type=\"button\" data-gtm-name=\"200\" data-gtm-label=\"200\">200<\/button><button class=\"select-btn select-btn-small select-btn-default gtm-purchase-option-value\" type=\"button\" data-gtm-name=\"225\" data-gtm-label=\"225\">225<\/button><button class=\"select-btn select-btn-small select-btn-default gtm-purchase-option-value\" type=\"button\" data-gtm-name=\"250\" data-gtm-label=\"250\">250<\/button><button class=\"select-btn select-btn-small select-btn-default gtm-purchase-option-value\" type=\"button\" data-gtm-name=\"280\" data-gtm-label=\"280\">280<\/button><button class=\"select-btn select-btn-small select-btn-default gtm-purchase-option-value\" type=\"button\" data-gtm-name=\"315\" data-gtm-label=\"315\">315<\/button><button class=\"select-btn select-btn-small select-btn-default gtm-purchase-option-value\" type=\"button\" data-gtm-name=\"355\" data-gtm-label=\"355\">355<\/button><button class=\"select-btn select-btn-small select-btn-default gtm-purchase-option-value\" type=\"button\" data-gtm-name=\"400\" data-gtm-label=\"400\">400<\/button><button class=\"select-btn select-btn-small select-btn-default gtm-purchase-option-value\" type=\"button\" data-gtm-name=\"450\" data-gtm-label=\"450\">450<\/button><button class=\"select-btn select-btn-small select-btn-default gtm-purchase-option-value\" type=\"button\" data-gtm-name=\"500\" data-gtm-label=\"500\">500<\/button><button class=\"select-btn select-btn-small select-btn-default gtm-purchase-option-value\" type=\"button\" data-gtm-name=\"560\" data-gtm-label=\"560\">560<\/button><button class=\"select-btn select-btn-small select-btn-default gtm-purchase-option-value\" type=\"button\" data-gtm-name=\"630\" data-gtm-label=\"630\">630<\/button><\/div>\n<\/div>\n<div class=\"flex flex-col flex-wrap gap-100 md:flex-row md:items-center gtm-purchase-option\" data-gtm-name=\"product_type\" data-gtm-label=\"Product Type\">\n<p><label class=\"flex gap-050 md:w-700 leading-none hyphens-auto print:w-full print:max-w-2\/5 text-label-small\">Product Type<\/label><\/p>\n<div class=\"flex flex-1 flex-wrap gap-050\">\n<div class=\"dropdown-wrapper dropdown-wrapper-small w-full gtm-purchase-option-value gtm-purchase-option-value-dropdown\"><select class=\"form-dropdown form-input form-dropdown-small\"><option value=\"0\" data-gtm-name=\"Preparation for actuator with manual adjustment lever\" data-gtm-label=\"Preparation for actuator with manual adjustment lever\">Preparation for actuator with manual adjustment lever<\/option><option value=\"3\" data-gtm-name=\"Stepless (0 V ... 10 V) actuator AC\/DC 24 V, elevated ATEX classification for zone 1, 2, 21, 22\" data-gtm-label=\"Stepless (0 V ... 10 V) actuator AC\/DC 24 V, elevated ATEX classification for zone 1, 2, 21, 22\">Stepless (0 V &#8230; 10 V) actuator AC\/DC 24 V, elevated ATEX classification for zone 1, 2, 21, 22<\/option><option value=\"6\" data-gtm-name=\"Stepless (0 V ... 10 V) spring return actuator AC\/DC 24 V, elevated ATEX classification for zone 1, 2, 21, 22\" data-gtm-label=\"Stepless (0 V ... 10 V) spring return actuator AC\/DC 24 V, elevated ATEX classification for zone 1, 2, 21, 22\">Stepless (0 V &#8230; 10 V) spring return actuator AC\/DC 24 V, elevated ATEX classification for zone 1, 2, 21, 22<\/option><option value=\"10\" data-gtm-name=\"Stepless (0 V ... 10 V) actuator AC\/DC 24 V, basic ATEX classification for zone 2, 22\" data-gtm-label=\"Stepless (0 V ... 10 V) actuator AC\/DC 24 V, basic ATEX classification for zone 2, 22\">Stepless (0 V &#8230; 10 V) actuator AC\/DC 24 V, basic ATEX classification for zone 2, 22<\/option><option value=\"11\" data-gtm-name=\"Stepless (0 V ... 10 V) spring return actuator AC\/DC 24 V, basic ATEX classification for zone 2, 22\" data-gtm-label=\"Stepless (0 V ... 10 V) spring return actuator AC\/DC 24 V, basic ATEX classification for zone 2, 22\">Stepless (0 V &#8230; 10 V) spring return actuator AC\/DC 24 V, basic ATEX classification for zone 2, 22<\/option><\/select><\/div>\n<\/div>\n<\/div>\n<div class=\"flex flex-col flex-wrap gap-100 md:flex-row md:items-center gtm-purchase-option\" data-gtm-name=\"damper_material\" data-gtm-label=\"Damper Material\">\n<p><label class=\"flex gap-050 md:w-700 leading-none hyphens-auto print:w-full print:max-w-2\/5 text-label-small\">Damper Material<\/label><\/p>\n<div class=\"flex flex-1 flex-wrap gap-050\"><button class=\"select-btn select-btn-small select-btn-selected gtm-purchase-option-value\" type=\"button\" data-gtm-name=\"Galvanized steel\" data-gtm-label=\"Galvanized steel\">Galvanized steel<\/button><button class=\"select-btn select-btn-small select-btn-default gtm-purchase-option-value\" type=\"button\" data-gtm-name=\"Stainless steel A316\" data-gtm-label=\"Stainless steel A316\">Stainless steel A316<\/button><\/div>\n<\/div>\n<\/div>\n<div class=\"gtm-sku-info flex flex-col gap-y-050 text-label-tiny text-neutral-600\">\n<div class=\"flex flex-wrap items-baseline gap-x-100 gap-y-025\"><span class=\"gtm-article-name\">TUNE-R-EX-100-M0<\/span><span class=\"whitespace-nowrap gtm-article-number text-base font-bold\">#251529<\/span><\/div>\n<\/div>\n","protected":false},"featured_media":37385,"template":"","meta":[],"product_brand":[],"product_cat":[1982,1867,1843],"product_tag":[],"class_list":{"0":"post-37396","1":"product","2":"type-product","3":"status-publish","4":"has-post-thumbnail","6":"product_cat-dampers-az","7":"product_cat-hava-hcmin-nzart","8":"product_cat-hava-paylayici-mhsullar","10":"first","11":"instock","12":"shipping-taxable","13":"product-type-simple"},"yoast_head":"<!-- This site is optimized with the Yoast SEO plugin v27.1.1 - https:\/\/yoast.com\/product\/yoast-seo-wordpress\/ -->\n<title>TUNE-R-EX amortizatorlar\u0131 Partlay\u0131c\u0131 m\u00fchitl\u0259r \u00fc\u00e7\u00fcn uy\u011fun N\u0259zar\u0259t v\u0259 Ba\u011flama Damperi - GeoClimate.ge<\/title>\n<meta name=\"robots\" content=\"index, follow, max-snippet:-1, max-image-preview:large, max-video-preview:-1\" \/>\n<link rel=\"canonical\" href=\"https:\/\/geoclimate.ge\/az\/product\/tune-r-ex-dampers-control-shut-off-damper-suitable-for-explosive-atmospheres\/\" \/>\n<meta property=\"og:locale\" content=\"az_AZ\" \/>\n<meta property=\"og:type\" content=\"article\" \/>\n<meta property=\"og:title\" content=\"TUNE-R-EX amortizatorlar\u0131 Partlay\u0131c\u0131 m\u00fchitl\u0259r \u00fc\u00e7\u00fcn uy\u011fun N\u0259zar\u0259t v\u0259 Ba\u011flama Damperi - GeoClimate.ge\" \/>\n<meta property=\"og:description\" content=\"TUNE-R-EX amortizatorlar\u0131 Partlay\u0131c\u0131 m\u00fchitl\u0259r \u00fc\u00e7\u00fcn uy\u011fun N\u0259zar\u0259t v\u0259 Ba\u011flama Damperi  N\u0259zar\u0259t v\u0259 Kapatma  Partlay\u0131c\u0131 atmosferl\u0259r  Aktuator v\u0259 Manual versiyalar\u0131  Polad korpus      Dimension (Nominal Diameter) 100125140160180200225250280315355400450500560630    Product Type   Preparation for actuator with manual adjustment lever Stepless (0 V ... 10 V) actuator AC\/DC 24 V, elevated ATEX classification for zone 1, 2, 21, 22 Stepless (0 V ... 10 V) spring return actuator AC\/DC 24 V, elevated ATEX classification for zone 1, 2, 21, 22 Stepless (0 V ... 10 V) actuator AC\/DC 24 V, basic ATEX classification for zone 2, 22 Stepless (0 V ... 10 V) spring return actuator AC\/DC 24 V, basic ATEX classification for zone 2, 22      Damper Material Galvanized steelStainless steel A316    TUNE-R-EX-100-M0#251529\" \/>\n<meta property=\"og:url\" content=\"https:\/\/geoclimate.ge\/az\/product\/tune-r-ex-dampers-control-shut-off-damper-suitable-for-explosive-atmospheres\/\" \/>\n<meta property=\"og:site_name\" content=\"GeoClimate.ge\" \/>\n<meta property=\"article:modified_time\" content=\"2025-09-07T19:00:06+00:00\" \/>\n<meta property=\"og:image\" content=\"https:\/\/geoclimate.ge\/wp-content\/uploads\/2025\/09\/PRODUCT-MAIN-IMAGE_TUNE_R_EX.jpg\" \/>\n\t<meta property=\"og:image:width\" content=\"384\" \/>\n\t<meta property=\"og:image:height\" content=\"288\" \/>\n\t<meta property=\"og:image:type\" content=\"image\/jpeg\" \/>\n<meta name=\"twitter:card\" content=\"summary_large_image\" \/>\n<meta name=\"twitter:label1\" content=\"Est. reading time\" \/>\n\t<meta name=\"twitter:data1\" content=\"1 minute\" \/>\n<script type=\"application\/ld+json\" class=\"yoast-schema-graph\">{\"@context\":\"https:\/\/schema.org\",\"@graph\":[{\"@type\":\"WebPage\",\"@id\":\"https:\/\/geoclimate.ge\/az\/product\/tune-r-ex-dampers-control-shut-off-damper-suitable-for-explosive-atmospheres\/\",\"url\":\"https:\/\/geoclimate.ge\/az\/product\/tune-r-ex-dampers-control-shut-off-damper-suitable-for-explosive-atmospheres\/\",\"name\":\"TUNE-R-EX amortizatorlar\u0131 Partlay\u0131c\u0131 m\u00fchitl\u0259r \u00fc\u00e7\u00fcn uy\u011fun N\u0259zar\u0259t v\u0259 Ba\u011flama Damperi - GeoClimate.ge\",\"isPartOf\":{\"@id\":\"https:\/\/geoclimate.ge\/#website\"},\"primaryImageOfPage\":{\"@id\":\"https:\/\/geoclimate.ge\/az\/product\/tune-r-ex-dampers-control-shut-off-damper-suitable-for-explosive-atmospheres\/#primaryimage\"},\"image\":{\"@id\":\"https:\/\/geoclimate.ge\/az\/product\/tune-r-ex-dampers-control-shut-off-damper-suitable-for-explosive-atmospheres\/#primaryimage\"},\"thumbnailUrl\":\"https:\/\/geoclimate.ge\/wp-content\/uploads\/2025\/09\/PRODUCT-MAIN-IMAGE_TUNE_R_EX.jpg\",\"datePublished\":\"2025-09-07T18:50:34+00:00\",\"dateModified\":\"2025-09-07T19:00:06+00:00\",\"breadcrumb\":{\"@id\":\"https:\/\/geoclimate.ge\/az\/product\/tune-r-ex-dampers-control-shut-off-damper-suitable-for-explosive-atmospheres\/#breadcrumb\"},\"inLanguage\":\"az\",\"potentialAction\":[{\"@type\":\"ReadAction\",\"target\":[\"https:\/\/geoclimate.ge\/az\/product\/tune-r-ex-dampers-control-shut-off-damper-suitable-for-explosive-atmospheres\/\"]}]},{\"@type\":\"ImageObject\",\"inLanguage\":\"az\",\"@id\":\"https:\/\/geoclimate.ge\/az\/product\/tune-r-ex-dampers-control-shut-off-damper-suitable-for-explosive-atmospheres\/#primaryimage\",\"url\":\"https:\/\/geoclimate.ge\/wp-content\/uploads\/2025\/09\/PRODUCT-MAIN-IMAGE_TUNE_R_EX.jpg\",\"contentUrl\":\"https:\/\/geoclimate.ge\/wp-content\/uploads\/2025\/09\/PRODUCT-MAIN-IMAGE_TUNE_R_EX.jpg\",\"width\":384,\"height\":288},{\"@type\":\"BreadcrumbList\",\"@id\":\"https:\/\/geoclimate.ge\/az\/product\/tune-r-ex-dampers-control-shut-off-damper-suitable-for-explosive-atmospheres\/#breadcrumb\",\"itemListElement\":[{\"@type\":\"ListItem\",\"position\":1,\"name\":\"Home\",\"item\":\"https:\/\/geoclimate.ge\/az\/\"},{\"@type\":\"ListItem\",\"position\":2,\"name\":\"M\u0259hsullar\",\"item\":\"https:\/\/geoclimate.ge\/az\/products\/\"},{\"@type\":\"ListItem\",\"position\":3,\"name\":\"TUNE-R-EX amortizatorlar\u0131 Partlay\u0131c\u0131 m\u00fchitl\u0259r \u00fc\u00e7\u00fcn uy\u011fun N\u0259zar\u0259t v\u0259 Ba\u011flama Damperi\"}]},{\"@type\":\"WebSite\",\"@id\":\"https:\/\/geoclimate.ge\/#website\",\"url\":\"https:\/\/geoclimate.ge\/\",\"name\":\"GeoClimate\",\"description\":\"\",\"publisher\":{\"@id\":\"https:\/\/geoclimate.ge\/#organization\"},\"potentialAction\":[{\"@type\":\"SearchAction\",\"target\":{\"@type\":\"EntryPoint\",\"urlTemplate\":\"https:\/\/geoclimate.ge\/?s={search_term_string}\"},\"query-input\":{\"@type\":\"PropertyValueSpecification\",\"valueRequired\":true,\"valueName\":\"search_term_string\"}}],\"inLanguage\":\"az\"},{\"@type\":\"Organization\",\"@id\":\"https:\/\/geoclimate.ge\/#organization\",\"name\":\"GeoClimate\",\"url\":\"https:\/\/geoclimate.ge\/\",\"logo\":{\"@type\":\"ImageObject\",\"inLanguage\":\"az\",\"@id\":\"https:\/\/geoclimate.ge\/#\/schema\/logo\/image\/\",\"url\":\"https:\/\/geoclimate.ge\/wp-content\/uploads\/2026\/03\/geoclimate-SEO.png\",\"contentUrl\":\"https:\/\/geoclimate.ge\/wp-content\/uploads\/2026\/03\/geoclimate-SEO.png\",\"width\":1536,\"height\":1024,\"caption\":\"GeoClimate\"},\"image\":{\"@id\":\"https:\/\/geoclimate.ge\/#\/schema\/logo\/image\/\"}}]}<\/script>\n<!-- \/ Yoast SEO plugin. -->","yoast_head_json":{"title":"TUNE-R-EX amortizatorlar\u0131 Partlay\u0131c\u0131 m\u00fchitl\u0259r \u00fc\u00e7\u00fcn uy\u011fun N\u0259zar\u0259t v\u0259 Ba\u011flama Damperi - GeoClimate.ge","robots":{"index":"index","follow":"follow","max-snippet":"max-snippet:-1","max-image-preview":"max-image-preview:large","max-video-preview":"max-video-preview:-1"},"canonical":"https:\/\/geoclimate.ge\/az\/product\/tune-r-ex-dampers-control-shut-off-damper-suitable-for-explosive-atmospheres\/","og_locale":"az_AZ","og_type":"article","og_title":"TUNE-R-EX amortizatorlar\u0131 Partlay\u0131c\u0131 m\u00fchitl\u0259r \u00fc\u00e7\u00fcn uy\u011fun N\u0259zar\u0259t v\u0259 Ba\u011flama Damperi - GeoClimate.ge","og_description":"TUNE-R-EX amortizatorlar\u0131 Partlay\u0131c\u0131 m\u00fchitl\u0259r \u00fc\u00e7\u00fcn uy\u011fun N\u0259zar\u0259t v\u0259 Ba\u011flama Damperi  N\u0259zar\u0259t v\u0259 Kapatma  Partlay\u0131c\u0131 atmosferl\u0259r  Aktuator v\u0259 Manual versiyalar\u0131  Polad korpus      Dimension (Nominal Diameter) 100125140160180200225250280315355400450500560630    Product Type   Preparation for actuator with manual adjustment lever Stepless (0 V ... 10 V) actuator AC\/DC 24 V, elevated ATEX classification for zone 1, 2, 21, 22 Stepless (0 V ... 10 V) spring return actuator AC\/DC 24 V, elevated ATEX classification for zone 1, 2, 21, 22 Stepless (0 V ... 10 V) actuator AC\/DC 24 V, basic ATEX classification for zone 2, 22 Stepless (0 V ... 10 V) spring return actuator AC\/DC 24 V, basic ATEX classification for zone 2, 22      Damper Material Galvanized steelStainless steel A316    TUNE-R-EX-100-M0#251529","og_url":"https:\/\/geoclimate.ge\/az\/product\/tune-r-ex-dampers-control-shut-off-damper-suitable-for-explosive-atmospheres\/","og_site_name":"GeoClimate.ge","article_modified_time":"2025-09-07T19:00:06+00:00","og_image":[{"width":384,"height":288,"url":"https:\/\/geoclimate.ge\/wp-content\/uploads\/2025\/09\/PRODUCT-MAIN-IMAGE_TUNE_R_EX.jpg","type":"image\/jpeg"}],"twitter_card":"summary_large_image","twitter_misc":{"Est. reading time":"1 minute"},"schema":{"@context":"https:\/\/schema.org","@graph":[{"@type":"WebPage","@id":"https:\/\/geoclimate.ge\/az\/product\/tune-r-ex-dampers-control-shut-off-damper-suitable-for-explosive-atmospheres\/","url":"https:\/\/geoclimate.ge\/az\/product\/tune-r-ex-dampers-control-shut-off-damper-suitable-for-explosive-atmospheres\/","name":"TUNE-R-EX amortizatorlar\u0131 Partlay\u0131c\u0131 m\u00fchitl\u0259r \u00fc\u00e7\u00fcn uy\u011fun N\u0259zar\u0259t v\u0259 Ba\u011flama Damperi - GeoClimate.ge","isPartOf":{"@id":"https:\/\/geoclimate.ge\/#website"},"primaryImageOfPage":{"@id":"https:\/\/geoclimate.ge\/az\/product\/tune-r-ex-dampers-control-shut-off-damper-suitable-for-explosive-atmospheres\/#primaryimage"},"image":{"@id":"https:\/\/geoclimate.ge\/az\/product\/tune-r-ex-dampers-control-shut-off-damper-suitable-for-explosive-atmospheres\/#primaryimage"},"thumbnailUrl":"https:\/\/geoclimate.ge\/wp-content\/uploads\/2025\/09\/PRODUCT-MAIN-IMAGE_TUNE_R_EX.jpg","datePublished":"2025-09-07T18:50:34+00:00","dateModified":"2025-09-07T19:00:06+00:00","breadcrumb":{"@id":"https:\/\/geoclimate.ge\/az\/product\/tune-r-ex-dampers-control-shut-off-damper-suitable-for-explosive-atmospheres\/#breadcrumb"},"inLanguage":"az","potentialAction":[{"@type":"ReadAction","target":["https:\/\/geoclimate.ge\/az\/product\/tune-r-ex-dampers-control-shut-off-damper-suitable-for-explosive-atmospheres\/"]}]},{"@type":"ImageObject","inLanguage":"az","@id":"https:\/\/geoclimate.ge\/az\/product\/tune-r-ex-dampers-control-shut-off-damper-suitable-for-explosive-atmospheres\/#primaryimage","url":"https:\/\/geoclimate.ge\/wp-content\/uploads\/2025\/09\/PRODUCT-MAIN-IMAGE_TUNE_R_EX.jpg","contentUrl":"https:\/\/geoclimate.ge\/wp-content\/uploads\/2025\/09\/PRODUCT-MAIN-IMAGE_TUNE_R_EX.jpg","width":384,"height":288},{"@type":"BreadcrumbList","@id":"https:\/\/geoclimate.ge\/az\/product\/tune-r-ex-dampers-control-shut-off-damper-suitable-for-explosive-atmospheres\/#breadcrumb","itemListElement":[{"@type":"ListItem","position":1,"name":"Home","item":"https:\/\/geoclimate.ge\/az\/"},{"@type":"ListItem","position":2,"name":"M\u0259hsullar","item":"https:\/\/geoclimate.ge\/az\/products\/"},{"@type":"ListItem","position":3,"name":"TUNE-R-EX amortizatorlar\u0131 Partlay\u0131c\u0131 m\u00fchitl\u0259r \u00fc\u00e7\u00fcn uy\u011fun N\u0259zar\u0259t v\u0259 Ba\u011flama Damperi"}]},{"@type":"WebSite","@id":"https:\/\/geoclimate.ge\/#website","url":"https:\/\/geoclimate.ge\/","name":"GeoClimate","description":"","publisher":{"@id":"https:\/\/geoclimate.ge\/#organization"},"potentialAction":[{"@type":"SearchAction","target":{"@type":"EntryPoint","urlTemplate":"https:\/\/geoclimate.ge\/?s={search_term_string}"},"query-input":{"@type":"PropertyValueSpecification","valueRequired":true,"valueName":"search_term_string"}}],"inLanguage":"az"},{"@type":"Organization","@id":"https:\/\/geoclimate.ge\/#organization","name":"GeoClimate","url":"https:\/\/geoclimate.ge\/","logo":{"@type":"ImageObject","inLanguage":"az","@id":"https:\/\/geoclimate.ge\/#\/schema\/logo\/image\/","url":"https:\/\/geoclimate.ge\/wp-content\/uploads\/2026\/03\/geoclimate-SEO.png","contentUrl":"https:\/\/geoclimate.ge\/wp-content\/uploads\/2026\/03\/geoclimate-SEO.png","width":1536,"height":1024,"caption":"GeoClimate"},"image":{"@id":"https:\/\/geoclimate.ge\/#\/schema\/logo\/image\/"}}]}},"_links":{"self":[{"href":"https:\/\/geoclimate.ge\/az\/wp-json\/wp\/v2\/product\/37396","targetHints":{"allow":["GET"]}}],"collection":[{"href":"https:\/\/geoclimate.ge\/az\/wp-json\/wp\/v2\/product"}],"about":[{"href":"https:\/\/geoclimate.ge\/az\/wp-json\/wp\/v2\/types\/product"}],"wp:featuredmedia":[{"embeddable":true,"href":"https:\/\/geoclimate.ge\/az\/wp-json\/wp\/v2\/media\/37385"}],"wp:attachment":[{"href":"https:\/\/geoclimate.ge\/az\/wp-json\/wp\/v2\/media?parent=37396"}],"wp:term":[{"taxonomy":"product_brand","embeddable":true,"href":"https:\/\/geoclimate.ge\/az\/wp-json\/wp\/v2\/product_brand?post=37396"},{"taxonomy":"product_cat","embeddable":true,"href":"https:\/\/geoclimate.ge\/az\/wp-json\/wp\/v2\/product_cat?post=37396"},{"taxonomy":"product_tag","embeddable":true,"href":"https:\/\/geoclimate.ge\/az\/wp-json\/wp\/v2\/product_tag?post=37396"}],"curies":[{"name":"wp","href":"https:\/\/api.w.org\/{rel}","templated":true}]}}