{"id":37416,"date":"2025-09-07T23:04:35","date_gmt":"2025-09-07T19:04:35","guid":{"rendered":"https:\/\/airsystems.ge\/shop\/product\/tune-r-b-dampers-control-damper-for-round-ducts-providing-effective-air-volume-regulation\/"},"modified":"2025-09-07T23:08:38","modified_gmt":"2025-09-07T19:08:38","slug":"tune-r-b-dampers-control-damper-for-round-ducts-providing-effective-air-volume-regulation","status":"publish","type":"product","link":"https:\/\/geoclimate.ge\/az\/product\/tune-r-b-dampers-control-damper-for-round-ducts-providing-effective-air-volume-regulation\/","title":{"rendered":"TUNE-R-B Damperl\u0259r Effektiv hava h\u0259cminin t\u0259nziml\u0259nm\u0259sini t\u0259min ed\u0259n dair\u0259vi kanallar \u00fc\u00e7\u00fcn n\u0259zar\u0259t damperi"},"content":{"rendered":"<div class=\"mb-400 gtm-product-section container-fluid\" data-gtm-name=\"Benefits\" data-gtm-label=\"Benefits (en)\" data-gtm-vis-recent-on-screen53434917_103=\"112677\" data-gtm-vis-first-on-screen53434917_103=\"112677\" data-gtm-vis-total-visible-time53434917_103=\"1500\" data-gtm-vis-has-fired53434917_103=\"1\">\n<div class=\"row\">\n<div class=\"content-element content-element-product-benefit col-12 sm:col-6 mb-400\">\n<div class=\"bg-card px-300 py-250 mobile-nav:px-200 mobile-nav:py-150 h-full flex overflow-hidden card-border\">\n<div class=\"min-w-0\">\n<p><strong>Qura\u015fd\u0131rmaq asand\u0131r<\/strong><br \/>\nTUNE-R-B idar\u0259etm\u0259 amortizatorunun x\u00fcsusi konstruksiyas\u0131 ba\u015fqa al\u0259tl\u0259rd\u0259n istifad\u0259 etm\u0259d\u0259n havan\u0131n h\u0259cmini laz\u0131mi v\u0259ziyy\u0259td\u0259 sabitl\u0259\u015fdirm\u0259yi asanla\u015fd\u0131r\u0131r.<\/p>\n<p>&nbsp;<\/p>\n<p><strong>\u00d6l\u00e7\u00fc se\u00e7iml\u0259ri<\/strong><br \/>\nTUNE-R-B 100-d\u0259n 315 mm-\u0259 q\u0259d\u0259r m\u00fcxt\u0259lif \u00f6l\u00e7\u00fc se\u00e7iml\u0259ridir ki, bu da onu geni\u015f \u00e7e\u015fidli qura\u015fd\u0131rmalar \u00fc\u00e7\u00fcn uy\u011fun edir.<\/p>\n<p>&nbsp;<\/p>\n<p><strong>Polad konstruksiya<\/strong><br \/>\nDamper sinkl\u0259nmi\u015f poladdan haz\u0131rlan\u0131r. Paslanmayan polad versiyalar\u0131 da m\u00f6vcuddur.<\/p>\n<p>&nbsp;<\/p>\n<p>TUNE-R-B dair\u0259vi kanallarda istifad\u0259 \u00fc\u00e7\u00fcn n\u0259z\u0259rd\u0259 tutulmu\u015f idar\u0259etm\u0259 damperidir. O, plastik mexaniki n\u0259zar\u0259t\u00e7iy\u0259 malikdir v\u0259 a\u015fa\u011f\u0131 s\u0131xl\u0131q sinfin\u0259 malikdir. Kanal sistemind\u0259 effektiv hava h\u0259cminin t\u0259nziml\u0259nm\u0259sini t\u0259min etm\u0259k \u00fc\u00e7\u00fcn istifad\u0259 olunur. TUNE-R-B-nin x\u00fcsusi konstruksiyas\u0131 he\u00e7 bir ba\u015fqa al\u0259td\u0259n istifad\u0259 etm\u0259d\u0259n hava h\u0259cmini laz\u0131mi v\u0259ziyy\u0259td\u0259 d\u00fcz\u0259ltm\u0259yi asanla\u015fd\u0131r\u0131r. Damper sinkl\u0259nmi\u015f polad t\u0259b\u0259q\u0259d\u0259n haz\u0131rlan\u0131r. Amortis\u00f6r A-304 v\u0259 ya A-316 sifari\u015f kodlar\u0131ndan istifad\u0259 etm\u0259kl\u0259 t\u0259l\u0259b olunarsa, paslanmayan poladdan da haz\u0131rlana bil\u0259r. Plastik kollar PPO material\u0131ndan haz\u0131rlan\u0131r.<\/p>\n<p>TUNE-R-B 100 il\u0259 315 mm aras\u0131nda d\u0259yi\u015f\u0259n m\u00fcxt\u0259lif diametrli se\u00e7iml\u0259rd\u0259 m\u00f6vcuddur. N\u0259zar\u0259t damperi icaz\u0259 veril\u0259n maksimum 80\u00b0C temperaturda i\u015fl\u0259y\u0259 bil\u0259r. Onun i\u015fl\u0259y\u0259 bil\u0259c\u0259yi maksimum kanal t\u0259zyiqi 500 Pa-d\u0131r. Daha y\u00fcks\u0259k s\u0131zd\u0131rmazl\u0131q sinfin\u0259 malik ba\u011flama amortizatorlar\u0131 v\u0259 amortizatorlar TUNE-R kataloqunda m\u00f6vcuddur.<\/p>\n<\/div>\n<\/div>\n<\/div>\n<\/div>\n<\/div>\n","protected":false},"excerpt":{"rendered":"<div>\n<p>TUNE-R-B Damperl\u0259r<br \/>\nEffektiv hava h\u0259cminin t\u0259nziml\u0259nm\u0259sini t\u0259min ed\u0259n dair\u0259vi kanallar \u00fc\u00e7\u00fcn n\u0259zar\u0259t damperi<\/p>\n<p>Asan qura\u015fd\u0131rma<\/p>\n<p>Polad konstruksiya<\/p>\n<p>Hava h\u0259cminin t\u0259nziml\u0259nm\u0259si<\/p>\n<p>\u00d6l\u00e7\u00fc se\u00e7iml\u0259ri<\/p>\n<\/div>\n<div class=\"flex flex-col gap-200\">\n<div class=\"flex flex-col flex-wrap gap-100 md:flex-row md:items-center gtm-purchase-option\" data-gtm-name=\"size\" data-gtm-label=\"Size\">\n<p><label class=\"flex gap-050 md:w-700 leading-none hyphens-auto print:w-full print:max-w-2\/5 text-label-small\">Size<\/label><\/p>\n<div class=\"flex flex-1 flex-wrap gap-050\"><button class=\"select-btn select-btn-small select-btn-selected gtm-purchase-option-value\" type=\"button\" data-gtm-name=\"100\" data-gtm-label=\"100\">100<\/button><button class=\"select-btn select-btn-small select-btn-default gtm-purchase-option-value\" type=\"button\" data-gtm-name=\"125\" data-gtm-label=\"125\">125<\/button><button class=\"select-btn select-btn-small select-btn-default gtm-purchase-option-value\" type=\"button\" data-gtm-name=\"140\" data-gtm-label=\"140\">140<\/button><button class=\"select-btn select-btn-small select-btn-default gtm-purchase-option-value\" type=\"button\" data-gtm-name=\"160\" data-gtm-label=\"160\">160<\/button><button class=\"select-btn select-btn-small select-btn-default gtm-purchase-option-value\" type=\"button\" data-gtm-name=\"180\" data-gtm-label=\"180\">180<\/button><button class=\"select-btn select-btn-small select-btn-default gtm-purchase-option-value\" type=\"button\" data-gtm-name=\"200\" data-gtm-label=\"200\">200<\/button><button class=\"select-btn select-btn-small select-btn-default gtm-purchase-option-value\" type=\"button\" data-gtm-name=\"250\" data-gtm-label=\"250\">250<\/button><button class=\"select-btn select-btn-small select-btn-default gtm-purchase-option-value\" type=\"button\" data-gtm-name=\"280\" data-gtm-label=\"280\">280<\/button><button class=\"select-btn select-btn-small select-btn-default gtm-purchase-option-value\" type=\"button\" data-gtm-name=\"315\" data-gtm-label=\"315\">315<\/button><\/div>\n<\/div>\n<\/div>\n<div class=\"gtm-sku-info flex flex-col gap-y-050 text-label-tiny text-neutral-600\">\n<div class=\"flex flex-wrap items-baseline gap-x-100 gap-y-025\"><span class=\"gtm-article-name\">TUNE-R-100-B<\/span><span class=\"whitespace-nowrap gtm-article-number text-base font-bold\">#311900<\/span><\/div>\n<\/div>\n","protected":false},"featured_media":37405,"template":"","meta":[],"product_brand":[],"product_cat":[1982,1867,1843],"product_tag":[],"class_list":{"0":"post-37416","1":"product","2":"type-product","3":"status-publish","4":"has-post-thumbnail","6":"product_cat-dampers-az","7":"product_cat-hava-hcmin-nzart","8":"product_cat-hava-paylayici-mhsullar","10":"first","11":"instock","12":"shipping-taxable","13":"product-type-simple"},"yoast_head":"<!-- This site is optimized with the Yoast SEO plugin v27.1.1 - https:\/\/yoast.com\/product\/yoast-seo-wordpress\/ -->\n<title>TUNE-R-B Damperl\u0259r Effektiv hava h\u0259cminin t\u0259nziml\u0259nm\u0259sini t\u0259min ed\u0259n dair\u0259vi kanallar \u00fc\u00e7\u00fcn n\u0259zar\u0259t damperi - GeoClimate.ge<\/title>\n<meta name=\"robots\" content=\"index, follow, max-snippet:-1, max-image-preview:large, max-video-preview:-1\" \/>\n<link rel=\"canonical\" href=\"https:\/\/geoclimate.ge\/az\/product\/tune-r-b-dampers-control-damper-for-round-ducts-providing-effective-air-volume-regulation\/\" \/>\n<meta property=\"og:locale\" content=\"az_AZ\" \/>\n<meta property=\"og:type\" content=\"article\" \/>\n<meta property=\"og:title\" content=\"TUNE-R-B Damperl\u0259r Effektiv hava h\u0259cminin t\u0259nziml\u0259nm\u0259sini t\u0259min ed\u0259n dair\u0259vi kanallar \u00fc\u00e7\u00fcn n\u0259zar\u0259t damperi - GeoClimate.ge\" \/>\n<meta property=\"og:description\" content=\"TUNE-R-B Damperl\u0259r Effektiv hava h\u0259cminin t\u0259nziml\u0259nm\u0259sini t\u0259min ed\u0259n dair\u0259vi kanallar \u00fc\u00e7\u00fcn n\u0259zar\u0259t damperi  Asan qura\u015fd\u0131rma  Polad konstruksiya  Hava h\u0259cminin t\u0259nziml\u0259nm\u0259si  \u00d6l\u00e7\u00fc se\u00e7iml\u0259ri      Size 100125140160180200250280315    TUNE-R-100-B#311900\" \/>\n<meta property=\"og:url\" content=\"https:\/\/geoclimate.ge\/az\/product\/tune-r-b-dampers-control-damper-for-round-ducts-providing-effective-air-volume-regulation\/\" \/>\n<meta property=\"og:site_name\" content=\"GeoClimate.ge\" \/>\n<meta property=\"article:modified_time\" content=\"2025-09-07T19:08:38+00:00\" \/>\n<meta property=\"og:image\" content=\"https:\/\/geoclimate.ge\/wp-content\/uploads\/2025\/09\/PRODUCT-MAIN-IMAGE_TUNE_R_B.jpg\" \/>\n\t<meta property=\"og:image:width\" content=\"384\" \/>\n\t<meta property=\"og:image:height\" content=\"288\" \/>\n\t<meta property=\"og:image:type\" content=\"image\/jpeg\" \/>\n<meta name=\"twitter:card\" content=\"summary_large_image\" \/>\n<meta name=\"twitter:label1\" content=\"Est. reading time\" \/>\n\t<meta name=\"twitter:data1\" content=\"1 minute\" \/>\n<script type=\"application\/ld+json\" class=\"yoast-schema-graph\">{\"@context\":\"https:\/\/schema.org\",\"@graph\":[{\"@type\":\"WebPage\",\"@id\":\"https:\/\/geoclimate.ge\/az\/product\/tune-r-b-dampers-control-damper-for-round-ducts-providing-effective-air-volume-regulation\/\",\"url\":\"https:\/\/geoclimate.ge\/az\/product\/tune-r-b-dampers-control-damper-for-round-ducts-providing-effective-air-volume-regulation\/\",\"name\":\"TUNE-R-B Damperl\u0259r Effektiv hava h\u0259cminin t\u0259nziml\u0259nm\u0259sini t\u0259min ed\u0259n dair\u0259vi kanallar \u00fc\u00e7\u00fcn n\u0259zar\u0259t damperi - GeoClimate.ge\",\"isPartOf\":{\"@id\":\"https:\/\/geoclimate.ge\/#website\"},\"primaryImageOfPage\":{\"@id\":\"https:\/\/geoclimate.ge\/az\/product\/tune-r-b-dampers-control-damper-for-round-ducts-providing-effective-air-volume-regulation\/#primaryimage\"},\"image\":{\"@id\":\"https:\/\/geoclimate.ge\/az\/product\/tune-r-b-dampers-control-damper-for-round-ducts-providing-effective-air-volume-regulation\/#primaryimage\"},\"thumbnailUrl\":\"https:\/\/geoclimate.ge\/wp-content\/uploads\/2025\/09\/PRODUCT-MAIN-IMAGE_TUNE_R_B.jpg\",\"datePublished\":\"2025-09-07T19:04:35+00:00\",\"dateModified\":\"2025-09-07T19:08:38+00:00\",\"breadcrumb\":{\"@id\":\"https:\/\/geoclimate.ge\/az\/product\/tune-r-b-dampers-control-damper-for-round-ducts-providing-effective-air-volume-regulation\/#breadcrumb\"},\"inLanguage\":\"az\",\"potentialAction\":[{\"@type\":\"ReadAction\",\"target\":[\"https:\/\/geoclimate.ge\/az\/product\/tune-r-b-dampers-control-damper-for-round-ducts-providing-effective-air-volume-regulation\/\"]}]},{\"@type\":\"ImageObject\",\"inLanguage\":\"az\",\"@id\":\"https:\/\/geoclimate.ge\/az\/product\/tune-r-b-dampers-control-damper-for-round-ducts-providing-effective-air-volume-regulation\/#primaryimage\",\"url\":\"https:\/\/geoclimate.ge\/wp-content\/uploads\/2025\/09\/PRODUCT-MAIN-IMAGE_TUNE_R_B.jpg\",\"contentUrl\":\"https:\/\/geoclimate.ge\/wp-content\/uploads\/2025\/09\/PRODUCT-MAIN-IMAGE_TUNE_R_B.jpg\",\"width\":384,\"height\":288},{\"@type\":\"BreadcrumbList\",\"@id\":\"https:\/\/geoclimate.ge\/az\/product\/tune-r-b-dampers-control-damper-for-round-ducts-providing-effective-air-volume-regulation\/#breadcrumb\",\"itemListElement\":[{\"@type\":\"ListItem\",\"position\":1,\"name\":\"Home\",\"item\":\"https:\/\/geoclimate.ge\/az\/\"},{\"@type\":\"ListItem\",\"position\":2,\"name\":\"M\u0259hsullar\",\"item\":\"https:\/\/geoclimate.ge\/az\/products\/\"},{\"@type\":\"ListItem\",\"position\":3,\"name\":\"TUNE-R-B Damperl\u0259r Effektiv hava h\u0259cminin t\u0259nziml\u0259nm\u0259sini t\u0259min ed\u0259n dair\u0259vi kanallar \u00fc\u00e7\u00fcn n\u0259zar\u0259t damperi\"}]},{\"@type\":\"WebSite\",\"@id\":\"https:\/\/geoclimate.ge\/#website\",\"url\":\"https:\/\/geoclimate.ge\/\",\"name\":\"GeoClimate\",\"description\":\"\",\"publisher\":{\"@id\":\"https:\/\/geoclimate.ge\/#organization\"},\"potentialAction\":[{\"@type\":\"SearchAction\",\"target\":{\"@type\":\"EntryPoint\",\"urlTemplate\":\"https:\/\/geoclimate.ge\/?s={search_term_string}\"},\"query-input\":{\"@type\":\"PropertyValueSpecification\",\"valueRequired\":true,\"valueName\":\"search_term_string\"}}],\"inLanguage\":\"az\"},{\"@type\":\"Organization\",\"@id\":\"https:\/\/geoclimate.ge\/#organization\",\"name\":\"GeoClimate\",\"url\":\"https:\/\/geoclimate.ge\/\",\"logo\":{\"@type\":\"ImageObject\",\"inLanguage\":\"az\",\"@id\":\"https:\/\/geoclimate.ge\/#\/schema\/logo\/image\/\",\"url\":\"https:\/\/geoclimate.ge\/wp-content\/uploads\/2026\/03\/geoclimate-SEO.png\",\"contentUrl\":\"https:\/\/geoclimate.ge\/wp-content\/uploads\/2026\/03\/geoclimate-SEO.png\",\"width\":1536,\"height\":1024,\"caption\":\"GeoClimate\"},\"image\":{\"@id\":\"https:\/\/geoclimate.ge\/#\/schema\/logo\/image\/\"}}]}<\/script>\n<!-- \/ Yoast SEO plugin. -->","yoast_head_json":{"title":"TUNE-R-B Damperl\u0259r Effektiv hava h\u0259cminin t\u0259nziml\u0259nm\u0259sini t\u0259min ed\u0259n dair\u0259vi kanallar \u00fc\u00e7\u00fcn n\u0259zar\u0259t damperi - GeoClimate.ge","robots":{"index":"index","follow":"follow","max-snippet":"max-snippet:-1","max-image-preview":"max-image-preview:large","max-video-preview":"max-video-preview:-1"},"canonical":"https:\/\/geoclimate.ge\/az\/product\/tune-r-b-dampers-control-damper-for-round-ducts-providing-effective-air-volume-regulation\/","og_locale":"az_AZ","og_type":"article","og_title":"TUNE-R-B Damperl\u0259r Effektiv hava h\u0259cminin t\u0259nziml\u0259nm\u0259sini t\u0259min ed\u0259n dair\u0259vi kanallar \u00fc\u00e7\u00fcn n\u0259zar\u0259t damperi - GeoClimate.ge","og_description":"TUNE-R-B Damperl\u0259r Effektiv hava h\u0259cminin t\u0259nziml\u0259nm\u0259sini t\u0259min ed\u0259n dair\u0259vi kanallar \u00fc\u00e7\u00fcn n\u0259zar\u0259t damperi  Asan qura\u015fd\u0131rma  Polad konstruksiya  Hava h\u0259cminin t\u0259nziml\u0259nm\u0259si  \u00d6l\u00e7\u00fc se\u00e7iml\u0259ri      Size 100125140160180200250280315    TUNE-R-100-B#311900","og_url":"https:\/\/geoclimate.ge\/az\/product\/tune-r-b-dampers-control-damper-for-round-ducts-providing-effective-air-volume-regulation\/","og_site_name":"GeoClimate.ge","article_modified_time":"2025-09-07T19:08:38+00:00","og_image":[{"width":384,"height":288,"url":"https:\/\/geoclimate.ge\/wp-content\/uploads\/2025\/09\/PRODUCT-MAIN-IMAGE_TUNE_R_B.jpg","type":"image\/jpeg"}],"twitter_card":"summary_large_image","twitter_misc":{"Est. reading time":"1 minute"},"schema":{"@context":"https:\/\/schema.org","@graph":[{"@type":"WebPage","@id":"https:\/\/geoclimate.ge\/az\/product\/tune-r-b-dampers-control-damper-for-round-ducts-providing-effective-air-volume-regulation\/","url":"https:\/\/geoclimate.ge\/az\/product\/tune-r-b-dampers-control-damper-for-round-ducts-providing-effective-air-volume-regulation\/","name":"TUNE-R-B Damperl\u0259r Effektiv hava h\u0259cminin t\u0259nziml\u0259nm\u0259sini t\u0259min ed\u0259n dair\u0259vi kanallar \u00fc\u00e7\u00fcn n\u0259zar\u0259t damperi - GeoClimate.ge","isPartOf":{"@id":"https:\/\/geoclimate.ge\/#website"},"primaryImageOfPage":{"@id":"https:\/\/geoclimate.ge\/az\/product\/tune-r-b-dampers-control-damper-for-round-ducts-providing-effective-air-volume-regulation\/#primaryimage"},"image":{"@id":"https:\/\/geoclimate.ge\/az\/product\/tune-r-b-dampers-control-damper-for-round-ducts-providing-effective-air-volume-regulation\/#primaryimage"},"thumbnailUrl":"https:\/\/geoclimate.ge\/wp-content\/uploads\/2025\/09\/PRODUCT-MAIN-IMAGE_TUNE_R_B.jpg","datePublished":"2025-09-07T19:04:35+00:00","dateModified":"2025-09-07T19:08:38+00:00","breadcrumb":{"@id":"https:\/\/geoclimate.ge\/az\/product\/tune-r-b-dampers-control-damper-for-round-ducts-providing-effective-air-volume-regulation\/#breadcrumb"},"inLanguage":"az","potentialAction":[{"@type":"ReadAction","target":["https:\/\/geoclimate.ge\/az\/product\/tune-r-b-dampers-control-damper-for-round-ducts-providing-effective-air-volume-regulation\/"]}]},{"@type":"ImageObject","inLanguage":"az","@id":"https:\/\/geoclimate.ge\/az\/product\/tune-r-b-dampers-control-damper-for-round-ducts-providing-effective-air-volume-regulation\/#primaryimage","url":"https:\/\/geoclimate.ge\/wp-content\/uploads\/2025\/09\/PRODUCT-MAIN-IMAGE_TUNE_R_B.jpg","contentUrl":"https:\/\/geoclimate.ge\/wp-content\/uploads\/2025\/09\/PRODUCT-MAIN-IMAGE_TUNE_R_B.jpg","width":384,"height":288},{"@type":"BreadcrumbList","@id":"https:\/\/geoclimate.ge\/az\/product\/tune-r-b-dampers-control-damper-for-round-ducts-providing-effective-air-volume-regulation\/#breadcrumb","itemListElement":[{"@type":"ListItem","position":1,"name":"Home","item":"https:\/\/geoclimate.ge\/az\/"},{"@type":"ListItem","position":2,"name":"M\u0259hsullar","item":"https:\/\/geoclimate.ge\/az\/products\/"},{"@type":"ListItem","position":3,"name":"TUNE-R-B Damperl\u0259r Effektiv hava h\u0259cminin t\u0259nziml\u0259nm\u0259sini t\u0259min ed\u0259n dair\u0259vi kanallar \u00fc\u00e7\u00fcn n\u0259zar\u0259t damperi"}]},{"@type":"WebSite","@id":"https:\/\/geoclimate.ge\/#website","url":"https:\/\/geoclimate.ge\/","name":"GeoClimate","description":"","publisher":{"@id":"https:\/\/geoclimate.ge\/#organization"},"potentialAction":[{"@type":"SearchAction","target":{"@type":"EntryPoint","urlTemplate":"https:\/\/geoclimate.ge\/?s={search_term_string}"},"query-input":{"@type":"PropertyValueSpecification","valueRequired":true,"valueName":"search_term_string"}}],"inLanguage":"az"},{"@type":"Organization","@id":"https:\/\/geoclimate.ge\/#organization","name":"GeoClimate","url":"https:\/\/geoclimate.ge\/","logo":{"@type":"ImageObject","inLanguage":"az","@id":"https:\/\/geoclimate.ge\/#\/schema\/logo\/image\/","url":"https:\/\/geoclimate.ge\/wp-content\/uploads\/2026\/03\/geoclimate-SEO.png","contentUrl":"https:\/\/geoclimate.ge\/wp-content\/uploads\/2026\/03\/geoclimate-SEO.png","width":1536,"height":1024,"caption":"GeoClimate"},"image":{"@id":"https:\/\/geoclimate.ge\/#\/schema\/logo\/image\/"}}]}},"_links":{"self":[{"href":"https:\/\/geoclimate.ge\/az\/wp-json\/wp\/v2\/product\/37416","targetHints":{"allow":["GET"]}}],"collection":[{"href":"https:\/\/geoclimate.ge\/az\/wp-json\/wp\/v2\/product"}],"about":[{"href":"https:\/\/geoclimate.ge\/az\/wp-json\/wp\/v2\/types\/product"}],"wp:featuredmedia":[{"embeddable":true,"href":"https:\/\/geoclimate.ge\/az\/wp-json\/wp\/v2\/media\/37405"}],"wp:attachment":[{"href":"https:\/\/geoclimate.ge\/az\/wp-json\/wp\/v2\/media?parent=37416"}],"wp:term":[{"taxonomy":"product_brand","embeddable":true,"href":"https:\/\/geoclimate.ge\/az\/wp-json\/wp\/v2\/product_brand?post=37416"},{"taxonomy":"product_cat","embeddable":true,"href":"https:\/\/geoclimate.ge\/az\/wp-json\/wp\/v2\/product_cat?post=37416"},{"taxonomy":"product_tag","embeddable":true,"href":"https:\/\/geoclimate.ge\/az\/wp-json\/wp\/v2\/product_tag?post=37416"}],"curies":[{"name":"wp","href":"https:\/\/api.w.org\/{rel}","templated":true}]}}