{"id":37495,"date":"2025-09-07T23:29:20","date_gmt":"2025-09-07T19:29:20","guid":{"rendered":"https:\/\/airsystems.ge\/shop\/product\/notus-r-constant-air-volume-controllers-constant-volume-controller-suitable-for-a-variety-of-circular-ducts\/"},"modified":"2025-09-07T23:37:46","modified_gmt":"2025-09-07T19:37:46","slug":"notus-r-constant-air-volume-controllers-constant-volume-controller-suitable-for-a-variety-of-circular-ducts","status":"publish","type":"product","link":"https:\/\/geoclimate.ge\/az\/product\/notus-r-constant-air-volume-controllers-constant-volume-controller-suitable-for-a-variety-of-circular-ducts\/","title":{"rendered":"NOTUS-R Sabit Hava H\u0259cmi N\u0259zar\u0259t\u00e7il\u0259ri M\u00fcxt\u0259lif dair\u0259vi kanallar \u00fc\u00e7\u00fcn uy\u011fun olan sabit h\u0259cm t\u0259nziml\u0259yicisi"},"content":{"rendered":"<div class=\"mb-400 gtm-product-section container-fluid\" data-gtm-name=\"Benefits\" data-gtm-label=\"Benefits (en)\" data-gtm-vis-first-on-screen53434917_103=\"53594\" data-gtm-vis-total-visible-time53434917_103=\"1500\" data-gtm-vis-has-fired53434917_103=\"1\">\n<div class=\"row\">\n<div class=\"content-element content-element-product-benefit col-12 sm:col-6 mb-400\">\n<div class=\"bg-card px-300 py-250 mobile-nav:px-200 mobile-nav:py-150 h-full flex overflow-hidden card-border\">\n<div class=\"min-w-0\">\n<p><strong>Hava ax\u0131n\u0131n\u0131n d\u0259qiq t\u0259nziml\u0259nm\u0259si<\/strong><br \/>\nNOTUS-R sabit hava ax\u0131n\u0131 h\u0259cminin t\u0259nziml\u0259yicisi bir s\u0131ra t\u0259tbiql\u0259rd\u0259 ax\u0131n\u0131n asan v\u0259 d\u0259qiq t\u0259nziml\u0259nm\u0259sini t\u0259min edir.<\/p>\n<p>&nbsp;<\/p>\n<p><strong>X\u0259rc bax\u0131m\u0131ndan s\u0259m\u0259r\u0259li<\/strong><br \/>\nNOTUS-R n\u0259zar\u0259t\u00e7i y\u00fcks\u0259k s\u0259viyy\u0259d\u0259 etibarl\u0131l\u0131q v\u0259 d\u0259qiqlik t\u0259min edir, eyni zamanda bir s\u0131ra m\u00fcxt\u0259lif t\u0259tbiql\u0259r \u00fc\u00e7\u00fcn q\u0259na\u0259tcildir.<\/p>\n<p>&nbsp;<\/p>\n<p><strong>Polad konstruksiya<\/strong><br \/>\nM\u0259hsul sinkl\u0259nmi\u015f poladdan haz\u0131rlanm\u0131\u015fd\u0131r v\u0259 rezin conta il\u0259 m\u00f6h\u00fcrl\u0259nmi\u015f kanal birl\u0259\u015fm\u0259l\u0259ri onu m\u00f6hk\u0259m v\u0259 davaml\u0131 edir.<\/p>\n<p>&nbsp;<\/p>\n<p>NOTUS-R, diametri 80 mm-d\u0259n 400 mm-\u0259 q\u0259d\u0259r olan dair\u0259vi kanallara s\u0131\u011fd\u0131rmaq \u00fc\u00e7\u00fcn n\u0259z\u0259rd\u0259 tutulmu\u015f sabit hava ax\u0131n\u0131 h\u0259cminin t\u0259nziml\u0259yicisidir. Onun mexaniki \u0259m\u0259liyyat n\u00f6v\u00fc var, y\u0259ni k\u00f6m\u0259k\u00e7i enerjiy\u0259 ehtiyac yoxdur. M\u0259hsul 50 Pa &#8211; 1000 Pa diapazonunda kanal hava t\u0259zyiqind\u0259n as\u0131l\u0131 olmayaraq daimi hava ax\u0131n\u0131na n\u0259zar\u0259t etm\u0259k \u00fc\u00e7\u00fcn n\u0259z\u0259rd\u0259 tutulub. Sabit hava ax\u0131n\u0131n\u0131n d\u0259y\u0259ri \u0259l il\u0259 v\u0259 ya \u00f6t\u00fcr\u00fcc\u00fc il\u0259 t\u0259yin edil\u0259 bil\u0259r. T\u0259l\u0259b olunan ist\u0259nil\u0259n t\u0259tbiqd\u0259 d\u0259qiq v\u0259 etibarl\u0131 hava n\u0259zar\u0259tini t\u0259min edir. Cihaz\u0131n qar\u015f\u0131s\u0131nda ki\u00e7ik bir d\u00fcz b\u0259rab\u0259rl\u0259\u015fdirici kanal uzunlu\u011fu t\u0259l\u0259b olunur.<\/p>\n<p>M\u00fcxt\u0259lif \u00f6l\u00e7\u00fcl\u0259rd\u0259 m\u00f6vcud olan NOTUS-R, rezin conta il\u0259 m\u00f6h\u00fcrl\u0259nmi\u015f kanal birl\u0259\u015fm\u0259l\u0259ri il\u0259 sinkl\u0259nmi\u015f polad t\u0259b\u0259q\u0259d\u0259n haz\u0131rlan\u0131r. \u0130dar\u0259etm\u0259 amortizatoru s\u0259rt, lakin y\u00fcng\u00fcl al\u00fcminium konstruksiyaya malikdir. \u0130dar\u0259etm\u0259 mexanizmi ABS plastik qollar\u0131 v\u0259 \u00f6t\u00fcr\u00fcc\u00fcl\u0259ri, polad yaylar, silikon ya\u011f\u0131 il\u0259 doldurulmu\u015f f\u0131rlanan amortizator v\u0259 ABS qutusundan haz\u0131rlan\u0131r.<\/p>\n<\/div>\n<\/div>\n<\/div>\n<\/div>\n<\/div>\n","protected":false},"excerpt":{"rendered":"<div>\n<p>NOTUS-R Sabit Hava H\u0259cmi N\u0259zar\u0259t\u00e7il\u0259ri<br \/>\nM\u00fcxt\u0259lif dair\u0259vi kanallar \u00fc\u00e7\u00fcn uy\u011fun olan sabit h\u0259cm t\u0259nziml\u0259yicisi<\/p>\n<p>Hava ax\u0131n\u0131n\u0131n d\u0259qiq t\u0259nziml\u0259nm\u0259si<\/p>\n<p>Sabit n\u0259zar\u0259t d\u0259qiqliyi<\/p>\n<p>Polad korpus<\/p>\n<p>X\u0259rc bax\u0131m\u0131ndan s\u0259m\u0259r\u0259li<\/p>\n<\/div>\n<div class=\"flex flex-col gap-200\">\n<div class=\"flex flex-col flex-wrap gap-100 md:flex-row md:items-center gtm-purchase-option\" data-gtm-name=\"size\" data-gtm-label=\"Size\">\n<p><label class=\"flex gap-050 md:w-700 leading-none hyphens-auto print:w-full print:max-w-2\/5 text-label-small\">Size<\/label><\/p>\n<div class=\"flex flex-1 flex-wrap gap-050\"><button class=\"select-btn select-btn-small select-btn-selected gtm-purchase-option-value\" type=\"button\" data-gtm-name=\"80\" data-gtm-label=\"80\">80<\/button><button class=\"select-btn select-btn-small select-btn-default gtm-purchase-option-value\" type=\"button\" data-gtm-name=\"100\" data-gtm-label=\"100\">100<\/button><button class=\"select-btn select-btn-small select-btn-default gtm-purchase-option-value\" type=\"button\" data-gtm-name=\"125\" data-gtm-label=\"125\">125<\/button><button class=\"select-btn select-btn-small select-btn-default gtm-purchase-option-value\" type=\"button\" data-gtm-name=\"140\" data-gtm-label=\"140\">140<\/button><button class=\"select-btn select-btn-small select-btn-default gtm-purchase-option-value\" type=\"button\" data-gtm-name=\"160\" data-gtm-label=\"160\">160<\/button><button class=\"select-btn select-btn-small select-btn-default gtm-purchase-option-value\" type=\"button\" data-gtm-name=\"180\" data-gtm-label=\"180\">180<\/button><button class=\"select-btn select-btn-small select-btn-default gtm-purchase-option-value\" type=\"button\" data-gtm-name=\"200\" data-gtm-label=\"200\">200<\/button><button class=\"select-btn select-btn-small select-btn-default gtm-purchase-option-value\" type=\"button\" data-gtm-name=\"250\" data-gtm-label=\"250\">250<\/button><button class=\"select-btn select-btn-small select-btn-default gtm-purchase-option-value\" type=\"button\" data-gtm-name=\"315\" data-gtm-label=\"315\">315<\/button><button class=\"select-btn select-btn-small select-btn-default gtm-purchase-option-value\" type=\"button\" data-gtm-name=\"400\" data-gtm-label=\"400\">400<\/button><\/div>\n<\/div>\n<div class=\"flex flex-col flex-wrap gap-100 md:flex-row md:items-center gtm-purchase-option\" data-gtm-name=\"insulation\" data-gtm-label=\"Insulation\">\n<p><label class=\"flex gap-050 md:w-700 leading-none hyphens-auto print:w-full print:max-w-2\/5 text-label-small\">Insulation<\/label><\/p>\n<div class=\"flex flex-1 flex-wrap gap-050\"><button class=\"select-btn select-btn-small select-btn-selected gtm-purchase-option-value\" type=\"button\" data-gtm-name=\"Without insulation\" data-gtm-label=\"Without insulation\">Without insulation<\/button><button class=\"select-btn select-btn-small select-btn-default gtm-purchase-option-value\" type=\"button\" data-gtm-name=\"With insulation\" data-gtm-label=\"With insulation\">With insulation<\/button><\/div>\n<\/div>\n<div class=\"flex flex-col flex-wrap gap-100 md:flex-row md:items-center gtm-purchase-option\" data-gtm-name=\"controller_type\" data-gtm-label=\"Controller type\">\n<p><label class=\"flex gap-050 md:w-700 leading-none hyphens-auto print:w-full print:max-w-2\/5 text-label-small\">Controller type<\/label><\/p>\n<div class=\"flex flex-1 flex-wrap gap-050\">\n<div class=\"dropdown-wrapper dropdown-wrapper-small w-full gtm-purchase-option-value gtm-purchase-option-value-dropdown\"><select class=\"form-dropdown form-input form-dropdown-small\"><option value=\"0\" data-gtm-name=\"Manually\" data-gtm-label=\"Manually\">Manually<\/option><option value=\"1\" data-gtm-name=\"Actuator AC\/DC 24V contin. 0-10V \/ 2-Point\" data-gtm-label=\"Actuator AC\/DC 24V contin. 0-10V \/ 2-Point\">Actuator AC\/DC 24V contin. 0-10V \/ 2-Point<\/option><option value=\"2\" data-gtm-name=\"Actuator AC 230V 2-Point\" data-gtm-label=\"Actuator AC 230V 2-Point\">Actuator AC 230V 2-Point<\/option><\/select><\/div>\n<\/div>\n<\/div>\n<\/div>\n<div class=\"gtm-sku-info flex flex-col gap-y-050 text-label-tiny text-neutral-600\">\n<div class=\"flex flex-wrap items-baseline gap-x-100 gap-y-025\"><span class=\"gtm-article-name\">NOTUS-R-80-M0<\/span><span class=\"whitespace-nowrap gtm-article-number text-base font-bold\">#78227<\/span><\/div>\n<\/div>\n","protected":false},"featured_media":37478,"template":"","meta":[],"product_brand":[],"product_cat":[1873,1867,1843],"product_tag":[],"class_list":{"0":"post-37495","1":"product","2":"type-product","3":"status-publish","4":"has-post-thumbnail","6":"product_cat-daimi-hava-hcmi-nzartcilri","7":"product_cat-hava-hcmin-nzart","8":"product_cat-hava-paylayici-mhsullar","10":"first","11":"instock","12":"shipping-taxable","13":"product-type-simple"},"yoast_head":"<!-- This site is optimized with the Yoast SEO plugin v27.1.1 - https:\/\/yoast.com\/product\/yoast-seo-wordpress\/ -->\n<title>NOTUS-R Sabit Hava H\u0259cmi N\u0259zar\u0259t\u00e7il\u0259ri M\u00fcxt\u0259lif dair\u0259vi kanallar \u00fc\u00e7\u00fcn uy\u011fun olan sabit h\u0259cm t\u0259nziml\u0259yicisi - GeoClimate.ge<\/title>\n<meta name=\"robots\" content=\"index, follow, max-snippet:-1, max-image-preview:large, max-video-preview:-1\" \/>\n<link rel=\"canonical\" href=\"https:\/\/geoclimate.ge\/az\/product\/notus-r-constant-air-volume-controllers-constant-volume-controller-suitable-for-a-variety-of-circular-ducts\/\" \/>\n<meta property=\"og:locale\" content=\"az_AZ\" \/>\n<meta property=\"og:type\" content=\"article\" \/>\n<meta property=\"og:title\" content=\"NOTUS-R Sabit Hava H\u0259cmi N\u0259zar\u0259t\u00e7il\u0259ri M\u00fcxt\u0259lif dair\u0259vi kanallar \u00fc\u00e7\u00fcn uy\u011fun olan sabit h\u0259cm t\u0259nziml\u0259yicisi - GeoClimate.ge\" \/>\n<meta property=\"og:description\" content=\"NOTUS-R Sabit Hava H\u0259cmi N\u0259zar\u0259t\u00e7il\u0259ri M\u00fcxt\u0259lif dair\u0259vi kanallar \u00fc\u00e7\u00fcn uy\u011fun olan sabit h\u0259cm t\u0259nziml\u0259yicisi  Hava ax\u0131n\u0131n\u0131n d\u0259qiq t\u0259nziml\u0259nm\u0259si  Sabit n\u0259zar\u0259t d\u0259qiqliyi  Polad korpus  X\u0259rc bax\u0131m\u0131ndan s\u0259m\u0259r\u0259li      Size 80100125140160180200250315400    Insulation Without insulationWith insulation    Controller type   Manually Actuator AC\/DC 24V contin. 0-10V \/ 2-Point Actuator AC 230V 2-Point      NOTUS-R-80-M0#78227\" \/>\n<meta property=\"og:url\" content=\"https:\/\/geoclimate.ge\/az\/product\/notus-r-constant-air-volume-controllers-constant-volume-controller-suitable-for-a-variety-of-circular-ducts\/\" \/>\n<meta property=\"og:site_name\" content=\"GeoClimate.ge\" \/>\n<meta property=\"article:modified_time\" content=\"2025-09-07T19:37:46+00:00\" \/>\n<meta property=\"og:image\" content=\"https:\/\/geoclimate.ge\/wp-content\/uploads\/2025\/09\/PRODUCT-MAIN-IMAGE_NOTUS_R.jpg\" \/>\n\t<meta property=\"og:image:width\" content=\"384\" \/>\n\t<meta property=\"og:image:height\" content=\"288\" \/>\n\t<meta property=\"og:image:type\" content=\"image\/jpeg\" \/>\n<meta name=\"twitter:card\" content=\"summary_large_image\" \/>\n<meta name=\"twitter:label1\" content=\"Est. reading time\" \/>\n\t<meta name=\"twitter:data1\" content=\"2 minutes\" \/>\n<script type=\"application\/ld+json\" class=\"yoast-schema-graph\">{\"@context\":\"https:\/\/schema.org\",\"@graph\":[{\"@type\":\"WebPage\",\"@id\":\"https:\/\/geoclimate.ge\/az\/product\/notus-r-constant-air-volume-controllers-constant-volume-controller-suitable-for-a-variety-of-circular-ducts\/\",\"url\":\"https:\/\/geoclimate.ge\/az\/product\/notus-r-constant-air-volume-controllers-constant-volume-controller-suitable-for-a-variety-of-circular-ducts\/\",\"name\":\"NOTUS-R Sabit Hava H\u0259cmi N\u0259zar\u0259t\u00e7il\u0259ri M\u00fcxt\u0259lif dair\u0259vi kanallar \u00fc\u00e7\u00fcn uy\u011fun olan sabit h\u0259cm t\u0259nziml\u0259yicisi - GeoClimate.ge\",\"isPartOf\":{\"@id\":\"https:\/\/geoclimate.ge\/#website\"},\"primaryImageOfPage\":{\"@id\":\"https:\/\/geoclimate.ge\/az\/product\/notus-r-constant-air-volume-controllers-constant-volume-controller-suitable-for-a-variety-of-circular-ducts\/#primaryimage\"},\"image\":{\"@id\":\"https:\/\/geoclimate.ge\/az\/product\/notus-r-constant-air-volume-controllers-constant-volume-controller-suitable-for-a-variety-of-circular-ducts\/#primaryimage\"},\"thumbnailUrl\":\"https:\/\/geoclimate.ge\/wp-content\/uploads\/2025\/09\/PRODUCT-MAIN-IMAGE_NOTUS_R.jpg\",\"datePublished\":\"2025-09-07T19:29:20+00:00\",\"dateModified\":\"2025-09-07T19:37:46+00:00\",\"breadcrumb\":{\"@id\":\"https:\/\/geoclimate.ge\/az\/product\/notus-r-constant-air-volume-controllers-constant-volume-controller-suitable-for-a-variety-of-circular-ducts\/#breadcrumb\"},\"inLanguage\":\"az\",\"potentialAction\":[{\"@type\":\"ReadAction\",\"target\":[\"https:\/\/geoclimate.ge\/az\/product\/notus-r-constant-air-volume-controllers-constant-volume-controller-suitable-for-a-variety-of-circular-ducts\/\"]}]},{\"@type\":\"ImageObject\",\"inLanguage\":\"az\",\"@id\":\"https:\/\/geoclimate.ge\/az\/product\/notus-r-constant-air-volume-controllers-constant-volume-controller-suitable-for-a-variety-of-circular-ducts\/#primaryimage\",\"url\":\"https:\/\/geoclimate.ge\/wp-content\/uploads\/2025\/09\/PRODUCT-MAIN-IMAGE_NOTUS_R.jpg\",\"contentUrl\":\"https:\/\/geoclimate.ge\/wp-content\/uploads\/2025\/09\/PRODUCT-MAIN-IMAGE_NOTUS_R.jpg\",\"width\":384,\"height\":288},{\"@type\":\"BreadcrumbList\",\"@id\":\"https:\/\/geoclimate.ge\/az\/product\/notus-r-constant-air-volume-controllers-constant-volume-controller-suitable-for-a-variety-of-circular-ducts\/#breadcrumb\",\"itemListElement\":[{\"@type\":\"ListItem\",\"position\":1,\"name\":\"Home\",\"item\":\"https:\/\/geoclimate.ge\/az\/\"},{\"@type\":\"ListItem\",\"position\":2,\"name\":\"M\u0259hsullar\",\"item\":\"https:\/\/geoclimate.ge\/az\/products\/\"},{\"@type\":\"ListItem\",\"position\":3,\"name\":\"NOTUS-R Sabit Hava H\u0259cmi N\u0259zar\u0259t\u00e7il\u0259ri M\u00fcxt\u0259lif dair\u0259vi kanallar \u00fc\u00e7\u00fcn uy\u011fun olan sabit h\u0259cm t\u0259nziml\u0259yicisi\"}]},{\"@type\":\"WebSite\",\"@id\":\"https:\/\/geoclimate.ge\/#website\",\"url\":\"https:\/\/geoclimate.ge\/\",\"name\":\"GeoClimate\",\"description\":\"\",\"publisher\":{\"@id\":\"https:\/\/geoclimate.ge\/#organization\"},\"potentialAction\":[{\"@type\":\"SearchAction\",\"target\":{\"@type\":\"EntryPoint\",\"urlTemplate\":\"https:\/\/geoclimate.ge\/?s={search_term_string}\"},\"query-input\":{\"@type\":\"PropertyValueSpecification\",\"valueRequired\":true,\"valueName\":\"search_term_string\"}}],\"inLanguage\":\"az\"},{\"@type\":\"Organization\",\"@id\":\"https:\/\/geoclimate.ge\/#organization\",\"name\":\"GeoClimate\",\"url\":\"https:\/\/geoclimate.ge\/\",\"logo\":{\"@type\":\"ImageObject\",\"inLanguage\":\"az\",\"@id\":\"https:\/\/geoclimate.ge\/#\/schema\/logo\/image\/\",\"url\":\"https:\/\/geoclimate.ge\/wp-content\/uploads\/2026\/03\/geoclimate-SEO.png\",\"contentUrl\":\"https:\/\/geoclimate.ge\/wp-content\/uploads\/2026\/03\/geoclimate-SEO.png\",\"width\":1536,\"height\":1024,\"caption\":\"GeoClimate\"},\"image\":{\"@id\":\"https:\/\/geoclimate.ge\/#\/schema\/logo\/image\/\"}}]}<\/script>\n<!-- \/ Yoast SEO plugin. -->","yoast_head_json":{"title":"NOTUS-R Sabit Hava H\u0259cmi N\u0259zar\u0259t\u00e7il\u0259ri M\u00fcxt\u0259lif dair\u0259vi kanallar \u00fc\u00e7\u00fcn uy\u011fun olan sabit h\u0259cm t\u0259nziml\u0259yicisi - GeoClimate.ge","robots":{"index":"index","follow":"follow","max-snippet":"max-snippet:-1","max-image-preview":"max-image-preview:large","max-video-preview":"max-video-preview:-1"},"canonical":"https:\/\/geoclimate.ge\/az\/product\/notus-r-constant-air-volume-controllers-constant-volume-controller-suitable-for-a-variety-of-circular-ducts\/","og_locale":"az_AZ","og_type":"article","og_title":"NOTUS-R Sabit Hava H\u0259cmi N\u0259zar\u0259t\u00e7il\u0259ri M\u00fcxt\u0259lif dair\u0259vi kanallar \u00fc\u00e7\u00fcn uy\u011fun olan sabit h\u0259cm t\u0259nziml\u0259yicisi - GeoClimate.ge","og_description":"NOTUS-R Sabit Hava H\u0259cmi N\u0259zar\u0259t\u00e7il\u0259ri M\u00fcxt\u0259lif dair\u0259vi kanallar \u00fc\u00e7\u00fcn uy\u011fun olan sabit h\u0259cm t\u0259nziml\u0259yicisi  Hava ax\u0131n\u0131n\u0131n d\u0259qiq t\u0259nziml\u0259nm\u0259si  Sabit n\u0259zar\u0259t d\u0259qiqliyi  Polad korpus  X\u0259rc bax\u0131m\u0131ndan s\u0259m\u0259r\u0259li      Size 80100125140160180200250315400    Insulation Without insulationWith insulation    Controller type   Manually Actuator AC\/DC 24V contin. 0-10V \/ 2-Point Actuator AC 230V 2-Point      NOTUS-R-80-M0#78227","og_url":"https:\/\/geoclimate.ge\/az\/product\/notus-r-constant-air-volume-controllers-constant-volume-controller-suitable-for-a-variety-of-circular-ducts\/","og_site_name":"GeoClimate.ge","article_modified_time":"2025-09-07T19:37:46+00:00","og_image":[{"width":384,"height":288,"url":"https:\/\/geoclimate.ge\/wp-content\/uploads\/2025\/09\/PRODUCT-MAIN-IMAGE_NOTUS_R.jpg","type":"image\/jpeg"}],"twitter_card":"summary_large_image","twitter_misc":{"Est. reading time":"2 minutes"},"schema":{"@context":"https:\/\/schema.org","@graph":[{"@type":"WebPage","@id":"https:\/\/geoclimate.ge\/az\/product\/notus-r-constant-air-volume-controllers-constant-volume-controller-suitable-for-a-variety-of-circular-ducts\/","url":"https:\/\/geoclimate.ge\/az\/product\/notus-r-constant-air-volume-controllers-constant-volume-controller-suitable-for-a-variety-of-circular-ducts\/","name":"NOTUS-R Sabit Hava H\u0259cmi N\u0259zar\u0259t\u00e7il\u0259ri M\u00fcxt\u0259lif dair\u0259vi kanallar \u00fc\u00e7\u00fcn uy\u011fun olan sabit h\u0259cm t\u0259nziml\u0259yicisi - GeoClimate.ge","isPartOf":{"@id":"https:\/\/geoclimate.ge\/#website"},"primaryImageOfPage":{"@id":"https:\/\/geoclimate.ge\/az\/product\/notus-r-constant-air-volume-controllers-constant-volume-controller-suitable-for-a-variety-of-circular-ducts\/#primaryimage"},"image":{"@id":"https:\/\/geoclimate.ge\/az\/product\/notus-r-constant-air-volume-controllers-constant-volume-controller-suitable-for-a-variety-of-circular-ducts\/#primaryimage"},"thumbnailUrl":"https:\/\/geoclimate.ge\/wp-content\/uploads\/2025\/09\/PRODUCT-MAIN-IMAGE_NOTUS_R.jpg","datePublished":"2025-09-07T19:29:20+00:00","dateModified":"2025-09-07T19:37:46+00:00","breadcrumb":{"@id":"https:\/\/geoclimate.ge\/az\/product\/notus-r-constant-air-volume-controllers-constant-volume-controller-suitable-for-a-variety-of-circular-ducts\/#breadcrumb"},"inLanguage":"az","potentialAction":[{"@type":"ReadAction","target":["https:\/\/geoclimate.ge\/az\/product\/notus-r-constant-air-volume-controllers-constant-volume-controller-suitable-for-a-variety-of-circular-ducts\/"]}]},{"@type":"ImageObject","inLanguage":"az","@id":"https:\/\/geoclimate.ge\/az\/product\/notus-r-constant-air-volume-controllers-constant-volume-controller-suitable-for-a-variety-of-circular-ducts\/#primaryimage","url":"https:\/\/geoclimate.ge\/wp-content\/uploads\/2025\/09\/PRODUCT-MAIN-IMAGE_NOTUS_R.jpg","contentUrl":"https:\/\/geoclimate.ge\/wp-content\/uploads\/2025\/09\/PRODUCT-MAIN-IMAGE_NOTUS_R.jpg","width":384,"height":288},{"@type":"BreadcrumbList","@id":"https:\/\/geoclimate.ge\/az\/product\/notus-r-constant-air-volume-controllers-constant-volume-controller-suitable-for-a-variety-of-circular-ducts\/#breadcrumb","itemListElement":[{"@type":"ListItem","position":1,"name":"Home","item":"https:\/\/geoclimate.ge\/az\/"},{"@type":"ListItem","position":2,"name":"M\u0259hsullar","item":"https:\/\/geoclimate.ge\/az\/products\/"},{"@type":"ListItem","position":3,"name":"NOTUS-R Sabit Hava H\u0259cmi N\u0259zar\u0259t\u00e7il\u0259ri M\u00fcxt\u0259lif dair\u0259vi kanallar \u00fc\u00e7\u00fcn uy\u011fun olan sabit h\u0259cm t\u0259nziml\u0259yicisi"}]},{"@type":"WebSite","@id":"https:\/\/geoclimate.ge\/#website","url":"https:\/\/geoclimate.ge\/","name":"GeoClimate","description":"","publisher":{"@id":"https:\/\/geoclimate.ge\/#organization"},"potentialAction":[{"@type":"SearchAction","target":{"@type":"EntryPoint","urlTemplate":"https:\/\/geoclimate.ge\/?s={search_term_string}"},"query-input":{"@type":"PropertyValueSpecification","valueRequired":true,"valueName":"search_term_string"}}],"inLanguage":"az"},{"@type":"Organization","@id":"https:\/\/geoclimate.ge\/#organization","name":"GeoClimate","url":"https:\/\/geoclimate.ge\/","logo":{"@type":"ImageObject","inLanguage":"az","@id":"https:\/\/geoclimate.ge\/#\/schema\/logo\/image\/","url":"https:\/\/geoclimate.ge\/wp-content\/uploads\/2026\/03\/geoclimate-SEO.png","contentUrl":"https:\/\/geoclimate.ge\/wp-content\/uploads\/2026\/03\/geoclimate-SEO.png","width":1536,"height":1024,"caption":"GeoClimate"},"image":{"@id":"https:\/\/geoclimate.ge\/#\/schema\/logo\/image\/"}}]}},"_links":{"self":[{"href":"https:\/\/geoclimate.ge\/az\/wp-json\/wp\/v2\/product\/37495","targetHints":{"allow":["GET"]}}],"collection":[{"href":"https:\/\/geoclimate.ge\/az\/wp-json\/wp\/v2\/product"}],"about":[{"href":"https:\/\/geoclimate.ge\/az\/wp-json\/wp\/v2\/types\/product"}],"wp:featuredmedia":[{"embeddable":true,"href":"https:\/\/geoclimate.ge\/az\/wp-json\/wp\/v2\/media\/37478"}],"wp:attachment":[{"href":"https:\/\/geoclimate.ge\/az\/wp-json\/wp\/v2\/media?parent=37495"}],"wp:term":[{"taxonomy":"product_brand","embeddable":true,"href":"https:\/\/geoclimate.ge\/az\/wp-json\/wp\/v2\/product_brand?post=37495"},{"taxonomy":"product_cat","embeddable":true,"href":"https:\/\/geoclimate.ge\/az\/wp-json\/wp\/v2\/product_cat?post=37495"},{"taxonomy":"product_tag","embeddable":true,"href":"https:\/\/geoclimate.ge\/az\/wp-json\/wp\/v2\/product_tag?post=37495"}],"curies":[{"name":"wp","href":"https:\/\/api.w.org\/{rel}","templated":true}]}}