{"id":37583,"date":"2025-09-08T00:19:16","date_gmt":"2025-09-07T20:19:16","guid":{"rendered":"https:\/\/airsystems.ge\/shop\/product\/optima-s-fm-variable-air-volume-controllers-airflow-measurement-device-suitable-for-rectangular-shaped-ducts\/"},"modified":"2025-09-08T00:22:55","modified_gmt":"2025-09-07T20:22:55","slug":"optima-s-fm-variable-air-volume-controllers-airflow-measurement-device-suitable-for-rectangular-shaped-ducts","status":"publish","type":"product","link":"https:\/\/geoclimate.ge\/az\/product\/optima-s-fm-variable-air-volume-controllers-airflow-measurement-device-suitable-for-rectangular-shaped-ducts\/","title":{"rendered":"OPTIMA-S-FM D\u0259yi\u015f\u0259n Hava H\u0259cmi N\u0259zar\u0259t\u00e7il\u0259ri D\u00fczbucaql\u0131 formal\u0131 kanallar \u00fc\u00e7\u00fcn uy\u011fun olan hava ax\u0131n\u0131 \u00f6l\u00e7m\u0259 cihaz\u0131"},"content":{"rendered":"<div class=\"mb-400 gtm-product-section container-fluid\" data-gtm-name=\"Benefits\" data-gtm-label=\"Benefits (en)\" data-gtm-vis-recent-on-screen53434917_103=\"30654\" data-gtm-vis-first-on-screen53434917_103=\"30654\" data-gtm-vis-total-visible-time53434917_103=\"1500\" data-gtm-vis-has-fired53434917_103=\"1\">\n<div class=\"row\">\n<div class=\"content-element content-element-product-benefit col-12 sm:col-6 mb-400\">\n<div class=\"bg-card px-300 py-250 mobile-nav:px-200 mobile-nav:py-150 h-full flex overflow-hidden card-border\">\n<div class=\"min-w-0\">\n<p><strong>Davaml\u0131 \u00f6l\u00e7m\u0259<\/strong><br \/>\nOPTIMA S-FM ventilyasiya kanallar\u0131nda hava ax\u0131n\u0131n\u0131n h\u0259cminin davaml\u0131 d\u0259qiqlikl\u0259 \u00f6l\u00e7\u00fclm\u0259si \u00fc\u00e7\u00fcn n\u0259z\u0259rd\u0259 tutulmu\u015f hava ax\u0131n\u0131 \u00f6l\u00e7m\u0259 cihaz\u0131d\u0131r.<\/p>\n<p>&nbsp;<\/p>\n<p><strong>Kompakt \u00f6l\u00e7\u00fc<\/strong><br \/>\nOPTIMA S-FM-in y\u0131\u011fcam \u00f6l\u00e7\u00fcs\u00fc onu m\u00fcxt\u0259lif parametrl\u0259rd\u0259 qura\u015fd\u0131rmaq \u00fc\u00e7\u00fcn \u0259lveri\u015fli edir.<\/p>\n<p>&nbsp;<\/p>\n<p><strong>Bax\u0131m yoxdur<\/strong><br \/>\nOPTIMA S-FM cihaz\u0131 m\u00fcnt\u0259z\u0259m texniki xidm\u0259t t\u0259l\u0259b etmir, bu da onu praktik h\u0259ll edir.<\/p>\n<p>&nbsp;<\/p>\n<p>OPTIMA S-FM d\u00fczbucaql\u0131 formal\u0131 ventilyasiya kanallar\u0131nda hava ax\u0131n\u0131n\u0131n h\u0259cminin davaml\u0131 oxunmas\u0131n\u0131 t\u0259min etm\u0259k \u00fc\u00e7\u00fcn n\u0259z\u0259rd\u0259 tutulmu\u015f kompakt hava ax\u0131n\u0131 \u00f6l\u00e7m\u0259 cihaz\u0131d\u0131r. \u00d6l\u00e7\u00fclm\u00fc\u015f hava ax\u0131n\u0131 t\u0259fsir edilir v\u0259 sonra analoq siqnal v\u0259 ya avtobus x\u0259tti il\u0259 \u00f6t\u00fcr\u00fcl\u00fcr: Modbus v\u0259 ya BACnet. Havaland\u0131rma sisteminizin optimal i\u015fl\u0259m\u0259sini t\u0259min etm\u0259k \u00fc\u00e7\u00fcn y\u00fcks\u0259k d\u0259qiqlikli \u00f6l\u00e7m\u0259l\u0259ri t\u0259min edir.<\/p>\n<p>OPTIMA S-FM d\u00fczbucaql\u0131 kanala qo\u015fulmaq \u00fc\u00e7\u00fcn flan\u015fl\u0131 sinkl\u0259nmi\u015f poladdan d\u00fczbucaql\u0131 formal\u0131 korpusa malikdir. Cihaz\u0131n i\u00e7\u0259risind\u0259 dinamik \u0394P tipli hava ax\u0131n\u0131 \u00f6l\u00e7m\u0259 probu qura\u015fd\u0131r\u0131lm\u0131\u015fd\u0131r. Cihaz d\u00fczg\u00fcn qura\u015fd\u0131r\u0131ld\u0131qdan sonra he\u00e7 bir texniki xidm\u0259t t\u0259l\u0259b etmir, bu da onu bir s\u0131ra m\u00fcxt\u0259lif parametrl\u0259r \u00fc\u00e7\u00fcn uy\u011funla\u015fd\u0131r\u0131la bil\u0259n h\u0259ll edir. Bu diapazonda dig\u0259r \u00f6l\u00e7\u00fcl\u0259r m\u00f6vcuddur.<\/p>\n<\/div>\n<\/div>\n<\/div>\n<\/div>\n<\/div>\n","protected":false},"excerpt":{"rendered":"<div>\n<p>OPTIMA-S-FM D\u0259yi\u015f\u0259n Hava H\u0259cmi N\u0259zar\u0259t\u00e7il\u0259ri<br \/>\nD\u00fczbucaql\u0131 formal\u0131 kanallar \u00fc\u00e7\u00fcn uy\u011fun olan hava ax\u0131n\u0131 \u00f6l\u00e7m\u0259 cihaz\u0131<\/p>\n<p>D\u0259qiq \u00f6l\u00e7m\u0259l\u0259r<\/p>\n<p>Kompakt \u00f6l\u00e7\u00fcl\u0259r<\/p>\n<p>Bax\u0131m yoxdur<\/p>\n<p>Sinkl\u0259nmi\u015f polad<\/p>\n<\/div>\n<div class=\"flex flex-col gap-200\">\n<div class=\"flex flex-col flex-wrap gap-100 md:flex-row md:items-center gtm-purchase-option\" data-gtm-name=\"width\" data-gtm-label=\"Width\">\n<p><label class=\"flex gap-050 md:w-700 leading-none hyphens-auto print:w-full print:max-w-2\/5 text-label-small\">Width<\/label><\/p>\n<div class=\"flex flex-1 flex-wrap gap-050\">\n<div class=\"dropdown-wrapper dropdown-wrapper-small w-full gtm-purchase-option-value gtm-purchase-option-value-dropdown\"><select class=\"form-dropdown form-input form-dropdown-small\"><option value=\"200\" data-gtm-name=\"200\" data-gtm-label=\"200\">200<\/option><option value=\"250\" data-gtm-name=\"250\" data-gtm-label=\"250\">250<\/option><option value=\"300\" data-gtm-name=\"300\" data-gtm-label=\"300\">300<\/option><option value=\"350\" data-gtm-name=\"350\" data-gtm-label=\"350\">350<\/option><option value=\"400\" data-gtm-name=\"400\" data-gtm-label=\"400\">400<\/option><option value=\"450\" data-gtm-name=\"450\" data-gtm-label=\"450\">450<\/option><option value=\"500\" data-gtm-name=\"500\" data-gtm-label=\"500\">500<\/option><option value=\"550\" data-gtm-name=\"550\" data-gtm-label=\"550\">550<\/option><option value=\"600\" data-gtm-name=\"600\" data-gtm-label=\"600\">600<\/option><option value=\"650\" data-gtm-name=\"650\" data-gtm-label=\"650\">650<\/option><option value=\"700\" data-gtm-name=\"700\" data-gtm-label=\"700\">700<\/option><option value=\"750\" data-gtm-name=\"750\" data-gtm-label=\"750\">750<\/option><option value=\"800\" data-gtm-name=\"800\" data-gtm-label=\"800\">800<\/option><option value=\"850\" data-gtm-name=\"850\" data-gtm-label=\"850\">850<\/option><option value=\"900\" data-gtm-name=\"900\" data-gtm-label=\"900\">900<\/option><option value=\"950\" data-gtm-name=\"950\" data-gtm-label=\"950\">950<\/option><option value=\"1000\" data-gtm-name=\"1000\" data-gtm-label=\"1000\">1000<\/option><option value=\"1050\" data-gtm-name=\"1050\" data-gtm-label=\"1050\">1050<\/option><option value=\"1100\" data-gtm-name=\"1100\" data-gtm-label=\"1100\">1100<\/option><option value=\"1150\" data-gtm-name=\"1150\" data-gtm-label=\"1150\">1150<\/option><option value=\"1200\" data-gtm-name=\"1200\" data-gtm-label=\"1200\">1200<\/option><\/select><\/div>\n<\/div>\n<\/div>\n<div class=\"flex flex-col flex-wrap gap-100 md:flex-row md:items-center gtm-purchase-option\" data-gtm-name=\"height\" data-gtm-label=\"Height\">\n<p><label class=\"flex gap-050 md:w-700 leading-none hyphens-auto print:w-full print:max-w-2\/5 text-label-small\">Height<\/label><\/p>\n<div class=\"flex flex-1 flex-wrap gap-050\"><button class=\"select-btn select-btn-small select-btn-selected gtm-purchase-option-value\" type=\"button\" data-gtm-name=\"100\" data-gtm-label=\"100\">100<\/button><button class=\"select-btn select-btn-small select-btn-default gtm-purchase-option-value\" type=\"button\" data-gtm-name=\"150\" data-gtm-label=\"150\">150<\/button><button class=\"select-btn select-btn-small select-btn-default gtm-purchase-option-value\" type=\"button\" data-gtm-name=\"200\" data-gtm-label=\"200\">200<\/button><button class=\"select-btn select-btn-small select-btn-default select-btn-disabled gtm-purchase-option-value\" type=\"button\" data-gtm-name=\"250\" data-gtm-label=\"250\">250<\/button><button class=\"select-btn select-btn-small select-btn-default select-btn-disabled gtm-purchase-option-value\" type=\"button\" data-gtm-name=\"300\" data-gtm-label=\"300\">300<\/button><button class=\"select-btn select-btn-small select-btn-default select-btn-disabled gtm-purchase-option-value\" type=\"button\" data-gtm-name=\"350\" data-gtm-label=\"350\">350<\/button><button class=\"select-btn select-btn-small select-btn-default select-btn-disabled gtm-purchase-option-value\" type=\"button\" data-gtm-name=\"400\" data-gtm-label=\"400\">400<\/button><button class=\"select-btn select-btn-small select-btn-default select-btn-disabled gtm-purchase-option-value\" type=\"button\" data-gtm-name=\"450\" data-gtm-label=\"450\">450<\/button><button class=\"select-btn select-btn-small select-btn-default select-btn-disabled gtm-purchase-option-value\" type=\"button\" data-gtm-name=\"500\" data-gtm-label=\"500\">500<\/button><button class=\"select-btn select-btn-small select-btn-default select-btn-disabled gtm-purchase-option-value\" type=\"button\" data-gtm-name=\"550\" data-gtm-label=\"550\">550<\/button><button class=\"select-btn select-btn-small select-btn-default select-btn-disabled gtm-purchase-option-value\" type=\"button\" data-gtm-name=\"600\" data-gtm-label=\"600\">600<\/button><button class=\"select-btn select-btn-small select-btn-default select-btn-disabled gtm-purchase-option-value\" type=\"button\" data-gtm-name=\"650\" data-gtm-label=\"650\">650<\/button><button class=\"select-btn select-btn-small select-btn-default select-btn-disabled gtm-purchase-option-value\" type=\"button\" data-gtm-name=\"700\" data-gtm-label=\"700\">700<\/button><button class=\"select-btn select-btn-small select-btn-default select-btn-disabled gtm-purchase-option-value\" type=\"button\" data-gtm-name=\"750\" data-gtm-label=\"750\">750<\/button><button class=\"select-btn select-btn-small select-btn-default select-btn-disabled gtm-purchase-option-value\" type=\"button\" data-gtm-name=\"800\" data-gtm-label=\"800\">800<\/button><button class=\"select-btn select-btn-small select-btn-default select-btn-disabled gtm-purchase-option-value\" type=\"button\" data-gtm-name=\"850\" data-gtm-label=\"850\">850<\/button><button class=\"select-btn select-btn-small select-btn-default select-btn-disabled gtm-purchase-option-value\" type=\"button\" data-gtm-name=\"900\" data-gtm-label=\"900\">900<\/button><button class=\"select-btn select-btn-small select-btn-default select-btn-disabled gtm-purchase-option-value\" type=\"button\" data-gtm-name=\"950\" data-gtm-label=\"950\">950<\/button><button class=\"select-btn select-btn-small select-btn-default select-btn-disabled gtm-purchase-option-value\" type=\"button\" data-gtm-name=\"1000\" data-gtm-label=\"1000\">1000<\/button><\/div>\n<\/div>\n<\/div>\n<div class=\"gtm-sku-info flex flex-col gap-y-050 text-label-tiny text-neutral-600\">\n<div class=\"flex flex-wrap items-baseline gap-x-100 gap-y-025\"><span class=\"gtm-article-name\">OPTIMA-S-FM-200&#215;100-BM<\/span><span class=\"whitespace-nowrap gtm-article-number text-base font-bold\">#277882<\/span><\/div>\n<\/div>\n","protected":false},"featured_media":37566,"template":"","meta":[],"product_brand":[],"product_cat":[1879,1867,1843],"product_tag":[],"class_list":{"0":"post-37583","1":"product","2":"type-product","3":"status-publish","4":"has-post-thumbnail","6":"product_cat-dyisn-hava-hcminin-nzartcilri","7":"product_cat-hava-hcmin-nzart","8":"product_cat-hava-paylayici-mhsullar","10":"first","11":"instock","12":"shipping-taxable","13":"product-type-simple"},"yoast_head":"<!-- This site is optimized with the Yoast SEO plugin v27.1.1 - https:\/\/yoast.com\/product\/yoast-seo-wordpress\/ -->\n<title>OPTIMA-S-FM D\u0259yi\u015f\u0259n Hava H\u0259cmi N\u0259zar\u0259t\u00e7il\u0259ri D\u00fczbucaql\u0131 formal\u0131 kanallar \u00fc\u00e7\u00fcn uy\u011fun olan hava ax\u0131n\u0131 \u00f6l\u00e7m\u0259 cihaz\u0131 - GeoClimate.ge<\/title>\n<meta name=\"robots\" content=\"index, follow, max-snippet:-1, max-image-preview:large, max-video-preview:-1\" \/>\n<link rel=\"canonical\" href=\"https:\/\/geoclimate.ge\/az\/product\/optima-s-fm-variable-air-volume-controllers-airflow-measurement-device-suitable-for-rectangular-shaped-ducts\/\" \/>\n<meta property=\"og:locale\" content=\"az_AZ\" \/>\n<meta property=\"og:type\" content=\"article\" \/>\n<meta property=\"og:title\" content=\"OPTIMA-S-FM D\u0259yi\u015f\u0259n Hava H\u0259cmi N\u0259zar\u0259t\u00e7il\u0259ri D\u00fczbucaql\u0131 formal\u0131 kanallar \u00fc\u00e7\u00fcn uy\u011fun olan hava ax\u0131n\u0131 \u00f6l\u00e7m\u0259 cihaz\u0131 - GeoClimate.ge\" \/>\n<meta property=\"og:description\" content=\"OPTIMA-S-FM D\u0259yi\u015f\u0259n Hava H\u0259cmi N\u0259zar\u0259t\u00e7il\u0259ri D\u00fczbucaql\u0131 formal\u0131 kanallar \u00fc\u00e7\u00fcn uy\u011fun olan hava ax\u0131n\u0131 \u00f6l\u00e7m\u0259 cihaz\u0131  D\u0259qiq \u00f6l\u00e7m\u0259l\u0259r  Kompakt \u00f6l\u00e7\u00fcl\u0259r  Bax\u0131m yoxdur  Sinkl\u0259nmi\u015f polad      Width   200 250 300 350 400 450 500 550 600 650 700 750 800 850 900 950 1000 1050 1100 1150 1200      Height 1001502002503003504004505005506006507007508008509009501000    OPTIMA-S-FM-200x100-BM#277882\" \/>\n<meta property=\"og:url\" content=\"https:\/\/geoclimate.ge\/az\/product\/optima-s-fm-variable-air-volume-controllers-airflow-measurement-device-suitable-for-rectangular-shaped-ducts\/\" \/>\n<meta property=\"og:site_name\" content=\"GeoClimate.ge\" \/>\n<meta property=\"article:modified_time\" content=\"2025-09-07T20:22:55+00:00\" \/>\n<meta property=\"og:image\" content=\"https:\/\/geoclimate.ge\/wp-content\/uploads\/2025\/09\/PRODUCT-MAIN-IMAGE_OPTIMA_S_FM.jpg\" \/>\n\t<meta property=\"og:image:width\" content=\"384\" \/>\n\t<meta property=\"og:image:height\" content=\"288\" \/>\n\t<meta property=\"og:image:type\" content=\"image\/jpeg\" \/>\n<meta name=\"twitter:card\" content=\"summary_large_image\" \/>\n<meta name=\"twitter:label1\" content=\"Est. reading time\" \/>\n\t<meta name=\"twitter:data1\" content=\"1 minute\" \/>\n<script type=\"application\/ld+json\" class=\"yoast-schema-graph\">{\"@context\":\"https:\/\/schema.org\",\"@graph\":[{\"@type\":\"WebPage\",\"@id\":\"https:\/\/geoclimate.ge\/az\/product\/optima-s-fm-variable-air-volume-controllers-airflow-measurement-device-suitable-for-rectangular-shaped-ducts\/\",\"url\":\"https:\/\/geoclimate.ge\/az\/product\/optima-s-fm-variable-air-volume-controllers-airflow-measurement-device-suitable-for-rectangular-shaped-ducts\/\",\"name\":\"OPTIMA-S-FM D\u0259yi\u015f\u0259n Hava H\u0259cmi N\u0259zar\u0259t\u00e7il\u0259ri D\u00fczbucaql\u0131 formal\u0131 kanallar \u00fc\u00e7\u00fcn uy\u011fun olan hava ax\u0131n\u0131 \u00f6l\u00e7m\u0259 cihaz\u0131 - GeoClimate.ge\",\"isPartOf\":{\"@id\":\"https:\/\/geoclimate.ge\/#website\"},\"primaryImageOfPage\":{\"@id\":\"https:\/\/geoclimate.ge\/az\/product\/optima-s-fm-variable-air-volume-controllers-airflow-measurement-device-suitable-for-rectangular-shaped-ducts\/#primaryimage\"},\"image\":{\"@id\":\"https:\/\/geoclimate.ge\/az\/product\/optima-s-fm-variable-air-volume-controllers-airflow-measurement-device-suitable-for-rectangular-shaped-ducts\/#primaryimage\"},\"thumbnailUrl\":\"https:\/\/geoclimate.ge\/wp-content\/uploads\/2025\/09\/PRODUCT-MAIN-IMAGE_OPTIMA_S_FM.jpg\",\"datePublished\":\"2025-09-07T20:19:16+00:00\",\"dateModified\":\"2025-09-07T20:22:55+00:00\",\"breadcrumb\":{\"@id\":\"https:\/\/geoclimate.ge\/az\/product\/optima-s-fm-variable-air-volume-controllers-airflow-measurement-device-suitable-for-rectangular-shaped-ducts\/#breadcrumb\"},\"inLanguage\":\"az\",\"potentialAction\":[{\"@type\":\"ReadAction\",\"target\":[\"https:\/\/geoclimate.ge\/az\/product\/optima-s-fm-variable-air-volume-controllers-airflow-measurement-device-suitable-for-rectangular-shaped-ducts\/\"]}]},{\"@type\":\"ImageObject\",\"inLanguage\":\"az\",\"@id\":\"https:\/\/geoclimate.ge\/az\/product\/optima-s-fm-variable-air-volume-controllers-airflow-measurement-device-suitable-for-rectangular-shaped-ducts\/#primaryimage\",\"url\":\"https:\/\/geoclimate.ge\/wp-content\/uploads\/2025\/09\/PRODUCT-MAIN-IMAGE_OPTIMA_S_FM.jpg\",\"contentUrl\":\"https:\/\/geoclimate.ge\/wp-content\/uploads\/2025\/09\/PRODUCT-MAIN-IMAGE_OPTIMA_S_FM.jpg\",\"width\":384,\"height\":288},{\"@type\":\"BreadcrumbList\",\"@id\":\"https:\/\/geoclimate.ge\/az\/product\/optima-s-fm-variable-air-volume-controllers-airflow-measurement-device-suitable-for-rectangular-shaped-ducts\/#breadcrumb\",\"itemListElement\":[{\"@type\":\"ListItem\",\"position\":1,\"name\":\"Home\",\"item\":\"https:\/\/geoclimate.ge\/az\/\"},{\"@type\":\"ListItem\",\"position\":2,\"name\":\"M\u0259hsullar\",\"item\":\"https:\/\/geoclimate.ge\/az\/products\/\"},{\"@type\":\"ListItem\",\"position\":3,\"name\":\"OPTIMA-S-FM D\u0259yi\u015f\u0259n Hava H\u0259cmi N\u0259zar\u0259t\u00e7il\u0259ri D\u00fczbucaql\u0131 formal\u0131 kanallar \u00fc\u00e7\u00fcn uy\u011fun olan hava ax\u0131n\u0131 \u00f6l\u00e7m\u0259 cihaz\u0131\"}]},{\"@type\":\"WebSite\",\"@id\":\"https:\/\/geoclimate.ge\/#website\",\"url\":\"https:\/\/geoclimate.ge\/\",\"name\":\"GeoClimate\",\"description\":\"\",\"publisher\":{\"@id\":\"https:\/\/geoclimate.ge\/#organization\"},\"potentialAction\":[{\"@type\":\"SearchAction\",\"target\":{\"@type\":\"EntryPoint\",\"urlTemplate\":\"https:\/\/geoclimate.ge\/?s={search_term_string}\"},\"query-input\":{\"@type\":\"PropertyValueSpecification\",\"valueRequired\":true,\"valueName\":\"search_term_string\"}}],\"inLanguage\":\"az\"},{\"@type\":\"Organization\",\"@id\":\"https:\/\/geoclimate.ge\/#organization\",\"name\":\"GeoClimate\",\"url\":\"https:\/\/geoclimate.ge\/\",\"logo\":{\"@type\":\"ImageObject\",\"inLanguage\":\"az\",\"@id\":\"https:\/\/geoclimate.ge\/#\/schema\/logo\/image\/\",\"url\":\"https:\/\/geoclimate.ge\/wp-content\/uploads\/2026\/03\/geoclimate-SEO.png\",\"contentUrl\":\"https:\/\/geoclimate.ge\/wp-content\/uploads\/2026\/03\/geoclimate-SEO.png\",\"width\":1536,\"height\":1024,\"caption\":\"GeoClimate\"},\"image\":{\"@id\":\"https:\/\/geoclimate.ge\/#\/schema\/logo\/image\/\"}}]}<\/script>\n<!-- \/ Yoast SEO plugin. -->","yoast_head_json":{"title":"OPTIMA-S-FM D\u0259yi\u015f\u0259n Hava H\u0259cmi N\u0259zar\u0259t\u00e7il\u0259ri D\u00fczbucaql\u0131 formal\u0131 kanallar \u00fc\u00e7\u00fcn uy\u011fun olan hava ax\u0131n\u0131 \u00f6l\u00e7m\u0259 cihaz\u0131 - GeoClimate.ge","robots":{"index":"index","follow":"follow","max-snippet":"max-snippet:-1","max-image-preview":"max-image-preview:large","max-video-preview":"max-video-preview:-1"},"canonical":"https:\/\/geoclimate.ge\/az\/product\/optima-s-fm-variable-air-volume-controllers-airflow-measurement-device-suitable-for-rectangular-shaped-ducts\/","og_locale":"az_AZ","og_type":"article","og_title":"OPTIMA-S-FM D\u0259yi\u015f\u0259n Hava H\u0259cmi N\u0259zar\u0259t\u00e7il\u0259ri D\u00fczbucaql\u0131 formal\u0131 kanallar \u00fc\u00e7\u00fcn uy\u011fun olan hava ax\u0131n\u0131 \u00f6l\u00e7m\u0259 cihaz\u0131 - GeoClimate.ge","og_description":"OPTIMA-S-FM D\u0259yi\u015f\u0259n Hava H\u0259cmi N\u0259zar\u0259t\u00e7il\u0259ri D\u00fczbucaql\u0131 formal\u0131 kanallar \u00fc\u00e7\u00fcn uy\u011fun olan hava ax\u0131n\u0131 \u00f6l\u00e7m\u0259 cihaz\u0131  D\u0259qiq \u00f6l\u00e7m\u0259l\u0259r  Kompakt \u00f6l\u00e7\u00fcl\u0259r  Bax\u0131m yoxdur  Sinkl\u0259nmi\u015f polad      Width   200 250 300 350 400 450 500 550 600 650 700 750 800 850 900 950 1000 1050 1100 1150 1200      Height 1001502002503003504004505005506006507007508008509009501000    OPTIMA-S-FM-200x100-BM#277882","og_url":"https:\/\/geoclimate.ge\/az\/product\/optima-s-fm-variable-air-volume-controllers-airflow-measurement-device-suitable-for-rectangular-shaped-ducts\/","og_site_name":"GeoClimate.ge","article_modified_time":"2025-09-07T20:22:55+00:00","og_image":[{"width":384,"height":288,"url":"https:\/\/geoclimate.ge\/wp-content\/uploads\/2025\/09\/PRODUCT-MAIN-IMAGE_OPTIMA_S_FM.jpg","type":"image\/jpeg"}],"twitter_card":"summary_large_image","twitter_misc":{"Est. reading time":"1 minute"},"schema":{"@context":"https:\/\/schema.org","@graph":[{"@type":"WebPage","@id":"https:\/\/geoclimate.ge\/az\/product\/optima-s-fm-variable-air-volume-controllers-airflow-measurement-device-suitable-for-rectangular-shaped-ducts\/","url":"https:\/\/geoclimate.ge\/az\/product\/optima-s-fm-variable-air-volume-controllers-airflow-measurement-device-suitable-for-rectangular-shaped-ducts\/","name":"OPTIMA-S-FM D\u0259yi\u015f\u0259n Hava H\u0259cmi N\u0259zar\u0259t\u00e7il\u0259ri D\u00fczbucaql\u0131 formal\u0131 kanallar \u00fc\u00e7\u00fcn uy\u011fun olan hava ax\u0131n\u0131 \u00f6l\u00e7m\u0259 cihaz\u0131 - GeoClimate.ge","isPartOf":{"@id":"https:\/\/geoclimate.ge\/#website"},"primaryImageOfPage":{"@id":"https:\/\/geoclimate.ge\/az\/product\/optima-s-fm-variable-air-volume-controllers-airflow-measurement-device-suitable-for-rectangular-shaped-ducts\/#primaryimage"},"image":{"@id":"https:\/\/geoclimate.ge\/az\/product\/optima-s-fm-variable-air-volume-controllers-airflow-measurement-device-suitable-for-rectangular-shaped-ducts\/#primaryimage"},"thumbnailUrl":"https:\/\/geoclimate.ge\/wp-content\/uploads\/2025\/09\/PRODUCT-MAIN-IMAGE_OPTIMA_S_FM.jpg","datePublished":"2025-09-07T20:19:16+00:00","dateModified":"2025-09-07T20:22:55+00:00","breadcrumb":{"@id":"https:\/\/geoclimate.ge\/az\/product\/optima-s-fm-variable-air-volume-controllers-airflow-measurement-device-suitable-for-rectangular-shaped-ducts\/#breadcrumb"},"inLanguage":"az","potentialAction":[{"@type":"ReadAction","target":["https:\/\/geoclimate.ge\/az\/product\/optima-s-fm-variable-air-volume-controllers-airflow-measurement-device-suitable-for-rectangular-shaped-ducts\/"]}]},{"@type":"ImageObject","inLanguage":"az","@id":"https:\/\/geoclimate.ge\/az\/product\/optima-s-fm-variable-air-volume-controllers-airflow-measurement-device-suitable-for-rectangular-shaped-ducts\/#primaryimage","url":"https:\/\/geoclimate.ge\/wp-content\/uploads\/2025\/09\/PRODUCT-MAIN-IMAGE_OPTIMA_S_FM.jpg","contentUrl":"https:\/\/geoclimate.ge\/wp-content\/uploads\/2025\/09\/PRODUCT-MAIN-IMAGE_OPTIMA_S_FM.jpg","width":384,"height":288},{"@type":"BreadcrumbList","@id":"https:\/\/geoclimate.ge\/az\/product\/optima-s-fm-variable-air-volume-controllers-airflow-measurement-device-suitable-for-rectangular-shaped-ducts\/#breadcrumb","itemListElement":[{"@type":"ListItem","position":1,"name":"Home","item":"https:\/\/geoclimate.ge\/az\/"},{"@type":"ListItem","position":2,"name":"M\u0259hsullar","item":"https:\/\/geoclimate.ge\/az\/products\/"},{"@type":"ListItem","position":3,"name":"OPTIMA-S-FM D\u0259yi\u015f\u0259n Hava H\u0259cmi N\u0259zar\u0259t\u00e7il\u0259ri D\u00fczbucaql\u0131 formal\u0131 kanallar \u00fc\u00e7\u00fcn uy\u011fun olan hava ax\u0131n\u0131 \u00f6l\u00e7m\u0259 cihaz\u0131"}]},{"@type":"WebSite","@id":"https:\/\/geoclimate.ge\/#website","url":"https:\/\/geoclimate.ge\/","name":"GeoClimate","description":"","publisher":{"@id":"https:\/\/geoclimate.ge\/#organization"},"potentialAction":[{"@type":"SearchAction","target":{"@type":"EntryPoint","urlTemplate":"https:\/\/geoclimate.ge\/?s={search_term_string}"},"query-input":{"@type":"PropertyValueSpecification","valueRequired":true,"valueName":"search_term_string"}}],"inLanguage":"az"},{"@type":"Organization","@id":"https:\/\/geoclimate.ge\/#organization","name":"GeoClimate","url":"https:\/\/geoclimate.ge\/","logo":{"@type":"ImageObject","inLanguage":"az","@id":"https:\/\/geoclimate.ge\/#\/schema\/logo\/image\/","url":"https:\/\/geoclimate.ge\/wp-content\/uploads\/2026\/03\/geoclimate-SEO.png","contentUrl":"https:\/\/geoclimate.ge\/wp-content\/uploads\/2026\/03\/geoclimate-SEO.png","width":1536,"height":1024,"caption":"GeoClimate"},"image":{"@id":"https:\/\/geoclimate.ge\/#\/schema\/logo\/image\/"}}]}},"_links":{"self":[{"href":"https:\/\/geoclimate.ge\/az\/wp-json\/wp\/v2\/product\/37583","targetHints":{"allow":["GET"]}}],"collection":[{"href":"https:\/\/geoclimate.ge\/az\/wp-json\/wp\/v2\/product"}],"about":[{"href":"https:\/\/geoclimate.ge\/az\/wp-json\/wp\/v2\/types\/product"}],"wp:featuredmedia":[{"embeddable":true,"href":"https:\/\/geoclimate.ge\/az\/wp-json\/wp\/v2\/media\/37566"}],"wp:attachment":[{"href":"https:\/\/geoclimate.ge\/az\/wp-json\/wp\/v2\/media?parent=37583"}],"wp:term":[{"taxonomy":"product_brand","embeddable":true,"href":"https:\/\/geoclimate.ge\/az\/wp-json\/wp\/v2\/product_brand?post=37583"},{"taxonomy":"product_cat","embeddable":true,"href":"https:\/\/geoclimate.ge\/az\/wp-json\/wp\/v2\/product_cat?post=37583"},{"taxonomy":"product_tag","embeddable":true,"href":"https:\/\/geoclimate.ge\/az\/wp-json\/wp\/v2\/product_tag?post=37583"}],"curies":[{"name":"wp","href":"https:\/\/api.w.org\/{rel}","templated":true}]}}