{"id":37597,"date":"2025-09-08T00:26:30","date_gmt":"2025-09-07T20:26:30","guid":{"rendered":"https:\/\/airsystems.ge\/shop\/product\/optima-s-fcs_bm-variable-air-volume-controllers-variable-air-volume-controller-with-a-static-sensor\/"},"modified":"2025-09-08T00:29:29","modified_gmt":"2025-09-07T20:29:29","slug":"optima-s-fcs_bm-variable-air-volume-controllers-variable-air-volume-controller-with-a-static-sensor","status":"publish","type":"product","link":"https:\/\/geoclimate.ge\/az\/product\/optima-s-fcs_bm-variable-air-volume-controllers-variable-air-volume-controller-with-a-static-sensor\/","title":{"rendered":"OPTIMA-S-FCS_BM D\u0259yi\u015f\u0259n Hava H\u0259cminin N\u0259zar\u0259t\u00e7il\u0259ri Statik sensorlu d\u0259yi\u015f\u0259n hava h\u0259cminin t\u0259nziml\u0259yicisi"},"content":{"rendered":"<div class=\"content-element content-element-product-benefit col-12 sm:col-6 mb-400\">\n<div class=\"bg-card px-300 py-250 mobile-nav:px-200 mobile-nav:py-150 h-full flex overflow-hidden card-border\">\n<div class=\"min-w-0\">\n<p><strong>Davaml\u0131 tikinti<\/strong><br \/>\nM\u0259hsul artan toz \u00e7irkliliyi olan m\u0259kanlar \u00fc\u00e7\u00fcn ideald\u0131r (s\u0259naye v\u0259 istehsal sah\u0259l\u0259ri, emalatxanalar, ictimai salonlar v\u0259 s.)<\/p>\n<p><strong>A\u015fa\u011f\u0131 s\u0259s \u0259m\u0259liyyat\u0131<\/strong><br \/>\nCihaz s\u0259s-k\u00fcy\u00fcn \u0259h\u0259miyy\u0259tli d\u0259r\u0259c\u0259d\u0259 azald\u0131lmas\u0131 \u00fc\u00e7\u00fcn 19 mm qal\u0131nl\u0131\u011f\u0131nda qapal\u0131 h\u00fcceyr\u0259li k\u00f6p\u00fck mat izolyasiyas\u0131 il\u0259 t\u0259min edil\u0259 bil\u0259r.<\/p>\n<\/div>\n<\/div>\n<\/div>\n","protected":false},"excerpt":{"rendered":"<div>\n<p>OPTIMA-S-FCS_BM D\u0259yi\u015f\u0259n Hava H\u0259cminin N\u0259zar\u0259t\u00e7il\u0259ri<br \/>\nStatik sensorlu d\u0259yi\u015f\u0259n hava h\u0259cminin t\u0259nziml\u0259yicisi<\/p>\n<p>Y\u00fcks\u0259k n\u0259zar\u0259t d\u0259qiqliyi<\/p>\n<p>1000 Pa-a q\u0259d\u0259r t\u0259zyiq d\u00fc\u015fm\u0259sinin i\u015fl\u0259m\u0259 diapazonu<\/p>\n<p>Davaml\u0131 tikinti<\/p>\n<p>A\u015fa\u011f\u0131 s\u0259s \u0259m\u0259liyyat\u0131<\/p>\n<\/div>\n<div class=\"flex flex-col gap-200\">\n<div class=\"flex flex-col flex-wrap gap-100 md:flex-row md:items-center gtm-purchase-option\" data-gtm-name=\"width\" data-gtm-label=\"Width\">\n<p><label class=\"flex gap-050 md:w-700 leading-none hyphens-auto print:w-full print:max-w-2\/5 text-label-small\">Width<\/label><\/p>\n<div class=\"flex flex-1 flex-wrap gap-050\">\n<div class=\"dropdown-wrapper dropdown-wrapper-small w-full gtm-purchase-option-value gtm-purchase-option-value-dropdown\"><select class=\"form-dropdown form-input form-dropdown-small\"><option value=\"200\" data-gtm-name=\"200\" data-gtm-label=\"200\">200<\/option><option value=\"250\" data-gtm-name=\"250\" data-gtm-label=\"250\">250<\/option><option value=\"300\" data-gtm-name=\"300\" data-gtm-label=\"300\">300<\/option><option value=\"350\" data-gtm-name=\"350\" data-gtm-label=\"350\">350<\/option><option value=\"400\" data-gtm-name=\"400\" data-gtm-label=\"400\">400<\/option><option value=\"450\" data-gtm-name=\"450\" data-gtm-label=\"450\">450<\/option><option value=\"500\" data-gtm-name=\"500\" data-gtm-label=\"500\">500<\/option><option value=\"550\" data-gtm-name=\"550\" data-gtm-label=\"550\">550<\/option><option value=\"600\" data-gtm-name=\"600\" data-gtm-label=\"600\">600<\/option><option value=\"650\" data-gtm-name=\"650\" data-gtm-label=\"650\">650<\/option><option value=\"700\" data-gtm-name=\"700\" data-gtm-label=\"700\">700<\/option><option value=\"750\" data-gtm-name=\"750\" data-gtm-label=\"750\">750<\/option><option value=\"800\" data-gtm-name=\"800\" data-gtm-label=\"800\">800<\/option><option value=\"850\" data-gtm-name=\"850\" data-gtm-label=\"850\">850<\/option><option value=\"900\" data-gtm-name=\"900\" data-gtm-label=\"900\">900<\/option><option value=\"950\" data-gtm-name=\"950\" data-gtm-label=\"950\">950<\/option><option value=\"1000\" data-gtm-name=\"1000\" data-gtm-label=\"1000\">1000<\/option><option value=\"1050\" data-gtm-name=\"1050\" data-gtm-label=\"1050\">1050<\/option><option value=\"1100\" data-gtm-name=\"1100\" data-gtm-label=\"1100\">1100<\/option><option value=\"1150\" data-gtm-name=\"1150\" data-gtm-label=\"1150\">1150<\/option><option value=\"1200\" data-gtm-name=\"1200\" data-gtm-label=\"1200\">1200<\/option><\/select><\/div>\n<\/div>\n<\/div>\n<div class=\"flex flex-col flex-wrap gap-100 md:flex-row md:items-center gtm-purchase-option\" data-gtm-name=\"height\" data-gtm-label=\"Height\">\n<p><label class=\"flex gap-050 md:w-700 leading-none hyphens-auto print:w-full print:max-w-2\/5 text-label-small\">Height<\/label><\/p>\n<div class=\"flex flex-1 flex-wrap gap-050\"><button class=\"select-btn select-btn-small select-btn-selected gtm-purchase-option-value\" type=\"button\" data-gtm-name=\"100\" data-gtm-label=\"100\">100<\/button><button class=\"select-btn select-btn-small select-btn-default gtm-purchase-option-value\" type=\"button\" data-gtm-name=\"150\" data-gtm-label=\"150\">150<\/button><button class=\"select-btn select-btn-small select-btn-default gtm-purchase-option-value\" type=\"button\" data-gtm-name=\"200\" data-gtm-label=\"200\">200<\/button><button class=\"select-btn select-btn-small select-btn-default select-btn-disabled gtm-purchase-option-value\" type=\"button\" data-gtm-name=\"250\" data-gtm-label=\"250\">250<\/button><button class=\"select-btn select-btn-small select-btn-default select-btn-disabled gtm-purchase-option-value\" type=\"button\" data-gtm-name=\"300\" data-gtm-label=\"300\">300<\/button><button class=\"select-btn select-btn-small select-btn-default select-btn-disabled gtm-purchase-option-value\" type=\"button\" data-gtm-name=\"350\" data-gtm-label=\"350\">350<\/button><button class=\"select-btn select-btn-small select-btn-default select-btn-disabled gtm-purchase-option-value\" type=\"button\" data-gtm-name=\"400\" data-gtm-label=\"400\">400<\/button><button class=\"select-btn select-btn-small select-btn-default select-btn-disabled gtm-purchase-option-value\" type=\"button\" data-gtm-name=\"450\" data-gtm-label=\"450\">450<\/button><button class=\"select-btn select-btn-small select-btn-default select-btn-disabled gtm-purchase-option-value\" type=\"button\" data-gtm-name=\"500\" data-gtm-label=\"500\">500<\/button><button class=\"select-btn select-btn-small select-btn-default select-btn-disabled gtm-purchase-option-value\" type=\"button\" data-gtm-name=\"550\" data-gtm-label=\"550\">550<\/button><button class=\"select-btn select-btn-small select-btn-default select-btn-disabled gtm-purchase-option-value\" type=\"button\" data-gtm-name=\"600\" data-gtm-label=\"600\">600<\/button><button class=\"select-btn select-btn-small select-btn-default select-btn-disabled gtm-purchase-option-value\" type=\"button\" data-gtm-name=\"650\" data-gtm-label=\"650\">650<\/button><button class=\"select-btn select-btn-small select-btn-default select-btn-disabled gtm-purchase-option-value\" type=\"button\" data-gtm-name=\"700\" data-gtm-label=\"700\">700<\/button><button class=\"select-btn select-btn-small select-btn-default select-btn-disabled gtm-purchase-option-value\" type=\"button\" data-gtm-name=\"750\" data-gtm-label=\"750\">750<\/button><button class=\"select-btn select-btn-small select-btn-default select-btn-disabled gtm-purchase-option-value\" type=\"button\" data-gtm-name=\"800\" data-gtm-label=\"800\">800<\/button><button class=\"select-btn select-btn-small select-btn-default select-btn-disabled gtm-purchase-option-value\" type=\"button\" data-gtm-name=\"850\" data-gtm-label=\"850\">850<\/button><button class=\"select-btn select-btn-small select-btn-default select-btn-disabled gtm-purchase-option-value\" type=\"button\" data-gtm-name=\"900\" data-gtm-label=\"900\">900<\/button><button class=\"select-btn select-btn-small select-btn-default select-btn-disabled gtm-purchase-option-value\" type=\"button\" data-gtm-name=\"950\" data-gtm-label=\"950\">950<\/button><button class=\"select-btn select-btn-small select-btn-default select-btn-disabled gtm-purchase-option-value\" type=\"button\" data-gtm-name=\"1000\" data-gtm-label=\"1000\">1000<\/button><\/div>\n<\/div>\n<div class=\"flex flex-col flex-wrap gap-100 md:flex-row md:items-center gtm-purchase-option\" data-gtm-name=\"insulation\" data-gtm-label=\"Insulation\">\n<p><label class=\"flex gap-050 md:w-700 leading-none hyphens-auto print:w-full print:max-w-2\/5 text-label-small\">Insulation<\/label><\/p>\n<div class=\"flex flex-1 flex-wrap gap-050\"><button class=\"select-btn select-btn-small select-btn-selected gtm-purchase-option-value\" type=\"button\" data-gtm-name=\"Without insulation\" data-gtm-label=\"Without insulation\">Without insulation<\/button><button class=\"select-btn select-btn-small select-btn-default gtm-purchase-option-value\" type=\"button\" data-gtm-name=\"With insulation\" data-gtm-label=\"With insulation\">With insulation<\/button><\/div>\n<\/div>\n<div class=\"flex flex-col flex-wrap gap-100 md:flex-row md:items-center gtm-purchase-option\" data-gtm-name=\"communication_type\" data-gtm-label=\"Equipment, Communication type\">\n<p><label class=\"flex gap-050 md:w-700 leading-none hyphens-auto print:w-full print:max-w-2\/5 text-label-small\">Equipment, Communication type<\/label><\/p>\n<div class=\"flex flex-1 flex-wrap gap-050\">\n<div class=\"dropdown-wrapper dropdown-wrapper-small w-full gtm-purchase-option-value gtm-purchase-option-value-dropdown\"><select class=\"form-dropdown form-input form-dropdown-small\"><option value=\"0\" data-gtm-name=\"S: Standard actuator with transition time 120 s\" data-gtm-label=\"S: Standard actuator with transition time 120 s\">S: Standard actuator with transition time 120 s<\/option><option value=\"1\" data-gtm-name=\"Q: Actuator with short transition time 2,5 s \/ 4 s\" data-gtm-label=\"Q: Actuator with short transition time 2,5 s \/ 4 s\">Q: Actuator with short transition time 2,5 s \/ 4 s<\/option><option value=\"2\" data-gtm-name=\"QE: Actuator with short transition time 2,5 s and electric safety function\" data-gtm-label=\"QE: Actuator with short transition time 2,5 s and electric safety function\">QE: Actuator with short transition time 2,5 s and electric safety function<\/option><option value=\"3\" data-gtm-name=\"F: Actuator with mechanical safety function \u2013 spring return\" data-gtm-label=\"F: Actuator with mechanical safety function \u2013 spring return\">F: Actuator with mechanical safety function \u2013 spring return<\/option><\/select><\/div>\n<\/div>\n<\/div>\n<\/div>\n<div class=\"gtm-sku-info flex flex-col gap-y-050 text-label-tiny text-neutral-600\">\n<div class=\"flex flex-wrap items-baseline gap-x-100 gap-y-025\"><span class=\"gtm-article-name\">OPTIMA-S-FCS-200&#215;100-BM-S<\/span><span class=\"whitespace-nowrap gtm-article-number text-base font-bold\">#463476<\/span><\/div>\n<\/div>\n","protected":false},"featured_media":37592,"template":"","meta":[],"product_brand":[],"product_cat":[1879,1867,1843],"product_tag":[],"class_list":{"0":"post-37597","1":"product","2":"type-product","3":"status-publish","4":"has-post-thumbnail","6":"product_cat-dyisn-hava-hcminin-nzartcilri","7":"product_cat-hava-hcmin-nzart","8":"product_cat-hava-paylayici-mhsullar","10":"first","11":"instock","12":"shipping-taxable","13":"product-type-simple"},"yoast_head":"<!-- This site is optimized with the Yoast SEO plugin v27.1.1 - https:\/\/yoast.com\/product\/yoast-seo-wordpress\/ -->\n<title>OPTIMA-S-FCS_BM D\u0259yi\u015f\u0259n Hava H\u0259cminin N\u0259zar\u0259t\u00e7il\u0259ri Statik sensorlu d\u0259yi\u015f\u0259n hava h\u0259cminin t\u0259nziml\u0259yicisi - GeoClimate.ge<\/title>\n<meta name=\"robots\" content=\"index, follow, max-snippet:-1, max-image-preview:large, max-video-preview:-1\" \/>\n<link rel=\"canonical\" href=\"https:\/\/geoclimate.ge\/az\/product\/optima-s-fcs_bm-variable-air-volume-controllers-variable-air-volume-controller-with-a-static-sensor\/\" \/>\n<meta property=\"og:locale\" content=\"az_AZ\" \/>\n<meta property=\"og:type\" content=\"article\" \/>\n<meta property=\"og:title\" content=\"OPTIMA-S-FCS_BM D\u0259yi\u015f\u0259n Hava H\u0259cminin N\u0259zar\u0259t\u00e7il\u0259ri Statik sensorlu d\u0259yi\u015f\u0259n hava h\u0259cminin t\u0259nziml\u0259yicisi - GeoClimate.ge\" \/>\n<meta property=\"og:description\" content=\"OPTIMA-S-FCS_BM D\u0259yi\u015f\u0259n Hava H\u0259cminin N\u0259zar\u0259t\u00e7il\u0259ri Statik sensorlu d\u0259yi\u015f\u0259n hava h\u0259cminin t\u0259nziml\u0259yicisi  Y\u00fcks\u0259k n\u0259zar\u0259t d\u0259qiqliyi  1000 Pa-a q\u0259d\u0259r t\u0259zyiq d\u00fc\u015fm\u0259sinin i\u015fl\u0259m\u0259 diapazonu  Davaml\u0131 tikinti  A\u015fa\u011f\u0131 s\u0259s \u0259m\u0259liyyat\u0131      Width   200 250 300 350 400 450 500 550 600 650 700 750 800 850 900 950 1000 1050 1100 1150 1200      Height 1001502002503003504004505005506006507007508008509009501000    Insulation Without insulationWith insulation    Equipment, Communication type   S: Standard actuator with transition time 120 s Q: Actuator with short transition time 2,5 s \/ 4 s QE: Actuator with short transition time 2,5 s and electric safety function F: Actuator with mechanical safety function \u2013 spring return      OPTIMA-S-FCS-200x100-BM-S#463476\" \/>\n<meta property=\"og:url\" content=\"https:\/\/geoclimate.ge\/az\/product\/optima-s-fcs_bm-variable-air-volume-controllers-variable-air-volume-controller-with-a-static-sensor\/\" \/>\n<meta property=\"og:site_name\" content=\"GeoClimate.ge\" \/>\n<meta property=\"article:modified_time\" content=\"2025-09-07T20:29:29+00:00\" \/>\n<meta property=\"og:image\" content=\"https:\/\/geoclimate.ge\/wp-content\/uploads\/2025\/09\/COLLAGE_OPTIMA-R-FC___BM_HQ_20240124_081229960.jpg\" \/>\n\t<meta property=\"og:image:width\" content=\"384\" \/>\n\t<meta property=\"og:image:height\" content=\"288\" \/>\n\t<meta property=\"og:image:type\" content=\"image\/jpeg\" \/>\n<meta name=\"twitter:card\" content=\"summary_large_image\" \/>\n<script type=\"application\/ld+json\" class=\"yoast-schema-graph\">{\"@context\":\"https:\/\/schema.org\",\"@graph\":[{\"@type\":\"WebPage\",\"@id\":\"https:\/\/geoclimate.ge\/az\/product\/optima-s-fcs_bm-variable-air-volume-controllers-variable-air-volume-controller-with-a-static-sensor\/\",\"url\":\"https:\/\/geoclimate.ge\/az\/product\/optima-s-fcs_bm-variable-air-volume-controllers-variable-air-volume-controller-with-a-static-sensor\/\",\"name\":\"OPTIMA-S-FCS_BM D\u0259yi\u015f\u0259n Hava H\u0259cminin N\u0259zar\u0259t\u00e7il\u0259ri Statik sensorlu d\u0259yi\u015f\u0259n hava h\u0259cminin t\u0259nziml\u0259yicisi - GeoClimate.ge\",\"isPartOf\":{\"@id\":\"https:\/\/geoclimate.ge\/#website\"},\"primaryImageOfPage\":{\"@id\":\"https:\/\/geoclimate.ge\/az\/product\/optima-s-fcs_bm-variable-air-volume-controllers-variable-air-volume-controller-with-a-static-sensor\/#primaryimage\"},\"image\":{\"@id\":\"https:\/\/geoclimate.ge\/az\/product\/optima-s-fcs_bm-variable-air-volume-controllers-variable-air-volume-controller-with-a-static-sensor\/#primaryimage\"},\"thumbnailUrl\":\"https:\/\/geoclimate.ge\/wp-content\/uploads\/2025\/09\/COLLAGE_OPTIMA-R-FC___BM_HQ_20240124_081229960.jpg\",\"datePublished\":\"2025-09-07T20:26:30+00:00\",\"dateModified\":\"2025-09-07T20:29:29+00:00\",\"breadcrumb\":{\"@id\":\"https:\/\/geoclimate.ge\/az\/product\/optima-s-fcs_bm-variable-air-volume-controllers-variable-air-volume-controller-with-a-static-sensor\/#breadcrumb\"},\"inLanguage\":\"az\",\"potentialAction\":[{\"@type\":\"ReadAction\",\"target\":[\"https:\/\/geoclimate.ge\/az\/product\/optima-s-fcs_bm-variable-air-volume-controllers-variable-air-volume-controller-with-a-static-sensor\/\"]}]},{\"@type\":\"ImageObject\",\"inLanguage\":\"az\",\"@id\":\"https:\/\/geoclimate.ge\/az\/product\/optima-s-fcs_bm-variable-air-volume-controllers-variable-air-volume-controller-with-a-static-sensor\/#primaryimage\",\"url\":\"https:\/\/geoclimate.ge\/wp-content\/uploads\/2025\/09\/COLLAGE_OPTIMA-R-FC___BM_HQ_20240124_081229960.jpg\",\"contentUrl\":\"https:\/\/geoclimate.ge\/wp-content\/uploads\/2025\/09\/COLLAGE_OPTIMA-R-FC___BM_HQ_20240124_081229960.jpg\",\"width\":384,\"height\":288},{\"@type\":\"BreadcrumbList\",\"@id\":\"https:\/\/geoclimate.ge\/az\/product\/optima-s-fcs_bm-variable-air-volume-controllers-variable-air-volume-controller-with-a-static-sensor\/#breadcrumb\",\"itemListElement\":[{\"@type\":\"ListItem\",\"position\":1,\"name\":\"Home\",\"item\":\"https:\/\/geoclimate.ge\/az\/\"},{\"@type\":\"ListItem\",\"position\":2,\"name\":\"M\u0259hsullar\",\"item\":\"https:\/\/geoclimate.ge\/az\/products\/\"},{\"@type\":\"ListItem\",\"position\":3,\"name\":\"OPTIMA-S-FCS_BM D\u0259yi\u015f\u0259n Hava H\u0259cminin N\u0259zar\u0259t\u00e7il\u0259ri Statik sensorlu d\u0259yi\u015f\u0259n hava h\u0259cminin t\u0259nziml\u0259yicisi\"}]},{\"@type\":\"WebSite\",\"@id\":\"https:\/\/geoclimate.ge\/#website\",\"url\":\"https:\/\/geoclimate.ge\/\",\"name\":\"GeoClimate\",\"description\":\"\",\"publisher\":{\"@id\":\"https:\/\/geoclimate.ge\/#organization\"},\"potentialAction\":[{\"@type\":\"SearchAction\",\"target\":{\"@type\":\"EntryPoint\",\"urlTemplate\":\"https:\/\/geoclimate.ge\/?s={search_term_string}\"},\"query-input\":{\"@type\":\"PropertyValueSpecification\",\"valueRequired\":true,\"valueName\":\"search_term_string\"}}],\"inLanguage\":\"az\"},{\"@type\":\"Organization\",\"@id\":\"https:\/\/geoclimate.ge\/#organization\",\"name\":\"GeoClimate\",\"url\":\"https:\/\/geoclimate.ge\/\",\"logo\":{\"@type\":\"ImageObject\",\"inLanguage\":\"az\",\"@id\":\"https:\/\/geoclimate.ge\/#\/schema\/logo\/image\/\",\"url\":\"https:\/\/geoclimate.ge\/wp-content\/uploads\/2026\/03\/geoclimate-SEO.png\",\"contentUrl\":\"https:\/\/geoclimate.ge\/wp-content\/uploads\/2026\/03\/geoclimate-SEO.png\",\"width\":1536,\"height\":1024,\"caption\":\"GeoClimate\"},\"image\":{\"@id\":\"https:\/\/geoclimate.ge\/#\/schema\/logo\/image\/\"}}]}<\/script>\n<!-- \/ Yoast SEO plugin. -->","yoast_head_json":{"title":"OPTIMA-S-FCS_BM D\u0259yi\u015f\u0259n Hava H\u0259cminin N\u0259zar\u0259t\u00e7il\u0259ri Statik sensorlu d\u0259yi\u015f\u0259n hava h\u0259cminin t\u0259nziml\u0259yicisi - GeoClimate.ge","robots":{"index":"index","follow":"follow","max-snippet":"max-snippet:-1","max-image-preview":"max-image-preview:large","max-video-preview":"max-video-preview:-1"},"canonical":"https:\/\/geoclimate.ge\/az\/product\/optima-s-fcs_bm-variable-air-volume-controllers-variable-air-volume-controller-with-a-static-sensor\/","og_locale":"az_AZ","og_type":"article","og_title":"OPTIMA-S-FCS_BM D\u0259yi\u015f\u0259n Hava H\u0259cminin N\u0259zar\u0259t\u00e7il\u0259ri Statik sensorlu d\u0259yi\u015f\u0259n hava h\u0259cminin t\u0259nziml\u0259yicisi - GeoClimate.ge","og_description":"OPTIMA-S-FCS_BM D\u0259yi\u015f\u0259n Hava H\u0259cminin N\u0259zar\u0259t\u00e7il\u0259ri Statik sensorlu d\u0259yi\u015f\u0259n hava h\u0259cminin t\u0259nziml\u0259yicisi  Y\u00fcks\u0259k n\u0259zar\u0259t d\u0259qiqliyi  1000 Pa-a q\u0259d\u0259r t\u0259zyiq d\u00fc\u015fm\u0259sinin i\u015fl\u0259m\u0259 diapazonu  Davaml\u0131 tikinti  A\u015fa\u011f\u0131 s\u0259s \u0259m\u0259liyyat\u0131      Width   200 250 300 350 400 450 500 550 600 650 700 750 800 850 900 950 1000 1050 1100 1150 1200      Height 1001502002503003504004505005506006507007508008509009501000    Insulation Without insulationWith insulation    Equipment, Communication type   S: Standard actuator with transition time 120 s Q: Actuator with short transition time 2,5 s \/ 4 s QE: Actuator with short transition time 2,5 s and electric safety function F: Actuator with mechanical safety function \u2013 spring return      OPTIMA-S-FCS-200x100-BM-S#463476","og_url":"https:\/\/geoclimate.ge\/az\/product\/optima-s-fcs_bm-variable-air-volume-controllers-variable-air-volume-controller-with-a-static-sensor\/","og_site_name":"GeoClimate.ge","article_modified_time":"2025-09-07T20:29:29+00:00","og_image":[{"width":384,"height":288,"url":"https:\/\/geoclimate.ge\/wp-content\/uploads\/2025\/09\/COLLAGE_OPTIMA-R-FC___BM_HQ_20240124_081229960.jpg","type":"image\/jpeg"}],"twitter_card":"summary_large_image","schema":{"@context":"https:\/\/schema.org","@graph":[{"@type":"WebPage","@id":"https:\/\/geoclimate.ge\/az\/product\/optima-s-fcs_bm-variable-air-volume-controllers-variable-air-volume-controller-with-a-static-sensor\/","url":"https:\/\/geoclimate.ge\/az\/product\/optima-s-fcs_bm-variable-air-volume-controllers-variable-air-volume-controller-with-a-static-sensor\/","name":"OPTIMA-S-FCS_BM D\u0259yi\u015f\u0259n Hava H\u0259cminin N\u0259zar\u0259t\u00e7il\u0259ri Statik sensorlu d\u0259yi\u015f\u0259n hava h\u0259cminin t\u0259nziml\u0259yicisi - GeoClimate.ge","isPartOf":{"@id":"https:\/\/geoclimate.ge\/#website"},"primaryImageOfPage":{"@id":"https:\/\/geoclimate.ge\/az\/product\/optima-s-fcs_bm-variable-air-volume-controllers-variable-air-volume-controller-with-a-static-sensor\/#primaryimage"},"image":{"@id":"https:\/\/geoclimate.ge\/az\/product\/optima-s-fcs_bm-variable-air-volume-controllers-variable-air-volume-controller-with-a-static-sensor\/#primaryimage"},"thumbnailUrl":"https:\/\/geoclimate.ge\/wp-content\/uploads\/2025\/09\/COLLAGE_OPTIMA-R-FC___BM_HQ_20240124_081229960.jpg","datePublished":"2025-09-07T20:26:30+00:00","dateModified":"2025-09-07T20:29:29+00:00","breadcrumb":{"@id":"https:\/\/geoclimate.ge\/az\/product\/optima-s-fcs_bm-variable-air-volume-controllers-variable-air-volume-controller-with-a-static-sensor\/#breadcrumb"},"inLanguage":"az","potentialAction":[{"@type":"ReadAction","target":["https:\/\/geoclimate.ge\/az\/product\/optima-s-fcs_bm-variable-air-volume-controllers-variable-air-volume-controller-with-a-static-sensor\/"]}]},{"@type":"ImageObject","inLanguage":"az","@id":"https:\/\/geoclimate.ge\/az\/product\/optima-s-fcs_bm-variable-air-volume-controllers-variable-air-volume-controller-with-a-static-sensor\/#primaryimage","url":"https:\/\/geoclimate.ge\/wp-content\/uploads\/2025\/09\/COLLAGE_OPTIMA-R-FC___BM_HQ_20240124_081229960.jpg","contentUrl":"https:\/\/geoclimate.ge\/wp-content\/uploads\/2025\/09\/COLLAGE_OPTIMA-R-FC___BM_HQ_20240124_081229960.jpg","width":384,"height":288},{"@type":"BreadcrumbList","@id":"https:\/\/geoclimate.ge\/az\/product\/optima-s-fcs_bm-variable-air-volume-controllers-variable-air-volume-controller-with-a-static-sensor\/#breadcrumb","itemListElement":[{"@type":"ListItem","position":1,"name":"Home","item":"https:\/\/geoclimate.ge\/az\/"},{"@type":"ListItem","position":2,"name":"M\u0259hsullar","item":"https:\/\/geoclimate.ge\/az\/products\/"},{"@type":"ListItem","position":3,"name":"OPTIMA-S-FCS_BM D\u0259yi\u015f\u0259n Hava H\u0259cminin N\u0259zar\u0259t\u00e7il\u0259ri Statik sensorlu d\u0259yi\u015f\u0259n hava h\u0259cminin t\u0259nziml\u0259yicisi"}]},{"@type":"WebSite","@id":"https:\/\/geoclimate.ge\/#website","url":"https:\/\/geoclimate.ge\/","name":"GeoClimate","description":"","publisher":{"@id":"https:\/\/geoclimate.ge\/#organization"},"potentialAction":[{"@type":"SearchAction","target":{"@type":"EntryPoint","urlTemplate":"https:\/\/geoclimate.ge\/?s={search_term_string}"},"query-input":{"@type":"PropertyValueSpecification","valueRequired":true,"valueName":"search_term_string"}}],"inLanguage":"az"},{"@type":"Organization","@id":"https:\/\/geoclimate.ge\/#organization","name":"GeoClimate","url":"https:\/\/geoclimate.ge\/","logo":{"@type":"ImageObject","inLanguage":"az","@id":"https:\/\/geoclimate.ge\/#\/schema\/logo\/image\/","url":"https:\/\/geoclimate.ge\/wp-content\/uploads\/2026\/03\/geoclimate-SEO.png","contentUrl":"https:\/\/geoclimate.ge\/wp-content\/uploads\/2026\/03\/geoclimate-SEO.png","width":1536,"height":1024,"caption":"GeoClimate"},"image":{"@id":"https:\/\/geoclimate.ge\/#\/schema\/logo\/image\/"}}]}},"_links":{"self":[{"href":"https:\/\/geoclimate.ge\/az\/wp-json\/wp\/v2\/product\/37597","targetHints":{"allow":["GET"]}}],"collection":[{"href":"https:\/\/geoclimate.ge\/az\/wp-json\/wp\/v2\/product"}],"about":[{"href":"https:\/\/geoclimate.ge\/az\/wp-json\/wp\/v2\/types\/product"}],"wp:featuredmedia":[{"embeddable":true,"href":"https:\/\/geoclimate.ge\/az\/wp-json\/wp\/v2\/media\/37592"}],"wp:attachment":[{"href":"https:\/\/geoclimate.ge\/az\/wp-json\/wp\/v2\/media?parent=37597"}],"wp:term":[{"taxonomy":"product_brand","embeddable":true,"href":"https:\/\/geoclimate.ge\/az\/wp-json\/wp\/v2\/product_brand?post=37597"},{"taxonomy":"product_cat","embeddable":true,"href":"https:\/\/geoclimate.ge\/az\/wp-json\/wp\/v2\/product_cat?post=37597"},{"taxonomy":"product_tag","embeddable":true,"href":"https:\/\/geoclimate.ge\/az\/wp-json\/wp\/v2\/product_tag?post=37597"}],"curies":[{"name":"wp","href":"https:\/\/api.w.org\/{rel}","templated":true}]}}