{"id":37626,"date":"2025-09-08T00:40:51","date_gmt":"2025-09-07T20:40:51","guid":{"rendered":"https:\/\/airsystems.ge\/shop\/product\/optima-r-pc_gm-variable-air-volume-controllers-pressure-controller-for-air-ducts\/"},"modified":"2025-09-08T00:44:22","modified_gmt":"2025-09-07T20:44:22","slug":"optima-r-pc_gm-variable-air-volume-controllers-pressure-controller-for-air-ducts","status":"publish","type":"product","link":"https:\/\/geoclimate.ge\/az\/product\/optima-r-pc_gm-variable-air-volume-controllers-pressure-controller-for-air-ducts\/","title":{"rendered":"OPTIMA-R-PC_GM D\u0259yi\u015f\u0259n Hava H\u0259cminin N\u0259zar\u0259t\u00e7il\u0259ri Hava kanallar\u0131 \u00fc\u00e7\u00fcn t\u0259zyiq t\u0259nziml\u0259yicisi"},"content":{"rendered":"<div class=\"content-element content-element-product-benefit col-12 sm:col-6 mb-400\">\n<div class=\"bg-card px-300 py-250 mobile-nav:px-200 mobile-nav:py-150 h-full flex overflow-hidden card-border\">\n<div class=\"min-w-0\">\n<p><strong>D\u0259qiq N\u0259zar\u0259t<\/strong><br \/>\nYaln\u0131z 5% s\u0131x \u00f6l\u00e7m\u0259 x\u0259tas\u0131 il\u0259 havaland\u0131rma sisteml\u0259rind\u0259 hava t\u0259zyiqini d\u0259qiq idar\u0259 edir. Ofisl\u0259r, laboratoriyalar v\u0259 s\u0259hiyy\u0259 m\u00fc\u0259ssis\u0259l\u0259ri kimi m\u00fcxt\u0259lif m\u00fchitl\u0259r \u00fc\u00e7\u00fcn uy\u011fundur.<\/p>\n<p><strong>Kompakt v\u0259 S\u0259m\u0259r\u0259li<\/strong><br \/>\nM\u0259kan s\u0259m\u0259r\u0259liliyi v\u0259 q\u0259na\u0259tlilik \u00fc\u00e7\u00fcn optimalla\u015fd\u0131r\u0131lm\u0131\u015f dizayn. Diametri 80 mm-d\u0259n 630 mm-\u0259 q\u0259d\u0259r olan dair\u0259vi kanallara uy\u011fundur.<\/p>\n<p><strong>Opsiyonel \u0130zolyasiya<\/strong><br \/>\nDavaml\u0131, 19 mm qal\u0131nl\u0131\u011f\u0131nda qapal\u0131 h\u00fcceyr\u0259 k\u00f6p\u00fcy\u00fc il\u0259 s\u0259si azaltmaq \u00fc\u00e7\u00fcn izolyasiya edilmi\u015f modeli se\u00e7in. S\u0259s-k\u00fcy\u0259 h\u0259ssas t\u0259tbiql\u0259r \u00fc\u00e7\u00fcn ideald\u0131r.<\/p>\n<p><strong>Qabaqc\u0131l Ba\u011flant\u0131<\/strong><br \/>\n\u00c7evik inteqrasiya \u00fc\u00e7\u00fcn Modbus-RTU rabit\u0259si il\u0259 t\u0259chiz edilmi\u015fdir. Analoq t\u0259yinat n\u00f6qt\u0259si v\u0259 \u0259ks \u0259laq\u0259 siqnallar\u0131 idar\u0259etm\u0259 se\u00e7iml\u0259rini art\u0131r\u0131r.<\/p>\n<\/div>\n<\/div>\n<\/div>\n","protected":false},"excerpt":{"rendered":"<div>\n<p>OPTIMA-R-PC_GM D\u0259yi\u015f\u0259n Hava H\u0259cminin N\u0259zar\u0259t\u00e7il\u0259ri<br \/>\nHava kanallar\u0131 \u00fc\u00e7\u00fcn t\u0259zyiq t\u0259nziml\u0259yicisi<\/p>\n<p>S\u0131zd\u0131rmazl\u0131q sinfi 4C<\/p>\n<p>Y\u00fcks\u0259k \u00f6l\u00e7m\u0259\/n\u0259zar\u0259t d\u0259qiqliyi<\/p>\n<p>500 Pa-a q\u0259d\u0259r t\u0259zyiq\u0259 n\u0259zar\u0259t diapazonu<\/p>\n<p>Kompakt, q\u0259na\u0259tcil dizayn<\/p>\n<p>Avtobus rabit\u0259 portu m\u00f6vcuddur<\/p>\n<\/div>\n<div>\n<div class=\"dropdown-wrapper\"><select class=\"form-dropdown form-input\"><option value=\"476203\">OPTIMA-R-PC-100-GM<\/option><option value=\"476204\">OPTIMA-R-PC-125-GM<\/option><option value=\"476205\">OPTIMA-R-PC-140-GM<\/option><option value=\"476206\">OPTIMA-R-PC-160-GM<\/option><option value=\"476207\">OPTIMA-R-PC-180-GM<\/option><option value=\"476208\">OPTIMA-R-PC-200-GM<\/option><option value=\"476209\">OPTIMA-R-PC-225-GM<\/option><option value=\"476686\">OPTIMA-R-PC-250-GM<\/option><option value=\"476687\">OPTIMA-R-PC-280-GM<\/option><option value=\"476212\">OPTIMA-R-PC-315-GM<\/option><option value=\"476213\">OPTIMA-R-PC-355-GM<\/option><option value=\"476214\">OPTIMA-R-PC-400-GM<\/option><option value=\"476215\">OPTIMA-R-PC-500-GM<\/option><option value=\"476216\">OPTIMA-R-PC-630-GM<\/option><option value=\"476202\">OPTIMA-R-PC-80-GM<\/option><option value=\"476218\">OPTIMA-RI-PC-100-GM<\/option><option value=\"476219\">OPTIMA-RI-PC-125-GM<\/option><option value=\"476220\">OPTIMA-RI-PC-140-GM<\/option><option value=\"476221\">OPTIMA-RI-PC-160-GM<\/option><option value=\"476222\">OPTIMA-RI-PC-180-GM<\/option><option value=\"476223\">OPTIMA-RI-PC-200-GM<\/option><option value=\"476224\">OPTIMA-RI-PC-225-GM<\/option><option value=\"476225\">OPTIMA-RI-PC-250-GM<\/option><option value=\"476226\">OPTIMA-RI-PC-280-GM<\/option><option value=\"476227\">OPTIMA-RI-PC-315-GM<\/option><option value=\"476228\">OPTIMA-RI-PC-355-GM<\/option><option value=\"476229\">OPTIMA-RI-PC-400-GM<\/option><option value=\"476230\">OPTIMA-RI-PC-500-GM<\/option><option value=\"476231\">OPTIMA-RI-PC-630-GM<\/option><option value=\"476217\">OPTIMA-RI-PC-80-GM<\/option><\/select><\/div>\n<\/div>\n<div class=\"gtm-sku-info flex flex-col gap-y-050 text-label-tiny text-neutral-600\">\n<div class=\"flex flex-wrap items-baseline gap-x-100 gap-y-025\"><span class=\"gtm-article-name\">OPTIMA-R-PC-100-GM<\/span><span class=\"whitespace-nowrap gtm-article-number text-base font-bold\">#476203<\/span><\/div>\n<\/div>\n","protected":false},"featured_media":37621,"template":"","meta":[],"product_brand":[],"product_cat":[1879,1867,1843],"product_tag":[],"class_list":{"0":"post-37626","1":"product","2":"type-product","3":"status-publish","4":"has-post-thumbnail","6":"product_cat-dyisn-hava-hcminin-nzartcilri","7":"product_cat-hava-hcmin-nzart","8":"product_cat-hava-paylayici-mhsullar","10":"first","11":"instock","12":"shipping-taxable","13":"product-type-simple"},"yoast_head":"<!-- This site is optimized with the Yoast SEO plugin v27.1.1 - https:\/\/yoast.com\/product\/yoast-seo-wordpress\/ -->\n<title>OPTIMA-R-PC_GM D\u0259yi\u015f\u0259n Hava H\u0259cminin N\u0259zar\u0259t\u00e7il\u0259ri Hava kanallar\u0131 \u00fc\u00e7\u00fcn t\u0259zyiq t\u0259nziml\u0259yicisi - GeoClimate.ge<\/title>\n<meta name=\"robots\" content=\"index, follow, max-snippet:-1, max-image-preview:large, max-video-preview:-1\" \/>\n<link rel=\"canonical\" href=\"https:\/\/geoclimate.ge\/az\/product\/optima-r-pc_gm-variable-air-volume-controllers-pressure-controller-for-air-ducts\/\" \/>\n<meta property=\"og:locale\" content=\"az_AZ\" \/>\n<meta property=\"og:type\" content=\"article\" \/>\n<meta property=\"og:title\" content=\"OPTIMA-R-PC_GM D\u0259yi\u015f\u0259n Hava H\u0259cminin N\u0259zar\u0259t\u00e7il\u0259ri Hava kanallar\u0131 \u00fc\u00e7\u00fcn t\u0259zyiq t\u0259nziml\u0259yicisi - GeoClimate.ge\" \/>\n<meta property=\"og:description\" content=\"OPTIMA-R-PC_GM D\u0259yi\u015f\u0259n Hava H\u0259cminin N\u0259zar\u0259t\u00e7il\u0259ri Hava kanallar\u0131 \u00fc\u00e7\u00fcn t\u0259zyiq t\u0259nziml\u0259yicisi  S\u0131zd\u0131rmazl\u0131q sinfi 4C  Y\u00fcks\u0259k \u00f6l\u00e7m\u0259\/n\u0259zar\u0259t d\u0259qiqliyi  500 Pa-a q\u0259d\u0259r t\u0259zyiq\u0259 n\u0259zar\u0259t diapazonu  Kompakt, q\u0259na\u0259tcil dizayn  Avtobus rabit\u0259 portu m\u00f6vcuddur     OPTIMA-R-PC-100-GM OPTIMA-R-PC-125-GM OPTIMA-R-PC-140-GM OPTIMA-R-PC-160-GM OPTIMA-R-PC-180-GM OPTIMA-R-PC-200-GM OPTIMA-R-PC-225-GM OPTIMA-R-PC-250-GM OPTIMA-R-PC-280-GM OPTIMA-R-PC-315-GM OPTIMA-R-PC-355-GM OPTIMA-R-PC-400-GM OPTIMA-R-PC-500-GM OPTIMA-R-PC-630-GM OPTIMA-R-PC-80-GM OPTIMA-RI-PC-100-GM OPTIMA-RI-PC-125-GM OPTIMA-RI-PC-140-GM OPTIMA-RI-PC-160-GM OPTIMA-RI-PC-180-GM OPTIMA-RI-PC-200-GM OPTIMA-RI-PC-225-GM OPTIMA-RI-PC-250-GM OPTIMA-RI-PC-280-GM OPTIMA-RI-PC-315-GM OPTIMA-RI-PC-355-GM OPTIMA-RI-PC-400-GM OPTIMA-RI-PC-500-GM OPTIMA-RI-PC-630-GM OPTIMA-RI-PC-80-GM    OPTIMA-R-PC-100-GM#476203\" \/>\n<meta property=\"og:url\" content=\"https:\/\/geoclimate.ge\/az\/product\/optima-r-pc_gm-variable-air-volume-controllers-pressure-controller-for-air-ducts\/\" \/>\n<meta property=\"og:site_name\" content=\"GeoClimate.ge\" \/>\n<meta property=\"article:modified_time\" content=\"2025-09-07T20:44:22+00:00\" \/>\n<meta property=\"og:image\" content=\"https:\/\/geoclimate.ge\/wp-content\/uploads\/2025\/09\/COLLAGE_OPTIMA-R-PC___GM_HQ.jpg\" \/>\n\t<meta property=\"og:image:width\" content=\"384\" \/>\n\t<meta property=\"og:image:height\" content=\"288\" \/>\n\t<meta property=\"og:image:type\" content=\"image\/jpeg\" \/>\n<meta name=\"twitter:card\" content=\"summary_large_image\" \/>\n<meta name=\"twitter:label1\" content=\"Est. reading time\" \/>\n\t<meta name=\"twitter:data1\" content=\"1 minute\" \/>\n<script type=\"application\/ld+json\" class=\"yoast-schema-graph\">{\"@context\":\"https:\/\/schema.org\",\"@graph\":[{\"@type\":\"WebPage\",\"@id\":\"https:\/\/geoclimate.ge\/az\/product\/optima-r-pc_gm-variable-air-volume-controllers-pressure-controller-for-air-ducts\/\",\"url\":\"https:\/\/geoclimate.ge\/az\/product\/optima-r-pc_gm-variable-air-volume-controllers-pressure-controller-for-air-ducts\/\",\"name\":\"OPTIMA-R-PC_GM D\u0259yi\u015f\u0259n Hava H\u0259cminin N\u0259zar\u0259t\u00e7il\u0259ri Hava kanallar\u0131 \u00fc\u00e7\u00fcn t\u0259zyiq t\u0259nziml\u0259yicisi - GeoClimate.ge\",\"isPartOf\":{\"@id\":\"https:\/\/geoclimate.ge\/#website\"},\"primaryImageOfPage\":{\"@id\":\"https:\/\/geoclimate.ge\/az\/product\/optima-r-pc_gm-variable-air-volume-controllers-pressure-controller-for-air-ducts\/#primaryimage\"},\"image\":{\"@id\":\"https:\/\/geoclimate.ge\/az\/product\/optima-r-pc_gm-variable-air-volume-controllers-pressure-controller-for-air-ducts\/#primaryimage\"},\"thumbnailUrl\":\"https:\/\/geoclimate.ge\/wp-content\/uploads\/2025\/09\/COLLAGE_OPTIMA-R-PC___GM_HQ.jpg\",\"datePublished\":\"2025-09-07T20:40:51+00:00\",\"dateModified\":\"2025-09-07T20:44:22+00:00\",\"breadcrumb\":{\"@id\":\"https:\/\/geoclimate.ge\/az\/product\/optima-r-pc_gm-variable-air-volume-controllers-pressure-controller-for-air-ducts\/#breadcrumb\"},\"inLanguage\":\"az\",\"potentialAction\":[{\"@type\":\"ReadAction\",\"target\":[\"https:\/\/geoclimate.ge\/az\/product\/optima-r-pc_gm-variable-air-volume-controllers-pressure-controller-for-air-ducts\/\"]}]},{\"@type\":\"ImageObject\",\"inLanguage\":\"az\",\"@id\":\"https:\/\/geoclimate.ge\/az\/product\/optima-r-pc_gm-variable-air-volume-controllers-pressure-controller-for-air-ducts\/#primaryimage\",\"url\":\"https:\/\/geoclimate.ge\/wp-content\/uploads\/2025\/09\/COLLAGE_OPTIMA-R-PC___GM_HQ.jpg\",\"contentUrl\":\"https:\/\/geoclimate.ge\/wp-content\/uploads\/2025\/09\/COLLAGE_OPTIMA-R-PC___GM_HQ.jpg\",\"width\":384,\"height\":288},{\"@type\":\"BreadcrumbList\",\"@id\":\"https:\/\/geoclimate.ge\/az\/product\/optima-r-pc_gm-variable-air-volume-controllers-pressure-controller-for-air-ducts\/#breadcrumb\",\"itemListElement\":[{\"@type\":\"ListItem\",\"position\":1,\"name\":\"Home\",\"item\":\"https:\/\/geoclimate.ge\/az\/\"},{\"@type\":\"ListItem\",\"position\":2,\"name\":\"M\u0259hsullar\",\"item\":\"https:\/\/geoclimate.ge\/az\/products\/\"},{\"@type\":\"ListItem\",\"position\":3,\"name\":\"OPTIMA-R-PC_GM D\u0259yi\u015f\u0259n Hava H\u0259cminin N\u0259zar\u0259t\u00e7il\u0259ri Hava kanallar\u0131 \u00fc\u00e7\u00fcn t\u0259zyiq t\u0259nziml\u0259yicisi\"}]},{\"@type\":\"WebSite\",\"@id\":\"https:\/\/geoclimate.ge\/#website\",\"url\":\"https:\/\/geoclimate.ge\/\",\"name\":\"GeoClimate\",\"description\":\"\",\"publisher\":{\"@id\":\"https:\/\/geoclimate.ge\/#organization\"},\"potentialAction\":[{\"@type\":\"SearchAction\",\"target\":{\"@type\":\"EntryPoint\",\"urlTemplate\":\"https:\/\/geoclimate.ge\/?s={search_term_string}\"},\"query-input\":{\"@type\":\"PropertyValueSpecification\",\"valueRequired\":true,\"valueName\":\"search_term_string\"}}],\"inLanguage\":\"az\"},{\"@type\":\"Organization\",\"@id\":\"https:\/\/geoclimate.ge\/#organization\",\"name\":\"GeoClimate\",\"url\":\"https:\/\/geoclimate.ge\/\",\"logo\":{\"@type\":\"ImageObject\",\"inLanguage\":\"az\",\"@id\":\"https:\/\/geoclimate.ge\/#\/schema\/logo\/image\/\",\"url\":\"https:\/\/geoclimate.ge\/wp-content\/uploads\/2026\/03\/geoclimate-SEO.png\",\"contentUrl\":\"https:\/\/geoclimate.ge\/wp-content\/uploads\/2026\/03\/geoclimate-SEO.png\",\"width\":1536,\"height\":1024,\"caption\":\"GeoClimate\"},\"image\":{\"@id\":\"https:\/\/geoclimate.ge\/#\/schema\/logo\/image\/\"}}]}<\/script>\n<!-- \/ Yoast SEO plugin. -->","yoast_head_json":{"title":"OPTIMA-R-PC_GM D\u0259yi\u015f\u0259n Hava H\u0259cminin N\u0259zar\u0259t\u00e7il\u0259ri Hava kanallar\u0131 \u00fc\u00e7\u00fcn t\u0259zyiq t\u0259nziml\u0259yicisi - GeoClimate.ge","robots":{"index":"index","follow":"follow","max-snippet":"max-snippet:-1","max-image-preview":"max-image-preview:large","max-video-preview":"max-video-preview:-1"},"canonical":"https:\/\/geoclimate.ge\/az\/product\/optima-r-pc_gm-variable-air-volume-controllers-pressure-controller-for-air-ducts\/","og_locale":"az_AZ","og_type":"article","og_title":"OPTIMA-R-PC_GM D\u0259yi\u015f\u0259n Hava H\u0259cminin N\u0259zar\u0259t\u00e7il\u0259ri Hava kanallar\u0131 \u00fc\u00e7\u00fcn t\u0259zyiq t\u0259nziml\u0259yicisi - GeoClimate.ge","og_description":"OPTIMA-R-PC_GM D\u0259yi\u015f\u0259n Hava H\u0259cminin N\u0259zar\u0259t\u00e7il\u0259ri Hava kanallar\u0131 \u00fc\u00e7\u00fcn t\u0259zyiq t\u0259nziml\u0259yicisi  S\u0131zd\u0131rmazl\u0131q sinfi 4C  Y\u00fcks\u0259k \u00f6l\u00e7m\u0259\/n\u0259zar\u0259t d\u0259qiqliyi  500 Pa-a q\u0259d\u0259r t\u0259zyiq\u0259 n\u0259zar\u0259t diapazonu  Kompakt, q\u0259na\u0259tcil dizayn  Avtobus rabit\u0259 portu m\u00f6vcuddur     OPTIMA-R-PC-100-GM OPTIMA-R-PC-125-GM OPTIMA-R-PC-140-GM OPTIMA-R-PC-160-GM OPTIMA-R-PC-180-GM OPTIMA-R-PC-200-GM OPTIMA-R-PC-225-GM OPTIMA-R-PC-250-GM OPTIMA-R-PC-280-GM OPTIMA-R-PC-315-GM OPTIMA-R-PC-355-GM OPTIMA-R-PC-400-GM OPTIMA-R-PC-500-GM OPTIMA-R-PC-630-GM OPTIMA-R-PC-80-GM OPTIMA-RI-PC-100-GM OPTIMA-RI-PC-125-GM OPTIMA-RI-PC-140-GM OPTIMA-RI-PC-160-GM OPTIMA-RI-PC-180-GM OPTIMA-RI-PC-200-GM OPTIMA-RI-PC-225-GM OPTIMA-RI-PC-250-GM OPTIMA-RI-PC-280-GM OPTIMA-RI-PC-315-GM OPTIMA-RI-PC-355-GM OPTIMA-RI-PC-400-GM OPTIMA-RI-PC-500-GM OPTIMA-RI-PC-630-GM OPTIMA-RI-PC-80-GM    OPTIMA-R-PC-100-GM#476203","og_url":"https:\/\/geoclimate.ge\/az\/product\/optima-r-pc_gm-variable-air-volume-controllers-pressure-controller-for-air-ducts\/","og_site_name":"GeoClimate.ge","article_modified_time":"2025-09-07T20:44:22+00:00","og_image":[{"width":384,"height":288,"url":"https:\/\/geoclimate.ge\/wp-content\/uploads\/2025\/09\/COLLAGE_OPTIMA-R-PC___GM_HQ.jpg","type":"image\/jpeg"}],"twitter_card":"summary_large_image","twitter_misc":{"Est. reading time":"1 minute"},"schema":{"@context":"https:\/\/schema.org","@graph":[{"@type":"WebPage","@id":"https:\/\/geoclimate.ge\/az\/product\/optima-r-pc_gm-variable-air-volume-controllers-pressure-controller-for-air-ducts\/","url":"https:\/\/geoclimate.ge\/az\/product\/optima-r-pc_gm-variable-air-volume-controllers-pressure-controller-for-air-ducts\/","name":"OPTIMA-R-PC_GM D\u0259yi\u015f\u0259n Hava H\u0259cminin N\u0259zar\u0259t\u00e7il\u0259ri Hava kanallar\u0131 \u00fc\u00e7\u00fcn t\u0259zyiq t\u0259nziml\u0259yicisi - GeoClimate.ge","isPartOf":{"@id":"https:\/\/geoclimate.ge\/#website"},"primaryImageOfPage":{"@id":"https:\/\/geoclimate.ge\/az\/product\/optima-r-pc_gm-variable-air-volume-controllers-pressure-controller-for-air-ducts\/#primaryimage"},"image":{"@id":"https:\/\/geoclimate.ge\/az\/product\/optima-r-pc_gm-variable-air-volume-controllers-pressure-controller-for-air-ducts\/#primaryimage"},"thumbnailUrl":"https:\/\/geoclimate.ge\/wp-content\/uploads\/2025\/09\/COLLAGE_OPTIMA-R-PC___GM_HQ.jpg","datePublished":"2025-09-07T20:40:51+00:00","dateModified":"2025-09-07T20:44:22+00:00","breadcrumb":{"@id":"https:\/\/geoclimate.ge\/az\/product\/optima-r-pc_gm-variable-air-volume-controllers-pressure-controller-for-air-ducts\/#breadcrumb"},"inLanguage":"az","potentialAction":[{"@type":"ReadAction","target":["https:\/\/geoclimate.ge\/az\/product\/optima-r-pc_gm-variable-air-volume-controllers-pressure-controller-for-air-ducts\/"]}]},{"@type":"ImageObject","inLanguage":"az","@id":"https:\/\/geoclimate.ge\/az\/product\/optima-r-pc_gm-variable-air-volume-controllers-pressure-controller-for-air-ducts\/#primaryimage","url":"https:\/\/geoclimate.ge\/wp-content\/uploads\/2025\/09\/COLLAGE_OPTIMA-R-PC___GM_HQ.jpg","contentUrl":"https:\/\/geoclimate.ge\/wp-content\/uploads\/2025\/09\/COLLAGE_OPTIMA-R-PC___GM_HQ.jpg","width":384,"height":288},{"@type":"BreadcrumbList","@id":"https:\/\/geoclimate.ge\/az\/product\/optima-r-pc_gm-variable-air-volume-controllers-pressure-controller-for-air-ducts\/#breadcrumb","itemListElement":[{"@type":"ListItem","position":1,"name":"Home","item":"https:\/\/geoclimate.ge\/az\/"},{"@type":"ListItem","position":2,"name":"M\u0259hsullar","item":"https:\/\/geoclimate.ge\/az\/products\/"},{"@type":"ListItem","position":3,"name":"OPTIMA-R-PC_GM D\u0259yi\u015f\u0259n Hava H\u0259cminin N\u0259zar\u0259t\u00e7il\u0259ri Hava kanallar\u0131 \u00fc\u00e7\u00fcn t\u0259zyiq t\u0259nziml\u0259yicisi"}]},{"@type":"WebSite","@id":"https:\/\/geoclimate.ge\/#website","url":"https:\/\/geoclimate.ge\/","name":"GeoClimate","description":"","publisher":{"@id":"https:\/\/geoclimate.ge\/#organization"},"potentialAction":[{"@type":"SearchAction","target":{"@type":"EntryPoint","urlTemplate":"https:\/\/geoclimate.ge\/?s={search_term_string}"},"query-input":{"@type":"PropertyValueSpecification","valueRequired":true,"valueName":"search_term_string"}}],"inLanguage":"az"},{"@type":"Organization","@id":"https:\/\/geoclimate.ge\/#organization","name":"GeoClimate","url":"https:\/\/geoclimate.ge\/","logo":{"@type":"ImageObject","inLanguage":"az","@id":"https:\/\/geoclimate.ge\/#\/schema\/logo\/image\/","url":"https:\/\/geoclimate.ge\/wp-content\/uploads\/2026\/03\/geoclimate-SEO.png","contentUrl":"https:\/\/geoclimate.ge\/wp-content\/uploads\/2026\/03\/geoclimate-SEO.png","width":1536,"height":1024,"caption":"GeoClimate"},"image":{"@id":"https:\/\/geoclimate.ge\/#\/schema\/logo\/image\/"}}]}},"_links":{"self":[{"href":"https:\/\/geoclimate.ge\/az\/wp-json\/wp\/v2\/product\/37626","targetHints":{"allow":["GET"]}}],"collection":[{"href":"https:\/\/geoclimate.ge\/az\/wp-json\/wp\/v2\/product"}],"about":[{"href":"https:\/\/geoclimate.ge\/az\/wp-json\/wp\/v2\/types\/product"}],"wp:featuredmedia":[{"embeddable":true,"href":"https:\/\/geoclimate.ge\/az\/wp-json\/wp\/v2\/media\/37621"}],"wp:attachment":[{"href":"https:\/\/geoclimate.ge\/az\/wp-json\/wp\/v2\/media?parent=37626"}],"wp:term":[{"taxonomy":"product_brand","embeddable":true,"href":"https:\/\/geoclimate.ge\/az\/wp-json\/wp\/v2\/product_brand?post=37626"},{"taxonomy":"product_cat","embeddable":true,"href":"https:\/\/geoclimate.ge\/az\/wp-json\/wp\/v2\/product_cat?post=37626"},{"taxonomy":"product_tag","embeddable":true,"href":"https:\/\/geoclimate.ge\/az\/wp-json\/wp\/v2\/product_tag?post=37626"}],"curies":[{"name":"wp","href":"https:\/\/api.w.org\/{rel}","templated":true}]}}