{"id":37680,"date":"2025-09-08T00:59:38","date_gmt":"2025-09-07T20:59:38","guid":{"rendered":"https:\/\/airsystems.ge\/shop\/product\/optima-r-lv-variable-air-volume-controllers-incredibly-precise-low-velocity-vav-controller-for-demand-oriented-ventilation\/"},"modified":"2025-09-08T01:08:29","modified_gmt":"2025-09-07T21:08:29","slug":"optima-r-lv-variable-air-volume-controllers-incredibly-precise-low-velocity-vav-controller-for-demand-oriented-ventilation","status":"publish","type":"product","link":"https:\/\/geoclimate.ge\/az\/product\/optima-r-lv-variable-air-volume-controllers-incredibly-precise-low-velocity-vav-controller-for-demand-oriented-ventilation\/","title":{"rendered":"OPTIMA-R-LV D\u0259yi\u015f\u0259n Hava H\u0259cminin N\u0259zar\u0259t\u00e7il\u0259ri T\u0259l\u0259b y\u00f6n\u00fcml\u00fc ventilyasiya \u00fc\u00e7\u00fcn inan\u0131lmaz d\u0259r\u0259c\u0259d\u0259 d\u0259qiq, a\u015fa\u011f\u0131 s\u00fcr\u0259t VAV n\u0259zar\u0259t\u00e7isi"},"content":{"rendered":"<p><strong>\u0130nan\u0131lmaz d\u0259qiqlik<\/strong><br \/>\nOPTIMA-LV-R a\u015fa\u011f\u0131 v\u0259 orta hava ax\u0131n\u0131 s\u00fcr\u0259tl\u0259rind\u0259 d\u0259qiq i\u015fl\u0259yir, lakin inan\u0131lmaz d\u0259r\u0259c\u0259d\u0259 a\u015fa\u011f\u0131 hava ax\u0131n\u0131 s\u00fcr\u0259tl\u0259ri v\u0259 a\u015fa\u011f\u0131 kanal t\u0259zyiql\u0259ri il\u0259 eyni d\u0259r\u0259c\u0259d\u0259 d\u0259qiq i\u015fl\u0259yir \u2013 0,2 m\/s v\u0259 2 Pa kimi.<\/p>\n<p><strong>Tam n\u0259zar\u0259t<\/strong><br \/>\nOPTIMA-LV-R ist\u0259nil\u0259n vaxt tam v\u0259 tam n\u0259zar\u0259t \u00fc\u00e7\u00fcn tam \u0259m\u0259liyyat d\u0259sti v\u0259 l\u0259\u011fvetm\u0259 funksiyalar\u0131 il\u0259 g\u0259lir. B\u0259zi modell\u0259r h\u0259m\u00e7inin Modbus RTU v\u0259 ya BACnet MS\/TP protokolu \u00fc\u00e7\u00fcn m\u00f6vcud Avtobus rabit\u0259 portu il\u0259 g\u0259lir.<\/p>\n<p><strong>Qura\u015fd\u0131r\u0131lm\u0131\u015f qoruma<\/strong><br \/>\nHava ax\u0131n\u0131n\u0131n s\u00fcr\u0259tinin \u00e7ox a\u015fa\u011f\u0131 oldu\u011fu v\u0259ziyy\u0259tl\u0259rd\u0259 OPTIMA-LV-R hava ax\u0131n\u0131 t\u0259nziml\u0259yicisinin alqoritmi \u00f6t\u00fcr\u00fcc\u00fcn\u00fc mexaniki z\u0259d\u0259l\u0259rd\u0259n qorumaq \u00fc\u00e7\u00fcn i\u015f\u0259 d\u00fc\u015f\u00fcr.<\/p>\n<p><strong>OPTIMA-LV-R nec\u0259 i\u015fl\u0259yir<\/strong><br \/>\nOPTIMA-LV-R-nin \u00f6l\u00e7m\u0259 zondu dinamik t\u0259zyiqin davaml\u0131 olaraq oxunmas\u0131na imkan verir, sonra hesablan\u0131r v\u0259 t\u0259yin edilmi\u015f qiym\u0259tl\u0259 m\u00fcqayis\u0259 edilir.<\/p>\n<p>F\u0259rq varsa, \u00f6t\u00fcr\u00fcc\u00fc damperin v\u0259ziyy\u0259tini avtomatik t\u0259nziml\u0259yir ki, hava ax\u0131n\u0131 t\u0259yin olunmu\u015f d\u0259y\u0259rd\u0259 qals\u0131n.<\/p>\n<p>Bu, OPTIMA-LV-R-y\u0259 \u00e7ox a\u015fa\u011f\u0131 hava ax\u0131n\u0131 s\u00fcr\u0259tl\u0259rind\u0259 (0,2 m\/s kimi a\u015fa\u011f\u0131) v\u0259 a\u015fa\u011f\u0131 kanal t\u0259zyiql\u0259rind\u0259 (\u2265 2 Pa) d\u0259qiq i\u015fl\u0259m\u0259y\u0259 imkan verir.<\/p>\n<p><strong>\u00c7oxlu proqramlar \u00fc\u00e7\u00fcn \u00e7oxlu modell\u0259r<\/strong><br \/>\nOPTIMA-LV-R 4 model tipind\u0259 t\u0259qdim olunur:<\/p>\n<p><strong>Optima-LV-R<\/strong><br \/>\n\u0130zolyasiya olunmayan, t\u0259k d\u0259rili t\u0259b\u0259q\u0259 metal korpus<\/p>\n<p><strong>Optima-LV-RI<\/strong><br \/>\nS\u0259s-k\u00fcy v\u0259 istilik izolyasiyas\u0131 rolunu oynayan, aralar\u0131nda qapal\u0131 h\u00fcceyr\u0259 izolyasiyas\u0131 olan k\u00f6p\u00fck mat il\u0259 izolyasiya edilmi\u015f, ikiqat d\u0259ri t\u0259b\u0259q\u0259 metal korpus<\/p>\n<p><strong>Optima-LV-R MOD<\/strong><br \/>\n\u0130zolyasiya olunmayan, t\u0259k d\u0259rili t\u0259b\u0259q\u0259 metal korpus<\/p>\n<p>Modbus RTU v\u0259 ya BACnet MS\/TP protokolu \u00fc\u00e7\u00fcn avtobus rabit\u0259 portu<\/p>\n<p><strong>Optima-LV-RI MOD<\/strong><br \/>\nS\u0259s-k\u00fcy v\u0259 istilik izolyasiyas\u0131 rolunu oynayan, aralar\u0131nda qapal\u0131 h\u00fcceyr\u0259 izolyasiyas\u0131 olan k\u00f6p\u00fck mat il\u0259 izolyasiya edilmi\u015f, ikiqat d\u0259ri t\u0259b\u0259q\u0259 metal korpus<\/p>\n<p>Modbus RTU v\u0259 ya BACnet MS\/TP protokolu \u00fc\u00e7\u00fcn avtobus rabit\u0259 portu<\/p>\n","protected":false},"excerpt":{"rendered":"<div>\n<p>OPTIMA-R-LV D\u0259yi\u015f\u0259n Hava H\u0259cminin N\u0259zar\u0259t\u00e7il\u0259ri<br \/>\nT\u0259l\u0259b y\u00f6n\u00fcml\u00fc ventilyasiya \u00fc\u00e7\u00fcn inan\u0131lmaz d\u0259r\u0259c\u0259d\u0259 d\u0259qiq, a\u015fa\u011f\u0131 s\u00fcr\u0259t VAV n\u0259zar\u0259t\u00e7isi<\/p>\n<p>Hava ax\u0131n\u0131n\u0131n s\u00fcr\u0259ti 0,2 m\/s kimi a\u015fa\u011f\u0131 olan \u0259razil\u0259r \u00fc\u00e7\u00fcn VAV n\u0259zar\u0259t\u00e7il\u0259rinin diapazonunu geni\u015fl\u0259ndirir.<\/p>\n<p>T\u0259zyiq \u0259m\u0259liyyat diapazonu 2 Pa &#8211; 600 Pa.<\/p>\n<p>Elektrik n\u0259zar\u0259t\u00e7il\u0259ri hava t\u0259chizat\u0131 v\u0259 ya hava \u00e7\u0131xarmaq \u00fc\u00e7\u00fcn i\u015fl\u0259y\u0259 bil\u0259r.<\/p>\n<\/div>\n<div class=\"flex flex-col gap-200\">\n<div class=\"flex flex-col flex-wrap gap-100 md:flex-row md:items-center gtm-purchase-option\" data-gtm-name=\"size\" data-gtm-label=\"Size\">\n<p><label class=\"flex gap-050 md:w-700 leading-none hyphens-auto print:w-full print:max-w-2\/5 text-label-small\">Size<\/label><\/p>\n<div class=\"flex flex-1 flex-wrap gap-050\"><button class=\"select-btn select-btn-small select-btn-selected gtm-purchase-option-value\" type=\"button\" data-gtm-name=\"100\" data-gtm-label=\"100\">100<\/button><button class=\"select-btn select-btn-small select-btn-default gtm-purchase-option-value\" type=\"button\" data-gtm-name=\"125\" data-gtm-label=\"125\">125<\/button><button class=\"select-btn select-btn-small select-btn-default gtm-purchase-option-value\" type=\"button\" data-gtm-name=\"140\" data-gtm-label=\"140\">140<\/button><button class=\"select-btn select-btn-small select-btn-default gtm-purchase-option-value\" type=\"button\" data-gtm-name=\"160\" data-gtm-label=\"160\">160<\/button><button class=\"select-btn select-btn-small select-btn-default gtm-purchase-option-value\" type=\"button\" data-gtm-name=\"180\" data-gtm-label=\"180\">180<\/button><button class=\"select-btn select-btn-small select-btn-default gtm-purchase-option-value\" type=\"button\" data-gtm-name=\"200\" data-gtm-label=\"200\">200<\/button><button class=\"select-btn select-btn-small select-btn-default gtm-purchase-option-value\" type=\"button\" data-gtm-name=\"250\" data-gtm-label=\"250\">250<\/button><button class=\"select-btn select-btn-small select-btn-default gtm-purchase-option-value\" type=\"button\" data-gtm-name=\"315\" data-gtm-label=\"315\">315<\/button><button class=\"select-btn select-btn-small select-btn-default gtm-purchase-option-value\" type=\"button\" data-gtm-name=\"400\" data-gtm-label=\"400\">400<\/button><\/div>\n<\/div>\n<div class=\"flex flex-col flex-wrap gap-100 md:flex-row md:items-center gtm-purchase-option\" data-gtm-name=\"insulation\" data-gtm-label=\"Insulation\">\n<p><label class=\"flex gap-050 md:w-700 leading-none hyphens-auto print:w-full print:max-w-2\/5 text-label-small\">Insulation<\/label><\/p>\n<div class=\"flex flex-1 flex-wrap gap-050\"><button class=\"select-btn select-btn-small select-btn-selected gtm-purchase-option-value\" type=\"button\" data-gtm-name=\"Non-insulated\" data-gtm-label=\"Non-insulated\">Non-insulated<\/button><button class=\"select-btn select-btn-small select-btn-default gtm-purchase-option-value\" type=\"button\" data-gtm-name=\"Insulated\" data-gtm-label=\"Insulated\">Insulated<\/button><\/div>\n<\/div>\n<div class=\"flex flex-col flex-wrap gap-100 md:flex-row md:items-center gtm-purchase-option\" data-gtm-name=\"controller_type\" data-gtm-label=\"Controller type\">\n<p><label class=\"flex gap-050 md:w-700 leading-none hyphens-auto print:w-full print:max-w-2\/5 text-label-small\">Controller type<\/label><\/p>\n<div class=\"flex flex-1 flex-wrap gap-050\">\n<div class=\"dropdown-wrapper dropdown-wrapper-small w-full gtm-purchase-option-value gtm-purchase-option-value-dropdown\"><select class=\"form-dropdown form-input form-dropdown-small\"><option value=\"0\" data-gtm-name=\"Analog communication 0...10 V\" data-gtm-label=\"Analog communication 0...10 V\">Analog communication 0&#8230;10 V<\/option><option value=\"1\" data-gtm-name=\"BUS Communication Modbus \/ BACnet\" data-gtm-label=\"BUS Communication Modbus \/ BACnet\">BUS Communication Modbus \/ BACnet<\/option><\/select><\/div>\n<\/div>\n<\/div>\n<\/div>\n<div class=\"gtm-sku-info flex flex-col gap-y-050 text-label-tiny text-neutral-600\">\n<div class=\"flex flex-wrap items-baseline gap-x-100 gap-y-025\"><span class=\"gtm-article-name\">OPTIMA-R-LV-100-BP<\/span><span class=\"whitespace-nowrap gtm-article-number text-base font-bold\">#93233<\/span><\/div>\n<\/div>\n","protected":false},"featured_media":37663,"template":"","meta":[],"product_brand":[],"product_cat":[1879,1867,1843],"product_tag":[],"class_list":{"0":"post-37680","1":"product","2":"type-product","3":"status-publish","4":"has-post-thumbnail","6":"product_cat-dyisn-hava-hcminin-nzartcilri","7":"product_cat-hava-hcmin-nzart","8":"product_cat-hava-paylayici-mhsullar","10":"first","11":"instock","12":"shipping-taxable","13":"product-type-simple"},"yoast_head":"<!-- This site is optimized with the Yoast SEO plugin v27.1.1 - https:\/\/yoast.com\/product\/yoast-seo-wordpress\/ -->\n<title>OPTIMA-R-LV D\u0259yi\u015f\u0259n Hava H\u0259cminin N\u0259zar\u0259t\u00e7il\u0259ri T\u0259l\u0259b y\u00f6n\u00fcml\u00fc ventilyasiya \u00fc\u00e7\u00fcn inan\u0131lmaz d\u0259r\u0259c\u0259d\u0259 d\u0259qiq, a\u015fa\u011f\u0131 s\u00fcr\u0259t VAV n\u0259zar\u0259t\u00e7isi - GeoClimate.ge<\/title>\n<meta name=\"robots\" content=\"index, follow, max-snippet:-1, max-image-preview:large, max-video-preview:-1\" \/>\n<link rel=\"canonical\" href=\"https:\/\/geoclimate.ge\/az\/product\/optima-r-lv-variable-air-volume-controllers-incredibly-precise-low-velocity-vav-controller-for-demand-oriented-ventilation\/\" \/>\n<meta property=\"og:locale\" content=\"az_AZ\" \/>\n<meta property=\"og:type\" content=\"article\" \/>\n<meta property=\"og:title\" content=\"OPTIMA-R-LV D\u0259yi\u015f\u0259n Hava H\u0259cminin N\u0259zar\u0259t\u00e7il\u0259ri T\u0259l\u0259b y\u00f6n\u00fcml\u00fc ventilyasiya \u00fc\u00e7\u00fcn inan\u0131lmaz d\u0259r\u0259c\u0259d\u0259 d\u0259qiq, a\u015fa\u011f\u0131 s\u00fcr\u0259t VAV n\u0259zar\u0259t\u00e7isi - GeoClimate.ge\" \/>\n<meta property=\"og:description\" content=\"OPTIMA-R-LV D\u0259yi\u015f\u0259n Hava H\u0259cminin N\u0259zar\u0259t\u00e7il\u0259ri T\u0259l\u0259b y\u00f6n\u00fcml\u00fc ventilyasiya \u00fc\u00e7\u00fcn inan\u0131lmaz d\u0259r\u0259c\u0259d\u0259 d\u0259qiq, a\u015fa\u011f\u0131 s\u00fcr\u0259t VAV n\u0259zar\u0259t\u00e7isi  Hava ax\u0131n\u0131n\u0131n s\u00fcr\u0259ti 0,2 m\/s kimi a\u015fa\u011f\u0131 olan \u0259razil\u0259r \u00fc\u00e7\u00fcn VAV n\u0259zar\u0259t\u00e7il\u0259rinin diapazonunu geni\u015fl\u0259ndirir.  T\u0259zyiq \u0259m\u0259liyyat diapazonu 2 Pa - 600 Pa.  Elektrik n\u0259zar\u0259t\u00e7il\u0259ri hava t\u0259chizat\u0131 v\u0259 ya hava \u00e7\u0131xarmaq \u00fc\u00e7\u00fcn i\u015fl\u0259y\u0259 bil\u0259r.      Size 100125140160180200250315400    Insulation Non-insulatedInsulated    Controller type   Analog communication 0...10 V BUS Communication Modbus \/ BACnet      OPTIMA-R-LV-100-BP#93233\" \/>\n<meta property=\"og:url\" content=\"https:\/\/geoclimate.ge\/az\/product\/optima-r-lv-variable-air-volume-controllers-incredibly-precise-low-velocity-vav-controller-for-demand-oriented-ventilation\/\" \/>\n<meta property=\"og:site_name\" content=\"GeoClimate.ge\" \/>\n<meta property=\"article:modified_time\" content=\"2025-09-07T21:08:29+00:00\" \/>\n<meta property=\"og:image\" content=\"https:\/\/geoclimate.ge\/wp-content\/uploads\/2025\/09\/PRODUCT-MAIN-IMAGE_OPTIMA_LV_R.jpg\" \/>\n\t<meta property=\"og:image:width\" content=\"384\" \/>\n\t<meta property=\"og:image:height\" content=\"288\" \/>\n\t<meta property=\"og:image:type\" content=\"image\/jpeg\" \/>\n<meta name=\"twitter:card\" content=\"summary_large_image\" \/>\n<meta name=\"twitter:label1\" content=\"Est. reading time\" \/>\n\t<meta name=\"twitter:data1\" content=\"2 minutes\" \/>\n<script type=\"application\/ld+json\" class=\"yoast-schema-graph\">{\"@context\":\"https:\/\/schema.org\",\"@graph\":[{\"@type\":\"WebPage\",\"@id\":\"https:\/\/geoclimate.ge\/az\/product\/optima-r-lv-variable-air-volume-controllers-incredibly-precise-low-velocity-vav-controller-for-demand-oriented-ventilation\/\",\"url\":\"https:\/\/geoclimate.ge\/az\/product\/optima-r-lv-variable-air-volume-controllers-incredibly-precise-low-velocity-vav-controller-for-demand-oriented-ventilation\/\",\"name\":\"OPTIMA-R-LV D\u0259yi\u015f\u0259n Hava H\u0259cminin N\u0259zar\u0259t\u00e7il\u0259ri T\u0259l\u0259b y\u00f6n\u00fcml\u00fc ventilyasiya \u00fc\u00e7\u00fcn inan\u0131lmaz d\u0259r\u0259c\u0259d\u0259 d\u0259qiq, a\u015fa\u011f\u0131 s\u00fcr\u0259t VAV n\u0259zar\u0259t\u00e7isi - GeoClimate.ge\",\"isPartOf\":{\"@id\":\"https:\/\/geoclimate.ge\/#website\"},\"primaryImageOfPage\":{\"@id\":\"https:\/\/geoclimate.ge\/az\/product\/optima-r-lv-variable-air-volume-controllers-incredibly-precise-low-velocity-vav-controller-for-demand-oriented-ventilation\/#primaryimage\"},\"image\":{\"@id\":\"https:\/\/geoclimate.ge\/az\/product\/optima-r-lv-variable-air-volume-controllers-incredibly-precise-low-velocity-vav-controller-for-demand-oriented-ventilation\/#primaryimage\"},\"thumbnailUrl\":\"https:\/\/geoclimate.ge\/wp-content\/uploads\/2025\/09\/PRODUCT-MAIN-IMAGE_OPTIMA_LV_R.jpg\",\"datePublished\":\"2025-09-07T20:59:38+00:00\",\"dateModified\":\"2025-09-07T21:08:29+00:00\",\"breadcrumb\":{\"@id\":\"https:\/\/geoclimate.ge\/az\/product\/optima-r-lv-variable-air-volume-controllers-incredibly-precise-low-velocity-vav-controller-for-demand-oriented-ventilation\/#breadcrumb\"},\"inLanguage\":\"az\",\"potentialAction\":[{\"@type\":\"ReadAction\",\"target\":[\"https:\/\/geoclimate.ge\/az\/product\/optima-r-lv-variable-air-volume-controllers-incredibly-precise-low-velocity-vav-controller-for-demand-oriented-ventilation\/\"]}]},{\"@type\":\"ImageObject\",\"inLanguage\":\"az\",\"@id\":\"https:\/\/geoclimate.ge\/az\/product\/optima-r-lv-variable-air-volume-controllers-incredibly-precise-low-velocity-vav-controller-for-demand-oriented-ventilation\/#primaryimage\",\"url\":\"https:\/\/geoclimate.ge\/wp-content\/uploads\/2025\/09\/PRODUCT-MAIN-IMAGE_OPTIMA_LV_R.jpg\",\"contentUrl\":\"https:\/\/geoclimate.ge\/wp-content\/uploads\/2025\/09\/PRODUCT-MAIN-IMAGE_OPTIMA_LV_R.jpg\",\"width\":384,\"height\":288},{\"@type\":\"BreadcrumbList\",\"@id\":\"https:\/\/geoclimate.ge\/az\/product\/optima-r-lv-variable-air-volume-controllers-incredibly-precise-low-velocity-vav-controller-for-demand-oriented-ventilation\/#breadcrumb\",\"itemListElement\":[{\"@type\":\"ListItem\",\"position\":1,\"name\":\"Home\",\"item\":\"https:\/\/geoclimate.ge\/az\/\"},{\"@type\":\"ListItem\",\"position\":2,\"name\":\"M\u0259hsullar\",\"item\":\"https:\/\/geoclimate.ge\/az\/products\/\"},{\"@type\":\"ListItem\",\"position\":3,\"name\":\"OPTIMA-R-LV D\u0259yi\u015f\u0259n Hava H\u0259cminin N\u0259zar\u0259t\u00e7il\u0259ri T\u0259l\u0259b y\u00f6n\u00fcml\u00fc ventilyasiya \u00fc\u00e7\u00fcn inan\u0131lmaz d\u0259r\u0259c\u0259d\u0259 d\u0259qiq, a\u015fa\u011f\u0131 s\u00fcr\u0259t VAV n\u0259zar\u0259t\u00e7isi\"}]},{\"@type\":\"WebSite\",\"@id\":\"https:\/\/geoclimate.ge\/#website\",\"url\":\"https:\/\/geoclimate.ge\/\",\"name\":\"GeoClimate\",\"description\":\"\",\"publisher\":{\"@id\":\"https:\/\/geoclimate.ge\/#organization\"},\"potentialAction\":[{\"@type\":\"SearchAction\",\"target\":{\"@type\":\"EntryPoint\",\"urlTemplate\":\"https:\/\/geoclimate.ge\/?s={search_term_string}\"},\"query-input\":{\"@type\":\"PropertyValueSpecification\",\"valueRequired\":true,\"valueName\":\"search_term_string\"}}],\"inLanguage\":\"az\"},{\"@type\":\"Organization\",\"@id\":\"https:\/\/geoclimate.ge\/#organization\",\"name\":\"GeoClimate\",\"url\":\"https:\/\/geoclimate.ge\/\",\"logo\":{\"@type\":\"ImageObject\",\"inLanguage\":\"az\",\"@id\":\"https:\/\/geoclimate.ge\/#\/schema\/logo\/image\/\",\"url\":\"https:\/\/geoclimate.ge\/wp-content\/uploads\/2026\/03\/geoclimate-SEO.png\",\"contentUrl\":\"https:\/\/geoclimate.ge\/wp-content\/uploads\/2026\/03\/geoclimate-SEO.png\",\"width\":1536,\"height\":1024,\"caption\":\"GeoClimate\"},\"image\":{\"@id\":\"https:\/\/geoclimate.ge\/#\/schema\/logo\/image\/\"}}]}<\/script>\n<!-- \/ Yoast SEO plugin. -->","yoast_head_json":{"title":"OPTIMA-R-LV D\u0259yi\u015f\u0259n Hava H\u0259cminin N\u0259zar\u0259t\u00e7il\u0259ri T\u0259l\u0259b y\u00f6n\u00fcml\u00fc ventilyasiya \u00fc\u00e7\u00fcn inan\u0131lmaz d\u0259r\u0259c\u0259d\u0259 d\u0259qiq, a\u015fa\u011f\u0131 s\u00fcr\u0259t VAV n\u0259zar\u0259t\u00e7isi - GeoClimate.ge","robots":{"index":"index","follow":"follow","max-snippet":"max-snippet:-1","max-image-preview":"max-image-preview:large","max-video-preview":"max-video-preview:-1"},"canonical":"https:\/\/geoclimate.ge\/az\/product\/optima-r-lv-variable-air-volume-controllers-incredibly-precise-low-velocity-vav-controller-for-demand-oriented-ventilation\/","og_locale":"az_AZ","og_type":"article","og_title":"OPTIMA-R-LV D\u0259yi\u015f\u0259n Hava H\u0259cminin N\u0259zar\u0259t\u00e7il\u0259ri T\u0259l\u0259b y\u00f6n\u00fcml\u00fc ventilyasiya \u00fc\u00e7\u00fcn inan\u0131lmaz d\u0259r\u0259c\u0259d\u0259 d\u0259qiq, a\u015fa\u011f\u0131 s\u00fcr\u0259t VAV n\u0259zar\u0259t\u00e7isi - GeoClimate.ge","og_description":"OPTIMA-R-LV D\u0259yi\u015f\u0259n Hava H\u0259cminin N\u0259zar\u0259t\u00e7il\u0259ri T\u0259l\u0259b y\u00f6n\u00fcml\u00fc ventilyasiya \u00fc\u00e7\u00fcn inan\u0131lmaz d\u0259r\u0259c\u0259d\u0259 d\u0259qiq, a\u015fa\u011f\u0131 s\u00fcr\u0259t VAV n\u0259zar\u0259t\u00e7isi  Hava ax\u0131n\u0131n\u0131n s\u00fcr\u0259ti 0,2 m\/s kimi a\u015fa\u011f\u0131 olan \u0259razil\u0259r \u00fc\u00e7\u00fcn VAV n\u0259zar\u0259t\u00e7il\u0259rinin diapazonunu geni\u015fl\u0259ndirir.  T\u0259zyiq \u0259m\u0259liyyat diapazonu 2 Pa - 600 Pa.  Elektrik n\u0259zar\u0259t\u00e7il\u0259ri hava t\u0259chizat\u0131 v\u0259 ya hava \u00e7\u0131xarmaq \u00fc\u00e7\u00fcn i\u015fl\u0259y\u0259 bil\u0259r.      Size 100125140160180200250315400    Insulation Non-insulatedInsulated    Controller type   Analog communication 0...10 V BUS Communication Modbus \/ BACnet      OPTIMA-R-LV-100-BP#93233","og_url":"https:\/\/geoclimate.ge\/az\/product\/optima-r-lv-variable-air-volume-controllers-incredibly-precise-low-velocity-vav-controller-for-demand-oriented-ventilation\/","og_site_name":"GeoClimate.ge","article_modified_time":"2025-09-07T21:08:29+00:00","og_image":[{"width":384,"height":288,"url":"https:\/\/geoclimate.ge\/wp-content\/uploads\/2025\/09\/PRODUCT-MAIN-IMAGE_OPTIMA_LV_R.jpg","type":"image\/jpeg"}],"twitter_card":"summary_large_image","twitter_misc":{"Est. reading time":"2 minutes"},"schema":{"@context":"https:\/\/schema.org","@graph":[{"@type":"WebPage","@id":"https:\/\/geoclimate.ge\/az\/product\/optima-r-lv-variable-air-volume-controllers-incredibly-precise-low-velocity-vav-controller-for-demand-oriented-ventilation\/","url":"https:\/\/geoclimate.ge\/az\/product\/optima-r-lv-variable-air-volume-controllers-incredibly-precise-low-velocity-vav-controller-for-demand-oriented-ventilation\/","name":"OPTIMA-R-LV D\u0259yi\u015f\u0259n Hava H\u0259cminin N\u0259zar\u0259t\u00e7il\u0259ri T\u0259l\u0259b y\u00f6n\u00fcml\u00fc ventilyasiya \u00fc\u00e7\u00fcn inan\u0131lmaz d\u0259r\u0259c\u0259d\u0259 d\u0259qiq, a\u015fa\u011f\u0131 s\u00fcr\u0259t VAV n\u0259zar\u0259t\u00e7isi - GeoClimate.ge","isPartOf":{"@id":"https:\/\/geoclimate.ge\/#website"},"primaryImageOfPage":{"@id":"https:\/\/geoclimate.ge\/az\/product\/optima-r-lv-variable-air-volume-controllers-incredibly-precise-low-velocity-vav-controller-for-demand-oriented-ventilation\/#primaryimage"},"image":{"@id":"https:\/\/geoclimate.ge\/az\/product\/optima-r-lv-variable-air-volume-controllers-incredibly-precise-low-velocity-vav-controller-for-demand-oriented-ventilation\/#primaryimage"},"thumbnailUrl":"https:\/\/geoclimate.ge\/wp-content\/uploads\/2025\/09\/PRODUCT-MAIN-IMAGE_OPTIMA_LV_R.jpg","datePublished":"2025-09-07T20:59:38+00:00","dateModified":"2025-09-07T21:08:29+00:00","breadcrumb":{"@id":"https:\/\/geoclimate.ge\/az\/product\/optima-r-lv-variable-air-volume-controllers-incredibly-precise-low-velocity-vav-controller-for-demand-oriented-ventilation\/#breadcrumb"},"inLanguage":"az","potentialAction":[{"@type":"ReadAction","target":["https:\/\/geoclimate.ge\/az\/product\/optima-r-lv-variable-air-volume-controllers-incredibly-precise-low-velocity-vav-controller-for-demand-oriented-ventilation\/"]}]},{"@type":"ImageObject","inLanguage":"az","@id":"https:\/\/geoclimate.ge\/az\/product\/optima-r-lv-variable-air-volume-controllers-incredibly-precise-low-velocity-vav-controller-for-demand-oriented-ventilation\/#primaryimage","url":"https:\/\/geoclimate.ge\/wp-content\/uploads\/2025\/09\/PRODUCT-MAIN-IMAGE_OPTIMA_LV_R.jpg","contentUrl":"https:\/\/geoclimate.ge\/wp-content\/uploads\/2025\/09\/PRODUCT-MAIN-IMAGE_OPTIMA_LV_R.jpg","width":384,"height":288},{"@type":"BreadcrumbList","@id":"https:\/\/geoclimate.ge\/az\/product\/optima-r-lv-variable-air-volume-controllers-incredibly-precise-low-velocity-vav-controller-for-demand-oriented-ventilation\/#breadcrumb","itemListElement":[{"@type":"ListItem","position":1,"name":"Home","item":"https:\/\/geoclimate.ge\/az\/"},{"@type":"ListItem","position":2,"name":"M\u0259hsullar","item":"https:\/\/geoclimate.ge\/az\/products\/"},{"@type":"ListItem","position":3,"name":"OPTIMA-R-LV D\u0259yi\u015f\u0259n Hava H\u0259cminin N\u0259zar\u0259t\u00e7il\u0259ri T\u0259l\u0259b y\u00f6n\u00fcml\u00fc ventilyasiya \u00fc\u00e7\u00fcn inan\u0131lmaz d\u0259r\u0259c\u0259d\u0259 d\u0259qiq, a\u015fa\u011f\u0131 s\u00fcr\u0259t VAV n\u0259zar\u0259t\u00e7isi"}]},{"@type":"WebSite","@id":"https:\/\/geoclimate.ge\/#website","url":"https:\/\/geoclimate.ge\/","name":"GeoClimate","description":"","publisher":{"@id":"https:\/\/geoclimate.ge\/#organization"},"potentialAction":[{"@type":"SearchAction","target":{"@type":"EntryPoint","urlTemplate":"https:\/\/geoclimate.ge\/?s={search_term_string}"},"query-input":{"@type":"PropertyValueSpecification","valueRequired":true,"valueName":"search_term_string"}}],"inLanguage":"az"},{"@type":"Organization","@id":"https:\/\/geoclimate.ge\/#organization","name":"GeoClimate","url":"https:\/\/geoclimate.ge\/","logo":{"@type":"ImageObject","inLanguage":"az","@id":"https:\/\/geoclimate.ge\/#\/schema\/logo\/image\/","url":"https:\/\/geoclimate.ge\/wp-content\/uploads\/2026\/03\/geoclimate-SEO.png","contentUrl":"https:\/\/geoclimate.ge\/wp-content\/uploads\/2026\/03\/geoclimate-SEO.png","width":1536,"height":1024,"caption":"GeoClimate"},"image":{"@id":"https:\/\/geoclimate.ge\/#\/schema\/logo\/image\/"}}]}},"_links":{"self":[{"href":"https:\/\/geoclimate.ge\/az\/wp-json\/wp\/v2\/product\/37680","targetHints":{"allow":["GET"]}}],"collection":[{"href":"https:\/\/geoclimate.ge\/az\/wp-json\/wp\/v2\/product"}],"about":[{"href":"https:\/\/geoclimate.ge\/az\/wp-json\/wp\/v2\/types\/product"}],"wp:featuredmedia":[{"embeddable":true,"href":"https:\/\/geoclimate.ge\/az\/wp-json\/wp\/v2\/media\/37663"}],"wp:attachment":[{"href":"https:\/\/geoclimate.ge\/az\/wp-json\/wp\/v2\/media?parent=37680"}],"wp:term":[{"taxonomy":"product_brand","embeddable":true,"href":"https:\/\/geoclimate.ge\/az\/wp-json\/wp\/v2\/product_brand?post=37680"},{"taxonomy":"product_cat","embeddable":true,"href":"https:\/\/geoclimate.ge\/az\/wp-json\/wp\/v2\/product_cat?post=37680"},{"taxonomy":"product_tag","embeddable":true,"href":"https:\/\/geoclimate.ge\/az\/wp-json\/wp\/v2\/product_tag?post=37680"}],"curies":[{"name":"wp","href":"https:\/\/api.w.org\/{rel}","templated":true}]}}