{"id":37697,"date":"2025-09-08T01:12:28","date_gmt":"2025-09-07T21:12:28","guid":{"rendered":"https:\/\/airsystems.ge\/shop\/product\/optima-r-fcs-variable-air-volume-controllers-circular-vav-unit-suitable-for-enviroments-with-dust-pollution\/"},"modified":"2025-09-08T01:16:20","modified_gmt":"2025-09-07T21:16:20","slug":"optima-r-fcs-variable-air-volume-controllers-circular-vav-unit-suitable-for-enviroments-with-dust-pollution","status":"publish","type":"product","link":"https:\/\/geoclimate.ge\/az\/product\/optima-r-fcs-variable-air-volume-controllers-circular-vav-unit-suitable-for-enviroments-with-dust-pollution\/","title":{"rendered":"OPTIMA-R-FCS D\u0259yi\u015f\u0259n Hava H\u0259cminin N\u0259zar\u0259t\u00e7il\u0259ri Dair\u0259vi VAV qur\u011fusu tozla \u00e7irkl\u0259nmi\u015f m\u00fchitl\u0259r \u00fc\u00e7\u00fcn uy\u011fundur"},"content":{"rendered":"<div class=\"content-element content-element-product-benefit col-12 sm:col-6 mb-400\">\n<div class=\"bg-card px-300 py-250 mobile-nav:px-200 mobile-nav:py-150 h-full flex overflow-hidden card-border\">\n<div class=\"min-w-0\">\n<p><strong>Statik \u00f6l\u00e7m\u0259 sensoru<\/strong><br \/>\nOPTIMA-R-FCS statik \u00f6l\u00e7m\u0259 sensoruna malikdir, tozun artan \u00e7irkl\u0259nm\u0259si olan m\u0259kanlar \u00fc\u00e7\u00fcn ideald\u0131r (s\u0259naye v\u0259 istehsal sah\u0259l\u0259ri, emalatxanalar, ictimai salonlar v\u0259 s.)<\/p>\n<p><strong>Sinkl\u0259nmi\u015f polad<\/strong><br \/>\nOPTIMA-R-FCS-in AV blokunun korpusu, el\u0259c\u0259 d\u0259 idar\u0259etm\u0259 amortizatorunun b\u0131\u00e7a\u011f\u0131 sinkl\u0259nmi\u015f t\u0259b\u0259q\u0259 poladdan haz\u0131rlan\u0131b v\u0259 onu m\u00f6hk\u0259m v\u0259 davaml\u0131 edir.<\/p>\n<p><strong>Zavod kalibrl\u0259nmi\u015fdir<\/strong><br \/>\nVAV v\u0259 Kompakt kontrollerl\u0259r standart olaraq c\u0259dv\u0259ld\u0259 g\u00f6st\u0259ril\u0259n hava h\u0259cmin\u0259 uy\u011fun olaraq zavodda kalibrl\u0259nir v\u0259 ya sifari\u015f \u0259sas\u0131nda g\u00f6nd\u0259rilm\u0259zd\u0259n \u0259vv\u0259l saytda t\u0259l\u0259b olunan parametrl\u0259r\u0259 uy\u011funla\u015fd\u0131r\u0131la bil\u0259r.<\/p>\n<\/div>\n<\/div>\n<\/div>\n","protected":false},"excerpt":{"rendered":"<div>\n<p>OPTIMA-R-FCS D\u0259yi\u015f\u0259n Hava H\u0259cminin N\u0259zar\u0259t\u00e7il\u0259ri<br \/>\nDair\u0259vi VAV qur\u011fusu tozla \u00e7irkl\u0259nmi\u015f m\u00fchitl\u0259r \u00fc\u00e7\u00fcn uy\u011fundur<\/p>\n<p>Statik \u00f6l\u00e7m\u0259 sensoru<\/p>\n<p>Zavod kalibrl\u0259nmi\u015fdir<\/p>\n<p>Sinkl\u0259nmi\u015f polad<\/p>\n<\/div>\n<div>\n<div class=\"dropdown-wrapper\"><select class=\"form-dropdown form-input\"><option value=\"471810\">OPTIMA-R-FCS-100-BM<\/option><option value=\"458052\">OPTIMA-R-FCS-100-BP<\/option><option value=\"471811\">OPTIMA-R-FCS-125-BM<\/option><option value=\"458053\">OPTIMA-R-FCS-125-BP<\/option><option value=\"471812\">OPTIMA-R-FCS-140-BM<\/option><option value=\"458057\">OPTIMA-R-FCS-140-BP<\/option><option value=\"471813\">OPTIMA-R-FCS-160-BM<\/option><option value=\"458058\">OPTIMA-R-FCS-160-BP<\/option><option value=\"471814\">OPTIMA-R-FCS-180-BM<\/option><option value=\"471738\">OPTIMA-R-FCS-180-BP<\/option><option value=\"471815\">OPTIMA-R-FCS-200-BM<\/option><option value=\"471739\">OPTIMA-R-FCS-200-BP<\/option><option value=\"471816\">OPTIMA-R-FCS-225-BM<\/option><option value=\"471758\">OPTIMA-R-FCS-225-BP<\/option><option value=\"471817\">OPTIMA-R-FCS-250-BM<\/option><option value=\"471759\">OPTIMA-R-FCS-250-BP<\/option><option value=\"471761\">OPTIMA-R-FCS-280-BP<\/option><option value=\"471762\">OPTIMA-R-FCS-315-BP<\/option><option value=\"471763\">OPTIMA-R-FCS-355-BP<\/option><option value=\"471777\">OPTIMA-R-FCS-400-BP<\/option><option value=\"471778\">OPTIMA-R-FCS-500-BP<\/option><option value=\"471779\">OPTIMA-R-FCS-630-BP<\/option><option value=\"471809\">OPTIMA-R-FCS-80-BM<\/option><option value=\"458051\">OPTIMA-R-FCS-80-BP<\/option><option value=\"474232\">OPTIMA-RI-FCS-100-BM<\/option><option value=\"474217\">OPTIMA-RI-FCS-100-BP<\/option><option value=\"474233\">OPTIMA-RI-FCS-125-BM<\/option><option value=\"474218\">OPTIMA-RI-FCS-125-BP<\/option><option value=\"474234\">OPTIMA-RI-FCS-140-BM<\/option><option value=\"474219\">OPTIMA-RI-FCS-140-BP<\/option><option value=\"474235\">OPTIMA-RI-FCS-160-BM<\/option><option value=\"474220\">OPTIMA-RI-FCS-160-BP<\/option><option value=\"474236\">OPTIMA-RI-FCS-180-BM<\/option><option value=\"474221\">OPTIMA-RI-FCS-180-BP<\/option><option value=\"474237\">OPTIMA-RI-FCS-200-BM<\/option><option value=\"474222\">OPTIMA-RI-FCS-200-BP<\/option><option value=\"474238\">OPTIMA-RI-FCS-225-BM<\/option><option value=\"474223\">OPTIMA-RI-FCS-225-BP<\/option><option value=\"474239\">OPTIMA-RI-FCS-250-BM<\/option><option value=\"474224\">OPTIMA-RI-FCS-250-BP<\/option><option value=\"474240\">OPTIMA-RI-FCS-280-BM<\/option><option value=\"474225\">OPTIMA-RI-FCS-280-BP<\/option><option value=\"474241\">OPTIMA-RI-FCS-315-BM<\/option><option value=\"474226\">OPTIMA-RI-FCS-315-BP<\/option><option value=\"474242\">OPTIMA-RI-FCS-355-BM<\/option><option value=\"474227\">OPTIMA-RI-FCS-355-BP<\/option><option value=\"474243\">OPTIMA-RI-FCS-400-BM<\/option><option value=\"474228\">OPTIMA-RI-FCS-400-BP<\/option><option value=\"474244\">OPTIMA-RI-FCS-500-BM<\/option><option value=\"474229\">OPTIMA-RI-FCS-500-BP<\/option><option value=\"474245\">OPTIMA-RI-FCS-630-BM<\/option><option value=\"474230\">OPTIMA-RI-FCS-630-BP<\/option><option value=\"474231\">OPTIMA-RI-FCS-80-BM<\/option><option value=\"474216\">OPTIMA-RI-FCS-80-BP<\/option><\/select><\/div>\n<\/div>\n<div class=\"gtm-sku-info flex flex-col gap-y-050 text-label-tiny text-neutral-600\">\n<div class=\"flex flex-wrap items-baseline gap-x-100 gap-y-025\"><span class=\"gtm-article-name\">\u10ea-100-BM<\/span><span class=\"whitespace-nowrap gtm-article-number text-base font-bold\">#471810<\/span><\/div>\n<\/div>\n","protected":false},"featured_media":37691,"template":"","meta":[],"product_brand":[],"product_cat":[1879,1867,1843],"product_tag":[],"class_list":{"0":"post-37697","1":"product","2":"type-product","3":"status-publish","4":"has-post-thumbnail","6":"product_cat-dyisn-hava-hcminin-nzartcilri","7":"product_cat-hava-hcmin-nzart","8":"product_cat-hava-paylayici-mhsullar","10":"first","11":"instock","12":"shipping-taxable","13":"product-type-simple"},"yoast_head":"<!-- This site is optimized with the Yoast SEO plugin v27.1.1 - https:\/\/yoast.com\/product\/yoast-seo-wordpress\/ -->\n<title>OPTIMA-R-FCS D\u0259yi\u015f\u0259n Hava H\u0259cminin N\u0259zar\u0259t\u00e7il\u0259ri Dair\u0259vi VAV qur\u011fusu tozla \u00e7irkl\u0259nmi\u015f m\u00fchitl\u0259r \u00fc\u00e7\u00fcn uy\u011fundur - GeoClimate.ge<\/title>\n<meta name=\"robots\" content=\"index, follow, max-snippet:-1, max-image-preview:large, max-video-preview:-1\" \/>\n<link rel=\"canonical\" href=\"https:\/\/geoclimate.ge\/az\/product\/optima-r-fcs-variable-air-volume-controllers-circular-vav-unit-suitable-for-enviroments-with-dust-pollution\/\" \/>\n<meta property=\"og:locale\" content=\"az_AZ\" \/>\n<meta property=\"og:type\" content=\"article\" \/>\n<meta property=\"og:title\" content=\"OPTIMA-R-FCS D\u0259yi\u015f\u0259n Hava H\u0259cminin N\u0259zar\u0259t\u00e7il\u0259ri Dair\u0259vi VAV qur\u011fusu tozla \u00e7irkl\u0259nmi\u015f m\u00fchitl\u0259r \u00fc\u00e7\u00fcn uy\u011fundur - GeoClimate.ge\" \/>\n<meta property=\"og:description\" content=\"OPTIMA-R-FCS D\u0259yi\u015f\u0259n Hava H\u0259cminin N\u0259zar\u0259t\u00e7il\u0259ri Dair\u0259vi VAV qur\u011fusu tozla \u00e7irkl\u0259nmi\u015f m\u00fchitl\u0259r \u00fc\u00e7\u00fcn uy\u011fundur  Statik \u00f6l\u00e7m\u0259 sensoru  Zavod kalibrl\u0259nmi\u015fdir  Sinkl\u0259nmi\u015f polad     OPTIMA-R-FCS-100-BM OPTIMA-R-FCS-100-BP OPTIMA-R-FCS-125-BM OPTIMA-R-FCS-125-BP OPTIMA-R-FCS-140-BM OPTIMA-R-FCS-140-BP OPTIMA-R-FCS-160-BM OPTIMA-R-FCS-160-BP OPTIMA-R-FCS-180-BM OPTIMA-R-FCS-180-BP OPTIMA-R-FCS-200-BM OPTIMA-R-FCS-200-BP OPTIMA-R-FCS-225-BM OPTIMA-R-FCS-225-BP OPTIMA-R-FCS-250-BM OPTIMA-R-FCS-250-BP OPTIMA-R-FCS-280-BP OPTIMA-R-FCS-315-BP OPTIMA-R-FCS-355-BP OPTIMA-R-FCS-400-BP OPTIMA-R-FCS-500-BP OPTIMA-R-FCS-630-BP OPTIMA-R-FCS-80-BM OPTIMA-R-FCS-80-BP OPTIMA-RI-FCS-100-BM OPTIMA-RI-FCS-100-BP OPTIMA-RI-FCS-125-BM OPTIMA-RI-FCS-125-BP OPTIMA-RI-FCS-140-BM OPTIMA-RI-FCS-140-BP OPTIMA-RI-FCS-160-BM OPTIMA-RI-FCS-160-BP OPTIMA-RI-FCS-180-BM OPTIMA-RI-FCS-180-BP OPTIMA-RI-FCS-200-BM OPTIMA-RI-FCS-200-BP OPTIMA-RI-FCS-225-BM OPTIMA-RI-FCS-225-BP OPTIMA-RI-FCS-250-BM OPTIMA-RI-FCS-250-BP OPTIMA-RI-FCS-280-BM OPTIMA-RI-FCS-280-BP OPTIMA-RI-FCS-315-BM OPTIMA-RI-FCS-315-BP OPTIMA-RI-FCS-355-BM OPTIMA-RI-FCS-355-BP OPTIMA-RI-FCS-400-BM OPTIMA-RI-FCS-400-BP OPTIMA-RI-FCS-500-BM OPTIMA-RI-FCS-500-BP OPTIMA-RI-FCS-630-BM OPTIMA-RI-FCS-630-BP OPTIMA-RI-FCS-80-BM OPTIMA-RI-FCS-80-BP    \u10ea-100-BM#471810\" \/>\n<meta property=\"og:url\" content=\"https:\/\/geoclimate.ge\/az\/product\/optima-r-fcs-variable-air-volume-controllers-circular-vav-unit-suitable-for-enviroments-with-dust-pollution\/\" \/>\n<meta property=\"og:site_name\" content=\"GeoClimate.ge\" \/>\n<meta property=\"article:modified_time\" content=\"2025-09-07T21:16:20+00:00\" \/>\n<meta property=\"og:image\" content=\"https:\/\/geoclimate.ge\/wp-content\/uploads\/2025\/09\/COLLAGE_OPTIMA-R-FC___BM_HQ_20241003_064238700.jpg\" \/>\n\t<meta property=\"og:image:width\" content=\"384\" \/>\n\t<meta property=\"og:image:height\" content=\"277\" \/>\n\t<meta property=\"og:image:type\" content=\"image\/jpeg\" \/>\n<meta name=\"twitter:card\" content=\"summary_large_image\" \/>\n<meta name=\"twitter:label1\" content=\"Est. reading time\" \/>\n\t<meta name=\"twitter:data1\" content=\"1 minute\" \/>\n<script type=\"application\/ld+json\" class=\"yoast-schema-graph\">{\"@context\":\"https:\/\/schema.org\",\"@graph\":[{\"@type\":\"WebPage\",\"@id\":\"https:\/\/geoclimate.ge\/az\/product\/optima-r-fcs-variable-air-volume-controllers-circular-vav-unit-suitable-for-enviroments-with-dust-pollution\/\",\"url\":\"https:\/\/geoclimate.ge\/az\/product\/optima-r-fcs-variable-air-volume-controllers-circular-vav-unit-suitable-for-enviroments-with-dust-pollution\/\",\"name\":\"OPTIMA-R-FCS D\u0259yi\u015f\u0259n Hava H\u0259cminin N\u0259zar\u0259t\u00e7il\u0259ri Dair\u0259vi VAV qur\u011fusu tozla \u00e7irkl\u0259nmi\u015f m\u00fchitl\u0259r \u00fc\u00e7\u00fcn uy\u011fundur - GeoClimate.ge\",\"isPartOf\":{\"@id\":\"https:\/\/geoclimate.ge\/#website\"},\"primaryImageOfPage\":{\"@id\":\"https:\/\/geoclimate.ge\/az\/product\/optima-r-fcs-variable-air-volume-controllers-circular-vav-unit-suitable-for-enviroments-with-dust-pollution\/#primaryimage\"},\"image\":{\"@id\":\"https:\/\/geoclimate.ge\/az\/product\/optima-r-fcs-variable-air-volume-controllers-circular-vav-unit-suitable-for-enviroments-with-dust-pollution\/#primaryimage\"},\"thumbnailUrl\":\"https:\/\/geoclimate.ge\/wp-content\/uploads\/2025\/09\/COLLAGE_OPTIMA-R-FC___BM_HQ_20241003_064238700.jpg\",\"datePublished\":\"2025-09-07T21:12:28+00:00\",\"dateModified\":\"2025-09-07T21:16:20+00:00\",\"breadcrumb\":{\"@id\":\"https:\/\/geoclimate.ge\/az\/product\/optima-r-fcs-variable-air-volume-controllers-circular-vav-unit-suitable-for-enviroments-with-dust-pollution\/#breadcrumb\"},\"inLanguage\":\"az\",\"potentialAction\":[{\"@type\":\"ReadAction\",\"target\":[\"https:\/\/geoclimate.ge\/az\/product\/optima-r-fcs-variable-air-volume-controllers-circular-vav-unit-suitable-for-enviroments-with-dust-pollution\/\"]}]},{\"@type\":\"ImageObject\",\"inLanguage\":\"az\",\"@id\":\"https:\/\/geoclimate.ge\/az\/product\/optima-r-fcs-variable-air-volume-controllers-circular-vav-unit-suitable-for-enviroments-with-dust-pollution\/#primaryimage\",\"url\":\"https:\/\/geoclimate.ge\/wp-content\/uploads\/2025\/09\/COLLAGE_OPTIMA-R-FC___BM_HQ_20241003_064238700.jpg\",\"contentUrl\":\"https:\/\/geoclimate.ge\/wp-content\/uploads\/2025\/09\/COLLAGE_OPTIMA-R-FC___BM_HQ_20241003_064238700.jpg\",\"width\":384,\"height\":277},{\"@type\":\"BreadcrumbList\",\"@id\":\"https:\/\/geoclimate.ge\/az\/product\/optima-r-fcs-variable-air-volume-controllers-circular-vav-unit-suitable-for-enviroments-with-dust-pollution\/#breadcrumb\",\"itemListElement\":[{\"@type\":\"ListItem\",\"position\":1,\"name\":\"Home\",\"item\":\"https:\/\/geoclimate.ge\/az\/\"},{\"@type\":\"ListItem\",\"position\":2,\"name\":\"M\u0259hsullar\",\"item\":\"https:\/\/geoclimate.ge\/az\/products\/\"},{\"@type\":\"ListItem\",\"position\":3,\"name\":\"OPTIMA-R-FCS D\u0259yi\u015f\u0259n Hava H\u0259cminin N\u0259zar\u0259t\u00e7il\u0259ri Dair\u0259vi VAV qur\u011fusu tozla \u00e7irkl\u0259nmi\u015f m\u00fchitl\u0259r \u00fc\u00e7\u00fcn uy\u011fundur\"}]},{\"@type\":\"WebSite\",\"@id\":\"https:\/\/geoclimate.ge\/#website\",\"url\":\"https:\/\/geoclimate.ge\/\",\"name\":\"GeoClimate\",\"description\":\"\",\"publisher\":{\"@id\":\"https:\/\/geoclimate.ge\/#organization\"},\"potentialAction\":[{\"@type\":\"SearchAction\",\"target\":{\"@type\":\"EntryPoint\",\"urlTemplate\":\"https:\/\/geoclimate.ge\/?s={search_term_string}\"},\"query-input\":{\"@type\":\"PropertyValueSpecification\",\"valueRequired\":true,\"valueName\":\"search_term_string\"}}],\"inLanguage\":\"az\"},{\"@type\":\"Organization\",\"@id\":\"https:\/\/geoclimate.ge\/#organization\",\"name\":\"GeoClimate\",\"url\":\"https:\/\/geoclimate.ge\/\",\"logo\":{\"@type\":\"ImageObject\",\"inLanguage\":\"az\",\"@id\":\"https:\/\/geoclimate.ge\/#\/schema\/logo\/image\/\",\"url\":\"https:\/\/geoclimate.ge\/wp-content\/uploads\/2026\/03\/geoclimate-SEO.png\",\"contentUrl\":\"https:\/\/geoclimate.ge\/wp-content\/uploads\/2026\/03\/geoclimate-SEO.png\",\"width\":1536,\"height\":1024,\"caption\":\"GeoClimate\"},\"image\":{\"@id\":\"https:\/\/geoclimate.ge\/#\/schema\/logo\/image\/\"}}]}<\/script>\n<!-- \/ Yoast SEO plugin. -->","yoast_head_json":{"title":"OPTIMA-R-FCS D\u0259yi\u015f\u0259n Hava H\u0259cminin N\u0259zar\u0259t\u00e7il\u0259ri Dair\u0259vi VAV qur\u011fusu tozla \u00e7irkl\u0259nmi\u015f m\u00fchitl\u0259r \u00fc\u00e7\u00fcn uy\u011fundur - GeoClimate.ge","robots":{"index":"index","follow":"follow","max-snippet":"max-snippet:-1","max-image-preview":"max-image-preview:large","max-video-preview":"max-video-preview:-1"},"canonical":"https:\/\/geoclimate.ge\/az\/product\/optima-r-fcs-variable-air-volume-controllers-circular-vav-unit-suitable-for-enviroments-with-dust-pollution\/","og_locale":"az_AZ","og_type":"article","og_title":"OPTIMA-R-FCS D\u0259yi\u015f\u0259n Hava H\u0259cminin N\u0259zar\u0259t\u00e7il\u0259ri Dair\u0259vi VAV qur\u011fusu tozla \u00e7irkl\u0259nmi\u015f m\u00fchitl\u0259r \u00fc\u00e7\u00fcn uy\u011fundur - GeoClimate.ge","og_description":"OPTIMA-R-FCS D\u0259yi\u015f\u0259n Hava H\u0259cminin N\u0259zar\u0259t\u00e7il\u0259ri Dair\u0259vi VAV qur\u011fusu tozla \u00e7irkl\u0259nmi\u015f m\u00fchitl\u0259r \u00fc\u00e7\u00fcn uy\u011fundur  Statik \u00f6l\u00e7m\u0259 sensoru  Zavod kalibrl\u0259nmi\u015fdir  Sinkl\u0259nmi\u015f polad     OPTIMA-R-FCS-100-BM OPTIMA-R-FCS-100-BP OPTIMA-R-FCS-125-BM OPTIMA-R-FCS-125-BP OPTIMA-R-FCS-140-BM OPTIMA-R-FCS-140-BP OPTIMA-R-FCS-160-BM OPTIMA-R-FCS-160-BP OPTIMA-R-FCS-180-BM OPTIMA-R-FCS-180-BP OPTIMA-R-FCS-200-BM OPTIMA-R-FCS-200-BP OPTIMA-R-FCS-225-BM OPTIMA-R-FCS-225-BP OPTIMA-R-FCS-250-BM OPTIMA-R-FCS-250-BP OPTIMA-R-FCS-280-BP OPTIMA-R-FCS-315-BP OPTIMA-R-FCS-355-BP OPTIMA-R-FCS-400-BP OPTIMA-R-FCS-500-BP OPTIMA-R-FCS-630-BP OPTIMA-R-FCS-80-BM OPTIMA-R-FCS-80-BP OPTIMA-RI-FCS-100-BM OPTIMA-RI-FCS-100-BP OPTIMA-RI-FCS-125-BM OPTIMA-RI-FCS-125-BP OPTIMA-RI-FCS-140-BM OPTIMA-RI-FCS-140-BP OPTIMA-RI-FCS-160-BM OPTIMA-RI-FCS-160-BP OPTIMA-RI-FCS-180-BM OPTIMA-RI-FCS-180-BP OPTIMA-RI-FCS-200-BM OPTIMA-RI-FCS-200-BP OPTIMA-RI-FCS-225-BM OPTIMA-RI-FCS-225-BP OPTIMA-RI-FCS-250-BM OPTIMA-RI-FCS-250-BP OPTIMA-RI-FCS-280-BM OPTIMA-RI-FCS-280-BP OPTIMA-RI-FCS-315-BM OPTIMA-RI-FCS-315-BP OPTIMA-RI-FCS-355-BM OPTIMA-RI-FCS-355-BP OPTIMA-RI-FCS-400-BM OPTIMA-RI-FCS-400-BP OPTIMA-RI-FCS-500-BM OPTIMA-RI-FCS-500-BP OPTIMA-RI-FCS-630-BM OPTIMA-RI-FCS-630-BP OPTIMA-RI-FCS-80-BM OPTIMA-RI-FCS-80-BP    \u10ea-100-BM#471810","og_url":"https:\/\/geoclimate.ge\/az\/product\/optima-r-fcs-variable-air-volume-controllers-circular-vav-unit-suitable-for-enviroments-with-dust-pollution\/","og_site_name":"GeoClimate.ge","article_modified_time":"2025-09-07T21:16:20+00:00","og_image":[{"width":384,"height":277,"url":"https:\/\/geoclimate.ge\/wp-content\/uploads\/2025\/09\/COLLAGE_OPTIMA-R-FC___BM_HQ_20241003_064238700.jpg","type":"image\/jpeg"}],"twitter_card":"summary_large_image","twitter_misc":{"Est. reading time":"1 minute"},"schema":{"@context":"https:\/\/schema.org","@graph":[{"@type":"WebPage","@id":"https:\/\/geoclimate.ge\/az\/product\/optima-r-fcs-variable-air-volume-controllers-circular-vav-unit-suitable-for-enviroments-with-dust-pollution\/","url":"https:\/\/geoclimate.ge\/az\/product\/optima-r-fcs-variable-air-volume-controllers-circular-vav-unit-suitable-for-enviroments-with-dust-pollution\/","name":"OPTIMA-R-FCS D\u0259yi\u015f\u0259n Hava H\u0259cminin N\u0259zar\u0259t\u00e7il\u0259ri Dair\u0259vi VAV qur\u011fusu tozla \u00e7irkl\u0259nmi\u015f m\u00fchitl\u0259r \u00fc\u00e7\u00fcn uy\u011fundur - GeoClimate.ge","isPartOf":{"@id":"https:\/\/geoclimate.ge\/#website"},"primaryImageOfPage":{"@id":"https:\/\/geoclimate.ge\/az\/product\/optima-r-fcs-variable-air-volume-controllers-circular-vav-unit-suitable-for-enviroments-with-dust-pollution\/#primaryimage"},"image":{"@id":"https:\/\/geoclimate.ge\/az\/product\/optima-r-fcs-variable-air-volume-controllers-circular-vav-unit-suitable-for-enviroments-with-dust-pollution\/#primaryimage"},"thumbnailUrl":"https:\/\/geoclimate.ge\/wp-content\/uploads\/2025\/09\/COLLAGE_OPTIMA-R-FC___BM_HQ_20241003_064238700.jpg","datePublished":"2025-09-07T21:12:28+00:00","dateModified":"2025-09-07T21:16:20+00:00","breadcrumb":{"@id":"https:\/\/geoclimate.ge\/az\/product\/optima-r-fcs-variable-air-volume-controllers-circular-vav-unit-suitable-for-enviroments-with-dust-pollution\/#breadcrumb"},"inLanguage":"az","potentialAction":[{"@type":"ReadAction","target":["https:\/\/geoclimate.ge\/az\/product\/optima-r-fcs-variable-air-volume-controllers-circular-vav-unit-suitable-for-enviroments-with-dust-pollution\/"]}]},{"@type":"ImageObject","inLanguage":"az","@id":"https:\/\/geoclimate.ge\/az\/product\/optima-r-fcs-variable-air-volume-controllers-circular-vav-unit-suitable-for-enviroments-with-dust-pollution\/#primaryimage","url":"https:\/\/geoclimate.ge\/wp-content\/uploads\/2025\/09\/COLLAGE_OPTIMA-R-FC___BM_HQ_20241003_064238700.jpg","contentUrl":"https:\/\/geoclimate.ge\/wp-content\/uploads\/2025\/09\/COLLAGE_OPTIMA-R-FC___BM_HQ_20241003_064238700.jpg","width":384,"height":277},{"@type":"BreadcrumbList","@id":"https:\/\/geoclimate.ge\/az\/product\/optima-r-fcs-variable-air-volume-controllers-circular-vav-unit-suitable-for-enviroments-with-dust-pollution\/#breadcrumb","itemListElement":[{"@type":"ListItem","position":1,"name":"Home","item":"https:\/\/geoclimate.ge\/az\/"},{"@type":"ListItem","position":2,"name":"M\u0259hsullar","item":"https:\/\/geoclimate.ge\/az\/products\/"},{"@type":"ListItem","position":3,"name":"OPTIMA-R-FCS D\u0259yi\u015f\u0259n Hava H\u0259cminin N\u0259zar\u0259t\u00e7il\u0259ri Dair\u0259vi VAV qur\u011fusu tozla \u00e7irkl\u0259nmi\u015f m\u00fchitl\u0259r \u00fc\u00e7\u00fcn uy\u011fundur"}]},{"@type":"WebSite","@id":"https:\/\/geoclimate.ge\/#website","url":"https:\/\/geoclimate.ge\/","name":"GeoClimate","description":"","publisher":{"@id":"https:\/\/geoclimate.ge\/#organization"},"potentialAction":[{"@type":"SearchAction","target":{"@type":"EntryPoint","urlTemplate":"https:\/\/geoclimate.ge\/?s={search_term_string}"},"query-input":{"@type":"PropertyValueSpecification","valueRequired":true,"valueName":"search_term_string"}}],"inLanguage":"az"},{"@type":"Organization","@id":"https:\/\/geoclimate.ge\/#organization","name":"GeoClimate","url":"https:\/\/geoclimate.ge\/","logo":{"@type":"ImageObject","inLanguage":"az","@id":"https:\/\/geoclimate.ge\/#\/schema\/logo\/image\/","url":"https:\/\/geoclimate.ge\/wp-content\/uploads\/2026\/03\/geoclimate-SEO.png","contentUrl":"https:\/\/geoclimate.ge\/wp-content\/uploads\/2026\/03\/geoclimate-SEO.png","width":1536,"height":1024,"caption":"GeoClimate"},"image":{"@id":"https:\/\/geoclimate.ge\/#\/schema\/logo\/image\/"}}]}},"_links":{"self":[{"href":"https:\/\/geoclimate.ge\/az\/wp-json\/wp\/v2\/product\/37697","targetHints":{"allow":["GET"]}}],"collection":[{"href":"https:\/\/geoclimate.ge\/az\/wp-json\/wp\/v2\/product"}],"about":[{"href":"https:\/\/geoclimate.ge\/az\/wp-json\/wp\/v2\/types\/product"}],"wp:featuredmedia":[{"embeddable":true,"href":"https:\/\/geoclimate.ge\/az\/wp-json\/wp\/v2\/media\/37691"}],"wp:attachment":[{"href":"https:\/\/geoclimate.ge\/az\/wp-json\/wp\/v2\/media?parent=37697"}],"wp:term":[{"taxonomy":"product_brand","embeddable":true,"href":"https:\/\/geoclimate.ge\/az\/wp-json\/wp\/v2\/product_brand?post=37697"},{"taxonomy":"product_cat","embeddable":true,"href":"https:\/\/geoclimate.ge\/az\/wp-json\/wp\/v2\/product_cat?post=37697"},{"taxonomy":"product_tag","embeddable":true,"href":"https:\/\/geoclimate.ge\/az\/wp-json\/wp\/v2\/product_tag?post=37697"}],"curies":[{"name":"wp","href":"https:\/\/api.w.org\/{rel}","templated":true}]}}