{"id":37760,"date":"2025-09-08T01:35:42","date_gmt":"2025-09-07T21:35:42","guid":{"rendered":"https:\/\/airsystems.ge\/shop\/product\/optima-res-a-variable-air-volume-controllers-residential-vav-system-box-providing-effective-ventilation-control\/"},"modified":"2025-09-08T01:40:09","modified_gmt":"2025-09-07T21:40:09","slug":"optima-res-a-variable-air-volume-controllers-residential-vav-system-box-providing-effective-ventilation-control","status":"publish","type":"product","link":"https:\/\/geoclimate.ge\/az\/product\/optima-res-a-variable-air-volume-controllers-residential-vav-system-box-providing-effective-ventilation-control\/","title":{"rendered":"OPTIMA-RES-A D\u0259yi\u015f\u0259n Hava H\u0259cmi N\u0259zar\u0259t\u00e7il\u0259ri Effektiv ventilyasiya n\u0259zar\u0259tini t\u0259min ed\u0259n ya\u015fay\u0131\u015f VAV sistem qutusu"},"content":{"rendered":"<div class=\"mb-400 gtm-product-section container-fluid\" data-gtm-name=\"Benefits\" data-gtm-label=\"Benefits (en)\" data-gtm-vis-first-on-screen53434917_103=\"1415\" data-gtm-vis-total-visible-time53434917_103=\"1500\" data-gtm-vis-recent-on-screen53434917_103=\"60553\" data-gtm-vis-has-fired53434917_103=\"1\">\n<div class=\"row\">\n<div class=\"content-element content-element-product-benefit col-12 sm:col-6 mb-400\">\n<div class=\"bg-card px-300 py-250 mobile-nav:px-200 mobile-nav:py-150 h-full flex overflow-hidden card-border\">\n<div class=\"min-w-0\">\n<p><strong>Kompakt<\/strong><br \/>\nOPTIMA-RES-A ya\u015fay\u0131\u015f binalar\u0131n\u0131n ventilyasiyas\u0131n\u0131 idar\u0259 etm\u0259k \u00fc\u00e7\u00fcn n\u0259z\u0259rd\u0259 tutulmu\u015f kompakt t\u0259chizat v\u0259 \u00e7\u0131xar\u0131\u015f VAV n\u0259zar\u0259t\u00e7il\u0259ri sistemidir.<\/p>\n<p>&nbsp;<\/p>\n<p><strong>Asan qura\u015fd\u0131rma<\/strong><br \/>\nOPTIMA-RES-A VAV sistem qutusu gips divarlar\u0131nda v\u0259 ya tavanlar\u0131nda sad\u0259 qura\u015fd\u0131rma \u00fc\u00e7\u00fcn n\u0259z\u0259rd\u0259 tutulmu\u015fdur. VAV n\u0259zar\u0259t\u00e7il\u0259ri asanl\u0131qla ayr\u0131l\u0131b ba\u015fqa yer\u0259 qura\u015fd\u0131rmaq olar.<\/p>\n<p>&nbsp;<\/p>\n<p><strong>Sakit \u0259m\u0259liyyat<\/strong><br \/>\nOPTIMA-RES-A VAV sistem qutusu ya\u015fay\u0131\u015f \u015f\u0259raitind\u0259 sakit i\u015fl\u0259m\u0259yi asanla\u015fd\u0131ran s\u0259s-k\u00fcy\u00fcn azald\u0131lmas\u0131 x\u00fcsusiyy\u0259tin\u0259 malikdir.<\/p>\n<p>&nbsp;<\/p>\n<p>M\u00fcxt\u0259lif \u00f6l\u00e7\u00fcl\u0259rd\u0259 m\u00f6vcud olan OPTIMA-RES-A ya\u015fay\u0131\u015f binalar\u0131nda effektiv ventilyasiya n\u0259zar\u0259tini t\u0259min etm\u0259k \u00fc\u00e7\u00fcn n\u0259z\u0259rd\u0259 tutulmu\u015f kompakt t\u0259chizat v\u0259 \u00e7\u0131xar\u0131\u015f VAV n\u0259zar\u0259t\u00e7il\u0259ri sistemidir. Onun \u0259sas funksionall\u0131\u011f\u0131 master\/slave i\u015f rejimind\u0259 fasil\u0259siz t\u0259chizat v\u0259 hava ax\u0131n\u0131n\u0131n h\u0259cmin\u0259 n\u0259zar\u0259tdir. O, h\u0259m\u00e7inin amortizatorun a\u00e7\u0131lmas\u0131 v\u0259 ya ba\u011flanmas\u0131 v\u0259 ya minimum\/maksimum hava ax\u0131n\u0131n\u0131n h\u0259cminin idar\u0259 edilm\u0259si kimi l\u0259\u011fvetm\u0259 i\u015f rejiml\u0259rin\u0259 d\u0259yi\u015fdiril\u0259 bil\u0259r. Kontrollerl\u0259r AC 230 V enerji t\u0259chizat\u0131 t\u0259l\u0259b edir v\u0259 elektrik t\u0259hl\u00fck\u0259sizlik elementl\u0259ri v\u0259 \u0259laq\u0259 terminallar\u0131na malikdir.<\/p>\n<p>OPTIMA-RES-A VAV t\u0259nziml\u0259yicil\u0259ri asanl\u0131qla \u00e7\u0131xar\u0131la bil\u0259n qollar\u0131 il\u0259 dair\u0259vi kanal ba\u011flant\u0131s\u0131na qura\u015fd\u0131r\u0131lm\u0131\u015fd\u0131r. Sistem qutusunda enerji t\u0259chizat\u0131 \u00fc\u00e7\u00fcn kabel ke\u00e7id diafraqmalar\u0131, t\u0259yin edilmi\u015f n\u00f6qt\u0259y\u0259 n\u0259zar\u0259t siqnal\u0131, \u0259ks \u0259laq\u0259 siqnal\u0131 v\u0259 l\u0259\u011fvedici siqnal kabell\u0259ri var. Bunlar ixtisasl\u0131 \u015f\u0259xs t\u0259r\u0259find\u0259n yerind\u0259 birl\u0259\u015fdirilir. Ya\u015fay\u0131\u015f VAV sistemi<\/p>\n<\/div>\n<\/div>\n<\/div>\n<\/div>\n<\/div>\n","protected":false},"excerpt":{"rendered":"<div>\n<p>OPTIMA-RES-A D\u0259yi\u015f\u0259n Hava H\u0259cmi N\u0259zar\u0259t\u00e7il\u0259ri<br \/>\nEffektiv ventilyasiya n\u0259zar\u0259tini t\u0259min ed\u0259n ya\u015fay\u0131\u015f VAV sistem qutusu<\/p>\n<p>Sakit \u0259m\u0259liyyat<\/p>\n<p>Kompakt<\/p>\n<p>Asan qura\u015fd\u0131rma<\/p>\n<p>Ya\u015fay\u0131\u015f \u00fc\u00e7\u00fcn istifad\u0259<\/p>\n<\/div>\n<div class=\"flex flex-col gap-200\">\n<div class=\"flex flex-col flex-wrap gap-100 md:flex-row md:items-center gtm-purchase-option\" data-gtm-name=\"size\" data-gtm-label=\"Size\">\n<p><label class=\"flex gap-050 md:w-700 leading-none hyphens-auto print:w-full print:max-w-2\/5 text-label-small\">Size<\/label><\/p>\n<div class=\"flex flex-1 flex-wrap gap-050\"><button class=\"select-btn select-btn-small select-btn-selected gtm-purchase-option-value\" type=\"button\" data-gtm-name=\"100\" data-gtm-label=\"100\">100<\/button><button class=\"select-btn select-btn-small select-btn-default gtm-purchase-option-value\" type=\"button\" data-gtm-name=\"125\" data-gtm-label=\"125\">125<\/button><button class=\"select-btn select-btn-small select-btn-default gtm-purchase-option-value\" type=\"button\" data-gtm-name=\"160\" data-gtm-label=\"160\">160<\/button><\/div>\n<\/div>\n<\/div>\n<div class=\"gtm-sku-info flex flex-col gap-y-050 text-label-tiny text-neutral-600\">\n<div class=\"flex flex-wrap items-baseline gap-x-100 gap-y-025\"><span class=\"gtm-article-name\">\u10ea-100<\/span><span class=\"whitespace-nowrap gtm-article-number text-base font-bold\">#136213<\/span><\/div>\n<\/div>\n","protected":false},"featured_media":37755,"template":"","meta":[],"product_brand":[],"product_cat":[1879,1867,1843],"product_tag":[],"class_list":{"0":"post-37760","1":"product","2":"type-product","3":"status-publish","4":"has-post-thumbnail","6":"product_cat-dyisn-hava-hcminin-nzartcilri","7":"product_cat-hava-hcmin-nzart","8":"product_cat-hava-paylayici-mhsullar","10":"first","11":"instock","12":"shipping-taxable","13":"product-type-simple"},"yoast_head":"<!-- This site is optimized with the Yoast SEO plugin v27.1.1 - https:\/\/yoast.com\/product\/yoast-seo-wordpress\/ -->\n<title>OPTIMA-RES-A D\u0259yi\u015f\u0259n Hava H\u0259cmi N\u0259zar\u0259t\u00e7il\u0259ri Effektiv ventilyasiya n\u0259zar\u0259tini t\u0259min ed\u0259n ya\u015fay\u0131\u015f VAV sistem qutusu - GeoClimate.ge<\/title>\n<meta name=\"robots\" content=\"index, follow, max-snippet:-1, max-image-preview:large, max-video-preview:-1\" \/>\n<link rel=\"canonical\" href=\"https:\/\/geoclimate.ge\/az\/product\/optima-res-a-variable-air-volume-controllers-residential-vav-system-box-providing-effective-ventilation-control\/\" \/>\n<meta property=\"og:locale\" content=\"az_AZ\" \/>\n<meta property=\"og:type\" content=\"article\" \/>\n<meta property=\"og:title\" content=\"OPTIMA-RES-A D\u0259yi\u015f\u0259n Hava H\u0259cmi N\u0259zar\u0259t\u00e7il\u0259ri Effektiv ventilyasiya n\u0259zar\u0259tini t\u0259min ed\u0259n ya\u015fay\u0131\u015f VAV sistem qutusu - GeoClimate.ge\" \/>\n<meta property=\"og:description\" content=\"OPTIMA-RES-A D\u0259yi\u015f\u0259n Hava H\u0259cmi N\u0259zar\u0259t\u00e7il\u0259ri Effektiv ventilyasiya n\u0259zar\u0259tini t\u0259min ed\u0259n ya\u015fay\u0131\u015f VAV sistem qutusu  Sakit \u0259m\u0259liyyat  Kompakt  Asan qura\u015fd\u0131rma  Ya\u015fay\u0131\u015f \u00fc\u00e7\u00fcn istifad\u0259      Size 100125160    \u10ea-100#136213\" \/>\n<meta property=\"og:url\" content=\"https:\/\/geoclimate.ge\/az\/product\/optima-res-a-variable-air-volume-controllers-residential-vav-system-box-providing-effective-ventilation-control\/\" \/>\n<meta property=\"og:site_name\" content=\"GeoClimate.ge\" \/>\n<meta property=\"article:modified_time\" content=\"2025-09-07T21:40:09+00:00\" \/>\n<meta property=\"og:image\" content=\"https:\/\/geoclimate.ge\/wp-content\/uploads\/2025\/09\/PRODUCT-MAIN-IMAGE_OPTIMA_RES_A.jpg\" \/>\n\t<meta property=\"og:image:width\" content=\"384\" \/>\n\t<meta property=\"og:image:height\" content=\"288\" \/>\n\t<meta property=\"og:image:type\" content=\"image\/jpeg\" \/>\n<meta name=\"twitter:card\" content=\"summary_large_image\" \/>\n<meta name=\"twitter:label1\" content=\"Est. reading time\" \/>\n\t<meta name=\"twitter:data1\" content=\"1 minute\" \/>\n<script type=\"application\/ld+json\" class=\"yoast-schema-graph\">{\"@context\":\"https:\/\/schema.org\",\"@graph\":[{\"@type\":\"WebPage\",\"@id\":\"https:\/\/geoclimate.ge\/az\/product\/optima-res-a-variable-air-volume-controllers-residential-vav-system-box-providing-effective-ventilation-control\/\",\"url\":\"https:\/\/geoclimate.ge\/az\/product\/optima-res-a-variable-air-volume-controllers-residential-vav-system-box-providing-effective-ventilation-control\/\",\"name\":\"OPTIMA-RES-A D\u0259yi\u015f\u0259n Hava H\u0259cmi N\u0259zar\u0259t\u00e7il\u0259ri Effektiv ventilyasiya n\u0259zar\u0259tini t\u0259min ed\u0259n ya\u015fay\u0131\u015f VAV sistem qutusu - GeoClimate.ge\",\"isPartOf\":{\"@id\":\"https:\/\/geoclimate.ge\/#website\"},\"primaryImageOfPage\":{\"@id\":\"https:\/\/geoclimate.ge\/az\/product\/optima-res-a-variable-air-volume-controllers-residential-vav-system-box-providing-effective-ventilation-control\/#primaryimage\"},\"image\":{\"@id\":\"https:\/\/geoclimate.ge\/az\/product\/optima-res-a-variable-air-volume-controllers-residential-vav-system-box-providing-effective-ventilation-control\/#primaryimage\"},\"thumbnailUrl\":\"https:\/\/geoclimate.ge\/wp-content\/uploads\/2025\/09\/PRODUCT-MAIN-IMAGE_OPTIMA_RES_A.jpg\",\"datePublished\":\"2025-09-07T21:35:42+00:00\",\"dateModified\":\"2025-09-07T21:40:09+00:00\",\"breadcrumb\":{\"@id\":\"https:\/\/geoclimate.ge\/az\/product\/optima-res-a-variable-air-volume-controllers-residential-vav-system-box-providing-effective-ventilation-control\/#breadcrumb\"},\"inLanguage\":\"az\",\"potentialAction\":[{\"@type\":\"ReadAction\",\"target\":[\"https:\/\/geoclimate.ge\/az\/product\/optima-res-a-variable-air-volume-controllers-residential-vav-system-box-providing-effective-ventilation-control\/\"]}]},{\"@type\":\"ImageObject\",\"inLanguage\":\"az\",\"@id\":\"https:\/\/geoclimate.ge\/az\/product\/optima-res-a-variable-air-volume-controllers-residential-vav-system-box-providing-effective-ventilation-control\/#primaryimage\",\"url\":\"https:\/\/geoclimate.ge\/wp-content\/uploads\/2025\/09\/PRODUCT-MAIN-IMAGE_OPTIMA_RES_A.jpg\",\"contentUrl\":\"https:\/\/geoclimate.ge\/wp-content\/uploads\/2025\/09\/PRODUCT-MAIN-IMAGE_OPTIMA_RES_A.jpg\",\"width\":384,\"height\":288},{\"@type\":\"BreadcrumbList\",\"@id\":\"https:\/\/geoclimate.ge\/az\/product\/optima-res-a-variable-air-volume-controllers-residential-vav-system-box-providing-effective-ventilation-control\/#breadcrumb\",\"itemListElement\":[{\"@type\":\"ListItem\",\"position\":1,\"name\":\"Home\",\"item\":\"https:\/\/geoclimate.ge\/az\/\"},{\"@type\":\"ListItem\",\"position\":2,\"name\":\"M\u0259hsullar\",\"item\":\"https:\/\/geoclimate.ge\/az\/products\/\"},{\"@type\":\"ListItem\",\"position\":3,\"name\":\"OPTIMA-RES-A D\u0259yi\u015f\u0259n Hava H\u0259cmi N\u0259zar\u0259t\u00e7il\u0259ri Effektiv ventilyasiya n\u0259zar\u0259tini t\u0259min ed\u0259n ya\u015fay\u0131\u015f VAV sistem qutusu\"}]},{\"@type\":\"WebSite\",\"@id\":\"https:\/\/geoclimate.ge\/#website\",\"url\":\"https:\/\/geoclimate.ge\/\",\"name\":\"GeoClimate\",\"description\":\"\",\"publisher\":{\"@id\":\"https:\/\/geoclimate.ge\/#organization\"},\"potentialAction\":[{\"@type\":\"SearchAction\",\"target\":{\"@type\":\"EntryPoint\",\"urlTemplate\":\"https:\/\/geoclimate.ge\/?s={search_term_string}\"},\"query-input\":{\"@type\":\"PropertyValueSpecification\",\"valueRequired\":true,\"valueName\":\"search_term_string\"}}],\"inLanguage\":\"az\"},{\"@type\":\"Organization\",\"@id\":\"https:\/\/geoclimate.ge\/#organization\",\"name\":\"GeoClimate\",\"url\":\"https:\/\/geoclimate.ge\/\",\"logo\":{\"@type\":\"ImageObject\",\"inLanguage\":\"az\",\"@id\":\"https:\/\/geoclimate.ge\/#\/schema\/logo\/image\/\",\"url\":\"https:\/\/geoclimate.ge\/wp-content\/uploads\/2026\/03\/geoclimate-SEO.png\",\"contentUrl\":\"https:\/\/geoclimate.ge\/wp-content\/uploads\/2026\/03\/geoclimate-SEO.png\",\"width\":1536,\"height\":1024,\"caption\":\"GeoClimate\"},\"image\":{\"@id\":\"https:\/\/geoclimate.ge\/#\/schema\/logo\/image\/\"}}]}<\/script>\n<!-- \/ Yoast SEO plugin. -->","yoast_head_json":{"title":"OPTIMA-RES-A D\u0259yi\u015f\u0259n Hava H\u0259cmi N\u0259zar\u0259t\u00e7il\u0259ri Effektiv ventilyasiya n\u0259zar\u0259tini t\u0259min ed\u0259n ya\u015fay\u0131\u015f VAV sistem qutusu - GeoClimate.ge","robots":{"index":"index","follow":"follow","max-snippet":"max-snippet:-1","max-image-preview":"max-image-preview:large","max-video-preview":"max-video-preview:-1"},"canonical":"https:\/\/geoclimate.ge\/az\/product\/optima-res-a-variable-air-volume-controllers-residential-vav-system-box-providing-effective-ventilation-control\/","og_locale":"az_AZ","og_type":"article","og_title":"OPTIMA-RES-A D\u0259yi\u015f\u0259n Hava H\u0259cmi N\u0259zar\u0259t\u00e7il\u0259ri Effektiv ventilyasiya n\u0259zar\u0259tini t\u0259min ed\u0259n ya\u015fay\u0131\u015f VAV sistem qutusu - GeoClimate.ge","og_description":"OPTIMA-RES-A D\u0259yi\u015f\u0259n Hava H\u0259cmi N\u0259zar\u0259t\u00e7il\u0259ri Effektiv ventilyasiya n\u0259zar\u0259tini t\u0259min ed\u0259n ya\u015fay\u0131\u015f VAV sistem qutusu  Sakit \u0259m\u0259liyyat  Kompakt  Asan qura\u015fd\u0131rma  Ya\u015fay\u0131\u015f \u00fc\u00e7\u00fcn istifad\u0259      Size 100125160    \u10ea-100#136213","og_url":"https:\/\/geoclimate.ge\/az\/product\/optima-res-a-variable-air-volume-controllers-residential-vav-system-box-providing-effective-ventilation-control\/","og_site_name":"GeoClimate.ge","article_modified_time":"2025-09-07T21:40:09+00:00","og_image":[{"width":384,"height":288,"url":"https:\/\/geoclimate.ge\/wp-content\/uploads\/2025\/09\/PRODUCT-MAIN-IMAGE_OPTIMA_RES_A.jpg","type":"image\/jpeg"}],"twitter_card":"summary_large_image","twitter_misc":{"Est. reading time":"1 minute"},"schema":{"@context":"https:\/\/schema.org","@graph":[{"@type":"WebPage","@id":"https:\/\/geoclimate.ge\/az\/product\/optima-res-a-variable-air-volume-controllers-residential-vav-system-box-providing-effective-ventilation-control\/","url":"https:\/\/geoclimate.ge\/az\/product\/optima-res-a-variable-air-volume-controllers-residential-vav-system-box-providing-effective-ventilation-control\/","name":"OPTIMA-RES-A D\u0259yi\u015f\u0259n Hava H\u0259cmi N\u0259zar\u0259t\u00e7il\u0259ri Effektiv ventilyasiya n\u0259zar\u0259tini t\u0259min ed\u0259n ya\u015fay\u0131\u015f VAV sistem qutusu - GeoClimate.ge","isPartOf":{"@id":"https:\/\/geoclimate.ge\/#website"},"primaryImageOfPage":{"@id":"https:\/\/geoclimate.ge\/az\/product\/optima-res-a-variable-air-volume-controllers-residential-vav-system-box-providing-effective-ventilation-control\/#primaryimage"},"image":{"@id":"https:\/\/geoclimate.ge\/az\/product\/optima-res-a-variable-air-volume-controllers-residential-vav-system-box-providing-effective-ventilation-control\/#primaryimage"},"thumbnailUrl":"https:\/\/geoclimate.ge\/wp-content\/uploads\/2025\/09\/PRODUCT-MAIN-IMAGE_OPTIMA_RES_A.jpg","datePublished":"2025-09-07T21:35:42+00:00","dateModified":"2025-09-07T21:40:09+00:00","breadcrumb":{"@id":"https:\/\/geoclimate.ge\/az\/product\/optima-res-a-variable-air-volume-controllers-residential-vav-system-box-providing-effective-ventilation-control\/#breadcrumb"},"inLanguage":"az","potentialAction":[{"@type":"ReadAction","target":["https:\/\/geoclimate.ge\/az\/product\/optima-res-a-variable-air-volume-controllers-residential-vav-system-box-providing-effective-ventilation-control\/"]}]},{"@type":"ImageObject","inLanguage":"az","@id":"https:\/\/geoclimate.ge\/az\/product\/optima-res-a-variable-air-volume-controllers-residential-vav-system-box-providing-effective-ventilation-control\/#primaryimage","url":"https:\/\/geoclimate.ge\/wp-content\/uploads\/2025\/09\/PRODUCT-MAIN-IMAGE_OPTIMA_RES_A.jpg","contentUrl":"https:\/\/geoclimate.ge\/wp-content\/uploads\/2025\/09\/PRODUCT-MAIN-IMAGE_OPTIMA_RES_A.jpg","width":384,"height":288},{"@type":"BreadcrumbList","@id":"https:\/\/geoclimate.ge\/az\/product\/optima-res-a-variable-air-volume-controllers-residential-vav-system-box-providing-effective-ventilation-control\/#breadcrumb","itemListElement":[{"@type":"ListItem","position":1,"name":"Home","item":"https:\/\/geoclimate.ge\/az\/"},{"@type":"ListItem","position":2,"name":"M\u0259hsullar","item":"https:\/\/geoclimate.ge\/az\/products\/"},{"@type":"ListItem","position":3,"name":"OPTIMA-RES-A D\u0259yi\u015f\u0259n Hava H\u0259cmi N\u0259zar\u0259t\u00e7il\u0259ri Effektiv ventilyasiya n\u0259zar\u0259tini t\u0259min ed\u0259n ya\u015fay\u0131\u015f VAV sistem qutusu"}]},{"@type":"WebSite","@id":"https:\/\/geoclimate.ge\/#website","url":"https:\/\/geoclimate.ge\/","name":"GeoClimate","description":"","publisher":{"@id":"https:\/\/geoclimate.ge\/#organization"},"potentialAction":[{"@type":"SearchAction","target":{"@type":"EntryPoint","urlTemplate":"https:\/\/geoclimate.ge\/?s={search_term_string}"},"query-input":{"@type":"PropertyValueSpecification","valueRequired":true,"valueName":"search_term_string"}}],"inLanguage":"az"},{"@type":"Organization","@id":"https:\/\/geoclimate.ge\/#organization","name":"GeoClimate","url":"https:\/\/geoclimate.ge\/","logo":{"@type":"ImageObject","inLanguage":"az","@id":"https:\/\/geoclimate.ge\/#\/schema\/logo\/image\/","url":"https:\/\/geoclimate.ge\/wp-content\/uploads\/2026\/03\/geoclimate-SEO.png","contentUrl":"https:\/\/geoclimate.ge\/wp-content\/uploads\/2026\/03\/geoclimate-SEO.png","width":1536,"height":1024,"caption":"GeoClimate"},"image":{"@id":"https:\/\/geoclimate.ge\/#\/schema\/logo\/image\/"}}]}},"_links":{"self":[{"href":"https:\/\/geoclimate.ge\/az\/wp-json\/wp\/v2\/product\/37760","targetHints":{"allow":["GET"]}}],"collection":[{"href":"https:\/\/geoclimate.ge\/az\/wp-json\/wp\/v2\/product"}],"about":[{"href":"https:\/\/geoclimate.ge\/az\/wp-json\/wp\/v2\/types\/product"}],"wp:featuredmedia":[{"embeddable":true,"href":"https:\/\/geoclimate.ge\/az\/wp-json\/wp\/v2\/media\/37755"}],"wp:attachment":[{"href":"https:\/\/geoclimate.ge\/az\/wp-json\/wp\/v2\/media?parent=37760"}],"wp:term":[{"taxonomy":"product_brand","embeddable":true,"href":"https:\/\/geoclimate.ge\/az\/wp-json\/wp\/v2\/product_brand?post=37760"},{"taxonomy":"product_cat","embeddable":true,"href":"https:\/\/geoclimate.ge\/az\/wp-json\/wp\/v2\/product_cat?post=37760"},{"taxonomy":"product_tag","embeddable":true,"href":"https:\/\/geoclimate.ge\/az\/wp-json\/wp\/v2\/product_tag?post=37760"}],"curies":[{"name":"wp","href":"https:\/\/api.w.org\/{rel}","templated":true}]}}