{"id":37958,"date":"2025-09-08T17:49:55","date_gmt":"2025-09-08T13:49:55","guid":{"rendered":"https:\/\/airsystems.ge\/shop\/product\/37932\/"},"modified":"2025-09-08T17:57:18","modified_gmt":"2025-09-08T13:57:18","slug":"37932","status":"publish","type":"product","link":"https:\/\/geoclimate.ge\/az\/product\/37932\/","title":{"rendered":"OV-X Transfer B\u00f6lm\u0259l\u0259ri D\u00fczbucaql\u0131 divar hava \u00f6t\u00fcrm\u0259 cihaz\u0131"},"content":{"rendered":"<div class=\"mb-400 gtm-product-section container-fluid\" data-gtm-name=\"Benefits\" data-gtm-label=\"Benefits (en)\" data-gtm-vis-first-on-screen53434917_103=\"42148\" data-gtm-vis-total-visible-time53434917_103=\"1500\" data-gtm-vis-recent-on-screen53434917_103=\"118171\" data-gtm-vis-has-fired53434917_103=\"1\">\n<div class=\"row\">\n<div class=\"content-element content-element-product-benefit col-12 sm:col-6 mb-400\">\n<div class=\"bg-card px-300 py-250 mobile-nav:px-200 mobile-nav:py-150 h-full flex overflow-hidden card-border\">\n<div class=\"min-w-0\">\n<h2 class=\"mb-100 h3\"><img loading=\"lazy\" decoding=\"async\" class=\"alignnone size-full wp-image-37951\" src=\"https:\/\/airsystems.ge\/shop\/wp-content\/uploads\/2025\/09\/filters_quality80-36.webp\" alt=\"\" width=\"1920\" height=\"648\" srcset=\"https:\/\/geoclimate.ge\/wp-content\/uploads\/2025\/09\/filters_quality80-36.webp 1920w, https:\/\/geoclimate.ge\/wp-content\/uploads\/2025\/09\/filters_quality80-36-400x135.webp 400w, https:\/\/geoclimate.ge\/wp-content\/uploads\/2025\/09\/filters_quality80-36-1300x439.webp 1300w, https:\/\/geoclimate.ge\/wp-content\/uploads\/2025\/09\/filters_quality80-36-768x259.webp 768w, https:\/\/geoclimate.ge\/wp-content\/uploads\/2025\/09\/filters_quality80-36-1536x518.webp 1536w, https:\/\/geoclimate.ge\/wp-content\/uploads\/2025\/09\/filters_quality80-36-860x290.webp 860w, https:\/\/geoclimate.ge\/wp-content\/uploads\/2025\/09\/filters_quality80-36-430x145.webp 430w, https:\/\/geoclimate.ge\/wp-content\/uploads\/2025\/09\/filters_quality80-36-700x236.webp 700w, https:\/\/geoclimate.ge\/wp-content\/uploads\/2025\/09\/filters_quality80-36-150x51.webp 150w\" sizes=\"auto, (max-width: 1920px) 100vw, 1920px\" \/><\/h2>\n<p><strong>Akustik T\u0259kmill\u0259\u015fdirm\u0259<\/strong><br \/>\nH\u0259r iki \u00f6n panel i\u00e7\u0259rid\u0259n akustik \u00f6rt\u00fckl\u0259 t\u0259chiz edilmi\u015fdir. Bu funksiya ikili m\u0259qs\u0259d\u0259 xidm\u0259t edir: o, cihaz\u0131n akustik performans\u0131n\u0131 art\u0131r\u0131r, s\u0259s-k\u00fcy\u00fc minimuma endirir v\u0259 daha xo\u015f daxili m\u00fchit\u0259 t\u00f6hf\u0259 verir.<\/p>\n<p><strong>Tikinti<\/strong><br \/>\nCihaz poladdan haz\u0131rlanm\u0131\u015f davaml\u0131 konstruksiyaya malikdir. Material\u0131n bu se\u00e7imi t\u0259kc\u0259 uzun\u00f6m\u00fcrl\u00fcl\u00fcy\u00fc t\u0259min etmir, h\u0259m d\u0259 OV-X-in \u00fcmumi m\u00f6hk\u0259mliyin\u0259 t\u00f6hf\u0259 verir.<\/p>\n<p><strong>S\u0259m\u0259r\u0259lilik<\/strong><br \/>\nOV-X hava \u00f6t\u00fcrm\u0259 s\u0259m\u0259r\u0259liliyind\u0259 g\u00fcz\u0259\u015ft\u0259 getmir. Otaqlar aras\u0131nda hava m\u00fcbadil\u0259sinin h\u0259m effektiv, h\u0259m d\u0259 q\u00fcsursuz olmas\u0131n\u0131 t\u0259min ed\u0259r\u0259k, a\u015fa\u011f\u0131 hava \u00f6t\u00fcrm\u0259 m\u00fcqavim\u0259tini saxlamaq \u00fc\u00e7\u00fcn n\u0259z\u0259rd\u0259 tutulmu\u015fdur.<\/p>\n<p>OV-X, x\u00fcsusil\u0259 ya\u015fay\u0131\u015f yerl\u0259rind\u0259, otell\u0259rd\u0259, ofisl\u0259rd\u0259 v\u0259 s. t\u0259tbiql\u0259r \u00fc\u00e7\u00fcn haz\u0131rlanm\u0131\u015f s\u0259m\u0259r\u0259li hava \u00f6t\u00fcrm\u0259 cihaz\u0131 kimi xidm\u0259t edir. Onun \u0259sas funksiyas\u0131 biti\u015fik otaqlar aras\u0131nda rahat hava m\u00fcbadil\u0259sini t\u0259min etm\u0259kdir.<\/p>\n<p>OV-X iki \u0259sas komponentd\u0259n ibar\u0259tdir &#8211; iki montaj \u00e7\u0259r\u00e7iv\u0259si v\u0259 iki \u00f6n panel. Bu komponentl\u0259r vahid v\u0259 effektiv hava \u00f6t\u00fcrm\u0259 sistemi yaratmaq \u00fc\u00e7\u00fcn harmoniya il\u0259 i\u015fl\u0259yir.<\/p>\n<p><strong>Sifari\u015finiz, t\u0259rziniz!<\/strong><br \/>\nM\u0259hsulumuz sizin se\u00e7iml\u0259riniz\u0259 uy\u011funla\u015fd\u0131r\u0131la bil\u0259r v\u0259 estetik bax\u0131\u015f\u0131n\u0131za m\u00fck\u0259mm\u0259l uy\u011funla\u015fmaq \u00fc\u00e7\u00fcn onu ist\u0259nil\u0259n RAL kodu s\u0259thi il\u0259 sifari\u015f etm\u0259y\u0259 imkan verir.<\/p>\n<\/div>\n<\/div>\n<\/div>\n<\/div>\n<\/div>\n","protected":false},"excerpt":{"rendered":"<div>\n<p>OV-X Transfer B\u00f6lm\u0259l\u0259ri<br \/>\nD\u00fczbucaql\u0131 divar hava \u00f6t\u00fcrm\u0259 cihaz\u0131<\/p>\n<p>M\u00f6ht\u0259\u015f\u0259m s\u0259s z\u0259ifl\u0259m\u0259si<\/p>\n<p>\u018fm\u0259liyyat zaman\u0131 yaranan a\u015fa\u011f\u0131 s\u0259s s\u0259viyy\u0259si<\/p>\n<p>A\u015fa\u011f\u0131 hava \u00f6t\u00fcrm\u0259 m\u00fcqavim\u0259ti<\/p>\n<p>G\u00f6z\u0259 \u00e7arpmayan, inc\u0259 v\u0259 y\u0131\u011fcam dizayn<\/p>\n<p>Asan v\u0259 s\u00fcr\u0259tli qura\u015fd\u0131rma<\/p>\n<\/div>\n<div>\n<div class=\"dropdown-wrapper\"><select class=\"form-dropdown form-input\"><option value=\"161937\">OV-X-300-SW<\/option><option value=\"161938\">OV-X-500-SW<\/option><option value=\"161939\">OV-X-700-SW<\/option><option value=\"161940\">OV-X-850-SW<\/option><\/select><\/div>\n<\/div>\n<div class=\"gtm-sku-info flex flex-col gap-y-050 text-label-tiny text-neutral-600\">\n<div class=\"flex flex-wrap items-baseline gap-x-100 gap-y-025\"><span class=\"gtm-article-name\">OV-X-300-SW<\/span><span class=\"whitespace-nowrap gtm-article-number text-base font-bold\">#161937<\/span><\/div>\n<\/div>\n","protected":false},"featured_media":37935,"template":"","meta":[],"product_brand":[],"product_cat":[1896,1843,1947,1944],"product_tag":[],"class_list":{"0":"post-37958","1":"product","2":"type-product","3":"status-publish","4":"has-post-thumbnail","6":"product_cat-diffuzor-havalandirma-ucun-diffuzorlar","7":"product_cat-hava-paylayici-mhsullar","8":"product_cat-ov-kocurm-vahidlri","9":"product_cat-transfer-vahidlri","11":"first","12":"instock","13":"shipping-taxable","14":"product-type-simple"},"yoast_head":"<!-- This site is optimized with the Yoast SEO plugin v27.1.1 - https:\/\/yoast.com\/product\/yoast-seo-wordpress\/ -->\n<title>OV-X Transfer B\u00f6lm\u0259l\u0259ri D\u00fczbucaql\u0131 divar hava \u00f6t\u00fcrm\u0259 cihaz\u0131 - GeoClimate.ge<\/title>\n<meta name=\"robots\" content=\"index, follow, max-snippet:-1, max-image-preview:large, max-video-preview:-1\" \/>\n<link rel=\"canonical\" href=\"https:\/\/geoclimate.ge\/az\/product\/37932\/\" \/>\n<meta property=\"og:locale\" content=\"az_AZ\" \/>\n<meta property=\"og:type\" content=\"article\" \/>\n<meta property=\"og:title\" content=\"OV-X Transfer B\u00f6lm\u0259l\u0259ri D\u00fczbucaql\u0131 divar hava \u00f6t\u00fcrm\u0259 cihaz\u0131 - GeoClimate.ge\" \/>\n<meta property=\"og:description\" content=\"OV-X Transfer B\u00f6lm\u0259l\u0259ri D\u00fczbucaql\u0131 divar hava \u00f6t\u00fcrm\u0259 cihaz\u0131  M\u00f6ht\u0259\u015f\u0259m s\u0259s z\u0259ifl\u0259m\u0259si  \u018fm\u0259liyyat zaman\u0131 yaranan a\u015fa\u011f\u0131 s\u0259s s\u0259viyy\u0259si  A\u015fa\u011f\u0131 hava \u00f6t\u00fcrm\u0259 m\u00fcqavim\u0259ti  G\u00f6z\u0259 \u00e7arpmayan, inc\u0259 v\u0259 y\u0131\u011fcam dizayn  Asan v\u0259 s\u00fcr\u0259tli qura\u015fd\u0131rma     OV-X-300-SW OV-X-500-SW OV-X-700-SW OV-X-850-SW    OV-X-300-SW#161937\" \/>\n<meta property=\"og:url\" content=\"https:\/\/geoclimate.ge\/az\/product\/37932\/\" \/>\n<meta property=\"og:site_name\" content=\"GeoClimate.ge\" \/>\n<meta property=\"article:modified_time\" content=\"2025-09-08T13:57:18+00:00\" \/>\n<meta property=\"og:image\" content=\"https:\/\/geoclimate.ge\/wp-content\/uploads\/2025\/09\/OV-X-300-SW_HQ.jpg\" \/>\n\t<meta property=\"og:image:width\" content=\"384\" \/>\n\t<meta property=\"og:image:height\" content=\"240\" \/>\n\t<meta property=\"og:image:type\" content=\"image\/jpeg\" \/>\n<meta name=\"twitter:card\" content=\"summary_large_image\" \/>\n<meta name=\"twitter:label1\" content=\"Est. reading time\" \/>\n\t<meta name=\"twitter:data1\" content=\"1 minute\" \/>\n<script type=\"application\/ld+json\" class=\"yoast-schema-graph\">{\"@context\":\"https:\/\/schema.org\",\"@graph\":[{\"@type\":\"WebPage\",\"@id\":\"https:\/\/geoclimate.ge\/az\/product\/37932\/\",\"url\":\"https:\/\/geoclimate.ge\/az\/product\/37932\/\",\"name\":\"OV-X Transfer B\u00f6lm\u0259l\u0259ri D\u00fczbucaql\u0131 divar hava \u00f6t\u00fcrm\u0259 cihaz\u0131 - GeoClimate.ge\",\"isPartOf\":{\"@id\":\"https:\/\/geoclimate.ge\/#website\"},\"primaryImageOfPage\":{\"@id\":\"https:\/\/geoclimate.ge\/az\/product\/37932\/#primaryimage\"},\"image\":{\"@id\":\"https:\/\/geoclimate.ge\/az\/product\/37932\/#primaryimage\"},\"thumbnailUrl\":\"https:\/\/geoclimate.ge\/wp-content\/uploads\/2025\/09\/OV-X-300-SW_HQ.jpg\",\"datePublished\":\"2025-09-08T13:49:55+00:00\",\"dateModified\":\"2025-09-08T13:57:18+00:00\",\"breadcrumb\":{\"@id\":\"https:\/\/geoclimate.ge\/az\/product\/37932\/#breadcrumb\"},\"inLanguage\":\"az\",\"potentialAction\":[{\"@type\":\"ReadAction\",\"target\":[\"https:\/\/geoclimate.ge\/az\/product\/37932\/\"]}]},{\"@type\":\"ImageObject\",\"inLanguage\":\"az\",\"@id\":\"https:\/\/geoclimate.ge\/az\/product\/37932\/#primaryimage\",\"url\":\"https:\/\/geoclimate.ge\/wp-content\/uploads\/2025\/09\/OV-X-300-SW_HQ.jpg\",\"contentUrl\":\"https:\/\/geoclimate.ge\/wp-content\/uploads\/2025\/09\/OV-X-300-SW_HQ.jpg\",\"width\":384,\"height\":240},{\"@type\":\"BreadcrumbList\",\"@id\":\"https:\/\/geoclimate.ge\/az\/product\/37932\/#breadcrumb\",\"itemListElement\":[{\"@type\":\"ListItem\",\"position\":1,\"name\":\"Home\",\"item\":\"https:\/\/geoclimate.ge\/az\/\"},{\"@type\":\"ListItem\",\"position\":2,\"name\":\"M\u0259hsullar\",\"item\":\"https:\/\/geoclimate.ge\/az\/products\/\"},{\"@type\":\"ListItem\",\"position\":3,\"name\":\"OV-X Transfer B\u00f6lm\u0259l\u0259ri D\u00fczbucaql\u0131 divar hava \u00f6t\u00fcrm\u0259 cihaz\u0131\"}]},{\"@type\":\"WebSite\",\"@id\":\"https:\/\/geoclimate.ge\/#website\",\"url\":\"https:\/\/geoclimate.ge\/\",\"name\":\"GeoClimate\",\"description\":\"\",\"publisher\":{\"@id\":\"https:\/\/geoclimate.ge\/#organization\"},\"potentialAction\":[{\"@type\":\"SearchAction\",\"target\":{\"@type\":\"EntryPoint\",\"urlTemplate\":\"https:\/\/geoclimate.ge\/?s={search_term_string}\"},\"query-input\":{\"@type\":\"PropertyValueSpecification\",\"valueRequired\":true,\"valueName\":\"search_term_string\"}}],\"inLanguage\":\"az\"},{\"@type\":\"Organization\",\"@id\":\"https:\/\/geoclimate.ge\/#organization\",\"name\":\"GeoClimate\",\"url\":\"https:\/\/geoclimate.ge\/\",\"logo\":{\"@type\":\"ImageObject\",\"inLanguage\":\"az\",\"@id\":\"https:\/\/geoclimate.ge\/#\/schema\/logo\/image\/\",\"url\":\"https:\/\/geoclimate.ge\/wp-content\/uploads\/2026\/03\/geoclimate-SEO.png\",\"contentUrl\":\"https:\/\/geoclimate.ge\/wp-content\/uploads\/2026\/03\/geoclimate-SEO.png\",\"width\":1536,\"height\":1024,\"caption\":\"GeoClimate\"},\"image\":{\"@id\":\"https:\/\/geoclimate.ge\/#\/schema\/logo\/image\/\"}}]}<\/script>\n<!-- \/ Yoast SEO plugin. -->","yoast_head_json":{"title":"OV-X Transfer B\u00f6lm\u0259l\u0259ri D\u00fczbucaql\u0131 divar hava \u00f6t\u00fcrm\u0259 cihaz\u0131 - GeoClimate.ge","robots":{"index":"index","follow":"follow","max-snippet":"max-snippet:-1","max-image-preview":"max-image-preview:large","max-video-preview":"max-video-preview:-1"},"canonical":"https:\/\/geoclimate.ge\/az\/product\/37932\/","og_locale":"az_AZ","og_type":"article","og_title":"OV-X Transfer B\u00f6lm\u0259l\u0259ri D\u00fczbucaql\u0131 divar hava \u00f6t\u00fcrm\u0259 cihaz\u0131 - GeoClimate.ge","og_description":"OV-X Transfer B\u00f6lm\u0259l\u0259ri D\u00fczbucaql\u0131 divar hava \u00f6t\u00fcrm\u0259 cihaz\u0131  M\u00f6ht\u0259\u015f\u0259m s\u0259s z\u0259ifl\u0259m\u0259si  \u018fm\u0259liyyat zaman\u0131 yaranan a\u015fa\u011f\u0131 s\u0259s s\u0259viyy\u0259si  A\u015fa\u011f\u0131 hava \u00f6t\u00fcrm\u0259 m\u00fcqavim\u0259ti  G\u00f6z\u0259 \u00e7arpmayan, inc\u0259 v\u0259 y\u0131\u011fcam dizayn  Asan v\u0259 s\u00fcr\u0259tli qura\u015fd\u0131rma     OV-X-300-SW OV-X-500-SW OV-X-700-SW OV-X-850-SW    OV-X-300-SW#161937","og_url":"https:\/\/geoclimate.ge\/az\/product\/37932\/","og_site_name":"GeoClimate.ge","article_modified_time":"2025-09-08T13:57:18+00:00","og_image":[{"width":384,"height":240,"url":"https:\/\/geoclimate.ge\/wp-content\/uploads\/2025\/09\/OV-X-300-SW_HQ.jpg","type":"image\/jpeg"}],"twitter_card":"summary_large_image","twitter_misc":{"Est. reading time":"1 minute"},"schema":{"@context":"https:\/\/schema.org","@graph":[{"@type":"WebPage","@id":"https:\/\/geoclimate.ge\/az\/product\/37932\/","url":"https:\/\/geoclimate.ge\/az\/product\/37932\/","name":"OV-X Transfer B\u00f6lm\u0259l\u0259ri D\u00fczbucaql\u0131 divar hava \u00f6t\u00fcrm\u0259 cihaz\u0131 - GeoClimate.ge","isPartOf":{"@id":"https:\/\/geoclimate.ge\/#website"},"primaryImageOfPage":{"@id":"https:\/\/geoclimate.ge\/az\/product\/37932\/#primaryimage"},"image":{"@id":"https:\/\/geoclimate.ge\/az\/product\/37932\/#primaryimage"},"thumbnailUrl":"https:\/\/geoclimate.ge\/wp-content\/uploads\/2025\/09\/OV-X-300-SW_HQ.jpg","datePublished":"2025-09-08T13:49:55+00:00","dateModified":"2025-09-08T13:57:18+00:00","breadcrumb":{"@id":"https:\/\/geoclimate.ge\/az\/product\/37932\/#breadcrumb"},"inLanguage":"az","potentialAction":[{"@type":"ReadAction","target":["https:\/\/geoclimate.ge\/az\/product\/37932\/"]}]},{"@type":"ImageObject","inLanguage":"az","@id":"https:\/\/geoclimate.ge\/az\/product\/37932\/#primaryimage","url":"https:\/\/geoclimate.ge\/wp-content\/uploads\/2025\/09\/OV-X-300-SW_HQ.jpg","contentUrl":"https:\/\/geoclimate.ge\/wp-content\/uploads\/2025\/09\/OV-X-300-SW_HQ.jpg","width":384,"height":240},{"@type":"BreadcrumbList","@id":"https:\/\/geoclimate.ge\/az\/product\/37932\/#breadcrumb","itemListElement":[{"@type":"ListItem","position":1,"name":"Home","item":"https:\/\/geoclimate.ge\/az\/"},{"@type":"ListItem","position":2,"name":"M\u0259hsullar","item":"https:\/\/geoclimate.ge\/az\/products\/"},{"@type":"ListItem","position":3,"name":"OV-X Transfer B\u00f6lm\u0259l\u0259ri D\u00fczbucaql\u0131 divar hava \u00f6t\u00fcrm\u0259 cihaz\u0131"}]},{"@type":"WebSite","@id":"https:\/\/geoclimate.ge\/#website","url":"https:\/\/geoclimate.ge\/","name":"GeoClimate","description":"","publisher":{"@id":"https:\/\/geoclimate.ge\/#organization"},"potentialAction":[{"@type":"SearchAction","target":{"@type":"EntryPoint","urlTemplate":"https:\/\/geoclimate.ge\/?s={search_term_string}"},"query-input":{"@type":"PropertyValueSpecification","valueRequired":true,"valueName":"search_term_string"}}],"inLanguage":"az"},{"@type":"Organization","@id":"https:\/\/geoclimate.ge\/#organization","name":"GeoClimate","url":"https:\/\/geoclimate.ge\/","logo":{"@type":"ImageObject","inLanguage":"az","@id":"https:\/\/geoclimate.ge\/#\/schema\/logo\/image\/","url":"https:\/\/geoclimate.ge\/wp-content\/uploads\/2026\/03\/geoclimate-SEO.png","contentUrl":"https:\/\/geoclimate.ge\/wp-content\/uploads\/2026\/03\/geoclimate-SEO.png","width":1536,"height":1024,"caption":"GeoClimate"},"image":{"@id":"https:\/\/geoclimate.ge\/#\/schema\/logo\/image\/"}}]}},"_links":{"self":[{"href":"https:\/\/geoclimate.ge\/az\/wp-json\/wp\/v2\/product\/37958","targetHints":{"allow":["GET"]}}],"collection":[{"href":"https:\/\/geoclimate.ge\/az\/wp-json\/wp\/v2\/product"}],"about":[{"href":"https:\/\/geoclimate.ge\/az\/wp-json\/wp\/v2\/types\/product"}],"wp:featuredmedia":[{"embeddable":true,"href":"https:\/\/geoclimate.ge\/az\/wp-json\/wp\/v2\/media\/37935"}],"wp:attachment":[{"href":"https:\/\/geoclimate.ge\/az\/wp-json\/wp\/v2\/media?parent=37958"}],"wp:term":[{"taxonomy":"product_brand","embeddable":true,"href":"https:\/\/geoclimate.ge\/az\/wp-json\/wp\/v2\/product_brand?post=37958"},{"taxonomy":"product_cat","embeddable":true,"href":"https:\/\/geoclimate.ge\/az\/wp-json\/wp\/v2\/product_cat?post=37958"},{"taxonomy":"product_tag","embeddable":true,"href":"https:\/\/geoclimate.ge\/az\/wp-json\/wp\/v2\/product_tag?post=37958"}],"curies":[{"name":"wp","href":"https:\/\/api.w.org\/{rel}","templated":true}]}}