{"id":38038,"date":"2025-09-08T18:35:02","date_gmt":"2025-09-08T14:35:02","guid":{"rendered":"https:\/\/airsystems.ge\/shop\/product\/vvt-variable-geometry-diffusers-adjustable-swirl-ceiling-diffuser-for-effective-air-supply-in-working-areas\/"},"modified":"2025-09-08T18:39:31","modified_gmt":"2025-09-08T14:39:31","slug":"vvt-variable-geometry-diffusers-adjustable-swirl-ceiling-diffuser-for-effective-air-supply-in-working-areas","status":"publish","type":"product","link":"https:\/\/geoclimate.ge\/az\/product\/vvt-variable-geometry-diffusers-adjustable-swirl-ceiling-diffuser-for-effective-air-supply-in-working-areas\/","title":{"rendered":"VVT D\u0259yi\u015f\u0259n H\u0259nd\u0259s\u0259 Diffuzorlar\u0131 \u0130\u015f yerl\u0259rind\u0259 effektiv hava t\u0259chizat\u0131 \u00fc\u00e7\u00fcn t\u0259nziml\u0259n\u0259n burul\u011fanl\u0131 tavan diffuzoru"},"content":{"rendered":"<div class=\"mb-400 gtm-product-section container-fluid\" data-gtm-name=\"Benefits\" data-gtm-label=\"Benefits (en)\" data-gtm-vis-first-on-screen53434917_103=\"40410\" data-gtm-vis-total-visible-time53434917_103=\"1500\" data-gtm-vis-has-fired53434917_103=\"1\">\n<div class=\"row\">\n<div class=\"content-element content-element-product-benefit col-12 sm:col-6 mb-400\">\n<div class=\"bg-card px-300 py-250 mobile-nav:px-200 mobile-nav:py-150 h-full flex overflow-hidden card-border\">\n<div class=\"min-w-0\">\n<p><strong>G\u00fccl\u00fc Hava Qar\u0131\u015f\u0131\u011f\u0131<\/strong><br \/>\nVVT diffuzorunun burul\u011fan \u00e7\u0131x\u0131\u015f\u0131 havan\u0131n intensiv qar\u0131\u015fmas\u0131n\u0131 m\u00fcmk\u00fcn edir.<\/p>\n<p>&nbsp;<\/p>\n<p><strong>Avtomatik t\u0259nziml\u0259m\u0259<\/strong><br \/>\nVVT diffuzoru avtomatik t\u0259nziml\u0259m\u0259y\u0259 malikdir v\u0259 \u0259lav\u0259 enerji t\u0259chizat\u0131 t\u0259l\u0259b etmir.<\/p>\n<p><strong>Hava Paylay\u0131c\u0131 Sistem<\/strong><br \/>\nVWT burul\u011fan diffuzorunu plenum qutusu olan hava paylama sistemin\u0259 qo\u015fmaq m\u00fcmk\u00fcnd\u00fcr.<\/p>\n<p>&nbsp;<\/p>\n<p>Termostatik t\u0259nziml\u0259m\u0259 v\u0259 sabit b\u0131\u00e7aqlar\u0131 olan VVT burul\u011fanl\u0131 tavan diffuzoru hava t\u0259chizat\u0131 \u00fc\u00e7\u00fcn yax\u015f\u0131 t\u0259yin olunmu\u015f paylay\u0131c\u0131 elementdir. \u00d6n panel radial d\u00fcz\u00fclm\u00fc\u015f m\u00fcxt\u0259lif formal\u0131 b\u0131\u00e7aqlarla t\u0259chiz olunmu\u015fdur ki, bu da f\u0131rlanma t\u0259dar\u00fck havas\u0131n\u0131n i\u015f sah\u0259sin\u0259 b\u0259rab\u0259r paylanmas\u0131n\u0131 t\u0259min edir. Daxili t\u0259r\u0259fd\u0259n, diffuzorun termostatik t\u0259nziml\u0259nm\u0259si t\u0259dar\u00fck havas\u0131n\u0131n \u015faquli olaraq a\u015fa\u011f\u0131ya do\u011fru verilm\u0259sini t\u0259min edir.<\/p>\n<p>VVT-nin t\u0259nziml\u0259nm\u0259si avtomatikdir v\u0259 \u0259lav\u0259 enerji t\u0259chizat\u0131 t\u0259l\u0259b etmir. VVT burul\u011fan diffuzorunu dair\u0259vi \u00e7evik v\u0259 ya s\u0259rt boru k\u0259m\u0259rl\u0259rind\u0259n istifad\u0259 ed\u0259r\u0259k \u00fcf\u00fcqi v\u0259 ya \u015faquli \u0259laq\u0259 il\u0259 plenum qutusu vasit\u0259sil\u0259 hava paylama sistemin\u0259 qo\u015fmaq m\u00fcmk\u00fcnd\u00fcr. Burul\u011fan \u00e7\u0131x\u0131\u015f\u0131 intensiv hava qar\u0131\u015fmas\u0131n\u0131 m\u00fcmk\u00fcn edir.<\/p>\n<p>VVT sinkl\u0259nmi\u015f poladdan kvadrat formal\u0131 \u00f6n panell\u0259 istehsal olunur. S\u0259thi toz boyal\u0131d\u0131r. H\u0259r bir VVT \u00f6n panelind\u0259 plenum qutusuna montaj \u00fc\u00e7\u00fcn dekorativ a\u011f qapaql\u0131 vint, h\u0259m\u00e7inin qura\u015fd\u0131rma zaman\u0131 diffuzorun \u00f6n panelin\u0259 yerl\u0259\u015fdirilm\u0259li olan \u00f6z\u00fcn\u0259 yap\u0131\u015fan m\u00f6h\u00fcr daxildir. Bu diapazonda dig\u0259r \u00f6l\u00e7\u00fcl\u0259r m\u00f6vcuddur.<\/p>\n<p>&nbsp;<\/p>\n<p><strong>Sifari\u015finiz, t\u0259rziniz!<\/strong><br \/>\nM\u0259hsulumuz sizin se\u00e7iml\u0259riniz\u0259 uy\u011funla\u015fd\u0131r\u0131la bil\u0259r v\u0259 estetik bax\u0131\u015f\u0131n\u0131za m\u00fck\u0259mm\u0259l uy\u011funla\u015fmaq \u00fc\u00e7\u00fcn onu ist\u0259nil\u0259n RAL kodu s\u0259thi il\u0259 sifari\u015f etm\u0259y\u0259 imkan verir.<\/p>\n<\/div>\n<\/div>\n<\/div>\n<\/div>\n<\/div>\n","protected":false},"excerpt":{"rendered":"<div>\n<p>VVT D\u0259yi\u015f\u0259n H\u0259nd\u0259s\u0259 Diffuzorlar\u0131<br \/>\n\u0130\u015f yerl\u0259rind\u0259 effektiv hava t\u0259chizat\u0131 \u00fc\u00e7\u00fcn t\u0259nziml\u0259n\u0259n burul\u011fanl\u0131 tavan diffuzoru<\/p>\n<p>Termostatik t\u0259nziml\u0259m\u0259<\/p>\n<p>Polad konstruksiya<\/p>\n<p>Radial d\u00fczl\u0259nmi\u015f b\u0131\u00e7aqlar<\/p>\n<p>D\u00fcz paylama<\/p>\n<\/div>\n<div class=\"flex flex-col gap-200\">\n<div class=\"flex flex-col flex-wrap gap-100 md:flex-row md:items-center gtm-purchase-option\" data-gtm-name=\"size\" data-gtm-label=\"Size\">\n<p><label class=\"flex gap-050 md:w-700 leading-none hyphens-auto print:w-full print:max-w-2\/5 text-label-small\">Size<\/label><\/p>\n<div class=\"flex flex-1 flex-wrap gap-050\"><button class=\"select-btn select-btn-small select-btn-selected gtm-purchase-option-value\" type=\"button\" data-gtm-name=\"300\" data-gtm-label=\"300\">300<\/button><button class=\"select-btn select-btn-small select-btn-default gtm-purchase-option-value\" type=\"button\" data-gtm-name=\"400\" data-gtm-label=\"400\">400<\/button><button class=\"select-btn select-btn-small select-btn-default gtm-purchase-option-value\" type=\"button\" data-gtm-name=\"500\" data-gtm-label=\"500\">500<\/button><button class=\"select-btn select-btn-small select-btn-default gtm-purchase-option-value\" type=\"button\" data-gtm-name=\"600\" data-gtm-label=\"600\">600<\/button><button class=\"select-btn select-btn-small select-btn-default gtm-purchase-option-value\" type=\"button\" data-gtm-name=\"625\" data-gtm-label=\"625\">625<\/button><\/div>\n<\/div>\n<\/div>\n<div class=\"gtm-sku-info flex flex-col gap-y-050 text-label-tiny text-neutral-600\">\n<div class=\"flex flex-wrap items-baseline gap-x-100 gap-y-025\"><span class=\"gtm-article-name\">VVT-A-300-SW<\/span><span class=\"whitespace-nowrap gtm-article-number text-base font-bold\">#325748<\/span><\/div>\n<\/div>\n","protected":false},"featured_media":38008,"template":"","meta":[],"product_brand":[],"product_cat":[1935,1896,1843],"product_tag":[],"class_list":{"0":"post-38038","1":"product","2":"type-product","3":"status-publish","4":"has-post-thumbnail","6":"product_cat-dyisn-hnds-diffuzorlari","7":"product_cat-diffuzor-havalandirma-ucun-diffuzorlar","8":"product_cat-hava-paylayici-mhsullar","10":"first","11":"instock","12":"shipping-taxable","13":"product-type-simple"},"yoast_head":"<!-- This site is optimized with the Yoast SEO plugin v27.1.1 - https:\/\/yoast.com\/product\/yoast-seo-wordpress\/ -->\n<title>VVT D\u0259yi\u015f\u0259n H\u0259nd\u0259s\u0259 Diffuzorlar\u0131 \u0130\u015f yerl\u0259rind\u0259 effektiv hava t\u0259chizat\u0131 \u00fc\u00e7\u00fcn t\u0259nziml\u0259n\u0259n burul\u011fanl\u0131 tavan diffuzoru - GeoClimate.ge<\/title>\n<meta name=\"robots\" content=\"index, follow, max-snippet:-1, max-image-preview:large, max-video-preview:-1\" \/>\n<link rel=\"canonical\" href=\"https:\/\/geoclimate.ge\/az\/product\/vvt-variable-geometry-diffusers-adjustable-swirl-ceiling-diffuser-for-effective-air-supply-in-working-areas\/\" \/>\n<meta property=\"og:locale\" content=\"az_AZ\" \/>\n<meta property=\"og:type\" content=\"article\" \/>\n<meta property=\"og:title\" content=\"VVT D\u0259yi\u015f\u0259n H\u0259nd\u0259s\u0259 Diffuzorlar\u0131 \u0130\u015f yerl\u0259rind\u0259 effektiv hava t\u0259chizat\u0131 \u00fc\u00e7\u00fcn t\u0259nziml\u0259n\u0259n burul\u011fanl\u0131 tavan diffuzoru - GeoClimate.ge\" \/>\n<meta property=\"og:description\" content=\"VVT D\u0259yi\u015f\u0259n H\u0259nd\u0259s\u0259 Diffuzorlar\u0131 \u0130\u015f yerl\u0259rind\u0259 effektiv hava t\u0259chizat\u0131 \u00fc\u00e7\u00fcn t\u0259nziml\u0259n\u0259n burul\u011fanl\u0131 tavan diffuzoru  Termostatik t\u0259nziml\u0259m\u0259  Polad konstruksiya  Radial d\u00fczl\u0259nmi\u015f b\u0131\u00e7aqlar  D\u00fcz paylama      Size 300400500600625    VVT-A-300-SW#325748\" \/>\n<meta property=\"og:url\" content=\"https:\/\/geoclimate.ge\/az\/product\/vvt-variable-geometry-diffusers-adjustable-swirl-ceiling-diffuser-for-effective-air-supply-in-working-areas\/\" \/>\n<meta property=\"og:site_name\" content=\"GeoClimate.ge\" \/>\n<meta property=\"article:modified_time\" content=\"2025-09-08T14:39:31+00:00\" \/>\n<meta property=\"og:image\" content=\"https:\/\/geoclimate.ge\/wp-content\/uploads\/2025\/09\/PRODUCT-MAIN-IMAGE_VVT.jpg\" \/>\n\t<meta property=\"og:image:width\" content=\"384\" \/>\n\t<meta property=\"og:image:height\" content=\"288\" \/>\n\t<meta property=\"og:image:type\" content=\"image\/jpeg\" \/>\n<meta name=\"twitter:card\" content=\"summary_large_image\" \/>\n<meta name=\"twitter:label1\" content=\"Est. reading time\" \/>\n\t<meta name=\"twitter:data1\" content=\"2 minutes\" \/>\n<script type=\"application\/ld+json\" class=\"yoast-schema-graph\">{\"@context\":\"https:\/\/schema.org\",\"@graph\":[{\"@type\":\"WebPage\",\"@id\":\"https:\/\/geoclimate.ge\/az\/product\/vvt-variable-geometry-diffusers-adjustable-swirl-ceiling-diffuser-for-effective-air-supply-in-working-areas\/\",\"url\":\"https:\/\/geoclimate.ge\/az\/product\/vvt-variable-geometry-diffusers-adjustable-swirl-ceiling-diffuser-for-effective-air-supply-in-working-areas\/\",\"name\":\"VVT D\u0259yi\u015f\u0259n H\u0259nd\u0259s\u0259 Diffuzorlar\u0131 \u0130\u015f yerl\u0259rind\u0259 effektiv hava t\u0259chizat\u0131 \u00fc\u00e7\u00fcn t\u0259nziml\u0259n\u0259n burul\u011fanl\u0131 tavan diffuzoru - GeoClimate.ge\",\"isPartOf\":{\"@id\":\"https:\/\/geoclimate.ge\/#website\"},\"primaryImageOfPage\":{\"@id\":\"https:\/\/geoclimate.ge\/az\/product\/vvt-variable-geometry-diffusers-adjustable-swirl-ceiling-diffuser-for-effective-air-supply-in-working-areas\/#primaryimage\"},\"image\":{\"@id\":\"https:\/\/geoclimate.ge\/az\/product\/vvt-variable-geometry-diffusers-adjustable-swirl-ceiling-diffuser-for-effective-air-supply-in-working-areas\/#primaryimage\"},\"thumbnailUrl\":\"https:\/\/geoclimate.ge\/wp-content\/uploads\/2025\/09\/PRODUCT-MAIN-IMAGE_VVT.jpg\",\"datePublished\":\"2025-09-08T14:35:02+00:00\",\"dateModified\":\"2025-09-08T14:39:31+00:00\",\"breadcrumb\":{\"@id\":\"https:\/\/geoclimate.ge\/az\/product\/vvt-variable-geometry-diffusers-adjustable-swirl-ceiling-diffuser-for-effective-air-supply-in-working-areas\/#breadcrumb\"},\"inLanguage\":\"az\",\"potentialAction\":[{\"@type\":\"ReadAction\",\"target\":[\"https:\/\/geoclimate.ge\/az\/product\/vvt-variable-geometry-diffusers-adjustable-swirl-ceiling-diffuser-for-effective-air-supply-in-working-areas\/\"]}]},{\"@type\":\"ImageObject\",\"inLanguage\":\"az\",\"@id\":\"https:\/\/geoclimate.ge\/az\/product\/vvt-variable-geometry-diffusers-adjustable-swirl-ceiling-diffuser-for-effective-air-supply-in-working-areas\/#primaryimage\",\"url\":\"https:\/\/geoclimate.ge\/wp-content\/uploads\/2025\/09\/PRODUCT-MAIN-IMAGE_VVT.jpg\",\"contentUrl\":\"https:\/\/geoclimate.ge\/wp-content\/uploads\/2025\/09\/PRODUCT-MAIN-IMAGE_VVT.jpg\",\"width\":384,\"height\":288},{\"@type\":\"BreadcrumbList\",\"@id\":\"https:\/\/geoclimate.ge\/az\/product\/vvt-variable-geometry-diffusers-adjustable-swirl-ceiling-diffuser-for-effective-air-supply-in-working-areas\/#breadcrumb\",\"itemListElement\":[{\"@type\":\"ListItem\",\"position\":1,\"name\":\"Home\",\"item\":\"https:\/\/geoclimate.ge\/az\/\"},{\"@type\":\"ListItem\",\"position\":2,\"name\":\"M\u0259hsullar\",\"item\":\"https:\/\/geoclimate.ge\/az\/products\/\"},{\"@type\":\"ListItem\",\"position\":3,\"name\":\"VVT D\u0259yi\u015f\u0259n H\u0259nd\u0259s\u0259 Diffuzorlar\u0131 \u0130\u015f yerl\u0259rind\u0259 effektiv hava t\u0259chizat\u0131 \u00fc\u00e7\u00fcn t\u0259nziml\u0259n\u0259n burul\u011fanl\u0131 tavan diffuzoru\"}]},{\"@type\":\"WebSite\",\"@id\":\"https:\/\/geoclimate.ge\/#website\",\"url\":\"https:\/\/geoclimate.ge\/\",\"name\":\"GeoClimate\",\"description\":\"\",\"publisher\":{\"@id\":\"https:\/\/geoclimate.ge\/#organization\"},\"potentialAction\":[{\"@type\":\"SearchAction\",\"target\":{\"@type\":\"EntryPoint\",\"urlTemplate\":\"https:\/\/geoclimate.ge\/?s={search_term_string}\"},\"query-input\":{\"@type\":\"PropertyValueSpecification\",\"valueRequired\":true,\"valueName\":\"search_term_string\"}}],\"inLanguage\":\"az\"},{\"@type\":\"Organization\",\"@id\":\"https:\/\/geoclimate.ge\/#organization\",\"name\":\"GeoClimate\",\"url\":\"https:\/\/geoclimate.ge\/\",\"logo\":{\"@type\":\"ImageObject\",\"inLanguage\":\"az\",\"@id\":\"https:\/\/geoclimate.ge\/#\/schema\/logo\/image\/\",\"url\":\"https:\/\/geoclimate.ge\/wp-content\/uploads\/2026\/03\/geoclimate-SEO.png\",\"contentUrl\":\"https:\/\/geoclimate.ge\/wp-content\/uploads\/2026\/03\/geoclimate-SEO.png\",\"width\":1536,\"height\":1024,\"caption\":\"GeoClimate\"},\"image\":{\"@id\":\"https:\/\/geoclimate.ge\/#\/schema\/logo\/image\/\"}}]}<\/script>\n<!-- \/ Yoast SEO plugin. -->","yoast_head_json":{"title":"VVT D\u0259yi\u015f\u0259n H\u0259nd\u0259s\u0259 Diffuzorlar\u0131 \u0130\u015f yerl\u0259rind\u0259 effektiv hava t\u0259chizat\u0131 \u00fc\u00e7\u00fcn t\u0259nziml\u0259n\u0259n burul\u011fanl\u0131 tavan diffuzoru - GeoClimate.ge","robots":{"index":"index","follow":"follow","max-snippet":"max-snippet:-1","max-image-preview":"max-image-preview:large","max-video-preview":"max-video-preview:-1"},"canonical":"https:\/\/geoclimate.ge\/az\/product\/vvt-variable-geometry-diffusers-adjustable-swirl-ceiling-diffuser-for-effective-air-supply-in-working-areas\/","og_locale":"az_AZ","og_type":"article","og_title":"VVT D\u0259yi\u015f\u0259n H\u0259nd\u0259s\u0259 Diffuzorlar\u0131 \u0130\u015f yerl\u0259rind\u0259 effektiv hava t\u0259chizat\u0131 \u00fc\u00e7\u00fcn t\u0259nziml\u0259n\u0259n burul\u011fanl\u0131 tavan diffuzoru - GeoClimate.ge","og_description":"VVT D\u0259yi\u015f\u0259n H\u0259nd\u0259s\u0259 Diffuzorlar\u0131 \u0130\u015f yerl\u0259rind\u0259 effektiv hava t\u0259chizat\u0131 \u00fc\u00e7\u00fcn t\u0259nziml\u0259n\u0259n burul\u011fanl\u0131 tavan diffuzoru  Termostatik t\u0259nziml\u0259m\u0259  Polad konstruksiya  Radial d\u00fczl\u0259nmi\u015f b\u0131\u00e7aqlar  D\u00fcz paylama      Size 300400500600625    VVT-A-300-SW#325748","og_url":"https:\/\/geoclimate.ge\/az\/product\/vvt-variable-geometry-diffusers-adjustable-swirl-ceiling-diffuser-for-effective-air-supply-in-working-areas\/","og_site_name":"GeoClimate.ge","article_modified_time":"2025-09-08T14:39:31+00:00","og_image":[{"width":384,"height":288,"url":"https:\/\/geoclimate.ge\/wp-content\/uploads\/2025\/09\/PRODUCT-MAIN-IMAGE_VVT.jpg","type":"image\/jpeg"}],"twitter_card":"summary_large_image","twitter_misc":{"Est. reading time":"2 minutes"},"schema":{"@context":"https:\/\/schema.org","@graph":[{"@type":"WebPage","@id":"https:\/\/geoclimate.ge\/az\/product\/vvt-variable-geometry-diffusers-adjustable-swirl-ceiling-diffuser-for-effective-air-supply-in-working-areas\/","url":"https:\/\/geoclimate.ge\/az\/product\/vvt-variable-geometry-diffusers-adjustable-swirl-ceiling-diffuser-for-effective-air-supply-in-working-areas\/","name":"VVT D\u0259yi\u015f\u0259n H\u0259nd\u0259s\u0259 Diffuzorlar\u0131 \u0130\u015f yerl\u0259rind\u0259 effektiv hava t\u0259chizat\u0131 \u00fc\u00e7\u00fcn t\u0259nziml\u0259n\u0259n burul\u011fanl\u0131 tavan diffuzoru - GeoClimate.ge","isPartOf":{"@id":"https:\/\/geoclimate.ge\/#website"},"primaryImageOfPage":{"@id":"https:\/\/geoclimate.ge\/az\/product\/vvt-variable-geometry-diffusers-adjustable-swirl-ceiling-diffuser-for-effective-air-supply-in-working-areas\/#primaryimage"},"image":{"@id":"https:\/\/geoclimate.ge\/az\/product\/vvt-variable-geometry-diffusers-adjustable-swirl-ceiling-diffuser-for-effective-air-supply-in-working-areas\/#primaryimage"},"thumbnailUrl":"https:\/\/geoclimate.ge\/wp-content\/uploads\/2025\/09\/PRODUCT-MAIN-IMAGE_VVT.jpg","datePublished":"2025-09-08T14:35:02+00:00","dateModified":"2025-09-08T14:39:31+00:00","breadcrumb":{"@id":"https:\/\/geoclimate.ge\/az\/product\/vvt-variable-geometry-diffusers-adjustable-swirl-ceiling-diffuser-for-effective-air-supply-in-working-areas\/#breadcrumb"},"inLanguage":"az","potentialAction":[{"@type":"ReadAction","target":["https:\/\/geoclimate.ge\/az\/product\/vvt-variable-geometry-diffusers-adjustable-swirl-ceiling-diffuser-for-effective-air-supply-in-working-areas\/"]}]},{"@type":"ImageObject","inLanguage":"az","@id":"https:\/\/geoclimate.ge\/az\/product\/vvt-variable-geometry-diffusers-adjustable-swirl-ceiling-diffuser-for-effective-air-supply-in-working-areas\/#primaryimage","url":"https:\/\/geoclimate.ge\/wp-content\/uploads\/2025\/09\/PRODUCT-MAIN-IMAGE_VVT.jpg","contentUrl":"https:\/\/geoclimate.ge\/wp-content\/uploads\/2025\/09\/PRODUCT-MAIN-IMAGE_VVT.jpg","width":384,"height":288},{"@type":"BreadcrumbList","@id":"https:\/\/geoclimate.ge\/az\/product\/vvt-variable-geometry-diffusers-adjustable-swirl-ceiling-diffuser-for-effective-air-supply-in-working-areas\/#breadcrumb","itemListElement":[{"@type":"ListItem","position":1,"name":"Home","item":"https:\/\/geoclimate.ge\/az\/"},{"@type":"ListItem","position":2,"name":"M\u0259hsullar","item":"https:\/\/geoclimate.ge\/az\/products\/"},{"@type":"ListItem","position":3,"name":"VVT D\u0259yi\u015f\u0259n H\u0259nd\u0259s\u0259 Diffuzorlar\u0131 \u0130\u015f yerl\u0259rind\u0259 effektiv hava t\u0259chizat\u0131 \u00fc\u00e7\u00fcn t\u0259nziml\u0259n\u0259n burul\u011fanl\u0131 tavan diffuzoru"}]},{"@type":"WebSite","@id":"https:\/\/geoclimate.ge\/#website","url":"https:\/\/geoclimate.ge\/","name":"GeoClimate","description":"","publisher":{"@id":"https:\/\/geoclimate.ge\/#organization"},"potentialAction":[{"@type":"SearchAction","target":{"@type":"EntryPoint","urlTemplate":"https:\/\/geoclimate.ge\/?s={search_term_string}"},"query-input":{"@type":"PropertyValueSpecification","valueRequired":true,"valueName":"search_term_string"}}],"inLanguage":"az"},{"@type":"Organization","@id":"https:\/\/geoclimate.ge\/#organization","name":"GeoClimate","url":"https:\/\/geoclimate.ge\/","logo":{"@type":"ImageObject","inLanguage":"az","@id":"https:\/\/geoclimate.ge\/#\/schema\/logo\/image\/","url":"https:\/\/geoclimate.ge\/wp-content\/uploads\/2026\/03\/geoclimate-SEO.png","contentUrl":"https:\/\/geoclimate.ge\/wp-content\/uploads\/2026\/03\/geoclimate-SEO.png","width":1536,"height":1024,"caption":"GeoClimate"},"image":{"@id":"https:\/\/geoclimate.ge\/#\/schema\/logo\/image\/"}}]}},"_links":{"self":[{"href":"https:\/\/geoclimate.ge\/az\/wp-json\/wp\/v2\/product\/38038","targetHints":{"allow":["GET"]}}],"collection":[{"href":"https:\/\/geoclimate.ge\/az\/wp-json\/wp\/v2\/product"}],"about":[{"href":"https:\/\/geoclimate.ge\/az\/wp-json\/wp\/v2\/types\/product"}],"wp:featuredmedia":[{"embeddable":true,"href":"https:\/\/geoclimate.ge\/az\/wp-json\/wp\/v2\/media\/38008"}],"wp:attachment":[{"href":"https:\/\/geoclimate.ge\/az\/wp-json\/wp\/v2\/media?parent=38038"}],"wp:term":[{"taxonomy":"product_brand","embeddable":true,"href":"https:\/\/geoclimate.ge\/az\/wp-json\/wp\/v2\/product_brand?post=38038"},{"taxonomy":"product_cat","embeddable":true,"href":"https:\/\/geoclimate.ge\/az\/wp-json\/wp\/v2\/product_cat?post=38038"},{"taxonomy":"product_tag","embeddable":true,"href":"https:\/\/geoclimate.ge\/az\/wp-json\/wp\/v2\/product_tag?post=38038"}],"curies":[{"name":"wp","href":"https:\/\/api.w.org\/{rel}","templated":true}]}}