{"id":38074,"date":"2025-09-08T18:46:10","date_gmt":"2025-09-08T14:46:10","guid":{"rendered":"https:\/\/airsystems.ge\/shop\/product\/bia-variable-geometry-diffusers-displacement-induction-supply-diffuser\/"},"modified":"2025-09-08T18:53:19","modified_gmt":"2025-09-08T14:53:19","slug":"bia-variable-geometry-diffusers-displacement-induction-supply-diffuser","status":"publish","type":"product","link":"https:\/\/geoclimate.ge\/az\/product\/bia-variable-geometry-diffusers-displacement-induction-supply-diffuser\/","title":{"rendered":"BIA D\u0259yi\u015f\u0259n H\u0259nd\u0259s\u0259 Diffuzorlar\u0131 Yer d\u0259yi\u015fdirm\u0259\/induksiya t\u0259chizat\u0131 diffuzoru"},"content":{"rendered":"<div class=\"mb-400 gtm-product-section container-fluid\" data-gtm-name=\"Benefits\" data-gtm-label=\"Benefits (en)\" data-gtm-vis-first-on-screen53434917_103=\"104540\" data-gtm-vis-total-visible-time53434917_103=\"1500\" data-gtm-vis-has-fired53434917_103=\"1\">\n<div class=\"row\">\n<div class=\"content-element content-element-product-benefit col-12 sm:col-6 mb-400\">\n<div class=\"bg-card px-300 py-250 mobile-nav:px-200 mobile-nav:py-150 h-full flex overflow-hidden card-border\">\n<div class=\"min-w-0\">\n<p><strong>D\u0259qiq T\u0259nziml\u0259m\u0259<\/strong><br \/>\nBIA q\u0131zd\u0131r\u0131lan v\u0259 soyudulmu\u015f hava \u00fc\u00e7\u00fcn ax\u0131dma sxeml\u0259rinin d\u0259qiq t\u0259nziml\u0259nm\u0259sini t\u0259min edir.<\/p>\n<p>&nbsp;<\/p>\n<p><strong>Kompakt \u00d6l\u00e7\u00fc<\/strong><br \/>\nBIA m\u00fcxt\u0259lif parametrl\u0259rd\u0259 t\u0259mkinli i\u015fl\u0259m\u0259yi t\u0259min ed\u0259n kompakt \u00f6l\u00e7\u00fcl\u0259r\u0259 malikdir.<\/p>\n<p>&nbsp;<\/p>\n<p><strong>Asan Qura\u015fd\u0131rma<\/strong><br \/>\nBIA diffuzoru 0 m-d\u0259n 5 m-\u0259 q\u0259d\u0259r y\u00fcks\u0259klikl\u0259rd\u0259 s\u0259naye v\u0259 rahat havaland\u0131rma sisteml\u0259rind\u0259 tez v\u0259 asan qura\u015fd\u0131rma \u00fc\u00e7\u00fcn n\u0259z\u0259rd\u0259 tutulmu\u015fdur.<\/p>\n<p>&nbsp;<\/p>\n<\/div>\n<\/div>\n<\/div>\n<\/div>\n<\/div>\n<div class=\"content-container content-container-page gtm-product-section\" data-gtm-name=\"Content\" data-gtm-label=\"Content (en)\" data-gtm-vis-first-on-screen53434917_103=\"112211\" data-gtm-vis-total-visible-time53434917_103=\"1500\" data-gtm-vis-has-fired53434917_103=\"1\">\n<div id=\"scroll-Modern-or-simple\" class=\"content-element content-element-text-image gtm-component-text-image container-fluid\">\n<div class=\"row TextImage_text-image--large-text__BQ5io\">\n<div class=\"flex items-center md:offset-1 md:col-6\">\n<figure class=\"w-full flex flex-col\">\n<div class=\"TextImage_text-image-col-image-img-container__3Fpb_ flex flex-1 relative\"><img decoding=\"async\" id=\"\" class=\"object-center\" src=\"https:\/\/a.storyblok.com\/f\/108972\/5924x4000\/a0a78a5fb8\/bia-315_mechanisms.png\/m\/1920x0\/filters:quality(80)\" sizes=\"(min-width: 768px) 40vw, 90vw\" srcset=\"https:\/\/a.storyblok.com\/f\/108972\/5924x4000\/a0a78a5fb8\/bia-315_mechanisms.png\/m\/256x0\/filters:quality(80) 256w, https:\/\/a.storyblok.com\/f\/108972\/5924x4000\/a0a78a5fb8\/bia-315_mechanisms.png\/m\/384x0\/filters:quality(80) 384w, https:\/\/a.storyblok.com\/f\/108972\/5924x4000\/a0a78a5fb8\/bia-315_mechanisms.png\/m\/640x0\/filters:quality(80) 640w, https:\/\/a.storyblok.com\/f\/108972\/5924x4000\/a0a78a5fb8\/bia-315_mechanisms.png\/m\/750x0\/filters:quality(80) 750w, https:\/\/a.storyblok.com\/f\/108972\/5924x4000\/a0a78a5fb8\/bia-315_mechanisms.png\/m\/828x0\/filters:quality(80) 828w, https:\/\/a.storyblok.com\/f\/108972\/5924x4000\/a0a78a5fb8\/bia-315_mechanisms.png\/m\/1080x0\/filters:quality(80) 1080w, https:\/\/a.storyblok.com\/f\/108972\/5924x4000\/a0a78a5fb8\/bia-315_mechanisms.png\/m\/1200x0\/filters:quality(80) 1200w, https:\/\/a.storyblok.com\/f\/108972\/5924x4000\/a0a78a5fb8\/bia-315_mechanisms.png\/m\/1920x0\/filters:quality(80) 1920w\" alt=\"\" data-nimg=\"responsive\" \/><\/div>\n<\/figure>\n<\/div>\n<div class=\"md:col-5 sm-max:pt-200 md:pb-100 md:self-center\">\n<div class=\"flex flex-col text-flow first-heading\">\n<h2 class=\"TextImage_text-image-headline__FwqZ7 whitespace-pre-line\"><span style=\"color: #333333; font-size: 16px;\">M\u00fcasir yoxsa sad\u0259?<\/span><\/h2>\n<div class=\"richtext-wrap reset-margin-last TextImage_text-image-text-wrap__B_mcT\">\n<p>BIA d\u0259yi\u015f\u0259n h\u0259nd\u0259s\u0259 diffuzoru il\u0259 m\u00f6vs\u00fcmi yenid\u0259n i\u015f\u0259 sal\u0131nan ba\u015f a\u011fr\u0131lar\u0131 il\u0259 vidala\u015f\u0131n. Dair\u0259vi kanallar \u00fc\u00e7\u00fcn n\u0259z\u0259rd\u0259 tutulmu\u015f bu \u00e7ox y\u00f6nl\u00fc h\u0259ll istilik v\u0259 soyutma rejiml\u0259rin\u0259 malikdir v\u0259 \u00f6t\u00fcr\u00fcc\u00fc v\u0259 ya \u0259l mexanizmi se\u00e7imi il\u0259 g\u0259lir. B\u00fct\u00fcn il boyu sabit t\u0259zyiq t\u0259min ed\u0259rk\u0259n s\u00fcr\u0259tli v\u0259 asan qura\u015fd\u0131rmadan faydalan\u0131n!<\/p>\n<p>&nbsp;<\/p>\n<\/div>\n<\/div>\n<\/div>\n<\/div>\n<\/div>\n<div id=\"scroll-The-choice-is-yours\" class=\"content-element content-element-text-image gtm-component-text-image container-fluid\">\n<div class=\"row flex-row-reverse justify-end TextImage_text-image--large-text__BQ5io\">\n<div class=\"flex items-center md:col-6\">\n<figure class=\"w-full flex flex-col\">\n<div class=\"TextImage_text-image-col-image-img-container__3Fpb_ flex flex-1 relative\"><img decoding=\"async\" id=\"\" class=\"object-center\" src=\"https:\/\/a.storyblok.com\/f\/108972\/5924x4000\/5a208018e9\/bia-315_colors.png\/m\/1920x0\/filters:quality(80)\" sizes=\"(min-width: 768px) 40vw, 90vw\" srcset=\"https:\/\/a.storyblok.com\/f\/108972\/5924x4000\/5a208018e9\/bia-315_colors.png\/m\/256x0\/filters:quality(80) 256w, https:\/\/a.storyblok.com\/f\/108972\/5924x4000\/5a208018e9\/bia-315_colors.png\/m\/384x0\/filters:quality(80) 384w, https:\/\/a.storyblok.com\/f\/108972\/5924x4000\/5a208018e9\/bia-315_colors.png\/m\/640x0\/filters:quality(80) 640w, https:\/\/a.storyblok.com\/f\/108972\/5924x4000\/5a208018e9\/bia-315_colors.png\/m\/750x0\/filters:quality(80) 750w, https:\/\/a.storyblok.com\/f\/108972\/5924x4000\/5a208018e9\/bia-315_colors.png\/m\/828x0\/filters:quality(80) 828w, https:\/\/a.storyblok.com\/f\/108972\/5924x4000\/5a208018e9\/bia-315_colors.png\/m\/1080x0\/filters:quality(80) 1080w, https:\/\/a.storyblok.com\/f\/108972\/5924x4000\/5a208018e9\/bia-315_colors.png\/m\/1200x0\/filters:quality(80) 1200w, https:\/\/a.storyblok.com\/f\/108972\/5924x4000\/5a208018e9\/bia-315_colors.png\/m\/1920x0\/filters:quality(80) 1920w\" alt=\"\" data-nimg=\"responsive\" \/><\/div>\n<\/figure>\n<\/div>\n<div class=\"md:offset-1 md:col-5 sm-max:pt-200 md:pb-100 md:self-center\">\n<div class=\"flex flex-col text-flow first-heading\">\n<h2 class=\"TextImage_text-image-headline__FwqZ7 whitespace-pre-line\">Se\u00e7im sizindir!<br \/>\nS\u0259naye v\u0259 ictimai salonlar \u00fc\u00e7\u00fcn m\u00fck\u0259mm\u0259l olan BIA ist\u0259nil\u0259n estetikaya uy\u011fun bir s\u0131ra r\u0259ng se\u00e7iml\u0259ri t\u0259klif edir v\u0259 tamamil\u0259 t\u0259krar emal edil\u0259 bil\u0259r &#8211; ekoloji c\u0259h\u0259td\u0259n t\u0259miz paketd\u0259 \u00fcslub v\u0259 optimal qapal\u0131 hava t\u0259qdim edir.<\/h2>\n<\/div>\n<\/div>\n<\/div>\n<\/div>\n<div class=\"content-element content-element-divider gtm-component-divider container-fluid\">\n<div class=\"row\">\n<div class=\"md:col-7 md:offset-1\">\n<div class=\"py-500 my-100\">\n<hr class=\"m-0 border-none\" \/>\n<\/div>\n<\/div>\n<\/div>\n<\/div>\n<div id=\"scroll-a29075fd\" class=\"content-element content-element-video gtm-component-video container-fluid\">\n<div class=\"row\">\n<div class=\"md:col-10 md:offset-1\">\n<div class=\"relative\">\n<div class=\"block w-full\"><\/div>\n<p><iframe class=\"absolute inset-0 w-full h-full object-center object-contain\" title=\"Youtube Video\" src=\"https:\/\/www.youtube.com\/embed\/syd2m0DIGhM\" frameborder=\"0\" allowfullscreen=\"allowfullscreen\" data-mce-fragment=\"1\"><\/iframe><\/p>\n<\/div>\n<\/div>\n<\/div>\n<\/div>\n<\/div>\n","protected":false},"excerpt":{"rendered":"<div>\n<p>BIA D\u0259yi\u015f\u0259n H\u0259nd\u0259s\u0259 Diffuzorlar\u0131<br \/>\nYer d\u0259yi\u015fdirm\u0259\/induksiya t\u0259chizat\u0131 diffuzoru<\/p>\n<p>Kompakt \u00f6l\u00e7\u00fcl\u0259r<\/p>\n<p>Manual v\u0259 ya motorlu t\u0259nziml\u0259m\u0259 versiyalar\u0131<\/p>\n<p>Asan qura\u015fd\u0131rma<\/p>\n<p>D\u0259yi\u015f\u0259n h\u0259nd\u0259s\u0259 yerd\u0259yi\u015fm\u0259 v\u0259 induksiya<\/p>\n<\/div>\n<div class=\"flex flex-col gap-200\">\n<div class=\"flex flex-col flex-wrap gap-100 md:flex-row md:items-center gtm-purchase-option\" data-gtm-name=\"size\" data-gtm-label=\"Size\">\n<p><label class=\"flex gap-050 md:w-700 leading-none hyphens-auto print:w-full print:max-w-2\/5 text-label-small\">Size<\/label><\/p>\n<div class=\"flex flex-1 flex-wrap gap-050\"><button class=\"select-btn select-btn-small select-btn-selected gtm-purchase-option-value\" type=\"button\" data-gtm-name=\"200\" data-gtm-label=\"200\">200<\/button><button class=\"select-btn select-btn-small select-btn-default gtm-purchase-option-value\" type=\"button\" data-gtm-name=\"250\" data-gtm-label=\"250\">250<\/button><button class=\"select-btn select-btn-small select-btn-default gtm-purchase-option-value\" type=\"button\" data-gtm-name=\"315\" data-gtm-label=\"315\">315<\/button><button class=\"select-btn select-btn-small select-btn-default gtm-purchase-option-value\" type=\"button\" data-gtm-name=\"400\" data-gtm-label=\"400\">400<\/button><button class=\"select-btn select-btn-small select-btn-default gtm-purchase-option-value\" type=\"button\" data-gtm-name=\"500\" data-gtm-label=\"500\">500<\/button><button class=\"select-btn select-btn-small select-btn-default gtm-purchase-option-value\" type=\"button\" data-gtm-name=\"630\" data-gtm-label=\"630\">630<\/button><\/div>\n<\/div>\n<div class=\"flex flex-col flex-wrap gap-100 md:flex-row md:items-center gtm-purchase-option\" data-gtm-name=\"type_of_control\" data-gtm-label=\"Type of actuation\">\n<p><label class=\"flex gap-050 md:w-700 leading-none hyphens-auto print:w-full print:max-w-2\/5 text-label-small\">Type of actuation<\/label><\/p>\n<div class=\"flex flex-1 flex-wrap gap-050\"><button class=\"select-btn select-btn-small select-btn-selected gtm-purchase-option-value\" type=\"button\" data-gtm-name=\"Manual\" data-gtm-label=\"Manual\">Manual<\/button><button class=\"select-btn select-btn-small select-btn-default gtm-purchase-option-value\" type=\"button\" data-gtm-name=\"Actuator\" data-gtm-label=\"Actuator\">Actuator<\/button><\/div>\n<\/div>\n<div class=\"flex flex-col flex-wrap gap-100 md:flex-row md:items-center gtm-purchase-option\" data-gtm-name=\"surface_finish\" data-gtm-label=\"Surface finish\">\n<p><label class=\"flex gap-050 md:w-700 leading-none hyphens-auto print:w-full print:max-w-2\/5 text-label-small\">Surface finish<\/label><\/p>\n<div class=\"flex flex-1 flex-wrap gap-050\"><button class=\"select-btn select-btn-small select-btn-selected gtm-purchase-option-value\" type=\"button\" data-gtm-name=\"Silver grey (RAL7001)\" data-gtm-label=\"Silver grey (RAL7001)\">Silver grey (RAL7001)<\/button><button class=\"select-btn select-btn-small select-btn-default gtm-purchase-option-value\" type=\"button\" data-gtm-name=\"Signal white (RAL9003)\" data-gtm-label=\"Signal white (RAL9003)\">Signal white (RAL9003)<\/button><\/div>\n<\/div>\n<\/div>\n<div class=\"gtm-sku-info flex flex-col gap-y-050 text-label-tiny text-neutral-600\">\n<div class=\"flex flex-wrap items-baseline gap-x-100 gap-y-025\"><span class=\"gtm-article-name\">BIA-200-HC-SG<\/span><span class=\"whitespace-nowrap gtm-article-number text-base font-bold\">#235200<\/span><\/div>\n<\/div>\n","protected":false},"featured_media":38045,"template":"","meta":[],"product_brand":[],"product_cat":[1935,1896,1843],"product_tag":[],"class_list":{"0":"post-38074","1":"product","2":"type-product","3":"status-publish","4":"has-post-thumbnail","6":"product_cat-dyisn-hnds-diffuzorlari","7":"product_cat-diffuzor-havalandirma-ucun-diffuzorlar","8":"product_cat-hava-paylayici-mhsullar","10":"first","11":"instock","12":"shipping-taxable","13":"product-type-simple"},"yoast_head":"<!-- This site is optimized with the Yoast SEO plugin v27.1.1 - https:\/\/yoast.com\/product\/yoast-seo-wordpress\/ -->\n<title>BIA D\u0259yi\u015f\u0259n H\u0259nd\u0259s\u0259 Diffuzorlar\u0131 Yer d\u0259yi\u015fdirm\u0259\/induksiya t\u0259chizat\u0131 diffuzoru - GeoClimate.ge<\/title>\n<meta name=\"robots\" content=\"index, follow, max-snippet:-1, max-image-preview:large, max-video-preview:-1\" \/>\n<link rel=\"canonical\" href=\"https:\/\/geoclimate.ge\/az\/product\/bia-variable-geometry-diffusers-displacement-induction-supply-diffuser\/\" \/>\n<meta property=\"og:locale\" content=\"az_AZ\" \/>\n<meta property=\"og:type\" content=\"article\" \/>\n<meta property=\"og:title\" content=\"BIA D\u0259yi\u015f\u0259n H\u0259nd\u0259s\u0259 Diffuzorlar\u0131 Yer d\u0259yi\u015fdirm\u0259\/induksiya t\u0259chizat\u0131 diffuzoru - GeoClimate.ge\" \/>\n<meta property=\"og:description\" content=\"BIA D\u0259yi\u015f\u0259n H\u0259nd\u0259s\u0259 Diffuzorlar\u0131 Yer d\u0259yi\u015fdirm\u0259\/induksiya t\u0259chizat\u0131 diffuzoru  Kompakt \u00f6l\u00e7\u00fcl\u0259r  Manual v\u0259 ya motorlu t\u0259nziml\u0259m\u0259 versiyalar\u0131  Asan qura\u015fd\u0131rma  D\u0259yi\u015f\u0259n h\u0259nd\u0259s\u0259 yerd\u0259yi\u015fm\u0259 v\u0259 induksiya      Size 200250315400500630    Type of actuation ManualActuator    Surface finish Silver grey (RAL7001)Signal white (RAL9003)    BIA-200-HC-SG#235200\" \/>\n<meta property=\"og:url\" content=\"https:\/\/geoclimate.ge\/az\/product\/bia-variable-geometry-diffusers-displacement-induction-supply-diffuser\/\" \/>\n<meta property=\"og:site_name\" content=\"GeoClimate.ge\" \/>\n<meta property=\"article:modified_time\" content=\"2025-09-08T14:53:19+00:00\" \/>\n<meta property=\"og:image\" content=\"https:\/\/geoclimate.ge\/wp-content\/uploads\/2025\/09\/PRODUCT-MAIN-IMAGE_BIA.jpg\" \/>\n\t<meta property=\"og:image:width\" content=\"384\" \/>\n\t<meta property=\"og:image:height\" content=\"288\" \/>\n\t<meta property=\"og:image:type\" content=\"image\/jpeg\" \/>\n<meta name=\"twitter:card\" content=\"summary_large_image\" \/>\n<meta name=\"twitter:label1\" content=\"Est. reading time\" \/>\n\t<meta name=\"twitter:data1\" content=\"1 minute\" \/>\n<script type=\"application\/ld+json\" class=\"yoast-schema-graph\">{\"@context\":\"https:\/\/schema.org\",\"@graph\":[{\"@type\":\"WebPage\",\"@id\":\"https:\/\/geoclimate.ge\/az\/product\/bia-variable-geometry-diffusers-displacement-induction-supply-diffuser\/\",\"url\":\"https:\/\/geoclimate.ge\/az\/product\/bia-variable-geometry-diffusers-displacement-induction-supply-diffuser\/\",\"name\":\"BIA D\u0259yi\u015f\u0259n H\u0259nd\u0259s\u0259 Diffuzorlar\u0131 Yer d\u0259yi\u015fdirm\u0259\/induksiya t\u0259chizat\u0131 diffuzoru - GeoClimate.ge\",\"isPartOf\":{\"@id\":\"https:\/\/geoclimate.ge\/#website\"},\"primaryImageOfPage\":{\"@id\":\"https:\/\/geoclimate.ge\/az\/product\/bia-variable-geometry-diffusers-displacement-induction-supply-diffuser\/#primaryimage\"},\"image\":{\"@id\":\"https:\/\/geoclimate.ge\/az\/product\/bia-variable-geometry-diffusers-displacement-induction-supply-diffuser\/#primaryimage\"},\"thumbnailUrl\":\"https:\/\/geoclimate.ge\/wp-content\/uploads\/2025\/09\/PRODUCT-MAIN-IMAGE_BIA.jpg\",\"datePublished\":\"2025-09-08T14:46:10+00:00\",\"dateModified\":\"2025-09-08T14:53:19+00:00\",\"breadcrumb\":{\"@id\":\"https:\/\/geoclimate.ge\/az\/product\/bia-variable-geometry-diffusers-displacement-induction-supply-diffuser\/#breadcrumb\"},\"inLanguage\":\"az\",\"potentialAction\":[{\"@type\":\"ReadAction\",\"target\":[\"https:\/\/geoclimate.ge\/az\/product\/bia-variable-geometry-diffusers-displacement-induction-supply-diffuser\/\"]}]},{\"@type\":\"ImageObject\",\"inLanguage\":\"az\",\"@id\":\"https:\/\/geoclimate.ge\/az\/product\/bia-variable-geometry-diffusers-displacement-induction-supply-diffuser\/#primaryimage\",\"url\":\"https:\/\/geoclimate.ge\/wp-content\/uploads\/2025\/09\/PRODUCT-MAIN-IMAGE_BIA.jpg\",\"contentUrl\":\"https:\/\/geoclimate.ge\/wp-content\/uploads\/2025\/09\/PRODUCT-MAIN-IMAGE_BIA.jpg\",\"width\":384,\"height\":288},{\"@type\":\"BreadcrumbList\",\"@id\":\"https:\/\/geoclimate.ge\/az\/product\/bia-variable-geometry-diffusers-displacement-induction-supply-diffuser\/#breadcrumb\",\"itemListElement\":[{\"@type\":\"ListItem\",\"position\":1,\"name\":\"Home\",\"item\":\"https:\/\/geoclimate.ge\/az\/\"},{\"@type\":\"ListItem\",\"position\":2,\"name\":\"M\u0259hsullar\",\"item\":\"https:\/\/geoclimate.ge\/az\/products\/\"},{\"@type\":\"ListItem\",\"position\":3,\"name\":\"BIA D\u0259yi\u015f\u0259n H\u0259nd\u0259s\u0259 Diffuzorlar\u0131 Yer d\u0259yi\u015fdirm\u0259\/induksiya t\u0259chizat\u0131 diffuzoru\"}]},{\"@type\":\"WebSite\",\"@id\":\"https:\/\/geoclimate.ge\/#website\",\"url\":\"https:\/\/geoclimate.ge\/\",\"name\":\"GeoClimate\",\"description\":\"\",\"publisher\":{\"@id\":\"https:\/\/geoclimate.ge\/#organization\"},\"potentialAction\":[{\"@type\":\"SearchAction\",\"target\":{\"@type\":\"EntryPoint\",\"urlTemplate\":\"https:\/\/geoclimate.ge\/?s={search_term_string}\"},\"query-input\":{\"@type\":\"PropertyValueSpecification\",\"valueRequired\":true,\"valueName\":\"search_term_string\"}}],\"inLanguage\":\"az\"},{\"@type\":\"Organization\",\"@id\":\"https:\/\/geoclimate.ge\/#organization\",\"name\":\"GeoClimate\",\"url\":\"https:\/\/geoclimate.ge\/\",\"logo\":{\"@type\":\"ImageObject\",\"inLanguage\":\"az\",\"@id\":\"https:\/\/geoclimate.ge\/#\/schema\/logo\/image\/\",\"url\":\"https:\/\/geoclimate.ge\/wp-content\/uploads\/2026\/03\/geoclimate-SEO.png\",\"contentUrl\":\"https:\/\/geoclimate.ge\/wp-content\/uploads\/2026\/03\/geoclimate-SEO.png\",\"width\":1536,\"height\":1024,\"caption\":\"GeoClimate\"},\"image\":{\"@id\":\"https:\/\/geoclimate.ge\/#\/schema\/logo\/image\/\"}}]}<\/script>\n<!-- \/ Yoast SEO plugin. -->","yoast_head_json":{"title":"BIA D\u0259yi\u015f\u0259n H\u0259nd\u0259s\u0259 Diffuzorlar\u0131 Yer d\u0259yi\u015fdirm\u0259\/induksiya t\u0259chizat\u0131 diffuzoru - GeoClimate.ge","robots":{"index":"index","follow":"follow","max-snippet":"max-snippet:-1","max-image-preview":"max-image-preview:large","max-video-preview":"max-video-preview:-1"},"canonical":"https:\/\/geoclimate.ge\/az\/product\/bia-variable-geometry-diffusers-displacement-induction-supply-diffuser\/","og_locale":"az_AZ","og_type":"article","og_title":"BIA D\u0259yi\u015f\u0259n H\u0259nd\u0259s\u0259 Diffuzorlar\u0131 Yer d\u0259yi\u015fdirm\u0259\/induksiya t\u0259chizat\u0131 diffuzoru - GeoClimate.ge","og_description":"BIA D\u0259yi\u015f\u0259n H\u0259nd\u0259s\u0259 Diffuzorlar\u0131 Yer d\u0259yi\u015fdirm\u0259\/induksiya t\u0259chizat\u0131 diffuzoru  Kompakt \u00f6l\u00e7\u00fcl\u0259r  Manual v\u0259 ya motorlu t\u0259nziml\u0259m\u0259 versiyalar\u0131  Asan qura\u015fd\u0131rma  D\u0259yi\u015f\u0259n h\u0259nd\u0259s\u0259 yerd\u0259yi\u015fm\u0259 v\u0259 induksiya      Size 200250315400500630    Type of actuation ManualActuator    Surface finish Silver grey (RAL7001)Signal white (RAL9003)    BIA-200-HC-SG#235200","og_url":"https:\/\/geoclimate.ge\/az\/product\/bia-variable-geometry-diffusers-displacement-induction-supply-diffuser\/","og_site_name":"GeoClimate.ge","article_modified_time":"2025-09-08T14:53:19+00:00","og_image":[{"width":384,"height":288,"url":"https:\/\/geoclimate.ge\/wp-content\/uploads\/2025\/09\/PRODUCT-MAIN-IMAGE_BIA.jpg","type":"image\/jpeg"}],"twitter_card":"summary_large_image","twitter_misc":{"Est. reading time":"1 minute"},"schema":{"@context":"https:\/\/schema.org","@graph":[{"@type":"WebPage","@id":"https:\/\/geoclimate.ge\/az\/product\/bia-variable-geometry-diffusers-displacement-induction-supply-diffuser\/","url":"https:\/\/geoclimate.ge\/az\/product\/bia-variable-geometry-diffusers-displacement-induction-supply-diffuser\/","name":"BIA D\u0259yi\u015f\u0259n H\u0259nd\u0259s\u0259 Diffuzorlar\u0131 Yer d\u0259yi\u015fdirm\u0259\/induksiya t\u0259chizat\u0131 diffuzoru - GeoClimate.ge","isPartOf":{"@id":"https:\/\/geoclimate.ge\/#website"},"primaryImageOfPage":{"@id":"https:\/\/geoclimate.ge\/az\/product\/bia-variable-geometry-diffusers-displacement-induction-supply-diffuser\/#primaryimage"},"image":{"@id":"https:\/\/geoclimate.ge\/az\/product\/bia-variable-geometry-diffusers-displacement-induction-supply-diffuser\/#primaryimage"},"thumbnailUrl":"https:\/\/geoclimate.ge\/wp-content\/uploads\/2025\/09\/PRODUCT-MAIN-IMAGE_BIA.jpg","datePublished":"2025-09-08T14:46:10+00:00","dateModified":"2025-09-08T14:53:19+00:00","breadcrumb":{"@id":"https:\/\/geoclimate.ge\/az\/product\/bia-variable-geometry-diffusers-displacement-induction-supply-diffuser\/#breadcrumb"},"inLanguage":"az","potentialAction":[{"@type":"ReadAction","target":["https:\/\/geoclimate.ge\/az\/product\/bia-variable-geometry-diffusers-displacement-induction-supply-diffuser\/"]}]},{"@type":"ImageObject","inLanguage":"az","@id":"https:\/\/geoclimate.ge\/az\/product\/bia-variable-geometry-diffusers-displacement-induction-supply-diffuser\/#primaryimage","url":"https:\/\/geoclimate.ge\/wp-content\/uploads\/2025\/09\/PRODUCT-MAIN-IMAGE_BIA.jpg","contentUrl":"https:\/\/geoclimate.ge\/wp-content\/uploads\/2025\/09\/PRODUCT-MAIN-IMAGE_BIA.jpg","width":384,"height":288},{"@type":"BreadcrumbList","@id":"https:\/\/geoclimate.ge\/az\/product\/bia-variable-geometry-diffusers-displacement-induction-supply-diffuser\/#breadcrumb","itemListElement":[{"@type":"ListItem","position":1,"name":"Home","item":"https:\/\/geoclimate.ge\/az\/"},{"@type":"ListItem","position":2,"name":"M\u0259hsullar","item":"https:\/\/geoclimate.ge\/az\/products\/"},{"@type":"ListItem","position":3,"name":"BIA D\u0259yi\u015f\u0259n H\u0259nd\u0259s\u0259 Diffuzorlar\u0131 Yer d\u0259yi\u015fdirm\u0259\/induksiya t\u0259chizat\u0131 diffuzoru"}]},{"@type":"WebSite","@id":"https:\/\/geoclimate.ge\/#website","url":"https:\/\/geoclimate.ge\/","name":"GeoClimate","description":"","publisher":{"@id":"https:\/\/geoclimate.ge\/#organization"},"potentialAction":[{"@type":"SearchAction","target":{"@type":"EntryPoint","urlTemplate":"https:\/\/geoclimate.ge\/?s={search_term_string}"},"query-input":{"@type":"PropertyValueSpecification","valueRequired":true,"valueName":"search_term_string"}}],"inLanguage":"az"},{"@type":"Organization","@id":"https:\/\/geoclimate.ge\/#organization","name":"GeoClimate","url":"https:\/\/geoclimate.ge\/","logo":{"@type":"ImageObject","inLanguage":"az","@id":"https:\/\/geoclimate.ge\/#\/schema\/logo\/image\/","url":"https:\/\/geoclimate.ge\/wp-content\/uploads\/2026\/03\/geoclimate-SEO.png","contentUrl":"https:\/\/geoclimate.ge\/wp-content\/uploads\/2026\/03\/geoclimate-SEO.png","width":1536,"height":1024,"caption":"GeoClimate"},"image":{"@id":"https:\/\/geoclimate.ge\/#\/schema\/logo\/image\/"}}]}},"_links":{"self":[{"href":"https:\/\/geoclimate.ge\/az\/wp-json\/wp\/v2\/product\/38074","targetHints":{"allow":["GET"]}}],"collection":[{"href":"https:\/\/geoclimate.ge\/az\/wp-json\/wp\/v2\/product"}],"about":[{"href":"https:\/\/geoclimate.ge\/az\/wp-json\/wp\/v2\/types\/product"}],"wp:featuredmedia":[{"embeddable":true,"href":"https:\/\/geoclimate.ge\/az\/wp-json\/wp\/v2\/media\/38045"}],"wp:attachment":[{"href":"https:\/\/geoclimate.ge\/az\/wp-json\/wp\/v2\/media?parent=38074"}],"wp:term":[{"taxonomy":"product_brand","embeddable":true,"href":"https:\/\/geoclimate.ge\/az\/wp-json\/wp\/v2\/product_brand?post=38074"},{"taxonomy":"product_cat","embeddable":true,"href":"https:\/\/geoclimate.ge\/az\/wp-json\/wp\/v2\/product_cat?post=38074"},{"taxonomy":"product_tag","embeddable":true,"href":"https:\/\/geoclimate.ge\/az\/wp-json\/wp\/v2\/product_tag?post=38074"}],"curies":[{"name":"wp","href":"https:\/\/api.w.org\/{rel}","templated":true}]}}