{"id":38115,"date":"2025-09-08T18:58:56","date_gmt":"2025-09-08T14:58:56","guid":{"rendered":"https:\/\/airsystems.ge\/shop\/product\/bure-variable-geometry-diffusers-high-induction-diffuser-for-heating-and-cooling-in-big-halls-and-industrial-buildings\/"},"modified":"2025-09-08T19:01:30","modified_gmt":"2025-09-08T15:01:30","slug":"bure-variable-geometry-diffusers-high-induction-diffuser-for-heating-and-cooling-in-big-halls-and-industrial-buildings","status":"publish","type":"product","link":"https:\/\/geoclimate.ge\/az\/product\/bure-variable-geometry-diffusers-high-induction-diffuser-for-heating-and-cooling-in-big-halls-and-industrial-buildings\/","title":{"rendered":"BURE D\u0259yi\u015f\u0259n H\u0259nd\u0259s\u0259 Diffuzorlar\u0131 B\u00f6y\u00fck salonlarda v\u0259 s\u0259naye binalar\u0131nda isitm\u0259 v\u0259 soyutma \u00fc\u00e7\u00fcn y\u00fcks\u0259k induksiya diffuzoru"},"content":{"rendered":"<div class=\"mb-400 gtm-product-section container-fluid\" data-gtm-name=\"Benefits\" data-gtm-label=\"Benefits (en)\" data-gtm-vis-first-on-screen53434917_103=\"112405\" data-gtm-vis-total-visible-time53434917_103=\"1500\" data-gtm-vis-has-fired53434917_103=\"1\">\n<div class=\"row\">\n<div class=\"content-element content-element-product-benefit col-12 sm:col-6 mb-400\">\n<div class=\"bg-card px-300 py-250 mobile-nav:px-200 mobile-nav:py-150 h-full flex overflow-hidden card-border\">\n<div class=\"min-w-0\">\n<p><strong>Y\u00fcks\u0259k Tutumlu Havaland\u0131rma<\/strong><br \/>\nBURE b\u00f6y\u00fck salonlar v\u0259 s\u0259naye binalar\u0131 \u00fc\u00e7\u00fcn effektiv, y\u00fcks\u0259k tutumlu havaland\u0131rma t\u0259min edir.<\/p>\n<p>&nbsp;<\/p>\n<p><strong>\u0130stilik v\u0259 Soyutma<\/strong><br \/>\nBURE y\u00fcks\u0259k induksiya diffuzoru m\u00fcxt\u0259lif parametrl\u0259rd\u0259 h\u0259m isitm\u0259, h\u0259m d\u0259 soyutma t\u0259min ed\u0259 bil\u0259r.<\/p>\n<p>&nbsp;<\/p>\n<p><strong>T\u0259zyiq D\u00fc\u015f\u00fc\u015f\u00fc D\u0259yi\u015fikliyi<\/strong><br \/>\nT\u0259zyiq d\u00fc\u015fm\u0259sinin d\u0259yi\u015fm\u0259sin\u0259 h\u0259nd\u0259s\u0259 t\u0259nziml\u0259nm\u0259sinin ki\u00e7ik t\u0259siri var.<\/p>\n<p>&nbsp;<\/p>\n<p>M\u00fcxt\u0259lif \u00f6l\u00e7\u00fcl\u0259rd\u0259 m\u00f6vcud olan BURE b\u00f6y\u00fck salonlar\u0131n v\u0259 s\u0259naye binalar\u0131n\u0131n effektiv v\u0259 rahat y\u00fcks\u0259k tutumlu havaland\u0131rmas\u0131 \u00fc\u00e7\u00fcn t\u0259nziml\u0259n\u0259n h\u0259nd\u0259s\u0259 diffuzorudur. Effektiv istilik v\u0259 soyutma \u00fc\u00e7\u00fcn n\u0259z\u0259rd\u0259 tutulmu\u015fdur. Qura\u015fd\u0131rma h\u00fcnd\u00fcrl\u00fcy\u00fc 4m il\u0259 12m aras\u0131nda oldu\u011fu \u00fc\u00e7\u00fcn b\u00f6y\u00fck s\u0259naye v\u0259 ictimai salonlarda qura\u015fd\u0131rmaq \u00fc\u00e7\u00fcn \u0259lveri\u015flidir. Hava atma sxemi \u0259l il\u0259 (BURE-HC), elektrik \u00f6t\u00fcr\u00fcc\u00fc (BURE-MC, BURE-M2) v\u0259 ya istilik \u00f6t\u00fcr\u00fcc\u00fc (BURE-TC) il\u0259 t\u0259nziml\u0259n\u0259 bil\u0259r.<\/p>\n<p>B\u00fct\u00fcn BURE se\u00e7iml\u0259rinin idar\u0259etm\u0259 mexanizmi tamamil\u0259 \u00fcf\u00fcqi v\u0259 \u015faquli bo\u015falma n\u00fcmun\u0259sinin t\u0259nziml\u0259nm\u0259si aras\u0131nda ist\u0259nil\u0259n se\u00e7ilmi\u015f m\u00f6vqed\u0259 ax\u0131n modelini davaml\u0131 olaraq t\u0259nziml\u0259yir. BURE giri\u015f t\u0131xac\u0131ndan v\u0259 periferik s\u0259th\u0259 v\u0259 alt t\u0259r\u0259f\u0259 hava verm\u0259k \u00fc\u00e7\u00fcn a\u00e7\u0131l\u0131\u015flar\u0131 olan daxili v\u0259 xarici q\u0259f\u0259sd\u0259n ibar\u0259tdir. X\u00fcsusi \u0259m\u0259liyyat metodundan as\u0131l\u0131 olaraq, periferik s\u0259thd\u0259 (soyutma, \u00fcf\u00fcqi hava ax\u0131n\u0131) v\u0259 ya alt t\u0259r\u0259fd\u0259 (istilik, \u015faquli hava ax\u0131n\u0131) a\u00e7\u0131l\u0131\u015flar a\u00e7\u0131l\u0131r.<\/p>\n<\/div>\n<\/div>\n<\/div>\n<\/div>\n<\/div>\n<div class=\"content-container content-container-page gtm-product-section\" data-gtm-name=\"Content\" data-gtm-label=\"Content (en)\" data-gtm-vis-recent-on-screen53434917_103=\"115302\" data-gtm-vis-first-on-screen53434917_103=\"115302\" data-gtm-vis-total-visible-time53434917_103=\"1500\" data-gtm-vis-has-fired53434917_103=\"1\">\n<div id=\"scroll-f4101694\" class=\"content-element content-element-grid gtm-component-grid mb-400 overflow-x-hidden container-screen px-0\">\n<div class=\"row mx-0 md:mx-0 pb-400 gap-y-0\">\n<div class=\"content-container content-container-grid-cell px-0 col-12 md:col-4 lg:col-4\">\n<div id=\"scroll-08e18222\" class=\"content-element content-element-video gtm-component-video\">\n<div class=\"relative\">\n<div class=\"block w-full\"><\/div>\n<p><iframe class=\"absolute inset-0 w-full h-full object-center object-contain\" title=\"Youtube Video\" src=\"https:\/\/www.youtube.com\/embed\/Y0wdB5_lceI\" frameborder=\"0\" allowfullscreen=\"allowfullscreen\" data-mce-fragment=\"1\"><\/iframe><\/p>\n<\/div>\n<\/div>\n<\/div>\n<div class=\"content-container content-container-grid-cell px-0 col-12 md:col-4 lg:col-4\">\n<div class=\"content-element content-element-divider gtm-component-divider container-fluid\">\n<div class=\"row\">\n<div class=\"md:col-7 md:offset-1\">\n<div class=\"\">\n<hr class=\"m-0 border-none\" \/>\n<\/div>\n<\/div>\n<\/div>\n<\/div>\n<\/div>\n<div class=\"content-container content-container-grid-cell px-0 col-12 md:col-4 lg:col-4\">\n<div id=\"scroll-8cb89d90\" class=\"break-words hyphens-auto content-element content-element-stat Stat_stat__1ggk2 Stat_stat--size-l__U0qD1 Stat_stat--color-cool__OWgK6 Stat_stat--is-card__QFUIr Stat_stat--is-in-grid__VRgRO\"><strong>Sifari\u015finiz, t\u0259rziniz!<\/strong><br \/>\nM\u0259hsulumuz sizin se\u00e7iml\u0259riniz\u0259 uy\u011funla\u015fd\u0131r\u0131la bil\u0259r v\u0259 estetik bax\u0131\u015f\u0131n\u0131za m\u00fck\u0259mm\u0259l uy\u011funla\u015fmaq \u00fc\u00e7\u00fcn onu ist\u0259nil\u0259n RAL kodu s\u0259thi il\u0259 sifari\u015f etm\u0259y\u0259 imkan verir.<\/div>\n<\/div>\n<\/div>\n<\/div>\n<\/div>\n","protected":false},"excerpt":{"rendered":"<div>\n<p>T\u0259nziml\u0259n\u0259n h\u0259nd\u0259s\u0259<\/p>\n<p>Y\u00fcks\u0259k tutumlu<\/p>\n<p>Kompakt \u00f6l\u00e7\u00fc<\/p>\n<p>B\u00f6y\u00fck at\u0131\u015f uzunlu\u011fu<\/p>\n<\/div>\n<div class=\"flex flex-col gap-200\">\n<div class=\"flex flex-col flex-wrap gap-100 md:flex-row md:items-center gtm-purchase-option\" data-gtm-name=\"size\" data-gtm-label=\"Size (DN)\">\n<p><label class=\"flex gap-050 md:w-700 leading-none hyphens-auto print:w-full print:max-w-2\/5 text-label-small\">Size (DN)<\/label><\/p>\n<div class=\"flex flex-1 flex-wrap gap-050\"><button class=\"select-btn select-btn-small select-btn-selected gtm-purchase-option-value\" type=\"button\" data-gtm-name=\"250\" data-gtm-label=\"250\">250<\/button><button class=\"select-btn select-btn-small select-btn-default gtm-purchase-option-value\" type=\"button\" data-gtm-name=\"315\" data-gtm-label=\"315\">315<\/button><button class=\"select-btn select-btn-small select-btn-default gtm-purchase-option-value\" type=\"button\" data-gtm-name=\"400\" data-gtm-label=\"400\">400<\/button><button class=\"select-btn select-btn-small select-btn-default gtm-purchase-option-value\" type=\"button\" data-gtm-name=\"500\" data-gtm-label=\"500\">500<\/button><button class=\"select-btn select-btn-small select-btn-default gtm-purchase-option-value\" type=\"button\" data-gtm-name=\"630\" data-gtm-label=\"630\">630<\/button><\/div>\n<\/div>\n<\/div>\n<div class=\"gtm-sku-info flex flex-col gap-y-050 text-label-tiny text-neutral-600\">\n<div class=\"flex flex-wrap items-baseline gap-x-100 gap-y-025\"><span class=\"gtm-article-name\">BURE-250-TC-SW<\/span><span class=\"whitespace-nowrap gtm-article-number text-base font-bold\">#268580<\/span><\/div>\n<\/div>\n","protected":false},"featured_media":38085,"template":"","meta":[],"product_brand":[],"product_cat":[1935,1896,1843],"product_tag":[],"class_list":{"0":"post-38115","1":"product","2":"type-product","3":"status-publish","4":"has-post-thumbnail","6":"product_cat-dyisn-hnds-diffuzorlari","7":"product_cat-diffuzor-havalandirma-ucun-diffuzorlar","8":"product_cat-hava-paylayici-mhsullar","10":"first","11":"instock","12":"shipping-taxable","13":"product-type-simple"},"yoast_head":"<!-- This site is optimized with the Yoast SEO plugin v27.1.1 - https:\/\/yoast.com\/product\/yoast-seo-wordpress\/ -->\n<title>BURE D\u0259yi\u015f\u0259n H\u0259nd\u0259s\u0259 Diffuzorlar\u0131 B\u00f6y\u00fck salonlarda v\u0259 s\u0259naye binalar\u0131nda isitm\u0259 v\u0259 soyutma \u00fc\u00e7\u00fcn y\u00fcks\u0259k induksiya diffuzoru - GeoClimate.ge<\/title>\n<meta name=\"robots\" content=\"index, follow, max-snippet:-1, max-image-preview:large, max-video-preview:-1\" \/>\n<link rel=\"canonical\" href=\"https:\/\/geoclimate.ge\/az\/product\/bure-variable-geometry-diffusers-high-induction-diffuser-for-heating-and-cooling-in-big-halls-and-industrial-buildings\/\" \/>\n<meta property=\"og:locale\" content=\"az_AZ\" \/>\n<meta property=\"og:type\" content=\"article\" \/>\n<meta property=\"og:title\" content=\"BURE D\u0259yi\u015f\u0259n H\u0259nd\u0259s\u0259 Diffuzorlar\u0131 B\u00f6y\u00fck salonlarda v\u0259 s\u0259naye binalar\u0131nda isitm\u0259 v\u0259 soyutma \u00fc\u00e7\u00fcn y\u00fcks\u0259k induksiya diffuzoru - GeoClimate.ge\" \/>\n<meta property=\"og:description\" content=\"T\u0259nziml\u0259n\u0259n h\u0259nd\u0259s\u0259  Y\u00fcks\u0259k tutumlu  Kompakt \u00f6l\u00e7\u00fc  B\u00f6y\u00fck at\u0131\u015f uzunlu\u011fu      Size (DN) 250315400500630    BURE-250-TC-SW#268580\" \/>\n<meta property=\"og:url\" content=\"https:\/\/geoclimate.ge\/az\/product\/bure-variable-geometry-diffusers-high-induction-diffuser-for-heating-and-cooling-in-big-halls-and-industrial-buildings\/\" \/>\n<meta property=\"og:site_name\" content=\"GeoClimate.ge\" \/>\n<meta property=\"article:modified_time\" content=\"2025-09-08T15:01:30+00:00\" \/>\n<meta property=\"og:image\" content=\"https:\/\/geoclimate.ge\/wp-content\/uploads\/2025\/09\/PRODUCT-MAIN-IMAGE_BURE.jpg\" \/>\n\t<meta property=\"og:image:width\" content=\"384\" \/>\n\t<meta property=\"og:image:height\" content=\"288\" \/>\n\t<meta property=\"og:image:type\" content=\"image\/jpeg\" \/>\n<meta name=\"twitter:card\" content=\"summary_large_image\" \/>\n<meta name=\"twitter:label1\" content=\"Est. reading time\" \/>\n\t<meta name=\"twitter:data1\" content=\"2 minutes\" \/>\n<script type=\"application\/ld+json\" class=\"yoast-schema-graph\">{\"@context\":\"https:\/\/schema.org\",\"@graph\":[{\"@type\":\"WebPage\",\"@id\":\"https:\/\/geoclimate.ge\/az\/product\/bure-variable-geometry-diffusers-high-induction-diffuser-for-heating-and-cooling-in-big-halls-and-industrial-buildings\/\",\"url\":\"https:\/\/geoclimate.ge\/az\/product\/bure-variable-geometry-diffusers-high-induction-diffuser-for-heating-and-cooling-in-big-halls-and-industrial-buildings\/\",\"name\":\"BURE D\u0259yi\u015f\u0259n H\u0259nd\u0259s\u0259 Diffuzorlar\u0131 B\u00f6y\u00fck salonlarda v\u0259 s\u0259naye binalar\u0131nda isitm\u0259 v\u0259 soyutma \u00fc\u00e7\u00fcn y\u00fcks\u0259k induksiya diffuzoru - GeoClimate.ge\",\"isPartOf\":{\"@id\":\"https:\/\/geoclimate.ge\/#website\"},\"primaryImageOfPage\":{\"@id\":\"https:\/\/geoclimate.ge\/az\/product\/bure-variable-geometry-diffusers-high-induction-diffuser-for-heating-and-cooling-in-big-halls-and-industrial-buildings\/#primaryimage\"},\"image\":{\"@id\":\"https:\/\/geoclimate.ge\/az\/product\/bure-variable-geometry-diffusers-high-induction-diffuser-for-heating-and-cooling-in-big-halls-and-industrial-buildings\/#primaryimage\"},\"thumbnailUrl\":\"https:\/\/geoclimate.ge\/wp-content\/uploads\/2025\/09\/PRODUCT-MAIN-IMAGE_BURE.jpg\",\"datePublished\":\"2025-09-08T14:58:56+00:00\",\"dateModified\":\"2025-09-08T15:01:30+00:00\",\"breadcrumb\":{\"@id\":\"https:\/\/geoclimate.ge\/az\/product\/bure-variable-geometry-diffusers-high-induction-diffuser-for-heating-and-cooling-in-big-halls-and-industrial-buildings\/#breadcrumb\"},\"inLanguage\":\"az\",\"potentialAction\":[{\"@type\":\"ReadAction\",\"target\":[\"https:\/\/geoclimate.ge\/az\/product\/bure-variable-geometry-diffusers-high-induction-diffuser-for-heating-and-cooling-in-big-halls-and-industrial-buildings\/\"]}]},{\"@type\":\"ImageObject\",\"inLanguage\":\"az\",\"@id\":\"https:\/\/geoclimate.ge\/az\/product\/bure-variable-geometry-diffusers-high-induction-diffuser-for-heating-and-cooling-in-big-halls-and-industrial-buildings\/#primaryimage\",\"url\":\"https:\/\/geoclimate.ge\/wp-content\/uploads\/2025\/09\/PRODUCT-MAIN-IMAGE_BURE.jpg\",\"contentUrl\":\"https:\/\/geoclimate.ge\/wp-content\/uploads\/2025\/09\/PRODUCT-MAIN-IMAGE_BURE.jpg\",\"width\":384,\"height\":288},{\"@type\":\"BreadcrumbList\",\"@id\":\"https:\/\/geoclimate.ge\/az\/product\/bure-variable-geometry-diffusers-high-induction-diffuser-for-heating-and-cooling-in-big-halls-and-industrial-buildings\/#breadcrumb\",\"itemListElement\":[{\"@type\":\"ListItem\",\"position\":1,\"name\":\"Home\",\"item\":\"https:\/\/geoclimate.ge\/az\/\"},{\"@type\":\"ListItem\",\"position\":2,\"name\":\"M\u0259hsullar\",\"item\":\"https:\/\/geoclimate.ge\/az\/products\/\"},{\"@type\":\"ListItem\",\"position\":3,\"name\":\"BURE D\u0259yi\u015f\u0259n H\u0259nd\u0259s\u0259 Diffuzorlar\u0131 B\u00f6y\u00fck salonlarda v\u0259 s\u0259naye binalar\u0131nda isitm\u0259 v\u0259 soyutma \u00fc\u00e7\u00fcn y\u00fcks\u0259k induksiya diffuzoru\"}]},{\"@type\":\"WebSite\",\"@id\":\"https:\/\/geoclimate.ge\/#website\",\"url\":\"https:\/\/geoclimate.ge\/\",\"name\":\"GeoClimate\",\"description\":\"\",\"publisher\":{\"@id\":\"https:\/\/geoclimate.ge\/#organization\"},\"potentialAction\":[{\"@type\":\"SearchAction\",\"target\":{\"@type\":\"EntryPoint\",\"urlTemplate\":\"https:\/\/geoclimate.ge\/?s={search_term_string}\"},\"query-input\":{\"@type\":\"PropertyValueSpecification\",\"valueRequired\":true,\"valueName\":\"search_term_string\"}}],\"inLanguage\":\"az\"},{\"@type\":\"Organization\",\"@id\":\"https:\/\/geoclimate.ge\/#organization\",\"name\":\"GeoClimate\",\"url\":\"https:\/\/geoclimate.ge\/\",\"logo\":{\"@type\":\"ImageObject\",\"inLanguage\":\"az\",\"@id\":\"https:\/\/geoclimate.ge\/#\/schema\/logo\/image\/\",\"url\":\"https:\/\/geoclimate.ge\/wp-content\/uploads\/2026\/03\/geoclimate-SEO.png\",\"contentUrl\":\"https:\/\/geoclimate.ge\/wp-content\/uploads\/2026\/03\/geoclimate-SEO.png\",\"width\":1536,\"height\":1024,\"caption\":\"GeoClimate\"},\"image\":{\"@id\":\"https:\/\/geoclimate.ge\/#\/schema\/logo\/image\/\"}}]}<\/script>\n<!-- \/ Yoast SEO plugin. -->","yoast_head_json":{"title":"BURE D\u0259yi\u015f\u0259n H\u0259nd\u0259s\u0259 Diffuzorlar\u0131 B\u00f6y\u00fck salonlarda v\u0259 s\u0259naye binalar\u0131nda isitm\u0259 v\u0259 soyutma \u00fc\u00e7\u00fcn y\u00fcks\u0259k induksiya diffuzoru - GeoClimate.ge","robots":{"index":"index","follow":"follow","max-snippet":"max-snippet:-1","max-image-preview":"max-image-preview:large","max-video-preview":"max-video-preview:-1"},"canonical":"https:\/\/geoclimate.ge\/az\/product\/bure-variable-geometry-diffusers-high-induction-diffuser-for-heating-and-cooling-in-big-halls-and-industrial-buildings\/","og_locale":"az_AZ","og_type":"article","og_title":"BURE D\u0259yi\u015f\u0259n H\u0259nd\u0259s\u0259 Diffuzorlar\u0131 B\u00f6y\u00fck salonlarda v\u0259 s\u0259naye binalar\u0131nda isitm\u0259 v\u0259 soyutma \u00fc\u00e7\u00fcn y\u00fcks\u0259k induksiya diffuzoru - GeoClimate.ge","og_description":"T\u0259nziml\u0259n\u0259n h\u0259nd\u0259s\u0259  Y\u00fcks\u0259k tutumlu  Kompakt \u00f6l\u00e7\u00fc  B\u00f6y\u00fck at\u0131\u015f uzunlu\u011fu      Size (DN) 250315400500630    BURE-250-TC-SW#268580","og_url":"https:\/\/geoclimate.ge\/az\/product\/bure-variable-geometry-diffusers-high-induction-diffuser-for-heating-and-cooling-in-big-halls-and-industrial-buildings\/","og_site_name":"GeoClimate.ge","article_modified_time":"2025-09-08T15:01:30+00:00","og_image":[{"width":384,"height":288,"url":"https:\/\/geoclimate.ge\/wp-content\/uploads\/2025\/09\/PRODUCT-MAIN-IMAGE_BURE.jpg","type":"image\/jpeg"}],"twitter_card":"summary_large_image","twitter_misc":{"Est. reading time":"2 minutes"},"schema":{"@context":"https:\/\/schema.org","@graph":[{"@type":"WebPage","@id":"https:\/\/geoclimate.ge\/az\/product\/bure-variable-geometry-diffusers-high-induction-diffuser-for-heating-and-cooling-in-big-halls-and-industrial-buildings\/","url":"https:\/\/geoclimate.ge\/az\/product\/bure-variable-geometry-diffusers-high-induction-diffuser-for-heating-and-cooling-in-big-halls-and-industrial-buildings\/","name":"BURE D\u0259yi\u015f\u0259n H\u0259nd\u0259s\u0259 Diffuzorlar\u0131 B\u00f6y\u00fck salonlarda v\u0259 s\u0259naye binalar\u0131nda isitm\u0259 v\u0259 soyutma \u00fc\u00e7\u00fcn y\u00fcks\u0259k induksiya diffuzoru - GeoClimate.ge","isPartOf":{"@id":"https:\/\/geoclimate.ge\/#website"},"primaryImageOfPage":{"@id":"https:\/\/geoclimate.ge\/az\/product\/bure-variable-geometry-diffusers-high-induction-diffuser-for-heating-and-cooling-in-big-halls-and-industrial-buildings\/#primaryimage"},"image":{"@id":"https:\/\/geoclimate.ge\/az\/product\/bure-variable-geometry-diffusers-high-induction-diffuser-for-heating-and-cooling-in-big-halls-and-industrial-buildings\/#primaryimage"},"thumbnailUrl":"https:\/\/geoclimate.ge\/wp-content\/uploads\/2025\/09\/PRODUCT-MAIN-IMAGE_BURE.jpg","datePublished":"2025-09-08T14:58:56+00:00","dateModified":"2025-09-08T15:01:30+00:00","breadcrumb":{"@id":"https:\/\/geoclimate.ge\/az\/product\/bure-variable-geometry-diffusers-high-induction-diffuser-for-heating-and-cooling-in-big-halls-and-industrial-buildings\/#breadcrumb"},"inLanguage":"az","potentialAction":[{"@type":"ReadAction","target":["https:\/\/geoclimate.ge\/az\/product\/bure-variable-geometry-diffusers-high-induction-diffuser-for-heating-and-cooling-in-big-halls-and-industrial-buildings\/"]}]},{"@type":"ImageObject","inLanguage":"az","@id":"https:\/\/geoclimate.ge\/az\/product\/bure-variable-geometry-diffusers-high-induction-diffuser-for-heating-and-cooling-in-big-halls-and-industrial-buildings\/#primaryimage","url":"https:\/\/geoclimate.ge\/wp-content\/uploads\/2025\/09\/PRODUCT-MAIN-IMAGE_BURE.jpg","contentUrl":"https:\/\/geoclimate.ge\/wp-content\/uploads\/2025\/09\/PRODUCT-MAIN-IMAGE_BURE.jpg","width":384,"height":288},{"@type":"BreadcrumbList","@id":"https:\/\/geoclimate.ge\/az\/product\/bure-variable-geometry-diffusers-high-induction-diffuser-for-heating-and-cooling-in-big-halls-and-industrial-buildings\/#breadcrumb","itemListElement":[{"@type":"ListItem","position":1,"name":"Home","item":"https:\/\/geoclimate.ge\/az\/"},{"@type":"ListItem","position":2,"name":"M\u0259hsullar","item":"https:\/\/geoclimate.ge\/az\/products\/"},{"@type":"ListItem","position":3,"name":"BURE D\u0259yi\u015f\u0259n H\u0259nd\u0259s\u0259 Diffuzorlar\u0131 B\u00f6y\u00fck salonlarda v\u0259 s\u0259naye binalar\u0131nda isitm\u0259 v\u0259 soyutma \u00fc\u00e7\u00fcn y\u00fcks\u0259k induksiya diffuzoru"}]},{"@type":"WebSite","@id":"https:\/\/geoclimate.ge\/#website","url":"https:\/\/geoclimate.ge\/","name":"GeoClimate","description":"","publisher":{"@id":"https:\/\/geoclimate.ge\/#organization"},"potentialAction":[{"@type":"SearchAction","target":{"@type":"EntryPoint","urlTemplate":"https:\/\/geoclimate.ge\/?s={search_term_string}"},"query-input":{"@type":"PropertyValueSpecification","valueRequired":true,"valueName":"search_term_string"}}],"inLanguage":"az"},{"@type":"Organization","@id":"https:\/\/geoclimate.ge\/#organization","name":"GeoClimate","url":"https:\/\/geoclimate.ge\/","logo":{"@type":"ImageObject","inLanguage":"az","@id":"https:\/\/geoclimate.ge\/#\/schema\/logo\/image\/","url":"https:\/\/geoclimate.ge\/wp-content\/uploads\/2026\/03\/geoclimate-SEO.png","contentUrl":"https:\/\/geoclimate.ge\/wp-content\/uploads\/2026\/03\/geoclimate-SEO.png","width":1536,"height":1024,"caption":"GeoClimate"},"image":{"@id":"https:\/\/geoclimate.ge\/#\/schema\/logo\/image\/"}}]}},"_links":{"self":[{"href":"https:\/\/geoclimate.ge\/az\/wp-json\/wp\/v2\/product\/38115","targetHints":{"allow":["GET"]}}],"collection":[{"href":"https:\/\/geoclimate.ge\/az\/wp-json\/wp\/v2\/product"}],"about":[{"href":"https:\/\/geoclimate.ge\/az\/wp-json\/wp\/v2\/types\/product"}],"wp:featuredmedia":[{"embeddable":true,"href":"https:\/\/geoclimate.ge\/az\/wp-json\/wp\/v2\/media\/38085"}],"wp:attachment":[{"href":"https:\/\/geoclimate.ge\/az\/wp-json\/wp\/v2\/media?parent=38115"}],"wp:term":[{"taxonomy":"product_brand","embeddable":true,"href":"https:\/\/geoclimate.ge\/az\/wp-json\/wp\/v2\/product_brand?post=38115"},{"taxonomy":"product_cat","embeddable":true,"href":"https:\/\/geoclimate.ge\/az\/wp-json\/wp\/v2\/product_cat?post=38115"},{"taxonomy":"product_tag","embeddable":true,"href":"https:\/\/geoclimate.ge\/az\/wp-json\/wp\/v2\/product_tag?post=38115"}],"curies":[{"name":"wp","href":"https:\/\/api.w.org\/{rel}","templated":true}]}}