{"id":38223,"date":"2025-09-08T21:50:31","date_gmt":"2025-09-08T17:50:31","guid":{"rendered":"https:\/\/airsystems.ge\/shop\/product\/38166\/"},"modified":"2025-09-08T21:56:00","modified_gmt":"2025-09-08T17:56:00","slug":"38166","status":"publish","type":"product","link":"https:\/\/geoclimate.ge\/az\/product\/38166\/","title":{"rendered":"KSV x\u0259tti diffuzorlar M\u00fcxt\u0259lif parametrl\u0259rd\u0259 hava t\u0259chizat\u0131 \u00fc\u00e7\u00fcn t\u0259nziml\u0259n\u0259n deflektorlu yuva diffuzoru"},"content":{"rendered":"<div class=\"mb-400 gtm-product-section container-fluid\" data-gtm-name=\"Benefits\" data-gtm-label=\"Benefits (en)\" data-gtm-vis-first-on-screen53434917_103=\"83052\" data-gtm-vis-total-visible-time53434917_103=\"1500\" data-gtm-vis-has-fired53434917_103=\"1\">\n<div class=\"row\">\n<div class=\"content-element content-element-product-benefit col-12 sm:col-6 mb-400\">\n<div class=\"bg-card px-300 py-250 mobile-nav:px-200 mobile-nav:py-150 h-full flex overflow-hidden card-border\">\n<div class=\"min-w-0\">\n<p><strong>T\u0259nziml\u0259n\u0259n deflektorlar<\/strong><br \/>\nKSV diffuzorlar\u0131nda hava t\u0259dar\u00fck\u00fcn\u00fc laz\u0131m olan yer\u0259 y\u00f6n\u0259ltm\u0259k \u00fc\u00e7\u00fcn t\u0259nziml\u0259n\u0259n deflektorlar var.<\/p>\n<p>&nbsp;<\/p>\n<p><strong>Dar tikinti<\/strong><br \/>\nDar, inc\u0259 v\u0259 erqonomik dizayn KSV diffuzorunu uy\u011funla\u015fa bil\u0259n se\u00e7im edir.<\/p>\n<p>&nbsp;<\/p>\n<p><strong>Y\u00fcks\u0259k induksiya<\/strong><br \/>\nKSV diffuzorlar\u0131 m\u00fcxt\u0259lif parametrl\u0259rd\u0259 s\u0259m\u0259r\u0259li v\u0259 etibarl\u0131 i\u015fl\u0259m\u0259k \u00fc\u00e7\u00fcn y\u00fcks\u0259k induksiyaya malikdir.<\/p>\n<p>&nbsp;<\/p>\n<p>M\u00fcxt\u0259lif \u00f6l\u00e7\u00fcl\u0259rd\u0259 m\u00f6vcud olan KSV, t\u0259nziml\u0259n\u0259n deflektorlarla t\u0259chiz edilmi\u015f uy\u011funla\u015fd\u0131r\u0131la bil\u0259n yuva diffuzorudur. \u018fsas\u0259n hava t\u0259chizat\u0131 \u00fc\u00e7\u00fcn n\u0259z\u0259rd\u0259 tutulmu\u015fdur v\u0259 tavanlarda v\u0259 ya divarlarda, ticar\u0259t obyektl\u0259rind\u0259, ofisl\u0259rd\u0259, ictimai binalarda v\u0259 4 m-\u0259 q\u0259d\u0259r y\u00fcks\u0259klikd\u0259 olan ya\u015fay\u0131\u015f binalar\u0131nda qura\u015fd\u0131rmaq \u00fc\u00e7\u00fcn uy\u011fundur. KSV diffuzorunun qura\u015fd\u0131r\u0131lmas\u0131 plenum qutusu il\u0259 v\u0259 ya olmadan m\u00fcmk\u00fcnd\u00fcr.<\/p>\n<p>KSV maksimum rahatl\u0131q \u00fc\u00e7\u00fcn n\u0259z\u0259rd\u0259 tutulmu\u015fdur v\u0259 modul yerl\u0259\u015fdirm\u0259y\u0259 imkan verir. Diffuz \u00fcz\u0259rind\u0259 1-d\u0259n 4-\u0259 q\u0259d\u0259r yuva m\u00f6vcuddur. KSV, elox s\u0259thi olan ekstr\u00fcde al\u00fcminium profild\u0259n haz\u0131rlanm\u0131\u015fd\u0131r. Yuvan\u0131n daxili hiss\u0259si plastikdir. Yuva diffuzorunun h\u0259m yuvas\u0131, h\u0259m d\u0259 t\u0259nziml\u0259yici damperi olan plenum qutusu sinkl\u0259nmi\u015f polad t\u0259b\u0259q\u0259d\u0259n haz\u0131rlan\u0131r. S\u0259s z\u0259ifl\u0259d\u0259n v\u0259 ya istilik izolyasiya ed\u0259n materialla t\u0259chiz edilmi\u015f plenum qutusu da m\u00f6vcuddur.<\/p>\n<\/div>\n<\/div>\n<\/div>\n<\/div>\n<\/div>\n","protected":false},"excerpt":{"rendered":"<div>\n<p>Uzun t\u0259sir<\/p>\n<p>Y\u00fcks\u0259k induksiya<\/p>\n<p>Dar tikinti<\/p>\n<p>Rahat dizayn<\/p>\n<\/div>\n<div class=\"flex flex-col gap-200\">\n<div class=\"flex flex-col flex-wrap gap-100 md:flex-row md:items-center gtm-purchase-option\" data-gtm-name=\"number_of_slots\" data-gtm-label=\"Number of slots\">\n<p><label class=\"flex gap-050 md:w-700 leading-none hyphens-auto print:w-full print:max-w-2\/5 text-label-small\">Number of slots<\/label><\/p>\n<div class=\"flex flex-1 flex-wrap gap-050\"><button class=\"select-btn select-btn-small select-btn-selected gtm-purchase-option-value\" type=\"button\" data-gtm-name=\"1\" data-gtm-label=\"1\">1<\/button><button class=\"select-btn select-btn-small select-btn-default gtm-purchase-option-value\" type=\"button\" data-gtm-name=\"2\" data-gtm-label=\"2\">2<\/button><button class=\"select-btn select-btn-small select-btn-default gtm-purchase-option-value\" type=\"button\" data-gtm-name=\"3\" data-gtm-label=\"3\">3<\/button><button class=\"select-btn select-btn-small select-btn-default gtm-purchase-option-value\" type=\"button\" data-gtm-name=\"4\" data-gtm-label=\"4\">4<\/button><\/div>\n<\/div>\n<div class=\"flex flex-col flex-wrap gap-100 md:flex-row md:items-center gtm-purchase-option\" data-gtm-name=\"diffuser_length\" data-gtm-label=\"Diffuser length\">\n<p><label class=\"flex gap-050 md:w-700 leading-none hyphens-auto print:w-full print:max-w-2\/5 text-label-small\">Diffuser length<\/label><\/p>\n<div class=\"flex flex-1 flex-wrap gap-050\"><button class=\"select-btn select-btn-small select-btn-selected gtm-purchase-option-value\" type=\"button\" data-gtm-name=\"600\" data-gtm-label=\"600\">600<\/button><button class=\"select-btn select-btn-small select-btn-default gtm-purchase-option-value\" type=\"button\" data-gtm-name=\"750\" data-gtm-label=\"750\">750<\/button><button class=\"select-btn select-btn-small select-btn-default gtm-purchase-option-value\" type=\"button\" data-gtm-name=\"900\" data-gtm-label=\"900\">900<\/button><button class=\"select-btn select-btn-small select-btn-default gtm-purchase-option-value\" type=\"button\" data-gtm-name=\"1050\" data-gtm-label=\"1050\">1050<\/button><button class=\"select-btn select-btn-small select-btn-default gtm-purchase-option-value\" type=\"button\" data-gtm-name=\"1200\" data-gtm-label=\"1200\">1200<\/button><button class=\"select-btn select-btn-small select-btn-default gtm-purchase-option-value\" type=\"button\" data-gtm-name=\"1350\" data-gtm-label=\"1350\">1350<\/button><button class=\"select-btn select-btn-small select-btn-default gtm-purchase-option-value\" type=\"button\" data-gtm-name=\"1500\" data-gtm-label=\"1500\">1500<\/button><button class=\"select-btn select-btn-small select-btn-default gtm-purchase-option-value\" type=\"button\" data-gtm-name=\"1650\" data-gtm-label=\"1650\">1650<\/button><button class=\"select-btn select-btn-small select-btn-default gtm-purchase-option-value\" type=\"button\" data-gtm-name=\"1800\" data-gtm-label=\"1800\">1800<\/button><button class=\"select-btn select-btn-small select-btn-default gtm-purchase-option-value\" type=\"button\" data-gtm-name=\"1950\" data-gtm-label=\"1950\">1950<\/button><\/div>\n<\/div>\n<div class=\"flex flex-col flex-wrap gap-100 md:flex-row md:items-center gtm-purchase-option\" data-gtm-name=\"colour_of_deflectors\" data-gtm-label=\"Colour of deflectors\">\n<p><label class=\"flex gap-050 md:w-700 leading-none hyphens-auto print:w-full print:max-w-2\/5 text-label-small\">Colour of deflectors<\/label><\/p>\n<div class=\"flex flex-1 flex-wrap gap-050\"><button class=\"select-btn select-btn-small select-btn-selected gtm-purchase-option-value\" type=\"button\" data-gtm-name=\"Black\" data-gtm-label=\"Black\">Black<\/button><button class=\"select-btn select-btn-small select-btn-default gtm-purchase-option-value\" type=\"button\" data-gtm-name=\"Signal white\" data-gtm-label=\"Signal white\">Signal white<\/button><\/div>\n<\/div>\n<div class=\"flex flex-col flex-wrap gap-100 md:flex-row md:items-center gtm-purchase-option\" data-gtm-name=\"diffuser_construction\" data-gtm-label=\"Diffuser construction\">\n<p><label class=\"flex gap-050 md:w-700 leading-none hyphens-auto print:w-full print:max-w-2\/5 text-label-small\">Diffuser construction<\/label><\/p>\n<div class=\"flex flex-1 flex-wrap gap-050\">\n<div class=\"dropdown-wrapper dropdown-wrapper-small w-full gtm-purchase-option-value gtm-purchase-option-value-dropdown\"><select class=\"form-dropdown form-input form-dropdown-small\"><option value=\"0\" data-gtm-name=\"Complete unit incl. side frame at both ends\" data-gtm-label=\"Complete unit incl. side frame at both ends\">Complete unit incl. side frame at both ends<\/option><option value=\"1\" data-gtm-name=\"End unit for linear assembly\" data-gtm-label=\"End unit for linear assembly\">End unit for linear assembly<\/option><option value=\"2\" data-gtm-name=\"Middle unit for linear assembly\" data-gtm-label=\"Middle unit for linear assembly\">Middle unit for linear assembly<\/option><\/select><\/div>\n<\/div>\n<\/div>\n<div class=\"flex flex-col flex-wrap gap-100 md:flex-row md:items-center gtm-purchase-option\" data-gtm-name=\"surface_finish\" data-gtm-label=\"Surface finish\">\n<p><label class=\"flex gap-050 md:w-700 leading-none hyphens-auto print:w-full print:max-w-2\/5 text-label-small\">Surface finish<\/label><\/p>\n<div class=\"flex flex-1 flex-wrap gap-050\">\n<div class=\"dropdown-wrapper dropdown-wrapper-small w-full gtm-purchase-option-value gtm-purchase-option-value-dropdown\"><select class=\"form-dropdown form-input form-dropdown-small\"><option value=\"0\" data-gtm-name=\"Anodized aluminium colour paint\" data-gtm-label=\"Anodized aluminium colour paint\">Anodized aluminium colour paint<\/option><option value=\"2\" data-gtm-name=\"Signal white (RAL9003)\" data-gtm-label=\"Signal white (RAL9003)\">Signal white (RAL9003)<\/option><\/select><\/div>\n<\/div>\n<\/div>\n<\/div>\n<div class=\"gtm-sku-info flex flex-col gap-y-050 text-label-tiny text-neutral-600\">\n<div class=\"flex flex-wrap items-baseline gap-x-100 gap-y-025\"><span class=\"gtm-article-name\">KSV-1-600-B-0-AN<\/span><span class=\"whitespace-nowrap gtm-article-number text-base font-bold\">#60351<\/span><\/div>\n<\/div>\n","protected":false},"featured_media":38169,"template":"","meta":[],"product_brand":[],"product_cat":[1896,1843,1926],"product_tag":[],"class_list":{"0":"post-38223","1":"product","2":"type-product","3":"status-publish","4":"has-post-thumbnail","6":"product_cat-diffuzor-havalandirma-ucun-diffuzorlar","7":"product_cat-hava-paylayici-mhsullar","8":"product_cat-xtti-diffuzorlar","10":"first","11":"instock","12":"shipping-taxable","13":"product-type-simple"},"yoast_head":"<!-- This site is optimized with the Yoast SEO plugin v27.1.1 - https:\/\/yoast.com\/product\/yoast-seo-wordpress\/ -->\n<title>KSV x\u0259tti diffuzorlar M\u00fcxt\u0259lif parametrl\u0259rd\u0259 hava t\u0259chizat\u0131 \u00fc\u00e7\u00fcn t\u0259nziml\u0259n\u0259n deflektorlu yuva diffuzoru - GeoClimate.ge<\/title>\n<meta name=\"robots\" content=\"index, follow, max-snippet:-1, max-image-preview:large, max-video-preview:-1\" \/>\n<link rel=\"canonical\" href=\"https:\/\/geoclimate.ge\/az\/product\/38166\/\" \/>\n<meta property=\"og:locale\" content=\"az_AZ\" \/>\n<meta property=\"og:type\" content=\"article\" \/>\n<meta property=\"og:title\" content=\"KSV x\u0259tti diffuzorlar M\u00fcxt\u0259lif parametrl\u0259rd\u0259 hava t\u0259chizat\u0131 \u00fc\u00e7\u00fcn t\u0259nziml\u0259n\u0259n deflektorlu yuva diffuzoru - GeoClimate.ge\" \/>\n<meta property=\"og:description\" content=\"Uzun t\u0259sir  Y\u00fcks\u0259k induksiya  Dar tikinti  Rahat dizayn      Number of slots 1234    Diffuser length 6007509001050120013501500165018001950    Colour of deflectors BlackSignal white    Diffuser construction   Complete unit incl. side frame at both ends End unit for linear assembly Middle unit for linear assembly      Surface finish   Anodized aluminium colour paint Signal white (RAL9003)      KSV-1-600-B-0-AN#60351\" \/>\n<meta property=\"og:url\" content=\"https:\/\/geoclimate.ge\/az\/product\/38166\/\" \/>\n<meta property=\"og:site_name\" content=\"GeoClimate.ge\" \/>\n<meta property=\"article:modified_time\" content=\"2025-09-08T17:56:00+00:00\" \/>\n<meta property=\"og:image\" content=\"https:\/\/geoclimate.ge\/wp-content\/uploads\/2025\/09\/PRODUCT-MAIN-IMAGE_KSV.jpg\" \/>\n\t<meta property=\"og:image:width\" content=\"384\" \/>\n\t<meta property=\"og:image:height\" content=\"288\" \/>\n\t<meta property=\"og:image:type\" content=\"image\/jpeg\" \/>\n<meta name=\"twitter:card\" content=\"summary_large_image\" \/>\n<meta name=\"twitter:label1\" content=\"Est. reading time\" \/>\n\t<meta name=\"twitter:data1\" content=\"1 minute\" \/>\n<script type=\"application\/ld+json\" class=\"yoast-schema-graph\">{\"@context\":\"https:\/\/schema.org\",\"@graph\":[{\"@type\":\"WebPage\",\"@id\":\"https:\/\/geoclimate.ge\/az\/product\/38166\/\",\"url\":\"https:\/\/geoclimate.ge\/az\/product\/38166\/\",\"name\":\"KSV x\u0259tti diffuzorlar M\u00fcxt\u0259lif parametrl\u0259rd\u0259 hava t\u0259chizat\u0131 \u00fc\u00e7\u00fcn t\u0259nziml\u0259n\u0259n deflektorlu yuva diffuzoru - GeoClimate.ge\",\"isPartOf\":{\"@id\":\"https:\/\/geoclimate.ge\/#website\"},\"primaryImageOfPage\":{\"@id\":\"https:\/\/geoclimate.ge\/az\/product\/38166\/#primaryimage\"},\"image\":{\"@id\":\"https:\/\/geoclimate.ge\/az\/product\/38166\/#primaryimage\"},\"thumbnailUrl\":\"https:\/\/geoclimate.ge\/wp-content\/uploads\/2025\/09\/PRODUCT-MAIN-IMAGE_KSV.jpg\",\"datePublished\":\"2025-09-08T17:50:31+00:00\",\"dateModified\":\"2025-09-08T17:56:00+00:00\",\"breadcrumb\":{\"@id\":\"https:\/\/geoclimate.ge\/az\/product\/38166\/#breadcrumb\"},\"inLanguage\":\"az\",\"potentialAction\":[{\"@type\":\"ReadAction\",\"target\":[\"https:\/\/geoclimate.ge\/az\/product\/38166\/\"]}]},{\"@type\":\"ImageObject\",\"inLanguage\":\"az\",\"@id\":\"https:\/\/geoclimate.ge\/az\/product\/38166\/#primaryimage\",\"url\":\"https:\/\/geoclimate.ge\/wp-content\/uploads\/2025\/09\/PRODUCT-MAIN-IMAGE_KSV.jpg\",\"contentUrl\":\"https:\/\/geoclimate.ge\/wp-content\/uploads\/2025\/09\/PRODUCT-MAIN-IMAGE_KSV.jpg\",\"width\":384,\"height\":288},{\"@type\":\"BreadcrumbList\",\"@id\":\"https:\/\/geoclimate.ge\/az\/product\/38166\/#breadcrumb\",\"itemListElement\":[{\"@type\":\"ListItem\",\"position\":1,\"name\":\"Home\",\"item\":\"https:\/\/geoclimate.ge\/az\/\"},{\"@type\":\"ListItem\",\"position\":2,\"name\":\"M\u0259hsullar\",\"item\":\"https:\/\/geoclimate.ge\/az\/products\/\"},{\"@type\":\"ListItem\",\"position\":3,\"name\":\"KSV x\u0259tti diffuzorlar M\u00fcxt\u0259lif parametrl\u0259rd\u0259 hava t\u0259chizat\u0131 \u00fc\u00e7\u00fcn t\u0259nziml\u0259n\u0259n deflektorlu yuva diffuzoru\"}]},{\"@type\":\"WebSite\",\"@id\":\"https:\/\/geoclimate.ge\/#website\",\"url\":\"https:\/\/geoclimate.ge\/\",\"name\":\"GeoClimate\",\"description\":\"\",\"publisher\":{\"@id\":\"https:\/\/geoclimate.ge\/#organization\"},\"potentialAction\":[{\"@type\":\"SearchAction\",\"target\":{\"@type\":\"EntryPoint\",\"urlTemplate\":\"https:\/\/geoclimate.ge\/?s={search_term_string}\"},\"query-input\":{\"@type\":\"PropertyValueSpecification\",\"valueRequired\":true,\"valueName\":\"search_term_string\"}}],\"inLanguage\":\"az\"},{\"@type\":\"Organization\",\"@id\":\"https:\/\/geoclimate.ge\/#organization\",\"name\":\"GeoClimate\",\"url\":\"https:\/\/geoclimate.ge\/\",\"logo\":{\"@type\":\"ImageObject\",\"inLanguage\":\"az\",\"@id\":\"https:\/\/geoclimate.ge\/#\/schema\/logo\/image\/\",\"url\":\"https:\/\/geoclimate.ge\/wp-content\/uploads\/2026\/03\/geoclimate-SEO.png\",\"contentUrl\":\"https:\/\/geoclimate.ge\/wp-content\/uploads\/2026\/03\/geoclimate-SEO.png\",\"width\":1536,\"height\":1024,\"caption\":\"GeoClimate\"},\"image\":{\"@id\":\"https:\/\/geoclimate.ge\/#\/schema\/logo\/image\/\"}}]}<\/script>\n<!-- \/ Yoast SEO plugin. -->","yoast_head_json":{"title":"KSV x\u0259tti diffuzorlar M\u00fcxt\u0259lif parametrl\u0259rd\u0259 hava t\u0259chizat\u0131 \u00fc\u00e7\u00fcn t\u0259nziml\u0259n\u0259n deflektorlu yuva diffuzoru - GeoClimate.ge","robots":{"index":"index","follow":"follow","max-snippet":"max-snippet:-1","max-image-preview":"max-image-preview:large","max-video-preview":"max-video-preview:-1"},"canonical":"https:\/\/geoclimate.ge\/az\/product\/38166\/","og_locale":"az_AZ","og_type":"article","og_title":"KSV x\u0259tti diffuzorlar M\u00fcxt\u0259lif parametrl\u0259rd\u0259 hava t\u0259chizat\u0131 \u00fc\u00e7\u00fcn t\u0259nziml\u0259n\u0259n deflektorlu yuva diffuzoru - GeoClimate.ge","og_description":"Uzun t\u0259sir  Y\u00fcks\u0259k induksiya  Dar tikinti  Rahat dizayn      Number of slots 1234    Diffuser length 6007509001050120013501500165018001950    Colour of deflectors BlackSignal white    Diffuser construction   Complete unit incl. side frame at both ends End unit for linear assembly Middle unit for linear assembly      Surface finish   Anodized aluminium colour paint Signal white (RAL9003)      KSV-1-600-B-0-AN#60351","og_url":"https:\/\/geoclimate.ge\/az\/product\/38166\/","og_site_name":"GeoClimate.ge","article_modified_time":"2025-09-08T17:56:00+00:00","og_image":[{"width":384,"height":288,"url":"https:\/\/geoclimate.ge\/wp-content\/uploads\/2025\/09\/PRODUCT-MAIN-IMAGE_KSV.jpg","type":"image\/jpeg"}],"twitter_card":"summary_large_image","twitter_misc":{"Est. reading time":"1 minute"},"schema":{"@context":"https:\/\/schema.org","@graph":[{"@type":"WebPage","@id":"https:\/\/geoclimate.ge\/az\/product\/38166\/","url":"https:\/\/geoclimate.ge\/az\/product\/38166\/","name":"KSV x\u0259tti diffuzorlar M\u00fcxt\u0259lif parametrl\u0259rd\u0259 hava t\u0259chizat\u0131 \u00fc\u00e7\u00fcn t\u0259nziml\u0259n\u0259n deflektorlu yuva diffuzoru - GeoClimate.ge","isPartOf":{"@id":"https:\/\/geoclimate.ge\/#website"},"primaryImageOfPage":{"@id":"https:\/\/geoclimate.ge\/az\/product\/38166\/#primaryimage"},"image":{"@id":"https:\/\/geoclimate.ge\/az\/product\/38166\/#primaryimage"},"thumbnailUrl":"https:\/\/geoclimate.ge\/wp-content\/uploads\/2025\/09\/PRODUCT-MAIN-IMAGE_KSV.jpg","datePublished":"2025-09-08T17:50:31+00:00","dateModified":"2025-09-08T17:56:00+00:00","breadcrumb":{"@id":"https:\/\/geoclimate.ge\/az\/product\/38166\/#breadcrumb"},"inLanguage":"az","potentialAction":[{"@type":"ReadAction","target":["https:\/\/geoclimate.ge\/az\/product\/38166\/"]}]},{"@type":"ImageObject","inLanguage":"az","@id":"https:\/\/geoclimate.ge\/az\/product\/38166\/#primaryimage","url":"https:\/\/geoclimate.ge\/wp-content\/uploads\/2025\/09\/PRODUCT-MAIN-IMAGE_KSV.jpg","contentUrl":"https:\/\/geoclimate.ge\/wp-content\/uploads\/2025\/09\/PRODUCT-MAIN-IMAGE_KSV.jpg","width":384,"height":288},{"@type":"BreadcrumbList","@id":"https:\/\/geoclimate.ge\/az\/product\/38166\/#breadcrumb","itemListElement":[{"@type":"ListItem","position":1,"name":"Home","item":"https:\/\/geoclimate.ge\/az\/"},{"@type":"ListItem","position":2,"name":"M\u0259hsullar","item":"https:\/\/geoclimate.ge\/az\/products\/"},{"@type":"ListItem","position":3,"name":"KSV x\u0259tti diffuzorlar M\u00fcxt\u0259lif parametrl\u0259rd\u0259 hava t\u0259chizat\u0131 \u00fc\u00e7\u00fcn t\u0259nziml\u0259n\u0259n deflektorlu yuva diffuzoru"}]},{"@type":"WebSite","@id":"https:\/\/geoclimate.ge\/#website","url":"https:\/\/geoclimate.ge\/","name":"GeoClimate","description":"","publisher":{"@id":"https:\/\/geoclimate.ge\/#organization"},"potentialAction":[{"@type":"SearchAction","target":{"@type":"EntryPoint","urlTemplate":"https:\/\/geoclimate.ge\/?s={search_term_string}"},"query-input":{"@type":"PropertyValueSpecification","valueRequired":true,"valueName":"search_term_string"}}],"inLanguage":"az"},{"@type":"Organization","@id":"https:\/\/geoclimate.ge\/#organization","name":"GeoClimate","url":"https:\/\/geoclimate.ge\/","logo":{"@type":"ImageObject","inLanguage":"az","@id":"https:\/\/geoclimate.ge\/#\/schema\/logo\/image\/","url":"https:\/\/geoclimate.ge\/wp-content\/uploads\/2026\/03\/geoclimate-SEO.png","contentUrl":"https:\/\/geoclimate.ge\/wp-content\/uploads\/2026\/03\/geoclimate-SEO.png","width":1536,"height":1024,"caption":"GeoClimate"},"image":{"@id":"https:\/\/geoclimate.ge\/#\/schema\/logo\/image\/"}}]}},"_links":{"self":[{"href":"https:\/\/geoclimate.ge\/az\/wp-json\/wp\/v2\/product\/38223","targetHints":{"allow":["GET"]}}],"collection":[{"href":"https:\/\/geoclimate.ge\/az\/wp-json\/wp\/v2\/product"}],"about":[{"href":"https:\/\/geoclimate.ge\/az\/wp-json\/wp\/v2\/types\/product"}],"wp:featuredmedia":[{"embeddable":true,"href":"https:\/\/geoclimate.ge\/az\/wp-json\/wp\/v2\/media\/38169"}],"wp:attachment":[{"href":"https:\/\/geoclimate.ge\/az\/wp-json\/wp\/v2\/media?parent=38223"}],"wp:term":[{"taxonomy":"product_brand","embeddable":true,"href":"https:\/\/geoclimate.ge\/az\/wp-json\/wp\/v2\/product_brand?post=38223"},{"taxonomy":"product_cat","embeddable":true,"href":"https:\/\/geoclimate.ge\/az\/wp-json\/wp\/v2\/product_cat?post=38223"},{"taxonomy":"product_tag","embeddable":true,"href":"https:\/\/geoclimate.ge\/az\/wp-json\/wp\/v2\/product_tag?post=38223"}],"curies":[{"name":"wp","href":"https:\/\/api.w.org\/{rel}","templated":true}]}}