{"id":38531,"date":"2025-09-09T18:21:42","date_gmt":"2025-09-09T14:21:42","guid":{"rendered":"https:\/\/airsystems.ge\/shop\/product\/tsn-f-swirl-diffusers-swirl-diffuser-for-t-bar-ceilings\/"},"modified":"2025-09-09T18:23:40","modified_gmt":"2025-09-09T14:23:40","slug":"tsn-f-swirl-diffusers-swirl-diffuser-for-t-bar-ceilings","status":"publish","type":"product","link":"https:\/\/geoclimate.ge\/az\/product\/tsn-f-swirl-diffusers-swirl-diffuser-for-t-bar-ceilings\/","title":{"rendered":"TSN-F Swirl Diffuzorlar T-bar tavanlar \u00fc\u00e7\u00fcn burul\u011fan diffuzor"},"content":{"rendered":"","protected":false},"excerpt":{"rendered":"<div class=\"row\">\n<div class=\"col-12 text-style-body-small\">\n<div class=\"richtext-wrap reset-margin-last\">\n<p>Sad\u0259 v\u0259 t\u0259hl\u00fck\u0259siz dizayn, asan qura\u015fd\u0131rma v\u0259 idar\u0259etm\u0259<\/p>\n<p>Plenum qutusu olmadan i\u015fl\u0259y\u0259 bil\u0259r, birba\u015fa kanala qo\u015fula bil\u0259r<\/p>\n<p>A\u015fa\u011f\u0131 qura\u015fd\u0131rma sah\u0259si h\u00fcnd\u00fcrl\u00fcy\u00fc t\u0259l\u0259bl\u0259ri<\/p>\n<p>Hava ax\u0131n\u0131 tutumu, t\u0259zyiq d\u00fc\u015fm\u0259si v\u0259 s\u0259s istehsal\u0131 aras\u0131nda yax\u015f\u0131 balansla\u015fd\u0131r\u0131lm\u0131\u015f nisb\u0259t<\/p>\n<p>A\u015fa\u011f\u0131 hava ax\u0131n\u0131 h\u0259cml\u0259rind\u0259 \u0259la induksiya d\u0259r\u0259c\u0259si<\/p>\n<\/div>\n<\/div>\n<\/div>\n<div class=\"flex flex-col gap-200\">\n<div class=\"flex flex-col flex-wrap gap-100 md:flex-row md:items-center gtm-purchase-option\" data-gtm-name=\"size\" data-gtm-label=\"Size\">\n<p><label class=\"flex gap-050 md:w-700 leading-none hyphens-auto print:w-full print:max-w-2\/5 text-label-small\">Size<\/label><\/p>\n<div class=\"flex flex-1 flex-wrap gap-050\"><button class=\"select-btn select-btn-small select-btn-selected gtm-purchase-option-value\" type=\"button\" data-gtm-name=\"125\" data-gtm-label=\"125\">125<\/button><button class=\"select-btn select-btn-small select-btn-default gtm-purchase-option-value\" type=\"button\" data-gtm-name=\"160\" data-gtm-label=\"160\">160<\/button><button class=\"select-btn select-btn-small select-btn-default gtm-purchase-option-value\" type=\"button\" data-gtm-name=\"200\" data-gtm-label=\"200\">200<\/button><button class=\"select-btn select-btn-small select-btn-default gtm-purchase-option-value\" type=\"button\" data-gtm-name=\"250\" data-gtm-label=\"250\">250<\/button><button class=\"select-btn select-btn-small select-btn-default gtm-purchase-option-value\" type=\"button\" data-gtm-name=\"315\" data-gtm-label=\"315\">315<\/button><button class=\"select-btn select-btn-small select-btn-default gtm-purchase-option-value\" type=\"button\" data-gtm-name=\"400\" data-gtm-label=\"400\">400<\/button><\/div>\n<\/div>\n<div class=\"flex flex-col flex-wrap gap-100 md:flex-row md:items-center gtm-purchase-option\" data-gtm-name=\"tbar\" data-gtm-label=\"T-bar raster size\">\n<p><label class=\"flex gap-050 md:w-700 leading-none hyphens-auto print:w-full print:max-w-2\/5 text-label-small\">T-bar raster size<\/label><\/p>\n<div class=\"flex flex-1 flex-wrap gap-050\"><button class=\"select-btn select-btn-small select-btn-selected gtm-purchase-option-value\" type=\"button\" data-gtm-name=\"600\" data-gtm-label=\"600\">600<\/button><button class=\"select-btn select-btn-small select-btn-default gtm-purchase-option-value\" type=\"button\" data-gtm-name=\"625\" data-gtm-label=\"625\">625<\/button><\/div>\n<\/div>\n<\/div>\n<div class=\"gtm-sku-info flex flex-col gap-y-050 text-label-tiny text-neutral-600\">\n<div class=\"flex flex-wrap items-baseline gap-x-100 gap-y-025\"><span class=\"gtm-article-name\">TSN-F-125-600-SW<\/span><span class=\"whitespace-nowrap gtm-article-number text-base font-bold\">#471746<\/span><\/div>\n<\/div>\n","protected":false},"featured_media":38508,"template":"","meta":[],"product_brand":[],"product_cat":[1896,1843,1932],"product_tag":[],"class_list":{"0":"post-38531","1":"product","2":"type-product","3":"status-publish","4":"has-post-thumbnail","6":"product_cat-diffuzor-havalandirma-ucun-diffuzorlar","7":"product_cat-hava-paylayici-mhsullar","8":"product_cat-swirl-diffuzorlar","10":"first","11":"instock","12":"shipping-taxable","13":"product-type-simple"},"yoast_head":"<!-- This site is optimized with the Yoast SEO plugin v27.1.1 - https:\/\/yoast.com\/product\/yoast-seo-wordpress\/ -->\n<title>TSN-F Swirl Diffuzorlar T-bar tavanlar \u00fc\u00e7\u00fcn burul\u011fan diffuzor - GeoClimate.ge<\/title>\n<meta name=\"robots\" content=\"index, follow, max-snippet:-1, max-image-preview:large, max-video-preview:-1\" \/>\n<link rel=\"canonical\" href=\"https:\/\/geoclimate.ge\/az\/product\/tsn-f-swirl-diffusers-swirl-diffuser-for-t-bar-ceilings\/\" \/>\n<meta property=\"og:locale\" content=\"az_AZ\" \/>\n<meta property=\"og:type\" content=\"article\" \/>\n<meta property=\"og:title\" content=\"TSN-F Swirl Diffuzorlar T-bar tavanlar \u00fc\u00e7\u00fcn burul\u011fan diffuzor - GeoClimate.ge\" \/>\n<meta property=\"og:description\" content=\"Sad\u0259 v\u0259 t\u0259hl\u00fck\u0259siz dizayn, asan qura\u015fd\u0131rma v\u0259 idar\u0259etm\u0259  Plenum qutusu olmadan i\u015fl\u0259y\u0259 bil\u0259r, birba\u015fa kanala qo\u015fula bil\u0259r  A\u015fa\u011f\u0131 qura\u015fd\u0131rma sah\u0259si h\u00fcnd\u00fcrl\u00fcy\u00fc t\u0259l\u0259bl\u0259ri  Hava ax\u0131n\u0131 tutumu, t\u0259zyiq d\u00fc\u015fm\u0259si v\u0259 s\u0259s istehsal\u0131 aras\u0131nda yax\u015f\u0131 balansla\u015fd\u0131r\u0131lm\u0131\u015f nisb\u0259t  A\u015fa\u011f\u0131 hava ax\u0131n\u0131 h\u0259cml\u0259rind\u0259 \u0259la induksiya d\u0259r\u0259c\u0259si        Size 125160200250315400    T-bar raster size 600625    TSN-F-125-600-SW#471746\" \/>\n<meta property=\"og:url\" content=\"https:\/\/geoclimate.ge\/az\/product\/tsn-f-swirl-diffusers-swirl-diffuser-for-t-bar-ceilings\/\" \/>\n<meta property=\"og:site_name\" content=\"GeoClimate.ge\" \/>\n<meta property=\"article:modified_time\" content=\"2025-09-09T14:23:40+00:00\" \/>\n<meta property=\"og:image\" content=\"https:\/\/geoclimate.ge\/wp-content\/uploads\/2025\/09\/TSN-F-HQ.jpg\" \/>\n\t<meta property=\"og:image:width\" content=\"384\" \/>\n\t<meta property=\"og:image:height\" content=\"240\" \/>\n\t<meta property=\"og:image:type\" content=\"image\/jpeg\" \/>\n<meta name=\"twitter:card\" content=\"summary_large_image\" \/>\n<script type=\"application\/ld+json\" class=\"yoast-schema-graph\">{\"@context\":\"https:\/\/schema.org\",\"@graph\":[{\"@type\":\"WebPage\",\"@id\":\"https:\/\/geoclimate.ge\/az\/product\/tsn-f-swirl-diffusers-swirl-diffuser-for-t-bar-ceilings\/\",\"url\":\"https:\/\/geoclimate.ge\/az\/product\/tsn-f-swirl-diffusers-swirl-diffuser-for-t-bar-ceilings\/\",\"name\":\"TSN-F Swirl Diffuzorlar T-bar tavanlar \u00fc\u00e7\u00fcn burul\u011fan diffuzor - GeoClimate.ge\",\"isPartOf\":{\"@id\":\"https:\/\/geoclimate.ge\/#website\"},\"primaryImageOfPage\":{\"@id\":\"https:\/\/geoclimate.ge\/az\/product\/tsn-f-swirl-diffusers-swirl-diffuser-for-t-bar-ceilings\/#primaryimage\"},\"image\":{\"@id\":\"https:\/\/geoclimate.ge\/az\/product\/tsn-f-swirl-diffusers-swirl-diffuser-for-t-bar-ceilings\/#primaryimage\"},\"thumbnailUrl\":\"https:\/\/geoclimate.ge\/wp-content\/uploads\/2025\/09\/TSN-F-HQ.jpg\",\"datePublished\":\"2025-09-09T14:21:42+00:00\",\"dateModified\":\"2025-09-09T14:23:40+00:00\",\"breadcrumb\":{\"@id\":\"https:\/\/geoclimate.ge\/az\/product\/tsn-f-swirl-diffusers-swirl-diffuser-for-t-bar-ceilings\/#breadcrumb\"},\"inLanguage\":\"az\",\"potentialAction\":[{\"@type\":\"ReadAction\",\"target\":[\"https:\/\/geoclimate.ge\/az\/product\/tsn-f-swirl-diffusers-swirl-diffuser-for-t-bar-ceilings\/\"]}]},{\"@type\":\"ImageObject\",\"inLanguage\":\"az\",\"@id\":\"https:\/\/geoclimate.ge\/az\/product\/tsn-f-swirl-diffusers-swirl-diffuser-for-t-bar-ceilings\/#primaryimage\",\"url\":\"https:\/\/geoclimate.ge\/wp-content\/uploads\/2025\/09\/TSN-F-HQ.jpg\",\"contentUrl\":\"https:\/\/geoclimate.ge\/wp-content\/uploads\/2025\/09\/TSN-F-HQ.jpg\",\"width\":384,\"height\":240},{\"@type\":\"BreadcrumbList\",\"@id\":\"https:\/\/geoclimate.ge\/az\/product\/tsn-f-swirl-diffusers-swirl-diffuser-for-t-bar-ceilings\/#breadcrumb\",\"itemListElement\":[{\"@type\":\"ListItem\",\"position\":1,\"name\":\"Home\",\"item\":\"https:\/\/geoclimate.ge\/az\/\"},{\"@type\":\"ListItem\",\"position\":2,\"name\":\"M\u0259hsullar\",\"item\":\"https:\/\/geoclimate.ge\/az\/products\/\"},{\"@type\":\"ListItem\",\"position\":3,\"name\":\"TSN-F Swirl Diffuzorlar T-bar tavanlar \u00fc\u00e7\u00fcn burul\u011fan diffuzor\"}]},{\"@type\":\"WebSite\",\"@id\":\"https:\/\/geoclimate.ge\/#website\",\"url\":\"https:\/\/geoclimate.ge\/\",\"name\":\"GeoClimate\",\"description\":\"\",\"publisher\":{\"@id\":\"https:\/\/geoclimate.ge\/#organization\"},\"potentialAction\":[{\"@type\":\"SearchAction\",\"target\":{\"@type\":\"EntryPoint\",\"urlTemplate\":\"https:\/\/geoclimate.ge\/?s={search_term_string}\"},\"query-input\":{\"@type\":\"PropertyValueSpecification\",\"valueRequired\":true,\"valueName\":\"search_term_string\"}}],\"inLanguage\":\"az\"},{\"@type\":\"Organization\",\"@id\":\"https:\/\/geoclimate.ge\/#organization\",\"name\":\"GeoClimate\",\"url\":\"https:\/\/geoclimate.ge\/\",\"logo\":{\"@type\":\"ImageObject\",\"inLanguage\":\"az\",\"@id\":\"https:\/\/geoclimate.ge\/#\/schema\/logo\/image\/\",\"url\":\"https:\/\/geoclimate.ge\/wp-content\/uploads\/2026\/03\/geoclimate-SEO.png\",\"contentUrl\":\"https:\/\/geoclimate.ge\/wp-content\/uploads\/2026\/03\/geoclimate-SEO.png\",\"width\":1536,\"height\":1024,\"caption\":\"GeoClimate\"},\"image\":{\"@id\":\"https:\/\/geoclimate.ge\/#\/schema\/logo\/image\/\"}}]}<\/script>\n<!-- \/ Yoast SEO plugin. -->","yoast_head_json":{"title":"TSN-F Swirl Diffuzorlar T-bar tavanlar \u00fc\u00e7\u00fcn burul\u011fan diffuzor - GeoClimate.ge","robots":{"index":"index","follow":"follow","max-snippet":"max-snippet:-1","max-image-preview":"max-image-preview:large","max-video-preview":"max-video-preview:-1"},"canonical":"https:\/\/geoclimate.ge\/az\/product\/tsn-f-swirl-diffusers-swirl-diffuser-for-t-bar-ceilings\/","og_locale":"az_AZ","og_type":"article","og_title":"TSN-F Swirl Diffuzorlar T-bar tavanlar \u00fc\u00e7\u00fcn burul\u011fan diffuzor - GeoClimate.ge","og_description":"Sad\u0259 v\u0259 t\u0259hl\u00fck\u0259siz dizayn, asan qura\u015fd\u0131rma v\u0259 idar\u0259etm\u0259  Plenum qutusu olmadan i\u015fl\u0259y\u0259 bil\u0259r, birba\u015fa kanala qo\u015fula bil\u0259r  A\u015fa\u011f\u0131 qura\u015fd\u0131rma sah\u0259si h\u00fcnd\u00fcrl\u00fcy\u00fc t\u0259l\u0259bl\u0259ri  Hava ax\u0131n\u0131 tutumu, t\u0259zyiq d\u00fc\u015fm\u0259si v\u0259 s\u0259s istehsal\u0131 aras\u0131nda yax\u015f\u0131 balansla\u015fd\u0131r\u0131lm\u0131\u015f nisb\u0259t  A\u015fa\u011f\u0131 hava ax\u0131n\u0131 h\u0259cml\u0259rind\u0259 \u0259la induksiya d\u0259r\u0259c\u0259si        Size 125160200250315400    T-bar raster size 600625    TSN-F-125-600-SW#471746","og_url":"https:\/\/geoclimate.ge\/az\/product\/tsn-f-swirl-diffusers-swirl-diffuser-for-t-bar-ceilings\/","og_site_name":"GeoClimate.ge","article_modified_time":"2025-09-09T14:23:40+00:00","og_image":[{"width":384,"height":240,"url":"https:\/\/geoclimate.ge\/wp-content\/uploads\/2025\/09\/TSN-F-HQ.jpg","type":"image\/jpeg"}],"twitter_card":"summary_large_image","schema":{"@context":"https:\/\/schema.org","@graph":[{"@type":"WebPage","@id":"https:\/\/geoclimate.ge\/az\/product\/tsn-f-swirl-diffusers-swirl-diffuser-for-t-bar-ceilings\/","url":"https:\/\/geoclimate.ge\/az\/product\/tsn-f-swirl-diffusers-swirl-diffuser-for-t-bar-ceilings\/","name":"TSN-F Swirl Diffuzorlar T-bar tavanlar \u00fc\u00e7\u00fcn burul\u011fan diffuzor - GeoClimate.ge","isPartOf":{"@id":"https:\/\/geoclimate.ge\/#website"},"primaryImageOfPage":{"@id":"https:\/\/geoclimate.ge\/az\/product\/tsn-f-swirl-diffusers-swirl-diffuser-for-t-bar-ceilings\/#primaryimage"},"image":{"@id":"https:\/\/geoclimate.ge\/az\/product\/tsn-f-swirl-diffusers-swirl-diffuser-for-t-bar-ceilings\/#primaryimage"},"thumbnailUrl":"https:\/\/geoclimate.ge\/wp-content\/uploads\/2025\/09\/TSN-F-HQ.jpg","datePublished":"2025-09-09T14:21:42+00:00","dateModified":"2025-09-09T14:23:40+00:00","breadcrumb":{"@id":"https:\/\/geoclimate.ge\/az\/product\/tsn-f-swirl-diffusers-swirl-diffuser-for-t-bar-ceilings\/#breadcrumb"},"inLanguage":"az","potentialAction":[{"@type":"ReadAction","target":["https:\/\/geoclimate.ge\/az\/product\/tsn-f-swirl-diffusers-swirl-diffuser-for-t-bar-ceilings\/"]}]},{"@type":"ImageObject","inLanguage":"az","@id":"https:\/\/geoclimate.ge\/az\/product\/tsn-f-swirl-diffusers-swirl-diffuser-for-t-bar-ceilings\/#primaryimage","url":"https:\/\/geoclimate.ge\/wp-content\/uploads\/2025\/09\/TSN-F-HQ.jpg","contentUrl":"https:\/\/geoclimate.ge\/wp-content\/uploads\/2025\/09\/TSN-F-HQ.jpg","width":384,"height":240},{"@type":"BreadcrumbList","@id":"https:\/\/geoclimate.ge\/az\/product\/tsn-f-swirl-diffusers-swirl-diffuser-for-t-bar-ceilings\/#breadcrumb","itemListElement":[{"@type":"ListItem","position":1,"name":"Home","item":"https:\/\/geoclimate.ge\/az\/"},{"@type":"ListItem","position":2,"name":"M\u0259hsullar","item":"https:\/\/geoclimate.ge\/az\/products\/"},{"@type":"ListItem","position":3,"name":"TSN-F Swirl Diffuzorlar T-bar tavanlar \u00fc\u00e7\u00fcn burul\u011fan diffuzor"}]},{"@type":"WebSite","@id":"https:\/\/geoclimate.ge\/#website","url":"https:\/\/geoclimate.ge\/","name":"GeoClimate","description":"","publisher":{"@id":"https:\/\/geoclimate.ge\/#organization"},"potentialAction":[{"@type":"SearchAction","target":{"@type":"EntryPoint","urlTemplate":"https:\/\/geoclimate.ge\/?s={search_term_string}"},"query-input":{"@type":"PropertyValueSpecification","valueRequired":true,"valueName":"search_term_string"}}],"inLanguage":"az"},{"@type":"Organization","@id":"https:\/\/geoclimate.ge\/#organization","name":"GeoClimate","url":"https:\/\/geoclimate.ge\/","logo":{"@type":"ImageObject","inLanguage":"az","@id":"https:\/\/geoclimate.ge\/#\/schema\/logo\/image\/","url":"https:\/\/geoclimate.ge\/wp-content\/uploads\/2026\/03\/geoclimate-SEO.png","contentUrl":"https:\/\/geoclimate.ge\/wp-content\/uploads\/2026\/03\/geoclimate-SEO.png","width":1536,"height":1024,"caption":"GeoClimate"},"image":{"@id":"https:\/\/geoclimate.ge\/#\/schema\/logo\/image\/"}}]}},"_links":{"self":[{"href":"https:\/\/geoclimate.ge\/az\/wp-json\/wp\/v2\/product\/38531","targetHints":{"allow":["GET"]}}],"collection":[{"href":"https:\/\/geoclimate.ge\/az\/wp-json\/wp\/v2\/product"}],"about":[{"href":"https:\/\/geoclimate.ge\/az\/wp-json\/wp\/v2\/types\/product"}],"wp:featuredmedia":[{"embeddable":true,"href":"https:\/\/geoclimate.ge\/az\/wp-json\/wp\/v2\/media\/38508"}],"wp:attachment":[{"href":"https:\/\/geoclimate.ge\/az\/wp-json\/wp\/v2\/media?parent=38531"}],"wp:term":[{"taxonomy":"product_brand","embeddable":true,"href":"https:\/\/geoclimate.ge\/az\/wp-json\/wp\/v2\/product_brand?post=38531"},{"taxonomy":"product_cat","embeddable":true,"href":"https:\/\/geoclimate.ge\/az\/wp-json\/wp\/v2\/product_cat?post=38531"},{"taxonomy":"product_tag","embeddable":true,"href":"https:\/\/geoclimate.ge\/az\/wp-json\/wp\/v2\/product_tag?post=38531"}],"curies":[{"name":"wp","href":"https:\/\/api.w.org\/{rel}","templated":true}]}}