{"id":39015,"date":"2025-09-09T20:49:31","date_gmt":"2025-09-09T16:49:31","guid":{"rendered":"https:\/\/airsystems.ge\/shop\/product\/tef-s-air-valves-rectangular-air-valve-for-ceiling-installation\/"},"modified":"2025-09-09T20:51:13","modified_gmt":"2025-09-09T16:51:13","slug":"tef-s-air-valves-rectangular-air-valve-for-ceiling-installation","status":"publish","type":"product","link":"https:\/\/geoclimate.ge\/az\/product\/tef-s-air-valves-rectangular-air-valve-for-ceiling-installation\/","title":{"rendered":"TEF-S hava klapanlar\u0131 Tavan\u0131n qura\u015fd\u0131r\u0131lmas\u0131 \u00fc\u00e7\u00fcn d\u00fczbucaql\u0131 hava klapan"},"content":{"rendered":"","protected":false},"excerpt":{"rendered":"<div class=\"row\">\n<div class=\"col-12 text-style-body-small\">\n<div class=\"richtext-wrap reset-margin-last\">\n<p>Kompakt dizayn<\/p>\n<p>H\u0259m hava t\u0259chizat\u0131, h\u0259m d\u0259 \u00e7\u0131xar\u0131\u015f \u00fc\u00e7\u00fcn uy\u011fundur<\/p>\n<p>T\u0259nziml\u0259nm\u0259<\/p>\n<p>Davaml\u0131 tikinti<\/p>\n<\/div>\n<\/div>\n<\/div>\n<div>\n<div class=\"dropdown-wrapper\"><select class=\"form-dropdown form-input\"><option value=\"452757\">TEF-S-100-SW<\/option><option value=\"452758\">TEF-S-125-SW<\/option><option value=\"452759\">TEF-S-160-SW<\/option><option value=\"452761\">TEF-S-200-SW<\/option><\/select><\/div>\n<\/div>\n<div class=\"gtm-sku-info flex flex-col gap-y-050 text-label-tiny text-neutral-600\">\n<div class=\"flex flex-wrap items-baseline gap-x-100 gap-y-025\"><span class=\"gtm-article-name\">TEF-S-100-SW<\/span><span class=\"whitespace-nowrap gtm-article-number text-base font-bold\">#452757<\/span><\/div>\n<\/div>\n","protected":false},"featured_media":38998,"template":"","meta":[],"product_brand":[],"product_cat":[1896,1920,1843],"product_tag":[],"class_list":{"0":"post-39015","1":"product","2":"type-product","3":"status-publish","4":"has-post-thumbnail","6":"product_cat-diffuzor-havalandirma-ucun-diffuzorlar","7":"product_cat-hava-klapanlari","8":"product_cat-hava-paylayici-mhsullar","10":"first","11":"instock","12":"shipping-taxable","13":"product-type-simple"},"yoast_head":"<!-- This site is optimized with the Yoast SEO plugin v27.1.1 - https:\/\/yoast.com\/product\/yoast-seo-wordpress\/ -->\n<title>TEF-S hava klapanlar\u0131 Tavan\u0131n qura\u015fd\u0131r\u0131lmas\u0131 \u00fc\u00e7\u00fcn d\u00fczbucaql\u0131 hava klapan - GeoClimate.ge<\/title>\n<meta name=\"robots\" content=\"index, follow, max-snippet:-1, max-image-preview:large, max-video-preview:-1\" \/>\n<link rel=\"canonical\" href=\"https:\/\/geoclimate.ge\/az\/product\/tef-s-air-valves-rectangular-air-valve-for-ceiling-installation\/\" \/>\n<meta property=\"og:locale\" content=\"az_AZ\" \/>\n<meta property=\"og:type\" content=\"article\" \/>\n<meta property=\"og:title\" content=\"TEF-S hava klapanlar\u0131 Tavan\u0131n qura\u015fd\u0131r\u0131lmas\u0131 \u00fc\u00e7\u00fcn d\u00fczbucaql\u0131 hava klapan - GeoClimate.ge\" \/>\n<meta property=\"og:description\" content=\"Kompakt dizayn  H\u0259m hava t\u0259chizat\u0131, h\u0259m d\u0259 \u00e7\u0131xar\u0131\u015f \u00fc\u00e7\u00fcn uy\u011fundur  T\u0259nziml\u0259nm\u0259  Davaml\u0131 tikinti       TEF-S-100-SW TEF-S-125-SW TEF-S-160-SW TEF-S-200-SW    TEF-S-100-SW#452757\" \/>\n<meta property=\"og:url\" content=\"https:\/\/geoclimate.ge\/az\/product\/tef-s-air-valves-rectangular-air-valve-for-ceiling-installation\/\" \/>\n<meta property=\"og:site_name\" content=\"GeoClimate.ge\" \/>\n<meta property=\"article:modified_time\" content=\"2025-09-09T16:51:13+00:00\" \/>\n<meta property=\"og:image\" content=\"https:\/\/geoclimate.ge\/wp-content\/uploads\/2025\/09\/ECOM_TEF-S.jpg\" \/>\n\t<meta property=\"og:image:width\" content=\"384\" \/>\n\t<meta property=\"og:image:height\" content=\"288\" \/>\n\t<meta property=\"og:image:type\" content=\"image\/jpeg\" \/>\n<meta name=\"twitter:card\" content=\"summary_large_image\" \/>\n<script type=\"application\/ld+json\" class=\"yoast-schema-graph\">{\"@context\":\"https:\/\/schema.org\",\"@graph\":[{\"@type\":\"WebPage\",\"@id\":\"https:\/\/geoclimate.ge\/az\/product\/tef-s-air-valves-rectangular-air-valve-for-ceiling-installation\/\",\"url\":\"https:\/\/geoclimate.ge\/az\/product\/tef-s-air-valves-rectangular-air-valve-for-ceiling-installation\/\",\"name\":\"TEF-S hava klapanlar\u0131 Tavan\u0131n qura\u015fd\u0131r\u0131lmas\u0131 \u00fc\u00e7\u00fcn d\u00fczbucaql\u0131 hava klapan - GeoClimate.ge\",\"isPartOf\":{\"@id\":\"https:\/\/geoclimate.ge\/#website\"},\"primaryImageOfPage\":{\"@id\":\"https:\/\/geoclimate.ge\/az\/product\/tef-s-air-valves-rectangular-air-valve-for-ceiling-installation\/#primaryimage\"},\"image\":{\"@id\":\"https:\/\/geoclimate.ge\/az\/product\/tef-s-air-valves-rectangular-air-valve-for-ceiling-installation\/#primaryimage\"},\"thumbnailUrl\":\"https:\/\/geoclimate.ge\/wp-content\/uploads\/2025\/09\/ECOM_TEF-S.jpg\",\"datePublished\":\"2025-09-09T16:49:31+00:00\",\"dateModified\":\"2025-09-09T16:51:13+00:00\",\"breadcrumb\":{\"@id\":\"https:\/\/geoclimate.ge\/az\/product\/tef-s-air-valves-rectangular-air-valve-for-ceiling-installation\/#breadcrumb\"},\"inLanguage\":\"az\",\"potentialAction\":[{\"@type\":\"ReadAction\",\"target\":[\"https:\/\/geoclimate.ge\/az\/product\/tef-s-air-valves-rectangular-air-valve-for-ceiling-installation\/\"]}]},{\"@type\":\"ImageObject\",\"inLanguage\":\"az\",\"@id\":\"https:\/\/geoclimate.ge\/az\/product\/tef-s-air-valves-rectangular-air-valve-for-ceiling-installation\/#primaryimage\",\"url\":\"https:\/\/geoclimate.ge\/wp-content\/uploads\/2025\/09\/ECOM_TEF-S.jpg\",\"contentUrl\":\"https:\/\/geoclimate.ge\/wp-content\/uploads\/2025\/09\/ECOM_TEF-S.jpg\",\"width\":384,\"height\":288},{\"@type\":\"BreadcrumbList\",\"@id\":\"https:\/\/geoclimate.ge\/az\/product\/tef-s-air-valves-rectangular-air-valve-for-ceiling-installation\/#breadcrumb\",\"itemListElement\":[{\"@type\":\"ListItem\",\"position\":1,\"name\":\"Home\",\"item\":\"https:\/\/geoclimate.ge\/az\/\"},{\"@type\":\"ListItem\",\"position\":2,\"name\":\"M\u0259hsullar\",\"item\":\"https:\/\/geoclimate.ge\/az\/products\/\"},{\"@type\":\"ListItem\",\"position\":3,\"name\":\"TEF-S hava klapanlar\u0131 Tavan\u0131n qura\u015fd\u0131r\u0131lmas\u0131 \u00fc\u00e7\u00fcn d\u00fczbucaql\u0131 hava klapan\"}]},{\"@type\":\"WebSite\",\"@id\":\"https:\/\/geoclimate.ge\/#website\",\"url\":\"https:\/\/geoclimate.ge\/\",\"name\":\"GeoClimate\",\"description\":\"\",\"publisher\":{\"@id\":\"https:\/\/geoclimate.ge\/#organization\"},\"potentialAction\":[{\"@type\":\"SearchAction\",\"target\":{\"@type\":\"EntryPoint\",\"urlTemplate\":\"https:\/\/geoclimate.ge\/?s={search_term_string}\"},\"query-input\":{\"@type\":\"PropertyValueSpecification\",\"valueRequired\":true,\"valueName\":\"search_term_string\"}}],\"inLanguage\":\"az\"},{\"@type\":\"Organization\",\"@id\":\"https:\/\/geoclimate.ge\/#organization\",\"name\":\"GeoClimate\",\"url\":\"https:\/\/geoclimate.ge\/\",\"logo\":{\"@type\":\"ImageObject\",\"inLanguage\":\"az\",\"@id\":\"https:\/\/geoclimate.ge\/#\/schema\/logo\/image\/\",\"url\":\"https:\/\/geoclimate.ge\/wp-content\/uploads\/2026\/03\/geoclimate-SEO.png\",\"contentUrl\":\"https:\/\/geoclimate.ge\/wp-content\/uploads\/2026\/03\/geoclimate-SEO.png\",\"width\":1536,\"height\":1024,\"caption\":\"GeoClimate\"},\"image\":{\"@id\":\"https:\/\/geoclimate.ge\/#\/schema\/logo\/image\/\"}}]}<\/script>\n<!-- \/ Yoast SEO plugin. -->","yoast_head_json":{"title":"TEF-S hava klapanlar\u0131 Tavan\u0131n qura\u015fd\u0131r\u0131lmas\u0131 \u00fc\u00e7\u00fcn d\u00fczbucaql\u0131 hava klapan - GeoClimate.ge","robots":{"index":"index","follow":"follow","max-snippet":"max-snippet:-1","max-image-preview":"max-image-preview:large","max-video-preview":"max-video-preview:-1"},"canonical":"https:\/\/geoclimate.ge\/az\/product\/tef-s-air-valves-rectangular-air-valve-for-ceiling-installation\/","og_locale":"az_AZ","og_type":"article","og_title":"TEF-S hava klapanlar\u0131 Tavan\u0131n qura\u015fd\u0131r\u0131lmas\u0131 \u00fc\u00e7\u00fcn d\u00fczbucaql\u0131 hava klapan - GeoClimate.ge","og_description":"Kompakt dizayn  H\u0259m hava t\u0259chizat\u0131, h\u0259m d\u0259 \u00e7\u0131xar\u0131\u015f \u00fc\u00e7\u00fcn uy\u011fundur  T\u0259nziml\u0259nm\u0259  Davaml\u0131 tikinti       TEF-S-100-SW TEF-S-125-SW TEF-S-160-SW TEF-S-200-SW    TEF-S-100-SW#452757","og_url":"https:\/\/geoclimate.ge\/az\/product\/tef-s-air-valves-rectangular-air-valve-for-ceiling-installation\/","og_site_name":"GeoClimate.ge","article_modified_time":"2025-09-09T16:51:13+00:00","og_image":[{"width":384,"height":288,"url":"https:\/\/geoclimate.ge\/wp-content\/uploads\/2025\/09\/ECOM_TEF-S.jpg","type":"image\/jpeg"}],"twitter_card":"summary_large_image","schema":{"@context":"https:\/\/schema.org","@graph":[{"@type":"WebPage","@id":"https:\/\/geoclimate.ge\/az\/product\/tef-s-air-valves-rectangular-air-valve-for-ceiling-installation\/","url":"https:\/\/geoclimate.ge\/az\/product\/tef-s-air-valves-rectangular-air-valve-for-ceiling-installation\/","name":"TEF-S hava klapanlar\u0131 Tavan\u0131n qura\u015fd\u0131r\u0131lmas\u0131 \u00fc\u00e7\u00fcn d\u00fczbucaql\u0131 hava klapan - GeoClimate.ge","isPartOf":{"@id":"https:\/\/geoclimate.ge\/#website"},"primaryImageOfPage":{"@id":"https:\/\/geoclimate.ge\/az\/product\/tef-s-air-valves-rectangular-air-valve-for-ceiling-installation\/#primaryimage"},"image":{"@id":"https:\/\/geoclimate.ge\/az\/product\/tef-s-air-valves-rectangular-air-valve-for-ceiling-installation\/#primaryimage"},"thumbnailUrl":"https:\/\/geoclimate.ge\/wp-content\/uploads\/2025\/09\/ECOM_TEF-S.jpg","datePublished":"2025-09-09T16:49:31+00:00","dateModified":"2025-09-09T16:51:13+00:00","breadcrumb":{"@id":"https:\/\/geoclimate.ge\/az\/product\/tef-s-air-valves-rectangular-air-valve-for-ceiling-installation\/#breadcrumb"},"inLanguage":"az","potentialAction":[{"@type":"ReadAction","target":["https:\/\/geoclimate.ge\/az\/product\/tef-s-air-valves-rectangular-air-valve-for-ceiling-installation\/"]}]},{"@type":"ImageObject","inLanguage":"az","@id":"https:\/\/geoclimate.ge\/az\/product\/tef-s-air-valves-rectangular-air-valve-for-ceiling-installation\/#primaryimage","url":"https:\/\/geoclimate.ge\/wp-content\/uploads\/2025\/09\/ECOM_TEF-S.jpg","contentUrl":"https:\/\/geoclimate.ge\/wp-content\/uploads\/2025\/09\/ECOM_TEF-S.jpg","width":384,"height":288},{"@type":"BreadcrumbList","@id":"https:\/\/geoclimate.ge\/az\/product\/tef-s-air-valves-rectangular-air-valve-for-ceiling-installation\/#breadcrumb","itemListElement":[{"@type":"ListItem","position":1,"name":"Home","item":"https:\/\/geoclimate.ge\/az\/"},{"@type":"ListItem","position":2,"name":"M\u0259hsullar","item":"https:\/\/geoclimate.ge\/az\/products\/"},{"@type":"ListItem","position":3,"name":"TEF-S hava klapanlar\u0131 Tavan\u0131n qura\u015fd\u0131r\u0131lmas\u0131 \u00fc\u00e7\u00fcn d\u00fczbucaql\u0131 hava klapan"}]},{"@type":"WebSite","@id":"https:\/\/geoclimate.ge\/#website","url":"https:\/\/geoclimate.ge\/","name":"GeoClimate","description":"","publisher":{"@id":"https:\/\/geoclimate.ge\/#organization"},"potentialAction":[{"@type":"SearchAction","target":{"@type":"EntryPoint","urlTemplate":"https:\/\/geoclimate.ge\/?s={search_term_string}"},"query-input":{"@type":"PropertyValueSpecification","valueRequired":true,"valueName":"search_term_string"}}],"inLanguage":"az"},{"@type":"Organization","@id":"https:\/\/geoclimate.ge\/#organization","name":"GeoClimate","url":"https:\/\/geoclimate.ge\/","logo":{"@type":"ImageObject","inLanguage":"az","@id":"https:\/\/geoclimate.ge\/#\/schema\/logo\/image\/","url":"https:\/\/geoclimate.ge\/wp-content\/uploads\/2026\/03\/geoclimate-SEO.png","contentUrl":"https:\/\/geoclimate.ge\/wp-content\/uploads\/2026\/03\/geoclimate-SEO.png","width":1536,"height":1024,"caption":"GeoClimate"},"image":{"@id":"https:\/\/geoclimate.ge\/#\/schema\/logo\/image\/"}}]}},"_links":{"self":[{"href":"https:\/\/geoclimate.ge\/az\/wp-json\/wp\/v2\/product\/39015","targetHints":{"allow":["GET"]}}],"collection":[{"href":"https:\/\/geoclimate.ge\/az\/wp-json\/wp\/v2\/product"}],"about":[{"href":"https:\/\/geoclimate.ge\/az\/wp-json\/wp\/v2\/types\/product"}],"wp:featuredmedia":[{"embeddable":true,"href":"https:\/\/geoclimate.ge\/az\/wp-json\/wp\/v2\/media\/38998"}],"wp:attachment":[{"href":"https:\/\/geoclimate.ge\/az\/wp-json\/wp\/v2\/media?parent=39015"}],"wp:term":[{"taxonomy":"product_brand","embeddable":true,"href":"https:\/\/geoclimate.ge\/az\/wp-json\/wp\/v2\/product_brand?post=39015"},{"taxonomy":"product_cat","embeddable":true,"href":"https:\/\/geoclimate.ge\/az\/wp-json\/wp\/v2\/product_cat?post=39015"},{"taxonomy":"product_tag","embeddable":true,"href":"https:\/\/geoclimate.ge\/az\/wp-json\/wp\/v2\/product_tag?post=39015"}],"curies":[{"name":"wp","href":"https:\/\/api.w.org\/{rel}","templated":true}]}}