{"id":39875,"date":"2025-09-10T19:13:34","date_gmt":"2025-09-10T15:13:34","guid":{"rendered":"https:\/\/airsystems.ge\/shop\/product\/pzzn-louvres-steel-external-louvre-with-mesh-screen-and-mounting-frame\/"},"modified":"2025-09-10T19:14:52","modified_gmt":"2025-09-10T15:14:52","slug":"pzzn-louvres-steel-external-louvre-with-mesh-screen-and-mounting-frame","status":"publish","type":"product","link":"https:\/\/geoclimate.ge\/az\/product\/pzzn-louvres-steel-external-louvre-with-mesh-screen-and-mounting-frame\/","title":{"rendered":"PZZN Luvrlar Torlu ekran v\u0259 montaj \u00e7\u0259r\u00e7iv\u0259si il\u0259 polad xarici louvre"},"content":{"rendered":"","protected":false},"excerpt":{"rendered":"<div class=\"row\">\n<div class=\"col-12 text-style-body-small\">\n<div class=\"richtext-wrap reset-margin-last\">\n<p>Kan\u0131tlanm\u0131\u015f dizayn<\/p>\n<p>M\u00f6hk\u0259m<\/p>\n<p>Asan qura\u015fd\u0131rma<\/p>\n<p>Mexanik c\u0259h\u0259td\u0259n sabitdir<\/p>\n<\/div>\n<\/div>\n<\/div>\n<div class=\"flex flex-col gap-200\">\n<div class=\"flex flex-col flex-wrap gap-100 md:flex-row md:items-center gtm-purchase-option\" data-gtm-name=\"lenght\" data-gtm-label=\"Width\">\n<p><label class=\"flex gap-050 md:w-700 leading-none hyphens-auto print:w-full print:max-w-2\/5 text-label-small\">Width<\/label><\/p>\n<div class=\"flex flex-1 flex-wrap gap-050\"><button class=\"select-btn select-btn-small select-btn-selected gtm-purchase-option-value\" type=\"button\" data-gtm-name=\"355\" data-gtm-label=\"355\">355<\/button><button class=\"select-btn select-btn-small select-btn-default gtm-purchase-option-value\" type=\"button\" data-gtm-name=\"400\" data-gtm-label=\"400\">400<\/button><button class=\"select-btn select-btn-small select-btn-default gtm-purchase-option-value\" type=\"button\" data-gtm-name=\"450\" data-gtm-label=\"450\">450<\/button><button class=\"select-btn select-btn-small select-btn-default gtm-purchase-option-value\" type=\"button\" data-gtm-name=\"500\" data-gtm-label=\"500\">500<\/button><button class=\"select-btn select-btn-small select-btn-default gtm-purchase-option-value\" type=\"button\" data-gtm-name=\"560\" data-gtm-label=\"560\">560<\/button><button class=\"select-btn select-btn-small select-btn-default gtm-purchase-option-value\" type=\"button\" data-gtm-name=\"630\" data-gtm-label=\"630\">630<\/button><button class=\"select-btn select-btn-small select-btn-default gtm-purchase-option-value\" type=\"button\" data-gtm-name=\"710\" data-gtm-label=\"710\">710<\/button><button class=\"select-btn select-btn-small select-btn-default gtm-purchase-option-value\" type=\"button\" data-gtm-name=\"800\" data-gtm-label=\"800\">800<\/button><button class=\"select-btn select-btn-small select-btn-default gtm-purchase-option-value\" type=\"button\" data-gtm-name=\"900\" data-gtm-label=\"900\">900<\/button><button class=\"select-btn select-btn-small select-btn-default gtm-purchase-option-value\" type=\"button\" data-gtm-name=\"1000\" data-gtm-label=\"1000\">1000<\/button><button class=\"select-btn select-btn-small select-btn-default gtm-purchase-option-value\" type=\"button\" data-gtm-name=\"1120\" data-gtm-label=\"1120\">1120<\/button><button class=\"select-btn select-btn-small select-btn-default gtm-purchase-option-value\" type=\"button\" data-gtm-name=\"1250\" data-gtm-label=\"1250\">1250<\/button><button class=\"select-btn select-btn-small select-btn-default gtm-purchase-option-value\" type=\"button\" data-gtm-name=\"1400\" data-gtm-label=\"1400\">1400<\/button><\/div>\n<\/div>\n<div class=\"flex flex-col flex-wrap gap-100 md:flex-row md:items-center gtm-purchase-option\" data-gtm-name=\"height\" data-gtm-label=\"Height\">\n<p><label class=\"flex gap-050 md:w-700 leading-none hyphens-auto print:w-full print:max-w-2\/5 text-label-small\">Height<\/label><\/p>\n<div class=\"flex flex-1 flex-wrap gap-050\"><button class=\"select-btn select-btn-small select-btn-selected gtm-purchase-option-value\" type=\"button\" data-gtm-name=\"355\" data-gtm-label=\"355\">355<\/button><button class=\"select-btn select-btn-small select-btn-default gtm-purchase-option-value\" type=\"button\" data-gtm-name=\"400\" data-gtm-label=\"400\">400<\/button><button class=\"select-btn select-btn-small select-btn-default gtm-purchase-option-value\" type=\"button\" data-gtm-name=\"450\" data-gtm-label=\"450\">450<\/button><button class=\"select-btn select-btn-small select-btn-default gtm-purchase-option-value\" type=\"button\" data-gtm-name=\"500\" data-gtm-label=\"500\">500<\/button><button class=\"select-btn select-btn-small select-btn-default gtm-purchase-option-value\" type=\"button\" data-gtm-name=\"560\" data-gtm-label=\"560\">560<\/button><button class=\"select-btn select-btn-small select-btn-default gtm-purchase-option-value\" type=\"button\" data-gtm-name=\"630\" data-gtm-label=\"630\">630<\/button><button class=\"select-btn select-btn-small select-btn-default gtm-purchase-option-value\" type=\"button\" data-gtm-name=\"710\" data-gtm-label=\"710\">710<\/button><button class=\"select-btn select-btn-small select-btn-default gtm-purchase-option-value\" type=\"button\" data-gtm-name=\"800\" data-gtm-label=\"800\">800<\/button><button class=\"select-btn select-btn-small select-btn-default gtm-purchase-option-value\" type=\"button\" data-gtm-name=\"900\" data-gtm-label=\"900\">900<\/button><button class=\"select-btn select-btn-small select-btn-default gtm-purchase-option-value\" type=\"button\" data-gtm-name=\"1000\" data-gtm-label=\"1000\">1000<\/button><button class=\"select-btn select-btn-small select-btn-default gtm-purchase-option-value\" type=\"button\" data-gtm-name=\"1120\" data-gtm-label=\"1120\">1120<\/button><button class=\"select-btn select-btn-small select-btn-default gtm-purchase-option-value\" type=\"button\" data-gtm-name=\"1250\" data-gtm-label=\"1250\">1250<\/button><button class=\"select-btn select-btn-small select-btn-default gtm-purchase-option-value\" type=\"button\" data-gtm-name=\"1400\" data-gtm-label=\"1400\">1400<\/button><button class=\"select-btn select-btn-small select-btn-default gtm-purchase-option-value\" type=\"button\" data-gtm-name=\"1500\" data-gtm-label=\"1500\">1500<\/button><button class=\"select-btn select-btn-small select-btn-default gtm-purchase-option-value\" type=\"button\" data-gtm-name=\"1600\" data-gtm-label=\"1600\">1600<\/button><\/div>\n<\/div>\n<div class=\"flex flex-col flex-wrap gap-100 md:flex-row md:items-center gtm-purchase-option\" data-gtm-name=\"accessories\" data-gtm-label=\"Mounting frame\">\n<p><label class=\"flex gap-050 md:w-700 leading-none hyphens-auto print:w-full print:max-w-2\/5 text-label-small\">Mounting frame<\/label><\/p>\n<div class=\"flex flex-1 flex-wrap gap-050\"><button class=\"select-btn select-btn-small select-btn-selected gtm-purchase-option-value\" type=\"button\" data-gtm-name=\"Without mounting frame\" data-gtm-label=\"Without mounting frame\">Without mounting frame<\/button><button class=\"select-btn select-btn-small select-btn-default gtm-purchase-option-value\" type=\"button\" data-gtm-name=\"Mounting frame\" data-gtm-label=\"Mounting frame\">Mounting frame<\/button><\/div>\n<\/div>\n<div class=\"flex flex-col flex-wrap gap-100 md:flex-row md:items-center gtm-purchase-option\" data-gtm-name=\"mesh_screen\" data-gtm-label=\"Mesh screen\">\n<p><label class=\"flex gap-050 md:w-700 leading-none hyphens-auto print:w-full print:max-w-2\/5 text-label-small\">Mesh screen<\/label><\/p>\n<div class=\"flex flex-1 flex-wrap gap-050\">\n<div class=\"dropdown-wrapper dropdown-wrapper-small w-full gtm-purchase-option-value gtm-purchase-option-value-dropdown\"><select class=\"form-dropdown form-input form-dropdown-small\"><option value=\"0\" data-gtm-name=\"Without welded mesh screen\" data-gtm-label=\"Without welded mesh screen\">Without welded mesh screen<\/option><option value=\"1\" data-gtm-name=\"With welded mesh screen\" data-gtm-label=\"With welded mesh screen\">With welded mesh screen<\/option><\/select><\/div>\n<\/div>\n<\/div>\n<\/div>\n<div class=\"gtm-sku-info flex flex-col gap-y-050 text-label-tiny text-neutral-600\">\n<div class=\"flex flex-wrap items-baseline gap-x-100 gap-y-025\"><span class=\"gtm-article-name\">PZZN-355&#215;355<\/span><span class=\"whitespace-nowrap gtm-article-number text-base font-bold\">#308875<\/span><\/div>\n<\/div>\n","protected":false},"featured_media":39852,"template":"","meta":[],"product_brand":[],"product_cat":[1843,1979],"product_tag":[],"class_list":{"0":"post-39875","1":"product","2":"type-product","3":"status-publish","4":"has-post-thumbnail","6":"product_cat-hava-paylayici-mhsullar","7":"product_cat-havalandirma-ucun-louvres","9":"first","10":"instock","11":"shipping-taxable","12":"product-type-simple"},"yoast_head":"<!-- This site is optimized with the Yoast SEO plugin v27.1.1 - https:\/\/yoast.com\/product\/yoast-seo-wordpress\/ -->\n<title>PZZN Luvrlar Torlu ekran v\u0259 montaj \u00e7\u0259r\u00e7iv\u0259si il\u0259 polad xarici louvre - GeoClimate.ge<\/title>\n<meta name=\"robots\" content=\"index, follow, max-snippet:-1, max-image-preview:large, max-video-preview:-1\" \/>\n<link rel=\"canonical\" href=\"https:\/\/geoclimate.ge\/az\/product\/pzzn-louvres-steel-external-louvre-with-mesh-screen-and-mounting-frame\/\" \/>\n<meta property=\"og:locale\" content=\"az_AZ\" \/>\n<meta property=\"og:type\" content=\"article\" \/>\n<meta property=\"og:title\" content=\"PZZN Luvrlar Torlu ekran v\u0259 montaj \u00e7\u0259r\u00e7iv\u0259si il\u0259 polad xarici louvre - GeoClimate.ge\" \/>\n<meta property=\"og:description\" content=\"Kan\u0131tlanm\u0131\u015f dizayn  M\u00f6hk\u0259m  Asan qura\u015fd\u0131rma  Mexanik c\u0259h\u0259td\u0259n sabitdir        Width 3554004505005606307108009001000112012501400    Height 355400450500560630710800900100011201250140015001600    Mounting frame Without mounting frameMounting frame    Mesh screen   Without welded mesh screen With welded mesh screen      PZZN-355x355#308875\" \/>\n<meta property=\"og:url\" content=\"https:\/\/geoclimate.ge\/az\/product\/pzzn-louvres-steel-external-louvre-with-mesh-screen-and-mounting-frame\/\" \/>\n<meta property=\"og:site_name\" content=\"GeoClimate.ge\" \/>\n<meta property=\"article:modified_time\" content=\"2025-09-10T15:14:52+00:00\" \/>\n<meta property=\"og:image\" content=\"https:\/\/geoclimate.ge\/wp-content\/uploads\/2025\/09\/STORYBLOK_PZZN_HQ.jpg\" \/>\n\t<meta property=\"og:image:width\" content=\"384\" \/>\n\t<meta property=\"og:image:height\" content=\"288\" \/>\n\t<meta property=\"og:image:type\" content=\"image\/jpeg\" \/>\n<meta name=\"twitter:card\" content=\"summary_large_image\" \/>\n<script type=\"application\/ld+json\" class=\"yoast-schema-graph\">{\"@context\":\"https:\/\/schema.org\",\"@graph\":[{\"@type\":\"WebPage\",\"@id\":\"https:\/\/geoclimate.ge\/az\/product\/pzzn-louvres-steel-external-louvre-with-mesh-screen-and-mounting-frame\/\",\"url\":\"https:\/\/geoclimate.ge\/az\/product\/pzzn-louvres-steel-external-louvre-with-mesh-screen-and-mounting-frame\/\",\"name\":\"PZZN Luvrlar Torlu ekran v\u0259 montaj \u00e7\u0259r\u00e7iv\u0259si il\u0259 polad xarici louvre - GeoClimate.ge\",\"isPartOf\":{\"@id\":\"https:\/\/geoclimate.ge\/#website\"},\"primaryImageOfPage\":{\"@id\":\"https:\/\/geoclimate.ge\/az\/product\/pzzn-louvres-steel-external-louvre-with-mesh-screen-and-mounting-frame\/#primaryimage\"},\"image\":{\"@id\":\"https:\/\/geoclimate.ge\/az\/product\/pzzn-louvres-steel-external-louvre-with-mesh-screen-and-mounting-frame\/#primaryimage\"},\"thumbnailUrl\":\"https:\/\/geoclimate.ge\/wp-content\/uploads\/2025\/09\/STORYBLOK_PZZN_HQ.jpg\",\"datePublished\":\"2025-09-10T15:13:34+00:00\",\"dateModified\":\"2025-09-10T15:14:52+00:00\",\"breadcrumb\":{\"@id\":\"https:\/\/geoclimate.ge\/az\/product\/pzzn-louvres-steel-external-louvre-with-mesh-screen-and-mounting-frame\/#breadcrumb\"},\"inLanguage\":\"az\",\"potentialAction\":[{\"@type\":\"ReadAction\",\"target\":[\"https:\/\/geoclimate.ge\/az\/product\/pzzn-louvres-steel-external-louvre-with-mesh-screen-and-mounting-frame\/\"]}]},{\"@type\":\"ImageObject\",\"inLanguage\":\"az\",\"@id\":\"https:\/\/geoclimate.ge\/az\/product\/pzzn-louvres-steel-external-louvre-with-mesh-screen-and-mounting-frame\/#primaryimage\",\"url\":\"https:\/\/geoclimate.ge\/wp-content\/uploads\/2025\/09\/STORYBLOK_PZZN_HQ.jpg\",\"contentUrl\":\"https:\/\/geoclimate.ge\/wp-content\/uploads\/2025\/09\/STORYBLOK_PZZN_HQ.jpg\",\"width\":384,\"height\":288},{\"@type\":\"BreadcrumbList\",\"@id\":\"https:\/\/geoclimate.ge\/az\/product\/pzzn-louvres-steel-external-louvre-with-mesh-screen-and-mounting-frame\/#breadcrumb\",\"itemListElement\":[{\"@type\":\"ListItem\",\"position\":1,\"name\":\"Home\",\"item\":\"https:\/\/geoclimate.ge\/az\/\"},{\"@type\":\"ListItem\",\"position\":2,\"name\":\"M\u0259hsullar\",\"item\":\"https:\/\/geoclimate.ge\/az\/products\/\"},{\"@type\":\"ListItem\",\"position\":3,\"name\":\"PZZN Luvrlar Torlu ekran v\u0259 montaj \u00e7\u0259r\u00e7iv\u0259si il\u0259 polad xarici louvre\"}]},{\"@type\":\"WebSite\",\"@id\":\"https:\/\/geoclimate.ge\/#website\",\"url\":\"https:\/\/geoclimate.ge\/\",\"name\":\"GeoClimate\",\"description\":\"\",\"publisher\":{\"@id\":\"https:\/\/geoclimate.ge\/#organization\"},\"potentialAction\":[{\"@type\":\"SearchAction\",\"target\":{\"@type\":\"EntryPoint\",\"urlTemplate\":\"https:\/\/geoclimate.ge\/?s={search_term_string}\"},\"query-input\":{\"@type\":\"PropertyValueSpecification\",\"valueRequired\":true,\"valueName\":\"search_term_string\"}}],\"inLanguage\":\"az\"},{\"@type\":\"Organization\",\"@id\":\"https:\/\/geoclimate.ge\/#organization\",\"name\":\"GeoClimate\",\"url\":\"https:\/\/geoclimate.ge\/\",\"logo\":{\"@type\":\"ImageObject\",\"inLanguage\":\"az\",\"@id\":\"https:\/\/geoclimate.ge\/#\/schema\/logo\/image\/\",\"url\":\"https:\/\/geoclimate.ge\/wp-content\/uploads\/2026\/03\/geoclimate-SEO.png\",\"contentUrl\":\"https:\/\/geoclimate.ge\/wp-content\/uploads\/2026\/03\/geoclimate-SEO.png\",\"width\":1536,\"height\":1024,\"caption\":\"GeoClimate\"},\"image\":{\"@id\":\"https:\/\/geoclimate.ge\/#\/schema\/logo\/image\/\"}}]}<\/script>\n<!-- \/ Yoast SEO plugin. -->","yoast_head_json":{"title":"PZZN Luvrlar Torlu ekran v\u0259 montaj \u00e7\u0259r\u00e7iv\u0259si il\u0259 polad xarici louvre - GeoClimate.ge","robots":{"index":"index","follow":"follow","max-snippet":"max-snippet:-1","max-image-preview":"max-image-preview:large","max-video-preview":"max-video-preview:-1"},"canonical":"https:\/\/geoclimate.ge\/az\/product\/pzzn-louvres-steel-external-louvre-with-mesh-screen-and-mounting-frame\/","og_locale":"az_AZ","og_type":"article","og_title":"PZZN Luvrlar Torlu ekran v\u0259 montaj \u00e7\u0259r\u00e7iv\u0259si il\u0259 polad xarici louvre - GeoClimate.ge","og_description":"Kan\u0131tlanm\u0131\u015f dizayn  M\u00f6hk\u0259m  Asan qura\u015fd\u0131rma  Mexanik c\u0259h\u0259td\u0259n sabitdir        Width 3554004505005606307108009001000112012501400    Height 355400450500560630710800900100011201250140015001600    Mounting frame Without mounting frameMounting frame    Mesh screen   Without welded mesh screen With welded mesh screen      PZZN-355x355#308875","og_url":"https:\/\/geoclimate.ge\/az\/product\/pzzn-louvres-steel-external-louvre-with-mesh-screen-and-mounting-frame\/","og_site_name":"GeoClimate.ge","article_modified_time":"2025-09-10T15:14:52+00:00","og_image":[{"width":384,"height":288,"url":"https:\/\/geoclimate.ge\/wp-content\/uploads\/2025\/09\/STORYBLOK_PZZN_HQ.jpg","type":"image\/jpeg"}],"twitter_card":"summary_large_image","schema":{"@context":"https:\/\/schema.org","@graph":[{"@type":"WebPage","@id":"https:\/\/geoclimate.ge\/az\/product\/pzzn-louvres-steel-external-louvre-with-mesh-screen-and-mounting-frame\/","url":"https:\/\/geoclimate.ge\/az\/product\/pzzn-louvres-steel-external-louvre-with-mesh-screen-and-mounting-frame\/","name":"PZZN Luvrlar Torlu ekran v\u0259 montaj \u00e7\u0259r\u00e7iv\u0259si il\u0259 polad xarici louvre - GeoClimate.ge","isPartOf":{"@id":"https:\/\/geoclimate.ge\/#website"},"primaryImageOfPage":{"@id":"https:\/\/geoclimate.ge\/az\/product\/pzzn-louvres-steel-external-louvre-with-mesh-screen-and-mounting-frame\/#primaryimage"},"image":{"@id":"https:\/\/geoclimate.ge\/az\/product\/pzzn-louvres-steel-external-louvre-with-mesh-screen-and-mounting-frame\/#primaryimage"},"thumbnailUrl":"https:\/\/geoclimate.ge\/wp-content\/uploads\/2025\/09\/STORYBLOK_PZZN_HQ.jpg","datePublished":"2025-09-10T15:13:34+00:00","dateModified":"2025-09-10T15:14:52+00:00","breadcrumb":{"@id":"https:\/\/geoclimate.ge\/az\/product\/pzzn-louvres-steel-external-louvre-with-mesh-screen-and-mounting-frame\/#breadcrumb"},"inLanguage":"az","potentialAction":[{"@type":"ReadAction","target":["https:\/\/geoclimate.ge\/az\/product\/pzzn-louvres-steel-external-louvre-with-mesh-screen-and-mounting-frame\/"]}]},{"@type":"ImageObject","inLanguage":"az","@id":"https:\/\/geoclimate.ge\/az\/product\/pzzn-louvres-steel-external-louvre-with-mesh-screen-and-mounting-frame\/#primaryimage","url":"https:\/\/geoclimate.ge\/wp-content\/uploads\/2025\/09\/STORYBLOK_PZZN_HQ.jpg","contentUrl":"https:\/\/geoclimate.ge\/wp-content\/uploads\/2025\/09\/STORYBLOK_PZZN_HQ.jpg","width":384,"height":288},{"@type":"BreadcrumbList","@id":"https:\/\/geoclimate.ge\/az\/product\/pzzn-louvres-steel-external-louvre-with-mesh-screen-and-mounting-frame\/#breadcrumb","itemListElement":[{"@type":"ListItem","position":1,"name":"Home","item":"https:\/\/geoclimate.ge\/az\/"},{"@type":"ListItem","position":2,"name":"M\u0259hsullar","item":"https:\/\/geoclimate.ge\/az\/products\/"},{"@type":"ListItem","position":3,"name":"PZZN Luvrlar Torlu ekran v\u0259 montaj \u00e7\u0259r\u00e7iv\u0259si il\u0259 polad xarici louvre"}]},{"@type":"WebSite","@id":"https:\/\/geoclimate.ge\/#website","url":"https:\/\/geoclimate.ge\/","name":"GeoClimate","description":"","publisher":{"@id":"https:\/\/geoclimate.ge\/#organization"},"potentialAction":[{"@type":"SearchAction","target":{"@type":"EntryPoint","urlTemplate":"https:\/\/geoclimate.ge\/?s={search_term_string}"},"query-input":{"@type":"PropertyValueSpecification","valueRequired":true,"valueName":"search_term_string"}}],"inLanguage":"az"},{"@type":"Organization","@id":"https:\/\/geoclimate.ge\/#organization","name":"GeoClimate","url":"https:\/\/geoclimate.ge\/","logo":{"@type":"ImageObject","inLanguage":"az","@id":"https:\/\/geoclimate.ge\/#\/schema\/logo\/image\/","url":"https:\/\/geoclimate.ge\/wp-content\/uploads\/2026\/03\/geoclimate-SEO.png","contentUrl":"https:\/\/geoclimate.ge\/wp-content\/uploads\/2026\/03\/geoclimate-SEO.png","width":1536,"height":1024,"caption":"GeoClimate"},"image":{"@id":"https:\/\/geoclimate.ge\/#\/schema\/logo\/image\/"}}]}},"_links":{"self":[{"href":"https:\/\/geoclimate.ge\/az\/wp-json\/wp\/v2\/product\/39875","targetHints":{"allow":["GET"]}}],"collection":[{"href":"https:\/\/geoclimate.ge\/az\/wp-json\/wp\/v2\/product"}],"about":[{"href":"https:\/\/geoclimate.ge\/az\/wp-json\/wp\/v2\/types\/product"}],"wp:featuredmedia":[{"embeddable":true,"href":"https:\/\/geoclimate.ge\/az\/wp-json\/wp\/v2\/media\/39852"}],"wp:attachment":[{"href":"https:\/\/geoclimate.ge\/az\/wp-json\/wp\/v2\/media?parent=39875"}],"wp:term":[{"taxonomy":"product_brand","embeddable":true,"href":"https:\/\/geoclimate.ge\/az\/wp-json\/wp\/v2\/product_brand?post=39875"},{"taxonomy":"product_cat","embeddable":true,"href":"https:\/\/geoclimate.ge\/az\/wp-json\/wp\/v2\/product_cat?post=39875"},{"taxonomy":"product_tag","embeddable":true,"href":"https:\/\/geoclimate.ge\/az\/wp-json\/wp\/v2\/product_tag?post=39875"}],"curies":[{"name":"wp","href":"https:\/\/api.w.org\/{rel}","templated":true}]}}