{"id":40239,"date":"2025-09-22T12:18:20","date_gmt":"2025-09-22T08:18:20","guid":{"rendered":"https:\/\/airsystems.ge\/shop\/product\/master-xl-91-infrared-oil-fired-heaters-infrared-oil-fired-heaters-with-separate-master-burner\/"},"modified":"2025-09-22T12:27:13","modified_gmt":"2025-09-22T08:27:13","slug":"master-xl-91-infrared-oil-fired-heaters-infrared-oil-fired-heaters-with-separate-master-burner","status":"publish","type":"product","link":"https:\/\/geoclimate.ge\/az\/product\/master-xl-91-infrared-oil-fired-heaters-infrared-oil-fired-heaters-with-separate-master-burner\/","title":{"rendered":"Master XL 91 &#8211; infraq\u0131rm\u0131z\u0131 ya\u011fla i\u015fl\u0259y\u0259n q\u0131zd\u0131r\u0131c\u0131lar Ayr\u0131 Master burner il\u0259 infraq\u0131rm\u0131z\u0131 ya\u011f q\u0131zd\u0131r\u0131c\u0131lar\u0131"},"content":{"rendered":"<section class=\"max-w-[1088px] mx-auto w-full px-5 my-10 md:my-12 lg:my-16 xl:my-20 xl:px-0\" data-block=\"bullet-list\">\n<div class=\"md:text-center\">\n<p><strong>\u018fsas x\u00fcsusiyy\u0259tl\u0259r<\/strong><\/p>\n<p>Ayr\u0131 Master burner<br \/>\nA\u015fa\u011f\u0131 s\u0259s-k\u00fcy<br \/>\n\u0130nfraq\u0131rm\u0131z\u0131 istilik (q\u0131sa dal\u011fa)<br \/>\n2 add\u0131ml\u0131 g\u00fcc<br \/>\nFotosell\u0259 elektron alov n\u0259zar\u0259ti<br \/>\nPost-ventilyasiya<br \/>\nYa\u011f s\u0259viyy\u0259sinin g\u00f6st\u0259ricisi<br \/>\nYa\u011f pompas\u0131 filtri, emi\u015f filtri v\u0259 giri\u015f filtri<br \/>\n\u015fnorkel<br \/>\nT\u0259nziml\u0259n\u0259n istiqam\u0259t\/\u0259ym\u0259<br \/>\nTrolley daxildir<br \/>\nG\u00fcn\u0259\u015f kimi, q\u0131sa dal\u011fal\u0131 infraq\u0131rm\u0131z\u0131 radiasiya havan\u0131 q\u0131zd\u0131rmadan cisiml\u0259ri q\u0131zd\u0131r\u0131r. Obyektl\u0259r\u0259 (v\u0259 ya divarlara) istilik daxil olduqdan sonra onlar dig\u0259r obyektl\u0259ri d\u0259 yenid\u0259n i\u015f\u0131qland\u0131ra v\u0259 q\u0131zd\u0131ra bil\u0259rl\u0259r. \u0130nfraq\u0131rm\u0131z\u0131 \u015f\u00fcalanma duman v\u0259 ya k\u00fcl\u0259k vasit\u0259sil\u0259 q\u0131zd\u0131r\u0131l\u0131r. \u0130nfraq\u0131rm\u0131z\u0131 radiasiya y\u00fcks\u0259l\u0259n isti havadan f\u0259rqli olaraq d\u00fcz yay\u0131l\u0131r. \u0130nfraq\u0131rm\u0131z\u0131 q\u0131zd\u0131r\u0131c\u0131lar a\u015fa\u011f\u0131dak\u0131lar \u00fc\u00e7\u00fcn \u0259la h\u0259lldir:<\/p>\n<p>Qapal\u0131 v\u0259 a\u00e7\u0131q havada obyektl\u0259rin, g\u00f6vd\u0259l\u0259rin v\u0259 ya divarlar\u0131n q\u0131zd\u0131r\u0131lmas\u0131.<br \/>\nGips divarlar\u0131n\u0131n qurudulmas\u0131. \u0130nfraq\u0131rm\u0131z\u0131 istilik divara n\u00fcfuz edir v\u0259 divar\u0131n r\u00fctub\u0259tini i\u00e7\u0259rid\u0259n buxarland\u0131r\u0131r. Divarda r\u00fctub\u0259ti saxlayan quru s\u0259th yaradan hava ax\u0131n\u0131 q\u0131zd\u0131r\u0131c\u0131s\u0131ndan f\u0259rqli olaraq.<br \/>\n\u0130stilik obyektl\u0259ri v\u0259 ya m\u0259hdud qapal\u0131 yerl\u0259r. \u0130sti havan\u0131n otaqda tez da\u011f\u0131ld\u0131\u011f\u0131 dig\u0259r \u00fcsullardan f\u0259rqli olaraq.<br \/>\nEnerjiy\u0259 q\u0259na\u0259t, \u00e7\u00fcnki eyni istilik effektin\u0259 nail olmaq \u00fc\u00e7\u00fcn daha az enerji t\u0259l\u0259b olunur.<\/p>\n<\/div>\n<\/section>\n<section class=\"max-w-[1088px] mx-auto w-full px-5 my-10 md:my-12 lg:my-16 xl:my-20 xl:px-0\" data-block=\"product-specifications\">\n<div class=\"md:text-center\">\n<h3 class=\"text-black font-bold text-lg md:text-xl lg:text-2xl\"><strong>Product specifications<\/strong><\/h3>\n<\/div>\n<div class=\" md:mt-10\">\n<div class=\"\">\n<div class=\"lg:mt-0 \">\n<div id=\"spec-xl-91\" class=\"prose max-w-full md:overflow-auto\" data-spec-content=\"\">\n<div class=\"spreadsheet-container hidden md:block\">\n<table class=\"w-full table-fixed mb-0\">\n<thead>\n<tr>\n<th class=\"font-bold text-base\"><span class=\"block px-4\">Specifications<\/span><\/th>\n<th class=\"font-bold text-base text-center\"><span class=\"block px-10 md:px-20\">Units<\/span><\/th>\n<th class=\"font-bold text-base text-center will-change\"><span class=\"block px-4\">XL\u00a091<\/span><\/th>\n<\/tr>\n<\/thead>\n<tbody>\n<tr class=\"bg-grey-200\/50 p-2\">\n<td colspan=\"1\"><span class=\"block px-4\">Heating power<\/span><\/td>\n<td class=\"text-center\">\n<div class=\"px-10 md:px-20 flex items-center justify-center\">kW<\/div>\n<\/td>\n<td class=\"text-center will-change\">\n<div class=\"px-10 md:px-20 flex items-center justify-center\">29 | 43<\/div>\n<\/td>\n<\/tr>\n<tr class=\" p-2\">\n<td colspan=\"1\"><span class=\"block px-4\">Heating power<\/span><\/td>\n<td class=\"text-center\">\n<div class=\"px-10 md:px-20 flex items-center justify-center\">Btu\/h<\/div>\n<\/td>\n<td class=\"text-center will-change\">\n<div class=\"px-10 md:px-20 flex items-center justify-center\">99,300 | 146,900<\/div>\n<\/td>\n<\/tr>\n<tr class=\"bg-grey-200\/50 p-2\">\n<td colspan=\"1\"><span class=\"block px-4\">Heating power<\/span><\/td>\n<td class=\"text-center\">\n<div class=\"px-10 md:px-20 flex items-center justify-center\">kcal\/h<\/div>\n<\/td>\n<td class=\"text-center will-change\">\n<div class=\"px-10 md:px-20 flex items-center justify-center\">25,000 | 37,000<\/div>\n<\/td>\n<\/tr>\n<tr class=\" p-2\">\n<td colspan=\"1\"><span class=\"block px-4\">Fuel consumption<\/span><\/td>\n<td class=\"text-center\">\n<div class=\"px-10 md:px-20 flex items-center justify-center\">l\/h<\/div>\n<\/td>\n<td class=\"text-center will-change\">\n<div class=\"px-10 md:px-20 flex items-center justify-center\">2.7 | 4.03<\/div>\n<\/td>\n<\/tr>\n<tr class=\"bg-grey-200\/50 p-2\">\n<td colspan=\"1\"><span class=\"block px-4\">Fuel autonomy<\/span><\/td>\n<td class=\"text-center\">\n<div class=\"px-10 md:px-20 flex items-center justify-center\">h<\/div>\n<\/td>\n<td class=\"text-center will-change\">\n<div class=\"px-10 md:px-20 flex items-center justify-center\">21 | 14<\/div>\n<\/td>\n<\/tr>\n<tr class=\" p-2\">\n<td colspan=\"1\"><span class=\"block px-4\">Thermostat control<\/span><\/td>\n<td class=\"text-center\">\n<div class=\"px-10 md:px-20 flex items-center justify-center\"><\/div>\n<\/td>\n<td class=\"text-center will-change\">\n<div class=\"px-10 md:px-20 flex items-center justify-center\">Analogue or digital<\/div>\n<\/td>\n<\/tr>\n<tr class=\"bg-grey-200\/50 p-2\">\n<td colspan=\"1\"><span class=\"block px-4\">Electric power<\/span><\/td>\n<td class=\"text-center\">\n<div class=\"px-10 md:px-20 flex items-center justify-center\">kW<\/div>\n<\/td>\n<td class=\"text-center will-change\">\n<div class=\"px-10 md:px-20 flex items-center justify-center\">0.19<\/div>\n<\/td>\n<\/tr>\n<tr class=\" p-2\">\n<td colspan=\"1\"><span class=\"block px-4\">Power supply<\/span><\/td>\n<td class=\"text-center\">\n<div class=\"px-10 md:px-20 flex items-center justify-center\">V\/Hz<\/div>\n<\/td>\n<td class=\"text-center will-change\">\n<div class=\"px-10 md:px-20 flex items-center justify-center\">220-240\/1ph\/50<\/div>\n<\/td>\n<\/tr>\n<tr class=\"bg-grey-200\/50 p-2\">\n<td colspan=\"1\"><span class=\"block px-4\">Rated current<\/span><\/td>\n<td class=\"text-center\">\n<div class=\"px-10 md:px-20 flex items-center justify-center\">A<\/div>\n<\/td>\n<td class=\"text-center will-change\">\n<div class=\"px-10 md:px-20 flex items-center justify-center\">0.7<\/div>\n<\/td>\n<\/tr>\n<tr class=\" p-2\">\n<td colspan=\"1\"><span class=\"block px-4\">Tank capacity<\/span><\/td>\n<td class=\"text-center\">\n<div class=\"px-10 md:px-20 flex items-center justify-center\">l<\/div>\n<\/td>\n<td class=\"text-center will-change\">\n<div class=\"px-10 md:px-20 flex items-center justify-center\">60<\/div>\n<\/td>\n<\/tr>\n<tr class=\"bg-grey-200\/50 p-2\">\n<td colspan=\"1\"><span class=\"block px-4\">Product size (l x w x h)<\/span><\/td>\n<td class=\"text-center\">\n<div class=\"px-10 md:px-20 flex items-center justify-center\">mm<\/div>\n<\/td>\n<td class=\"text-center will-change\">\n<div class=\"px-10 md:px-20 flex items-center justify-center\">710 x 970 x 990<\/div>\n<\/td>\n<\/tr>\n<tr class=\" p-2\">\n<td colspan=\"1\"><span class=\"block px-4\">Box size (l x w x h)<\/span><\/td>\n<td class=\"text-center\">\n<div class=\"px-10 md:px-20 flex items-center justify-center\">mm<\/div>\n<\/td>\n<td class=\"text-center will-change\">\n<div class=\"px-10 md:px-20 flex items-center justify-center\">1030 x 750 x 1190<\/div>\n<\/td>\n<\/tr>\n<tr class=\"bg-grey-200\/50 p-2\">\n<td colspan=\"1\"><span class=\"block px-4\">Net\/gross weight<\/span><\/td>\n<td class=\"text-center\">\n<div class=\"px-10 md:px-20 flex items-center justify-center\">kg<\/div>\n<\/td>\n<td class=\"text-center will-change\">\n<div class=\"px-10 md:px-20 flex items-center justify-center\">69\/85<\/div>\n<\/td>\n<\/tr>\n<tr class=\" p-2\">\n<td colspan=\"1\"><span class=\"block px-4\">Pallet<\/span><\/td>\n<td class=\"text-center\">\n<div class=\"px-10 md:px-20 flex items-center justify-center\">pcs<\/div>\n<\/td>\n<td class=\"text-center will-change\">\n<div class=\"px-10 md:px-20 flex items-center justify-center\">1<\/div>\n<\/td>\n<\/tr>\n<tr class=\"bg-grey-200\/50 p-2\">\n<td colspan=\"1\"><span class=\"block px-4\">110 V<\/span><\/td>\n<td class=\"text-center\">\n<div class=\"px-10 md:px-20 flex items-center justify-center\"><\/div>\n<\/td>\n<td class=\"text-center will-change\">\n<div class=\"px-10 md:px-20 flex items-center justify-center\">No<\/div>\n<\/td>\n<\/tr>\n<\/tbody>\n<\/table>\n<\/div>\n<\/div>\n<\/div>\n<\/div>\n<\/div>\n<\/section>\n<section class=\"max-w-[1088px] mx-auto w-full px-5 my-10 md:my-12 lg:my-16 xl:my-20 xl:px-0\" data-block=\"link-list\">\n<div class=\"max-w-[1088px] mx-auto\">\n<div class=\"md:text-center\">\n<p><strong>Uy\u011fundur:<\/strong><\/p>\n<p>K\u0259nd t\u0259s\u0259rr\u00fcfat\u0131<br \/>\nTikinti<br \/>\nT\u0259cili yard\u0131m xidm\u0259tl\u0259ri<br \/>\nS\u0259naye, fabrikl\u0259r v\u0259 istehsal<br \/>\nH\u0259rbi v\u0259 aerokosmik<br \/>\n\u0130car\u0259 \u015firk\u0259tl\u0259ri<br \/>\nN\u0259qliyyat v\u0259 logistika<\/p>\n<\/div>\n<\/div>\n<\/section>\n","protected":false},"excerpt":{"rendered":"<p>\u0130nfraq\u0131rm\u0131z\u0131 q\u0131zd\u0131r\u0131c\u0131lar he\u00e7 bir hava h\u0259r\u0259k\u0259ti olmadan istiliyi tez v\u0259 laz\u0131m olan yer\u0259 \u00e7atd\u0131r\u0131r. Onlar divarlar\u0131 v\u0259 ya boyalar\u0131 tozsuz qurutmaq, ma\u015f\u0131nlar\u0131 v\u0259 ya boru x\u0259tl\u0259rini \u0259ritm\u0259k v\u0259 i\u015f yerl\u0259rini q\u0131zd\u0131rmaq \u00fc\u00e7\u00fcn uy\u011fundur. Bu g\u00fccl\u00fc texnologiya \u0259h\u0259miyy\u0259tli enerji q\u0259na\u0259ti il\u0259 n\u0259tic\u0259l\u0259nir v\u0259 tozlu yerl\u0259rd\u0259 v\u0259 ya \u00e7\u00f6ld\u0259 istifad\u0259 edil\u0259 bil\u0259r.<\/p>\n<p>T\u0259l\u0259b olunan t\u0259tbiql\u0259riniz\u0259 cavab verm\u0259k \u00fc\u00e7\u00fcn b\u00fct\u00fcn infraq\u0131rm\u0131z\u0131 ya\u011fla i\u015fl\u0259y\u0259n q\u0131zd\u0131r\u0131c\u0131lar\u0131m\u0131za v\u0259 dig\u0259r portativ kommersiya q\u0131zd\u0131r\u0131c\u0131lar\u0131m\u0131za bax\u0131n.<\/p>\n","protected":false},"featured_media":40222,"template":"","meta":[],"product_brand":[],"product_cat":[1987],"product_tag":[],"class_list":{"0":"post-40239","1":"product","2":"type-product","3":"status-publish","4":"has-post-thumbnail","6":"product_cat-qizdirici-kalorifer","8":"first","9":"instock","10":"sale","11":"shipping-taxable","12":"purchasable","13":"product-type-simple"},"yoast_head":"<!-- This site is optimized with the Yoast SEO plugin v27.1.1 - https:\/\/yoast.com\/product\/yoast-seo-wordpress\/ -->\n<title>Master XL 91 - infraq\u0131rm\u0131z\u0131 ya\u011fla i\u015fl\u0259y\u0259n q\u0131zd\u0131r\u0131c\u0131lar Ayr\u0131 Master burner il\u0259 infraq\u0131rm\u0131z\u0131 ya\u011f q\u0131zd\u0131r\u0131c\u0131lar\u0131 - GeoClimate.ge<\/title>\n<meta name=\"robots\" content=\"index, follow, max-snippet:-1, max-image-preview:large, max-video-preview:-1\" \/>\n<link rel=\"canonical\" href=\"https:\/\/geoclimate.ge\/az\/product\/master-xl-91-infrared-oil-fired-heaters-infrared-oil-fired-heaters-with-separate-master-burner\/\" \/>\n<meta property=\"og:locale\" content=\"az_AZ\" \/>\n<meta property=\"og:type\" content=\"article\" \/>\n<meta property=\"og:title\" content=\"Master XL 91 - infraq\u0131rm\u0131z\u0131 ya\u011fla i\u015fl\u0259y\u0259n q\u0131zd\u0131r\u0131c\u0131lar Ayr\u0131 Master burner il\u0259 infraq\u0131rm\u0131z\u0131 ya\u011f q\u0131zd\u0131r\u0131c\u0131lar\u0131 - GeoClimate.ge\" \/>\n<meta property=\"og:description\" content=\"\u0130nfraq\u0131rm\u0131z\u0131 q\u0131zd\u0131r\u0131c\u0131lar he\u00e7 bir hava h\u0259r\u0259k\u0259ti olmadan istiliyi tez v\u0259 laz\u0131m olan yer\u0259 \u00e7atd\u0131r\u0131r. Onlar divarlar\u0131 v\u0259 ya boyalar\u0131 tozsuz qurutmaq, ma\u015f\u0131nlar\u0131 v\u0259 ya boru x\u0259tl\u0259rini \u0259ritm\u0259k v\u0259 i\u015f yerl\u0259rini q\u0131zd\u0131rmaq \u00fc\u00e7\u00fcn uy\u011fundur. Bu g\u00fccl\u00fc texnologiya \u0259h\u0259miyy\u0259tli enerji q\u0259na\u0259ti il\u0259 n\u0259tic\u0259l\u0259nir v\u0259 tozlu yerl\u0259rd\u0259 v\u0259 ya \u00e7\u00f6ld\u0259 istifad\u0259 edil\u0259 bil\u0259r.  T\u0259l\u0259b olunan t\u0259tbiql\u0259riniz\u0259 cavab verm\u0259k \u00fc\u00e7\u00fcn b\u00fct\u00fcn infraq\u0131rm\u0131z\u0131 ya\u011fla i\u015fl\u0259y\u0259n q\u0131zd\u0131r\u0131c\u0131lar\u0131m\u0131za v\u0259 dig\u0259r portativ kommersiya q\u0131zd\u0131r\u0131c\u0131lar\u0131m\u0131za bax\u0131n.\" \/>\n<meta property=\"og:url\" content=\"https:\/\/geoclimate.ge\/az\/product\/master-xl-91-infrared-oil-fired-heaters-infrared-oil-fired-heaters-with-separate-master-burner\/\" \/>\n<meta property=\"og:site_name\" content=\"GeoClimate.ge\" \/>\n<meta property=\"article:modified_time\" content=\"2025-09-22T08:27:13+00:00\" \/>\n<meta property=\"og:image\" content=\"https:\/\/geoclimate.ge\/wp-content\/uploads\/2025\/09\/Master-XL-91.jpg\" \/>\n\t<meta property=\"og:image:width\" content=\"1000\" \/>\n\t<meta property=\"og:image:height\" content=\"1000\" \/>\n\t<meta property=\"og:image:type\" content=\"image\/jpeg\" \/>\n<meta name=\"twitter:card\" content=\"summary_large_image\" \/>\n<meta name=\"twitter:label1\" content=\"Est. reading time\" \/>\n\t<meta name=\"twitter:data1\" content=\"2 minutes\" \/>\n<script type=\"application\/ld+json\" class=\"yoast-schema-graph\">{\"@context\":\"https:\/\/schema.org\",\"@graph\":[{\"@type\":\"WebPage\",\"@id\":\"https:\/\/geoclimate.ge\/az\/product\/master-xl-91-infrared-oil-fired-heaters-infrared-oil-fired-heaters-with-separate-master-burner\/\",\"url\":\"https:\/\/geoclimate.ge\/az\/product\/master-xl-91-infrared-oil-fired-heaters-infrared-oil-fired-heaters-with-separate-master-burner\/\",\"name\":\"Master XL 91 - infraq\u0131rm\u0131z\u0131 ya\u011fla i\u015fl\u0259y\u0259n q\u0131zd\u0131r\u0131c\u0131lar Ayr\u0131 Master burner il\u0259 infraq\u0131rm\u0131z\u0131 ya\u011f q\u0131zd\u0131r\u0131c\u0131lar\u0131 - GeoClimate.ge\",\"isPartOf\":{\"@id\":\"https:\/\/geoclimate.ge\/#website\"},\"primaryImageOfPage\":{\"@id\":\"https:\/\/geoclimate.ge\/az\/product\/master-xl-91-infrared-oil-fired-heaters-infrared-oil-fired-heaters-with-separate-master-burner\/#primaryimage\"},\"image\":{\"@id\":\"https:\/\/geoclimate.ge\/az\/product\/master-xl-91-infrared-oil-fired-heaters-infrared-oil-fired-heaters-with-separate-master-burner\/#primaryimage\"},\"thumbnailUrl\":\"https:\/\/geoclimate.ge\/wp-content\/uploads\/2025\/09\/Master-XL-91.jpg\",\"datePublished\":\"2025-09-22T08:18:20+00:00\",\"dateModified\":\"2025-09-22T08:27:13+00:00\",\"breadcrumb\":{\"@id\":\"https:\/\/geoclimate.ge\/az\/product\/master-xl-91-infrared-oil-fired-heaters-infrared-oil-fired-heaters-with-separate-master-burner\/#breadcrumb\"},\"inLanguage\":\"az\",\"potentialAction\":[{\"@type\":\"ReadAction\",\"target\":[\"https:\/\/geoclimate.ge\/az\/product\/master-xl-91-infrared-oil-fired-heaters-infrared-oil-fired-heaters-with-separate-master-burner\/\"]}]},{\"@type\":\"ImageObject\",\"inLanguage\":\"az\",\"@id\":\"https:\/\/geoclimate.ge\/az\/product\/master-xl-91-infrared-oil-fired-heaters-infrared-oil-fired-heaters-with-separate-master-burner\/#primaryimage\",\"url\":\"https:\/\/geoclimate.ge\/wp-content\/uploads\/2025\/09\/Master-XL-91.jpg\",\"contentUrl\":\"https:\/\/geoclimate.ge\/wp-content\/uploads\/2025\/09\/Master-XL-91.jpg\",\"width\":1000,\"height\":1000},{\"@type\":\"BreadcrumbList\",\"@id\":\"https:\/\/geoclimate.ge\/az\/product\/master-xl-91-infrared-oil-fired-heaters-infrared-oil-fired-heaters-with-separate-master-burner\/#breadcrumb\",\"itemListElement\":[{\"@type\":\"ListItem\",\"position\":1,\"name\":\"Home\",\"item\":\"https:\/\/geoclimate.ge\/az\/\"},{\"@type\":\"ListItem\",\"position\":2,\"name\":\"M\u0259hsullar\",\"item\":\"https:\/\/geoclimate.ge\/az\/products\/\"},{\"@type\":\"ListItem\",\"position\":3,\"name\":\"Master XL 91 &#8211; infraq\u0131rm\u0131z\u0131 ya\u011fla i\u015fl\u0259y\u0259n q\u0131zd\u0131r\u0131c\u0131lar Ayr\u0131 Master burner il\u0259 infraq\u0131rm\u0131z\u0131 ya\u011f q\u0131zd\u0131r\u0131c\u0131lar\u0131\"}]},{\"@type\":\"WebSite\",\"@id\":\"https:\/\/geoclimate.ge\/#website\",\"url\":\"https:\/\/geoclimate.ge\/\",\"name\":\"GeoClimate\",\"description\":\"\",\"publisher\":{\"@id\":\"https:\/\/geoclimate.ge\/#organization\"},\"potentialAction\":[{\"@type\":\"SearchAction\",\"target\":{\"@type\":\"EntryPoint\",\"urlTemplate\":\"https:\/\/geoclimate.ge\/?s={search_term_string}\"},\"query-input\":{\"@type\":\"PropertyValueSpecification\",\"valueRequired\":true,\"valueName\":\"search_term_string\"}}],\"inLanguage\":\"az\"},{\"@type\":\"Organization\",\"@id\":\"https:\/\/geoclimate.ge\/#organization\",\"name\":\"GeoClimate\",\"url\":\"https:\/\/geoclimate.ge\/\",\"logo\":{\"@type\":\"ImageObject\",\"inLanguage\":\"az\",\"@id\":\"https:\/\/geoclimate.ge\/#\/schema\/logo\/image\/\",\"url\":\"https:\/\/geoclimate.ge\/wp-content\/uploads\/2026\/03\/geoclimate-SEO.png\",\"contentUrl\":\"https:\/\/geoclimate.ge\/wp-content\/uploads\/2026\/03\/geoclimate-SEO.png\",\"width\":1536,\"height\":1024,\"caption\":\"GeoClimate\"},\"image\":{\"@id\":\"https:\/\/geoclimate.ge\/#\/schema\/logo\/image\/\"}}]}<\/script>\n<!-- \/ Yoast SEO plugin. -->","yoast_head_json":{"title":"Master XL 91 - infraq\u0131rm\u0131z\u0131 ya\u011fla i\u015fl\u0259y\u0259n q\u0131zd\u0131r\u0131c\u0131lar Ayr\u0131 Master burner il\u0259 infraq\u0131rm\u0131z\u0131 ya\u011f q\u0131zd\u0131r\u0131c\u0131lar\u0131 - GeoClimate.ge","robots":{"index":"index","follow":"follow","max-snippet":"max-snippet:-1","max-image-preview":"max-image-preview:large","max-video-preview":"max-video-preview:-1"},"canonical":"https:\/\/geoclimate.ge\/az\/product\/master-xl-91-infrared-oil-fired-heaters-infrared-oil-fired-heaters-with-separate-master-burner\/","og_locale":"az_AZ","og_type":"article","og_title":"Master XL 91 - infraq\u0131rm\u0131z\u0131 ya\u011fla i\u015fl\u0259y\u0259n q\u0131zd\u0131r\u0131c\u0131lar Ayr\u0131 Master burner il\u0259 infraq\u0131rm\u0131z\u0131 ya\u011f q\u0131zd\u0131r\u0131c\u0131lar\u0131 - GeoClimate.ge","og_description":"\u0130nfraq\u0131rm\u0131z\u0131 q\u0131zd\u0131r\u0131c\u0131lar he\u00e7 bir hava h\u0259r\u0259k\u0259ti olmadan istiliyi tez v\u0259 laz\u0131m olan yer\u0259 \u00e7atd\u0131r\u0131r. Onlar divarlar\u0131 v\u0259 ya boyalar\u0131 tozsuz qurutmaq, ma\u015f\u0131nlar\u0131 v\u0259 ya boru x\u0259tl\u0259rini \u0259ritm\u0259k v\u0259 i\u015f yerl\u0259rini q\u0131zd\u0131rmaq \u00fc\u00e7\u00fcn uy\u011fundur. Bu g\u00fccl\u00fc texnologiya \u0259h\u0259miyy\u0259tli enerji q\u0259na\u0259ti il\u0259 n\u0259tic\u0259l\u0259nir v\u0259 tozlu yerl\u0259rd\u0259 v\u0259 ya \u00e7\u00f6ld\u0259 istifad\u0259 edil\u0259 bil\u0259r.  T\u0259l\u0259b olunan t\u0259tbiql\u0259riniz\u0259 cavab verm\u0259k \u00fc\u00e7\u00fcn b\u00fct\u00fcn infraq\u0131rm\u0131z\u0131 ya\u011fla i\u015fl\u0259y\u0259n q\u0131zd\u0131r\u0131c\u0131lar\u0131m\u0131za v\u0259 dig\u0259r portativ kommersiya q\u0131zd\u0131r\u0131c\u0131lar\u0131m\u0131za bax\u0131n.","og_url":"https:\/\/geoclimate.ge\/az\/product\/master-xl-91-infrared-oil-fired-heaters-infrared-oil-fired-heaters-with-separate-master-burner\/","og_site_name":"GeoClimate.ge","article_modified_time":"2025-09-22T08:27:13+00:00","og_image":[{"width":1000,"height":1000,"url":"https:\/\/geoclimate.ge\/wp-content\/uploads\/2025\/09\/Master-XL-91.jpg","type":"image\/jpeg"}],"twitter_card":"summary_large_image","twitter_misc":{"Est. reading time":"2 minutes"},"schema":{"@context":"https:\/\/schema.org","@graph":[{"@type":"WebPage","@id":"https:\/\/geoclimate.ge\/az\/product\/master-xl-91-infrared-oil-fired-heaters-infrared-oil-fired-heaters-with-separate-master-burner\/","url":"https:\/\/geoclimate.ge\/az\/product\/master-xl-91-infrared-oil-fired-heaters-infrared-oil-fired-heaters-with-separate-master-burner\/","name":"Master XL 91 - infraq\u0131rm\u0131z\u0131 ya\u011fla i\u015fl\u0259y\u0259n q\u0131zd\u0131r\u0131c\u0131lar Ayr\u0131 Master burner il\u0259 infraq\u0131rm\u0131z\u0131 ya\u011f q\u0131zd\u0131r\u0131c\u0131lar\u0131 - GeoClimate.ge","isPartOf":{"@id":"https:\/\/geoclimate.ge\/#website"},"primaryImageOfPage":{"@id":"https:\/\/geoclimate.ge\/az\/product\/master-xl-91-infrared-oil-fired-heaters-infrared-oil-fired-heaters-with-separate-master-burner\/#primaryimage"},"image":{"@id":"https:\/\/geoclimate.ge\/az\/product\/master-xl-91-infrared-oil-fired-heaters-infrared-oil-fired-heaters-with-separate-master-burner\/#primaryimage"},"thumbnailUrl":"https:\/\/geoclimate.ge\/wp-content\/uploads\/2025\/09\/Master-XL-91.jpg","datePublished":"2025-09-22T08:18:20+00:00","dateModified":"2025-09-22T08:27:13+00:00","breadcrumb":{"@id":"https:\/\/geoclimate.ge\/az\/product\/master-xl-91-infrared-oil-fired-heaters-infrared-oil-fired-heaters-with-separate-master-burner\/#breadcrumb"},"inLanguage":"az","potentialAction":[{"@type":"ReadAction","target":["https:\/\/geoclimate.ge\/az\/product\/master-xl-91-infrared-oil-fired-heaters-infrared-oil-fired-heaters-with-separate-master-burner\/"]}]},{"@type":"ImageObject","inLanguage":"az","@id":"https:\/\/geoclimate.ge\/az\/product\/master-xl-91-infrared-oil-fired-heaters-infrared-oil-fired-heaters-with-separate-master-burner\/#primaryimage","url":"https:\/\/geoclimate.ge\/wp-content\/uploads\/2025\/09\/Master-XL-91.jpg","contentUrl":"https:\/\/geoclimate.ge\/wp-content\/uploads\/2025\/09\/Master-XL-91.jpg","width":1000,"height":1000},{"@type":"BreadcrumbList","@id":"https:\/\/geoclimate.ge\/az\/product\/master-xl-91-infrared-oil-fired-heaters-infrared-oil-fired-heaters-with-separate-master-burner\/#breadcrumb","itemListElement":[{"@type":"ListItem","position":1,"name":"Home","item":"https:\/\/geoclimate.ge\/az\/"},{"@type":"ListItem","position":2,"name":"M\u0259hsullar","item":"https:\/\/geoclimate.ge\/az\/products\/"},{"@type":"ListItem","position":3,"name":"Master XL 91 &#8211; infraq\u0131rm\u0131z\u0131 ya\u011fla i\u015fl\u0259y\u0259n q\u0131zd\u0131r\u0131c\u0131lar Ayr\u0131 Master burner il\u0259 infraq\u0131rm\u0131z\u0131 ya\u011f q\u0131zd\u0131r\u0131c\u0131lar\u0131"}]},{"@type":"WebSite","@id":"https:\/\/geoclimate.ge\/#website","url":"https:\/\/geoclimate.ge\/","name":"GeoClimate","description":"","publisher":{"@id":"https:\/\/geoclimate.ge\/#organization"},"potentialAction":[{"@type":"SearchAction","target":{"@type":"EntryPoint","urlTemplate":"https:\/\/geoclimate.ge\/?s={search_term_string}"},"query-input":{"@type":"PropertyValueSpecification","valueRequired":true,"valueName":"search_term_string"}}],"inLanguage":"az"},{"@type":"Organization","@id":"https:\/\/geoclimate.ge\/#organization","name":"GeoClimate","url":"https:\/\/geoclimate.ge\/","logo":{"@type":"ImageObject","inLanguage":"az","@id":"https:\/\/geoclimate.ge\/#\/schema\/logo\/image\/","url":"https:\/\/geoclimate.ge\/wp-content\/uploads\/2026\/03\/geoclimate-SEO.png","contentUrl":"https:\/\/geoclimate.ge\/wp-content\/uploads\/2026\/03\/geoclimate-SEO.png","width":1536,"height":1024,"caption":"GeoClimate"},"image":{"@id":"https:\/\/geoclimate.ge\/#\/schema\/logo\/image\/"}}]}},"_links":{"self":[{"href":"https:\/\/geoclimate.ge\/az\/wp-json\/wp\/v2\/product\/40239","targetHints":{"allow":["GET"]}}],"collection":[{"href":"https:\/\/geoclimate.ge\/az\/wp-json\/wp\/v2\/product"}],"about":[{"href":"https:\/\/geoclimate.ge\/az\/wp-json\/wp\/v2\/types\/product"}],"wp:featuredmedia":[{"embeddable":true,"href":"https:\/\/geoclimate.ge\/az\/wp-json\/wp\/v2\/media\/40222"}],"wp:attachment":[{"href":"https:\/\/geoclimate.ge\/az\/wp-json\/wp\/v2\/media?parent=40239"}],"wp:term":[{"taxonomy":"product_brand","embeddable":true,"href":"https:\/\/geoclimate.ge\/az\/wp-json\/wp\/v2\/product_brand?post=40239"},{"taxonomy":"product_cat","embeddable":true,"href":"https:\/\/geoclimate.ge\/az\/wp-json\/wp\/v2\/product_cat?post=40239"},{"taxonomy":"product_tag","embeddable":true,"href":"https:\/\/geoclimate.ge\/az\/wp-json\/wp\/v2\/product_tag?post=40239"}],"curies":[{"name":"wp","href":"https:\/\/api.w.org\/{rel}","templated":true}]}}