{"id":40626,"date":"2025-09-26T12:45:02","date_gmt":"2025-09-26T08:45:02","guid":{"rendered":"https:\/\/airsystems.ge\/shop\/product\/master-tr-3d-electric-fan-air-heaters-electric-fan-air-heaters-hanging\/"},"modified":"2025-09-26T13:27:51","modified_gmt":"2025-09-26T09:27:51","slug":"master-tr-3d-electric-fan-air-heaters-electric-fan-air-heaters-hanging","status":"publish","type":"product","link":"https:\/\/geoclimate.ge\/az\/product\/master-tr-3d-electric-fan-air-heaters-electric-fan-air-heaters-hanging\/","title":{"rendered":"Master TR 3D \u2013 elektrik ventilyatorlu hava q\u0131zd\u0131r\u0131c\u0131lar\u0131 Elektrikli hava q\u0131zd\u0131r\u0131c\u0131lar\u0131 &#8211; asma"},"content":{"rendered":"<section class=\"max-w-[1088px] mx-auto w-full px-5 my-10 md:my-12 lg:my-16 xl:my-20 xl:px-0\" data-block=\"bullet-list\">\n<div class=\"md:text-center\">\n<p><strong>\u018fsas x\u00fcsusiyy\u0259tl\u0259r<\/strong><\/p>\n<p>Divara qura\u015fd\u0131r\u0131lm\u0131\u015fd\u0131r<br \/>\nT\u0259nziml\u0259n\u0259n istilik<br \/>\nR\u0259q\u0259msal uzaqdan idar\u0259 olunan xrono-termostat vasit\u0259sil\u0259 siz ist\u0259diyiniz temperaturu v\u0259 m\u00fcdd\u0259ti t\u0259yin ed\u0259 v\u0259 tam g\u00fcc, orta g\u00fcc v\u0259 ya yaln\u0131z ventilyasiya aras\u0131nda se\u00e7im ed\u0259 bil\u0259rsiniz.<br \/>\nQura\u015fd\u0131r\u0131lm\u0131\u015f h\u0259ddind\u0259n art\u0131q istil\u0259\u015fm\u0259 termostat\u0131<br \/>\nA\u015fa\u011f\u0131 s\u0259s-k\u00fcy<br \/>\nOksigen istehlak\u0131 yoxdur<br \/>\nDuman, qoxu, r\u00fctub\u0259t yoxdur<br \/>\nQura\u015fd\u0131rmaq asand\u0131r<br \/>\nSimsiz batareya pultu (model ACC92) ayr\u0131ca sat\u0131l\u0131r v\u0259 i\u015fl\u0259m\u0259k \u00fc\u00e7\u00fcn t\u0259l\u0259b olunur. Bir pult 9 vahid\u0259 q\u0259d\u0259r idar\u0259 ed\u0259 bil\u0259r.<br \/>\nDivar braketi TR-ni 45\u00b0 \u0259ym\u0259y\u0259 imkan verir<br \/>\nMa\u011fazalar, zallar, salonlar, iclas otaqlar\u0131, bungalovlar, ofisl\u0259r, emalatxanalar, qarajlar, q\u0259bul zallar\u0131, b\u00f6y\u00fck \u00e7ad\u0131rlar, zirz\u0259mil\u0259r v\u0259 s. \u00fc\u00e7\u00fcn s\u00fcr\u0259tli istilik<\/p>\n<\/div>\n<\/section>\n<section class=\"max-w-[1088px] mx-auto w-full px-5 my-10 md:my-12 lg:my-16 xl:my-20 xl:px-0\" data-block=\"product-specifications\">\n<div class=\"md:text-center\">\n<h3 class=\"text-black font-bold text-lg md:text-xl lg:text-2xl\"><strong>Product specifications<\/strong><\/h3>\n<\/div>\n<div class=\" md:mt-10\">\n<div class=\"\">\n<div class=\"lg:mt-0 \">\n<div id=\"spec-tr-3d\" class=\"prose max-w-full md:overflow-auto\" data-spec-content=\"\">\n<div class=\"spreadsheet-container hidden md:block\">\n<table class=\"w-full table-fixed mb-0\">\n<thead>\n<tr>\n<th class=\"font-bold text-base\"><span class=\"block px-4\">Specifications<\/span><\/th>\n<th class=\"font-bold text-base text-center\"><span class=\"block px-10 md:px-20\">Units<\/span><\/th>\n<th class=\"font-bold text-base text-center will-change\"><span class=\"block px-4\">TR\u00a03D<\/span><\/th>\n<\/tr>\n<\/thead>\n<tbody>\n<tr class=\"bg-grey-200\/50 p-2\">\n<td colspan=\"1\"><span class=\"block px-4\">Heating power<\/span><\/td>\n<td class=\"text-center\">\n<div class=\"px-10 md:px-20 flex items-center justify-center\">kW<\/div>\n<\/td>\n<td class=\"text-center will-change\">\n<div class=\"px-10 md:px-20 flex items-center justify-center\">3.3<\/div>\n<\/td>\n<\/tr>\n<tr class=\" p-2\">\n<td colspan=\"1\"><span class=\"block px-4\">Power supply<\/span><\/td>\n<td class=\"text-center\">\n<div class=\"px-10 md:px-20 flex items-center justify-center\">V\/Hz<\/div>\n<\/td>\n<td class=\"text-center will-change\">\n<div class=\"px-10 md:px-20 flex items-center justify-center\">230\/1ph\/50<\/div>\n<\/td>\n<\/tr>\n<tr class=\"bg-grey-200\/50 p-2\">\n<td colspan=\"1\"><span class=\"block px-4\">Power control<\/span><\/td>\n<td class=\"text-center\">\n<div class=\"px-10 md:px-20 flex items-center justify-center\">kW<\/div>\n<\/td>\n<td class=\"text-center will-change\">\n<div class=\"px-10 md:px-20 flex items-center justify-center\">0\/1.65\/3.3<\/div>\n<\/td>\n<\/tr>\n<tr class=\" p-2\">\n<td colspan=\"1\"><span class=\"block px-4\">Voltage at maximum power<\/span><\/td>\n<td class=\"text-center\">\n<div class=\"px-10 md:px-20 flex items-center justify-center\">A<\/div>\n<\/td>\n<td class=\"text-center will-change\">\n<div class=\"px-10 md:px-20 flex items-center justify-center\">13.5<\/div>\n<\/td>\n<\/tr>\n<tr class=\"bg-grey-200\/50 p-2\">\n<td colspan=\"1\"><span class=\"block px-4\">Protection<\/span><\/td>\n<td class=\"text-center\">\n<div class=\"px-10 md:px-20 flex items-center justify-center\"><\/div>\n<\/td>\n<td class=\"text-center will-change\">\n<div class=\"px-10 md:px-20 flex items-center justify-center\">IPX4<\/div>\n<\/td>\n<\/tr>\n<tr class=\" p-2\">\n<td colspan=\"1\"><span class=\"block px-4\">Min. mounting height<\/span><\/td>\n<td class=\"text-center\">\n<div class=\"px-10 md:px-20 flex items-center justify-center\">m<\/div>\n<\/td>\n<td class=\"text-center will-change\">\n<div class=\"px-10 md:px-20 flex items-center justify-center\">1.8<\/div>\n<\/td>\n<\/tr>\n<tr class=\"bg-grey-200\/50 p-2\">\n<td colspan=\"1\"><span class=\"block px-4\">Ventilation function<\/span><\/td>\n<td class=\"text-center\">\n<div class=\"px-10 md:px-20 flex items-center justify-center\"><\/div>\n<\/td>\n<td class=\"text-center will-change\">\n<div class=\"px-10 md:px-20 flex items-center justify-center\">Yes<\/div>\n<\/td>\n<\/tr>\n<tr class=\" p-2\">\n<td colspan=\"1\"><span class=\"block px-4\">Room thermostat<\/span><\/td>\n<td class=\"text-center\">\n<div class=\"px-10 md:px-20 flex items-center justify-center\"><\/div>\n<\/td>\n<td class=\"text-center will-change\">\n<div class=\"px-10 md:px-20 flex items-center justify-center\">Yes<\/div>\n<\/td>\n<\/tr>\n<tr class=\"bg-grey-200\/50 p-2\">\n<td colspan=\"1\"><span class=\"block px-4\">Adjustable heating power<\/span><\/td>\n<td class=\"text-center\">\n<div class=\"px-10 md:px-20 flex items-center justify-center\"><\/div>\n<\/td>\n<td class=\"text-center will-change\">\n<div class=\"px-10 md:px-20 flex items-center justify-center\">Yes<\/div>\n<\/td>\n<\/tr>\n<tr class=\" p-2\">\n<td colspan=\"1\"><span class=\"block px-4\">Overheat protection<\/span><\/td>\n<td class=\"text-center\">\n<div class=\"px-10 md:px-20 flex items-center justify-center\"><\/div>\n<\/td>\n<td class=\"text-center will-change\">\n<div class=\"px-10 md:px-20 flex items-center justify-center\">Yes<\/div>\n<\/td>\n<\/tr>\n<tr class=\"bg-grey-200\/50 p-2\">\n<td colspan=\"1\"><span class=\"block px-4\">Product size (l x w x h)<\/span><\/td>\n<td class=\"text-center\">\n<div class=\"px-10 md:px-20 flex items-center justify-center\">mm<\/div>\n<\/td>\n<td class=\"text-center will-change\">\n<div class=\"px-10 md:px-20 flex items-center justify-center\">279 x 251 x 340<\/div>\n<\/td>\n<\/tr>\n<tr class=\" p-2\">\n<td colspan=\"1\"><span class=\"block px-4\">Box size (l x w x h)<\/span><\/td>\n<td class=\"text-center\">\n<div class=\"px-10 md:px-20 flex items-center justify-center\">mm<\/div>\n<\/td>\n<td class=\"text-center will-change\">\n<div class=\"px-10 md:px-20 flex items-center justify-center\">390 x 320 x 430<\/div>\n<\/td>\n<\/tr>\n<tr class=\"bg-grey-200\/50 p-2\">\n<td colspan=\"1\"><span class=\"block px-4\">Weight net\/gross<\/span><\/td>\n<td class=\"text-center\">\n<div class=\"px-10 md:px-20 flex items-center justify-center\">kg<\/div>\n<\/td>\n<td class=\"text-center will-change\">\n<div class=\"px-10 md:px-20 flex items-center justify-center\">5.6\/8.6<\/div>\n<\/td>\n<\/tr>\n<tr class=\" p-2\">\n<td colspan=\"1\"><span class=\"block px-4\">Pallet<\/span><\/td>\n<td class=\"text-center\">\n<div class=\"px-10 md:px-20 flex items-center justify-center\">pcs<\/div>\n<\/td>\n<td class=\"text-center will-change\">\n<div class=\"px-10 md:px-20 flex items-center justify-center\">30<\/div>\n<\/td>\n<\/tr>\n<\/tbody>\n<\/table>\n<\/div>\n<\/div>\n<\/div>\n<\/div>\n<\/div>\n<\/section>\n<section class=\"max-w-[1088px] mx-auto w-full px-5 my-10 md:my-12 lg:my-16 xl:my-20 xl:px-0\" data-block=\"link-list\">\n<div class=\"max-w-[1088px] mx-auto\">\n<div class=\"md:text-center\">\n<h3 class=\"text-black font-bold text-lg md:text-xl lg:text-2xl\">Uy\u011fundur:<\/h3>\n<\/div>\n<div class=\"mt-6 max-w-4xl mx-auto\">\n<div class=\"flex flex-wrap md:ml-20\">\n<div class=\"w-full md:w-1\/2 auto-bullets md:pr-16\">\n<ul>\n<li class=\"flex items-center gap-5 text-sm text-black mt-3 md:text-base lg:text-lg\">Avtomobil<br \/>\nD\u00fc\u015f\u0259rg\u0259l\u0259r v\u0259 sah\u0259 x\u0259st\u0259xanalar\u0131<br \/>\nTicar\u0259t binalar\u0131<br \/>\nT\u0259cili yard\u0131m xidm\u0259tl\u0259ri<br \/>\nT\u0259dbirl\u0259r v\u0259 festivallar<br \/>\nS\u0259naye, fabrikl\u0259r v\u0259 istehsal<br \/>\n\u0130car\u0259 \u015firk\u0259tl\u0259ri<br \/>\nN\u0259qliyyat v\u0259 logistika<\/li>\n<\/ul>\n<\/div>\n<\/div>\n<\/div>\n<\/div>\n<\/section>\n","protected":false},"excerpt":{"rendered":"<p>Elektrikli fan q\u0131zd\u0131r\u0131c\u0131lar\u0131 m\u00fcxt\u0259lif t\u0259tbiql\u0259rd\u0259 geni\u015f istifad\u0259 olunan y\u00fcks\u0259k s\u0259m\u0259r\u0259li cihazlard\u0131r. Onlar t\u0259miz, s\u00fcr\u0259tli v\u0259 t\u0259hl\u00fck\u0259siz istilik t\u0259min edir. Elektrikli q\u0131zd\u0131r\u0131c\u0131lar m\u00fcv\u0259qq\u0259ti v\u0259 ya t\u0259cili isitm\u0259 \u00fc\u00e7\u00fcn ideald\u0131r, \u00e7\u00fcnki istifad\u0259si asan v\u0259 tam portativdir. Master elektrik q\u0131zd\u0131r\u0131c\u0131lar\u0131 yaln\u0131z sertifikatla\u015fd\u0131r\u0131lm\u0131\u015f y\u00fcks\u0259k keyfiyy\u0259tli komponentl\u0259rd\u0259n istifad\u0259 edir ki, bu da onlar\u0131n etibarl\u0131l\u0131\u011f\u0131n\u0131 v\u0259 s\u0259m\u0259r\u0259liliyini t\u0259min edir.<\/p>\n<p>Tam elektrik fanatl\u0131 q\u0131zd\u0131r\u0131c\u0131 \u00e7e\u015fidimiz\u0259 bax\u0131n v\u0259 ya hans\u0131 elektrikli q\u0131zd\u0131r\u0131c\u0131n\u0131n v\u0259 ya dig\u0259r n\u00f6v kommersiya q\u0131zd\u0131r\u0131c\u0131s\u0131n\u0131n n\u0259z\u0259rd\u0259 tutulan t\u0259tbiqiniz \u00fc\u00e7\u00fcn \u0259n uy\u011fun oldu\u011funu \u00f6yr\u0259nm\u0259k \u00fc\u00e7\u00fcn biziml\u0259 \u0259laq\u0259 saxlay\u0131n.<\/p>\n","protected":false},"featured_media":40615,"template":"","meta":[],"product_brand":[],"product_cat":[1987],"product_tag":[],"class_list":{"0":"post-40626","1":"product","2":"type-product","3":"status-publish","4":"has-post-thumbnail","6":"product_cat-qizdirici-kalorifer","8":"first","9":"instock","10":"shipping-taxable","11":"purchasable","12":"product-type-simple"},"yoast_head":"<!-- This site is optimized with the Yoast SEO plugin v27.1.1 - https:\/\/yoast.com\/product\/yoast-seo-wordpress\/ -->\n<title>Master TR 3D \u2013 elektrik ventilyatorlu hava q\u0131zd\u0131r\u0131c\u0131lar\u0131 Elektrikli hava q\u0131zd\u0131r\u0131c\u0131lar\u0131 - asma - GeoClimate.ge<\/title>\n<meta name=\"robots\" content=\"index, follow, max-snippet:-1, max-image-preview:large, max-video-preview:-1\" \/>\n<link rel=\"canonical\" href=\"https:\/\/geoclimate.ge\/az\/product\/master-tr-3d-electric-fan-air-heaters-electric-fan-air-heaters-hanging\/\" \/>\n<meta property=\"og:locale\" content=\"az_AZ\" \/>\n<meta property=\"og:type\" content=\"article\" \/>\n<meta property=\"og:title\" content=\"Master TR 3D \u2013 elektrik ventilyatorlu hava q\u0131zd\u0131r\u0131c\u0131lar\u0131 Elektrikli hava q\u0131zd\u0131r\u0131c\u0131lar\u0131 - asma - GeoClimate.ge\" \/>\n<meta property=\"og:description\" content=\"Elektrikli fan q\u0131zd\u0131r\u0131c\u0131lar\u0131 m\u00fcxt\u0259lif t\u0259tbiql\u0259rd\u0259 geni\u015f istifad\u0259 olunan y\u00fcks\u0259k s\u0259m\u0259r\u0259li cihazlard\u0131r. Onlar t\u0259miz, s\u00fcr\u0259tli v\u0259 t\u0259hl\u00fck\u0259siz istilik t\u0259min edir. Elektrikli q\u0131zd\u0131r\u0131c\u0131lar m\u00fcv\u0259qq\u0259ti v\u0259 ya t\u0259cili isitm\u0259 \u00fc\u00e7\u00fcn ideald\u0131r, \u00e7\u00fcnki istifad\u0259si asan v\u0259 tam portativdir. Master elektrik q\u0131zd\u0131r\u0131c\u0131lar\u0131 yaln\u0131z sertifikatla\u015fd\u0131r\u0131lm\u0131\u015f y\u00fcks\u0259k keyfiyy\u0259tli komponentl\u0259rd\u0259n istifad\u0259 edir ki, bu da onlar\u0131n etibarl\u0131l\u0131\u011f\u0131n\u0131 v\u0259 s\u0259m\u0259r\u0259liliyini t\u0259min edir.  Tam elektrik fanatl\u0131 q\u0131zd\u0131r\u0131c\u0131 \u00e7e\u015fidimiz\u0259 bax\u0131n v\u0259 ya hans\u0131 elektrikli q\u0131zd\u0131r\u0131c\u0131n\u0131n v\u0259 ya dig\u0259r n\u00f6v kommersiya q\u0131zd\u0131r\u0131c\u0131s\u0131n\u0131n n\u0259z\u0259rd\u0259 tutulan t\u0259tbiqiniz \u00fc\u00e7\u00fcn \u0259n uy\u011fun oldu\u011funu \u00f6yr\u0259nm\u0259k \u00fc\u00e7\u00fcn biziml\u0259 \u0259laq\u0259 saxlay\u0131n.\" \/>\n<meta property=\"og:url\" content=\"https:\/\/geoclimate.ge\/az\/product\/master-tr-3d-electric-fan-air-heaters-electric-fan-air-heaters-hanging\/\" \/>\n<meta property=\"og:site_name\" content=\"GeoClimate.ge\" \/>\n<meta property=\"article:modified_time\" content=\"2025-09-26T09:27:51+00:00\" \/>\n<meta property=\"og:image\" content=\"https:\/\/geoclimate.ge\/wp-content\/uploads\/2025\/09\/Master-TR-3D.jpg\" \/>\n\t<meta property=\"og:image:width\" content=\"1000\" \/>\n\t<meta property=\"og:image:height\" content=\"1000\" \/>\n\t<meta property=\"og:image:type\" content=\"image\/jpeg\" \/>\n<meta name=\"twitter:card\" content=\"summary_large_image\" \/>\n<meta name=\"twitter:label1\" content=\"Est. reading time\" \/>\n\t<meta name=\"twitter:data1\" content=\"1 minute\" \/>\n<script type=\"application\/ld+json\" class=\"yoast-schema-graph\">{\"@context\":\"https:\/\/schema.org\",\"@graph\":[{\"@type\":\"WebPage\",\"@id\":\"https:\/\/geoclimate.ge\/az\/product\/master-tr-3d-electric-fan-air-heaters-electric-fan-air-heaters-hanging\/\",\"url\":\"https:\/\/geoclimate.ge\/az\/product\/master-tr-3d-electric-fan-air-heaters-electric-fan-air-heaters-hanging\/\",\"name\":\"Master TR 3D \u2013 elektrik ventilyatorlu hava q\u0131zd\u0131r\u0131c\u0131lar\u0131 Elektrikli hava q\u0131zd\u0131r\u0131c\u0131lar\u0131 - asma - GeoClimate.ge\",\"isPartOf\":{\"@id\":\"https:\/\/geoclimate.ge\/#website\"},\"primaryImageOfPage\":{\"@id\":\"https:\/\/geoclimate.ge\/az\/product\/master-tr-3d-electric-fan-air-heaters-electric-fan-air-heaters-hanging\/#primaryimage\"},\"image\":{\"@id\":\"https:\/\/geoclimate.ge\/az\/product\/master-tr-3d-electric-fan-air-heaters-electric-fan-air-heaters-hanging\/#primaryimage\"},\"thumbnailUrl\":\"https:\/\/geoclimate.ge\/wp-content\/uploads\/2025\/09\/Master-TR-3D.jpg\",\"datePublished\":\"2025-09-26T08:45:02+00:00\",\"dateModified\":\"2025-09-26T09:27:51+00:00\",\"breadcrumb\":{\"@id\":\"https:\/\/geoclimate.ge\/az\/product\/master-tr-3d-electric-fan-air-heaters-electric-fan-air-heaters-hanging\/#breadcrumb\"},\"inLanguage\":\"az\",\"potentialAction\":[{\"@type\":\"ReadAction\",\"target\":[\"https:\/\/geoclimate.ge\/az\/product\/master-tr-3d-electric-fan-air-heaters-electric-fan-air-heaters-hanging\/\"]}]},{\"@type\":\"ImageObject\",\"inLanguage\":\"az\",\"@id\":\"https:\/\/geoclimate.ge\/az\/product\/master-tr-3d-electric-fan-air-heaters-electric-fan-air-heaters-hanging\/#primaryimage\",\"url\":\"https:\/\/geoclimate.ge\/wp-content\/uploads\/2025\/09\/Master-TR-3D.jpg\",\"contentUrl\":\"https:\/\/geoclimate.ge\/wp-content\/uploads\/2025\/09\/Master-TR-3D.jpg\",\"width\":1000,\"height\":1000},{\"@type\":\"BreadcrumbList\",\"@id\":\"https:\/\/geoclimate.ge\/az\/product\/master-tr-3d-electric-fan-air-heaters-electric-fan-air-heaters-hanging\/#breadcrumb\",\"itemListElement\":[{\"@type\":\"ListItem\",\"position\":1,\"name\":\"Home\",\"item\":\"https:\/\/geoclimate.ge\/az\/\"},{\"@type\":\"ListItem\",\"position\":2,\"name\":\"M\u0259hsullar\",\"item\":\"https:\/\/geoclimate.ge\/az\/products\/\"},{\"@type\":\"ListItem\",\"position\":3,\"name\":\"Master TR 3D \u2013 elektrik ventilyatorlu hava q\u0131zd\u0131r\u0131c\u0131lar\u0131 Elektrikli hava q\u0131zd\u0131r\u0131c\u0131lar\u0131 &#8211; asma\"}]},{\"@type\":\"WebSite\",\"@id\":\"https:\/\/geoclimate.ge\/#website\",\"url\":\"https:\/\/geoclimate.ge\/\",\"name\":\"GeoClimate\",\"description\":\"\",\"publisher\":{\"@id\":\"https:\/\/geoclimate.ge\/#organization\"},\"potentialAction\":[{\"@type\":\"SearchAction\",\"target\":{\"@type\":\"EntryPoint\",\"urlTemplate\":\"https:\/\/geoclimate.ge\/?s={search_term_string}\"},\"query-input\":{\"@type\":\"PropertyValueSpecification\",\"valueRequired\":true,\"valueName\":\"search_term_string\"}}],\"inLanguage\":\"az\"},{\"@type\":\"Organization\",\"@id\":\"https:\/\/geoclimate.ge\/#organization\",\"name\":\"GeoClimate\",\"url\":\"https:\/\/geoclimate.ge\/\",\"logo\":{\"@type\":\"ImageObject\",\"inLanguage\":\"az\",\"@id\":\"https:\/\/geoclimate.ge\/#\/schema\/logo\/image\/\",\"url\":\"https:\/\/geoclimate.ge\/wp-content\/uploads\/2026\/03\/geoclimate-SEO.png\",\"contentUrl\":\"https:\/\/geoclimate.ge\/wp-content\/uploads\/2026\/03\/geoclimate-SEO.png\",\"width\":1536,\"height\":1024,\"caption\":\"GeoClimate\"},\"image\":{\"@id\":\"https:\/\/geoclimate.ge\/#\/schema\/logo\/image\/\"}}]}<\/script>\n<!-- \/ Yoast SEO plugin. -->","yoast_head_json":{"title":"Master TR 3D \u2013 elektrik ventilyatorlu hava q\u0131zd\u0131r\u0131c\u0131lar\u0131 Elektrikli hava q\u0131zd\u0131r\u0131c\u0131lar\u0131 - asma - GeoClimate.ge","robots":{"index":"index","follow":"follow","max-snippet":"max-snippet:-1","max-image-preview":"max-image-preview:large","max-video-preview":"max-video-preview:-1"},"canonical":"https:\/\/geoclimate.ge\/az\/product\/master-tr-3d-electric-fan-air-heaters-electric-fan-air-heaters-hanging\/","og_locale":"az_AZ","og_type":"article","og_title":"Master TR 3D \u2013 elektrik ventilyatorlu hava q\u0131zd\u0131r\u0131c\u0131lar\u0131 Elektrikli hava q\u0131zd\u0131r\u0131c\u0131lar\u0131 - asma - GeoClimate.ge","og_description":"Elektrikli fan q\u0131zd\u0131r\u0131c\u0131lar\u0131 m\u00fcxt\u0259lif t\u0259tbiql\u0259rd\u0259 geni\u015f istifad\u0259 olunan y\u00fcks\u0259k s\u0259m\u0259r\u0259li cihazlard\u0131r. Onlar t\u0259miz, s\u00fcr\u0259tli v\u0259 t\u0259hl\u00fck\u0259siz istilik t\u0259min edir. Elektrikli q\u0131zd\u0131r\u0131c\u0131lar m\u00fcv\u0259qq\u0259ti v\u0259 ya t\u0259cili isitm\u0259 \u00fc\u00e7\u00fcn ideald\u0131r, \u00e7\u00fcnki istifad\u0259si asan v\u0259 tam portativdir. Master elektrik q\u0131zd\u0131r\u0131c\u0131lar\u0131 yaln\u0131z sertifikatla\u015fd\u0131r\u0131lm\u0131\u015f y\u00fcks\u0259k keyfiyy\u0259tli komponentl\u0259rd\u0259n istifad\u0259 edir ki, bu da onlar\u0131n etibarl\u0131l\u0131\u011f\u0131n\u0131 v\u0259 s\u0259m\u0259r\u0259liliyini t\u0259min edir.  Tam elektrik fanatl\u0131 q\u0131zd\u0131r\u0131c\u0131 \u00e7e\u015fidimiz\u0259 bax\u0131n v\u0259 ya hans\u0131 elektrikli q\u0131zd\u0131r\u0131c\u0131n\u0131n v\u0259 ya dig\u0259r n\u00f6v kommersiya q\u0131zd\u0131r\u0131c\u0131s\u0131n\u0131n n\u0259z\u0259rd\u0259 tutulan t\u0259tbiqiniz \u00fc\u00e7\u00fcn \u0259n uy\u011fun oldu\u011funu \u00f6yr\u0259nm\u0259k \u00fc\u00e7\u00fcn biziml\u0259 \u0259laq\u0259 saxlay\u0131n.","og_url":"https:\/\/geoclimate.ge\/az\/product\/master-tr-3d-electric-fan-air-heaters-electric-fan-air-heaters-hanging\/","og_site_name":"GeoClimate.ge","article_modified_time":"2025-09-26T09:27:51+00:00","og_image":[{"width":1000,"height":1000,"url":"https:\/\/geoclimate.ge\/wp-content\/uploads\/2025\/09\/Master-TR-3D.jpg","type":"image\/jpeg"}],"twitter_card":"summary_large_image","twitter_misc":{"Est. reading time":"1 minute"},"schema":{"@context":"https:\/\/schema.org","@graph":[{"@type":"WebPage","@id":"https:\/\/geoclimate.ge\/az\/product\/master-tr-3d-electric-fan-air-heaters-electric-fan-air-heaters-hanging\/","url":"https:\/\/geoclimate.ge\/az\/product\/master-tr-3d-electric-fan-air-heaters-electric-fan-air-heaters-hanging\/","name":"Master TR 3D \u2013 elektrik ventilyatorlu hava q\u0131zd\u0131r\u0131c\u0131lar\u0131 Elektrikli hava q\u0131zd\u0131r\u0131c\u0131lar\u0131 - asma - GeoClimate.ge","isPartOf":{"@id":"https:\/\/geoclimate.ge\/#website"},"primaryImageOfPage":{"@id":"https:\/\/geoclimate.ge\/az\/product\/master-tr-3d-electric-fan-air-heaters-electric-fan-air-heaters-hanging\/#primaryimage"},"image":{"@id":"https:\/\/geoclimate.ge\/az\/product\/master-tr-3d-electric-fan-air-heaters-electric-fan-air-heaters-hanging\/#primaryimage"},"thumbnailUrl":"https:\/\/geoclimate.ge\/wp-content\/uploads\/2025\/09\/Master-TR-3D.jpg","datePublished":"2025-09-26T08:45:02+00:00","dateModified":"2025-09-26T09:27:51+00:00","breadcrumb":{"@id":"https:\/\/geoclimate.ge\/az\/product\/master-tr-3d-electric-fan-air-heaters-electric-fan-air-heaters-hanging\/#breadcrumb"},"inLanguage":"az","potentialAction":[{"@type":"ReadAction","target":["https:\/\/geoclimate.ge\/az\/product\/master-tr-3d-electric-fan-air-heaters-electric-fan-air-heaters-hanging\/"]}]},{"@type":"ImageObject","inLanguage":"az","@id":"https:\/\/geoclimate.ge\/az\/product\/master-tr-3d-electric-fan-air-heaters-electric-fan-air-heaters-hanging\/#primaryimage","url":"https:\/\/geoclimate.ge\/wp-content\/uploads\/2025\/09\/Master-TR-3D.jpg","contentUrl":"https:\/\/geoclimate.ge\/wp-content\/uploads\/2025\/09\/Master-TR-3D.jpg","width":1000,"height":1000},{"@type":"BreadcrumbList","@id":"https:\/\/geoclimate.ge\/az\/product\/master-tr-3d-electric-fan-air-heaters-electric-fan-air-heaters-hanging\/#breadcrumb","itemListElement":[{"@type":"ListItem","position":1,"name":"Home","item":"https:\/\/geoclimate.ge\/az\/"},{"@type":"ListItem","position":2,"name":"M\u0259hsullar","item":"https:\/\/geoclimate.ge\/az\/products\/"},{"@type":"ListItem","position":3,"name":"Master TR 3D \u2013 elektrik ventilyatorlu hava q\u0131zd\u0131r\u0131c\u0131lar\u0131 Elektrikli hava q\u0131zd\u0131r\u0131c\u0131lar\u0131 &#8211; asma"}]},{"@type":"WebSite","@id":"https:\/\/geoclimate.ge\/#website","url":"https:\/\/geoclimate.ge\/","name":"GeoClimate","description":"","publisher":{"@id":"https:\/\/geoclimate.ge\/#organization"},"potentialAction":[{"@type":"SearchAction","target":{"@type":"EntryPoint","urlTemplate":"https:\/\/geoclimate.ge\/?s={search_term_string}"},"query-input":{"@type":"PropertyValueSpecification","valueRequired":true,"valueName":"search_term_string"}}],"inLanguage":"az"},{"@type":"Organization","@id":"https:\/\/geoclimate.ge\/#organization","name":"GeoClimate","url":"https:\/\/geoclimate.ge\/","logo":{"@type":"ImageObject","inLanguage":"az","@id":"https:\/\/geoclimate.ge\/#\/schema\/logo\/image\/","url":"https:\/\/geoclimate.ge\/wp-content\/uploads\/2026\/03\/geoclimate-SEO.png","contentUrl":"https:\/\/geoclimate.ge\/wp-content\/uploads\/2026\/03\/geoclimate-SEO.png","width":1536,"height":1024,"caption":"GeoClimate"},"image":{"@id":"https:\/\/geoclimate.ge\/#\/schema\/logo\/image\/"}}]}},"_links":{"self":[{"href":"https:\/\/geoclimate.ge\/az\/wp-json\/wp\/v2\/product\/40626","targetHints":{"allow":["GET"]}}],"collection":[{"href":"https:\/\/geoclimate.ge\/az\/wp-json\/wp\/v2\/product"}],"about":[{"href":"https:\/\/geoclimate.ge\/az\/wp-json\/wp\/v2\/types\/product"}],"wp:featuredmedia":[{"embeddable":true,"href":"https:\/\/geoclimate.ge\/az\/wp-json\/wp\/v2\/media\/40615"}],"wp:attachment":[{"href":"https:\/\/geoclimate.ge\/az\/wp-json\/wp\/v2\/media?parent=40626"}],"wp:term":[{"taxonomy":"product_brand","embeddable":true,"href":"https:\/\/geoclimate.ge\/az\/wp-json\/wp\/v2\/product_brand?post=40626"},{"taxonomy":"product_cat","embeddable":true,"href":"https:\/\/geoclimate.ge\/az\/wp-json\/wp\/v2\/product_cat?post=40626"},{"taxonomy":"product_tag","embeddable":true,"href":"https:\/\/geoclimate.ge\/az\/wp-json\/wp\/v2\/product_tag?post=40626"}],"curies":[{"name":"wp","href":"https:\/\/api.w.org\/{rel}","templated":true}]}}