{"id":40652,"date":"2025-09-26T15:45:38","date_gmt":"2025-09-26T11:45:38","guid":{"rendered":"https:\/\/airsystems.ge\/shop\/product\/master-rs-40-electric-fan-air-heater-electric-fan-air-heaters-ductable\/"},"modified":"2025-09-26T16:03:08","modified_gmt":"2025-09-26T12:03:08","slug":"master-rs-40-electric-fan-air-heater-electric-fan-air-heaters-ductable","status":"publish","type":"product","link":"https:\/\/geoclimate.ge\/az\/product\/master-rs-40-electric-fan-air-heater-electric-fan-air-heaters-ductable\/","title":{"rendered":"Master RS \u200b\u200b40 \u2013 elektrik ventilyatorlu hava q\u0131zd\u0131r\u0131c\u0131s\u0131 Elektrik ventilyatorlu hava q\u0131zd\u0131r\u0131c\u0131lar\u0131 &#8211; kanall\u0131"},"content":{"rendered":"<section class=\"max-w-[1088px] mx-auto w-full px-5 my-10 md:my-12 lg:my-16 xl:my-20 xl:px-0\" data-block=\"bullet-list\">\n<div class=\"md:text-center\">\n<p><strong>\u018fsas x\u00fcsusiyy\u0259tl\u0259r<\/strong><\/p>\n<p>\u00c7evik bir boruya m\u00fcmk\u00fcn \u0259laq\u0259<br \/>\n\u018fl il\u0259 s\u0131f\u0131rlama<br \/>\nQura\u015fd\u0131r\u0131lm\u0131\u015f otaq termostat\u0131<br \/>\nOksigen istehlak\u0131 yoxdur<br \/>\nDuman, qoxu, r\u00fctub\u0259t yoxdur<br \/>\nYaln\u0131z havaland\u0131rma \u00fc\u00e7\u00fcn yay\/q\u0131\u015f a\u00e7ar\u0131<br \/>\nTermik m\u00fchafiz\u0259si olan motor<br \/>\nH\u0259ddind\u0259n art\u0131q istilik termostat\u0131<br \/>\nT\u0259nziml\u0259n\u0259n istilik<\/p>\n<\/div>\n<\/section>\n<section class=\"max-w-[1088px] mx-auto w-full px-5 my-10 md:my-12 lg:my-16 xl:my-20 xl:px-0\" data-block=\"product-specifications\">\n<div class=\"md:text-center\">\n<h3 class=\"text-black font-bold text-lg md:text-xl lg:text-2xl\"><strong>Product specifications<\/strong><\/h3>\n<\/div>\n<div class=\" md:mt-10\">\n<div class=\"\">\n<div class=\"lg:mt-0 \">\n<div id=\"spec-rs-40\" class=\"prose max-w-full md:overflow-auto\" data-spec-content=\"\">\n<div class=\"spreadsheet-container hidden md:block\">\n<table class=\"w-full table-fixed mb-0\">\n<thead>\n<tr>\n<th class=\"font-bold text-base\"><span class=\"block px-4\">Specifications<\/span><\/th>\n<th class=\"font-bold text-base text-center\"><span class=\"block px-10 md:px-20\">Units<\/span><\/th>\n<th class=\"font-bold text-base text-center will-change\"><span class=\"block px-4\">RS\u00a040<\/span><\/th>\n<\/tr>\n<\/thead>\n<tbody>\n<tr class=\"bg-grey-200\/50 p-2\">\n<td colspan=\"1\"><span class=\"block px-4\">Heating power<\/span><\/td>\n<td class=\"text-center\">\n<div class=\"px-10 md:px-20 flex items-center justify-center\">kW<\/div>\n<\/td>\n<td class=\"text-center will-change\">\n<div class=\"px-10 md:px-20 flex items-center justify-center\">13\/26\/40<\/div>\n<\/td>\n<\/tr>\n<tr class=\" p-2\">\n<td colspan=\"1\"><span class=\"block px-4\">Heating power<\/span><\/td>\n<td class=\"text-center\">\n<div class=\"px-10 md:px-20 flex items-center justify-center\">Btu\/h<\/div>\n<\/td>\n<td class=\"text-center will-change\">\n<div class=\"px-10 md:px-20 flex items-center justify-center\">44,360-136,500<\/div>\n<\/td>\n<\/tr>\n<tr class=\"bg-grey-200\/50 p-2\">\n<td colspan=\"1\"><span class=\"block px-4\">Heating power<\/span><\/td>\n<td class=\"text-center\">\n<div class=\"px-10 md:px-20 flex items-center justify-center\">kcal\/h<\/div>\n<\/td>\n<td class=\"text-center will-change\">\n<div class=\"px-10 md:px-20 flex items-center justify-center\">11,200-34,400<\/div>\n<\/td>\n<\/tr>\n<tr class=\" p-2\">\n<td colspan=\"1\"><span class=\"block px-4\">Air flow<\/span><\/td>\n<td class=\"text-center\">\n<div class=\"px-10 md:px-20 flex items-center justify-center\">m\u00b3\/h<\/div>\n<\/td>\n<td class=\"text-center will-change\">\n<div class=\"px-10 md:px-20 flex items-center justify-center\">3,100<\/div>\n<\/td>\n<\/tr>\n<tr class=\"bg-grey-200\/50 p-2\">\n<td colspan=\"1\"><span class=\"block px-4\">Power supply<\/span><\/td>\n<td class=\"text-center\">\n<div class=\"px-10 md:px-20 flex items-center justify-center\">V\/Hz<\/div>\n<\/td>\n<td class=\"text-center will-change\">\n<div class=\"px-10 md:px-20 flex items-center justify-center\">380-400\/3ph\/50<\/div>\n<\/td>\n<\/tr>\n<tr class=\" p-2\">\n<td colspan=\"1\"><span class=\"block px-4\">Plug (male) from heater side<\/span><\/td>\n<td class=\"text-center\">\n<div class=\"px-10 md:px-20 flex items-center justify-center\"><\/div>\n<\/td>\n<td class=\"text-center will-change\">\n<div class=\"px-10 md:px-20 flex items-center justify-center\">63A\/5P<\/div>\n<\/td>\n<\/tr>\n<tr class=\"bg-grey-200\/50 p-2\">\n<td colspan=\"1\"><span class=\"block px-4\">Rated current<\/span><\/td>\n<td class=\"text-center\">\n<div class=\"px-10 md:px-20 flex items-center justify-center\">A<\/div>\n<\/td>\n<td class=\"text-center will-change\">\n<div class=\"px-10 md:px-20 flex items-center justify-center\">58<\/div>\n<\/td>\n<\/tr>\n<tr class=\" p-2\">\n<td colspan=\"1\"><span class=\"block px-4\">Switch pos. 1<\/span><\/td>\n<td class=\"text-center\">\n<div class=\"px-10 md:px-20 flex items-center justify-center\"><\/div>\n<\/td>\n<td class=\"text-center will-change\">\n<div class=\"px-10 md:px-20 flex items-center justify-center\">Fan<\/div>\n<\/td>\n<\/tr>\n<tr class=\"bg-grey-200\/50 p-2\">\n<td colspan=\"1\"><span class=\"block px-4\">Switch pos. 2<\/span><\/td>\n<td class=\"text-center\">\n<div class=\"px-10 md:px-20 flex items-center justify-center\">kW<\/div>\n<\/td>\n<td class=\"text-center will-change\">\n<div class=\"px-10 md:px-20 flex items-center justify-center\">13<\/div>\n<\/td>\n<\/tr>\n<tr class=\" p-2\">\n<td colspan=\"1\"><span class=\"block px-4\">Switch pos. 3\/4<\/span><\/td>\n<td class=\"text-center\">\n<div class=\"px-10 md:px-20 flex items-center justify-center\">kW<\/div>\n<\/td>\n<td class=\"text-center will-change\">\n<div class=\"px-10 md:px-20 flex items-center justify-center\">26\/40<\/div>\n<\/td>\n<\/tr>\n<tr class=\"bg-grey-200\/50 p-2\">\n<td colspan=\"1\"><span class=\"block px-4\">Thermostat control<\/span><\/td>\n<td class=\"text-center\">\n<div class=\"px-10 md:px-20 flex items-center justify-center\"><\/div>\n<\/td>\n<td class=\"text-center will-change\">\n<div class=\"px-10 md:px-20 flex items-center justify-center\">On board<\/div>\n<\/td>\n<\/tr>\n<tr class=\" p-2\">\n<td colspan=\"1\"><span class=\"block px-4\">Temperature range<\/span><\/td>\n<td class=\"text-center\">\n<div class=\"px-10 md:px-20 flex items-center justify-center\">\u00b0C<\/div>\n<\/td>\n<td class=\"text-center will-change\">\n<div class=\"px-10 md:px-20 flex items-center justify-center\">-30 \u2013 +35<\/div>\n<\/td>\n<\/tr>\n<tr class=\"bg-grey-200\/50 p-2\">\n<td colspan=\"1\"><span class=\"block px-4\">Protection class<\/span><\/td>\n<td class=\"text-center\">\n<div class=\"px-10 md:px-20 flex items-center justify-center\"><\/div>\n<\/td>\n<td class=\"text-center will-change\">\n<div class=\"px-10 md:px-20 flex items-center justify-center\">IP20<\/div>\n<\/td>\n<\/tr>\n<tr class=\" p-2\">\n<td colspan=\"1\"><span class=\"block px-4\">Product size (l x w x h)<\/span><\/td>\n<td class=\"text-center\">\n<div class=\"px-10 md:px-20 flex items-center justify-center\">mm<\/div>\n<\/td>\n<td class=\"text-center will-change\">\n<div class=\"px-10 md:px-20 flex items-center justify-center\">870 x 630 x 770<\/div>\n<\/td>\n<\/tr>\n<tr class=\"bg-grey-200\/50 p-2\">\n<td colspan=\"1\"><span class=\"block px-4\">Box size (l x w x h)<\/span><\/td>\n<td class=\"text-center\">\n<div class=\"px-10 md:px-20 flex items-center justify-center\">mm<\/div>\n<\/td>\n<td class=\"text-center will-change\">\n<div class=\"px-10 md:px-20 flex items-center justify-center\">990 x 710 x 800<\/div>\n<\/td>\n<\/tr>\n<tr class=\" p-2\">\n<td colspan=\"1\"><span class=\"block px-4\">Net\/gross weight<\/span><\/td>\n<td class=\"text-center\">\n<div class=\"px-10 md:px-20 flex items-center justify-center\">kg<\/div>\n<\/td>\n<td class=\"text-center will-change\">\n<div class=\"px-10 md:px-20 flex items-center justify-center\">46\/52<\/div>\n<\/td>\n<\/tr>\n<tr class=\"bg-grey-200\/50 p-2\">\n<td colspan=\"1\"><span class=\"block px-4\">Pallet<\/span><\/td>\n<td class=\"text-center\">\n<div class=\"px-10 md:px-20 flex items-center justify-center\">pcs<\/div>\n<\/td>\n<td class=\"text-center will-change\">\n<div class=\"px-10 md:px-20 flex items-center justify-center\">6<\/div>\n<\/td>\n<\/tr>\n<\/tbody>\n<\/table>\n<\/div>\n<\/div>\n<\/div>\n<\/div>\n<\/div>\n<\/section>\n<section class=\"max-w-[1088px] mx-auto w-full px-5 my-10 md:my-12 lg:my-16 xl:my-20 xl:px-0\" data-block=\"link-list\">\n<div class=\"max-w-[1088px] mx-auto\">\n<div class=\"md:text-center\">\n<p><strong>Uy\u011fundur:<\/strong><\/p>\n<p>K\u0259nd t\u0259s\u0259rr\u00fcfat\u0131<br \/>\nTicar\u0259t binalar\u0131<br \/>\nTikinti<br \/>\nT\u0259cili yard\u0131m xidm\u0259tl\u0259ri<br \/>\nT\u0259dbirl\u0259r v\u0259 festivallar<br \/>\nS\u0259naye, fabrikl\u0259r v\u0259 istehsal<br \/>\nH\u0259rbi v\u0259 aerokosmik<br \/>\n\u0130car\u0259 \u015firk\u0259tl\u0259ri<br \/>\nN\u0259qliyyat v\u0259 logistika<\/p>\n<\/div>\n<\/div>\n<\/section>\n","protected":false},"excerpt":{"rendered":"<p>Elektrikli fan q\u0131zd\u0131r\u0131c\u0131lar\u0131 m\u00fcxt\u0259lif t\u0259tbiql\u0259rd\u0259 geni\u015f istifad\u0259 olunan y\u00fcks\u0259k s\u0259m\u0259r\u0259li cihazlard\u0131r. Onlar t\u0259miz, s\u00fcr\u0259tli v\u0259 t\u0259hl\u00fck\u0259siz istilik t\u0259min edir. Elektrik q\u0131zd\u0131r\u0131c\u0131lar\u0131 s\u0259naye \u00fc\u00e7\u00fcn ideald\u0131r, \u00e7\u00fcnki istifad\u0259si asan v\u0259 tam portativdir. Master elektrik q\u0131zd\u0131r\u0131c\u0131lar\u0131 yaln\u0131z sertifikatla\u015fd\u0131r\u0131lm\u0131\u015f y\u00fcks\u0259k keyfiyy\u0259tli komponentl\u0259rd\u0259n istifad\u0259 edir ki, bu da onlar\u0131n etibarl\u0131l\u0131\u011f\u0131n\u0131 v\u0259 s\u0259m\u0259r\u0259liliyini t\u0259min edir.<\/p>\n<p>Bizim tam elektrik fanatl\u0131 q\u0131zd\u0131r\u0131c\u0131 \u00e7e\u015fidimiz\u0259 bax\u0131n v\u0259 ya hans\u0131 elektrik q\u0131zd\u0131r\u0131c\u0131s\u0131n\u0131n v\u0259 ya dig\u0259r n\u00f6v kommersiya q\u0131zd\u0131r\u0131c\u0131s\u0131n\u0131n n\u0259z\u0259rd\u0259 tutulan t\u0259tbiqiniz \u00fc\u00e7\u00fcn \u0259n uy\u011fun oldu\u011funu \u00f6yr\u0259nm\u0259k \u00fc\u00e7\u00fcn biziml\u0259 \u0259laq\u0259 saxlay\u0131n.<\/p>\n","protected":false},"featured_media":40635,"template":"","meta":[],"product_brand":[],"product_cat":[1987],"product_tag":[],"class_list":{"0":"post-40652","1":"product","2":"type-product","3":"status-publish","4":"has-post-thumbnail","6":"product_cat-qizdirici-kalorifer","8":"first","9":"instock","10":"sale","11":"shipping-taxable","12":"purchasable","13":"product-type-simple"},"yoast_head":"<!-- This site is optimized with the Yoast SEO plugin v27.1.1 - https:\/\/yoast.com\/product\/yoast-seo-wordpress\/ -->\n<title>Master RS \u200b\u200b40 \u2013 elektrik ventilyatorlu hava q\u0131zd\u0131r\u0131c\u0131s\u0131 Elektrik ventilyatorlu hava q\u0131zd\u0131r\u0131c\u0131lar\u0131 - kanall\u0131 - GeoClimate.ge<\/title>\n<meta name=\"robots\" content=\"index, follow, max-snippet:-1, max-image-preview:large, max-video-preview:-1\" \/>\n<link rel=\"canonical\" href=\"https:\/\/geoclimate.ge\/az\/product\/master-rs-40-electric-fan-air-heater-electric-fan-air-heaters-ductable\/\" \/>\n<meta property=\"og:locale\" content=\"az_AZ\" \/>\n<meta property=\"og:type\" content=\"article\" \/>\n<meta property=\"og:title\" content=\"Master RS \u200b\u200b40 \u2013 elektrik ventilyatorlu hava q\u0131zd\u0131r\u0131c\u0131s\u0131 Elektrik ventilyatorlu hava q\u0131zd\u0131r\u0131c\u0131lar\u0131 - kanall\u0131 - GeoClimate.ge\" \/>\n<meta property=\"og:description\" content=\"Elektrikli fan q\u0131zd\u0131r\u0131c\u0131lar\u0131 m\u00fcxt\u0259lif t\u0259tbiql\u0259rd\u0259 geni\u015f istifad\u0259 olunan y\u00fcks\u0259k s\u0259m\u0259r\u0259li cihazlard\u0131r. Onlar t\u0259miz, s\u00fcr\u0259tli v\u0259 t\u0259hl\u00fck\u0259siz istilik t\u0259min edir. Elektrik q\u0131zd\u0131r\u0131c\u0131lar\u0131 s\u0259naye \u00fc\u00e7\u00fcn ideald\u0131r, \u00e7\u00fcnki istifad\u0259si asan v\u0259 tam portativdir. Master elektrik q\u0131zd\u0131r\u0131c\u0131lar\u0131 yaln\u0131z sertifikatla\u015fd\u0131r\u0131lm\u0131\u015f y\u00fcks\u0259k keyfiyy\u0259tli komponentl\u0259rd\u0259n istifad\u0259 edir ki, bu da onlar\u0131n etibarl\u0131l\u0131\u011f\u0131n\u0131 v\u0259 s\u0259m\u0259r\u0259liliyini t\u0259min edir.  Bizim tam elektrik fanatl\u0131 q\u0131zd\u0131r\u0131c\u0131 \u00e7e\u015fidimiz\u0259 bax\u0131n v\u0259 ya hans\u0131 elektrik q\u0131zd\u0131r\u0131c\u0131s\u0131n\u0131n v\u0259 ya dig\u0259r n\u00f6v kommersiya q\u0131zd\u0131r\u0131c\u0131s\u0131n\u0131n n\u0259z\u0259rd\u0259 tutulan t\u0259tbiqiniz \u00fc\u00e7\u00fcn \u0259n uy\u011fun oldu\u011funu \u00f6yr\u0259nm\u0259k \u00fc\u00e7\u00fcn biziml\u0259 \u0259laq\u0259 saxlay\u0131n.\" \/>\n<meta property=\"og:url\" content=\"https:\/\/geoclimate.ge\/az\/product\/master-rs-40-electric-fan-air-heater-electric-fan-air-heaters-ductable\/\" \/>\n<meta property=\"og:site_name\" content=\"GeoClimate.ge\" \/>\n<meta property=\"article:modified_time\" content=\"2025-09-26T12:03:08+00:00\" \/>\n<meta property=\"og:image\" content=\"https:\/\/geoclimate.ge\/wp-content\/uploads\/2025\/09\/Master-RS-30-40.jpg\" \/>\n\t<meta property=\"og:image:width\" content=\"1000\" \/>\n\t<meta property=\"og:image:height\" content=\"1000\" \/>\n\t<meta property=\"og:image:type\" content=\"image\/jpeg\" \/>\n<meta name=\"twitter:card\" content=\"summary_large_image\" \/>\n<meta name=\"twitter:label1\" content=\"Est. reading time\" \/>\n\t<meta name=\"twitter:data1\" content=\"1 minute\" \/>\n<script type=\"application\/ld+json\" class=\"yoast-schema-graph\">{\"@context\":\"https:\/\/schema.org\",\"@graph\":[{\"@type\":\"WebPage\",\"@id\":\"https:\/\/geoclimate.ge\/az\/product\/master-rs-40-electric-fan-air-heater-electric-fan-air-heaters-ductable\/\",\"url\":\"https:\/\/geoclimate.ge\/az\/product\/master-rs-40-electric-fan-air-heater-electric-fan-air-heaters-ductable\/\",\"name\":\"Master RS \u200b\u200b40 \u2013 elektrik ventilyatorlu hava q\u0131zd\u0131r\u0131c\u0131s\u0131 Elektrik ventilyatorlu hava q\u0131zd\u0131r\u0131c\u0131lar\u0131 - kanall\u0131 - GeoClimate.ge\",\"isPartOf\":{\"@id\":\"https:\/\/geoclimate.ge\/#website\"},\"primaryImageOfPage\":{\"@id\":\"https:\/\/geoclimate.ge\/az\/product\/master-rs-40-electric-fan-air-heater-electric-fan-air-heaters-ductable\/#primaryimage\"},\"image\":{\"@id\":\"https:\/\/geoclimate.ge\/az\/product\/master-rs-40-electric-fan-air-heater-electric-fan-air-heaters-ductable\/#primaryimage\"},\"thumbnailUrl\":\"https:\/\/geoclimate.ge\/wp-content\/uploads\/2025\/09\/Master-RS-30-40.jpg\",\"datePublished\":\"2025-09-26T11:45:38+00:00\",\"dateModified\":\"2025-09-26T12:03:08+00:00\",\"breadcrumb\":{\"@id\":\"https:\/\/geoclimate.ge\/az\/product\/master-rs-40-electric-fan-air-heater-electric-fan-air-heaters-ductable\/#breadcrumb\"},\"inLanguage\":\"az\",\"potentialAction\":[{\"@type\":\"ReadAction\",\"target\":[\"https:\/\/geoclimate.ge\/az\/product\/master-rs-40-electric-fan-air-heater-electric-fan-air-heaters-ductable\/\"]}]},{\"@type\":\"ImageObject\",\"inLanguage\":\"az\",\"@id\":\"https:\/\/geoclimate.ge\/az\/product\/master-rs-40-electric-fan-air-heater-electric-fan-air-heaters-ductable\/#primaryimage\",\"url\":\"https:\/\/geoclimate.ge\/wp-content\/uploads\/2025\/09\/Master-RS-30-40.jpg\",\"contentUrl\":\"https:\/\/geoclimate.ge\/wp-content\/uploads\/2025\/09\/Master-RS-30-40.jpg\",\"width\":1000,\"height\":1000},{\"@type\":\"BreadcrumbList\",\"@id\":\"https:\/\/geoclimate.ge\/az\/product\/master-rs-40-electric-fan-air-heater-electric-fan-air-heaters-ductable\/#breadcrumb\",\"itemListElement\":[{\"@type\":\"ListItem\",\"position\":1,\"name\":\"Home\",\"item\":\"https:\/\/geoclimate.ge\/az\/\"},{\"@type\":\"ListItem\",\"position\":2,\"name\":\"M\u0259hsullar\",\"item\":\"https:\/\/geoclimate.ge\/az\/products\/\"},{\"@type\":\"ListItem\",\"position\":3,\"name\":\"Master RS \u200b\u200b40 \u2013 elektrik ventilyatorlu hava q\u0131zd\u0131r\u0131c\u0131s\u0131 Elektrik ventilyatorlu hava q\u0131zd\u0131r\u0131c\u0131lar\u0131 &#8211; kanall\u0131\"}]},{\"@type\":\"WebSite\",\"@id\":\"https:\/\/geoclimate.ge\/#website\",\"url\":\"https:\/\/geoclimate.ge\/\",\"name\":\"GeoClimate\",\"description\":\"\",\"publisher\":{\"@id\":\"https:\/\/geoclimate.ge\/#organization\"},\"potentialAction\":[{\"@type\":\"SearchAction\",\"target\":{\"@type\":\"EntryPoint\",\"urlTemplate\":\"https:\/\/geoclimate.ge\/?s={search_term_string}\"},\"query-input\":{\"@type\":\"PropertyValueSpecification\",\"valueRequired\":true,\"valueName\":\"search_term_string\"}}],\"inLanguage\":\"az\"},{\"@type\":\"Organization\",\"@id\":\"https:\/\/geoclimate.ge\/#organization\",\"name\":\"GeoClimate\",\"url\":\"https:\/\/geoclimate.ge\/\",\"logo\":{\"@type\":\"ImageObject\",\"inLanguage\":\"az\",\"@id\":\"https:\/\/geoclimate.ge\/#\/schema\/logo\/image\/\",\"url\":\"https:\/\/geoclimate.ge\/wp-content\/uploads\/2026\/03\/geoclimate-SEO.png\",\"contentUrl\":\"https:\/\/geoclimate.ge\/wp-content\/uploads\/2026\/03\/geoclimate-SEO.png\",\"width\":1536,\"height\":1024,\"caption\":\"GeoClimate\"},\"image\":{\"@id\":\"https:\/\/geoclimate.ge\/#\/schema\/logo\/image\/\"}}]}<\/script>\n<!-- \/ Yoast SEO plugin. -->","yoast_head_json":{"title":"Master RS \u200b\u200b40 \u2013 elektrik ventilyatorlu hava q\u0131zd\u0131r\u0131c\u0131s\u0131 Elektrik ventilyatorlu hava q\u0131zd\u0131r\u0131c\u0131lar\u0131 - kanall\u0131 - GeoClimate.ge","robots":{"index":"index","follow":"follow","max-snippet":"max-snippet:-1","max-image-preview":"max-image-preview:large","max-video-preview":"max-video-preview:-1"},"canonical":"https:\/\/geoclimate.ge\/az\/product\/master-rs-40-electric-fan-air-heater-electric-fan-air-heaters-ductable\/","og_locale":"az_AZ","og_type":"article","og_title":"Master RS \u200b\u200b40 \u2013 elektrik ventilyatorlu hava q\u0131zd\u0131r\u0131c\u0131s\u0131 Elektrik ventilyatorlu hava q\u0131zd\u0131r\u0131c\u0131lar\u0131 - kanall\u0131 - GeoClimate.ge","og_description":"Elektrikli fan q\u0131zd\u0131r\u0131c\u0131lar\u0131 m\u00fcxt\u0259lif t\u0259tbiql\u0259rd\u0259 geni\u015f istifad\u0259 olunan y\u00fcks\u0259k s\u0259m\u0259r\u0259li cihazlard\u0131r. Onlar t\u0259miz, s\u00fcr\u0259tli v\u0259 t\u0259hl\u00fck\u0259siz istilik t\u0259min edir. Elektrik q\u0131zd\u0131r\u0131c\u0131lar\u0131 s\u0259naye \u00fc\u00e7\u00fcn ideald\u0131r, \u00e7\u00fcnki istifad\u0259si asan v\u0259 tam portativdir. Master elektrik q\u0131zd\u0131r\u0131c\u0131lar\u0131 yaln\u0131z sertifikatla\u015fd\u0131r\u0131lm\u0131\u015f y\u00fcks\u0259k keyfiyy\u0259tli komponentl\u0259rd\u0259n istifad\u0259 edir ki, bu da onlar\u0131n etibarl\u0131l\u0131\u011f\u0131n\u0131 v\u0259 s\u0259m\u0259r\u0259liliyini t\u0259min edir.  Bizim tam elektrik fanatl\u0131 q\u0131zd\u0131r\u0131c\u0131 \u00e7e\u015fidimiz\u0259 bax\u0131n v\u0259 ya hans\u0131 elektrik q\u0131zd\u0131r\u0131c\u0131s\u0131n\u0131n v\u0259 ya dig\u0259r n\u00f6v kommersiya q\u0131zd\u0131r\u0131c\u0131s\u0131n\u0131n n\u0259z\u0259rd\u0259 tutulan t\u0259tbiqiniz \u00fc\u00e7\u00fcn \u0259n uy\u011fun oldu\u011funu \u00f6yr\u0259nm\u0259k \u00fc\u00e7\u00fcn biziml\u0259 \u0259laq\u0259 saxlay\u0131n.","og_url":"https:\/\/geoclimate.ge\/az\/product\/master-rs-40-electric-fan-air-heater-electric-fan-air-heaters-ductable\/","og_site_name":"GeoClimate.ge","article_modified_time":"2025-09-26T12:03:08+00:00","og_image":[{"width":1000,"height":1000,"url":"https:\/\/geoclimate.ge\/wp-content\/uploads\/2025\/09\/Master-RS-30-40.jpg","type":"image\/jpeg"}],"twitter_card":"summary_large_image","twitter_misc":{"Est. reading time":"1 minute"},"schema":{"@context":"https:\/\/schema.org","@graph":[{"@type":"WebPage","@id":"https:\/\/geoclimate.ge\/az\/product\/master-rs-40-electric-fan-air-heater-electric-fan-air-heaters-ductable\/","url":"https:\/\/geoclimate.ge\/az\/product\/master-rs-40-electric-fan-air-heater-electric-fan-air-heaters-ductable\/","name":"Master RS \u200b\u200b40 \u2013 elektrik ventilyatorlu hava q\u0131zd\u0131r\u0131c\u0131s\u0131 Elektrik ventilyatorlu hava q\u0131zd\u0131r\u0131c\u0131lar\u0131 - kanall\u0131 - GeoClimate.ge","isPartOf":{"@id":"https:\/\/geoclimate.ge\/#website"},"primaryImageOfPage":{"@id":"https:\/\/geoclimate.ge\/az\/product\/master-rs-40-electric-fan-air-heater-electric-fan-air-heaters-ductable\/#primaryimage"},"image":{"@id":"https:\/\/geoclimate.ge\/az\/product\/master-rs-40-electric-fan-air-heater-electric-fan-air-heaters-ductable\/#primaryimage"},"thumbnailUrl":"https:\/\/geoclimate.ge\/wp-content\/uploads\/2025\/09\/Master-RS-30-40.jpg","datePublished":"2025-09-26T11:45:38+00:00","dateModified":"2025-09-26T12:03:08+00:00","breadcrumb":{"@id":"https:\/\/geoclimate.ge\/az\/product\/master-rs-40-electric-fan-air-heater-electric-fan-air-heaters-ductable\/#breadcrumb"},"inLanguage":"az","potentialAction":[{"@type":"ReadAction","target":["https:\/\/geoclimate.ge\/az\/product\/master-rs-40-electric-fan-air-heater-electric-fan-air-heaters-ductable\/"]}]},{"@type":"ImageObject","inLanguage":"az","@id":"https:\/\/geoclimate.ge\/az\/product\/master-rs-40-electric-fan-air-heater-electric-fan-air-heaters-ductable\/#primaryimage","url":"https:\/\/geoclimate.ge\/wp-content\/uploads\/2025\/09\/Master-RS-30-40.jpg","contentUrl":"https:\/\/geoclimate.ge\/wp-content\/uploads\/2025\/09\/Master-RS-30-40.jpg","width":1000,"height":1000},{"@type":"BreadcrumbList","@id":"https:\/\/geoclimate.ge\/az\/product\/master-rs-40-electric-fan-air-heater-electric-fan-air-heaters-ductable\/#breadcrumb","itemListElement":[{"@type":"ListItem","position":1,"name":"Home","item":"https:\/\/geoclimate.ge\/az\/"},{"@type":"ListItem","position":2,"name":"M\u0259hsullar","item":"https:\/\/geoclimate.ge\/az\/products\/"},{"@type":"ListItem","position":3,"name":"Master RS \u200b\u200b40 \u2013 elektrik ventilyatorlu hava q\u0131zd\u0131r\u0131c\u0131s\u0131 Elektrik ventilyatorlu hava q\u0131zd\u0131r\u0131c\u0131lar\u0131 &#8211; kanall\u0131"}]},{"@type":"WebSite","@id":"https:\/\/geoclimate.ge\/#website","url":"https:\/\/geoclimate.ge\/","name":"GeoClimate","description":"","publisher":{"@id":"https:\/\/geoclimate.ge\/#organization"},"potentialAction":[{"@type":"SearchAction","target":{"@type":"EntryPoint","urlTemplate":"https:\/\/geoclimate.ge\/?s={search_term_string}"},"query-input":{"@type":"PropertyValueSpecification","valueRequired":true,"valueName":"search_term_string"}}],"inLanguage":"az"},{"@type":"Organization","@id":"https:\/\/geoclimate.ge\/#organization","name":"GeoClimate","url":"https:\/\/geoclimate.ge\/","logo":{"@type":"ImageObject","inLanguage":"az","@id":"https:\/\/geoclimate.ge\/#\/schema\/logo\/image\/","url":"https:\/\/geoclimate.ge\/wp-content\/uploads\/2026\/03\/geoclimate-SEO.png","contentUrl":"https:\/\/geoclimate.ge\/wp-content\/uploads\/2026\/03\/geoclimate-SEO.png","width":1536,"height":1024,"caption":"GeoClimate"},"image":{"@id":"https:\/\/geoclimate.ge\/#\/schema\/logo\/image\/"}}]}},"_links":{"self":[{"href":"https:\/\/geoclimate.ge\/az\/wp-json\/wp\/v2\/product\/40652","targetHints":{"allow":["GET"]}}],"collection":[{"href":"https:\/\/geoclimate.ge\/az\/wp-json\/wp\/v2\/product"}],"about":[{"href":"https:\/\/geoclimate.ge\/az\/wp-json\/wp\/v2\/types\/product"}],"wp:featuredmedia":[{"embeddable":true,"href":"https:\/\/geoclimate.ge\/az\/wp-json\/wp\/v2\/media\/40635"}],"wp:attachment":[{"href":"https:\/\/geoclimate.ge\/az\/wp-json\/wp\/v2\/media?parent=40652"}],"wp:term":[{"taxonomy":"product_brand","embeddable":true,"href":"https:\/\/geoclimate.ge\/az\/wp-json\/wp\/v2\/product_brand?post=40652"},{"taxonomy":"product_cat","embeddable":true,"href":"https:\/\/geoclimate.ge\/az\/wp-json\/wp\/v2\/product_cat?post=40652"},{"taxonomy":"product_tag","embeddable":true,"href":"https:\/\/geoclimate.ge\/az\/wp-json\/wp\/v2\/product_tag?post=40652"}],"curies":[{"name":"wp","href":"https:\/\/api.w.org\/{rel}","templated":true}]}}