{"id":40674,"date":"2025-09-26T16:22:47","date_gmt":"2025-09-26T12:22:47","guid":{"rendered":"https:\/\/airsystems.ge\/shop\/product\/master-cf-75-spark-direct-gas-fired-air-heater-fixed-direct-gas-fired-air-heaters\/"},"modified":"2025-09-26T16:36:16","modified_gmt":"2025-09-26T12:36:16","slug":"master-cf-75-spark-direct-gas-fired-air-heater-fixed-direct-gas-fired-air-heaters","status":"publish","type":"product","link":"https:\/\/geoclimate.ge\/az\/product\/master-cf-75-spark-direct-gas-fired-air-heater-fixed-direct-gas-fired-air-heaters\/","title":{"rendered":"Master CF 75 SPARK \u2013 birba\u015fa qazla i\u015fl\u0259y\u0259n hava q\u0131zd\u0131r\u0131c\u0131s\u0131 Sabit birba\u015fa qazla i\u015fl\u0259y\u0259n hava q\u0131zd\u0131r\u0131c\u0131lar\u0131"},"content":{"rendered":"<section class=\"max-w-[1088px] mx-auto w-full px-5 my-10 md:my-12 lg:my-16 xl:my-20 xl:px-0\" data-block=\"bullet-list\">\n<div class=\"md:text-center\">\n<p><strong>\u018fsas x\u00fcsusiyy\u0259tl\u0259r<\/strong><\/p>\n<p>Daxili v\u0259 a\u00e7\u0131q havada istifad\u0259 \u00fc\u00e7\u00fcn n\u0259z\u0259rd\u0259 tutulmu\u015fdur<br \/>\nYer\u0259 yerl\u0259\u015fdiril\u0259 v\u0259 ya tavandan asmaq olar<br \/>\nSinkl\u0259nmi\u015f polad yanma kameras\u0131<br \/>\nEtibarl\u0131 \u0259kiz q\u0131\u011f\u0131lc\u0131ml\u0131 alovlanma<br \/>\nT\u0259bii qaz v\u0259 ya LP qaz oca\u011f\u0131<br \/>\nY\u00fcks\u0259k s\u0259m\u0259r\u0259li istilik d\u0259yi\u015fdiricisi<br \/>\nH\u0259ddind\u0259n art\u0131q istilik termostat\u0131<br \/>\nS\u0259rt m\u00fchitl\u0259rd\u0259 bel\u0259 t\u0259hl\u00fck\u0259sizlik v\u0259 etibarl\u0131l\u0131\u011f\u0131 t\u0259min etm\u0259k \u00fc\u00e7\u00fcn qapal\u0131 motor<br \/>\nSinkl\u0259nmi\u015f polad korpus<\/p>\n<\/div>\n<\/section>\n<section class=\"max-w-[1088px] mx-auto w-full px-5 my-10 md:my-12 lg:my-16 xl:my-20 xl:px-0\" data-block=\"product-specifications\">\n<div class=\"md:text-center\">\n<h3 class=\"text-black font-bold text-lg md:text-xl lg:text-2xl\"><strong>Product specifications<\/strong><\/h3>\n<\/div>\n<div class=\" md:mt-10\">\n<div class=\"\">\n<div class=\"lg:mt-0 \">\n<div id=\"spec-cf-75-spark\" class=\"prose max-w-full md:overflow-auto\" data-spec-content=\"\">\n<div class=\"spreadsheet-container hidden md:block\">\n<table class=\"w-full table-fixed mb-0\">\n<thead>\n<tr>\n<th class=\"font-bold text-base\"><span class=\"block px-4\">Specifications<\/span><\/th>\n<th class=\"font-bold text-base text-center\"><span class=\"block px-10 md:px-20\">Units<\/span><\/th>\n<th class=\"font-bold text-base text-center will-change\"><span class=\"block px-4\">CF\u00a075\u00a0SPARK<\/span><\/th>\n<\/tr>\n<\/thead>\n<tbody>\n<tr class=\"bg-grey-200\/50 p-2\">\n<td colspan=\"1\"><span class=\"block px-4\">Heating power<\/span><\/td>\n<td class=\"text-center\">\n<div class=\"px-10 md:px-20 flex items-center justify-center\">kW<\/div>\n<\/td>\n<td class=\"text-center will-change\">\n<div class=\"px-10 md:px-20 flex items-center justify-center\">75<\/div>\n<\/td>\n<\/tr>\n<tr class=\" p-2\">\n<td colspan=\"1\"><span class=\"block px-4\">Heating power<\/span><\/td>\n<td class=\"text-center\">\n<div class=\"px-10 md:px-20 flex items-center justify-center\">Btu\/h<\/div>\n<\/td>\n<td class=\"text-center will-change\">\n<div class=\"px-10 md:px-20 flex items-center justify-center\">255,900<\/div>\n<\/td>\n<\/tr>\n<tr class=\"bg-grey-200\/50 p-2\">\n<td colspan=\"1\"><span class=\"block px-4\">Heating power<\/span><\/td>\n<td class=\"text-center\">\n<div class=\"px-10 md:px-20 flex items-center justify-center\">kcal\/h<\/div>\n<\/td>\n<td class=\"text-center will-change\">\n<div class=\"px-10 md:px-20 flex items-center justify-center\">64,500<\/div>\n<\/td>\n<\/tr>\n<tr class=\" p-2\">\n<td colspan=\"1\"><span class=\"block px-4\">Air flow<\/span><\/td>\n<td class=\"text-center\">\n<div class=\"px-10 md:px-20 flex items-center justify-center\">m\u00b3\/h<\/div>\n<\/td>\n<td class=\"text-center will-change\">\n<div class=\"px-10 md:px-20 flex items-center justify-center\">2,100<\/div>\n<\/td>\n<\/tr>\n<tr class=\"bg-grey-200\/50 p-2\">\n<td colspan=\"1\"><span class=\"block px-4\">Thermostat control<\/span><\/td>\n<td class=\"text-center\">\n<div class=\"px-10 md:px-20 flex items-center justify-center\"><\/div>\n<\/td>\n<td class=\"text-center will-change\">\n<div class=\"px-10 md:px-20 flex items-center justify-center\">Optional<\/div>\n<\/td>\n<\/tr>\n<tr class=\" p-2\">\n<td colspan=\"1\"><span class=\"block px-4\">Fuel consumption (LPG)<\/span><\/td>\n<td class=\"text-center\">\n<div class=\"px-10 md:px-20 flex items-center justify-center\">m\u00b3\/h<\/div>\n<\/td>\n<td class=\"text-center will-change\">\n<div class=\"px-10 md:px-20 flex items-center justify-center\">2.3<\/div>\n<\/td>\n<\/tr>\n<tr class=\"bg-grey-200\/50 p-2\">\n<td colspan=\"1\"><span class=\"block px-4\">Fuel consumption (natural gas)<\/span><\/td>\n<td class=\"text-center\">\n<div class=\"px-10 md:px-20 flex items-center justify-center\">m\u00b3\/h<\/div>\n<\/td>\n<td class=\"text-center will-change\">\n<div class=\"px-10 md:px-20 flex items-center justify-center\">8<\/div>\n<\/td>\n<\/tr>\n<tr class=\" p-2\">\n<td colspan=\"1\"><span class=\"block px-4\">Electric power<\/span><\/td>\n<td class=\"text-center\">\n<div class=\"px-10 md:px-20 flex items-center justify-center\">kW<\/div>\n<\/td>\n<td class=\"text-center will-change\">\n<div class=\"px-10 md:px-20 flex items-center justify-center\">0.5<\/div>\n<\/td>\n<\/tr>\n<tr class=\"bg-grey-200\/50 p-2\">\n<td colspan=\"1\"><span class=\"block px-4\">Power supply<\/span><\/td>\n<td class=\"text-center\">\n<div class=\"px-10 md:px-20 flex items-center justify-center\">V\/Hz<\/div>\n<\/td>\n<td class=\"text-center will-change\">\n<div class=\"px-10 md:px-20 flex items-center justify-center\">220-240\/1ph\/50<\/div>\n<\/td>\n<\/tr>\n<tr class=\" p-2\">\n<td colspan=\"1\"><span class=\"block px-4\">Rated current<\/span><\/td>\n<td class=\"text-center\">\n<div class=\"px-10 md:px-20 flex items-center justify-center\">A<\/div>\n<\/td>\n<td class=\"text-center will-change\">\n<div class=\"px-10 md:px-20 flex items-center justify-center\">2.8<\/div>\n<\/td>\n<\/tr>\n<tr class=\"bg-grey-200\/50 p-2\">\n<td colspan=\"1\"><span class=\"block px-4\">Product size (l x w x h)<\/span><\/td>\n<td class=\"text-center\">\n<div class=\"px-10 md:px-20 flex items-center justify-center\">mm<\/div>\n<\/td>\n<td class=\"text-center will-change\">\n<div class=\"px-10 md:px-20 flex items-center justify-center\">788 x 464 x 719<\/div>\n<\/td>\n<\/tr>\n<tr class=\" p-2\">\n<td colspan=\"1\"><span class=\"block px-4\">Box size (l x w x h)<\/span><\/td>\n<td class=\"text-center\">\n<div class=\"px-10 md:px-20 flex items-center justify-center\">mm<\/div>\n<\/td>\n<td class=\"text-center will-change\">\n<div class=\"px-10 md:px-20 flex items-center justify-center\">825 x 515 x 780<\/div>\n<\/td>\n<\/tr>\n<tr class=\"bg-grey-200\/50 p-2\">\n<td colspan=\"1\"><span class=\"block px-4\">Net\/gross weight<\/span><\/td>\n<td class=\"text-center\">\n<div class=\"px-10 md:px-20 flex items-center justify-center\">kg<\/div>\n<\/td>\n<td class=\"text-center will-change\">\n<div class=\"px-10 md:px-20 flex items-center justify-center\">57\/61<\/div>\n<\/td>\n<\/tr>\n<tr class=\" p-2\">\n<td colspan=\"1\"><span class=\"block px-4\">Pallet<\/span><\/td>\n<td class=\"text-center\">\n<div class=\"px-10 md:px-20 flex items-center justify-center\">pcs<\/div>\n<\/td>\n<td class=\"text-center will-change\">\n<div class=\"px-10 md:px-20 flex items-center justify-center\">4<\/div>\n<\/td>\n<\/tr>\n<tr class=\"bg-grey-200\/50 p-2\">\n<td colspan=\"1\"><span class=\"block px-4\">Included in the box<\/span><\/td>\n<td class=\"text-center\">\n<div class=\"px-10 md:px-20 flex items-center justify-center\"><\/div>\n<\/td>\n<td class=\"text-center will-change\">\n<div class=\"px-10 md:px-20 flex items-center justify-center\">Diverter, LPG to natural GAS kit<\/div>\n<\/td>\n<\/tr>\n<\/tbody>\n<\/table>\n<\/div>\n<\/div>\n<\/div>\n<\/div>\n<\/div>\n<\/section>\n<section class=\"max-w-[1088px] mx-auto w-full px-5 my-10 md:my-12 lg:my-16 xl:my-20 xl:px-0\" data-block=\"link-list\">\n<div class=\"max-w-[1088px] mx-auto\">\n<div class=\"md:text-center\">\n<p>Qutuya daxildir<br \/>\nY\u00f6nl\u0259ndirici, LPG-d\u0259n t\u0259bii QAZ d\u0259stin\u0259<\/p>\n<p><strong>Uy\u011fundur:<\/strong><\/p>\n<p>K\u0259nd t\u0259s\u0259rr\u00fcfat\u0131<br \/>\nS\u0259naye, fabrikl\u0259r v\u0259 istehsal<\/p>\n<\/div>\n<\/div>\n<\/section>\n","protected":false},"excerpt":{"rendered":"<p>Daxili v\u0259 a\u00e7\u0131q hava \u00fc\u00e7\u00fcn n\u0259z\u0259rd\u0259 tutulmu\u015f CF 75-i qura\u015fd\u0131rmaq asand\u0131r v\u0259 ucuz yanaca\u011f\u0131n m\u00f6vcudlu\u011fu istilik x\u0259rcl\u0259rini azaltma\u011fa imkan verir. Onlar istixanalar v\u0259 ya heyvan evl\u0259ri, anbarlar, emalatxanalar v\u0259 s. kimi y\u00fcks\u0259k hava ax\u0131n\u0131 t\u0259l\u0259b olunan \u0259razil\u0259r \u00fc\u00e7\u00fcn uy\u011fundur. Onlar standart ya\u011f yand\u0131r\u0131c\u0131, LPG v\u0259 ya t\u0259bii qaz yand\u0131r\u0131c\u0131 il\u0259 i\u015fl\u0259y\u0259 bil\u0259r.<\/p>\n<p>B\u00fct\u00fcn birba\u015fa qazla i\u015fl\u0259y\u0259n q\u0131zd\u0131r\u0131c\u0131lar\u0131m\u0131za bax\u0131n v\u0259 ya \u00e7oxsayl\u0131 t\u0259tbiql\u0259r v\u0259 m\u00fchitl\u0259r \u00fc\u00e7\u00fcn uy\u011fun olan kommersiya q\u0131zd\u0131r\u0131c\u0131lar\u0131m\u0131z\u0131n tam \u00e7e\u015fidin\u0259 bax\u0131n.<\/p>\n","protected":false},"featured_media":40663,"template":"","meta":[],"product_brand":[],"product_cat":[1987],"product_tag":[],"class_list":{"0":"post-40674","1":"product","2":"type-product","3":"status-publish","4":"has-post-thumbnail","6":"product_cat-qizdirici-kalorifer","8":"first","9":"instock","10":"shipping-taxable","11":"purchasable","12":"product-type-simple"},"yoast_head":"<!-- This site is optimized with the Yoast SEO plugin v27.1.1 - https:\/\/yoast.com\/product\/yoast-seo-wordpress\/ -->\n<title>Master CF 75 SPARK \u2013 birba\u015fa qazla i\u015fl\u0259y\u0259n hava q\u0131zd\u0131r\u0131c\u0131s\u0131 Sabit birba\u015fa qazla i\u015fl\u0259y\u0259n hava q\u0131zd\u0131r\u0131c\u0131lar\u0131 - GeoClimate.ge<\/title>\n<meta name=\"robots\" content=\"index, follow, max-snippet:-1, max-image-preview:large, max-video-preview:-1\" \/>\n<link rel=\"canonical\" href=\"https:\/\/geoclimate.ge\/az\/product\/master-cf-75-spark-direct-gas-fired-air-heater-fixed-direct-gas-fired-air-heaters\/\" \/>\n<meta property=\"og:locale\" content=\"az_AZ\" \/>\n<meta property=\"og:type\" content=\"article\" \/>\n<meta property=\"og:title\" content=\"Master CF 75 SPARK \u2013 birba\u015fa qazla i\u015fl\u0259y\u0259n hava q\u0131zd\u0131r\u0131c\u0131s\u0131 Sabit birba\u015fa qazla i\u015fl\u0259y\u0259n hava q\u0131zd\u0131r\u0131c\u0131lar\u0131 - GeoClimate.ge\" \/>\n<meta property=\"og:description\" content=\"Daxili v\u0259 a\u00e7\u0131q hava \u00fc\u00e7\u00fcn n\u0259z\u0259rd\u0259 tutulmu\u015f CF 75-i qura\u015fd\u0131rmaq asand\u0131r v\u0259 ucuz yanaca\u011f\u0131n m\u00f6vcudlu\u011fu istilik x\u0259rcl\u0259rini azaltma\u011fa imkan verir. Onlar istixanalar v\u0259 ya heyvan evl\u0259ri, anbarlar, emalatxanalar v\u0259 s. kimi y\u00fcks\u0259k hava ax\u0131n\u0131 t\u0259l\u0259b olunan \u0259razil\u0259r \u00fc\u00e7\u00fcn uy\u011fundur. Onlar standart ya\u011f yand\u0131r\u0131c\u0131, LPG v\u0259 ya t\u0259bii qaz yand\u0131r\u0131c\u0131 il\u0259 i\u015fl\u0259y\u0259 bil\u0259r.  B\u00fct\u00fcn birba\u015fa qazla i\u015fl\u0259y\u0259n q\u0131zd\u0131r\u0131c\u0131lar\u0131m\u0131za bax\u0131n v\u0259 ya \u00e7oxsayl\u0131 t\u0259tbiql\u0259r v\u0259 m\u00fchitl\u0259r \u00fc\u00e7\u00fcn uy\u011fun olan kommersiya q\u0131zd\u0131r\u0131c\u0131lar\u0131m\u0131z\u0131n tam \u00e7e\u015fidin\u0259 bax\u0131n.\" \/>\n<meta property=\"og:url\" content=\"https:\/\/geoclimate.ge\/az\/product\/master-cf-75-spark-direct-gas-fired-air-heater-fixed-direct-gas-fired-air-heaters\/\" \/>\n<meta property=\"og:site_name\" content=\"GeoClimate.ge\" \/>\n<meta property=\"article:modified_time\" content=\"2025-09-26T12:36:16+00:00\" \/>\n<meta property=\"og:image\" content=\"https:\/\/geoclimate.ge\/wp-content\/uploads\/2025\/09\/Master-CF-75.jpg\" \/>\n\t<meta property=\"og:image:width\" content=\"1000\" \/>\n\t<meta property=\"og:image:height\" content=\"1000\" \/>\n\t<meta property=\"og:image:type\" content=\"image\/jpeg\" \/>\n<meta name=\"twitter:card\" content=\"summary_large_image\" \/>\n<meta name=\"twitter:label1\" content=\"Est. reading time\" \/>\n\t<meta name=\"twitter:data1\" content=\"1 minute\" \/>\n<script type=\"application\/ld+json\" class=\"yoast-schema-graph\">{\"@context\":\"https:\/\/schema.org\",\"@graph\":[{\"@type\":\"WebPage\",\"@id\":\"https:\/\/geoclimate.ge\/az\/product\/master-cf-75-spark-direct-gas-fired-air-heater-fixed-direct-gas-fired-air-heaters\/\",\"url\":\"https:\/\/geoclimate.ge\/az\/product\/master-cf-75-spark-direct-gas-fired-air-heater-fixed-direct-gas-fired-air-heaters\/\",\"name\":\"Master CF 75 SPARK \u2013 birba\u015fa qazla i\u015fl\u0259y\u0259n hava q\u0131zd\u0131r\u0131c\u0131s\u0131 Sabit birba\u015fa qazla i\u015fl\u0259y\u0259n hava q\u0131zd\u0131r\u0131c\u0131lar\u0131 - GeoClimate.ge\",\"isPartOf\":{\"@id\":\"https:\/\/geoclimate.ge\/#website\"},\"primaryImageOfPage\":{\"@id\":\"https:\/\/geoclimate.ge\/az\/product\/master-cf-75-spark-direct-gas-fired-air-heater-fixed-direct-gas-fired-air-heaters\/#primaryimage\"},\"image\":{\"@id\":\"https:\/\/geoclimate.ge\/az\/product\/master-cf-75-spark-direct-gas-fired-air-heater-fixed-direct-gas-fired-air-heaters\/#primaryimage\"},\"thumbnailUrl\":\"https:\/\/geoclimate.ge\/wp-content\/uploads\/2025\/09\/Master-CF-75.jpg\",\"datePublished\":\"2025-09-26T12:22:47+00:00\",\"dateModified\":\"2025-09-26T12:36:16+00:00\",\"breadcrumb\":{\"@id\":\"https:\/\/geoclimate.ge\/az\/product\/master-cf-75-spark-direct-gas-fired-air-heater-fixed-direct-gas-fired-air-heaters\/#breadcrumb\"},\"inLanguage\":\"az\",\"potentialAction\":[{\"@type\":\"ReadAction\",\"target\":[\"https:\/\/geoclimate.ge\/az\/product\/master-cf-75-spark-direct-gas-fired-air-heater-fixed-direct-gas-fired-air-heaters\/\"]}]},{\"@type\":\"ImageObject\",\"inLanguage\":\"az\",\"@id\":\"https:\/\/geoclimate.ge\/az\/product\/master-cf-75-spark-direct-gas-fired-air-heater-fixed-direct-gas-fired-air-heaters\/#primaryimage\",\"url\":\"https:\/\/geoclimate.ge\/wp-content\/uploads\/2025\/09\/Master-CF-75.jpg\",\"contentUrl\":\"https:\/\/geoclimate.ge\/wp-content\/uploads\/2025\/09\/Master-CF-75.jpg\",\"width\":1000,\"height\":1000},{\"@type\":\"BreadcrumbList\",\"@id\":\"https:\/\/geoclimate.ge\/az\/product\/master-cf-75-spark-direct-gas-fired-air-heater-fixed-direct-gas-fired-air-heaters\/#breadcrumb\",\"itemListElement\":[{\"@type\":\"ListItem\",\"position\":1,\"name\":\"Home\",\"item\":\"https:\/\/geoclimate.ge\/az\/\"},{\"@type\":\"ListItem\",\"position\":2,\"name\":\"M\u0259hsullar\",\"item\":\"https:\/\/geoclimate.ge\/az\/products\/\"},{\"@type\":\"ListItem\",\"position\":3,\"name\":\"Master CF 75 SPARK \u2013 birba\u015fa qazla i\u015fl\u0259y\u0259n hava q\u0131zd\u0131r\u0131c\u0131s\u0131 Sabit birba\u015fa qazla i\u015fl\u0259y\u0259n hava q\u0131zd\u0131r\u0131c\u0131lar\u0131\"}]},{\"@type\":\"WebSite\",\"@id\":\"https:\/\/geoclimate.ge\/#website\",\"url\":\"https:\/\/geoclimate.ge\/\",\"name\":\"GeoClimate\",\"description\":\"\",\"publisher\":{\"@id\":\"https:\/\/geoclimate.ge\/#organization\"},\"potentialAction\":[{\"@type\":\"SearchAction\",\"target\":{\"@type\":\"EntryPoint\",\"urlTemplate\":\"https:\/\/geoclimate.ge\/?s={search_term_string}\"},\"query-input\":{\"@type\":\"PropertyValueSpecification\",\"valueRequired\":true,\"valueName\":\"search_term_string\"}}],\"inLanguage\":\"az\"},{\"@type\":\"Organization\",\"@id\":\"https:\/\/geoclimate.ge\/#organization\",\"name\":\"GeoClimate\",\"url\":\"https:\/\/geoclimate.ge\/\",\"logo\":{\"@type\":\"ImageObject\",\"inLanguage\":\"az\",\"@id\":\"https:\/\/geoclimate.ge\/#\/schema\/logo\/image\/\",\"url\":\"https:\/\/geoclimate.ge\/wp-content\/uploads\/2026\/03\/geoclimate-SEO.png\",\"contentUrl\":\"https:\/\/geoclimate.ge\/wp-content\/uploads\/2026\/03\/geoclimate-SEO.png\",\"width\":1536,\"height\":1024,\"caption\":\"GeoClimate\"},\"image\":{\"@id\":\"https:\/\/geoclimate.ge\/#\/schema\/logo\/image\/\"}}]}<\/script>\n<!-- \/ Yoast SEO plugin. -->","yoast_head_json":{"title":"Master CF 75 SPARK \u2013 birba\u015fa qazla i\u015fl\u0259y\u0259n hava q\u0131zd\u0131r\u0131c\u0131s\u0131 Sabit birba\u015fa qazla i\u015fl\u0259y\u0259n hava q\u0131zd\u0131r\u0131c\u0131lar\u0131 - GeoClimate.ge","robots":{"index":"index","follow":"follow","max-snippet":"max-snippet:-1","max-image-preview":"max-image-preview:large","max-video-preview":"max-video-preview:-1"},"canonical":"https:\/\/geoclimate.ge\/az\/product\/master-cf-75-spark-direct-gas-fired-air-heater-fixed-direct-gas-fired-air-heaters\/","og_locale":"az_AZ","og_type":"article","og_title":"Master CF 75 SPARK \u2013 birba\u015fa qazla i\u015fl\u0259y\u0259n hava q\u0131zd\u0131r\u0131c\u0131s\u0131 Sabit birba\u015fa qazla i\u015fl\u0259y\u0259n hava q\u0131zd\u0131r\u0131c\u0131lar\u0131 - GeoClimate.ge","og_description":"Daxili v\u0259 a\u00e7\u0131q hava \u00fc\u00e7\u00fcn n\u0259z\u0259rd\u0259 tutulmu\u015f CF 75-i qura\u015fd\u0131rmaq asand\u0131r v\u0259 ucuz yanaca\u011f\u0131n m\u00f6vcudlu\u011fu istilik x\u0259rcl\u0259rini azaltma\u011fa imkan verir. Onlar istixanalar v\u0259 ya heyvan evl\u0259ri, anbarlar, emalatxanalar v\u0259 s. kimi y\u00fcks\u0259k hava ax\u0131n\u0131 t\u0259l\u0259b olunan \u0259razil\u0259r \u00fc\u00e7\u00fcn uy\u011fundur. Onlar standart ya\u011f yand\u0131r\u0131c\u0131, LPG v\u0259 ya t\u0259bii qaz yand\u0131r\u0131c\u0131 il\u0259 i\u015fl\u0259y\u0259 bil\u0259r.  B\u00fct\u00fcn birba\u015fa qazla i\u015fl\u0259y\u0259n q\u0131zd\u0131r\u0131c\u0131lar\u0131m\u0131za bax\u0131n v\u0259 ya \u00e7oxsayl\u0131 t\u0259tbiql\u0259r v\u0259 m\u00fchitl\u0259r \u00fc\u00e7\u00fcn uy\u011fun olan kommersiya q\u0131zd\u0131r\u0131c\u0131lar\u0131m\u0131z\u0131n tam \u00e7e\u015fidin\u0259 bax\u0131n.","og_url":"https:\/\/geoclimate.ge\/az\/product\/master-cf-75-spark-direct-gas-fired-air-heater-fixed-direct-gas-fired-air-heaters\/","og_site_name":"GeoClimate.ge","article_modified_time":"2025-09-26T12:36:16+00:00","og_image":[{"width":1000,"height":1000,"url":"https:\/\/geoclimate.ge\/wp-content\/uploads\/2025\/09\/Master-CF-75.jpg","type":"image\/jpeg"}],"twitter_card":"summary_large_image","twitter_misc":{"Est. reading time":"1 minute"},"schema":{"@context":"https:\/\/schema.org","@graph":[{"@type":"WebPage","@id":"https:\/\/geoclimate.ge\/az\/product\/master-cf-75-spark-direct-gas-fired-air-heater-fixed-direct-gas-fired-air-heaters\/","url":"https:\/\/geoclimate.ge\/az\/product\/master-cf-75-spark-direct-gas-fired-air-heater-fixed-direct-gas-fired-air-heaters\/","name":"Master CF 75 SPARK \u2013 birba\u015fa qazla i\u015fl\u0259y\u0259n hava q\u0131zd\u0131r\u0131c\u0131s\u0131 Sabit birba\u015fa qazla i\u015fl\u0259y\u0259n hava q\u0131zd\u0131r\u0131c\u0131lar\u0131 - GeoClimate.ge","isPartOf":{"@id":"https:\/\/geoclimate.ge\/#website"},"primaryImageOfPage":{"@id":"https:\/\/geoclimate.ge\/az\/product\/master-cf-75-spark-direct-gas-fired-air-heater-fixed-direct-gas-fired-air-heaters\/#primaryimage"},"image":{"@id":"https:\/\/geoclimate.ge\/az\/product\/master-cf-75-spark-direct-gas-fired-air-heater-fixed-direct-gas-fired-air-heaters\/#primaryimage"},"thumbnailUrl":"https:\/\/geoclimate.ge\/wp-content\/uploads\/2025\/09\/Master-CF-75.jpg","datePublished":"2025-09-26T12:22:47+00:00","dateModified":"2025-09-26T12:36:16+00:00","breadcrumb":{"@id":"https:\/\/geoclimate.ge\/az\/product\/master-cf-75-spark-direct-gas-fired-air-heater-fixed-direct-gas-fired-air-heaters\/#breadcrumb"},"inLanguage":"az","potentialAction":[{"@type":"ReadAction","target":["https:\/\/geoclimate.ge\/az\/product\/master-cf-75-spark-direct-gas-fired-air-heater-fixed-direct-gas-fired-air-heaters\/"]}]},{"@type":"ImageObject","inLanguage":"az","@id":"https:\/\/geoclimate.ge\/az\/product\/master-cf-75-spark-direct-gas-fired-air-heater-fixed-direct-gas-fired-air-heaters\/#primaryimage","url":"https:\/\/geoclimate.ge\/wp-content\/uploads\/2025\/09\/Master-CF-75.jpg","contentUrl":"https:\/\/geoclimate.ge\/wp-content\/uploads\/2025\/09\/Master-CF-75.jpg","width":1000,"height":1000},{"@type":"BreadcrumbList","@id":"https:\/\/geoclimate.ge\/az\/product\/master-cf-75-spark-direct-gas-fired-air-heater-fixed-direct-gas-fired-air-heaters\/#breadcrumb","itemListElement":[{"@type":"ListItem","position":1,"name":"Home","item":"https:\/\/geoclimate.ge\/az\/"},{"@type":"ListItem","position":2,"name":"M\u0259hsullar","item":"https:\/\/geoclimate.ge\/az\/products\/"},{"@type":"ListItem","position":3,"name":"Master CF 75 SPARK \u2013 birba\u015fa qazla i\u015fl\u0259y\u0259n hava q\u0131zd\u0131r\u0131c\u0131s\u0131 Sabit birba\u015fa qazla i\u015fl\u0259y\u0259n hava q\u0131zd\u0131r\u0131c\u0131lar\u0131"}]},{"@type":"WebSite","@id":"https:\/\/geoclimate.ge\/#website","url":"https:\/\/geoclimate.ge\/","name":"GeoClimate","description":"","publisher":{"@id":"https:\/\/geoclimate.ge\/#organization"},"potentialAction":[{"@type":"SearchAction","target":{"@type":"EntryPoint","urlTemplate":"https:\/\/geoclimate.ge\/?s={search_term_string}"},"query-input":{"@type":"PropertyValueSpecification","valueRequired":true,"valueName":"search_term_string"}}],"inLanguage":"az"},{"@type":"Organization","@id":"https:\/\/geoclimate.ge\/#organization","name":"GeoClimate","url":"https:\/\/geoclimate.ge\/","logo":{"@type":"ImageObject","inLanguage":"az","@id":"https:\/\/geoclimate.ge\/#\/schema\/logo\/image\/","url":"https:\/\/geoclimate.ge\/wp-content\/uploads\/2026\/03\/geoclimate-SEO.png","contentUrl":"https:\/\/geoclimate.ge\/wp-content\/uploads\/2026\/03\/geoclimate-SEO.png","width":1536,"height":1024,"caption":"GeoClimate"},"image":{"@id":"https:\/\/geoclimate.ge\/#\/schema\/logo\/image\/"}}]}},"_links":{"self":[{"href":"https:\/\/geoclimate.ge\/az\/wp-json\/wp\/v2\/product\/40674","targetHints":{"allow":["GET"]}}],"collection":[{"href":"https:\/\/geoclimate.ge\/az\/wp-json\/wp\/v2\/product"}],"about":[{"href":"https:\/\/geoclimate.ge\/az\/wp-json\/wp\/v2\/types\/product"}],"wp:featuredmedia":[{"embeddable":true,"href":"https:\/\/geoclimate.ge\/az\/wp-json\/wp\/v2\/media\/40663"}],"wp:attachment":[{"href":"https:\/\/geoclimate.ge\/az\/wp-json\/wp\/v2\/media?parent=40674"}],"wp:term":[{"taxonomy":"product_brand","embeddable":true,"href":"https:\/\/geoclimate.ge\/az\/wp-json\/wp\/v2\/product_brand?post=40674"},{"taxonomy":"product_cat","embeddable":true,"href":"https:\/\/geoclimate.ge\/az\/wp-json\/wp\/v2\/product_cat?post=40674"},{"taxonomy":"product_tag","embeddable":true,"href":"https:\/\/geoclimate.ge\/az\/wp-json\/wp\/v2\/product_tag?post=40674"}],"curies":[{"name":"wp","href":"https:\/\/api.w.org\/{rel}","templated":true}]}}