{"id":41497,"date":"2025-09-29T22:32:54","date_gmt":"2025-09-29T18:32:54","guid":{"rendered":"https:\/\/airsystems.ge\/shop\/product\/master-blp-33et-direct-gas-fired-air-heaters-direct-gas-fired-air-heaters-electronic\/"},"modified":"2025-09-29T22:42:23","modified_gmt":"2025-09-29T18:42:23","slug":"master-blp-33et-direct-gas-fired-air-heaters-direct-gas-fired-air-heaters-electronic","status":"publish","type":"product","link":"https:\/\/geoclimate.ge\/az\/product\/master-blp-33et-direct-gas-fired-air-heaters-direct-gas-fired-air-heaters-electronic\/","title":{"rendered":"Master BLP 33ET \u2013 birba\u015fa qazla i\u015fl\u0259y\u0259n hava q\u0131zd\u0131r\u0131c\u0131lar\u0131 Birba\u015fa qazla i\u015fl\u0259y\u0259n hava q\u0131zd\u0131r\u0131c\u0131lar\u0131 &#8211; elektron"},"content":{"rendered":"<section class=\"max-w-[1088px] mx-auto w-full px-5 my-10 md:my-12 lg:my-16 xl:my-20 xl:px-0\" data-block=\"bullet-list\">\n<div class=\"md:text-center\">\n<h3 class=\"text-black font-bold text-lg md:text-xl lg:text-2xl\">\u018fsas x\u00fcsusiyy\u0259tl\u0259r<\/h3>\n<\/div>\n<div class=\"mt-6 md:mt-10\">\n<div class=\"flex flex-wrap\">\n<div class=\"w-full md:w-1\/2 auto-bullets md:pr-16\">\n<ul>\n<li class=\"text-sm md:text-base text-black mt-3 flex items-start\">\n<div class=\"pl-5\">\n<p>\u0130kiqat elektroklapan<br \/>\n\u0130onla\u015fd\u0131r\u0131c\u0131 elektrod alovun m\u00f6vcudlu\u011funu davaml\u0131 olaraq yoxlay\u0131r<br \/>\nPost ventilyasiya<br \/>\nT\u0259nziml\u0259yiciy\u0259 qaz borusunda \u00e7atlar olduqda qaz ax\u0131n\u0131 dayand\u0131ran t\u0259hl\u00fck\u0259sizlik klapan daxildir<br \/>\nTermik m\u00fchafiz\u0259si olan motor<br \/>\nH\u0259ddind\u0259n art\u0131q istilik termostat\u0131<br \/>\nT\u0259nziml\u0259n\u0259n istilik<\/p>\n<\/div>\n<\/li>\n<\/ul>\n<\/div>\n<\/div>\n<\/div>\n<\/section>\n<section class=\"max-w-[1088px] mx-auto w-full px-5 my-10 md:my-12 lg:my-16 xl:my-20 xl:px-0\" data-block=\"product-specifications\">\n<div class=\"md:text-center\">\n<h3 class=\"text-black font-bold text-lg md:text-xl lg:text-2xl\"><strong>Product specifications<\/strong><\/h3>\n<\/div>\n<div class=\" md:mt-10\">\n<div class=\"\">\n<div class=\"lg:mt-0 \">\n<div id=\"spec-blp-33et\" class=\"prose max-w-full md:overflow-auto\" data-spec-content=\"\">\n<div class=\"spreadsheet-container hidden md:block\">\n<table class=\"w-full table-fixed mb-0\">\n<thead>\n<tr>\n<th class=\"font-bold text-base\"><span class=\"block px-4\">Specifications<\/span><\/th>\n<th class=\"font-bold text-base text-center\"><span class=\"block px-10 md:px-20\">Units<\/span><\/th>\n<th class=\"font-bold text-base text-center will-change\"><span class=\"block px-4\">BLP\u00a033ET<\/span><\/th>\n<\/tr>\n<\/thead>\n<tbody>\n<tr class=\"bg-grey-200\/50 p-2\">\n<td colspan=\"1\"><span class=\"block px-4\">Heating power<\/span><\/td>\n<td class=\"text-center\">\n<div class=\"px-10 md:px-20 flex items-center justify-center\">kW<\/div>\n<\/td>\n<td class=\"text-center will-change\">\n<div class=\"px-10 md:px-20 flex items-center justify-center\">18-33<\/div>\n<\/td>\n<\/tr>\n<tr class=\" p-2\">\n<td colspan=\"1\"><span class=\"block px-4\">Heating power<\/span><\/td>\n<td class=\"text-center\">\n<div class=\"px-10 md:px-20 flex items-center justify-center\">Btu\/h<\/div>\n<\/td>\n<td class=\"text-center will-change\">\n<div class=\"px-10 md:px-20 flex items-center justify-center\">61,500-112,800<\/div>\n<\/td>\n<\/tr>\n<tr class=\"bg-grey-200\/50 p-2\">\n<td colspan=\"1\"><span class=\"block px-4\">Heating power<\/span><\/td>\n<td class=\"text-center\">\n<div class=\"px-10 md:px-20 flex items-center justify-center\">kcal\/h<\/div>\n<\/td>\n<td class=\"text-center will-change\">\n<div class=\"px-10 md:px-20 flex items-center justify-center\">15,500-28,400<\/div>\n<\/td>\n<\/tr>\n<tr class=\" p-2\">\n<td colspan=\"1\"><span class=\"block px-4\">Pressure<\/span><\/td>\n<td class=\"text-center\">\n<div class=\"px-10 md:px-20 flex items-center justify-center\">bar<\/div>\n<\/td>\n<td class=\"text-center will-change\">\n<div class=\"px-10 md:px-20 flex items-center justify-center\">0.75-1.5<\/div>\n<\/td>\n<\/tr>\n<tr class=\"bg-grey-200\/50 p-2\">\n<td colspan=\"1\"><span class=\"block px-4\">Ignition<\/span><\/td>\n<td class=\"text-center\">\n<div class=\"px-10 md:px-20 flex items-center justify-center\"><\/div>\n<\/td>\n<td class=\"text-center will-change\">\n<div class=\"px-10 md:px-20 flex items-center justify-center\">Electronic<\/div>\n<\/td>\n<\/tr>\n<tr class=\" p-2\">\n<td colspan=\"1\"><span class=\"block px-4\">Thermostat control<\/span><\/td>\n<td class=\"text-center\">\n<div class=\"px-10 md:px-20 flex items-center justify-center\"><\/div>\n<\/td>\n<td class=\"text-center will-change\">\n<div class=\"px-10 md:px-20 flex items-center justify-center\">Analogue or digital<\/div>\n<\/td>\n<\/tr>\n<tr class=\"bg-grey-200\/50 p-2\">\n<td colspan=\"1\"><span class=\"block px-4\">Air flow<\/span><\/td>\n<td class=\"text-center\">\n<div class=\"px-10 md:px-20 flex items-center justify-center\">m\u00b3\/h<\/div>\n<\/td>\n<td class=\"text-center will-change\">\n<div class=\"px-10 md:px-20 flex items-center justify-center\">1,000<\/div>\n<\/td>\n<\/tr>\n<tr class=\" p-2\">\n<td colspan=\"1\"><span class=\"block px-4\">Fuel consumption<\/span><\/td>\n<td class=\"text-center\">\n<div class=\"px-10 md:px-20 flex items-center justify-center\">kg\/h<\/div>\n<\/td>\n<td class=\"text-center will-change\">\n<div class=\"px-10 md:px-20 flex items-center justify-center\">2.4<\/div>\n<\/td>\n<\/tr>\n<tr class=\"bg-grey-200\/50 p-2\">\n<td colspan=\"1\"><span class=\"block px-4\">Power supply<\/span><\/td>\n<td class=\"text-center\">\n<div class=\"px-10 md:px-20 flex items-center justify-center\">V\/Hz<\/div>\n<\/td>\n<td class=\"text-center will-change\">\n<div class=\"px-10 md:px-20 flex items-center justify-center\">220-240\/1ph\/50<\/div>\n<\/td>\n<\/tr>\n<tr class=\" p-2\">\n<td colspan=\"1\"><span class=\"block px-4\">Electric power<\/span><\/td>\n<td class=\"text-center\">\n<div class=\"px-10 md:px-20 flex items-center justify-center\">kW<\/div>\n<\/td>\n<td class=\"text-center will-change\">\n<div class=\"px-10 md:px-20 flex items-center justify-center\">0.074<\/div>\n<\/td>\n<\/tr>\n<tr class=\"bg-grey-200\/50 p-2\">\n<td colspan=\"1\"><span class=\"block px-4\">Rated current<\/span><\/td>\n<td class=\"text-center\">\n<div class=\"px-10 md:px-20 flex items-center justify-center\">A<\/div>\n<\/td>\n<td class=\"text-center will-change\">\n<div class=\"px-10 md:px-20 flex items-center justify-center\">0.32<\/div>\n<\/td>\n<\/tr>\n<tr class=\" p-2\">\n<td colspan=\"1\"><span class=\"block px-4\">Product size (l x w x h)<\/span><\/td>\n<td class=\"text-center\">\n<div class=\"px-10 md:px-20 flex items-center justify-center\">mm<\/div>\n<\/td>\n<td class=\"text-center will-change\">\n<div class=\"px-10 md:px-20 flex items-center justify-center\">552 x 220 x 342<\/div>\n<\/td>\n<\/tr>\n<tr class=\"bg-grey-200\/50 p-2\">\n<td colspan=\"1\"><span class=\"block px-4\">Box size (l x w x h)<\/span><\/td>\n<td class=\"text-center\">\n<div class=\"px-10 md:px-20 flex items-center justify-center\">mm<\/div>\n<\/td>\n<td class=\"text-center will-change\">\n<div class=\"px-10 md:px-20 flex items-center justify-center\">600 x 250 x 360<\/div>\n<\/td>\n<\/tr>\n<tr class=\" p-2\">\n<td colspan=\"1\"><span class=\"block px-4\">Net\/gross weight<\/span><\/td>\n<td class=\"text-center\">\n<div class=\"px-10 md:px-20 flex items-center justify-center\">kg<\/div>\n<\/td>\n<td class=\"text-center will-change\">\n<div class=\"px-10 md:px-20 flex items-center justify-center\">7.5\/9<\/div>\n<\/td>\n<\/tr>\n<tr class=\"bg-grey-200\/50 p-2\">\n<td colspan=\"1\"><span class=\"block px-4\">Pallet<\/span><\/td>\n<td class=\"text-center\">\n<div class=\"px-10 md:px-20 flex items-center justify-center\">pcs<\/div>\n<\/td>\n<td class=\"text-center will-change\">\n<div class=\"px-10 md:px-20 flex items-center justify-center\">36<\/div>\n<\/td>\n<\/tr>\n<\/tbody>\n<\/table>\n<\/div>\n<\/div>\n<\/div>\n<\/div>\n<\/div>\n<\/section>\n<section class=\"max-w-[1088px] mx-auto w-full px-5 my-10 md:my-12 lg:my-16 xl:my-20 xl:px-0\" data-block=\"link-list\">\n<div class=\"max-w-[1088px] mx-auto\">\n<div class=\"md:text-center\">\n<h3 class=\"text-black font-bold text-lg md:text-xl lg:text-2xl\">Uy\u011fundur:<\/h3>\n<\/div>\n<div class=\"mt-6 max-w-4xl mx-auto\">\n<div class=\"flex flex-wrap md:ml-20\">\n<div class=\"w-full md:w-1\/2 auto-bullets md:pr-16\">\n<ul>\n<li class=\"flex items-center gap-5 text-sm text-black mt-3 md:text-base lg:text-lg\">K\u0259nd t\u0259s\u0259rr\u00fcfat\u0131<br \/>\nAvtomobil<br \/>\nTicar\u0259t binalar\u0131<br \/>\nTikinti<br \/>\nS\u0259naye, fabrikl\u0259r v\u0259 istehsal<br \/>\n\u0130car\u0259 \u015firk\u0259tl\u0259ri<br \/>\nAnbarlar v\u0259 anbarlar<\/li>\n<\/ul>\n<\/div>\n<\/div>\n<\/div>\n<\/div>\n<\/section>\n","protected":false},"excerpt":{"rendered":"<p>Usta qaz q\u0131zd\u0131r\u0131c\u0131lar\u0131 b\u00f6y\u00fck h\u0259cmd\u0259 ani istilik t\u0259min edir. Onlar \u00e7ox q\u0259na\u0259tcil, m\u00f6hk\u0259m v\u0259 s\u0259m\u0259r\u0259lidir. Portativ qaz q\u0131zd\u0131r\u0131c\u0131lar\u0131 tikinti sah\u0259l\u0259ri, anbarlar v\u0259 ya fabrikl\u0259r kimi yax\u015f\u0131 havaland\u0131r\u0131lan \u0259razil\u0259r \u00fc\u00e7\u00fcn \u0259n yax\u015f\u0131s\u0131d\u0131r.<\/p>\n<p>B\u00fct\u00fcn birba\u015fa qazla i\u015fl\u0259y\u0259n hava q\u0131zd\u0131r\u0131c\u0131lar\u0131m\u0131za bax\u0131n v\u0259 ya bir ne\u00e7\u0259 t\u0259tbiq \u00fc\u00e7\u00fcn uy\u011fun olan b\u00fct\u00fcn q\u0131zd\u0131r\u0131c\u0131lar\u0131m\u0131za bax\u0131n.<\/p>\n","protected":false},"featured_media":41426,"template":"","meta":[],"product_brand":[],"product_cat":[1987],"product_tag":[],"class_list":{"0":"post-41497","1":"product","2":"type-product","3":"status-publish","4":"has-post-thumbnail","6":"product_cat-qizdirici-kalorifer","8":"first","9":"instock","10":"shipping-taxable","11":"purchasable","12":"product-type-simple"},"yoast_head":"<!-- This site is optimized with the Yoast SEO plugin v27.1.1 - https:\/\/yoast.com\/product\/yoast-seo-wordpress\/ -->\n<title>Master BLP 33ET \u2013 birba\u015fa qazla i\u015fl\u0259y\u0259n hava q\u0131zd\u0131r\u0131c\u0131lar\u0131 Birba\u015fa qazla i\u015fl\u0259y\u0259n hava q\u0131zd\u0131r\u0131c\u0131lar\u0131 - elektron - GeoClimate.ge<\/title>\n<meta name=\"robots\" content=\"index, follow, max-snippet:-1, max-image-preview:large, max-video-preview:-1\" \/>\n<link rel=\"canonical\" href=\"https:\/\/geoclimate.ge\/az\/product\/master-blp-33et-direct-gas-fired-air-heaters-direct-gas-fired-air-heaters-electronic\/\" \/>\n<meta property=\"og:locale\" content=\"az_AZ\" \/>\n<meta property=\"og:type\" content=\"article\" \/>\n<meta property=\"og:title\" content=\"Master BLP 33ET \u2013 birba\u015fa qazla i\u015fl\u0259y\u0259n hava q\u0131zd\u0131r\u0131c\u0131lar\u0131 Birba\u015fa qazla i\u015fl\u0259y\u0259n hava q\u0131zd\u0131r\u0131c\u0131lar\u0131 - elektron - GeoClimate.ge\" \/>\n<meta property=\"og:description\" content=\"Usta qaz q\u0131zd\u0131r\u0131c\u0131lar\u0131 b\u00f6y\u00fck h\u0259cmd\u0259 ani istilik t\u0259min edir. Onlar \u00e7ox q\u0259na\u0259tcil, m\u00f6hk\u0259m v\u0259 s\u0259m\u0259r\u0259lidir. Portativ qaz q\u0131zd\u0131r\u0131c\u0131lar\u0131 tikinti sah\u0259l\u0259ri, anbarlar v\u0259 ya fabrikl\u0259r kimi yax\u015f\u0131 havaland\u0131r\u0131lan \u0259razil\u0259r \u00fc\u00e7\u00fcn \u0259n yax\u015f\u0131s\u0131d\u0131r.  B\u00fct\u00fcn birba\u015fa qazla i\u015fl\u0259y\u0259n hava q\u0131zd\u0131r\u0131c\u0131lar\u0131m\u0131za bax\u0131n v\u0259 ya bir ne\u00e7\u0259 t\u0259tbiq \u00fc\u00e7\u00fcn uy\u011fun olan b\u00fct\u00fcn q\u0131zd\u0131r\u0131c\u0131lar\u0131m\u0131za bax\u0131n.\" \/>\n<meta property=\"og:url\" content=\"https:\/\/geoclimate.ge\/az\/product\/master-blp-33et-direct-gas-fired-air-heaters-direct-gas-fired-air-heaters-electronic\/\" \/>\n<meta property=\"og:site_name\" content=\"GeoClimate.ge\" \/>\n<meta property=\"article:modified_time\" content=\"2025-09-29T18:42:23+00:00\" \/>\n<meta property=\"og:image\" content=\"https:\/\/geoclimate.ge\/wp-content\/uploads\/2025\/09\/Master-BLP-33ET-web.jpg\" \/>\n\t<meta property=\"og:image:width\" content=\"1000\" \/>\n\t<meta property=\"og:image:height\" content=\"1000\" \/>\n\t<meta property=\"og:image:type\" content=\"image\/jpeg\" \/>\n<meta name=\"twitter:card\" content=\"summary_large_image\" \/>\n<meta name=\"twitter:label1\" content=\"Est. reading time\" \/>\n\t<meta name=\"twitter:data1\" content=\"1 minute\" \/>\n<script type=\"application\/ld+json\" class=\"yoast-schema-graph\">{\"@context\":\"https:\/\/schema.org\",\"@graph\":[{\"@type\":\"WebPage\",\"@id\":\"https:\/\/geoclimate.ge\/az\/product\/master-blp-33et-direct-gas-fired-air-heaters-direct-gas-fired-air-heaters-electronic\/\",\"url\":\"https:\/\/geoclimate.ge\/az\/product\/master-blp-33et-direct-gas-fired-air-heaters-direct-gas-fired-air-heaters-electronic\/\",\"name\":\"Master BLP 33ET \u2013 birba\u015fa qazla i\u015fl\u0259y\u0259n hava q\u0131zd\u0131r\u0131c\u0131lar\u0131 Birba\u015fa qazla i\u015fl\u0259y\u0259n hava q\u0131zd\u0131r\u0131c\u0131lar\u0131 - elektron - GeoClimate.ge\",\"isPartOf\":{\"@id\":\"https:\/\/geoclimate.ge\/#website\"},\"primaryImageOfPage\":{\"@id\":\"https:\/\/geoclimate.ge\/az\/product\/master-blp-33et-direct-gas-fired-air-heaters-direct-gas-fired-air-heaters-electronic\/#primaryimage\"},\"image\":{\"@id\":\"https:\/\/geoclimate.ge\/az\/product\/master-blp-33et-direct-gas-fired-air-heaters-direct-gas-fired-air-heaters-electronic\/#primaryimage\"},\"thumbnailUrl\":\"https:\/\/geoclimate.ge\/wp-content\/uploads\/2025\/09\/Master-BLP-33ET-web.jpg\",\"datePublished\":\"2025-09-29T18:32:54+00:00\",\"dateModified\":\"2025-09-29T18:42:23+00:00\",\"breadcrumb\":{\"@id\":\"https:\/\/geoclimate.ge\/az\/product\/master-blp-33et-direct-gas-fired-air-heaters-direct-gas-fired-air-heaters-electronic\/#breadcrumb\"},\"inLanguage\":\"az\",\"potentialAction\":[{\"@type\":\"ReadAction\",\"target\":[\"https:\/\/geoclimate.ge\/az\/product\/master-blp-33et-direct-gas-fired-air-heaters-direct-gas-fired-air-heaters-electronic\/\"]}]},{\"@type\":\"ImageObject\",\"inLanguage\":\"az\",\"@id\":\"https:\/\/geoclimate.ge\/az\/product\/master-blp-33et-direct-gas-fired-air-heaters-direct-gas-fired-air-heaters-electronic\/#primaryimage\",\"url\":\"https:\/\/geoclimate.ge\/wp-content\/uploads\/2025\/09\/Master-BLP-33ET-web.jpg\",\"contentUrl\":\"https:\/\/geoclimate.ge\/wp-content\/uploads\/2025\/09\/Master-BLP-33ET-web.jpg\",\"width\":1000,\"height\":1000},{\"@type\":\"BreadcrumbList\",\"@id\":\"https:\/\/geoclimate.ge\/az\/product\/master-blp-33et-direct-gas-fired-air-heaters-direct-gas-fired-air-heaters-electronic\/#breadcrumb\",\"itemListElement\":[{\"@type\":\"ListItem\",\"position\":1,\"name\":\"Home\",\"item\":\"https:\/\/geoclimate.ge\/az\/\"},{\"@type\":\"ListItem\",\"position\":2,\"name\":\"M\u0259hsullar\",\"item\":\"https:\/\/geoclimate.ge\/az\/products\/\"},{\"@type\":\"ListItem\",\"position\":3,\"name\":\"Master BLP 33ET \u2013 birba\u015fa qazla i\u015fl\u0259y\u0259n hava q\u0131zd\u0131r\u0131c\u0131lar\u0131 Birba\u015fa qazla i\u015fl\u0259y\u0259n hava q\u0131zd\u0131r\u0131c\u0131lar\u0131 &#8211; elektron\"}]},{\"@type\":\"WebSite\",\"@id\":\"https:\/\/geoclimate.ge\/#website\",\"url\":\"https:\/\/geoclimate.ge\/\",\"name\":\"GeoClimate\",\"description\":\"\",\"publisher\":{\"@id\":\"https:\/\/geoclimate.ge\/#organization\"},\"potentialAction\":[{\"@type\":\"SearchAction\",\"target\":{\"@type\":\"EntryPoint\",\"urlTemplate\":\"https:\/\/geoclimate.ge\/?s={search_term_string}\"},\"query-input\":{\"@type\":\"PropertyValueSpecification\",\"valueRequired\":true,\"valueName\":\"search_term_string\"}}],\"inLanguage\":\"az\"},{\"@type\":\"Organization\",\"@id\":\"https:\/\/geoclimate.ge\/#organization\",\"name\":\"GeoClimate\",\"url\":\"https:\/\/geoclimate.ge\/\",\"logo\":{\"@type\":\"ImageObject\",\"inLanguage\":\"az\",\"@id\":\"https:\/\/geoclimate.ge\/#\/schema\/logo\/image\/\",\"url\":\"https:\/\/geoclimate.ge\/wp-content\/uploads\/2026\/03\/geoclimate-SEO.png\",\"contentUrl\":\"https:\/\/geoclimate.ge\/wp-content\/uploads\/2026\/03\/geoclimate-SEO.png\",\"width\":1536,\"height\":1024,\"caption\":\"GeoClimate\"},\"image\":{\"@id\":\"https:\/\/geoclimate.ge\/#\/schema\/logo\/image\/\"}}]}<\/script>\n<!-- \/ Yoast SEO plugin. -->","yoast_head_json":{"title":"Master BLP 33ET \u2013 birba\u015fa qazla i\u015fl\u0259y\u0259n hava q\u0131zd\u0131r\u0131c\u0131lar\u0131 Birba\u015fa qazla i\u015fl\u0259y\u0259n hava q\u0131zd\u0131r\u0131c\u0131lar\u0131 - elektron - GeoClimate.ge","robots":{"index":"index","follow":"follow","max-snippet":"max-snippet:-1","max-image-preview":"max-image-preview:large","max-video-preview":"max-video-preview:-1"},"canonical":"https:\/\/geoclimate.ge\/az\/product\/master-blp-33et-direct-gas-fired-air-heaters-direct-gas-fired-air-heaters-electronic\/","og_locale":"az_AZ","og_type":"article","og_title":"Master BLP 33ET \u2013 birba\u015fa qazla i\u015fl\u0259y\u0259n hava q\u0131zd\u0131r\u0131c\u0131lar\u0131 Birba\u015fa qazla i\u015fl\u0259y\u0259n hava q\u0131zd\u0131r\u0131c\u0131lar\u0131 - elektron - GeoClimate.ge","og_description":"Usta qaz q\u0131zd\u0131r\u0131c\u0131lar\u0131 b\u00f6y\u00fck h\u0259cmd\u0259 ani istilik t\u0259min edir. Onlar \u00e7ox q\u0259na\u0259tcil, m\u00f6hk\u0259m v\u0259 s\u0259m\u0259r\u0259lidir. Portativ qaz q\u0131zd\u0131r\u0131c\u0131lar\u0131 tikinti sah\u0259l\u0259ri, anbarlar v\u0259 ya fabrikl\u0259r kimi yax\u015f\u0131 havaland\u0131r\u0131lan \u0259razil\u0259r \u00fc\u00e7\u00fcn \u0259n yax\u015f\u0131s\u0131d\u0131r.  B\u00fct\u00fcn birba\u015fa qazla i\u015fl\u0259y\u0259n hava q\u0131zd\u0131r\u0131c\u0131lar\u0131m\u0131za bax\u0131n v\u0259 ya bir ne\u00e7\u0259 t\u0259tbiq \u00fc\u00e7\u00fcn uy\u011fun olan b\u00fct\u00fcn q\u0131zd\u0131r\u0131c\u0131lar\u0131m\u0131za bax\u0131n.","og_url":"https:\/\/geoclimate.ge\/az\/product\/master-blp-33et-direct-gas-fired-air-heaters-direct-gas-fired-air-heaters-electronic\/","og_site_name":"GeoClimate.ge","article_modified_time":"2025-09-29T18:42:23+00:00","og_image":[{"width":1000,"height":1000,"url":"https:\/\/geoclimate.ge\/wp-content\/uploads\/2025\/09\/Master-BLP-33ET-web.jpg","type":"image\/jpeg"}],"twitter_card":"summary_large_image","twitter_misc":{"Est. reading time":"1 minute"},"schema":{"@context":"https:\/\/schema.org","@graph":[{"@type":"WebPage","@id":"https:\/\/geoclimate.ge\/az\/product\/master-blp-33et-direct-gas-fired-air-heaters-direct-gas-fired-air-heaters-electronic\/","url":"https:\/\/geoclimate.ge\/az\/product\/master-blp-33et-direct-gas-fired-air-heaters-direct-gas-fired-air-heaters-electronic\/","name":"Master BLP 33ET \u2013 birba\u015fa qazla i\u015fl\u0259y\u0259n hava q\u0131zd\u0131r\u0131c\u0131lar\u0131 Birba\u015fa qazla i\u015fl\u0259y\u0259n hava q\u0131zd\u0131r\u0131c\u0131lar\u0131 - elektron - GeoClimate.ge","isPartOf":{"@id":"https:\/\/geoclimate.ge\/#website"},"primaryImageOfPage":{"@id":"https:\/\/geoclimate.ge\/az\/product\/master-blp-33et-direct-gas-fired-air-heaters-direct-gas-fired-air-heaters-electronic\/#primaryimage"},"image":{"@id":"https:\/\/geoclimate.ge\/az\/product\/master-blp-33et-direct-gas-fired-air-heaters-direct-gas-fired-air-heaters-electronic\/#primaryimage"},"thumbnailUrl":"https:\/\/geoclimate.ge\/wp-content\/uploads\/2025\/09\/Master-BLP-33ET-web.jpg","datePublished":"2025-09-29T18:32:54+00:00","dateModified":"2025-09-29T18:42:23+00:00","breadcrumb":{"@id":"https:\/\/geoclimate.ge\/az\/product\/master-blp-33et-direct-gas-fired-air-heaters-direct-gas-fired-air-heaters-electronic\/#breadcrumb"},"inLanguage":"az","potentialAction":[{"@type":"ReadAction","target":["https:\/\/geoclimate.ge\/az\/product\/master-blp-33et-direct-gas-fired-air-heaters-direct-gas-fired-air-heaters-electronic\/"]}]},{"@type":"ImageObject","inLanguage":"az","@id":"https:\/\/geoclimate.ge\/az\/product\/master-blp-33et-direct-gas-fired-air-heaters-direct-gas-fired-air-heaters-electronic\/#primaryimage","url":"https:\/\/geoclimate.ge\/wp-content\/uploads\/2025\/09\/Master-BLP-33ET-web.jpg","contentUrl":"https:\/\/geoclimate.ge\/wp-content\/uploads\/2025\/09\/Master-BLP-33ET-web.jpg","width":1000,"height":1000},{"@type":"BreadcrumbList","@id":"https:\/\/geoclimate.ge\/az\/product\/master-blp-33et-direct-gas-fired-air-heaters-direct-gas-fired-air-heaters-electronic\/#breadcrumb","itemListElement":[{"@type":"ListItem","position":1,"name":"Home","item":"https:\/\/geoclimate.ge\/az\/"},{"@type":"ListItem","position":2,"name":"M\u0259hsullar","item":"https:\/\/geoclimate.ge\/az\/products\/"},{"@type":"ListItem","position":3,"name":"Master BLP 33ET \u2013 birba\u015fa qazla i\u015fl\u0259y\u0259n hava q\u0131zd\u0131r\u0131c\u0131lar\u0131 Birba\u015fa qazla i\u015fl\u0259y\u0259n hava q\u0131zd\u0131r\u0131c\u0131lar\u0131 &#8211; elektron"}]},{"@type":"WebSite","@id":"https:\/\/geoclimate.ge\/#website","url":"https:\/\/geoclimate.ge\/","name":"GeoClimate","description":"","publisher":{"@id":"https:\/\/geoclimate.ge\/#organization"},"potentialAction":[{"@type":"SearchAction","target":{"@type":"EntryPoint","urlTemplate":"https:\/\/geoclimate.ge\/?s={search_term_string}"},"query-input":{"@type":"PropertyValueSpecification","valueRequired":true,"valueName":"search_term_string"}}],"inLanguage":"az"},{"@type":"Organization","@id":"https:\/\/geoclimate.ge\/#organization","name":"GeoClimate","url":"https:\/\/geoclimate.ge\/","logo":{"@type":"ImageObject","inLanguage":"az","@id":"https:\/\/geoclimate.ge\/#\/schema\/logo\/image\/","url":"https:\/\/geoclimate.ge\/wp-content\/uploads\/2026\/03\/geoclimate-SEO.png","contentUrl":"https:\/\/geoclimate.ge\/wp-content\/uploads\/2026\/03\/geoclimate-SEO.png","width":1536,"height":1024,"caption":"GeoClimate"},"image":{"@id":"https:\/\/geoclimate.ge\/#\/schema\/logo\/image\/"}}]}},"_links":{"self":[{"href":"https:\/\/geoclimate.ge\/az\/wp-json\/wp\/v2\/product\/41497","targetHints":{"allow":["GET"]}}],"collection":[{"href":"https:\/\/geoclimate.ge\/az\/wp-json\/wp\/v2\/product"}],"about":[{"href":"https:\/\/geoclimate.ge\/az\/wp-json\/wp\/v2\/types\/product"}],"wp:featuredmedia":[{"embeddable":true,"href":"https:\/\/geoclimate.ge\/az\/wp-json\/wp\/v2\/media\/41426"}],"wp:attachment":[{"href":"https:\/\/geoclimate.ge\/az\/wp-json\/wp\/v2\/media?parent=41497"}],"wp:term":[{"taxonomy":"product_brand","embeddable":true,"href":"https:\/\/geoclimate.ge\/az\/wp-json\/wp\/v2\/product_brand?post=41497"},{"taxonomy":"product_cat","embeddable":true,"href":"https:\/\/geoclimate.ge\/az\/wp-json\/wp\/v2\/product_cat?post=41497"},{"taxonomy":"product_tag","embeddable":true,"href":"https:\/\/geoclimate.ge\/az\/wp-json\/wp\/v2\/product_tag?post=41497"}],"curies":[{"name":"wp","href":"https:\/\/api.w.org\/{rel}","templated":true}]}}