{"id":42235,"date":"2025-10-04T14:51:31","date_gmt":"2025-10-04T10:51:31","guid":{"rendered":"https:\/\/airsystems.ge\/shop\/product\/master-b-2-electric-fan-air-heaters-electric-fan-air-heaters\/"},"modified":"2025-10-04T14:58:26","modified_gmt":"2025-10-04T10:58:26","slug":"master-b-2-electric-fan-air-heaters-electric-fan-air-heaters","status":"publish","type":"product","link":"https:\/\/geoclimate.ge\/az\/product\/master-b-2-electric-fan-air-heaters-electric-fan-air-heaters\/","title":{"rendered":"Master B 2 \u2013 elektrik fanatl\u0131 hava q\u0131zd\u0131r\u0131c\u0131lar\u0131 Elektrikli hava q\u0131zd\u0131r\u0131c\u0131lar\u0131"},"content":{"rendered":"<section class=\"max-w-[1088px] mx-auto w-full px-5 my-10 md:my-12 lg:my-16 xl:my-20 xl:px-0\" data-block=\"bullet-list\">\n<div class=\"md:text-center\">\n<h3 class=\"text-black font-bold text-lg md:text-xl lg:text-2xl\">\u018fsas x\u00fcsusiyy\u0259tl\u0259r<\/h3>\n<\/div>\n<div class=\"mt-6 md:mt-10\">\n<div class=\"flex flex-wrap\">\n<div class=\"w-full md:w-1\/2 auto-bullets md:pr-16\">\n<ul>\n<li class=\"text-sm md:text-base text-black mt-3 flex items-start\">\n<div class=\"pl-5\">\n<p>Manuel s\u0131f\u0131rlama<br \/>\nQura\u015fd\u0131r\u0131lm\u0131\u015f otaq termostat\u0131<br \/>\nOksigen istehlak\u0131 yoxdur<br \/>\nDuman, qoxu, r\u00fctub\u0259t yoxdur<br \/>\nYaln\u0131z havaland\u0131rma \u00fc\u00e7\u00fcn yay\/q\u0131\u015f a\u00e7ar\u0131<br \/>\nA\u015fa\u011f\u0131 s\u0259s-k\u00fcy<br \/>\n\u0130stilik m\u00fchafiz\u0259si olan motor<br \/>\nH\u0259ddind\u0259n art\u0131q istilik termostat\u0131<br \/>\nT\u0259nziml\u0259n\u0259n istilik<\/p>\n<\/div>\n<\/li>\n<\/ul>\n<\/div>\n<\/div>\n<\/div>\n<\/section>\n<section class=\"max-w-[1088px] mx-auto w-full px-5 my-10 md:my-12 lg:my-16 xl:my-20 xl:px-0\" data-block=\"product-specifications\">\n<div class=\"md:text-center\">\n<h3 class=\"text-black font-bold text-lg md:text-xl lg:text-2xl\"><strong>Product specifications<\/strong><\/h3>\n<\/div>\n<div class=\" md:mt-10\">\n<div class=\"\">\n<div class=\"lg:mt-0 \">\n<div id=\"spec-b-2\" class=\"prose max-w-full md:overflow-auto\" data-spec-content=\"\">\n<div class=\"spreadsheet-container hidden md:block\">\n<table class=\"w-full table-fixed mb-0\">\n<thead>\n<tr>\n<th class=\"font-bold text-base\"><span class=\"block px-4\">Specifications<\/span><\/th>\n<th class=\"font-bold text-base text-center\"><span class=\"block px-10 md:px-20\">Units<\/span><\/th>\n<th class=\"font-bold text-base text-center will-change\"><span class=\"block px-4\">B\u00a02<\/span><\/th>\n<\/tr>\n<\/thead>\n<tbody>\n<tr class=\"bg-grey-200\/50 p-2\">\n<td colspan=\"1\"><span class=\"block px-4\">Heating power<\/span><\/td>\n<td class=\"text-center\">\n<div class=\"px-10 md:px-20 flex items-center justify-center\">kW<\/div>\n<\/td>\n<td class=\"text-center will-change\">\n<div class=\"px-10 md:px-20 flex items-center justify-center\">1\/2<\/div>\n<\/td>\n<\/tr>\n<tr class=\" p-2\">\n<td colspan=\"1\"><span class=\"block px-4\">Heating power<\/span><\/td>\n<td class=\"text-center\">\n<div class=\"px-10 md:px-20 flex items-center justify-center\">Btu\/h<\/div>\n<\/td>\n<td class=\"text-center will-change\">\n<div class=\"px-10 md:px-20 flex items-center justify-center\">3,400-6,800<\/div>\n<\/td>\n<\/tr>\n<tr class=\"bg-grey-200\/50 p-2\">\n<td colspan=\"1\"><span class=\"block px-4\">Heating power<\/span><\/td>\n<td class=\"text-center\">\n<div class=\"px-10 md:px-20 flex items-center justify-center\">kcal\/h<\/div>\n<\/td>\n<td class=\"text-center will-change\">\n<div class=\"px-10 md:px-20 flex items-center justify-center\">860-1,720<\/div>\n<\/td>\n<\/tr>\n<tr class=\" p-2\">\n<td colspan=\"1\"><span class=\"block px-4\">Air flow<\/span><\/td>\n<td class=\"text-center\">\n<div class=\"px-10 md:px-20 flex items-center justify-center\">m\u00b3\/h<\/div>\n<\/td>\n<td class=\"text-center will-change\">\n<div class=\"px-10 md:px-20 flex items-center justify-center\">184<\/div>\n<\/td>\n<\/tr>\n<tr class=\"bg-grey-200\/50 p-2\">\n<td colspan=\"1\"><span class=\"block px-4\">Power supply<\/span><\/td>\n<td class=\"text-center\">\n<div class=\"px-10 md:px-20 flex items-center justify-center\">V\/Hz<\/div>\n<\/td>\n<td class=\"text-center will-change\">\n<div class=\"px-10 md:px-20 flex items-center justify-center\">230\/1ph\/50-60<\/div>\n<\/td>\n<\/tr>\n<tr class=\" p-2\">\n<td colspan=\"1\"><span class=\"block px-4\">Plug (male) from heater side<\/span><\/td>\n<td class=\"text-center\">\n<div class=\"px-10 md:px-20 flex items-center justify-center\"><\/div>\n<\/td>\n<td class=\"text-center will-change\">\n<div class=\"px-10 md:px-20 flex items-center justify-center\">16A\/3P<\/div>\n<\/td>\n<\/tr>\n<tr class=\"bg-grey-200\/50 p-2\">\n<td colspan=\"1\"><span class=\"block px-4\">Rated current<\/span><\/td>\n<td class=\"text-center\">\n<div class=\"px-10 md:px-20 flex items-center justify-center\">A<\/div>\n<\/td>\n<td class=\"text-center will-change\">\n<div class=\"px-10 md:px-20 flex items-center justify-center\">8.7<\/div>\n<\/td>\n<\/tr>\n<tr class=\" p-2\">\n<td colspan=\"1\"><span class=\"block px-4\">Switch pos. 1<\/span><\/td>\n<td class=\"text-center\">\n<div class=\"px-10 md:px-20 flex items-center justify-center\"><\/div>\n<\/td>\n<td class=\"text-center will-change\">\n<div class=\"px-10 md:px-20 flex items-center justify-center\">Off<\/div>\n<\/td>\n<\/tr>\n<tr class=\"bg-grey-200\/50 p-2\">\n<td colspan=\"1\"><span class=\"block px-4\">Switch pos. 2<\/span><\/td>\n<td class=\"text-center\">\n<div class=\"px-10 md:px-20 flex items-center justify-center\"><\/div>\n<\/td>\n<td class=\"text-center will-change\">\n<div class=\"px-10 md:px-20 flex items-center justify-center\">Fan<\/div>\n<\/td>\n<\/tr>\n<tr class=\" p-2\">\n<td colspan=\"1\"><span class=\"block px-4\">Switch pos. 3\/4<\/span><\/td>\n<td class=\"text-center\">\n<div class=\"px-10 md:px-20 flex items-center justify-center\">kW<\/div>\n<\/td>\n<td class=\"text-center will-change\">\n<div class=\"px-10 md:px-20 flex items-center justify-center\">1\/2<\/div>\n<\/td>\n<\/tr>\n<tr class=\"bg-grey-200\/50 p-2\">\n<td colspan=\"1\"><span class=\"block px-4\">Thermostat control<\/span><\/td>\n<td class=\"text-center\">\n<div class=\"px-10 md:px-20 flex items-center justify-center\"><\/div>\n<\/td>\n<td class=\"text-center will-change\">\n<div class=\"px-10 md:px-20 flex items-center justify-center\">Included<\/div>\n<\/td>\n<\/tr>\n<tr class=\" p-2\">\n<td colspan=\"1\"><span class=\"block px-4\">Temperature range<\/span><\/td>\n<td class=\"text-center\">\n<div class=\"px-10 md:px-20 flex items-center justify-center\">\u00b0C<\/div>\n<\/td>\n<td class=\"text-center will-change\">\n<div class=\"px-10 md:px-20 flex items-center justify-center\">5-35<\/div>\n<\/td>\n<\/tr>\n<tr class=\"bg-grey-200\/50 p-2\">\n<td colspan=\"1\"><span class=\"block px-4\">Protection class<\/span><\/td>\n<td class=\"text-center\">\n<div class=\"px-10 md:px-20 flex items-center justify-center\"><\/div>\n<\/td>\n<td class=\"text-center will-change\">\n<div class=\"px-10 md:px-20 flex items-center justify-center\">IP24<\/div>\n<\/td>\n<\/tr>\n<tr class=\" p-2\">\n<td colspan=\"1\"><span class=\"block px-4\">Product size (l x w x h)<\/span><\/td>\n<td class=\"text-center\">\n<div class=\"px-10 md:px-20 flex items-center justify-center\">mm<\/div>\n<\/td>\n<td class=\"text-center will-change\">\n<div class=\"px-10 md:px-20 flex items-center justify-center\">220 x 200 x 330<\/div>\n<\/td>\n<\/tr>\n<tr class=\"bg-grey-200\/50 p-2\">\n<td colspan=\"1\"><span class=\"block px-4\">Box size (l x w x h)<\/span><\/td>\n<td class=\"text-center\">\n<div class=\"px-10 md:px-20 flex items-center justify-center\">mm<\/div>\n<\/td>\n<td class=\"text-center will-change\">\n<div class=\"px-10 md:px-20 flex items-center justify-center\">235 x 210 x 340<\/div>\n<\/td>\n<\/tr>\n<tr class=\" p-2\">\n<td colspan=\"1\"><span class=\"block px-4\">Net\/gross weight<\/span><\/td>\n<td class=\"text-center\">\n<div class=\"px-10 md:px-20 flex items-center justify-center\">kg<\/div>\n<\/td>\n<td class=\"text-center will-change\">\n<div class=\"px-10 md:px-20 flex items-center justify-center\">3.7\/4.2<\/div>\n<\/td>\n<\/tr>\n<tr class=\"bg-grey-200\/50 p-2\">\n<td colspan=\"1\"><span class=\"block px-4\">Pallet<\/span><\/td>\n<td class=\"text-center\">\n<div class=\"px-10 md:px-20 flex items-center justify-center\">pcs<\/div>\n<\/td>\n<td class=\"text-center will-change\">\n<div class=\"px-10 md:px-20 flex items-center justify-center\">75<\/div>\n<\/td>\n<\/tr>\n<\/tbody>\n<\/table>\n<\/div>\n<\/div>\n<\/div>\n<\/div>\n<\/div>\n<\/section>\n<section class=\"max-w-[1088px] mx-auto w-full px-5 my-10 md:my-12 lg:my-16 xl:my-20 xl:px-0\" data-block=\"link-list\">\n<div class=\"max-w-[1088px] mx-auto\">\n<div class=\"md:text-center\">\n<h3 class=\"text-black font-bold text-lg md:text-xl lg:text-2xl\">Uy\u011fundur:<\/h3>\n<\/div>\n<div class=\"mt-6 max-w-4xl mx-auto\">\n<div class=\"flex flex-wrap md:ml-20\">\n<div class=\"w-full md:w-1\/2 auto-bullets md:pr-16\">\n<ul>\n<li class=\"flex items-center gap-5 text-sm text-black mt-3 md:text-base lg:text-lg\">K\u0259nd t\u0259s\u0259rr\u00fcfat\u0131<br \/>\nAvtomobil<br \/>\nD\u00fc\u015f\u0259rg\u0259l\u0259r v\u0259 sah\u0259 x\u0259st\u0259xanalar\u0131<br \/>\nTicar\u0259t binalar\u0131<br \/>\nTikinti<br \/>\nM\u0259lumat m\u0259rk\u0259zl\u0259ri v\u0259 telekommunikasiyalar<br \/>\nT\u0259cili yard\u0131m xidm\u0259tl\u0259ri<br \/>\nT\u0259dbirl\u0259r v\u0259 festivallar<br \/>\nS\u0259naye, fabrikl\u0259r v\u0259 istehsal<br \/>\nH\u0259rbi v\u0259 aerokosmik<br \/>\n\u0130car\u0259 \u015firk\u0259tl\u0259ri<br \/>\nN\u0259qliyyat v\u0259 logistika<br \/>\nAnbarlar v\u0259 anbarlar<\/li>\n<\/ul>\n<\/div>\n<\/div>\n<\/div>\n<\/div>\n<\/section>\n","protected":false},"excerpt":{"rendered":"<div class=\"prose md:prose-sm lg:prose-base prose-a:text-current prose-a:transition prose-a:ease-linear prose-a:duration-300\">\n<p>Elektrikli fan q\u0131zd\u0131r\u0131c\u0131lar\u0131 m\u00fcxt\u0259lif t\u0259tbiql\u0259rd\u0259 geni\u015f istifad\u0259 olunan y\u00fcks\u0259k s\u0259m\u0259r\u0259li cihazlard\u0131r. Onlar t\u0259miz, s\u00fcr\u0259tli v\u0259 t\u0259hl\u00fck\u0259siz istilik t\u0259min edir. Elektrikli q\u0131zd\u0131r\u0131c\u0131lar m\u00fcv\u0259qq\u0259ti v\u0259 ya t\u0259cili isitm\u0259 \u00fc\u00e7\u00fcn ideald\u0131r, \u00e7\u00fcnki istifad\u0259si asan v\u0259 tam portativdir. Master elektrik q\u0131zd\u0131r\u0131c\u0131lar\u0131 yaln\u0131z sertifikatla\u015fd\u0131r\u0131lm\u0131\u015f y\u00fcks\u0259k keyfiyy\u0259tli komponentl\u0259rd\u0259n istifad\u0259 edir ki, bu da onlar\u0131n etibarl\u0131l\u0131\u011f\u0131n\u0131 v\u0259 s\u0259m\u0259r\u0259liliyini t\u0259min edir.<\/p>\n<p>B\u00fct\u00fcn elektrik fanatl\u0131 hava q\u0131zd\u0131r\u0131c\u0131lar\u0131m\u0131za bax\u0131n v\u0259 ya \u00e7oxsayl\u0131 t\u0259tbiql\u0259r v\u0259 m\u00fchitl\u0259r \u00fc\u00e7\u00fcn uy\u011fun olan elektrik q\u0131zd\u0131r\u0131c\u0131lar\u0131 v\u0259 dig\u0259r kommersiya v\u0259 s\u0259naye q\u0131zd\u0131r\u0131c\u0131lar\u0131m\u0131z\u0131n tam \u00e7e\u015fidin\u0259 bax\u0131n.<\/p>\n<\/div>\n","protected":false},"featured_media":42218,"template":"","meta":[],"product_brand":[],"product_cat":[1987],"product_tag":[],"class_list":{"0":"post-42235","1":"product","2":"type-product","3":"status-publish","4":"has-post-thumbnail","6":"product_cat-qizdirici-kalorifer","8":"first","9":"instock","10":"shipping-taxable","11":"purchasable","12":"product-type-simple"},"yoast_head":"<!-- This site is optimized with the Yoast SEO plugin v27.1.1 - https:\/\/yoast.com\/product\/yoast-seo-wordpress\/ -->\n<title>Master B 2 \u2013 elektrik fanatl\u0131 hava q\u0131zd\u0131r\u0131c\u0131lar\u0131 Elektrikli hava q\u0131zd\u0131r\u0131c\u0131lar\u0131 - GeoClimate.ge<\/title>\n<meta name=\"robots\" content=\"index, follow, max-snippet:-1, max-image-preview:large, max-video-preview:-1\" \/>\n<link rel=\"canonical\" href=\"https:\/\/geoclimate.ge\/az\/product\/master-b-2-electric-fan-air-heaters-electric-fan-air-heaters\/\" \/>\n<meta property=\"og:locale\" content=\"az_AZ\" \/>\n<meta property=\"og:type\" content=\"article\" \/>\n<meta property=\"og:title\" content=\"Master B 2 \u2013 elektrik fanatl\u0131 hava q\u0131zd\u0131r\u0131c\u0131lar\u0131 Elektrikli hava q\u0131zd\u0131r\u0131c\u0131lar\u0131 - GeoClimate.ge\" \/>\n<meta property=\"og:description\" content=\"Elektrikli fan q\u0131zd\u0131r\u0131c\u0131lar\u0131 m\u00fcxt\u0259lif t\u0259tbiql\u0259rd\u0259 geni\u015f istifad\u0259 olunan y\u00fcks\u0259k s\u0259m\u0259r\u0259li cihazlard\u0131r. Onlar t\u0259miz, s\u00fcr\u0259tli v\u0259 t\u0259hl\u00fck\u0259siz istilik t\u0259min edir. Elektrikli q\u0131zd\u0131r\u0131c\u0131lar m\u00fcv\u0259qq\u0259ti v\u0259 ya t\u0259cili isitm\u0259 \u00fc\u00e7\u00fcn ideald\u0131r, \u00e7\u00fcnki istifad\u0259si asan v\u0259 tam portativdir. Master elektrik q\u0131zd\u0131r\u0131c\u0131lar\u0131 yaln\u0131z sertifikatla\u015fd\u0131r\u0131lm\u0131\u015f y\u00fcks\u0259k keyfiyy\u0259tli komponentl\u0259rd\u0259n istifad\u0259 edir ki, bu da onlar\u0131n etibarl\u0131l\u0131\u011f\u0131n\u0131 v\u0259 s\u0259m\u0259r\u0259liliyini t\u0259min edir.  B\u00fct\u00fcn elektrik fanatl\u0131 hava q\u0131zd\u0131r\u0131c\u0131lar\u0131m\u0131za bax\u0131n v\u0259 ya \u00e7oxsayl\u0131 t\u0259tbiql\u0259r v\u0259 m\u00fchitl\u0259r \u00fc\u00e7\u00fcn uy\u011fun olan elektrik q\u0131zd\u0131r\u0131c\u0131lar\u0131 v\u0259 dig\u0259r kommersiya v\u0259 s\u0259naye q\u0131zd\u0131r\u0131c\u0131lar\u0131m\u0131z\u0131n tam \u00e7e\u015fidin\u0259 bax\u0131n.\" \/>\n<meta property=\"og:url\" content=\"https:\/\/geoclimate.ge\/az\/product\/master-b-2-electric-fan-air-heaters-electric-fan-air-heaters\/\" \/>\n<meta property=\"og:site_name\" content=\"GeoClimate.ge\" \/>\n<meta property=\"article:modified_time\" content=\"2025-10-04T10:58:26+00:00\" \/>\n<meta property=\"og:image\" content=\"https:\/\/geoclimate.ge\/wp-content\/uploads\/2025\/10\/Master-B-2.jpg\" \/>\n\t<meta property=\"og:image:width\" content=\"1000\" \/>\n\t<meta property=\"og:image:height\" content=\"1000\" \/>\n\t<meta property=\"og:image:type\" content=\"image\/jpeg\" \/>\n<meta name=\"twitter:card\" content=\"summary_large_image\" \/>\n<meta name=\"twitter:label1\" content=\"Est. reading time\" \/>\n\t<meta name=\"twitter:data1\" content=\"1 minute\" \/>\n<script type=\"application\/ld+json\" class=\"yoast-schema-graph\">{\"@context\":\"https:\/\/schema.org\",\"@graph\":[{\"@type\":\"WebPage\",\"@id\":\"https:\/\/geoclimate.ge\/az\/product\/master-b-2-electric-fan-air-heaters-electric-fan-air-heaters\/\",\"url\":\"https:\/\/geoclimate.ge\/az\/product\/master-b-2-electric-fan-air-heaters-electric-fan-air-heaters\/\",\"name\":\"Master B 2 \u2013 elektrik fanatl\u0131 hava q\u0131zd\u0131r\u0131c\u0131lar\u0131 Elektrikli hava q\u0131zd\u0131r\u0131c\u0131lar\u0131 - GeoClimate.ge\",\"isPartOf\":{\"@id\":\"https:\/\/geoclimate.ge\/#website\"},\"primaryImageOfPage\":{\"@id\":\"https:\/\/geoclimate.ge\/az\/product\/master-b-2-electric-fan-air-heaters-electric-fan-air-heaters\/#primaryimage\"},\"image\":{\"@id\":\"https:\/\/geoclimate.ge\/az\/product\/master-b-2-electric-fan-air-heaters-electric-fan-air-heaters\/#primaryimage\"},\"thumbnailUrl\":\"https:\/\/geoclimate.ge\/wp-content\/uploads\/2025\/10\/Master-B-2.jpg\",\"datePublished\":\"2025-10-04T10:51:31+00:00\",\"dateModified\":\"2025-10-04T10:58:26+00:00\",\"breadcrumb\":{\"@id\":\"https:\/\/geoclimate.ge\/az\/product\/master-b-2-electric-fan-air-heaters-electric-fan-air-heaters\/#breadcrumb\"},\"inLanguage\":\"az\",\"potentialAction\":[{\"@type\":\"ReadAction\",\"target\":[\"https:\/\/geoclimate.ge\/az\/product\/master-b-2-electric-fan-air-heaters-electric-fan-air-heaters\/\"]}]},{\"@type\":\"ImageObject\",\"inLanguage\":\"az\",\"@id\":\"https:\/\/geoclimate.ge\/az\/product\/master-b-2-electric-fan-air-heaters-electric-fan-air-heaters\/#primaryimage\",\"url\":\"https:\/\/geoclimate.ge\/wp-content\/uploads\/2025\/10\/Master-B-2.jpg\",\"contentUrl\":\"https:\/\/geoclimate.ge\/wp-content\/uploads\/2025\/10\/Master-B-2.jpg\",\"width\":1000,\"height\":1000},{\"@type\":\"BreadcrumbList\",\"@id\":\"https:\/\/geoclimate.ge\/az\/product\/master-b-2-electric-fan-air-heaters-electric-fan-air-heaters\/#breadcrumb\",\"itemListElement\":[{\"@type\":\"ListItem\",\"position\":1,\"name\":\"Home\",\"item\":\"https:\/\/geoclimate.ge\/az\/\"},{\"@type\":\"ListItem\",\"position\":2,\"name\":\"M\u0259hsullar\",\"item\":\"https:\/\/geoclimate.ge\/az\/products\/\"},{\"@type\":\"ListItem\",\"position\":3,\"name\":\"Master B 2 \u2013 elektrik fanatl\u0131 hava q\u0131zd\u0131r\u0131c\u0131lar\u0131 Elektrikli hava q\u0131zd\u0131r\u0131c\u0131lar\u0131\"}]},{\"@type\":\"WebSite\",\"@id\":\"https:\/\/geoclimate.ge\/#website\",\"url\":\"https:\/\/geoclimate.ge\/\",\"name\":\"GeoClimate\",\"description\":\"\",\"publisher\":{\"@id\":\"https:\/\/geoclimate.ge\/#organization\"},\"potentialAction\":[{\"@type\":\"SearchAction\",\"target\":{\"@type\":\"EntryPoint\",\"urlTemplate\":\"https:\/\/geoclimate.ge\/?s={search_term_string}\"},\"query-input\":{\"@type\":\"PropertyValueSpecification\",\"valueRequired\":true,\"valueName\":\"search_term_string\"}}],\"inLanguage\":\"az\"},{\"@type\":\"Organization\",\"@id\":\"https:\/\/geoclimate.ge\/#organization\",\"name\":\"GeoClimate\",\"url\":\"https:\/\/geoclimate.ge\/\",\"logo\":{\"@type\":\"ImageObject\",\"inLanguage\":\"az\",\"@id\":\"https:\/\/geoclimate.ge\/#\/schema\/logo\/image\/\",\"url\":\"https:\/\/geoclimate.ge\/wp-content\/uploads\/2026\/03\/geoclimate-SEO.png\",\"contentUrl\":\"https:\/\/geoclimate.ge\/wp-content\/uploads\/2026\/03\/geoclimate-SEO.png\",\"width\":1536,\"height\":1024,\"caption\":\"GeoClimate\"},\"image\":{\"@id\":\"https:\/\/geoclimate.ge\/#\/schema\/logo\/image\/\"}}]}<\/script>\n<!-- \/ Yoast SEO plugin. -->","yoast_head_json":{"title":"Master B 2 \u2013 elektrik fanatl\u0131 hava q\u0131zd\u0131r\u0131c\u0131lar\u0131 Elektrikli hava q\u0131zd\u0131r\u0131c\u0131lar\u0131 - GeoClimate.ge","robots":{"index":"index","follow":"follow","max-snippet":"max-snippet:-1","max-image-preview":"max-image-preview:large","max-video-preview":"max-video-preview:-1"},"canonical":"https:\/\/geoclimate.ge\/az\/product\/master-b-2-electric-fan-air-heaters-electric-fan-air-heaters\/","og_locale":"az_AZ","og_type":"article","og_title":"Master B 2 \u2013 elektrik fanatl\u0131 hava q\u0131zd\u0131r\u0131c\u0131lar\u0131 Elektrikli hava q\u0131zd\u0131r\u0131c\u0131lar\u0131 - GeoClimate.ge","og_description":"Elektrikli fan q\u0131zd\u0131r\u0131c\u0131lar\u0131 m\u00fcxt\u0259lif t\u0259tbiql\u0259rd\u0259 geni\u015f istifad\u0259 olunan y\u00fcks\u0259k s\u0259m\u0259r\u0259li cihazlard\u0131r. Onlar t\u0259miz, s\u00fcr\u0259tli v\u0259 t\u0259hl\u00fck\u0259siz istilik t\u0259min edir. Elektrikli q\u0131zd\u0131r\u0131c\u0131lar m\u00fcv\u0259qq\u0259ti v\u0259 ya t\u0259cili isitm\u0259 \u00fc\u00e7\u00fcn ideald\u0131r, \u00e7\u00fcnki istifad\u0259si asan v\u0259 tam portativdir. Master elektrik q\u0131zd\u0131r\u0131c\u0131lar\u0131 yaln\u0131z sertifikatla\u015fd\u0131r\u0131lm\u0131\u015f y\u00fcks\u0259k keyfiyy\u0259tli komponentl\u0259rd\u0259n istifad\u0259 edir ki, bu da onlar\u0131n etibarl\u0131l\u0131\u011f\u0131n\u0131 v\u0259 s\u0259m\u0259r\u0259liliyini t\u0259min edir.  B\u00fct\u00fcn elektrik fanatl\u0131 hava q\u0131zd\u0131r\u0131c\u0131lar\u0131m\u0131za bax\u0131n v\u0259 ya \u00e7oxsayl\u0131 t\u0259tbiql\u0259r v\u0259 m\u00fchitl\u0259r \u00fc\u00e7\u00fcn uy\u011fun olan elektrik q\u0131zd\u0131r\u0131c\u0131lar\u0131 v\u0259 dig\u0259r kommersiya v\u0259 s\u0259naye q\u0131zd\u0131r\u0131c\u0131lar\u0131m\u0131z\u0131n tam \u00e7e\u015fidin\u0259 bax\u0131n.","og_url":"https:\/\/geoclimate.ge\/az\/product\/master-b-2-electric-fan-air-heaters-electric-fan-air-heaters\/","og_site_name":"GeoClimate.ge","article_modified_time":"2025-10-04T10:58:26+00:00","og_image":[{"width":1000,"height":1000,"url":"https:\/\/geoclimate.ge\/wp-content\/uploads\/2025\/10\/Master-B-2.jpg","type":"image\/jpeg"}],"twitter_card":"summary_large_image","twitter_misc":{"Est. reading time":"1 minute"},"schema":{"@context":"https:\/\/schema.org","@graph":[{"@type":"WebPage","@id":"https:\/\/geoclimate.ge\/az\/product\/master-b-2-electric-fan-air-heaters-electric-fan-air-heaters\/","url":"https:\/\/geoclimate.ge\/az\/product\/master-b-2-electric-fan-air-heaters-electric-fan-air-heaters\/","name":"Master B 2 \u2013 elektrik fanatl\u0131 hava q\u0131zd\u0131r\u0131c\u0131lar\u0131 Elektrikli hava q\u0131zd\u0131r\u0131c\u0131lar\u0131 - GeoClimate.ge","isPartOf":{"@id":"https:\/\/geoclimate.ge\/#website"},"primaryImageOfPage":{"@id":"https:\/\/geoclimate.ge\/az\/product\/master-b-2-electric-fan-air-heaters-electric-fan-air-heaters\/#primaryimage"},"image":{"@id":"https:\/\/geoclimate.ge\/az\/product\/master-b-2-electric-fan-air-heaters-electric-fan-air-heaters\/#primaryimage"},"thumbnailUrl":"https:\/\/geoclimate.ge\/wp-content\/uploads\/2025\/10\/Master-B-2.jpg","datePublished":"2025-10-04T10:51:31+00:00","dateModified":"2025-10-04T10:58:26+00:00","breadcrumb":{"@id":"https:\/\/geoclimate.ge\/az\/product\/master-b-2-electric-fan-air-heaters-electric-fan-air-heaters\/#breadcrumb"},"inLanguage":"az","potentialAction":[{"@type":"ReadAction","target":["https:\/\/geoclimate.ge\/az\/product\/master-b-2-electric-fan-air-heaters-electric-fan-air-heaters\/"]}]},{"@type":"ImageObject","inLanguage":"az","@id":"https:\/\/geoclimate.ge\/az\/product\/master-b-2-electric-fan-air-heaters-electric-fan-air-heaters\/#primaryimage","url":"https:\/\/geoclimate.ge\/wp-content\/uploads\/2025\/10\/Master-B-2.jpg","contentUrl":"https:\/\/geoclimate.ge\/wp-content\/uploads\/2025\/10\/Master-B-2.jpg","width":1000,"height":1000},{"@type":"BreadcrumbList","@id":"https:\/\/geoclimate.ge\/az\/product\/master-b-2-electric-fan-air-heaters-electric-fan-air-heaters\/#breadcrumb","itemListElement":[{"@type":"ListItem","position":1,"name":"Home","item":"https:\/\/geoclimate.ge\/az\/"},{"@type":"ListItem","position":2,"name":"M\u0259hsullar","item":"https:\/\/geoclimate.ge\/az\/products\/"},{"@type":"ListItem","position":3,"name":"Master B 2 \u2013 elektrik fanatl\u0131 hava q\u0131zd\u0131r\u0131c\u0131lar\u0131 Elektrikli hava q\u0131zd\u0131r\u0131c\u0131lar\u0131"}]},{"@type":"WebSite","@id":"https:\/\/geoclimate.ge\/#website","url":"https:\/\/geoclimate.ge\/","name":"GeoClimate","description":"","publisher":{"@id":"https:\/\/geoclimate.ge\/#organization"},"potentialAction":[{"@type":"SearchAction","target":{"@type":"EntryPoint","urlTemplate":"https:\/\/geoclimate.ge\/?s={search_term_string}"},"query-input":{"@type":"PropertyValueSpecification","valueRequired":true,"valueName":"search_term_string"}}],"inLanguage":"az"},{"@type":"Organization","@id":"https:\/\/geoclimate.ge\/#organization","name":"GeoClimate","url":"https:\/\/geoclimate.ge\/","logo":{"@type":"ImageObject","inLanguage":"az","@id":"https:\/\/geoclimate.ge\/#\/schema\/logo\/image\/","url":"https:\/\/geoclimate.ge\/wp-content\/uploads\/2026\/03\/geoclimate-SEO.png","contentUrl":"https:\/\/geoclimate.ge\/wp-content\/uploads\/2026\/03\/geoclimate-SEO.png","width":1536,"height":1024,"caption":"GeoClimate"},"image":{"@id":"https:\/\/geoclimate.ge\/#\/schema\/logo\/image\/"}}]}},"_links":{"self":[{"href":"https:\/\/geoclimate.ge\/az\/wp-json\/wp\/v2\/product\/42235","targetHints":{"allow":["GET"]}}],"collection":[{"href":"https:\/\/geoclimate.ge\/az\/wp-json\/wp\/v2\/product"}],"about":[{"href":"https:\/\/geoclimate.ge\/az\/wp-json\/wp\/v2\/types\/product"}],"wp:featuredmedia":[{"embeddable":true,"href":"https:\/\/geoclimate.ge\/az\/wp-json\/wp\/v2\/media\/42218"}],"wp:attachment":[{"href":"https:\/\/geoclimate.ge\/az\/wp-json\/wp\/v2\/media?parent=42235"}],"wp:term":[{"taxonomy":"product_brand","embeddable":true,"href":"https:\/\/geoclimate.ge\/az\/wp-json\/wp\/v2\/product_brand?post=42235"},{"taxonomy":"product_cat","embeddable":true,"href":"https:\/\/geoclimate.ge\/az\/wp-json\/wp\/v2\/product_cat?post=42235"},{"taxonomy":"product_tag","embeddable":true,"href":"https:\/\/geoclimate.ge\/az\/wp-json\/wp\/v2\/product_tag?post=42235"}],"curies":[{"name":"wp","href":"https:\/\/api.w.org\/{rel}","templated":true}]}}