{"id":42382,"date":"2025-10-05T13:45:39","date_gmt":"2025-10-05T09:45:39","guid":{"rendered":"https:\/\/airsystems.ge\/shop\/product\/master-b-150-direct-oil-fired-heaters-direct-oil-fired-heaters-low-pressure\/"},"modified":"2025-10-05T13:49:20","modified_gmt":"2025-10-05T09:49:20","slug":"master-b-150-direct-oil-fired-heaters-direct-oil-fired-heaters-low-pressure","status":"publish","type":"product","link":"https:\/\/geoclimate.ge\/az\/product\/master-b-150-direct-oil-fired-heaters-direct-oil-fired-heaters-low-pressure\/","title":{"rendered":"Master B 150 \u2013 birba\u015fa ya\u011fla i\u015fl\u0259y\u0259n q\u0131zd\u0131r\u0131c\u0131lar Birba\u015fa ya\u011fla i\u015fl\u0259y\u0259n q\u0131zd\u0131r\u0131c\u0131lar &#8211; a\u015fa\u011f\u0131 t\u0259zyiq"},"content":{"rendered":"<section class=\"max-w-[1088px] mx-auto w-full px-5 my-10 md:my-12 lg:my-16 xl:my-20 xl:px-0\" data-block=\"bullet-list\">\n<div class=\"md:text-center\">\n<h3 class=\"text-black font-bold text-lg md:text-xl lg:text-2xl\">\u018fsas x\u00fcsusiyy\u0259tl\u0259r<\/h3>\n<\/div>\n<div class=\"mt-6 md:mt-10\">\n<div class=\"flex flex-wrap\">\n<div class=\"w-full md:w-1\/2 auto-bullets md:pr-16\">\n<ul>\n<li class=\"text-sm md:text-base text-black mt-3 flex items-start\">\n<div class=\"pl-5\">\n<p>A\u015fa\u011f\u0131 t\u0259zyiqli q\u0131zd\u0131r\u0131c\u0131lar<br \/>\nY\u00fcks\u0259k hava ax\u0131n\u0131<br \/>\n\u0130ki ya\u011f filtri &#8211; ya\u011f \u00e7\u0259ni filtri v\u0259 emi\u015f filtri<br \/>\nTermal qorunan motor<br \/>\nFotosell\u0259 elektron alov n\u0259zar\u0259ti<br \/>\nPaslanmayan polad yanma kameras\u0131<br \/>\nTrolley daxildir<br \/>\nS\u0259viyy\u0259 g\u00f6st\u0259ricisi olan ya\u011f \u00e7\u0259ni<br \/>\nAsan idar\u0259 v\u0259 da\u015f\u0131nmas\u0131 \u00fc\u00e7\u00fcn n\u0259z\u0259rd\u0259 tutulmu\u015fdur<br \/>\nAsan t\u0259mir<br \/>\nBu q\u0131zd\u0131r\u0131c\u0131lar yand\u0131ra bil\u0259r: bioyanacaq HVO 100, dizel v\u0259 ya kerosin<\/p>\n<\/div>\n<\/li>\n<\/ul>\n<\/div>\n<\/div>\n<\/div>\n<\/section>\n<section class=\"max-w-[1088px] mx-auto w-full px-5 my-10 md:my-12 lg:my-16 xl:my-20 xl:px-0\" data-block=\"product-specifications\">\n<div class=\"md:text-center\">\n<h3 class=\"text-black font-bold text-lg md:text-xl lg:text-2xl\"><strong>Product specifications<\/strong><\/h3>\n<\/div>\n<div class=\" md:mt-10\">\n<div class=\"\">\n<div class=\"lg:mt-0 \">\n<div id=\"spec-b-150\" class=\"prose max-w-full md:overflow-auto\" data-spec-content=\"\">\n<div class=\"spreadsheet-container hidden md:block\">\n<table class=\"w-full table-fixed mb-0\">\n<thead>\n<tr>\n<th class=\"font-bold text-base\"><span class=\"block px-4\">Specifications<\/span><\/th>\n<th class=\"font-bold text-base text-center\"><span class=\"block px-10 md:px-20\">Units<\/span><\/th>\n<th class=\"font-bold text-base text-center will-change\"><span class=\"block px-4\">B\u00a0150<\/span><\/th>\n<\/tr>\n<\/thead>\n<tbody>\n<tr class=\"bg-grey-200\/50 p-2\">\n<td colspan=\"1\"><span class=\"block px-4\">Heating power<\/span><\/td>\n<td class=\"text-center\">\n<div class=\"px-10 md:px-20 flex items-center justify-center\">kW<\/div>\n<\/td>\n<td class=\"text-center will-change\">\n<div class=\"px-10 md:px-20 flex items-center justify-center\">44<\/div>\n<\/td>\n<\/tr>\n<tr class=\" p-2\">\n<td colspan=\"1\"><span class=\"block px-4\">Heating power<\/span><\/td>\n<td class=\"text-center\">\n<div class=\"px-10 md:px-20 flex items-center justify-center\">Btu\/h<\/div>\n<\/td>\n<td class=\"text-center will-change\">\n<div class=\"px-10 md:px-20 flex items-center justify-center\">150,500<\/div>\n<\/td>\n<\/tr>\n<tr class=\"bg-grey-200\/50 p-2\">\n<td colspan=\"1\"><span class=\"block px-4\">Heating power<\/span><\/td>\n<td class=\"text-center\">\n<div class=\"px-10 md:px-20 flex items-center justify-center\">kcal\/h<\/div>\n<\/td>\n<td class=\"text-center will-change\">\n<div class=\"px-10 md:px-20 flex items-center justify-center\">37,900<\/div>\n<\/td>\n<\/tr>\n<tr class=\" p-2\">\n<td colspan=\"1\"><span class=\"block px-4\">Air flow<\/span><\/td>\n<td class=\"text-center\">\n<div class=\"px-10 md:px-20 flex items-center justify-center\">m\u00b3\/h<\/div>\n<\/td>\n<td class=\"text-center will-change\">\n<div class=\"px-10 md:px-20 flex items-center justify-center\">900<\/div>\n<\/td>\n<\/tr>\n<tr class=\"bg-grey-200\/50 p-2\">\n<td colspan=\"1\"><span class=\"block px-4\">Fuel autonomy<\/span><\/td>\n<td class=\"text-center\">\n<div class=\"px-10 md:px-20 flex items-center justify-center\">h<\/div>\n<\/td>\n<td class=\"text-center will-change\">\n<div class=\"px-10 md:px-20 flex items-center justify-center\">10<\/div>\n<\/td>\n<\/tr>\n<tr class=\" p-2\">\n<td colspan=\"1\"><span class=\"block px-4\">Thermostat control<\/span><\/td>\n<td class=\"text-center\">\n<div class=\"px-10 md:px-20 flex items-center justify-center\"><\/div>\n<\/td>\n<td class=\"text-center will-change\">\n<div class=\"px-10 md:px-20 flex items-center justify-center\">Analogue or digital<\/div>\n<\/td>\n<\/tr>\n<tr class=\"bg-grey-200\/50 p-2\">\n<td colspan=\"1\"><span class=\"block px-4\">Fuel consumption<\/span><\/td>\n<td class=\"text-center\">\n<div class=\"px-10 md:px-20 flex items-center justify-center\">l\/h<\/div>\n<\/td>\n<td class=\"text-center will-change\">\n<div class=\"px-10 md:px-20 flex items-center justify-center\">4.2<\/div>\n<\/td>\n<\/tr>\n<tr class=\" p-2\">\n<td colspan=\"1\"><span class=\"block px-4\">Power supply<\/span><\/td>\n<td class=\"text-center\">\n<div class=\"px-10 md:px-20 flex items-center justify-center\">V\/Hz<\/div>\n<\/td>\n<td class=\"text-center will-change\">\n<div class=\"px-10 md:px-20 flex items-center justify-center\">220\/240\/50-60<\/div>\n<\/td>\n<\/tr>\n<tr class=\"bg-grey-200\/50 p-2\">\n<td colspan=\"1\"><span class=\"block px-4\">Electric power<\/span><\/td>\n<td class=\"text-center\">\n<div class=\"px-10 md:px-20 flex items-center justify-center\">kW<\/div>\n<\/td>\n<td class=\"text-center will-change\">\n<div class=\"px-10 md:px-20 flex items-center justify-center\">0.28<\/div>\n<\/td>\n<\/tr>\n<tr class=\" p-2\">\n<td colspan=\"1\"><span class=\"block px-4\">Rated current<\/span><\/td>\n<td class=\"text-center\">\n<div class=\"px-10 md:px-20 flex items-center justify-center\">A<\/div>\n<\/td>\n<td class=\"text-center will-change\">\n<div class=\"px-10 md:px-20 flex items-center justify-center\">1.2<\/div>\n<\/td>\n<\/tr>\n<tr class=\"bg-grey-200\/50 p-2\">\n<td colspan=\"1\"><span class=\"block px-4\">Protection<\/span><\/td>\n<td class=\"text-center\">\n<div class=\"px-10 md:px-20 flex items-center justify-center\"><\/div>\n<\/td>\n<td class=\"text-center will-change\">\n<div class=\"px-10 md:px-20 flex items-center justify-center\">IP41<\/div>\n<\/td>\n<\/tr>\n<tr class=\" p-2\">\n<td colspan=\"1\"><span class=\"block px-4\">Tank capacity<\/span><\/td>\n<td class=\"text-center\">\n<div class=\"px-10 md:px-20 flex items-center justify-center\">l<\/div>\n<\/td>\n<td class=\"text-center will-change\">\n<div class=\"px-10 md:px-20 flex items-center justify-center\">44<\/div>\n<\/td>\n<\/tr>\n<tr class=\"bg-grey-200\/50 p-2\">\n<td colspan=\"1\"><span class=\"block px-4\">Product size (l x w x h)<\/span><\/td>\n<td class=\"text-center\">\n<div class=\"px-10 md:px-20 flex items-center justify-center\">mm<\/div>\n<\/td>\n<td class=\"text-center will-change\">\n<div class=\"px-10 md:px-20 flex items-center justify-center\">1075 x 600 x 480<\/div>\n<\/td>\n<\/tr>\n<tr class=\" p-2\">\n<td colspan=\"1\"><span class=\"block px-4\">Box size (l x w x h)<\/span><\/td>\n<td class=\"text-center\">\n<div class=\"px-10 md:px-20 flex items-center justify-center\">mm<\/div>\n<\/td>\n<td class=\"text-center will-change\">\n<div class=\"px-10 md:px-20 flex items-center justify-center\">1110 x 400 x 450<\/div>\n<\/td>\n<\/tr>\n<tr class=\"bg-grey-200\/50 p-2\">\n<td colspan=\"1\"><span class=\"block px-4\">Net\/gross weight<\/span><\/td>\n<td class=\"text-center\">\n<div class=\"px-10 md:px-20 flex items-center justify-center\">kg<\/div>\n<\/td>\n<td class=\"text-center will-change\">\n<div class=\"px-10 md:px-20 flex items-center justify-center\">25\/28<\/div>\n<\/td>\n<\/tr>\n<tr class=\" p-2\">\n<td colspan=\"1\"><span class=\"block px-4\">Pallet<\/span><\/td>\n<td class=\"text-center\">\n<div class=\"px-10 md:px-20 flex items-center justify-center\">pcs<\/div>\n<\/td>\n<td class=\"text-center will-change\">\n<div class=\"px-10 md:px-20 flex items-center justify-center\">10<\/div>\n<\/td>\n<\/tr>\n<tr class=\"bg-grey-200\/50 p-2\">\n<td colspan=\"1\"><span class=\"block px-4\">Dual voltage<\/span><\/td>\n<td class=\"text-center\">\n<div class=\"px-10 md:px-20 flex items-center justify-center\"><\/div>\n<\/td>\n<td class=\"text-center will-change\">\n<div class=\"px-10 md:px-20 flex items-center justify-center\">Available<\/div>\n<\/td>\n<\/tr>\n<\/tbody>\n<\/table>\n<\/div>\n<\/div>\n<\/div>\n<\/div>\n<\/div>\n<\/section>\n<section class=\"max-w-[1088px] mx-auto w-full px-5 my-10 md:my-12 lg:my-16 xl:my-20 xl:px-0\" data-block=\"link-list\">\n<div class=\"max-w-[1088px] mx-auto\">\n<div class=\"md:text-center\">\n<h3 class=\"text-black font-bold text-lg md:text-xl lg:text-2xl\">Uy\u011fundur:<\/h3>\n<\/div>\n<div class=\"mt-6 max-w-4xl mx-auto\">\n<div class=\"flex flex-wrap md:ml-20\">\n<div class=\"w-full md:w-1\/2 auto-bullets md:pr-16\">\n<ul>\n<li class=\"flex items-center gap-5 text-sm text-black mt-3 md:text-base lg:text-lg\">K\u0259nd t\u0259s\u0259rr\u00fcfat\u0131<br \/>\nAvtomobil<br \/>\nTicar\u0259t binalar\u0131<br \/>\nTikinti<br \/>\nS\u0259naye, fabrikl\u0259r v\u0259 istehsal<br \/>\nH\u0259rbi v\u0259 aerokosmik<br \/>\n\u0130car\u0259 \u015firk\u0259tl\u0259ri<br \/>\nAnbarlar v\u0259 anbarlar<\/li>\n<\/ul>\n<\/div>\n<\/div>\n<\/div>\n<\/div>\n<\/section>\n","protected":false},"excerpt":{"rendered":"<p>Birba\u015fa ya\u011f q\u0131zd\u0131r\u0131c\u0131lar\u0131 t\u0259l\u0259b olunan yerl\u0259rd\u0259 b\u00f6y\u00fck h\u0259cmd\u0259 ani istilik t\u0259min ed\u0259n y\u00fcks\u0259k s\u0259m\u0259r\u0259li cihazlard\u0131r. Onlar fabrikl\u0259r, anbarlar v\u0259 ya tikinti sah\u0259l\u0259ri kimi a\u00e7\u0131q v\u0259 ya yax\u015f\u0131 havaland\u0131r\u0131lan sah\u0259l\u0259r \u00fc\u00e7\u00fcn ideald\u0131r. Master birba\u015fa q\u0131zd\u0131r\u0131c\u0131lar\u0131 s\u0259m\u0259r\u0259liliyi, m\u00f6hk\u0259mliyi, istifad\u0259si asanl\u0131\u011f\u0131 v\u0259 \u0259m\u0259liyyat t\u0259hl\u00fck\u0259sizliyi il\u0259 tan\u0131n\u0131r.<\/p>\n<p>B\u00fct\u00fcn birba\u015fa ya\u011fla i\u015fl\u0259y\u0259n hava q\u0131zd\u0131r\u0131c\u0131lar\u0131m\u0131za bax\u0131n v\u0259 ya \u00e7oxsayl\u0131 t\u0259tbiql\u0259r v\u0259 m\u00fchitl\u0259r \u00fc\u00e7\u00fcn uy\u011fun olan b\u00fct\u00fcn q\u0131zd\u0131r\u0131c\u0131lar\u0131m\u0131za bax\u0131n.<\/p>\n","protected":false},"featured_media":42305,"template":"","meta":[],"product_brand":[],"product_cat":[1987],"product_tag":[],"class_list":{"0":"post-42382","1":"product","2":"type-product","3":"status-publish","4":"has-post-thumbnail","6":"product_cat-qizdirici-kalorifer","8":"first","9":"instock","10":"shipping-taxable","11":"purchasable","12":"product-type-simple"},"yoast_head":"<!-- This site is optimized with the Yoast SEO plugin v27.1.1 - https:\/\/yoast.com\/product\/yoast-seo-wordpress\/ -->\n<title>Master B 150 \u2013 birba\u015fa ya\u011fla i\u015fl\u0259y\u0259n q\u0131zd\u0131r\u0131c\u0131lar Birba\u015fa ya\u011fla i\u015fl\u0259y\u0259n q\u0131zd\u0131r\u0131c\u0131lar - a\u015fa\u011f\u0131 t\u0259zyiq - GeoClimate.ge<\/title>\n<meta name=\"robots\" content=\"index, follow, max-snippet:-1, max-image-preview:large, max-video-preview:-1\" \/>\n<link rel=\"canonical\" href=\"https:\/\/geoclimate.ge\/az\/product\/master-b-150-direct-oil-fired-heaters-direct-oil-fired-heaters-low-pressure\/\" \/>\n<meta property=\"og:locale\" content=\"az_AZ\" \/>\n<meta property=\"og:type\" content=\"article\" \/>\n<meta property=\"og:title\" content=\"Master B 150 \u2013 birba\u015fa ya\u011fla i\u015fl\u0259y\u0259n q\u0131zd\u0131r\u0131c\u0131lar Birba\u015fa ya\u011fla i\u015fl\u0259y\u0259n q\u0131zd\u0131r\u0131c\u0131lar - a\u015fa\u011f\u0131 t\u0259zyiq - GeoClimate.ge\" \/>\n<meta property=\"og:description\" content=\"Birba\u015fa ya\u011f q\u0131zd\u0131r\u0131c\u0131lar\u0131 t\u0259l\u0259b olunan yerl\u0259rd\u0259 b\u00f6y\u00fck h\u0259cmd\u0259 ani istilik t\u0259min ed\u0259n y\u00fcks\u0259k s\u0259m\u0259r\u0259li cihazlard\u0131r. Onlar fabrikl\u0259r, anbarlar v\u0259 ya tikinti sah\u0259l\u0259ri kimi a\u00e7\u0131q v\u0259 ya yax\u015f\u0131 havaland\u0131r\u0131lan sah\u0259l\u0259r \u00fc\u00e7\u00fcn ideald\u0131r. Master birba\u015fa q\u0131zd\u0131r\u0131c\u0131lar\u0131 s\u0259m\u0259r\u0259liliyi, m\u00f6hk\u0259mliyi, istifad\u0259si asanl\u0131\u011f\u0131 v\u0259 \u0259m\u0259liyyat t\u0259hl\u00fck\u0259sizliyi il\u0259 tan\u0131n\u0131r.  B\u00fct\u00fcn birba\u015fa ya\u011fla i\u015fl\u0259y\u0259n hava q\u0131zd\u0131r\u0131c\u0131lar\u0131m\u0131za bax\u0131n v\u0259 ya \u00e7oxsayl\u0131 t\u0259tbiql\u0259r v\u0259 m\u00fchitl\u0259r \u00fc\u00e7\u00fcn uy\u011fun olan b\u00fct\u00fcn q\u0131zd\u0131r\u0131c\u0131lar\u0131m\u0131za bax\u0131n.\" \/>\n<meta property=\"og:url\" content=\"https:\/\/geoclimate.ge\/az\/product\/master-b-150-direct-oil-fired-heaters-direct-oil-fired-heaters-low-pressure\/\" \/>\n<meta property=\"og:site_name\" content=\"GeoClimate.ge\" \/>\n<meta property=\"article:modified_time\" content=\"2025-10-05T09:49:20+00:00\" \/>\n<meta property=\"og:image\" content=\"https:\/\/geoclimate.ge\/wp-content\/uploads\/2025\/10\/MASTER-B-150-main-left-web.jpg\" \/>\n\t<meta property=\"og:image:width\" content=\"1000\" \/>\n\t<meta property=\"og:image:height\" content=\"1000\" \/>\n\t<meta property=\"og:image:type\" content=\"image\/jpeg\" \/>\n<meta name=\"twitter:card\" content=\"summary_large_image\" \/>\n<meta name=\"twitter:label1\" content=\"Est. reading time\" \/>\n\t<meta name=\"twitter:data1\" content=\"1 minute\" \/>\n<script type=\"application\/ld+json\" class=\"yoast-schema-graph\">{\"@context\":\"https:\/\/schema.org\",\"@graph\":[{\"@type\":\"WebPage\",\"@id\":\"https:\/\/geoclimate.ge\/az\/product\/master-b-150-direct-oil-fired-heaters-direct-oil-fired-heaters-low-pressure\/\",\"url\":\"https:\/\/geoclimate.ge\/az\/product\/master-b-150-direct-oil-fired-heaters-direct-oil-fired-heaters-low-pressure\/\",\"name\":\"Master B 150 \u2013 birba\u015fa ya\u011fla i\u015fl\u0259y\u0259n q\u0131zd\u0131r\u0131c\u0131lar Birba\u015fa ya\u011fla i\u015fl\u0259y\u0259n q\u0131zd\u0131r\u0131c\u0131lar - a\u015fa\u011f\u0131 t\u0259zyiq - GeoClimate.ge\",\"isPartOf\":{\"@id\":\"https:\/\/geoclimate.ge\/#website\"},\"primaryImageOfPage\":{\"@id\":\"https:\/\/geoclimate.ge\/az\/product\/master-b-150-direct-oil-fired-heaters-direct-oil-fired-heaters-low-pressure\/#primaryimage\"},\"image\":{\"@id\":\"https:\/\/geoclimate.ge\/az\/product\/master-b-150-direct-oil-fired-heaters-direct-oil-fired-heaters-low-pressure\/#primaryimage\"},\"thumbnailUrl\":\"https:\/\/geoclimate.ge\/wp-content\/uploads\/2025\/10\/MASTER-B-150-main-left-web.jpg\",\"datePublished\":\"2025-10-05T09:45:39+00:00\",\"dateModified\":\"2025-10-05T09:49:20+00:00\",\"breadcrumb\":{\"@id\":\"https:\/\/geoclimate.ge\/az\/product\/master-b-150-direct-oil-fired-heaters-direct-oil-fired-heaters-low-pressure\/#breadcrumb\"},\"inLanguage\":\"az\",\"potentialAction\":[{\"@type\":\"ReadAction\",\"target\":[\"https:\/\/geoclimate.ge\/az\/product\/master-b-150-direct-oil-fired-heaters-direct-oil-fired-heaters-low-pressure\/\"]}]},{\"@type\":\"ImageObject\",\"inLanguage\":\"az\",\"@id\":\"https:\/\/geoclimate.ge\/az\/product\/master-b-150-direct-oil-fired-heaters-direct-oil-fired-heaters-low-pressure\/#primaryimage\",\"url\":\"https:\/\/geoclimate.ge\/wp-content\/uploads\/2025\/10\/MASTER-B-150-main-left-web.jpg\",\"contentUrl\":\"https:\/\/geoclimate.ge\/wp-content\/uploads\/2025\/10\/MASTER-B-150-main-left-web.jpg\",\"width\":1000,\"height\":1000},{\"@type\":\"BreadcrumbList\",\"@id\":\"https:\/\/geoclimate.ge\/az\/product\/master-b-150-direct-oil-fired-heaters-direct-oil-fired-heaters-low-pressure\/#breadcrumb\",\"itemListElement\":[{\"@type\":\"ListItem\",\"position\":1,\"name\":\"Home\",\"item\":\"https:\/\/geoclimate.ge\/az\/\"},{\"@type\":\"ListItem\",\"position\":2,\"name\":\"M\u0259hsullar\",\"item\":\"https:\/\/geoclimate.ge\/az\/products\/\"},{\"@type\":\"ListItem\",\"position\":3,\"name\":\"Master B 150 \u2013 birba\u015fa ya\u011fla i\u015fl\u0259y\u0259n q\u0131zd\u0131r\u0131c\u0131lar Birba\u015fa ya\u011fla i\u015fl\u0259y\u0259n q\u0131zd\u0131r\u0131c\u0131lar &#8211; a\u015fa\u011f\u0131 t\u0259zyiq\"}]},{\"@type\":\"WebSite\",\"@id\":\"https:\/\/geoclimate.ge\/#website\",\"url\":\"https:\/\/geoclimate.ge\/\",\"name\":\"GeoClimate\",\"description\":\"\",\"publisher\":{\"@id\":\"https:\/\/geoclimate.ge\/#organization\"},\"potentialAction\":[{\"@type\":\"SearchAction\",\"target\":{\"@type\":\"EntryPoint\",\"urlTemplate\":\"https:\/\/geoclimate.ge\/?s={search_term_string}\"},\"query-input\":{\"@type\":\"PropertyValueSpecification\",\"valueRequired\":true,\"valueName\":\"search_term_string\"}}],\"inLanguage\":\"az\"},{\"@type\":\"Organization\",\"@id\":\"https:\/\/geoclimate.ge\/#organization\",\"name\":\"GeoClimate\",\"url\":\"https:\/\/geoclimate.ge\/\",\"logo\":{\"@type\":\"ImageObject\",\"inLanguage\":\"az\",\"@id\":\"https:\/\/geoclimate.ge\/#\/schema\/logo\/image\/\",\"url\":\"https:\/\/geoclimate.ge\/wp-content\/uploads\/2026\/03\/geoclimate-SEO.png\",\"contentUrl\":\"https:\/\/geoclimate.ge\/wp-content\/uploads\/2026\/03\/geoclimate-SEO.png\",\"width\":1536,\"height\":1024,\"caption\":\"GeoClimate\"},\"image\":{\"@id\":\"https:\/\/geoclimate.ge\/#\/schema\/logo\/image\/\"}}]}<\/script>\n<!-- \/ Yoast SEO plugin. -->","yoast_head_json":{"title":"Master B 150 \u2013 birba\u015fa ya\u011fla i\u015fl\u0259y\u0259n q\u0131zd\u0131r\u0131c\u0131lar Birba\u015fa ya\u011fla i\u015fl\u0259y\u0259n q\u0131zd\u0131r\u0131c\u0131lar - a\u015fa\u011f\u0131 t\u0259zyiq - GeoClimate.ge","robots":{"index":"index","follow":"follow","max-snippet":"max-snippet:-1","max-image-preview":"max-image-preview:large","max-video-preview":"max-video-preview:-1"},"canonical":"https:\/\/geoclimate.ge\/az\/product\/master-b-150-direct-oil-fired-heaters-direct-oil-fired-heaters-low-pressure\/","og_locale":"az_AZ","og_type":"article","og_title":"Master B 150 \u2013 birba\u015fa ya\u011fla i\u015fl\u0259y\u0259n q\u0131zd\u0131r\u0131c\u0131lar Birba\u015fa ya\u011fla i\u015fl\u0259y\u0259n q\u0131zd\u0131r\u0131c\u0131lar - a\u015fa\u011f\u0131 t\u0259zyiq - GeoClimate.ge","og_description":"Birba\u015fa ya\u011f q\u0131zd\u0131r\u0131c\u0131lar\u0131 t\u0259l\u0259b olunan yerl\u0259rd\u0259 b\u00f6y\u00fck h\u0259cmd\u0259 ani istilik t\u0259min ed\u0259n y\u00fcks\u0259k s\u0259m\u0259r\u0259li cihazlard\u0131r. Onlar fabrikl\u0259r, anbarlar v\u0259 ya tikinti sah\u0259l\u0259ri kimi a\u00e7\u0131q v\u0259 ya yax\u015f\u0131 havaland\u0131r\u0131lan sah\u0259l\u0259r \u00fc\u00e7\u00fcn ideald\u0131r. Master birba\u015fa q\u0131zd\u0131r\u0131c\u0131lar\u0131 s\u0259m\u0259r\u0259liliyi, m\u00f6hk\u0259mliyi, istifad\u0259si asanl\u0131\u011f\u0131 v\u0259 \u0259m\u0259liyyat t\u0259hl\u00fck\u0259sizliyi il\u0259 tan\u0131n\u0131r.  B\u00fct\u00fcn birba\u015fa ya\u011fla i\u015fl\u0259y\u0259n hava q\u0131zd\u0131r\u0131c\u0131lar\u0131m\u0131za bax\u0131n v\u0259 ya \u00e7oxsayl\u0131 t\u0259tbiql\u0259r v\u0259 m\u00fchitl\u0259r \u00fc\u00e7\u00fcn uy\u011fun olan b\u00fct\u00fcn q\u0131zd\u0131r\u0131c\u0131lar\u0131m\u0131za bax\u0131n.","og_url":"https:\/\/geoclimate.ge\/az\/product\/master-b-150-direct-oil-fired-heaters-direct-oil-fired-heaters-low-pressure\/","og_site_name":"GeoClimate.ge","article_modified_time":"2025-10-05T09:49:20+00:00","og_image":[{"width":1000,"height":1000,"url":"https:\/\/geoclimate.ge\/wp-content\/uploads\/2025\/10\/MASTER-B-150-main-left-web.jpg","type":"image\/jpeg"}],"twitter_card":"summary_large_image","twitter_misc":{"Est. reading time":"1 minute"},"schema":{"@context":"https:\/\/schema.org","@graph":[{"@type":"WebPage","@id":"https:\/\/geoclimate.ge\/az\/product\/master-b-150-direct-oil-fired-heaters-direct-oil-fired-heaters-low-pressure\/","url":"https:\/\/geoclimate.ge\/az\/product\/master-b-150-direct-oil-fired-heaters-direct-oil-fired-heaters-low-pressure\/","name":"Master B 150 \u2013 birba\u015fa ya\u011fla i\u015fl\u0259y\u0259n q\u0131zd\u0131r\u0131c\u0131lar Birba\u015fa ya\u011fla i\u015fl\u0259y\u0259n q\u0131zd\u0131r\u0131c\u0131lar - a\u015fa\u011f\u0131 t\u0259zyiq - GeoClimate.ge","isPartOf":{"@id":"https:\/\/geoclimate.ge\/#website"},"primaryImageOfPage":{"@id":"https:\/\/geoclimate.ge\/az\/product\/master-b-150-direct-oil-fired-heaters-direct-oil-fired-heaters-low-pressure\/#primaryimage"},"image":{"@id":"https:\/\/geoclimate.ge\/az\/product\/master-b-150-direct-oil-fired-heaters-direct-oil-fired-heaters-low-pressure\/#primaryimage"},"thumbnailUrl":"https:\/\/geoclimate.ge\/wp-content\/uploads\/2025\/10\/MASTER-B-150-main-left-web.jpg","datePublished":"2025-10-05T09:45:39+00:00","dateModified":"2025-10-05T09:49:20+00:00","breadcrumb":{"@id":"https:\/\/geoclimate.ge\/az\/product\/master-b-150-direct-oil-fired-heaters-direct-oil-fired-heaters-low-pressure\/#breadcrumb"},"inLanguage":"az","potentialAction":[{"@type":"ReadAction","target":["https:\/\/geoclimate.ge\/az\/product\/master-b-150-direct-oil-fired-heaters-direct-oil-fired-heaters-low-pressure\/"]}]},{"@type":"ImageObject","inLanguage":"az","@id":"https:\/\/geoclimate.ge\/az\/product\/master-b-150-direct-oil-fired-heaters-direct-oil-fired-heaters-low-pressure\/#primaryimage","url":"https:\/\/geoclimate.ge\/wp-content\/uploads\/2025\/10\/MASTER-B-150-main-left-web.jpg","contentUrl":"https:\/\/geoclimate.ge\/wp-content\/uploads\/2025\/10\/MASTER-B-150-main-left-web.jpg","width":1000,"height":1000},{"@type":"BreadcrumbList","@id":"https:\/\/geoclimate.ge\/az\/product\/master-b-150-direct-oil-fired-heaters-direct-oil-fired-heaters-low-pressure\/#breadcrumb","itemListElement":[{"@type":"ListItem","position":1,"name":"Home","item":"https:\/\/geoclimate.ge\/az\/"},{"@type":"ListItem","position":2,"name":"M\u0259hsullar","item":"https:\/\/geoclimate.ge\/az\/products\/"},{"@type":"ListItem","position":3,"name":"Master B 150 \u2013 birba\u015fa ya\u011fla i\u015fl\u0259y\u0259n q\u0131zd\u0131r\u0131c\u0131lar Birba\u015fa ya\u011fla i\u015fl\u0259y\u0259n q\u0131zd\u0131r\u0131c\u0131lar &#8211; a\u015fa\u011f\u0131 t\u0259zyiq"}]},{"@type":"WebSite","@id":"https:\/\/geoclimate.ge\/#website","url":"https:\/\/geoclimate.ge\/","name":"GeoClimate","description":"","publisher":{"@id":"https:\/\/geoclimate.ge\/#organization"},"potentialAction":[{"@type":"SearchAction","target":{"@type":"EntryPoint","urlTemplate":"https:\/\/geoclimate.ge\/?s={search_term_string}"},"query-input":{"@type":"PropertyValueSpecification","valueRequired":true,"valueName":"search_term_string"}}],"inLanguage":"az"},{"@type":"Organization","@id":"https:\/\/geoclimate.ge\/#organization","name":"GeoClimate","url":"https:\/\/geoclimate.ge\/","logo":{"@type":"ImageObject","inLanguage":"az","@id":"https:\/\/geoclimate.ge\/#\/schema\/logo\/image\/","url":"https:\/\/geoclimate.ge\/wp-content\/uploads\/2026\/03\/geoclimate-SEO.png","contentUrl":"https:\/\/geoclimate.ge\/wp-content\/uploads\/2026\/03\/geoclimate-SEO.png","width":1536,"height":1024,"caption":"GeoClimate"},"image":{"@id":"https:\/\/geoclimate.ge\/#\/schema\/logo\/image\/"}}]}},"_links":{"self":[{"href":"https:\/\/geoclimate.ge\/az\/wp-json\/wp\/v2\/product\/42382","targetHints":{"allow":["GET"]}}],"collection":[{"href":"https:\/\/geoclimate.ge\/az\/wp-json\/wp\/v2\/product"}],"about":[{"href":"https:\/\/geoclimate.ge\/az\/wp-json\/wp\/v2\/types\/product"}],"wp:featuredmedia":[{"embeddable":true,"href":"https:\/\/geoclimate.ge\/az\/wp-json\/wp\/v2\/media\/42305"}],"wp:attachment":[{"href":"https:\/\/geoclimate.ge\/az\/wp-json\/wp\/v2\/media?parent=42382"}],"wp:term":[{"taxonomy":"product_brand","embeddable":true,"href":"https:\/\/geoclimate.ge\/az\/wp-json\/wp\/v2\/product_brand?post=42382"},{"taxonomy":"product_cat","embeddable":true,"href":"https:\/\/geoclimate.ge\/az\/wp-json\/wp\/v2\/product_cat?post=42382"},{"taxonomy":"product_tag","embeddable":true,"href":"https:\/\/geoclimate.ge\/az\/wp-json\/wp\/v2\/product_tag?post=42382"}],"curies":[{"name":"wp","href":"https:\/\/api.w.org\/{rel}","templated":true}]}}