{"id":42630,"date":"2025-10-11T22:07:01","date_gmt":"2025-10-11T18:07:01","guid":{"rendered":"https:\/\/airsystems.ge\/shop\/product\/v8-mini-r410-7-2-15-5-kw-mv8m-wv2n1-mv8m-80wv2n1-mv8m-100wv2n1-mv8m-120wv2n1-mv8m-140wv2n1-mv8m-160wv2n1\/"},"modified":"2025-10-11T22:22:47","modified_gmt":"2025-10-11T18:22:47","slug":"v8-mini-r410-7-2-15-5-kw-mv8m-wv2n1-mv8m-80wv2n1-mv8m-100wv2n1-mv8m-120wv2n1-mv8m-140wv2n1-mv8m-160wv2n1","status":"publish","type":"product","link":"https:\/\/geoclimate.ge\/az\/product\/v8-mini-r410-7-2-15-5-kw-mv8m-wv2n1-mv8m-80wv2n1-mv8m-100wv2n1-mv8m-120wv2n1-mv8m-140wv2n1-mv8m-160wv2n1\/","title":{"rendered":"Mini VRF V8 Mini R410 7,2 &#8211; 15,5 kVt MV8M-**WV2N1 MV8M-80WV2N1 MV8M-100WV2N1 MV8M-120WV2N1 MV8M-140WV2N1 MV8M-160WV2N1"},"content":{"rendered":"","protected":false},"excerpt":{"rendered":"<h1>V8 Mini R410<\/h1>\n<p>M\u0259hsulun spesifikasiyas\u0131<\/p>\n<p>Mini VRF Sisteminin Xarici Bloku<\/p>\n<p>Add\u0131ms\u0131z Tam DC \u0130nverter<br \/>\nKompakt \u00d6l\u00e7\u00fc<br \/>\nGeni\u015f birl\u0259\u015fm\u0259 nisb\u0259ti: 50-160%<br \/>\nMETA 2: T\u0259kmill\u0259\u015fdirilmi\u015f S\u0259m\u0259r\u0259lilik, N\u0259ml\u0259ndirm\u0259y\u0259 N\u0259zar\u0259t<br \/>\nHiperlink: Qura\u015fd\u0131rma vaxt\u0131n\u0131 v\u0259 qiym\u0259tini azald\u0131r<br \/>\nGeni\u015f i\u015f diapazonu: Q\u0131\u015f: -20\u00b0C, Yay: 52\u00b0C<br \/>\nDoktor m 2.0: A\u011f\u0131ll\u0131 Bax\u0131m Al\u0259ti<br \/>\nSuper Sense: Qabaqc\u0131l soyuducu monitorinqi<br \/>\nZen air 2.0: \u00c7oxfunksiyal\u0131 Hava ax\u0131n\u0131n\u0131n idar\u0259 edilm\u0259si<br \/>\nQabaqc\u0131l 5 add\u0131ml\u0131 S\u0259ssiz Rejim<br \/>\nDaxili B\u00f6lm\u0259nin Avtomatik T\u0259mizl\u0259m\u0259 funksiyas\u0131<br \/>\nAvtomatik Toz\/Qar T\u0259mizl\u0259m\u0259 funksiyas\u0131<br \/>\nT\u0259k v\u0259 ya 3 Fazada m\u00f6vcuddur<\/p>\n","protected":false},"featured_media":42625,"template":"","meta":[],"product_brand":[],"product_cat":[1993],"product_tag":[],"class_list":{"0":"post-42630","1":"product","2":"type-product","3":"status-publish","4":"has-post-thumbnail","6":"product_cat-vrf-sistemi","8":"first","9":"instock","10":"shipping-taxable","11":"product-type-simple"},"yoast_head":"<!-- This site is optimized with the Yoast SEO plugin v27.1.1 - https:\/\/yoast.com\/product\/yoast-seo-wordpress\/ -->\n<title>Mini VRF V8 Mini R410 7,2 - 15,5 kVt MV8M-**WV2N1 MV8M-80WV2N1 MV8M-100WV2N1 MV8M-120WV2N1 MV8M-140WV2N1 MV8M-160WV2N1 - GeoClimate.ge<\/title>\n<meta name=\"robots\" content=\"index, follow, max-snippet:-1, max-image-preview:large, max-video-preview:-1\" \/>\n<link rel=\"canonical\" href=\"https:\/\/geoclimate.ge\/az\/product\/v8-mini-r410-7-2-15-5-kw-mv8m-wv2n1-mv8m-80wv2n1-mv8m-100wv2n1-mv8m-120wv2n1-mv8m-140wv2n1-mv8m-160wv2n1\/\" \/>\n<meta property=\"og:locale\" content=\"az_AZ\" \/>\n<meta property=\"og:type\" content=\"article\" \/>\n<meta property=\"og:title\" content=\"Mini VRF V8 Mini R410 7,2 - 15,5 kVt MV8M-**WV2N1 MV8M-80WV2N1 MV8M-100WV2N1 MV8M-120WV2N1 MV8M-140WV2N1 MV8M-160WV2N1 - GeoClimate.ge\" \/>\n<meta property=\"og:description\" content=\"V8 Mini R410 M\u0259hsulun spesifikasiyas\u0131  Mini VRF Sisteminin Xarici Bloku  Add\u0131ms\u0131z Tam DC \u0130nverter Kompakt \u00d6l\u00e7\u00fc Geni\u015f birl\u0259\u015fm\u0259 nisb\u0259ti: 50-160% META 2: T\u0259kmill\u0259\u015fdirilmi\u015f S\u0259m\u0259r\u0259lilik, N\u0259ml\u0259ndirm\u0259y\u0259 N\u0259zar\u0259t Hiperlink: Qura\u015fd\u0131rma vaxt\u0131n\u0131 v\u0259 qiym\u0259tini azald\u0131r Geni\u015f i\u015f diapazonu: Q\u0131\u015f: -20\u00b0C, Yay: 52\u00b0C Doktor m 2.0: A\u011f\u0131ll\u0131 Bax\u0131m Al\u0259ti Super Sense: Qabaqc\u0131l soyuducu monitorinqi Zen air 2.0: \u00c7oxfunksiyal\u0131 Hava ax\u0131n\u0131n\u0131n idar\u0259 edilm\u0259si Qabaqc\u0131l 5 add\u0131ml\u0131 S\u0259ssiz Rejim Daxili B\u00f6lm\u0259nin Avtomatik T\u0259mizl\u0259m\u0259 funksiyas\u0131 Avtomatik Toz\/Qar T\u0259mizl\u0259m\u0259 funksiyas\u0131 T\u0259k v\u0259 ya 3 Fazada m\u00f6vcuddur\" \/>\n<meta property=\"og:url\" content=\"https:\/\/geoclimate.ge\/az\/product\/v8-mini-r410-7-2-15-5-kw-mv8m-wv2n1-mv8m-80wv2n1-mv8m-100wv2n1-mv8m-120wv2n1-mv8m-140wv2n1-mv8m-160wv2n1\/\" \/>\n<meta property=\"og:site_name\" content=\"GeoClimate.ge\" \/>\n<meta property=\"article:modified_time\" content=\"2025-10-11T18:22:47+00:00\" \/>\n<meta property=\"og:image\" content=\"https:\/\/geoclimate.ge\/wp-content\/uploads\/2025\/10\/V8M-LEFT-R410A_RESULT_1.webp\" \/>\n\t<meta property=\"og:image:width\" content=\"784\" \/>\n\t<meta property=\"og:image:height\" content=\"630\" \/>\n\t<meta property=\"og:image:type\" content=\"image\/webp\" \/>\n<meta name=\"twitter:card\" content=\"summary_large_image\" \/>\n<script type=\"application\/ld+json\" class=\"yoast-schema-graph\">{\"@context\":\"https:\/\/schema.org\",\"@graph\":[{\"@type\":\"WebPage\",\"@id\":\"https:\/\/geoclimate.ge\/az\/product\/v8-mini-r410-7-2-15-5-kw-mv8m-wv2n1-mv8m-80wv2n1-mv8m-100wv2n1-mv8m-120wv2n1-mv8m-140wv2n1-mv8m-160wv2n1\/\",\"url\":\"https:\/\/geoclimate.ge\/az\/product\/v8-mini-r410-7-2-15-5-kw-mv8m-wv2n1-mv8m-80wv2n1-mv8m-100wv2n1-mv8m-120wv2n1-mv8m-140wv2n1-mv8m-160wv2n1\/\",\"name\":\"Mini VRF V8 Mini R410 7,2 - 15,5 kVt MV8M-**WV2N1 MV8M-80WV2N1 MV8M-100WV2N1 MV8M-120WV2N1 MV8M-140WV2N1 MV8M-160WV2N1 - GeoClimate.ge\",\"isPartOf\":{\"@id\":\"https:\/\/geoclimate.ge\/#website\"},\"primaryImageOfPage\":{\"@id\":\"https:\/\/geoclimate.ge\/az\/product\/v8-mini-r410-7-2-15-5-kw-mv8m-wv2n1-mv8m-80wv2n1-mv8m-100wv2n1-mv8m-120wv2n1-mv8m-140wv2n1-mv8m-160wv2n1\/#primaryimage\"},\"image\":{\"@id\":\"https:\/\/geoclimate.ge\/az\/product\/v8-mini-r410-7-2-15-5-kw-mv8m-wv2n1-mv8m-80wv2n1-mv8m-100wv2n1-mv8m-120wv2n1-mv8m-140wv2n1-mv8m-160wv2n1\/#primaryimage\"},\"thumbnailUrl\":\"https:\/\/geoclimate.ge\/wp-content\/uploads\/2025\/10\/V8M-LEFT-R410A_RESULT_1.webp\",\"datePublished\":\"2025-10-11T18:07:01+00:00\",\"dateModified\":\"2025-10-11T18:22:47+00:00\",\"breadcrumb\":{\"@id\":\"https:\/\/geoclimate.ge\/az\/product\/v8-mini-r410-7-2-15-5-kw-mv8m-wv2n1-mv8m-80wv2n1-mv8m-100wv2n1-mv8m-120wv2n1-mv8m-140wv2n1-mv8m-160wv2n1\/#breadcrumb\"},\"inLanguage\":\"az\",\"potentialAction\":[{\"@type\":\"ReadAction\",\"target\":[\"https:\/\/geoclimate.ge\/az\/product\/v8-mini-r410-7-2-15-5-kw-mv8m-wv2n1-mv8m-80wv2n1-mv8m-100wv2n1-mv8m-120wv2n1-mv8m-140wv2n1-mv8m-160wv2n1\/\"]}]},{\"@type\":\"ImageObject\",\"inLanguage\":\"az\",\"@id\":\"https:\/\/geoclimate.ge\/az\/product\/v8-mini-r410-7-2-15-5-kw-mv8m-wv2n1-mv8m-80wv2n1-mv8m-100wv2n1-mv8m-120wv2n1-mv8m-140wv2n1-mv8m-160wv2n1\/#primaryimage\",\"url\":\"https:\/\/geoclimate.ge\/wp-content\/uploads\/2025\/10\/V8M-LEFT-R410A_RESULT_1.webp\",\"contentUrl\":\"https:\/\/geoclimate.ge\/wp-content\/uploads\/2025\/10\/V8M-LEFT-R410A_RESULT_1.webp\",\"width\":784,\"height\":630},{\"@type\":\"BreadcrumbList\",\"@id\":\"https:\/\/geoclimate.ge\/az\/product\/v8-mini-r410-7-2-15-5-kw-mv8m-wv2n1-mv8m-80wv2n1-mv8m-100wv2n1-mv8m-120wv2n1-mv8m-140wv2n1-mv8m-160wv2n1\/#breadcrumb\",\"itemListElement\":[{\"@type\":\"ListItem\",\"position\":1,\"name\":\"Home\",\"item\":\"https:\/\/geoclimate.ge\/az\/\"},{\"@type\":\"ListItem\",\"position\":2,\"name\":\"M\u0259hsullar\",\"item\":\"https:\/\/geoclimate.ge\/az\/products\/\"},{\"@type\":\"ListItem\",\"position\":3,\"name\":\"Mini VRF V8 Mini R410 7,2 &#8211; 15,5 kVt MV8M-**WV2N1 MV8M-80WV2N1 MV8M-100WV2N1 MV8M-120WV2N1 MV8M-140WV2N1 MV8M-160WV2N1\"}]},{\"@type\":\"WebSite\",\"@id\":\"https:\/\/geoclimate.ge\/#website\",\"url\":\"https:\/\/geoclimate.ge\/\",\"name\":\"GeoClimate\",\"description\":\"\",\"publisher\":{\"@id\":\"https:\/\/geoclimate.ge\/#organization\"},\"potentialAction\":[{\"@type\":\"SearchAction\",\"target\":{\"@type\":\"EntryPoint\",\"urlTemplate\":\"https:\/\/geoclimate.ge\/?s={search_term_string}\"},\"query-input\":{\"@type\":\"PropertyValueSpecification\",\"valueRequired\":true,\"valueName\":\"search_term_string\"}}],\"inLanguage\":\"az\"},{\"@type\":\"Organization\",\"@id\":\"https:\/\/geoclimate.ge\/#organization\",\"name\":\"GeoClimate\",\"url\":\"https:\/\/geoclimate.ge\/\",\"logo\":{\"@type\":\"ImageObject\",\"inLanguage\":\"az\",\"@id\":\"https:\/\/geoclimate.ge\/#\/schema\/logo\/image\/\",\"url\":\"https:\/\/geoclimate.ge\/wp-content\/uploads\/2026\/03\/geoclimate-SEO.png\",\"contentUrl\":\"https:\/\/geoclimate.ge\/wp-content\/uploads\/2026\/03\/geoclimate-SEO.png\",\"width\":1536,\"height\":1024,\"caption\":\"GeoClimate\"},\"image\":{\"@id\":\"https:\/\/geoclimate.ge\/#\/schema\/logo\/image\/\"}}]}<\/script>\n<!-- \/ Yoast SEO plugin. -->","yoast_head_json":{"title":"Mini VRF V8 Mini R410 7,2 - 15,5 kVt MV8M-**WV2N1 MV8M-80WV2N1 MV8M-100WV2N1 MV8M-120WV2N1 MV8M-140WV2N1 MV8M-160WV2N1 - GeoClimate.ge","robots":{"index":"index","follow":"follow","max-snippet":"max-snippet:-1","max-image-preview":"max-image-preview:large","max-video-preview":"max-video-preview:-1"},"canonical":"https:\/\/geoclimate.ge\/az\/product\/v8-mini-r410-7-2-15-5-kw-mv8m-wv2n1-mv8m-80wv2n1-mv8m-100wv2n1-mv8m-120wv2n1-mv8m-140wv2n1-mv8m-160wv2n1\/","og_locale":"az_AZ","og_type":"article","og_title":"Mini VRF V8 Mini R410 7,2 - 15,5 kVt MV8M-**WV2N1 MV8M-80WV2N1 MV8M-100WV2N1 MV8M-120WV2N1 MV8M-140WV2N1 MV8M-160WV2N1 - GeoClimate.ge","og_description":"V8 Mini R410 M\u0259hsulun spesifikasiyas\u0131  Mini VRF Sisteminin Xarici Bloku  Add\u0131ms\u0131z Tam DC \u0130nverter Kompakt \u00d6l\u00e7\u00fc Geni\u015f birl\u0259\u015fm\u0259 nisb\u0259ti: 50-160% META 2: T\u0259kmill\u0259\u015fdirilmi\u015f S\u0259m\u0259r\u0259lilik, N\u0259ml\u0259ndirm\u0259y\u0259 N\u0259zar\u0259t Hiperlink: Qura\u015fd\u0131rma vaxt\u0131n\u0131 v\u0259 qiym\u0259tini azald\u0131r Geni\u015f i\u015f diapazonu: Q\u0131\u015f: -20\u00b0C, Yay: 52\u00b0C Doktor m 2.0: A\u011f\u0131ll\u0131 Bax\u0131m Al\u0259ti Super Sense: Qabaqc\u0131l soyuducu monitorinqi Zen air 2.0: \u00c7oxfunksiyal\u0131 Hava ax\u0131n\u0131n\u0131n idar\u0259 edilm\u0259si Qabaqc\u0131l 5 add\u0131ml\u0131 S\u0259ssiz Rejim Daxili B\u00f6lm\u0259nin Avtomatik T\u0259mizl\u0259m\u0259 funksiyas\u0131 Avtomatik Toz\/Qar T\u0259mizl\u0259m\u0259 funksiyas\u0131 T\u0259k v\u0259 ya 3 Fazada m\u00f6vcuddur","og_url":"https:\/\/geoclimate.ge\/az\/product\/v8-mini-r410-7-2-15-5-kw-mv8m-wv2n1-mv8m-80wv2n1-mv8m-100wv2n1-mv8m-120wv2n1-mv8m-140wv2n1-mv8m-160wv2n1\/","og_site_name":"GeoClimate.ge","article_modified_time":"2025-10-11T18:22:47+00:00","og_image":[{"width":784,"height":630,"url":"https:\/\/geoclimate.ge\/wp-content\/uploads\/2025\/10\/V8M-LEFT-R410A_RESULT_1.webp","type":"image\/webp"}],"twitter_card":"summary_large_image","schema":{"@context":"https:\/\/schema.org","@graph":[{"@type":"WebPage","@id":"https:\/\/geoclimate.ge\/az\/product\/v8-mini-r410-7-2-15-5-kw-mv8m-wv2n1-mv8m-80wv2n1-mv8m-100wv2n1-mv8m-120wv2n1-mv8m-140wv2n1-mv8m-160wv2n1\/","url":"https:\/\/geoclimate.ge\/az\/product\/v8-mini-r410-7-2-15-5-kw-mv8m-wv2n1-mv8m-80wv2n1-mv8m-100wv2n1-mv8m-120wv2n1-mv8m-140wv2n1-mv8m-160wv2n1\/","name":"Mini VRF V8 Mini R410 7,2 - 15,5 kVt MV8M-**WV2N1 MV8M-80WV2N1 MV8M-100WV2N1 MV8M-120WV2N1 MV8M-140WV2N1 MV8M-160WV2N1 - GeoClimate.ge","isPartOf":{"@id":"https:\/\/geoclimate.ge\/#website"},"primaryImageOfPage":{"@id":"https:\/\/geoclimate.ge\/az\/product\/v8-mini-r410-7-2-15-5-kw-mv8m-wv2n1-mv8m-80wv2n1-mv8m-100wv2n1-mv8m-120wv2n1-mv8m-140wv2n1-mv8m-160wv2n1\/#primaryimage"},"image":{"@id":"https:\/\/geoclimate.ge\/az\/product\/v8-mini-r410-7-2-15-5-kw-mv8m-wv2n1-mv8m-80wv2n1-mv8m-100wv2n1-mv8m-120wv2n1-mv8m-140wv2n1-mv8m-160wv2n1\/#primaryimage"},"thumbnailUrl":"https:\/\/geoclimate.ge\/wp-content\/uploads\/2025\/10\/V8M-LEFT-R410A_RESULT_1.webp","datePublished":"2025-10-11T18:07:01+00:00","dateModified":"2025-10-11T18:22:47+00:00","breadcrumb":{"@id":"https:\/\/geoclimate.ge\/az\/product\/v8-mini-r410-7-2-15-5-kw-mv8m-wv2n1-mv8m-80wv2n1-mv8m-100wv2n1-mv8m-120wv2n1-mv8m-140wv2n1-mv8m-160wv2n1\/#breadcrumb"},"inLanguage":"az","potentialAction":[{"@type":"ReadAction","target":["https:\/\/geoclimate.ge\/az\/product\/v8-mini-r410-7-2-15-5-kw-mv8m-wv2n1-mv8m-80wv2n1-mv8m-100wv2n1-mv8m-120wv2n1-mv8m-140wv2n1-mv8m-160wv2n1\/"]}]},{"@type":"ImageObject","inLanguage":"az","@id":"https:\/\/geoclimate.ge\/az\/product\/v8-mini-r410-7-2-15-5-kw-mv8m-wv2n1-mv8m-80wv2n1-mv8m-100wv2n1-mv8m-120wv2n1-mv8m-140wv2n1-mv8m-160wv2n1\/#primaryimage","url":"https:\/\/geoclimate.ge\/wp-content\/uploads\/2025\/10\/V8M-LEFT-R410A_RESULT_1.webp","contentUrl":"https:\/\/geoclimate.ge\/wp-content\/uploads\/2025\/10\/V8M-LEFT-R410A_RESULT_1.webp","width":784,"height":630},{"@type":"BreadcrumbList","@id":"https:\/\/geoclimate.ge\/az\/product\/v8-mini-r410-7-2-15-5-kw-mv8m-wv2n1-mv8m-80wv2n1-mv8m-100wv2n1-mv8m-120wv2n1-mv8m-140wv2n1-mv8m-160wv2n1\/#breadcrumb","itemListElement":[{"@type":"ListItem","position":1,"name":"Home","item":"https:\/\/geoclimate.ge\/az\/"},{"@type":"ListItem","position":2,"name":"M\u0259hsullar","item":"https:\/\/geoclimate.ge\/az\/products\/"},{"@type":"ListItem","position":3,"name":"Mini VRF V8 Mini R410 7,2 &#8211; 15,5 kVt MV8M-**WV2N1 MV8M-80WV2N1 MV8M-100WV2N1 MV8M-120WV2N1 MV8M-140WV2N1 MV8M-160WV2N1"}]},{"@type":"WebSite","@id":"https:\/\/geoclimate.ge\/#website","url":"https:\/\/geoclimate.ge\/","name":"GeoClimate","description":"","publisher":{"@id":"https:\/\/geoclimate.ge\/#organization"},"potentialAction":[{"@type":"SearchAction","target":{"@type":"EntryPoint","urlTemplate":"https:\/\/geoclimate.ge\/?s={search_term_string}"},"query-input":{"@type":"PropertyValueSpecification","valueRequired":true,"valueName":"search_term_string"}}],"inLanguage":"az"},{"@type":"Organization","@id":"https:\/\/geoclimate.ge\/#organization","name":"GeoClimate","url":"https:\/\/geoclimate.ge\/","logo":{"@type":"ImageObject","inLanguage":"az","@id":"https:\/\/geoclimate.ge\/#\/schema\/logo\/image\/","url":"https:\/\/geoclimate.ge\/wp-content\/uploads\/2026\/03\/geoclimate-SEO.png","contentUrl":"https:\/\/geoclimate.ge\/wp-content\/uploads\/2026\/03\/geoclimate-SEO.png","width":1536,"height":1024,"caption":"GeoClimate"},"image":{"@id":"https:\/\/geoclimate.ge\/#\/schema\/logo\/image\/"}}]}},"_links":{"self":[{"href":"https:\/\/geoclimate.ge\/az\/wp-json\/wp\/v2\/product\/42630","targetHints":{"allow":["GET"]}}],"collection":[{"href":"https:\/\/geoclimate.ge\/az\/wp-json\/wp\/v2\/product"}],"about":[{"href":"https:\/\/geoclimate.ge\/az\/wp-json\/wp\/v2\/types\/product"}],"wp:featuredmedia":[{"embeddable":true,"href":"https:\/\/geoclimate.ge\/az\/wp-json\/wp\/v2\/media\/42625"}],"wp:attachment":[{"href":"https:\/\/geoclimate.ge\/az\/wp-json\/wp\/v2\/media?parent=42630"}],"wp:term":[{"taxonomy":"product_brand","embeddable":true,"href":"https:\/\/geoclimate.ge\/az\/wp-json\/wp\/v2\/product_brand?post=42630"},{"taxonomy":"product_cat","embeddable":true,"href":"https:\/\/geoclimate.ge\/az\/wp-json\/wp\/v2\/product_cat?post=42630"},{"taxonomy":"product_tag","embeddable":true,"href":"https:\/\/geoclimate.ge\/az\/wp-json\/wp\/v2\/product_tag?post=42630"}],"curies":[{"name":"wp","href":"https:\/\/api.w.org\/{rel}","templated":true}]}}