{"id":42980,"date":"2025-10-18T12:34:58","date_gmt":"2025-10-18T08:34:58","guid":{"rendered":"https:\/\/airsystems.ge\/shop\/product\/vrf-system-indoor-unit-wall-mounted-wall-mounted-v8-series-1-5-8-kw-mihghn18-mih15ghn18-mih22ghn18-mih28ghn18-mih36ghn18-mih45ghn18-mih56ghn18-mih71gn18-mih80gn18-midea\/"},"modified":"2025-10-18T12:42:07","modified_gmt":"2025-10-18T08:42:07","slug":"vrf-system-indoor-unit-wall-mounted-wall-mounted-v8-series-1-5-8-kw-mihghn18-mih15ghn18-mih22ghn18-mih28ghn18-mih36ghn18-mih45ghn18-mih56ghn18-mih71gn18-mih80gn18-midea","status":"publish","type":"product","link":"https:\/\/geoclimate.ge\/az\/product\/vrf-system-indoor-unit-wall-mounted-wall-mounted-v8-series-1-5-8-kw-mihghn18-mih15ghn18-mih22ghn18-mih28ghn18-mih36ghn18-mih45ghn18-mih56ghn18-mih71gn18-mih80gn18-midea\/","title":{"rendered":"VRF Sistemi Daxili blok Divara qura\u015fd\u0131r\u0131lm\u0131\u015fd\u0131r Divara qura\u015fd\u0131r\u0131lm\u0131\u015f, V8 seriyas\u0131 1,5 &#8211; 8 kVt MIH**GHN18  MIH15GHN18 MIH22GHN18 MIH28GHN18 MIH36GHN18 MIH45GHN18 MIH56GHN18 MIH71GN18 MIH80GN18  MIDEA"},"content":{"rendered":"","protected":false},"excerpt":{"rendered":"<section class=\"section_product-inner-hero\">\n<div class=\"padding-global\">\n<div id=\"lg-parent\" class=\"grid\">\n<div id=\"w-node-c63541f9-43bc-1c18-7844-90c28a81f2cb-875f3092\" class=\"product-inner_info-block\">\n<div class=\"product-inner_info-block-inner\">\n<div class=\"product-inner_text-block\">\n<h1>Divara qura\u015fd\u0131r\u0131lm\u0131\u015f, V8 seriyas\u0131<\/h1>\n<p>M\u0259hsulun spesifikasiyas\u0131<\/p>\n<p>V8 N\u0259sil Divara qura\u015fd\u0131r\u0131lm\u0131\u015f daxili blok<\/p>\n<p>7 S\u00fcr\u0259tli \u0130nverter Texnologiyas\u0131<br \/>\nY\u00fcks\u0259k Qald\u0131ran \u0130nverter Drenaj Pompas\u0131: 1.2m H\u00fcnd\u00fcrl\u00fcy\u00fc qald\u0131r\u0131n<br \/>\n\u015eaquli Luvr yell\u0259nc\u0259k funksiyas\u0131<br \/>\nT\u0259miz Hava Q\u0259bul Liman\u0131: 10%-\u0259 q\u0259d\u0259r<br \/>\nR\u00fctub\u0259t\u0259 N\u0259zar\u0259t<br \/>\nMETA 2: T\u0259kmill\u0259\u015fdirilmi\u015f S\u0259m\u0259r\u0259lilik, S\u00fcr\u0259tli Soyutma\/\u0130sitm\u0259<br \/>\nHiperlink: Qura\u015fd\u0131rma vaxt\u0131n\u0131 v\u0259 qiym\u0259tini azald\u0131r<br \/>\nZen air 2.0: \u00c7oxfunksiyal\u0131 Hava ax\u0131n\u0131n\u0131n idar\u0259 edilm\u0259si<br \/>\n\u0130stilik d\u0259yi\u015fdiricisinin avtomatik t\u0259mizl\u0259nm\u0259si funksiyas\u0131<br \/>\nQapal\u0131 Dizayn, Sakit \u018fm\u0259liyyat<\/p>\n<\/div>\n<\/div>\n<\/div>\n<\/div>\n<\/div>\n<\/section>\n<div class=\"padding-global\"><\/div>\n","protected":false},"featured_media":42969,"template":"","meta":[],"product_brand":[],"product_cat":[1993],"product_tag":[],"class_list":{"0":"post-42980","1":"product","2":"type-product","3":"status-publish","4":"has-post-thumbnail","6":"product_cat-vrf-sistemi","8":"first","9":"instock","10":"shipping-taxable","11":"product-type-simple"},"yoast_head":"<!-- This site is optimized with the Yoast SEO plugin v27.1.1 - https:\/\/yoast.com\/product\/yoast-seo-wordpress\/ -->\n<title>VRF Sistemi Daxili blok Divara qura\u015fd\u0131r\u0131lm\u0131\u015fd\u0131r Divara qura\u015fd\u0131r\u0131lm\u0131\u015f, V8 seriyas\u0131 1,5 - 8 kVt MIH**GHN18 MIH15GHN18 MIH22GHN18 MIH28GHN18 MIH36GHN18 MIH45GHN18 MIH56GHN18 MIH71GN18 MIH80GN18 MIDEA - GeoClimate.ge<\/title>\n<meta name=\"robots\" content=\"index, follow, max-snippet:-1, max-image-preview:large, max-video-preview:-1\" \/>\n<link rel=\"canonical\" href=\"https:\/\/geoclimate.ge\/az\/product\/vrf-system-indoor-unit-wall-mounted-wall-mounted-v8-series-1-5-8-kw-mihghn18-mih15ghn18-mih22ghn18-mih28ghn18-mih36ghn18-mih45ghn18-mih56ghn18-mih71gn18-mih80gn18-midea\/\" \/>\n<meta property=\"og:locale\" content=\"az_AZ\" \/>\n<meta property=\"og:type\" content=\"article\" \/>\n<meta property=\"og:title\" content=\"VRF Sistemi Daxili blok Divara qura\u015fd\u0131r\u0131lm\u0131\u015fd\u0131r Divara qura\u015fd\u0131r\u0131lm\u0131\u015f, V8 seriyas\u0131 1,5 - 8 kVt MIH**GHN18 MIH15GHN18 MIH22GHN18 MIH28GHN18 MIH36GHN18 MIH45GHN18 MIH56GHN18 MIH71GN18 MIH80GN18 MIDEA - GeoClimate.ge\" \/>\n<meta property=\"og:description\" content=\"Divara qura\u015fd\u0131r\u0131lm\u0131\u015f, V8 seriyas\u0131 M\u0259hsulun spesifikasiyas\u0131  V8 N\u0259sil Divara qura\u015fd\u0131r\u0131lm\u0131\u015f daxili blok  7 S\u00fcr\u0259tli \u0130nverter Texnologiyas\u0131 Y\u00fcks\u0259k Qald\u0131ran \u0130nverter Drenaj Pompas\u0131: 1.2m H\u00fcnd\u00fcrl\u00fcy\u00fc qald\u0131r\u0131n \u015eaquli Luvr yell\u0259nc\u0259k funksiyas\u0131 T\u0259miz Hava Q\u0259bul Liman\u0131: 10%-\u0259 q\u0259d\u0259r R\u00fctub\u0259t\u0259 N\u0259zar\u0259t META 2: T\u0259kmill\u0259\u015fdirilmi\u015f S\u0259m\u0259r\u0259lilik, S\u00fcr\u0259tli Soyutma\/\u0130sitm\u0259 Hiperlink: Qura\u015fd\u0131rma vaxt\u0131n\u0131 v\u0259 qiym\u0259tini azald\u0131r Zen air 2.0: \u00c7oxfunksiyal\u0131 Hava ax\u0131n\u0131n\u0131n idar\u0259 edilm\u0259si \u0130stilik d\u0259yi\u015fdiricisinin avtomatik t\u0259mizl\u0259nm\u0259si funksiyas\u0131 Qapal\u0131 Dizayn, Sakit \u018fm\u0259liyyat\" \/>\n<meta property=\"og:url\" content=\"https:\/\/geoclimate.ge\/az\/product\/vrf-system-indoor-unit-wall-mounted-wall-mounted-v8-series-1-5-8-kw-mihghn18-mih15ghn18-mih22ghn18-mih28ghn18-mih36ghn18-mih45ghn18-mih56ghn18-mih71gn18-mih80gn18-midea\/\" \/>\n<meta property=\"og:site_name\" content=\"GeoClimate.ge\" \/>\n<meta property=\"article:modified_time\" content=\"2025-10-18T08:42:07+00:00\" \/>\n<meta property=\"og:image\" content=\"https:\/\/geoclimate.ge\/wp-content\/uploads\/2025\/10\/WALL-MOUNTED-LEFT_RESULT.webp\" \/>\n\t<meta property=\"og:image:width\" content=\"768\" \/>\n\t<meta property=\"og:image:height\" content=\"512\" \/>\n\t<meta property=\"og:image:type\" content=\"image\/webp\" \/>\n<meta name=\"twitter:card\" content=\"summary_large_image\" \/>\n<script type=\"application\/ld+json\" class=\"yoast-schema-graph\">{\"@context\":\"https:\/\/schema.org\",\"@graph\":[{\"@type\":\"WebPage\",\"@id\":\"https:\/\/geoclimate.ge\/az\/product\/vrf-system-indoor-unit-wall-mounted-wall-mounted-v8-series-1-5-8-kw-mihghn18-mih15ghn18-mih22ghn18-mih28ghn18-mih36ghn18-mih45ghn18-mih56ghn18-mih71gn18-mih80gn18-midea\/\",\"url\":\"https:\/\/geoclimate.ge\/az\/product\/vrf-system-indoor-unit-wall-mounted-wall-mounted-v8-series-1-5-8-kw-mihghn18-mih15ghn18-mih22ghn18-mih28ghn18-mih36ghn18-mih45ghn18-mih56ghn18-mih71gn18-mih80gn18-midea\/\",\"name\":\"VRF Sistemi Daxili blok Divara qura\u015fd\u0131r\u0131lm\u0131\u015fd\u0131r Divara qura\u015fd\u0131r\u0131lm\u0131\u015f, V8 seriyas\u0131 1,5 - 8 kVt MIH**GHN18 MIH15GHN18 MIH22GHN18 MIH28GHN18 MIH36GHN18 MIH45GHN18 MIH56GHN18 MIH71GN18 MIH80GN18 MIDEA - GeoClimate.ge\",\"isPartOf\":{\"@id\":\"https:\/\/geoclimate.ge\/#website\"},\"primaryImageOfPage\":{\"@id\":\"https:\/\/geoclimate.ge\/az\/product\/vrf-system-indoor-unit-wall-mounted-wall-mounted-v8-series-1-5-8-kw-mihghn18-mih15ghn18-mih22ghn18-mih28ghn18-mih36ghn18-mih45ghn18-mih56ghn18-mih71gn18-mih80gn18-midea\/#primaryimage\"},\"image\":{\"@id\":\"https:\/\/geoclimate.ge\/az\/product\/vrf-system-indoor-unit-wall-mounted-wall-mounted-v8-series-1-5-8-kw-mihghn18-mih15ghn18-mih22ghn18-mih28ghn18-mih36ghn18-mih45ghn18-mih56ghn18-mih71gn18-mih80gn18-midea\/#primaryimage\"},\"thumbnailUrl\":\"https:\/\/geoclimate.ge\/wp-content\/uploads\/2025\/10\/WALL-MOUNTED-LEFT_RESULT.webp\",\"datePublished\":\"2025-10-18T08:34:58+00:00\",\"dateModified\":\"2025-10-18T08:42:07+00:00\",\"breadcrumb\":{\"@id\":\"https:\/\/geoclimate.ge\/az\/product\/vrf-system-indoor-unit-wall-mounted-wall-mounted-v8-series-1-5-8-kw-mihghn18-mih15ghn18-mih22ghn18-mih28ghn18-mih36ghn18-mih45ghn18-mih56ghn18-mih71gn18-mih80gn18-midea\/#breadcrumb\"},\"inLanguage\":\"az\",\"potentialAction\":[{\"@type\":\"ReadAction\",\"target\":[\"https:\/\/geoclimate.ge\/az\/product\/vrf-system-indoor-unit-wall-mounted-wall-mounted-v8-series-1-5-8-kw-mihghn18-mih15ghn18-mih22ghn18-mih28ghn18-mih36ghn18-mih45ghn18-mih56ghn18-mih71gn18-mih80gn18-midea\/\"]}]},{\"@type\":\"ImageObject\",\"inLanguage\":\"az\",\"@id\":\"https:\/\/geoclimate.ge\/az\/product\/vrf-system-indoor-unit-wall-mounted-wall-mounted-v8-series-1-5-8-kw-mihghn18-mih15ghn18-mih22ghn18-mih28ghn18-mih36ghn18-mih45ghn18-mih56ghn18-mih71gn18-mih80gn18-midea\/#primaryimage\",\"url\":\"https:\/\/geoclimate.ge\/wp-content\/uploads\/2025\/10\/WALL-MOUNTED-LEFT_RESULT.webp\",\"contentUrl\":\"https:\/\/geoclimate.ge\/wp-content\/uploads\/2025\/10\/WALL-MOUNTED-LEFT_RESULT.webp\",\"width\":768,\"height\":512},{\"@type\":\"BreadcrumbList\",\"@id\":\"https:\/\/geoclimate.ge\/az\/product\/vrf-system-indoor-unit-wall-mounted-wall-mounted-v8-series-1-5-8-kw-mihghn18-mih15ghn18-mih22ghn18-mih28ghn18-mih36ghn18-mih45ghn18-mih56ghn18-mih71gn18-mih80gn18-midea\/#breadcrumb\",\"itemListElement\":[{\"@type\":\"ListItem\",\"position\":1,\"name\":\"Home\",\"item\":\"https:\/\/geoclimate.ge\/az\/\"},{\"@type\":\"ListItem\",\"position\":2,\"name\":\"M\u0259hsullar\",\"item\":\"https:\/\/geoclimate.ge\/az\/products\/\"},{\"@type\":\"ListItem\",\"position\":3,\"name\":\"VRF Sistemi Daxili blok Divara qura\u015fd\u0131r\u0131lm\u0131\u015fd\u0131r Divara qura\u015fd\u0131r\u0131lm\u0131\u015f, V8 seriyas\u0131 1,5 &#8211; 8 kVt MIH**GHN18 MIH15GHN18 MIH22GHN18 MIH28GHN18 MIH36GHN18 MIH45GHN18 MIH56GHN18 MIH71GN18 MIH80GN18 MIDEA\"}]},{\"@type\":\"WebSite\",\"@id\":\"https:\/\/geoclimate.ge\/#website\",\"url\":\"https:\/\/geoclimate.ge\/\",\"name\":\"GeoClimate\",\"description\":\"\",\"publisher\":{\"@id\":\"https:\/\/geoclimate.ge\/#organization\"},\"potentialAction\":[{\"@type\":\"SearchAction\",\"target\":{\"@type\":\"EntryPoint\",\"urlTemplate\":\"https:\/\/geoclimate.ge\/?s={search_term_string}\"},\"query-input\":{\"@type\":\"PropertyValueSpecification\",\"valueRequired\":true,\"valueName\":\"search_term_string\"}}],\"inLanguage\":\"az\"},{\"@type\":\"Organization\",\"@id\":\"https:\/\/geoclimate.ge\/#organization\",\"name\":\"GeoClimate\",\"url\":\"https:\/\/geoclimate.ge\/\",\"logo\":{\"@type\":\"ImageObject\",\"inLanguage\":\"az\",\"@id\":\"https:\/\/geoclimate.ge\/#\/schema\/logo\/image\/\",\"url\":\"https:\/\/geoclimate.ge\/wp-content\/uploads\/2026\/03\/geoclimate-SEO.png\",\"contentUrl\":\"https:\/\/geoclimate.ge\/wp-content\/uploads\/2026\/03\/geoclimate-SEO.png\",\"width\":1536,\"height\":1024,\"caption\":\"GeoClimate\"},\"image\":{\"@id\":\"https:\/\/geoclimate.ge\/#\/schema\/logo\/image\/\"}}]}<\/script>\n<!-- \/ Yoast SEO plugin. -->","yoast_head_json":{"title":"VRF Sistemi Daxili blok Divara qura\u015fd\u0131r\u0131lm\u0131\u015fd\u0131r Divara qura\u015fd\u0131r\u0131lm\u0131\u015f, V8 seriyas\u0131 1,5 - 8 kVt MIH**GHN18 MIH15GHN18 MIH22GHN18 MIH28GHN18 MIH36GHN18 MIH45GHN18 MIH56GHN18 MIH71GN18 MIH80GN18 MIDEA - GeoClimate.ge","robots":{"index":"index","follow":"follow","max-snippet":"max-snippet:-1","max-image-preview":"max-image-preview:large","max-video-preview":"max-video-preview:-1"},"canonical":"https:\/\/geoclimate.ge\/az\/product\/vrf-system-indoor-unit-wall-mounted-wall-mounted-v8-series-1-5-8-kw-mihghn18-mih15ghn18-mih22ghn18-mih28ghn18-mih36ghn18-mih45ghn18-mih56ghn18-mih71gn18-mih80gn18-midea\/","og_locale":"az_AZ","og_type":"article","og_title":"VRF Sistemi Daxili blok Divara qura\u015fd\u0131r\u0131lm\u0131\u015fd\u0131r Divara qura\u015fd\u0131r\u0131lm\u0131\u015f, V8 seriyas\u0131 1,5 - 8 kVt MIH**GHN18 MIH15GHN18 MIH22GHN18 MIH28GHN18 MIH36GHN18 MIH45GHN18 MIH56GHN18 MIH71GN18 MIH80GN18 MIDEA - GeoClimate.ge","og_description":"Divara qura\u015fd\u0131r\u0131lm\u0131\u015f, V8 seriyas\u0131 M\u0259hsulun spesifikasiyas\u0131  V8 N\u0259sil Divara qura\u015fd\u0131r\u0131lm\u0131\u015f daxili blok  7 S\u00fcr\u0259tli \u0130nverter Texnologiyas\u0131 Y\u00fcks\u0259k Qald\u0131ran \u0130nverter Drenaj Pompas\u0131: 1.2m H\u00fcnd\u00fcrl\u00fcy\u00fc qald\u0131r\u0131n \u015eaquli Luvr yell\u0259nc\u0259k funksiyas\u0131 T\u0259miz Hava Q\u0259bul Liman\u0131: 10%-\u0259 q\u0259d\u0259r R\u00fctub\u0259t\u0259 N\u0259zar\u0259t META 2: T\u0259kmill\u0259\u015fdirilmi\u015f S\u0259m\u0259r\u0259lilik, S\u00fcr\u0259tli Soyutma\/\u0130sitm\u0259 Hiperlink: Qura\u015fd\u0131rma vaxt\u0131n\u0131 v\u0259 qiym\u0259tini azald\u0131r Zen air 2.0: \u00c7oxfunksiyal\u0131 Hava ax\u0131n\u0131n\u0131n idar\u0259 edilm\u0259si \u0130stilik d\u0259yi\u015fdiricisinin avtomatik t\u0259mizl\u0259nm\u0259si funksiyas\u0131 Qapal\u0131 Dizayn, Sakit \u018fm\u0259liyyat","og_url":"https:\/\/geoclimate.ge\/az\/product\/vrf-system-indoor-unit-wall-mounted-wall-mounted-v8-series-1-5-8-kw-mihghn18-mih15ghn18-mih22ghn18-mih28ghn18-mih36ghn18-mih45ghn18-mih56ghn18-mih71gn18-mih80gn18-midea\/","og_site_name":"GeoClimate.ge","article_modified_time":"2025-10-18T08:42:07+00:00","og_image":[{"width":768,"height":512,"url":"https:\/\/geoclimate.ge\/wp-content\/uploads\/2025\/10\/WALL-MOUNTED-LEFT_RESULT.webp","type":"image\/webp"}],"twitter_card":"summary_large_image","schema":{"@context":"https:\/\/schema.org","@graph":[{"@type":"WebPage","@id":"https:\/\/geoclimate.ge\/az\/product\/vrf-system-indoor-unit-wall-mounted-wall-mounted-v8-series-1-5-8-kw-mihghn18-mih15ghn18-mih22ghn18-mih28ghn18-mih36ghn18-mih45ghn18-mih56ghn18-mih71gn18-mih80gn18-midea\/","url":"https:\/\/geoclimate.ge\/az\/product\/vrf-system-indoor-unit-wall-mounted-wall-mounted-v8-series-1-5-8-kw-mihghn18-mih15ghn18-mih22ghn18-mih28ghn18-mih36ghn18-mih45ghn18-mih56ghn18-mih71gn18-mih80gn18-midea\/","name":"VRF Sistemi Daxili blok Divara qura\u015fd\u0131r\u0131lm\u0131\u015fd\u0131r Divara qura\u015fd\u0131r\u0131lm\u0131\u015f, V8 seriyas\u0131 1,5 - 8 kVt MIH**GHN18 MIH15GHN18 MIH22GHN18 MIH28GHN18 MIH36GHN18 MIH45GHN18 MIH56GHN18 MIH71GN18 MIH80GN18 MIDEA - GeoClimate.ge","isPartOf":{"@id":"https:\/\/geoclimate.ge\/#website"},"primaryImageOfPage":{"@id":"https:\/\/geoclimate.ge\/az\/product\/vrf-system-indoor-unit-wall-mounted-wall-mounted-v8-series-1-5-8-kw-mihghn18-mih15ghn18-mih22ghn18-mih28ghn18-mih36ghn18-mih45ghn18-mih56ghn18-mih71gn18-mih80gn18-midea\/#primaryimage"},"image":{"@id":"https:\/\/geoclimate.ge\/az\/product\/vrf-system-indoor-unit-wall-mounted-wall-mounted-v8-series-1-5-8-kw-mihghn18-mih15ghn18-mih22ghn18-mih28ghn18-mih36ghn18-mih45ghn18-mih56ghn18-mih71gn18-mih80gn18-midea\/#primaryimage"},"thumbnailUrl":"https:\/\/geoclimate.ge\/wp-content\/uploads\/2025\/10\/WALL-MOUNTED-LEFT_RESULT.webp","datePublished":"2025-10-18T08:34:58+00:00","dateModified":"2025-10-18T08:42:07+00:00","breadcrumb":{"@id":"https:\/\/geoclimate.ge\/az\/product\/vrf-system-indoor-unit-wall-mounted-wall-mounted-v8-series-1-5-8-kw-mihghn18-mih15ghn18-mih22ghn18-mih28ghn18-mih36ghn18-mih45ghn18-mih56ghn18-mih71gn18-mih80gn18-midea\/#breadcrumb"},"inLanguage":"az","potentialAction":[{"@type":"ReadAction","target":["https:\/\/geoclimate.ge\/az\/product\/vrf-system-indoor-unit-wall-mounted-wall-mounted-v8-series-1-5-8-kw-mihghn18-mih15ghn18-mih22ghn18-mih28ghn18-mih36ghn18-mih45ghn18-mih56ghn18-mih71gn18-mih80gn18-midea\/"]}]},{"@type":"ImageObject","inLanguage":"az","@id":"https:\/\/geoclimate.ge\/az\/product\/vrf-system-indoor-unit-wall-mounted-wall-mounted-v8-series-1-5-8-kw-mihghn18-mih15ghn18-mih22ghn18-mih28ghn18-mih36ghn18-mih45ghn18-mih56ghn18-mih71gn18-mih80gn18-midea\/#primaryimage","url":"https:\/\/geoclimate.ge\/wp-content\/uploads\/2025\/10\/WALL-MOUNTED-LEFT_RESULT.webp","contentUrl":"https:\/\/geoclimate.ge\/wp-content\/uploads\/2025\/10\/WALL-MOUNTED-LEFT_RESULT.webp","width":768,"height":512},{"@type":"BreadcrumbList","@id":"https:\/\/geoclimate.ge\/az\/product\/vrf-system-indoor-unit-wall-mounted-wall-mounted-v8-series-1-5-8-kw-mihghn18-mih15ghn18-mih22ghn18-mih28ghn18-mih36ghn18-mih45ghn18-mih56ghn18-mih71gn18-mih80gn18-midea\/#breadcrumb","itemListElement":[{"@type":"ListItem","position":1,"name":"Home","item":"https:\/\/geoclimate.ge\/az\/"},{"@type":"ListItem","position":2,"name":"M\u0259hsullar","item":"https:\/\/geoclimate.ge\/az\/products\/"},{"@type":"ListItem","position":3,"name":"VRF Sistemi Daxili blok Divara qura\u015fd\u0131r\u0131lm\u0131\u015fd\u0131r Divara qura\u015fd\u0131r\u0131lm\u0131\u015f, V8 seriyas\u0131 1,5 &#8211; 8 kVt MIH**GHN18 MIH15GHN18 MIH22GHN18 MIH28GHN18 MIH36GHN18 MIH45GHN18 MIH56GHN18 MIH71GN18 MIH80GN18 MIDEA"}]},{"@type":"WebSite","@id":"https:\/\/geoclimate.ge\/#website","url":"https:\/\/geoclimate.ge\/","name":"GeoClimate","description":"","publisher":{"@id":"https:\/\/geoclimate.ge\/#organization"},"potentialAction":[{"@type":"SearchAction","target":{"@type":"EntryPoint","urlTemplate":"https:\/\/geoclimate.ge\/?s={search_term_string}"},"query-input":{"@type":"PropertyValueSpecification","valueRequired":true,"valueName":"search_term_string"}}],"inLanguage":"az"},{"@type":"Organization","@id":"https:\/\/geoclimate.ge\/#organization","name":"GeoClimate","url":"https:\/\/geoclimate.ge\/","logo":{"@type":"ImageObject","inLanguage":"az","@id":"https:\/\/geoclimate.ge\/#\/schema\/logo\/image\/","url":"https:\/\/geoclimate.ge\/wp-content\/uploads\/2026\/03\/geoclimate-SEO.png","contentUrl":"https:\/\/geoclimate.ge\/wp-content\/uploads\/2026\/03\/geoclimate-SEO.png","width":1536,"height":1024,"caption":"GeoClimate"},"image":{"@id":"https:\/\/geoclimate.ge\/#\/schema\/logo\/image\/"}}]}},"_links":{"self":[{"href":"https:\/\/geoclimate.ge\/az\/wp-json\/wp\/v2\/product\/42980","targetHints":{"allow":["GET"]}}],"collection":[{"href":"https:\/\/geoclimate.ge\/az\/wp-json\/wp\/v2\/product"}],"about":[{"href":"https:\/\/geoclimate.ge\/az\/wp-json\/wp\/v2\/types\/product"}],"wp:featuredmedia":[{"embeddable":true,"href":"https:\/\/geoclimate.ge\/az\/wp-json\/wp\/v2\/media\/42969"}],"wp:attachment":[{"href":"https:\/\/geoclimate.ge\/az\/wp-json\/wp\/v2\/media?parent=42980"}],"wp:term":[{"taxonomy":"product_brand","embeddable":true,"href":"https:\/\/geoclimate.ge\/az\/wp-json\/wp\/v2\/product_brand?post=42980"},{"taxonomy":"product_cat","embeddable":true,"href":"https:\/\/geoclimate.ge\/az\/wp-json\/wp\/v2\/product_cat?post=42980"},{"taxonomy":"product_tag","embeddable":true,"href":"https:\/\/geoclimate.ge\/az\/wp-json\/wp\/v2\/product_tag?post=42980"}],"curies":[{"name":"wp","href":"https:\/\/api.w.org\/{rel}","templated":true}]}}